{"id":67002,"date":"2026-05-12T11:05:50","date_gmt":"2026-05-12T08:05:50","guid":{"rendered":"https:\/\/vmsport.fi\/verkkokauppa\/Ei-luokiteltu\/hepha-trekking-7-ultra-low-step-warm-grey\/"},"modified":"2026-05-12T16:34:29","modified_gmt":"2026-05-12T13:34:29","slug":"hepha-trekking-7-ultra-low-step-warm-grey","status":"publish","type":"product","link":"https:\/\/vmsport.fi\/sv\/verkkokauppa\/polkupyorat\/sahkopyorat\/sahkokaupunkipyorat\/hepha-trekking-7-ultra-low-step-warm-grey\/","title":{"rendered":"Hepha Trekking 7 Ultra Low Step &#8211; Warm Grey"},"content":{"rendered":"<p>T\u00e4m\u00e4 Hepha Trekking 7 Ultra Low Step -malli tarjoaa tasapainoisesti tehokkuutta ja ajomukavuutta retkeilyyn. Tehokas HEPHA P101C moottori ja suuri 800 Wh akku varmistavat pitk\u00e4t ajomatkat ilman lataustaukoja. Alumiinirunko on yrityksen omaa premium-luokkaa, jossa hitsaussaumat on viimeistelty. 80 mm SR Suntour joustohaarukka sek\u00e4 Shimano CUES U6000 10-vaihteisto tekev\u00e4t vaihteiden k\u00e4yt\u00f6st\u00e4 kest\u00e4v\u00e4\u00e4 ja sujuvaa. Ergonomian s\u00e4\u00e4t\u00f6mahdollisuus mobiilisovelluksen kautta on merkitt\u00e4v\u00e4 lis\u00e4ominaisuus, joka lis\u00e4\u00e4 ajoasennon mukautuvuutta. Py\u00f6r\u00e4 on varustettu my\u00f6s luotettavilla Shimano Deore MT410 hydraulisilla levyjarruilla, jotka tarjoavat turvallisen jarrutustehon.<\/p>","protected":false},"excerpt":{"rendered":"<p>Tehokas 100 Nm moottori ja suuri 800 Wh akku tarjoavat pitk\u00e4n toimintamatkan. ErgoAdjust-ominaisuus s\u00e4\u00e4t\u00e4\u00e4 ergonomian helposti mobiilisovelluksella. [&#8230;]<\/p>\n<p><a class=\"btn btn-secondary understrap-read-more-link\" href=\"https:\/\/vmsport.fi\/sv\/verkkokauppa\/polkupyorat\/sahkopyorat\/sahkokaupunkipyorat\/hepha-trekking-7-ultra-low-step-warm-grey\/\">L\u00e4s mer \u2026<span class=\"screen-reader-text\"> from Hepha Trekking 7 Ultra Low Step &#8211; Warm Grey<\/span><\/a><\/p>\n","protected":false},"featured_media":66979,"comment_status":"open","ping_status":"closed","template":"","meta":{"_acf_changed":false,"_improvement_type_select":"improve_an_existing","_thumb_yes_seoaic":false,"_frame_yes_seoaic":false,"seoaic_generate_description":"","seoaic_improve_instructions_prompt":"","seoaic_rollback_content_improvement":"","seoaic_idea_thumbnail_generator":"","thumbnail_generated":false,"thumbnail_generate_prompt":"","seoaic_article_description":"","_supplier_stock_quantity":0},"product_brand":[9890],"product_model":[],"product_cat":[9396],"product_tag":[],"industry-terminology":[],"class_list":{"0":"post-67002","1":"product","2":"type-product","3":"status-publish","4":"has-post-thumbnail","6":"product_brand-hepha","7":"product_cat-sahkokaupunkipyorat","9":"first","10":"outofstock","11":"taxable","12":"shipping-taxable","13":"product-type-variable"},"acf":{"bike_features":null,"overview":{"copy_overview":null,"key_features":null,"statement":"","youtube_url":""}},"yoast_head":"<!-- This site is optimized with the Yoast SEO plugin v27.5 - https:\/\/yoast.com\/product\/yoast-seo-wordpress\/ -->\n<title>Hepha Trekking 7 Ultra Low Step - Warm Grey - VM Sport<\/title>\n<meta name=\"robots\" content=\"index, follow, max-snippet:-1, max-image-preview:large, max-video-preview:-1\" \/>\n<link rel=\"canonical\" href=\"https:\/\/vmsport.fi\/sv\/webbutik\/cyklar\/sahkopyorat\/sagtand-pyorat\/hepha-trekking-7-ultra-low-step-warm-grey\/\" \/>\n<meta property=\"og:locale\" content=\"sv_SE\" \/>\n<meta property=\"og:type\" content=\"article\" \/>\n<meta property=\"og:title\" content=\"Hepha Trekking 7 Ultra Low Step - Warm Grey - VM Sport\" \/>\n<meta property=\"og:description\" content=\"Tehokas 100 Nm moottori ja suuri 800 Wh akku tarjoavat pitk\u00e4n toimintamatkan. ErgoAdjust-ominaisuus s\u00e4\u00e4t\u00e4\u00e4 ergonomian helposti mobiilisovelluksella. [...]L\u00e4s mer \u2026 from Hepha Trekking 7 Ultra Low Step &#8211; Warm Grey\" \/>\n<meta property=\"og:url\" content=\"https:\/\/vmsport.fi\/sv\/webbutik\/cyklar\/sahkopyorat\/sagtand-pyorat\/hepha-trekking-7-ultra-low-step-warm-grey\/\" \/>\n<meta property=\"og:site_name\" content=\"VM Sport\" \/>\n<meta property=\"article:publisher\" content=\"https:\/\/www.facebook.com\/Vmsport.fi\/\" \/>\n<meta property=\"article:modified_time\" content=\"2026-05-12T13:34:29+00:00\" \/>\n<meta property=\"og:image\" content=\"https:\/\/vmsport.fi\/wp-content\/uploads\/2026\/05\/Xw2gnhCep72FvsiNc4QDnuGHKWIR4gisOPg4TuUnCRem4OQskq.jpg\" \/>\n\t<meta property=\"og:image:width\" content=\"1000\" \/>\n\t<meta property=\"og:image:height\" content=\"666\" \/>\n\t<meta property=\"og:image:type\" content=\"image\/jpeg\" \/>\n<meta name=\"twitter:card\" content=\"summary_large_image\" \/>\n<meta name=\"twitter:label1\" content=\"Ber\u00e4knad l\u00e4stid\" \/>\n\t<meta name=\"twitter:data1\" content=\"1 minut\" \/>\n<script type=\"application\/ld+json\" class=\"yoast-schema-graph\">{\"@context\":\"https:\\\/\\\/schema.org\",\"@graph\":[{\"@type\":[\"WebPage\",\"ItemPage\"],\"@id\":\"https:\\\/\\\/vmsport.fi\\\/verkkokauppa\\\/polkupyorat\\\/sahkopyorat\\\/sahkokaupunkipyorat\\\/hepha-trekking-7-ultra-low-step-warm-grey\\\/\",\"url\":\"https:\\\/\\\/vmsport.fi\\\/verkkokauppa\\\/polkupyorat\\\/sahkopyorat\\\/sahkokaupunkipyorat\\\/hepha-trekking-7-ultra-low-step-warm-grey\\\/\",\"name\":\"Hepha Trekking 7 Ultra Low Step - Warm Grey - VM Sport\",\"isPartOf\":{\"@id\":\"https:\\\/\\\/vmsport.fi\\\/#website\"},\"primaryImageOfPage\":{\"@id\":\"https:\\\/\\\/vmsport.fi\\\/verkkokauppa\\\/polkupyorat\\\/sahkopyorat\\\/sahkokaupunkipyorat\\\/hepha-trekking-7-ultra-low-step-warm-grey\\\/#primaryimage\"},\"image\":{\"@id\":\"https:\\\/\\\/vmsport.fi\\\/verkkokauppa\\\/polkupyorat\\\/sahkopyorat\\\/sahkokaupunkipyorat\\\/hepha-trekking-7-ultra-low-step-warm-grey\\\/#primaryimage\"},\"thumbnailUrl\":\"https:\\\/\\\/vmsport.fi\\\/wp-content\\\/uploads\\\/2026\\\/05\\\/Xw2gnhCep72FvsiNc4QDnuGHKWIR4gisOPg4TuUnCRem4OQskq.jpg\",\"datePublished\":\"2026-05-12T08:05:50+00:00\",\"dateModified\":\"2026-05-12T13:34:29+00:00\",\"breadcrumb\":{\"@id\":\"https:\\\/\\\/vmsport.fi\\\/verkkokauppa\\\/polkupyorat\\\/sahkopyorat\\\/sahkokaupunkipyorat\\\/hepha-trekking-7-ultra-low-step-warm-grey\\\/#breadcrumb\"},\"inLanguage\":\"sv-SE\",\"potentialAction\":[{\"@type\":\"ReadAction\",\"target\":[\"https:\\\/\\\/vmsport.fi\\\/verkkokauppa\\\/polkupyorat\\\/sahkopyorat\\\/sahkokaupunkipyorat\\\/hepha-trekking-7-ultra-low-step-warm-grey\\\/\"]}]},{\"@type\":\"ImageObject\",\"inLanguage\":\"sv-SE\",\"@id\":\"https:\\\/\\\/vmsport.fi\\\/verkkokauppa\\\/polkupyorat\\\/sahkopyorat\\\/sahkokaupunkipyorat\\\/hepha-trekking-7-ultra-low-step-warm-grey\\\/#primaryimage\",\"url\":\"https:\\\/\\\/vmsport.fi\\\/wp-content\\\/uploads\\\/2026\\\/05\\\/Xw2gnhCep72FvsiNc4QDnuGHKWIR4gisOPg4TuUnCRem4OQskq.jpg\",\"contentUrl\":\"https:\\\/\\\/vmsport.fi\\\/wp-content\\\/uploads\\\/2026\\\/05\\\/Xw2gnhCep72FvsiNc4QDnuGHKWIR4gisOPg4TuUnCRem4OQskq.jpg\",\"width\":1000,\"height\":666,\"caption\":\"Xw2gnhCep72FvsiNc4QDnuGHKWIR4gisOPg4TuUnCRem4OQskq\"},{\"@type\":\"BreadcrumbList\",\"@id\":\"https:\\\/\\\/vmsport.fi\\\/verkkokauppa\\\/polkupyorat\\\/sahkopyorat\\\/sahkokaupunkipyorat\\\/hepha-trekking-7-ultra-low-step-warm-grey\\\/#breadcrumb\",\"itemListElement\":[{\"@type\":\"ListItem\",\"position\":1,\"name\":\"Etusivu\",\"item\":\"https:\\\/\\\/vmsport.fi\\\/\"},{\"@type\":\"ListItem\",\"position\":2,\"name\":\"Online Store\",\"item\":\"https:\\\/\\\/vmsport.fi\\\/en\\\/online-store\\\/\"},{\"@type\":\"ListItem\",\"position\":3,\"name\":\"HEPHA polkupy\u00f6r\u00e4t\",\"item\":\"https:\\\/\\\/vmsport.fi\\\/merkki\\\/hepha\\\/\"},{\"@type\":\"ListItem\",\"position\":4,\"name\":\"Hepha Trekking 7 Ultra Low Step &#8211; Warm Grey\"}]},{\"@type\":\"WebSite\",\"@id\":\"https:\\\/\\\/vmsport.fi\\\/#website\",\"url\":\"https:\\\/\\\/vmsport.fi\\\/\",\"name\":\"Vmsport\",\"description\":\"Kaikki py\u00f6r\u00e4ilyyn yhdest\u00e4 paikasta\",\"publisher\":{\"@id\":\"https:\\\/\\\/vmsport.fi\\\/#organization\"},\"potentialAction\":[{\"@type\":\"SearchAction\",\"target\":{\"@type\":\"EntryPoint\",\"urlTemplate\":\"https:\\\/\\\/vmsport.fi\\\/?s={search_term_string}\"},\"query-input\":{\"@type\":\"PropertyValueSpecification\",\"valueRequired\":true,\"valueName\":\"search_term_string\"}}],\"inLanguage\":\"sv-SE\"},{\"@type\":\"Organization\",\"@id\":\"https:\\\/\\\/vmsport.fi\\\/#organization\",\"name\":\"Vmsport\",\"url\":\"https:\\\/\\\/vmsport.fi\\\/\",\"logo\":{\"@type\":\"ImageObject\",\"inLanguage\":\"sv-SE\",\"@id\":\"https:\\\/\\\/vmsport.fi\\\/#\\\/schema\\\/logo\\\/image\\\/\",\"url\":\"https:\\\/\\\/vmsport.fi\\\/wp-content\\\/uploads\\\/2024\\\/12\\\/vm_sport_RGB_horisontal-e1734526017575.png\",\"contentUrl\":\"https:\\\/\\\/vmsport.fi\\\/wp-content\\\/uploads\\\/2024\\\/12\\\/vm_sport_RGB_horisontal-e1734526017575.png\",\"width\":668,\"height\":85,\"caption\":\"Vmsport\"},\"image\":{\"@id\":\"https:\\\/\\\/vmsport.fi\\\/#\\\/schema\\\/logo\\\/image\\\/\"},\"sameAs\":[\"https:\\\/\\\/www.facebook.com\\\/Vmsport.fi\\\/\",\"https:\\\/\\\/www.instagram.com\\\/vmsport\\\/\"]}]}<\/script>\n<!-- \/ Yoast SEO plugin. -->","yoast_head_json":{"title":"Hepha Trekking 7 Ultra Low Step - Warm Grey - VM Sport","robots":{"index":"index","follow":"follow","max-snippet":"max-snippet:-1","max-image-preview":"max-image-preview:large","max-video-preview":"max-video-preview:-1"},"canonical":"https:\/\/vmsport.fi\/sv\/webbutik\/cyklar\/sahkopyorat\/sagtand-pyorat\/hepha-trekking-7-ultra-low-step-warm-grey\/","og_locale":"sv_SE","og_type":"article","og_title":"Hepha Trekking 7 Ultra Low Step - Warm Grey - VM Sport","og_description":"Tehokas 100 Nm moottori ja suuri 800 Wh akku tarjoavat pitk\u00e4n toimintamatkan. ErgoAdjust-ominaisuus s\u00e4\u00e4t\u00e4\u00e4 ergonomian helposti mobiilisovelluksella. [...]L\u00e4s mer \u2026 from Hepha Trekking 7 Ultra Low Step &#8211; Warm Grey","og_url":"https:\/\/vmsport.fi\/sv\/webbutik\/cyklar\/sahkopyorat\/sagtand-pyorat\/hepha-trekking-7-ultra-low-step-warm-grey\/","og_site_name":"VM Sport","article_publisher":"https:\/\/www.facebook.com\/Vmsport.fi\/","article_modified_time":"2026-05-12T13:34:29+00:00","og_image":[{"width":1000,"height":666,"url":"https:\/\/vmsport.fi\/wp-content\/uploads\/2026\/05\/Xw2gnhCep72FvsiNc4QDnuGHKWIR4gisOPg4TuUnCRem4OQskq.jpg","type":"image\/jpeg"}],"twitter_card":"summary_large_image","twitter_misc":{"Ber\u00e4knad l\u00e4stid":"1 minut"},"schema":{"@context":"https:\/\/schema.org","@graph":[{"@type":["WebPage","ItemPage"],"@id":"https:\/\/vmsport.fi\/verkkokauppa\/polkupyorat\/sahkopyorat\/sahkokaupunkipyorat\/hepha-trekking-7-ultra-low-step-warm-grey\/","url":"https:\/\/vmsport.fi\/verkkokauppa\/polkupyorat\/sahkopyorat\/sahkokaupunkipyorat\/hepha-trekking-7-ultra-low-step-warm-grey\/","name":"Hepha Trekking 7 Ultra Low Step - Warm Grey - VM Sport","isPartOf":{"@id":"https:\/\/vmsport.fi\/#website"},"primaryImageOfPage":{"@id":"https:\/\/vmsport.fi\/verkkokauppa\/polkupyorat\/sahkopyorat\/sahkokaupunkipyorat\/hepha-trekking-7-ultra-low-step-warm-grey\/#primaryimage"},"image":{"@id":"https:\/\/vmsport.fi\/verkkokauppa\/polkupyorat\/sahkopyorat\/sahkokaupunkipyorat\/hepha-trekking-7-ultra-low-step-warm-grey\/#primaryimage"},"thumbnailUrl":"https:\/\/vmsport.fi\/wp-content\/uploads\/2026\/05\/Xw2gnhCep72FvsiNc4QDnuGHKWIR4gisOPg4TuUnCRem4OQskq.jpg","datePublished":"2026-05-12T08:05:50+00:00","dateModified":"2026-05-12T13:34:29+00:00","breadcrumb":{"@id":"https:\/\/vmsport.fi\/verkkokauppa\/polkupyorat\/sahkopyorat\/sahkokaupunkipyorat\/hepha-trekking-7-ultra-low-step-warm-grey\/#breadcrumb"},"inLanguage":"sv-SE","potentialAction":[{"@type":"ReadAction","target":["https:\/\/vmsport.fi\/verkkokauppa\/polkupyorat\/sahkopyorat\/sahkokaupunkipyorat\/hepha-trekking-7-ultra-low-step-warm-grey\/"]}]},{"@type":"ImageObject","inLanguage":"sv-SE","@id":"https:\/\/vmsport.fi\/verkkokauppa\/polkupyorat\/sahkopyorat\/sahkokaupunkipyorat\/hepha-trekking-7-ultra-low-step-warm-grey\/#primaryimage","url":"https:\/\/vmsport.fi\/wp-content\/uploads\/2026\/05\/Xw2gnhCep72FvsiNc4QDnuGHKWIR4gisOPg4TuUnCRem4OQskq.jpg","contentUrl":"https:\/\/vmsport.fi\/wp-content\/uploads\/2026\/05\/Xw2gnhCep72FvsiNc4QDnuGHKWIR4gisOPg4TuUnCRem4OQskq.jpg","width":1000,"height":666,"caption":"Xw2gnhCep72FvsiNc4QDnuGHKWIR4gisOPg4TuUnCRem4OQskq"},{"@type":"BreadcrumbList","@id":"https:\/\/vmsport.fi\/verkkokauppa\/polkupyorat\/sahkopyorat\/sahkokaupunkipyorat\/hepha-trekking-7-ultra-low-step-warm-grey\/#breadcrumb","itemListElement":[{"@type":"ListItem","position":1,"name":"Etusivu","item":"https:\/\/vmsport.fi\/"},{"@type":"ListItem","position":2,"name":"Online Store","item":"https:\/\/vmsport.fi\/en\/online-store\/"},{"@type":"ListItem","position":3,"name":"HEPHA polkupy\u00f6r\u00e4t","item":"https:\/\/vmsport.fi\/merkki\/hepha\/"},{"@type":"ListItem","position":4,"name":"Hepha Trekking 7 Ultra Low Step &#8211; Warm Grey"}]},{"@type":"WebSite","@id":"https:\/\/vmsport.fi\/#website","url":"https:\/\/vmsport.fi\/","name":"Vmsport","description":"Allt p\u00e5 ett st\u00e4lle f\u00f6r cykling","publisher":{"@id":"https:\/\/vmsport.fi\/#organization"},"potentialAction":[{"@type":"SearchAction","target":{"@type":"EntryPoint","urlTemplate":"https:\/\/vmsport.fi\/?s={search_term_string}"},"query-input":{"@type":"PropertyValueSpecification","valueRequired":true,"valueName":"search_term_string"}}],"inLanguage":"sv-SE"},{"@type":"Organization","@id":"https:\/\/vmsport.fi\/#organization","name":"Vmsport","url":"https:\/\/vmsport.fi\/","logo":{"@type":"ImageObject","inLanguage":"sv-SE","@id":"https:\/\/vmsport.fi\/#\/schema\/logo\/image\/","url":"https:\/\/vmsport.fi\/wp-content\/uploads\/2024\/12\/vm_sport_RGB_horisontal-e1734526017575.png","contentUrl":"https:\/\/vmsport.fi\/wp-content\/uploads\/2024\/12\/vm_sport_RGB_horisontal-e1734526017575.png","width":668,"height":85,"caption":"Vmsport"},"image":{"@id":"https:\/\/vmsport.fi\/#\/schema\/logo\/image\/"},"sameAs":["https:\/\/www.facebook.com\/Vmsport.fi\/","https:\/\/www.instagram.com\/vmsport\/"]}]}},"global_unique_id":"","_links":{"self":[{"href":"https:\/\/vmsport.fi\/sv\/wp-json\/wp\/v2\/product\/67002","targetHints":{"allow":["GET"]}}],"collection":[{"href":"https:\/\/vmsport.fi\/sv\/wp-json\/wp\/v2\/product"}],"about":[{"href":"https:\/\/vmsport.fi\/sv\/wp-json\/wp\/v2\/types\/product"}],"replies":[{"embeddable":true,"href":"https:\/\/vmsport.fi\/sv\/wp-json\/wp\/v2\/comments?post=67002"}],"wp:featuredmedia":[{"embeddable":true,"href":"https:\/\/vmsport.fi\/sv\/wp-json\/wp\/v2\/media\/66979"}],"wp:attachment":[{"href":"https:\/\/vmsport.fi\/sv\/wp-json\/wp\/v2\/media?parent=67002"}],"wp:term":[{"taxonomy":"product_brand","embeddable":true,"href":"https:\/\/vmsport.fi\/sv\/wp-json\/wp\/v2\/product_brand?post=67002"},{"taxonomy":"product_model","embeddable":true,"href":"https:\/\/vmsport.fi\/sv\/wp-json\/wp\/v2\/product_model?post=67002"},{"taxonomy":"product_cat","embeddable":true,"href":"https:\/\/vmsport.fi\/sv\/wp-json\/wp\/v2\/product_cat?post=67002"},{"taxonomy":"product_tag","embeddable":true,"href":"https:\/\/vmsport.fi\/sv\/wp-json\/wp\/v2\/product_tag?post=67002"},{"taxonomy":"industry_terminology","embeddable":true,"href":"https:\/\/vmsport.fi\/sv\/wp-json\/wp\/v2\/industry-terminology?post=67002"}],"curies":[{"name":"wp","href":"https:\/\/api.w.org\/{rel}","templated":true}]}}