{"id":65383,"date":"2026-04-17T11:14:24","date_gmt":"2026-04-17T08:14:24","guid":{"rendered":"https:\/\/vmsport.fi\/verkkokauppa\/Ei-luokiteltu\/amflow-px-carbon-700wh\/"},"modified":"2026-04-22T15:29:13","modified_gmt":"2026-04-22T12:29:13","slug":"amflow-px-carbon-700wh","status":"publish","type":"product","link":"https:\/\/vmsport.fi\/sv\/verkkokauppa\/polkupyorat\/sahkopyorat\/sahkomaastopyorat\/taysjousitetut-sahkomaastopyorat\/amflow-px-carbon-700wh\/","title":{"rendered":"Amflow PX Carbon 700wh"},"content":{"rendered":"<p>Amflow PX Carbon on t\u00e4ysitehoinen s\u00e4hk\u00f6maastopy\u00f6r\u00e4, joka painaa vain 20,6 kg. Uusi mullistava Avinox M2S -moottori tuottaa 150 Nm v\u00e4\u00e4nn\u00f6n ja toimii l\u00e4hes \u00e4\u00e4nett\u00f6m\u00e4sti. T\u00e4ysin s\u00e4\u00e4dett\u00e4v\u00e4 geometria \u2014 jopa 40 yhdistelm\u00e4\u00e4 mukautuu ajotapasi mukaan ja jokaiseen maastoon. 700 Wh akku ja pikalaturin tuki takaavat pitk\u00e4n p\u00e4iv\u00e4n poluilla.<\/p>","protected":false},"excerpt":{"rendered":"<p>Amflow PX Carbon on t\u00e4ysitehoinen s\u00e4hk\u00f6maastopy\u00f6r\u00e4, joka painaa vain 20,6 kg. Uusi mullistava Avinox M2S -moottori tuottaa 150 Nm v\u00e4\u00e4nn\u00f6n ja toimii l\u00e4hes \u00e4\u00e4nett\u00f6m\u00e4sti. T\u00e4ysin s\u00e4\u00e4dett\u00e4v\u00e4 geometria \u2014 jopa 40 yhdistelm\u00e4\u00e4 mukautuu ajotapasi mukaan ja jokaiseen maastoon. 700 Wh akku ja pikalaturin tuki takaavat pitk\u00e4n p\u00e4iv\u00e4n poluilla. [&#8230;]<\/p>\n<p><a class=\"btn btn-secondary understrap-read-more-link\" href=\"https:\/\/vmsport.fi\/sv\/verkkokauppa\/polkupyorat\/sahkopyorat\/sahkomaastopyorat\/taysjousitetut-sahkomaastopyorat\/amflow-px-carbon-700wh\/\">L\u00e4s mer \u2026<span class=\"screen-reader-text\"> from Amflow PX Carbon 700wh<\/span><\/a><\/p>\n","protected":false},"featured_media":65382,"comment_status":"open","ping_status":"closed","template":"","meta":{"_acf_changed":false,"_improvement_type_select":"improve_an_existing","_thumb_yes_seoaic":false,"_frame_yes_seoaic":false,"seoaic_generate_description":"","seoaic_improve_instructions_prompt":"","seoaic_rollback_content_improvement":"","seoaic_idea_thumbnail_generator":"","thumbnail_generated":false,"thumbnail_generate_prompt":"","seoaic_article_description":"","_supplier_stock_quantity":0},"product_brand":[10121],"product_model":[],"product_cat":[9406],"product_tag":[10123,10124,10122],"industry-terminology":[],"class_list":{"0":"post-65383","1":"product","2":"type-product","3":"status-publish","4":"has-post-thumbnail","6":"product_brand-amflow","7":"product_cat-taysjousitetut-sahkomaastopyorat","8":"product_tag-amflow-px","9":"product_tag-amflow-hinta","10":"product_tag-amflow","12":"first","13":"outofstock","14":"taxable","15":"shipping-taxable","16":"product-type-variable"},"acf":{"bike_features":[{"image":"","header":"","description":""}],"overview":{"copy_overview":null,"key_features":null,"statement":"","youtube_url":""}},"yoast_head":"<!-- This site is optimized with the Yoast SEO plugin v27.4 - https:\/\/yoast.com\/product\/yoast-seo-wordpress\/ -->\n<title>Amflow PX Carbon 700wh - VM Sport<\/title>\n<meta name=\"description\" content=\"Amflow PX Carbon saapuu Suomeen \u2013 150 N\u00b7m Avinox M2S -moottori, 700 Wh akku ja t\u00e4ysin s\u00e4\u00e4dett\u00e4v\u00e4 geometria alle 21 kg paketissa. Alan paras eMTB 2026.\" \/>\n<meta name=\"robots\" content=\"index, follow, max-snippet:-1, max-image-preview:large, max-video-preview:-1\" \/>\n<link rel=\"canonical\" href=\"https:\/\/vmsport.fi\/sv\/webbutik\/cyklar\/sahkopyorat\/sagverksskorsten\/sagverksborrmaskiner-med-vagfjadrar\/amflow-px-carbon-700wh\/\" \/>\n<meta property=\"og:locale\" content=\"sv_SE\" \/>\n<meta property=\"og:type\" content=\"article\" \/>\n<meta property=\"og:title\" content=\"Amflow PX Carbon 700wh - VM Sport\" \/>\n<meta property=\"og:description\" content=\"Amflow PX Carbon saapuu Suomeen \u2013 150 N\u00b7m Avinox M2S -moottori, 700 Wh akku ja t\u00e4ysin s\u00e4\u00e4dett\u00e4v\u00e4 geometria alle 21 kg paketissa. Alan paras eMTB 2026.\" \/>\n<meta property=\"og:url\" content=\"https:\/\/vmsport.fi\/sv\/webbutik\/cyklar\/sahkopyorat\/sagverksskorsten\/sagverksborrmaskiner-med-vagfjadrar\/amflow-px-carbon-700wh\/\" \/>\n<meta property=\"og:site_name\" content=\"VM Sport\" \/>\n<meta property=\"article:publisher\" content=\"https:\/\/www.facebook.com\/Vmsport.fi\/\" \/>\n<meta property=\"article:modified_time\" content=\"2026-04-22T12:29:13+00:00\" \/>\n<meta property=\"og:image\" content=\"https:\/\/vmsport.fi\/wp-content\/uploads\/2026\/04\/Amflow-Px-Carbon-saehkoetaeysjousto.jpg\" \/>\n\t<meta property=\"og:image:width\" content=\"1000\" \/>\n\t<meta property=\"og:image:height\" content=\"1000\" \/>\n\t<meta property=\"og:image:type\" content=\"image\/jpeg\" \/>\n<meta name=\"twitter:card\" content=\"summary_large_image\" \/>\n<meta name=\"twitter:label1\" content=\"Ber\u00e4knad l\u00e4stid\" \/>\n\t<meta name=\"twitter:data1\" content=\"1 minut\" \/>\n<script type=\"application\/ld+json\" class=\"yoast-schema-graph\">{\"@context\":\"https:\\\/\\\/schema.org\",\"@graph\":[{\"@type\":[\"WebPage\",\"ItemPage\"],\"@id\":\"https:\\\/\\\/vmsport.fi\\\/verkkokauppa\\\/polkupyorat\\\/sahkopyorat\\\/sahkomaastopyorat\\\/taysjousitetut-sahkomaastopyorat\\\/amflow-px-carbon-700wh\\\/\",\"url\":\"https:\\\/\\\/vmsport.fi\\\/verkkokauppa\\\/polkupyorat\\\/sahkopyorat\\\/sahkomaastopyorat\\\/taysjousitetut-sahkomaastopyorat\\\/amflow-px-carbon-700wh\\\/\",\"name\":\"Amflow PX Carbon 700wh - VM Sport\",\"isPartOf\":{\"@id\":\"https:\\\/\\\/vmsport.fi\\\/#website\"},\"primaryImageOfPage\":{\"@id\":\"https:\\\/\\\/vmsport.fi\\\/verkkokauppa\\\/polkupyorat\\\/sahkopyorat\\\/sahkomaastopyorat\\\/taysjousitetut-sahkomaastopyorat\\\/amflow-px-carbon-700wh\\\/#primaryimage\"},\"image\":{\"@id\":\"https:\\\/\\\/vmsport.fi\\\/verkkokauppa\\\/polkupyorat\\\/sahkopyorat\\\/sahkomaastopyorat\\\/taysjousitetut-sahkomaastopyorat\\\/amflow-px-carbon-700wh\\\/#primaryimage\"},\"thumbnailUrl\":\"https:\\\/\\\/vmsport.fi\\\/wp-content\\\/uploads\\\/2026\\\/04\\\/Amflow-Px-Carbon-saehkoetaeysjousto.jpg\",\"datePublished\":\"2026-04-17T08:14:24+00:00\",\"dateModified\":\"2026-04-22T12:29:13+00:00\",\"description\":\"Amflow PX Carbon saapuu Suomeen \u2013 150 N\u00b7m Avinox M2S -moottori, 700 Wh akku ja t\u00e4ysin s\u00e4\u00e4dett\u00e4v\u00e4 geometria alle 21 kg paketissa. Alan paras eMTB 2026.\",\"breadcrumb\":{\"@id\":\"https:\\\/\\\/vmsport.fi\\\/verkkokauppa\\\/polkupyorat\\\/sahkopyorat\\\/sahkomaastopyorat\\\/taysjousitetut-sahkomaastopyorat\\\/amflow-px-carbon-700wh\\\/#breadcrumb\"},\"inLanguage\":\"sv-SE\",\"potentialAction\":[{\"@type\":\"ReadAction\",\"target\":[\"https:\\\/\\\/vmsport.fi\\\/verkkokauppa\\\/polkupyorat\\\/sahkopyorat\\\/sahkomaastopyorat\\\/taysjousitetut-sahkomaastopyorat\\\/amflow-px-carbon-700wh\\\/\"]}]},{\"@type\":\"ImageObject\",\"inLanguage\":\"sv-SE\",\"@id\":\"https:\\\/\\\/vmsport.fi\\\/verkkokauppa\\\/polkupyorat\\\/sahkopyorat\\\/sahkomaastopyorat\\\/taysjousitetut-sahkomaastopyorat\\\/amflow-px-carbon-700wh\\\/#primaryimage\",\"url\":\"https:\\\/\\\/vmsport.fi\\\/wp-content\\\/uploads\\\/2026\\\/04\\\/Amflow-Px-Carbon-saehkoetaeysjousto.jpg\",\"contentUrl\":\"https:\\\/\\\/vmsport.fi\\\/wp-content\\\/uploads\\\/2026\\\/04\\\/Amflow-Px-Carbon-saehkoetaeysjousto.jpg\",\"width\":1000,\"height\":1000,\"caption\":\"Amflow-Px-Carbon-saehkoetaeysjousto\"},{\"@type\":\"BreadcrumbList\",\"@id\":\"https:\\\/\\\/vmsport.fi\\\/verkkokauppa\\\/polkupyorat\\\/sahkopyorat\\\/sahkomaastopyorat\\\/taysjousitetut-sahkomaastopyorat\\\/amflow-px-carbon-700wh\\\/#breadcrumb\",\"itemListElement\":[{\"@type\":\"ListItem\",\"position\":1,\"name\":\"Etusivu\",\"item\":\"https:\\\/\\\/vmsport.fi\\\/\"},{\"@type\":\"ListItem\",\"position\":2,\"name\":\"Online Store\",\"item\":\"https:\\\/\\\/vmsport.fi\\\/en\\\/online-store\\\/\"},{\"@type\":\"ListItem\",\"position\":3,\"name\":\"Amflow\",\"item\":\"https:\\\/\\\/vmsport.fi\\\/merkki\\\/amflow\\\/\"},{\"@type\":\"ListItem\",\"position\":4,\"name\":\"Amflow PX Carbon 700wh\"}]},{\"@type\":\"WebSite\",\"@id\":\"https:\\\/\\\/vmsport.fi\\\/#website\",\"url\":\"https:\\\/\\\/vmsport.fi\\\/\",\"name\":\"Vmsport\",\"description\":\"Kaikki py\u00f6r\u00e4ilyyn yhdest\u00e4 paikasta\",\"publisher\":{\"@id\":\"https:\\\/\\\/vmsport.fi\\\/#organization\"},\"potentialAction\":[{\"@type\":\"SearchAction\",\"target\":{\"@type\":\"EntryPoint\",\"urlTemplate\":\"https:\\\/\\\/vmsport.fi\\\/?s={search_term_string}\"},\"query-input\":{\"@type\":\"PropertyValueSpecification\",\"valueRequired\":true,\"valueName\":\"search_term_string\"}}],\"inLanguage\":\"sv-SE\"},{\"@type\":\"Organization\",\"@id\":\"https:\\\/\\\/vmsport.fi\\\/#organization\",\"name\":\"Vmsport\",\"url\":\"https:\\\/\\\/vmsport.fi\\\/\",\"logo\":{\"@type\":\"ImageObject\",\"inLanguage\":\"sv-SE\",\"@id\":\"https:\\\/\\\/vmsport.fi\\\/#\\\/schema\\\/logo\\\/image\\\/\",\"url\":\"https:\\\/\\\/vmsport.fi\\\/wp-content\\\/uploads\\\/2024\\\/12\\\/vm_sport_RGB_horisontal-e1734526017575.png\",\"contentUrl\":\"https:\\\/\\\/vmsport.fi\\\/wp-content\\\/uploads\\\/2024\\\/12\\\/vm_sport_RGB_horisontal-e1734526017575.png\",\"width\":668,\"height\":85,\"caption\":\"Vmsport\"},\"image\":{\"@id\":\"https:\\\/\\\/vmsport.fi\\\/#\\\/schema\\\/logo\\\/image\\\/\"},\"sameAs\":[\"https:\\\/\\\/www.facebook.com\\\/Vmsport.fi\\\/\",\"https:\\\/\\\/www.instagram.com\\\/vmsport\\\/\"]}]}<\/script>\n<!-- \/ Yoast SEO plugin. -->","yoast_head_json":{"title":"Amflow PX Carbon 700wh - VM Sport","description":"Amflow PX Carbon saapuu Suomeen \u2013 150 N\u00b7m Avinox M2S -moottori, 700 Wh akku ja t\u00e4ysin s\u00e4\u00e4dett\u00e4v\u00e4 geometria alle 21 kg paketissa. Alan paras eMTB 2026.","robots":{"index":"index","follow":"follow","max-snippet":"max-snippet:-1","max-image-preview":"max-image-preview:large","max-video-preview":"max-video-preview:-1"},"canonical":"https:\/\/vmsport.fi\/sv\/webbutik\/cyklar\/sahkopyorat\/sagverksskorsten\/sagverksborrmaskiner-med-vagfjadrar\/amflow-px-carbon-700wh\/","og_locale":"sv_SE","og_type":"article","og_title":"Amflow PX Carbon 700wh - VM Sport","og_description":"Amflow PX Carbon saapuu Suomeen \u2013 150 N\u00b7m Avinox M2S -moottori, 700 Wh akku ja t\u00e4ysin s\u00e4\u00e4dett\u00e4v\u00e4 geometria alle 21 kg paketissa. Alan paras eMTB 2026.","og_url":"https:\/\/vmsport.fi\/sv\/webbutik\/cyklar\/sahkopyorat\/sagverksskorsten\/sagverksborrmaskiner-med-vagfjadrar\/amflow-px-carbon-700wh\/","og_site_name":"VM Sport","article_publisher":"https:\/\/www.facebook.com\/Vmsport.fi\/","article_modified_time":"2026-04-22T12:29:13+00:00","og_image":[{"width":1000,"height":1000,"url":"https:\/\/vmsport.fi\/wp-content\/uploads\/2026\/04\/Amflow-Px-Carbon-saehkoetaeysjousto.jpg","type":"image\/jpeg"}],"twitter_card":"summary_large_image","twitter_misc":{"Ber\u00e4knad l\u00e4stid":"1 minut"},"schema":{"@context":"https:\/\/schema.org","@graph":[{"@type":["WebPage","ItemPage"],"@id":"https:\/\/vmsport.fi\/verkkokauppa\/polkupyorat\/sahkopyorat\/sahkomaastopyorat\/taysjousitetut-sahkomaastopyorat\/amflow-px-carbon-700wh\/","url":"https:\/\/vmsport.fi\/verkkokauppa\/polkupyorat\/sahkopyorat\/sahkomaastopyorat\/taysjousitetut-sahkomaastopyorat\/amflow-px-carbon-700wh\/","name":"Amflow PX Carbon 700wh - VM Sport","isPartOf":{"@id":"https:\/\/vmsport.fi\/#website"},"primaryImageOfPage":{"@id":"https:\/\/vmsport.fi\/verkkokauppa\/polkupyorat\/sahkopyorat\/sahkomaastopyorat\/taysjousitetut-sahkomaastopyorat\/amflow-px-carbon-700wh\/#primaryimage"},"image":{"@id":"https:\/\/vmsport.fi\/verkkokauppa\/polkupyorat\/sahkopyorat\/sahkomaastopyorat\/taysjousitetut-sahkomaastopyorat\/amflow-px-carbon-700wh\/#primaryimage"},"thumbnailUrl":"https:\/\/vmsport.fi\/wp-content\/uploads\/2026\/04\/Amflow-Px-Carbon-saehkoetaeysjousto.jpg","datePublished":"2026-04-17T08:14:24+00:00","dateModified":"2026-04-22T12:29:13+00:00","description":"Amflow PX Carbon saapuu Suomeen \u2013 150 N\u00b7m Avinox M2S -moottori, 700 Wh akku ja t\u00e4ysin s\u00e4\u00e4dett\u00e4v\u00e4 geometria alle 21 kg paketissa. Alan paras eMTB 2026.","breadcrumb":{"@id":"https:\/\/vmsport.fi\/verkkokauppa\/polkupyorat\/sahkopyorat\/sahkomaastopyorat\/taysjousitetut-sahkomaastopyorat\/amflow-px-carbon-700wh\/#breadcrumb"},"inLanguage":"sv-SE","potentialAction":[{"@type":"ReadAction","target":["https:\/\/vmsport.fi\/verkkokauppa\/polkupyorat\/sahkopyorat\/sahkomaastopyorat\/taysjousitetut-sahkomaastopyorat\/amflow-px-carbon-700wh\/"]}]},{"@type":"ImageObject","inLanguage":"sv-SE","@id":"https:\/\/vmsport.fi\/verkkokauppa\/polkupyorat\/sahkopyorat\/sahkomaastopyorat\/taysjousitetut-sahkomaastopyorat\/amflow-px-carbon-700wh\/#primaryimage","url":"https:\/\/vmsport.fi\/wp-content\/uploads\/2026\/04\/Amflow-Px-Carbon-saehkoetaeysjousto.jpg","contentUrl":"https:\/\/vmsport.fi\/wp-content\/uploads\/2026\/04\/Amflow-Px-Carbon-saehkoetaeysjousto.jpg","width":1000,"height":1000,"caption":"Amflow-Px-Carbon-saehkoetaeysjousto"},{"@type":"BreadcrumbList","@id":"https:\/\/vmsport.fi\/verkkokauppa\/polkupyorat\/sahkopyorat\/sahkomaastopyorat\/taysjousitetut-sahkomaastopyorat\/amflow-px-carbon-700wh\/#breadcrumb","itemListElement":[{"@type":"ListItem","position":1,"name":"Etusivu","item":"https:\/\/vmsport.fi\/"},{"@type":"ListItem","position":2,"name":"Online Store","item":"https:\/\/vmsport.fi\/en\/online-store\/"},{"@type":"ListItem","position":3,"name":"Amflow","item":"https:\/\/vmsport.fi\/merkki\/amflow\/"},{"@type":"ListItem","position":4,"name":"Amflow PX Carbon 700wh"}]},{"@type":"WebSite","@id":"https:\/\/vmsport.fi\/#website","url":"https:\/\/vmsport.fi\/","name":"Vmsport","description":"Allt p\u00e5 ett st\u00e4lle f\u00f6r cykling","publisher":{"@id":"https:\/\/vmsport.fi\/#organization"},"potentialAction":[{"@type":"SearchAction","target":{"@type":"EntryPoint","urlTemplate":"https:\/\/vmsport.fi\/?s={search_term_string}"},"query-input":{"@type":"PropertyValueSpecification","valueRequired":true,"valueName":"search_term_string"}}],"inLanguage":"sv-SE"},{"@type":"Organization","@id":"https:\/\/vmsport.fi\/#organization","name":"Vmsport","url":"https:\/\/vmsport.fi\/","logo":{"@type":"ImageObject","inLanguage":"sv-SE","@id":"https:\/\/vmsport.fi\/#\/schema\/logo\/image\/","url":"https:\/\/vmsport.fi\/wp-content\/uploads\/2024\/12\/vm_sport_RGB_horisontal-e1734526017575.png","contentUrl":"https:\/\/vmsport.fi\/wp-content\/uploads\/2024\/12\/vm_sport_RGB_horisontal-e1734526017575.png","width":668,"height":85,"caption":"Vmsport"},"image":{"@id":"https:\/\/vmsport.fi\/#\/schema\/logo\/image\/"},"sameAs":["https:\/\/www.facebook.com\/Vmsport.fi\/","https:\/\/www.instagram.com\/vmsport\/"]}]}},"global_unique_id":"","_links":{"self":[{"href":"https:\/\/vmsport.fi\/sv\/wp-json\/wp\/v2\/product\/65383","targetHints":{"allow":["GET"]}}],"collection":[{"href":"https:\/\/vmsport.fi\/sv\/wp-json\/wp\/v2\/product"}],"about":[{"href":"https:\/\/vmsport.fi\/sv\/wp-json\/wp\/v2\/types\/product"}],"replies":[{"embeddable":true,"href":"https:\/\/vmsport.fi\/sv\/wp-json\/wp\/v2\/comments?post=65383"}],"wp:featuredmedia":[{"embeddable":true,"href":"https:\/\/vmsport.fi\/sv\/wp-json\/wp\/v2\/media\/65382"}],"wp:attachment":[{"href":"https:\/\/vmsport.fi\/sv\/wp-json\/wp\/v2\/media?parent=65383"}],"wp:term":[{"taxonomy":"product_brand","embeddable":true,"href":"https:\/\/vmsport.fi\/sv\/wp-json\/wp\/v2\/product_brand?post=65383"},{"taxonomy":"product_model","embeddable":true,"href":"https:\/\/vmsport.fi\/sv\/wp-json\/wp\/v2\/product_model?post=65383"},{"taxonomy":"product_cat","embeddable":true,"href":"https:\/\/vmsport.fi\/sv\/wp-json\/wp\/v2\/product_cat?post=65383"},{"taxonomy":"product_tag","embeddable":true,"href":"https:\/\/vmsport.fi\/sv\/wp-json\/wp\/v2\/product_tag?post=65383"},{"taxonomy":"industry_terminology","embeddable":true,"href":"https:\/\/vmsport.fi\/sv\/wp-json\/wp\/v2\/industry-terminology?post=65383"}],"curies":[{"name":"wp","href":"https:\/\/api.w.org\/{rel}","templated":true}]}}