{"id":65251,"date":"2026-04-15T14:30:44","date_gmt":"2026-04-15T11:30:44","guid":{"rendered":"https:\/\/vmsport.fi\/verkkokauppa\/Ei-luokiteltu\/scott-sub-cross-10-slope-violet-pink\/"},"modified":"2026-04-22T15:23:24","modified_gmt":"2026-04-22T12:23:24","slug":"scott-sub-cross-10-slope-violet-pink","status":"publish","type":"product","link":"https:\/\/vmsport.fi\/sv\/verkkokauppa\/polkupyorat\/kaupunki-ja-hybridipyorat\/hybridit\/naisten-hybridipyorat\/scott-sub-cross-10-slope-violet-pink\/","title":{"rendered":"Scott Sub Cross 10 Slope &#8211; violet pink"},"content":{"rendered":"<p>Scott Sub Cross 10 Slope tarjoaa k\u00e4yt\u00e4nn\u00f6llisyytt\u00e4 ja mukavuutta kaupunkiajoon. Sen lasketun yl\u00e4putken runkorakenne helpottaa kyytiin nousemista etenkin kuljettajille, joilla on lyhyemm\u00e4t jalat tai rajoittuneempi lonkan liike. Kest\u00e4v\u00e4 alumiinirunko on varustettu sis\u00e4isell\u00e4 kaapelireitityksell\u00e4 sek\u00e4 kiinnityspisteill\u00e4 tavaratelineille ja lokasuojille. 63 mm jousto etuhaarukassa ja hydraulinen lukitus takaavat miellytt\u00e4v\u00e4t ajokokemukset ep\u00e4tasaisuudesta huolimatta, samalla pystyen lukitsemaan jousituksen tehokkaaseen ajoon sileill\u00e4 pinnoilla. Shimano Deore 12-vaihteinen voimansiirto tarjoaa laajan vaihdealueen ja sujuvat vaihteenvaihdot, kun taas hydrauliset levyjarrut tuovat tehokkaan ja s\u00e4\u00e4dett\u00e4v\u00e4n jarrutuksen eri ajo-olosuhteissa. Py\u00f6r\u00e4 on suunniteltu optimaaliseen k\u00e4ytt\u00f6mukavuuteen, vakautta ja helppok\u00e4ytt\u00f6isyytt\u00e4 ajatellen kaupunkiajoa varten.<\/p>","protected":false},"excerpt":{"rendered":"<p>Sloped top tube and durable frame offer comfort and practicality for urban riding with Deore 12-speed and hydraulic brakes. [&#8230;]<\/p>\n<p><a class=\"btn btn-secondary understrap-read-more-link\" href=\"https:\/\/vmsport.fi\/sv\/verkkokauppa\/polkupyorat\/kaupunki-ja-hybridipyorat\/hybridit\/naisten-hybridipyorat\/scott-sub-cross-10-slope-violet-pink\/\">L\u00e4s mer \u2026<span class=\"screen-reader-text\"> from Scott Sub Cross 10 Slope &#8211; violet pink<\/span><\/a><\/p>\n","protected":false},"featured_media":65248,"comment_status":"open","ping_status":"closed","template":"","meta":{"_acf_changed":false,"_improvement_type_select":"improve_an_existing","_thumb_yes_seoaic":false,"_frame_yes_seoaic":false,"seoaic_generate_description":"","seoaic_improve_instructions_prompt":"","seoaic_rollback_content_improvement":"","seoaic_idea_thumbnail_generator":"","thumbnail_generated":false,"thumbnail_generate_prompt":"","seoaic_article_description":"","_supplier_stock_quantity":0},"product_brand":[],"product_model":[],"product_cat":[9414],"product_tag":[],"industry-terminology":[],"class_list":{"0":"post-65251","1":"product","2":"type-product","3":"status-publish","4":"has-post-thumbnail","6":"product_cat-naisten-hybridipyorat","8":"first","9":"instock","10":"taxable","11":"shipping-taxable","12":"purchasable","13":"product-type-variable"},"acf":{"bike_features":null,"overview":{"copy_overview":null,"key_features":null,"statement":"","youtube_url":""}},"yoast_head":"<!-- This site is optimized with the Yoast SEO plugin v27.4 - https:\/\/yoast.com\/product\/yoast-seo-wordpress\/ -->\n<title>Scott Sub Cross 10 Slope - violet pink - VM Sport<\/title>\n<meta name=\"robots\" content=\"index, follow, max-snippet:-1, max-image-preview:large, max-video-preview:-1\" \/>\n<link rel=\"canonical\" href=\"https:\/\/vmsport.fi\/sv\/webbutik\/cyklar\/stads-och-hybridcyklar\/hybrider\/hybridpyjamas-for-kvinnor\/scott-sub-cross-10-slope-violet-pink\/\" \/>\n<meta property=\"og:locale\" content=\"sv_SE\" \/>\n<meta property=\"og:type\" content=\"article\" \/>\n<meta property=\"og:title\" content=\"Scott Sub Cross 10 Slope - violet pink - VM Sport\" \/>\n<meta property=\"og:description\" content=\"Sloped top tube and durable frame offer comfort and practicality for urban riding with Deore 12-speed and hydraulic brakes. [...]L\u00e4s mer \u2026 from Scott Sub Cross 10 Slope &#8211; violet pink\" \/>\n<meta property=\"og:url\" content=\"https:\/\/vmsport.fi\/sv\/webbutik\/cyklar\/stads-och-hybridcyklar\/hybrider\/hybridpyjamas-for-kvinnor\/scott-sub-cross-10-slope-violet-pink\/\" \/>\n<meta property=\"og:site_name\" content=\"VM Sport\" \/>\n<meta property=\"article:publisher\" content=\"https:\/\/www.facebook.com\/Vmsport.fi\/\" \/>\n<meta property=\"article:modified_time\" content=\"2026-04-22T12:23:24+00:00\" \/>\n<meta property=\"og:image\" content=\"https:\/\/vmsport.fi\/wp-content\/uploads\/2026\/04\/7J7kvxkeFS09yfL4KxOOmI14rSjxFEMFwAw2peCxoPYwRhub9M.jpg\" \/>\n\t<meta property=\"og:image:width\" content=\"1000\" \/>\n\t<meta property=\"og:image:height\" content=\"1000\" \/>\n\t<meta property=\"og:image:type\" content=\"image\/jpeg\" \/>\n<meta name=\"twitter:card\" content=\"summary_large_image\" \/>\n<meta name=\"twitter:label1\" content=\"Ber\u00e4knad l\u00e4stid\" \/>\n\t<meta name=\"twitter:data1\" content=\"1 minut\" \/>\n<script type=\"application\/ld+json\" class=\"yoast-schema-graph\">{\"@context\":\"https:\\\/\\\/schema.org\",\"@graph\":[{\"@type\":[\"WebPage\",\"ItemPage\"],\"@id\":\"https:\\\/\\\/vmsport.fi\\\/verkkokauppa\\\/polkupyorat\\\/kaupunki-ja-hybridipyorat\\\/hybridit\\\/naisten-hybridipyorat\\\/scott-sub-cross-10-slope-violet-pink\\\/\",\"url\":\"https:\\\/\\\/vmsport.fi\\\/verkkokauppa\\\/polkupyorat\\\/kaupunki-ja-hybridipyorat\\\/hybridit\\\/naisten-hybridipyorat\\\/scott-sub-cross-10-slope-violet-pink\\\/\",\"name\":\"Scott Sub Cross 10 Slope - violet pink - VM Sport\",\"isPartOf\":{\"@id\":\"https:\\\/\\\/vmsport.fi\\\/#website\"},\"primaryImageOfPage\":{\"@id\":\"https:\\\/\\\/vmsport.fi\\\/verkkokauppa\\\/polkupyorat\\\/kaupunki-ja-hybridipyorat\\\/hybridit\\\/naisten-hybridipyorat\\\/scott-sub-cross-10-slope-violet-pink\\\/#primaryimage\"},\"image\":{\"@id\":\"https:\\\/\\\/vmsport.fi\\\/verkkokauppa\\\/polkupyorat\\\/kaupunki-ja-hybridipyorat\\\/hybridit\\\/naisten-hybridipyorat\\\/scott-sub-cross-10-slope-violet-pink\\\/#primaryimage\"},\"thumbnailUrl\":\"https:\\\/\\\/vmsport.fi\\\/wp-content\\\/uploads\\\/2026\\\/04\\\/7J7kvxkeFS09yfL4KxOOmI14rSjxFEMFwAw2peCxoPYwRhub9M.jpg\",\"datePublished\":\"2026-04-15T11:30:44+00:00\",\"dateModified\":\"2026-04-22T12:23:24+00:00\",\"breadcrumb\":{\"@id\":\"https:\\\/\\\/vmsport.fi\\\/verkkokauppa\\\/polkupyorat\\\/kaupunki-ja-hybridipyorat\\\/hybridit\\\/naisten-hybridipyorat\\\/scott-sub-cross-10-slope-violet-pink\\\/#breadcrumb\"},\"inLanguage\":\"sv-SE\",\"potentialAction\":[{\"@type\":\"ReadAction\",\"target\":[\"https:\\\/\\\/vmsport.fi\\\/verkkokauppa\\\/polkupyorat\\\/kaupunki-ja-hybridipyorat\\\/hybridit\\\/naisten-hybridipyorat\\\/scott-sub-cross-10-slope-violet-pink\\\/\"]}]},{\"@type\":\"ImageObject\",\"inLanguage\":\"sv-SE\",\"@id\":\"https:\\\/\\\/vmsport.fi\\\/verkkokauppa\\\/polkupyorat\\\/kaupunki-ja-hybridipyorat\\\/hybridit\\\/naisten-hybridipyorat\\\/scott-sub-cross-10-slope-violet-pink\\\/#primaryimage\",\"url\":\"https:\\\/\\\/vmsport.fi\\\/wp-content\\\/uploads\\\/2026\\\/04\\\/7J7kvxkeFS09yfL4KxOOmI14rSjxFEMFwAw2peCxoPYwRhub9M.jpg\",\"contentUrl\":\"https:\\\/\\\/vmsport.fi\\\/wp-content\\\/uploads\\\/2026\\\/04\\\/7J7kvxkeFS09yfL4KxOOmI14rSjxFEMFwAw2peCxoPYwRhub9M.jpg\",\"width\":1000,\"height\":1000,\"caption\":\"7J7kvxkeFS09yfL4KxOOmI14rSjxFEMFwAw2peCxoPYwRhub9M\"},{\"@type\":\"BreadcrumbList\",\"@id\":\"https:\\\/\\\/vmsport.fi\\\/verkkokauppa\\\/polkupyorat\\\/kaupunki-ja-hybridipyorat\\\/hybridit\\\/naisten-hybridipyorat\\\/scott-sub-cross-10-slope-violet-pink\\\/#breadcrumb\",\"itemListElement\":[{\"@type\":\"ListItem\",\"position\":1,\"name\":\"Etusivu\",\"item\":\"https:\\\/\\\/vmsport.fi\\\/\"},{\"@type\":\"ListItem\",\"position\":2,\"name\":\"Online Store\",\"item\":\"https:\\\/\\\/vmsport.fi\\\/en\\\/online-store\\\/\"},{\"@type\":\"ListItem\",\"position\":3,\"name\":\"Scott Sub Cross 10 Slope &#8211; violet pink\"}]},{\"@type\":\"WebSite\",\"@id\":\"https:\\\/\\\/vmsport.fi\\\/#website\",\"url\":\"https:\\\/\\\/vmsport.fi\\\/\",\"name\":\"Vmsport\",\"description\":\"Kaikki py\u00f6r\u00e4ilyyn yhdest\u00e4 paikasta\",\"publisher\":{\"@id\":\"https:\\\/\\\/vmsport.fi\\\/#organization\"},\"potentialAction\":[{\"@type\":\"SearchAction\",\"target\":{\"@type\":\"EntryPoint\",\"urlTemplate\":\"https:\\\/\\\/vmsport.fi\\\/?s={search_term_string}\"},\"query-input\":{\"@type\":\"PropertyValueSpecification\",\"valueRequired\":true,\"valueName\":\"search_term_string\"}}],\"inLanguage\":\"sv-SE\"},{\"@type\":\"Organization\",\"@id\":\"https:\\\/\\\/vmsport.fi\\\/#organization\",\"name\":\"Vmsport\",\"url\":\"https:\\\/\\\/vmsport.fi\\\/\",\"logo\":{\"@type\":\"ImageObject\",\"inLanguage\":\"sv-SE\",\"@id\":\"https:\\\/\\\/vmsport.fi\\\/#\\\/schema\\\/logo\\\/image\\\/\",\"url\":\"https:\\\/\\\/vmsport.fi\\\/wp-content\\\/uploads\\\/2024\\\/12\\\/vm_sport_RGB_horisontal-e1734526017575.png\",\"contentUrl\":\"https:\\\/\\\/vmsport.fi\\\/wp-content\\\/uploads\\\/2024\\\/12\\\/vm_sport_RGB_horisontal-e1734526017575.png\",\"width\":668,\"height\":85,\"caption\":\"Vmsport\"},\"image\":{\"@id\":\"https:\\\/\\\/vmsport.fi\\\/#\\\/schema\\\/logo\\\/image\\\/\"},\"sameAs\":[\"https:\\\/\\\/www.facebook.com\\\/Vmsport.fi\\\/\",\"https:\\\/\\\/www.instagram.com\\\/vmsport\\\/\"]}]}<\/script>\n<!-- \/ Yoast SEO plugin. -->","yoast_head_json":{"title":"Scott Sub Cross 10 Slope - violet pink - VM Sport","robots":{"index":"index","follow":"follow","max-snippet":"max-snippet:-1","max-image-preview":"max-image-preview:large","max-video-preview":"max-video-preview:-1"},"canonical":"https:\/\/vmsport.fi\/sv\/webbutik\/cyklar\/stads-och-hybridcyklar\/hybrider\/hybridpyjamas-for-kvinnor\/scott-sub-cross-10-slope-violet-pink\/","og_locale":"sv_SE","og_type":"article","og_title":"Scott Sub Cross 10 Slope - violet pink - VM Sport","og_description":"Sloped top tube and durable frame offer comfort and practicality for urban riding with Deore 12-speed and hydraulic brakes. [...]L\u00e4s mer \u2026 from Scott Sub Cross 10 Slope &#8211; violet pink","og_url":"https:\/\/vmsport.fi\/sv\/webbutik\/cyklar\/stads-och-hybridcyklar\/hybrider\/hybridpyjamas-for-kvinnor\/scott-sub-cross-10-slope-violet-pink\/","og_site_name":"VM Sport","article_publisher":"https:\/\/www.facebook.com\/Vmsport.fi\/","article_modified_time":"2026-04-22T12:23:24+00:00","og_image":[{"width":1000,"height":1000,"url":"https:\/\/vmsport.fi\/wp-content\/uploads\/2026\/04\/7J7kvxkeFS09yfL4KxOOmI14rSjxFEMFwAw2peCxoPYwRhub9M.jpg","type":"image\/jpeg"}],"twitter_card":"summary_large_image","twitter_misc":{"Ber\u00e4knad l\u00e4stid":"1 minut"},"schema":{"@context":"https:\/\/schema.org","@graph":[{"@type":["WebPage","ItemPage"],"@id":"https:\/\/vmsport.fi\/verkkokauppa\/polkupyorat\/kaupunki-ja-hybridipyorat\/hybridit\/naisten-hybridipyorat\/scott-sub-cross-10-slope-violet-pink\/","url":"https:\/\/vmsport.fi\/verkkokauppa\/polkupyorat\/kaupunki-ja-hybridipyorat\/hybridit\/naisten-hybridipyorat\/scott-sub-cross-10-slope-violet-pink\/","name":"Scott Sub Cross 10 Slope - violet pink - VM Sport","isPartOf":{"@id":"https:\/\/vmsport.fi\/#website"},"primaryImageOfPage":{"@id":"https:\/\/vmsport.fi\/verkkokauppa\/polkupyorat\/kaupunki-ja-hybridipyorat\/hybridit\/naisten-hybridipyorat\/scott-sub-cross-10-slope-violet-pink\/#primaryimage"},"image":{"@id":"https:\/\/vmsport.fi\/verkkokauppa\/polkupyorat\/kaupunki-ja-hybridipyorat\/hybridit\/naisten-hybridipyorat\/scott-sub-cross-10-slope-violet-pink\/#primaryimage"},"thumbnailUrl":"https:\/\/vmsport.fi\/wp-content\/uploads\/2026\/04\/7J7kvxkeFS09yfL4KxOOmI14rSjxFEMFwAw2peCxoPYwRhub9M.jpg","datePublished":"2026-04-15T11:30:44+00:00","dateModified":"2026-04-22T12:23:24+00:00","breadcrumb":{"@id":"https:\/\/vmsport.fi\/verkkokauppa\/polkupyorat\/kaupunki-ja-hybridipyorat\/hybridit\/naisten-hybridipyorat\/scott-sub-cross-10-slope-violet-pink\/#breadcrumb"},"inLanguage":"sv-SE","potentialAction":[{"@type":"ReadAction","target":["https:\/\/vmsport.fi\/verkkokauppa\/polkupyorat\/kaupunki-ja-hybridipyorat\/hybridit\/naisten-hybridipyorat\/scott-sub-cross-10-slope-violet-pink\/"]}]},{"@type":"ImageObject","inLanguage":"sv-SE","@id":"https:\/\/vmsport.fi\/verkkokauppa\/polkupyorat\/kaupunki-ja-hybridipyorat\/hybridit\/naisten-hybridipyorat\/scott-sub-cross-10-slope-violet-pink\/#primaryimage","url":"https:\/\/vmsport.fi\/wp-content\/uploads\/2026\/04\/7J7kvxkeFS09yfL4KxOOmI14rSjxFEMFwAw2peCxoPYwRhub9M.jpg","contentUrl":"https:\/\/vmsport.fi\/wp-content\/uploads\/2026\/04\/7J7kvxkeFS09yfL4KxOOmI14rSjxFEMFwAw2peCxoPYwRhub9M.jpg","width":1000,"height":1000,"caption":"7J7kvxkeFS09yfL4KxOOmI14rSjxFEMFwAw2peCxoPYwRhub9M"},{"@type":"BreadcrumbList","@id":"https:\/\/vmsport.fi\/verkkokauppa\/polkupyorat\/kaupunki-ja-hybridipyorat\/hybridit\/naisten-hybridipyorat\/scott-sub-cross-10-slope-violet-pink\/#breadcrumb","itemListElement":[{"@type":"ListItem","position":1,"name":"Etusivu","item":"https:\/\/vmsport.fi\/"},{"@type":"ListItem","position":2,"name":"Online Store","item":"https:\/\/vmsport.fi\/en\/online-store\/"},{"@type":"ListItem","position":3,"name":"Scott Sub Cross 10 Slope &#8211; violet pink"}]},{"@type":"WebSite","@id":"https:\/\/vmsport.fi\/#website","url":"https:\/\/vmsport.fi\/","name":"Vmsport","description":"Allt p\u00e5 ett st\u00e4lle f\u00f6r cykling","publisher":{"@id":"https:\/\/vmsport.fi\/#organization"},"potentialAction":[{"@type":"SearchAction","target":{"@type":"EntryPoint","urlTemplate":"https:\/\/vmsport.fi\/?s={search_term_string}"},"query-input":{"@type":"PropertyValueSpecification","valueRequired":true,"valueName":"search_term_string"}}],"inLanguage":"sv-SE"},{"@type":"Organization","@id":"https:\/\/vmsport.fi\/#organization","name":"Vmsport","url":"https:\/\/vmsport.fi\/","logo":{"@type":"ImageObject","inLanguage":"sv-SE","@id":"https:\/\/vmsport.fi\/#\/schema\/logo\/image\/","url":"https:\/\/vmsport.fi\/wp-content\/uploads\/2024\/12\/vm_sport_RGB_horisontal-e1734526017575.png","contentUrl":"https:\/\/vmsport.fi\/wp-content\/uploads\/2024\/12\/vm_sport_RGB_horisontal-e1734526017575.png","width":668,"height":85,"caption":"Vmsport"},"image":{"@id":"https:\/\/vmsport.fi\/#\/schema\/logo\/image\/"},"sameAs":["https:\/\/www.facebook.com\/Vmsport.fi\/","https:\/\/www.instagram.com\/vmsport\/"]}]}},"global_unique_id":"","_links":{"self":[{"href":"https:\/\/vmsport.fi\/sv\/wp-json\/wp\/v2\/product\/65251","targetHints":{"allow":["GET"]}}],"collection":[{"href":"https:\/\/vmsport.fi\/sv\/wp-json\/wp\/v2\/product"}],"about":[{"href":"https:\/\/vmsport.fi\/sv\/wp-json\/wp\/v2\/types\/product"}],"replies":[{"embeddable":true,"href":"https:\/\/vmsport.fi\/sv\/wp-json\/wp\/v2\/comments?post=65251"}],"wp:featuredmedia":[{"embeddable":true,"href":"https:\/\/vmsport.fi\/sv\/wp-json\/wp\/v2\/media\/65248"}],"wp:attachment":[{"href":"https:\/\/vmsport.fi\/sv\/wp-json\/wp\/v2\/media?parent=65251"}],"wp:term":[{"taxonomy":"product_brand","embeddable":true,"href":"https:\/\/vmsport.fi\/sv\/wp-json\/wp\/v2\/product_brand?post=65251"},{"taxonomy":"product_model","embeddable":true,"href":"https:\/\/vmsport.fi\/sv\/wp-json\/wp\/v2\/product_model?post=65251"},{"taxonomy":"product_cat","embeddable":true,"href":"https:\/\/vmsport.fi\/sv\/wp-json\/wp\/v2\/product_cat?post=65251"},{"taxonomy":"product_tag","embeddable":true,"href":"https:\/\/vmsport.fi\/sv\/wp-json\/wp\/v2\/product_tag?post=65251"},{"taxonomy":"industry_terminology","embeddable":true,"href":"https:\/\/vmsport.fi\/sv\/wp-json\/wp\/v2\/industry-terminology?post=65251"}],"curies":[{"name":"wp","href":"https:\/\/api.w.org\/{rel}","templated":true}]}}