{"id":65247,"date":"2026-04-15T14:30:41","date_gmt":"2026-04-15T11:30:41","guid":{"rendered":"https:\/\/vmsport.fi\/verkkokauppa\/Ei-luokiteltu\/scott-sub-cross-30-sword-grey\/"},"modified":"2026-04-22T15:21:59","modified_gmt":"2026-04-22T12:21:59","slug":"scott-sub-cross-30-sword-grey","status":"publish","type":"product","link":"https:\/\/vmsport.fi\/sv\/verkkokauppa\/polkupyorat\/kaupunki-ja-hybridipyorat\/hybridit\/miesten-hybridipyorat\/scott-sub-cross-30-sword-grey\/","title":{"rendered":"Scott Sub Cross 30 &#8211; sword grey"},"content":{"rendered":"<p>Sub Cross 30 on suunniteltu monipuoliseksi kaupunki- ja retkipy\u00f6r\u00e4ksi, joka yhdist\u00e4\u00e4 mukavan alumiinirungon ja kevyen 63 mm jousituksen. Shimano Cues 9-vaihteinen voimansiirto tarjoaa laajan vaihdevaihtoehdon, joka soveltuu sek\u00e4 kaupunkiajoon ett\u00e4 kevyemp\u00e4\u00e4n maastok\u00e4ytt\u00f6\u00f6n. Hydrauliset Tektro levyjarrut tehostavat jarrutusta ja parantavat suorituskyky\u00e4 m\u00e4riss\u00e4 olosuhteissa. Kenda Booster -renkaat, leveydelt\u00e4\u00e4n 700&#215;50, lis\u00e4\u00e4v\u00e4t pitoa ja vakautta erilaisilla tienpintaratkaisuilla. Runko on suunniteltu siten, ett\u00e4 siihen voi asentaa lokasuojat ja tavaratelineen, mik\u00e4 kasvattaa k\u00e4yt\u00e4nn\u00f6llisyytt\u00e4 p\u00e4ivitt\u00e4isess\u00e4 k\u00e4yt\u00f6ss\u00e4. T\u00e4m\u00e4 yhdistelm\u00e4 tekee Sub Cross 30:st\u00e4 sopivan valinnan monenlaisille ajo-olosuhteille ja kuskeille, jotka hakevat tasapainoista suorituskyky\u00e4 ja mukavuutta.<\/p>","protected":false},"excerpt":{"rendered":"<p>Scott Sub Cross 30 tarjoaa mukavan alumiinirungon, 63 mm jousitushaarukan, Shimano 9-vaihteiston ja hydrauliset levyjarrut kaupunki- ja retkik\u00e4ytt\u00f6\u00f6n. [&#8230;]<\/p>\n<p><a class=\"btn btn-secondary understrap-read-more-link\" href=\"https:\/\/vmsport.fi\/sv\/verkkokauppa\/polkupyorat\/kaupunki-ja-hybridipyorat\/hybridit\/miesten-hybridipyorat\/scott-sub-cross-30-sword-grey\/\">L\u00e4s mer \u2026<span class=\"screen-reader-text\"> from Scott Sub Cross 30 &#8211; sword grey<\/span><\/a><\/p>\n","protected":false},"featured_media":65244,"comment_status":"open","ping_status":"closed","template":"","meta":{"_acf_changed":false,"_improvement_type_select":"improve_an_existing","_thumb_yes_seoaic":false,"_frame_yes_seoaic":false,"seoaic_generate_description":"","seoaic_improve_instructions_prompt":"","seoaic_rollback_content_improvement":"","seoaic_idea_thumbnail_generator":"","thumbnail_generated":false,"thumbnail_generate_prompt":"","seoaic_article_description":"","_supplier_stock_quantity":0},"product_brand":[],"product_model":[],"product_cat":[9400],"product_tag":[],"industry-terminology":[],"class_list":{"0":"post-65247","1":"product","2":"type-product","3":"status-publish","4":"has-post-thumbnail","6":"product_cat-miesten-hybridipyorat","8":"first","9":"instock","10":"taxable","11":"shipping-taxable","12":"purchasable","13":"product-type-variable"},"acf":{"bike_features":null,"overview":{"copy_overview":null,"key_features":null,"statement":"","youtube_url":""}},"yoast_head":"<!-- This site is optimized with the Yoast SEO plugin v27.4 - https:\/\/yoast.com\/product\/yoast-seo-wordpress\/ -->\n<title>Scott Sub Cross 30 - sword grey - VM Sport<\/title>\n<meta name=\"robots\" content=\"index, follow, max-snippet:-1, max-image-preview:large, max-video-preview:-1\" \/>\n<link rel=\"canonical\" href=\"https:\/\/vmsport.fi\/sv\/webbutik\/cyklar\/stads-och-hybridcyklar\/hybrider\/hybridpyjamas-for-man\/scott-sub-cross-30-sword-grey\/\" \/>\n<meta property=\"og:locale\" content=\"sv_SE\" \/>\n<meta property=\"og:type\" content=\"article\" \/>\n<meta property=\"og:title\" content=\"Scott Sub Cross 30 - sword grey - VM Sport\" \/>\n<meta property=\"og:description\" content=\"Scott Sub Cross 30 tarjoaa mukavan alumiinirungon, 63 mm jousitushaarukan, Shimano 9-vaihteiston ja hydrauliset levyjarrut kaupunki- ja retkik\u00e4ytt\u00f6\u00f6n. [...]L\u00e4s mer \u2026 from Scott Sub Cross 30 &#8211; sword grey\" \/>\n<meta property=\"og:url\" content=\"https:\/\/vmsport.fi\/sv\/webbutik\/cyklar\/stads-och-hybridcyklar\/hybrider\/hybridpyjamas-for-man\/scott-sub-cross-30-sword-grey\/\" \/>\n<meta property=\"og:site_name\" content=\"VM Sport\" \/>\n<meta property=\"article:publisher\" content=\"https:\/\/www.facebook.com\/Vmsport.fi\/\" \/>\n<meta property=\"article:modified_time\" content=\"2026-04-22T12:21:59+00:00\" \/>\n<meta property=\"og:image\" content=\"https:\/\/vmsport.fi\/wp-content\/uploads\/2026\/04\/xWeBDIcwv3MBN64E9KOwxHbbJFL1T2gkPWOwCOkLkAhG9mkEKJ.jpg\" \/>\n\t<meta property=\"og:image:width\" content=\"1000\" \/>\n\t<meta property=\"og:image:height\" content=\"1000\" \/>\n\t<meta property=\"og:image:type\" content=\"image\/jpeg\" \/>\n<meta name=\"twitter:card\" content=\"summary_large_image\" \/>\n<meta name=\"twitter:label1\" content=\"Ber\u00e4knad l\u00e4stid\" \/>\n\t<meta name=\"twitter:data1\" content=\"1 minut\" \/>\n<script type=\"application\/ld+json\" class=\"yoast-schema-graph\">{\"@context\":\"https:\\\/\\\/schema.org\",\"@graph\":[{\"@type\":[\"WebPage\",\"ItemPage\"],\"@id\":\"https:\\\/\\\/vmsport.fi\\\/verkkokauppa\\\/polkupyorat\\\/kaupunki-ja-hybridipyorat\\\/hybridit\\\/miesten-hybridipyorat\\\/scott-sub-cross-30-sword-grey\\\/\",\"url\":\"https:\\\/\\\/vmsport.fi\\\/verkkokauppa\\\/polkupyorat\\\/kaupunki-ja-hybridipyorat\\\/hybridit\\\/miesten-hybridipyorat\\\/scott-sub-cross-30-sword-grey\\\/\",\"name\":\"Scott Sub Cross 30 - sword grey - VM Sport\",\"isPartOf\":{\"@id\":\"https:\\\/\\\/vmsport.fi\\\/#website\"},\"primaryImageOfPage\":{\"@id\":\"https:\\\/\\\/vmsport.fi\\\/verkkokauppa\\\/polkupyorat\\\/kaupunki-ja-hybridipyorat\\\/hybridit\\\/miesten-hybridipyorat\\\/scott-sub-cross-30-sword-grey\\\/#primaryimage\"},\"image\":{\"@id\":\"https:\\\/\\\/vmsport.fi\\\/verkkokauppa\\\/polkupyorat\\\/kaupunki-ja-hybridipyorat\\\/hybridit\\\/miesten-hybridipyorat\\\/scott-sub-cross-30-sword-grey\\\/#primaryimage\"},\"thumbnailUrl\":\"https:\\\/\\\/vmsport.fi\\\/wp-content\\\/uploads\\\/2026\\\/04\\\/xWeBDIcwv3MBN64E9KOwxHbbJFL1T2gkPWOwCOkLkAhG9mkEKJ.jpg\",\"datePublished\":\"2026-04-15T11:30:41+00:00\",\"dateModified\":\"2026-04-22T12:21:59+00:00\",\"breadcrumb\":{\"@id\":\"https:\\\/\\\/vmsport.fi\\\/verkkokauppa\\\/polkupyorat\\\/kaupunki-ja-hybridipyorat\\\/hybridit\\\/miesten-hybridipyorat\\\/scott-sub-cross-30-sword-grey\\\/#breadcrumb\"},\"inLanguage\":\"sv-SE\",\"potentialAction\":[{\"@type\":\"ReadAction\",\"target\":[\"https:\\\/\\\/vmsport.fi\\\/verkkokauppa\\\/polkupyorat\\\/kaupunki-ja-hybridipyorat\\\/hybridit\\\/miesten-hybridipyorat\\\/scott-sub-cross-30-sword-grey\\\/\"]}]},{\"@type\":\"ImageObject\",\"inLanguage\":\"sv-SE\",\"@id\":\"https:\\\/\\\/vmsport.fi\\\/verkkokauppa\\\/polkupyorat\\\/kaupunki-ja-hybridipyorat\\\/hybridit\\\/miesten-hybridipyorat\\\/scott-sub-cross-30-sword-grey\\\/#primaryimage\",\"url\":\"https:\\\/\\\/vmsport.fi\\\/wp-content\\\/uploads\\\/2026\\\/04\\\/xWeBDIcwv3MBN64E9KOwxHbbJFL1T2gkPWOwCOkLkAhG9mkEKJ.jpg\",\"contentUrl\":\"https:\\\/\\\/vmsport.fi\\\/wp-content\\\/uploads\\\/2026\\\/04\\\/xWeBDIcwv3MBN64E9KOwxHbbJFL1T2gkPWOwCOkLkAhG9mkEKJ.jpg\",\"width\":1000,\"height\":1000,\"caption\":\"xWeBDIcwv3MBN64E9KOwxHbbJFL1T2gkPWOwCOkLkAhG9mkEKJ\"},{\"@type\":\"BreadcrumbList\",\"@id\":\"https:\\\/\\\/vmsport.fi\\\/verkkokauppa\\\/polkupyorat\\\/kaupunki-ja-hybridipyorat\\\/hybridit\\\/miesten-hybridipyorat\\\/scott-sub-cross-30-sword-grey\\\/#breadcrumb\",\"itemListElement\":[{\"@type\":\"ListItem\",\"position\":1,\"name\":\"Etusivu\",\"item\":\"https:\\\/\\\/vmsport.fi\\\/\"},{\"@type\":\"ListItem\",\"position\":2,\"name\":\"Online Store\",\"item\":\"https:\\\/\\\/vmsport.fi\\\/en\\\/online-store\\\/\"},{\"@type\":\"ListItem\",\"position\":3,\"name\":\"Scott Sub Cross 30 &#8211; sword grey\"}]},{\"@type\":\"WebSite\",\"@id\":\"https:\\\/\\\/vmsport.fi\\\/#website\",\"url\":\"https:\\\/\\\/vmsport.fi\\\/\",\"name\":\"Vmsport\",\"description\":\"Kaikki py\u00f6r\u00e4ilyyn yhdest\u00e4 paikasta\",\"publisher\":{\"@id\":\"https:\\\/\\\/vmsport.fi\\\/#organization\"},\"potentialAction\":[{\"@type\":\"SearchAction\",\"target\":{\"@type\":\"EntryPoint\",\"urlTemplate\":\"https:\\\/\\\/vmsport.fi\\\/?s={search_term_string}\"},\"query-input\":{\"@type\":\"PropertyValueSpecification\",\"valueRequired\":true,\"valueName\":\"search_term_string\"}}],\"inLanguage\":\"sv-SE\"},{\"@type\":\"Organization\",\"@id\":\"https:\\\/\\\/vmsport.fi\\\/#organization\",\"name\":\"Vmsport\",\"url\":\"https:\\\/\\\/vmsport.fi\\\/\",\"logo\":{\"@type\":\"ImageObject\",\"inLanguage\":\"sv-SE\",\"@id\":\"https:\\\/\\\/vmsport.fi\\\/#\\\/schema\\\/logo\\\/image\\\/\",\"url\":\"https:\\\/\\\/vmsport.fi\\\/wp-content\\\/uploads\\\/2024\\\/12\\\/vm_sport_RGB_horisontal-e1734526017575.png\",\"contentUrl\":\"https:\\\/\\\/vmsport.fi\\\/wp-content\\\/uploads\\\/2024\\\/12\\\/vm_sport_RGB_horisontal-e1734526017575.png\",\"width\":668,\"height\":85,\"caption\":\"Vmsport\"},\"image\":{\"@id\":\"https:\\\/\\\/vmsport.fi\\\/#\\\/schema\\\/logo\\\/image\\\/\"},\"sameAs\":[\"https:\\\/\\\/www.facebook.com\\\/Vmsport.fi\\\/\",\"https:\\\/\\\/www.instagram.com\\\/vmsport\\\/\"]}]}<\/script>\n<!-- \/ Yoast SEO plugin. -->","yoast_head_json":{"title":"Scott Sub Cross 30 - sword grey - VM Sport","robots":{"index":"index","follow":"follow","max-snippet":"max-snippet:-1","max-image-preview":"max-image-preview:large","max-video-preview":"max-video-preview:-1"},"canonical":"https:\/\/vmsport.fi\/sv\/webbutik\/cyklar\/stads-och-hybridcyklar\/hybrider\/hybridpyjamas-for-man\/scott-sub-cross-30-sword-grey\/","og_locale":"sv_SE","og_type":"article","og_title":"Scott Sub Cross 30 - sword grey - VM Sport","og_description":"Scott Sub Cross 30 tarjoaa mukavan alumiinirungon, 63 mm jousitushaarukan, Shimano 9-vaihteiston ja hydrauliset levyjarrut kaupunki- ja retkik\u00e4ytt\u00f6\u00f6n. [...]L\u00e4s mer \u2026 from Scott Sub Cross 30 &#8211; sword grey","og_url":"https:\/\/vmsport.fi\/sv\/webbutik\/cyklar\/stads-och-hybridcyklar\/hybrider\/hybridpyjamas-for-man\/scott-sub-cross-30-sword-grey\/","og_site_name":"VM Sport","article_publisher":"https:\/\/www.facebook.com\/Vmsport.fi\/","article_modified_time":"2026-04-22T12:21:59+00:00","og_image":[{"width":1000,"height":1000,"url":"https:\/\/vmsport.fi\/wp-content\/uploads\/2026\/04\/xWeBDIcwv3MBN64E9KOwxHbbJFL1T2gkPWOwCOkLkAhG9mkEKJ.jpg","type":"image\/jpeg"}],"twitter_card":"summary_large_image","twitter_misc":{"Ber\u00e4knad l\u00e4stid":"1 minut"},"schema":{"@context":"https:\/\/schema.org","@graph":[{"@type":["WebPage","ItemPage"],"@id":"https:\/\/vmsport.fi\/verkkokauppa\/polkupyorat\/kaupunki-ja-hybridipyorat\/hybridit\/miesten-hybridipyorat\/scott-sub-cross-30-sword-grey\/","url":"https:\/\/vmsport.fi\/verkkokauppa\/polkupyorat\/kaupunki-ja-hybridipyorat\/hybridit\/miesten-hybridipyorat\/scott-sub-cross-30-sword-grey\/","name":"Scott Sub Cross 30 - sword grey - VM Sport","isPartOf":{"@id":"https:\/\/vmsport.fi\/#website"},"primaryImageOfPage":{"@id":"https:\/\/vmsport.fi\/verkkokauppa\/polkupyorat\/kaupunki-ja-hybridipyorat\/hybridit\/miesten-hybridipyorat\/scott-sub-cross-30-sword-grey\/#primaryimage"},"image":{"@id":"https:\/\/vmsport.fi\/verkkokauppa\/polkupyorat\/kaupunki-ja-hybridipyorat\/hybridit\/miesten-hybridipyorat\/scott-sub-cross-30-sword-grey\/#primaryimage"},"thumbnailUrl":"https:\/\/vmsport.fi\/wp-content\/uploads\/2026\/04\/xWeBDIcwv3MBN64E9KOwxHbbJFL1T2gkPWOwCOkLkAhG9mkEKJ.jpg","datePublished":"2026-04-15T11:30:41+00:00","dateModified":"2026-04-22T12:21:59+00:00","breadcrumb":{"@id":"https:\/\/vmsport.fi\/verkkokauppa\/polkupyorat\/kaupunki-ja-hybridipyorat\/hybridit\/miesten-hybridipyorat\/scott-sub-cross-30-sword-grey\/#breadcrumb"},"inLanguage":"sv-SE","potentialAction":[{"@type":"ReadAction","target":["https:\/\/vmsport.fi\/verkkokauppa\/polkupyorat\/kaupunki-ja-hybridipyorat\/hybridit\/miesten-hybridipyorat\/scott-sub-cross-30-sword-grey\/"]}]},{"@type":"ImageObject","inLanguage":"sv-SE","@id":"https:\/\/vmsport.fi\/verkkokauppa\/polkupyorat\/kaupunki-ja-hybridipyorat\/hybridit\/miesten-hybridipyorat\/scott-sub-cross-30-sword-grey\/#primaryimage","url":"https:\/\/vmsport.fi\/wp-content\/uploads\/2026\/04\/xWeBDIcwv3MBN64E9KOwxHbbJFL1T2gkPWOwCOkLkAhG9mkEKJ.jpg","contentUrl":"https:\/\/vmsport.fi\/wp-content\/uploads\/2026\/04\/xWeBDIcwv3MBN64E9KOwxHbbJFL1T2gkPWOwCOkLkAhG9mkEKJ.jpg","width":1000,"height":1000,"caption":"xWeBDIcwv3MBN64E9KOwxHbbJFL1T2gkPWOwCOkLkAhG9mkEKJ"},{"@type":"BreadcrumbList","@id":"https:\/\/vmsport.fi\/verkkokauppa\/polkupyorat\/kaupunki-ja-hybridipyorat\/hybridit\/miesten-hybridipyorat\/scott-sub-cross-30-sword-grey\/#breadcrumb","itemListElement":[{"@type":"ListItem","position":1,"name":"Etusivu","item":"https:\/\/vmsport.fi\/"},{"@type":"ListItem","position":2,"name":"Online Store","item":"https:\/\/vmsport.fi\/en\/online-store\/"},{"@type":"ListItem","position":3,"name":"Scott Sub Cross 30 &#8211; sword grey"}]},{"@type":"WebSite","@id":"https:\/\/vmsport.fi\/#website","url":"https:\/\/vmsport.fi\/","name":"Vmsport","description":"Allt p\u00e5 ett st\u00e4lle f\u00f6r cykling","publisher":{"@id":"https:\/\/vmsport.fi\/#organization"},"potentialAction":[{"@type":"SearchAction","target":{"@type":"EntryPoint","urlTemplate":"https:\/\/vmsport.fi\/?s={search_term_string}"},"query-input":{"@type":"PropertyValueSpecification","valueRequired":true,"valueName":"search_term_string"}}],"inLanguage":"sv-SE"},{"@type":"Organization","@id":"https:\/\/vmsport.fi\/#organization","name":"Vmsport","url":"https:\/\/vmsport.fi\/","logo":{"@type":"ImageObject","inLanguage":"sv-SE","@id":"https:\/\/vmsport.fi\/#\/schema\/logo\/image\/","url":"https:\/\/vmsport.fi\/wp-content\/uploads\/2024\/12\/vm_sport_RGB_horisontal-e1734526017575.png","contentUrl":"https:\/\/vmsport.fi\/wp-content\/uploads\/2024\/12\/vm_sport_RGB_horisontal-e1734526017575.png","width":668,"height":85,"caption":"Vmsport"},"image":{"@id":"https:\/\/vmsport.fi\/#\/schema\/logo\/image\/"},"sameAs":["https:\/\/www.facebook.com\/Vmsport.fi\/","https:\/\/www.instagram.com\/vmsport\/"]}]}},"global_unique_id":"","_links":{"self":[{"href":"https:\/\/vmsport.fi\/sv\/wp-json\/wp\/v2\/product\/65247","targetHints":{"allow":["GET"]}}],"collection":[{"href":"https:\/\/vmsport.fi\/sv\/wp-json\/wp\/v2\/product"}],"about":[{"href":"https:\/\/vmsport.fi\/sv\/wp-json\/wp\/v2\/types\/product"}],"replies":[{"embeddable":true,"href":"https:\/\/vmsport.fi\/sv\/wp-json\/wp\/v2\/comments?post=65247"}],"wp:featuredmedia":[{"embeddable":true,"href":"https:\/\/vmsport.fi\/sv\/wp-json\/wp\/v2\/media\/65244"}],"wp:attachment":[{"href":"https:\/\/vmsport.fi\/sv\/wp-json\/wp\/v2\/media?parent=65247"}],"wp:term":[{"taxonomy":"product_brand","embeddable":true,"href":"https:\/\/vmsport.fi\/sv\/wp-json\/wp\/v2\/product_brand?post=65247"},{"taxonomy":"product_model","embeddable":true,"href":"https:\/\/vmsport.fi\/sv\/wp-json\/wp\/v2\/product_model?post=65247"},{"taxonomy":"product_cat","embeddable":true,"href":"https:\/\/vmsport.fi\/sv\/wp-json\/wp\/v2\/product_cat?post=65247"},{"taxonomy":"product_tag","embeddable":true,"href":"https:\/\/vmsport.fi\/sv\/wp-json\/wp\/v2\/product_tag?post=65247"},{"taxonomy":"industry_terminology","embeddable":true,"href":"https:\/\/vmsport.fi\/sv\/wp-json\/wp\/v2\/industry-terminology?post=65247"}],"curies":[{"name":"wp","href":"https:\/\/api.w.org\/{rel}","templated":true}]}}