{"id":64986,"date":"2026-04-13T16:59:23","date_gmt":"2026-04-13T13:59:23","guid":{"rendered":"https:\/\/vmsport.fi\/verkkokauppa\/Ei-luokiteltu\/orbea-terra-m31eteam-1x-nickel-met-cinnamon-matt\/"},"modified":"2026-04-15T14:23:08","modified_gmt":"2026-04-15T11:23:08","slug":"orbea-terra-m31eteam-1x-nickel-met-cinnamon-matt","status":"publish","type":"product","link":"https:\/\/vmsport.fi\/sv\/verkkokauppa\/polkupyorat\/maantie-ja-gravel\/gravel-pyorat\/orbea-terra-m31eteam-1x-nickel-met-cinnamon-matt\/","title":{"rendered":"Orbea TERRA M31eTEAM 1X &#8211; Nickel &#8211; Met Cinnamon (Matt)"},"content":{"rendered":"<p>Orbean Terra M31eTEAM 1X on suunniteltu vaativaan gravel-py\u00f6r\u00e4ilyyn ja tarjoaa kevyen sek\u00e4 j\u00e4yk\u00e4n monocoque-hiilikuiturunko-rakenteen. Runko, jossa on 1,5&#8243; ohjauslaakeri ja BB386EVO-kiinnitys, mahdollistaa tarkkuuden ja vakauden ajossa. Lis\u00e4ksi runko tukee powermeterin asentamista sek\u00e4 useita kiinnityspisteit\u00e4 satulan, rungon ja haarukan alueella lis\u00e4varusteille. Renkaiden maksimikoko 50C mahdollistaa erilaisten pintojen ajamisen, ja UDH-vaihdeharkon yhteensopivuus helpottaa huoltoa. Kokonaisuutena py\u00f6r\u00e4 tarjoaa yhdistelm\u00e4n suorituskyky\u00e4 ja k\u00e4yt\u00e4nn\u00f6llisyytt\u00e4 gravel-ajoon.<\/p>","protected":false},"excerpt":{"rendered":"<p>Kevyt ja j\u00e4ykk\u00e4 hiilikuiturunko, runsaasti kiinnityspisteit\u00e4, leve\u00e4 rengastila ja UDH-yhteensopivuus tekev\u00e4t py\u00f6r\u00e4st\u00e4 monipuolisen gravel-suojan. [&#8230;]<\/p>\n<p><a class=\"btn btn-secondary understrap-read-more-link\" href=\"https:\/\/vmsport.fi\/sv\/verkkokauppa\/polkupyorat\/maantie-ja-gravel\/gravel-pyorat\/orbea-terra-m31eteam-1x-nickel-met-cinnamon-matt\/\">L\u00e4s mer \u2026<span class=\"screen-reader-text\"> from Orbea TERRA M31eTEAM 1X &#8211; Nickel &#8211; Met Cinnamon (Matt)<\/span><\/a><\/p>\n","protected":false},"featured_media":64985,"comment_status":"open","ping_status":"closed","template":"","meta":{"_acf_changed":false,"_improvement_type_select":"improve_an_existing","_thumb_yes_seoaic":false,"_frame_yes_seoaic":false,"seoaic_generate_description":"","seoaic_improve_instructions_prompt":"","seoaic_rollback_content_improvement":"","seoaic_idea_thumbnail_generator":"","thumbnail_generated":false,"thumbnail_generate_prompt":"","seoaic_article_description":"","_supplier_stock_quantity":0},"product_brand":[],"product_model":[],"product_cat":[9422],"product_tag":[],"industry-terminology":[],"class_list":{"0":"post-64986","1":"product","2":"type-product","3":"status-publish","4":"has-post-thumbnail","6":"product_cat-gravel-pyorat","8":"first","9":"outofstock","10":"taxable","11":"shipping-taxable","12":"product-type-variable"},"acf":{"bike_features":null,"overview":{"copy_overview":null,"key_features":null,"statement":"","youtube_url":""}},"yoast_head":"<!-- This site is optimized with the Yoast SEO plugin v27.4 - https:\/\/yoast.com\/product\/yoast-seo-wordpress\/ -->\n<title>Orbea TERRA M31eTEAM 1X - Nickel - Met Cinnamon (Matt) - VM Sport<\/title>\n<meta name=\"robots\" content=\"index, follow, max-snippet:-1, max-image-preview:large, max-video-preview:-1\" \/>\n<link rel=\"canonical\" href=\"https:\/\/vmsport.fi\/sv\/webbutik\/cyklar\/vag-och-grus\/grus-pyorat\/orbea-terra-m31eteam-1x-nickel-met-cinnamon-matt\/\" \/>\n<meta property=\"og:locale\" content=\"sv_SE\" \/>\n<meta property=\"og:type\" content=\"article\" \/>\n<meta property=\"og:title\" content=\"Orbea TERRA M31eTEAM 1X - Nickel - Met Cinnamon (Matt) - VM Sport\" \/>\n<meta property=\"og:description\" content=\"Kevyt ja j\u00e4ykk\u00e4 hiilikuiturunko, runsaasti kiinnityspisteit\u00e4, leve\u00e4 rengastila ja UDH-yhteensopivuus tekev\u00e4t py\u00f6r\u00e4st\u00e4 monipuolisen gravel-suojan. [...]L\u00e4s mer \u2026 from Orbea TERRA M31eTEAM 1X &#8211; Nickel &#8211; Met Cinnamon (Matt)\" \/>\n<meta property=\"og:url\" content=\"https:\/\/vmsport.fi\/sv\/webbutik\/cyklar\/vag-och-grus\/grus-pyorat\/orbea-terra-m31eteam-1x-nickel-met-cinnamon-matt\/\" \/>\n<meta property=\"og:site_name\" content=\"VM Sport\" \/>\n<meta property=\"article:publisher\" content=\"https:\/\/www.facebook.com\/Vmsport.fi\/\" \/>\n<meta property=\"article:modified_time\" content=\"2026-04-15T11:23:08+00:00\" \/>\n<meta property=\"og:image\" content=\"https:\/\/vmsport.fi\/wp-content\/uploads\/2026\/04\/aBd7LmAP0qYs9xh1iraV4lFKM1XkVmsxMscmm5NVODUodEz0gd.jpg\" \/>\n\t<meta property=\"og:image:width\" content=\"1000\" \/>\n\t<meta property=\"og:image:height\" content=\"864\" \/>\n\t<meta property=\"og:image:type\" content=\"image\/jpeg\" \/>\n<meta name=\"twitter:card\" content=\"summary_large_image\" \/>\n<script type=\"application\/ld+json\" class=\"yoast-schema-graph\">{\"@context\":\"https:\\\/\\\/schema.org\",\"@graph\":[{\"@type\":[\"WebPage\",\"ItemPage\"],\"@id\":\"https:\\\/\\\/vmsport.fi\\\/verkkokauppa\\\/polkupyorat\\\/maantie-ja-gravel\\\/gravel-pyorat\\\/orbea-terra-m31eteam-1x-nickel-met-cinnamon-matt\\\/\",\"url\":\"https:\\\/\\\/vmsport.fi\\\/verkkokauppa\\\/polkupyorat\\\/maantie-ja-gravel\\\/gravel-pyorat\\\/orbea-terra-m31eteam-1x-nickel-met-cinnamon-matt\\\/\",\"name\":\"Orbea TERRA M31eTEAM 1X - Nickel - Met Cinnamon (Matt) - VM Sport\",\"isPartOf\":{\"@id\":\"https:\\\/\\\/vmsport.fi\\\/#website\"},\"primaryImageOfPage\":{\"@id\":\"https:\\\/\\\/vmsport.fi\\\/verkkokauppa\\\/polkupyorat\\\/maantie-ja-gravel\\\/gravel-pyorat\\\/orbea-terra-m31eteam-1x-nickel-met-cinnamon-matt\\\/#primaryimage\"},\"image\":{\"@id\":\"https:\\\/\\\/vmsport.fi\\\/verkkokauppa\\\/polkupyorat\\\/maantie-ja-gravel\\\/gravel-pyorat\\\/orbea-terra-m31eteam-1x-nickel-met-cinnamon-matt\\\/#primaryimage\"},\"thumbnailUrl\":\"https:\\\/\\\/vmsport.fi\\\/wp-content\\\/uploads\\\/2026\\\/04\\\/aBd7LmAP0qYs9xh1iraV4lFKM1XkVmsxMscmm5NVODUodEz0gd.jpg\",\"datePublished\":\"2026-04-13T13:59:23+00:00\",\"dateModified\":\"2026-04-15T11:23:08+00:00\",\"breadcrumb\":{\"@id\":\"https:\\\/\\\/vmsport.fi\\\/verkkokauppa\\\/polkupyorat\\\/maantie-ja-gravel\\\/gravel-pyorat\\\/orbea-terra-m31eteam-1x-nickel-met-cinnamon-matt\\\/#breadcrumb\"},\"inLanguage\":\"sv-SE\",\"potentialAction\":[{\"@type\":\"ReadAction\",\"target\":[\"https:\\\/\\\/vmsport.fi\\\/verkkokauppa\\\/polkupyorat\\\/maantie-ja-gravel\\\/gravel-pyorat\\\/orbea-terra-m31eteam-1x-nickel-met-cinnamon-matt\\\/\"]}]},{\"@type\":\"ImageObject\",\"inLanguage\":\"sv-SE\",\"@id\":\"https:\\\/\\\/vmsport.fi\\\/verkkokauppa\\\/polkupyorat\\\/maantie-ja-gravel\\\/gravel-pyorat\\\/orbea-terra-m31eteam-1x-nickel-met-cinnamon-matt\\\/#primaryimage\",\"url\":\"https:\\\/\\\/vmsport.fi\\\/wp-content\\\/uploads\\\/2026\\\/04\\\/aBd7LmAP0qYs9xh1iraV4lFKM1XkVmsxMscmm5NVODUodEz0gd.jpg\",\"contentUrl\":\"https:\\\/\\\/vmsport.fi\\\/wp-content\\\/uploads\\\/2026\\\/04\\\/aBd7LmAP0qYs9xh1iraV4lFKM1XkVmsxMscmm5NVODUodEz0gd.jpg\",\"width\":1000,\"height\":864,\"caption\":\"aBd7LmAP0qYs9xh1iraV4lFKM1XkVmsxMscmm5NVODUodEz0gd\"},{\"@type\":\"BreadcrumbList\",\"@id\":\"https:\\\/\\\/vmsport.fi\\\/verkkokauppa\\\/polkupyorat\\\/maantie-ja-gravel\\\/gravel-pyorat\\\/orbea-terra-m31eteam-1x-nickel-met-cinnamon-matt\\\/#breadcrumb\",\"itemListElement\":[{\"@type\":\"ListItem\",\"position\":1,\"name\":\"Etusivu\",\"item\":\"https:\\\/\\\/vmsport.fi\\\/\"},{\"@type\":\"ListItem\",\"position\":2,\"name\":\"Online Store\",\"item\":\"https:\\\/\\\/vmsport.fi\\\/en\\\/online-store\\\/\"},{\"@type\":\"ListItem\",\"position\":3,\"name\":\"Orbea TERRA M31eTEAM 1X &#8211; Nickel &#8211; Met Cinnamon (Matt)\"}]},{\"@type\":\"WebSite\",\"@id\":\"https:\\\/\\\/vmsport.fi\\\/#website\",\"url\":\"https:\\\/\\\/vmsport.fi\\\/\",\"name\":\"Vmsport\",\"description\":\"Kaikki py\u00f6r\u00e4ilyyn yhdest\u00e4 paikasta\",\"publisher\":{\"@id\":\"https:\\\/\\\/vmsport.fi\\\/#organization\"},\"potentialAction\":[{\"@type\":\"SearchAction\",\"target\":{\"@type\":\"EntryPoint\",\"urlTemplate\":\"https:\\\/\\\/vmsport.fi\\\/?s={search_term_string}\"},\"query-input\":{\"@type\":\"PropertyValueSpecification\",\"valueRequired\":true,\"valueName\":\"search_term_string\"}}],\"inLanguage\":\"sv-SE\"},{\"@type\":\"Organization\",\"@id\":\"https:\\\/\\\/vmsport.fi\\\/#organization\",\"name\":\"Vmsport\",\"url\":\"https:\\\/\\\/vmsport.fi\\\/\",\"logo\":{\"@type\":\"ImageObject\",\"inLanguage\":\"sv-SE\",\"@id\":\"https:\\\/\\\/vmsport.fi\\\/#\\\/schema\\\/logo\\\/image\\\/\",\"url\":\"https:\\\/\\\/vmsport.fi\\\/wp-content\\\/uploads\\\/2024\\\/12\\\/vm_sport_RGB_horisontal-e1734526017575.png\",\"contentUrl\":\"https:\\\/\\\/vmsport.fi\\\/wp-content\\\/uploads\\\/2024\\\/12\\\/vm_sport_RGB_horisontal-e1734526017575.png\",\"width\":668,\"height\":85,\"caption\":\"Vmsport\"},\"image\":{\"@id\":\"https:\\\/\\\/vmsport.fi\\\/#\\\/schema\\\/logo\\\/image\\\/\"},\"sameAs\":[\"https:\\\/\\\/www.facebook.com\\\/Vmsport.fi\\\/\",\"https:\\\/\\\/www.instagram.com\\\/vmsport\\\/\"]}]}<\/script>\n<!-- \/ Yoast SEO plugin. -->","yoast_head_json":{"title":"Orbea TERRA M31eTEAM 1X - Nickel - Met Cinnamon (Matt) - VM Sport","robots":{"index":"index","follow":"follow","max-snippet":"max-snippet:-1","max-image-preview":"max-image-preview:large","max-video-preview":"max-video-preview:-1"},"canonical":"https:\/\/vmsport.fi\/sv\/webbutik\/cyklar\/vag-och-grus\/grus-pyorat\/orbea-terra-m31eteam-1x-nickel-met-cinnamon-matt\/","og_locale":"sv_SE","og_type":"article","og_title":"Orbea TERRA M31eTEAM 1X - Nickel - Met Cinnamon (Matt) - VM Sport","og_description":"Kevyt ja j\u00e4ykk\u00e4 hiilikuiturunko, runsaasti kiinnityspisteit\u00e4, leve\u00e4 rengastila ja UDH-yhteensopivuus tekev\u00e4t py\u00f6r\u00e4st\u00e4 monipuolisen gravel-suojan. [...]L\u00e4s mer \u2026 from Orbea TERRA M31eTEAM 1X &#8211; Nickel &#8211; Met Cinnamon (Matt)","og_url":"https:\/\/vmsport.fi\/sv\/webbutik\/cyklar\/vag-och-grus\/grus-pyorat\/orbea-terra-m31eteam-1x-nickel-met-cinnamon-matt\/","og_site_name":"VM Sport","article_publisher":"https:\/\/www.facebook.com\/Vmsport.fi\/","article_modified_time":"2026-04-15T11:23:08+00:00","og_image":[{"width":1000,"height":864,"url":"https:\/\/vmsport.fi\/wp-content\/uploads\/2026\/04\/aBd7LmAP0qYs9xh1iraV4lFKM1XkVmsxMscmm5NVODUodEz0gd.jpg","type":"image\/jpeg"}],"twitter_card":"summary_large_image","schema":{"@context":"https:\/\/schema.org","@graph":[{"@type":["WebPage","ItemPage"],"@id":"https:\/\/vmsport.fi\/verkkokauppa\/polkupyorat\/maantie-ja-gravel\/gravel-pyorat\/orbea-terra-m31eteam-1x-nickel-met-cinnamon-matt\/","url":"https:\/\/vmsport.fi\/verkkokauppa\/polkupyorat\/maantie-ja-gravel\/gravel-pyorat\/orbea-terra-m31eteam-1x-nickel-met-cinnamon-matt\/","name":"Orbea TERRA M31eTEAM 1X - Nickel - Met Cinnamon (Matt) - VM Sport","isPartOf":{"@id":"https:\/\/vmsport.fi\/#website"},"primaryImageOfPage":{"@id":"https:\/\/vmsport.fi\/verkkokauppa\/polkupyorat\/maantie-ja-gravel\/gravel-pyorat\/orbea-terra-m31eteam-1x-nickel-met-cinnamon-matt\/#primaryimage"},"image":{"@id":"https:\/\/vmsport.fi\/verkkokauppa\/polkupyorat\/maantie-ja-gravel\/gravel-pyorat\/orbea-terra-m31eteam-1x-nickel-met-cinnamon-matt\/#primaryimage"},"thumbnailUrl":"https:\/\/vmsport.fi\/wp-content\/uploads\/2026\/04\/aBd7LmAP0qYs9xh1iraV4lFKM1XkVmsxMscmm5NVODUodEz0gd.jpg","datePublished":"2026-04-13T13:59:23+00:00","dateModified":"2026-04-15T11:23:08+00:00","breadcrumb":{"@id":"https:\/\/vmsport.fi\/verkkokauppa\/polkupyorat\/maantie-ja-gravel\/gravel-pyorat\/orbea-terra-m31eteam-1x-nickel-met-cinnamon-matt\/#breadcrumb"},"inLanguage":"sv-SE","potentialAction":[{"@type":"ReadAction","target":["https:\/\/vmsport.fi\/verkkokauppa\/polkupyorat\/maantie-ja-gravel\/gravel-pyorat\/orbea-terra-m31eteam-1x-nickel-met-cinnamon-matt\/"]}]},{"@type":"ImageObject","inLanguage":"sv-SE","@id":"https:\/\/vmsport.fi\/verkkokauppa\/polkupyorat\/maantie-ja-gravel\/gravel-pyorat\/orbea-terra-m31eteam-1x-nickel-met-cinnamon-matt\/#primaryimage","url":"https:\/\/vmsport.fi\/wp-content\/uploads\/2026\/04\/aBd7LmAP0qYs9xh1iraV4lFKM1XkVmsxMscmm5NVODUodEz0gd.jpg","contentUrl":"https:\/\/vmsport.fi\/wp-content\/uploads\/2026\/04\/aBd7LmAP0qYs9xh1iraV4lFKM1XkVmsxMscmm5NVODUodEz0gd.jpg","width":1000,"height":864,"caption":"aBd7LmAP0qYs9xh1iraV4lFKM1XkVmsxMscmm5NVODUodEz0gd"},{"@type":"BreadcrumbList","@id":"https:\/\/vmsport.fi\/verkkokauppa\/polkupyorat\/maantie-ja-gravel\/gravel-pyorat\/orbea-terra-m31eteam-1x-nickel-met-cinnamon-matt\/#breadcrumb","itemListElement":[{"@type":"ListItem","position":1,"name":"Etusivu","item":"https:\/\/vmsport.fi\/"},{"@type":"ListItem","position":2,"name":"Online Store","item":"https:\/\/vmsport.fi\/en\/online-store\/"},{"@type":"ListItem","position":3,"name":"Orbea TERRA M31eTEAM 1X &#8211; Nickel &#8211; Met Cinnamon (Matt)"}]},{"@type":"WebSite","@id":"https:\/\/vmsport.fi\/#website","url":"https:\/\/vmsport.fi\/","name":"Vmsport","description":"Allt p\u00e5 ett st\u00e4lle f\u00f6r cykling","publisher":{"@id":"https:\/\/vmsport.fi\/#organization"},"potentialAction":[{"@type":"SearchAction","target":{"@type":"EntryPoint","urlTemplate":"https:\/\/vmsport.fi\/?s={search_term_string}"},"query-input":{"@type":"PropertyValueSpecification","valueRequired":true,"valueName":"search_term_string"}}],"inLanguage":"sv-SE"},{"@type":"Organization","@id":"https:\/\/vmsport.fi\/#organization","name":"Vmsport","url":"https:\/\/vmsport.fi\/","logo":{"@type":"ImageObject","inLanguage":"sv-SE","@id":"https:\/\/vmsport.fi\/#\/schema\/logo\/image\/","url":"https:\/\/vmsport.fi\/wp-content\/uploads\/2024\/12\/vm_sport_RGB_horisontal-e1734526017575.png","contentUrl":"https:\/\/vmsport.fi\/wp-content\/uploads\/2024\/12\/vm_sport_RGB_horisontal-e1734526017575.png","width":668,"height":85,"caption":"Vmsport"},"image":{"@id":"https:\/\/vmsport.fi\/#\/schema\/logo\/image\/"},"sameAs":["https:\/\/www.facebook.com\/Vmsport.fi\/","https:\/\/www.instagram.com\/vmsport\/"]}]}},"global_unique_id":"","_links":{"self":[{"href":"https:\/\/vmsport.fi\/sv\/wp-json\/wp\/v2\/product\/64986","targetHints":{"allow":["GET"]}}],"collection":[{"href":"https:\/\/vmsport.fi\/sv\/wp-json\/wp\/v2\/product"}],"about":[{"href":"https:\/\/vmsport.fi\/sv\/wp-json\/wp\/v2\/types\/product"}],"replies":[{"embeddable":true,"href":"https:\/\/vmsport.fi\/sv\/wp-json\/wp\/v2\/comments?post=64986"}],"wp:featuredmedia":[{"embeddable":true,"href":"https:\/\/vmsport.fi\/sv\/wp-json\/wp\/v2\/media\/64985"}],"wp:attachment":[{"href":"https:\/\/vmsport.fi\/sv\/wp-json\/wp\/v2\/media?parent=64986"}],"wp:term":[{"taxonomy":"product_brand","embeddable":true,"href":"https:\/\/vmsport.fi\/sv\/wp-json\/wp\/v2\/product_brand?post=64986"},{"taxonomy":"product_model","embeddable":true,"href":"https:\/\/vmsport.fi\/sv\/wp-json\/wp\/v2\/product_model?post=64986"},{"taxonomy":"product_cat","embeddable":true,"href":"https:\/\/vmsport.fi\/sv\/wp-json\/wp\/v2\/product_cat?post=64986"},{"taxonomy":"product_tag","embeddable":true,"href":"https:\/\/vmsport.fi\/sv\/wp-json\/wp\/v2\/product_tag?post=64986"},{"taxonomy":"industry_terminology","embeddable":true,"href":"https:\/\/vmsport.fi\/sv\/wp-json\/wp\/v2\/industry-terminology?post=64986"}],"curies":[{"name":"wp","href":"https:\/\/api.w.org\/{rel}","templated":true}]}}