{"id":64734,"date":"2026-04-10T14:59:50","date_gmt":"2026-04-10T11:59:50","guid":{"rendered":"https:\/\/vmsport.fi\/verkkokauppa\/Ei-luokiteltu\/scott-addict-gravel-30-carbon-black\/"},"modified":"2026-04-10T18:16:58","modified_gmt":"2026-04-10T15:16:58","slug":"scott-addict-gravel-30-carbon-black","status":"publish","type":"product","link":"https:\/\/vmsport.fi\/sv\/verkkokauppa\/polkupyorat\/maantie-ja-gravel\/gravel-pyorat\/scott-addict-gravel-30-carbon-black\/","title":{"rendered":"Scott Addict Gravel 30 &#8211; carbon black"},"content":{"rendered":"<p>SCOTT Addict Gravel 30 tarjoaa kuljettajalle mukavuutta ja monipuolisuutta gravel-py\u00f6r\u00e4ilyyn. Renkaan tilavuus on kasvatettu 45 millimetriin, mik\u00e4 lis\u00e4\u00e4 iskunvaimennusta ja ajovakautta ep\u00e4tasaisilla alustoilla. Py\u00f6r\u00e4n runko ja haarukka on valmistettu SCOTTin HMF-hiilikuidusta, joka pit\u00e4\u00e4 painon maltillisena ja j\u00e4ykkyyden optimaalisena tehokasta polkemista varten. Sis\u00e4inen kaapelointi takaa siistin ulkon\u00e4\u00f6n ja suojaa vaijereita ja letkuja kulumiselta sek\u00e4 sotkeentumiselta. Py\u00f6r\u00e4ss\u00e4 on useita kiinnityspisteit\u00e4 esimerkiksi lokasuojille, lis\u00e4pulloille ja erilaisille laukkuihin. Lis\u00e4ksi se soveltuu sek\u00e4 yksitt\u00e4is- ett\u00e4 kaksoisvaihteistoille, tarjoten mukautuvuutta vaihteleviin tarpeisiin. Shimano GRX -komponentit takaavat luotettavuuden ja hyv\u00e4n vaihtotuntuman. Paino 9,5 kg on kilpailukykyinen gravel-py\u00f6rille, ja 120 kg j\u00e4rjestelm\u00e4painoraja kattaa kuljettajan, py\u00f6r\u00e4n ja varusteet.<\/p>","protected":false},"excerpt":{"rendered":"<p>SCOTT Addict Gravel 30 tarjoaa hyv\u00e4n yhdistelm\u00e4n mukavuutta, monipuolisuutta ja suorituskyky\u00e4 gravel-ajoon. Sis\u00e4inen kaapelointi ja laajat kiinnikkeet ovat plussaa. [&#8230;]<\/p>\n<p><a class=\"btn btn-secondary understrap-read-more-link\" href=\"https:\/\/vmsport.fi\/sv\/verkkokauppa\/polkupyorat\/maantie-ja-gravel\/gravel-pyorat\/scott-addict-gravel-30-carbon-black\/\">L\u00e4s mer \u2026<span class=\"screen-reader-text\"> from Scott Addict Gravel 30 &#8211; carbon black<\/span><\/a><\/p>\n","protected":false},"featured_media":64731,"comment_status":"open","ping_status":"closed","template":"","meta":{"_acf_changed":false,"_improvement_type_select":"improve_an_existing","_thumb_yes_seoaic":false,"_frame_yes_seoaic":false,"seoaic_generate_description":"","seoaic_improve_instructions_prompt":"","seoaic_rollback_content_improvement":"","seoaic_idea_thumbnail_generator":"","thumbnail_generated":false,"thumbnail_generate_prompt":"","seoaic_article_description":"","_supplier_stock_quantity":0},"product_brand":[],"product_model":[],"product_cat":[9422],"product_tag":[],"industry-terminology":[],"class_list":{"0":"post-64734","1":"product","2":"type-product","3":"status-publish","4":"has-post-thumbnail","6":"product_cat-gravel-pyorat","8":"first","9":"outofstock","10":"taxable","11":"shipping-taxable","12":"product-type-variable"},"acf":{"bike_features":null,"overview":{"copy_overview":null,"key_features":null,"statement":"","youtube_url":""}},"yoast_head":"<!-- This site is optimized with the Yoast SEO plugin v27.3 - https:\/\/yoast.com\/product\/yoast-seo-wordpress\/ -->\n<title>Scott Addict Gravel 30 - carbon black - VM Sport<\/title>\n<meta name=\"robots\" content=\"index, follow, max-snippet:-1, max-image-preview:large, max-video-preview:-1\" \/>\n<link rel=\"canonical\" href=\"https:\/\/vmsport.fi\/sv\/webbutik\/cyklar\/vag-och-grus\/grus-pyorat\/scott-addict-gravel-30-carbon-black\/\" \/>\n<meta property=\"og:locale\" content=\"sv_SE\" \/>\n<meta property=\"og:type\" content=\"article\" \/>\n<meta property=\"og:title\" content=\"Scott Addict Gravel 30 - carbon black - VM Sport\" \/>\n<meta property=\"og:description\" content=\"SCOTT Addict Gravel 30 tarjoaa hyv\u00e4n yhdistelm\u00e4n mukavuutta, monipuolisuutta ja suorituskyky\u00e4 gravel-ajoon. Sis\u00e4inen kaapelointi ja laajat kiinnikkeet ovat plussaa. [...]L\u00e4s mer \u2026 from Scott Addict Gravel 30 &#8211; carbon black\" \/>\n<meta property=\"og:url\" content=\"https:\/\/vmsport.fi\/sv\/webbutik\/cyklar\/vag-och-grus\/grus-pyorat\/scott-addict-gravel-30-carbon-black\/\" \/>\n<meta property=\"og:site_name\" content=\"VM Sport\" \/>\n<meta property=\"article:publisher\" content=\"https:\/\/www.facebook.com\/Vmsport.fi\/\" \/>\n<meta property=\"article:modified_time\" content=\"2026-04-10T15:16:58+00:00\" \/>\n<meta property=\"og:image\" content=\"https:\/\/vmsport.fi\/wp-content\/uploads\/2026\/04\/qxJZeb32Z93An75fGe9FKUeDAkU0c1qpmB9qfsUWw9aaMnlnCE.jpg\" \/>\n\t<meta property=\"og:image:width\" content=\"1000\" \/>\n\t<meta property=\"og:image:height\" content=\"1000\" \/>\n\t<meta property=\"og:image:type\" content=\"image\/jpeg\" \/>\n<meta name=\"twitter:card\" content=\"summary_large_image\" \/>\n<meta name=\"twitter:label1\" content=\"Ber\u00e4knad l\u00e4stid\" \/>\n\t<meta name=\"twitter:data1\" content=\"1 minut\" \/>\n<script type=\"application\/ld+json\" class=\"yoast-schema-graph\">{\"@context\":\"https:\\\/\\\/schema.org\",\"@graph\":[{\"@type\":[\"WebPage\",\"ItemPage\"],\"@id\":\"https:\\\/\\\/vmsport.fi\\\/verkkokauppa\\\/polkupyorat\\\/maantie-ja-gravel\\\/gravel-pyorat\\\/scott-addict-gravel-30-carbon-black\\\/\",\"url\":\"https:\\\/\\\/vmsport.fi\\\/verkkokauppa\\\/polkupyorat\\\/maantie-ja-gravel\\\/gravel-pyorat\\\/scott-addict-gravel-30-carbon-black\\\/\",\"name\":\"Scott Addict Gravel 30 - carbon black - VM Sport\",\"isPartOf\":{\"@id\":\"https:\\\/\\\/vmsport.fi\\\/#website\"},\"primaryImageOfPage\":{\"@id\":\"https:\\\/\\\/vmsport.fi\\\/verkkokauppa\\\/polkupyorat\\\/maantie-ja-gravel\\\/gravel-pyorat\\\/scott-addict-gravel-30-carbon-black\\\/#primaryimage\"},\"image\":{\"@id\":\"https:\\\/\\\/vmsport.fi\\\/verkkokauppa\\\/polkupyorat\\\/maantie-ja-gravel\\\/gravel-pyorat\\\/scott-addict-gravel-30-carbon-black\\\/#primaryimage\"},\"thumbnailUrl\":\"https:\\\/\\\/vmsport.fi\\\/wp-content\\\/uploads\\\/2026\\\/04\\\/qxJZeb32Z93An75fGe9FKUeDAkU0c1qpmB9qfsUWw9aaMnlnCE.jpg\",\"datePublished\":\"2026-04-10T11:59:50+00:00\",\"dateModified\":\"2026-04-10T15:16:58+00:00\",\"breadcrumb\":{\"@id\":\"https:\\\/\\\/vmsport.fi\\\/verkkokauppa\\\/polkupyorat\\\/maantie-ja-gravel\\\/gravel-pyorat\\\/scott-addict-gravel-30-carbon-black\\\/#breadcrumb\"},\"inLanguage\":\"sv-SE\",\"potentialAction\":[{\"@type\":\"ReadAction\",\"target\":[\"https:\\\/\\\/vmsport.fi\\\/verkkokauppa\\\/polkupyorat\\\/maantie-ja-gravel\\\/gravel-pyorat\\\/scott-addict-gravel-30-carbon-black\\\/\"]}]},{\"@type\":\"ImageObject\",\"inLanguage\":\"sv-SE\",\"@id\":\"https:\\\/\\\/vmsport.fi\\\/verkkokauppa\\\/polkupyorat\\\/maantie-ja-gravel\\\/gravel-pyorat\\\/scott-addict-gravel-30-carbon-black\\\/#primaryimage\",\"url\":\"https:\\\/\\\/vmsport.fi\\\/wp-content\\\/uploads\\\/2026\\\/04\\\/qxJZeb32Z93An75fGe9FKUeDAkU0c1qpmB9qfsUWw9aaMnlnCE.jpg\",\"contentUrl\":\"https:\\\/\\\/vmsport.fi\\\/wp-content\\\/uploads\\\/2026\\\/04\\\/qxJZeb32Z93An75fGe9FKUeDAkU0c1qpmB9qfsUWw9aaMnlnCE.jpg\",\"width\":1000,\"height\":1000,\"caption\":\"qxJZeb32Z93An75fGe9FKUeDAkU0c1qpmB9qfsUWw9aaMnlnCE\"},{\"@type\":\"BreadcrumbList\",\"@id\":\"https:\\\/\\\/vmsport.fi\\\/verkkokauppa\\\/polkupyorat\\\/maantie-ja-gravel\\\/gravel-pyorat\\\/scott-addict-gravel-30-carbon-black\\\/#breadcrumb\",\"itemListElement\":[{\"@type\":\"ListItem\",\"position\":1,\"name\":\"Etusivu\",\"item\":\"https:\\\/\\\/vmsport.fi\\\/\"},{\"@type\":\"ListItem\",\"position\":2,\"name\":\"Online Store\",\"item\":\"https:\\\/\\\/vmsport.fi\\\/en\\\/online-store\\\/\"},{\"@type\":\"ListItem\",\"position\":3,\"name\":\"Scott Addict Gravel 30 &#8211; carbon black\"}]},{\"@type\":\"WebSite\",\"@id\":\"https:\\\/\\\/vmsport.fi\\\/#website\",\"url\":\"https:\\\/\\\/vmsport.fi\\\/\",\"name\":\"Vmsport\",\"description\":\"Kaikki py\u00f6r\u00e4ilyyn yhdest\u00e4 paikasta\",\"publisher\":{\"@id\":\"https:\\\/\\\/vmsport.fi\\\/#organization\"},\"potentialAction\":[{\"@type\":\"SearchAction\",\"target\":{\"@type\":\"EntryPoint\",\"urlTemplate\":\"https:\\\/\\\/vmsport.fi\\\/?s={search_term_string}\"},\"query-input\":{\"@type\":\"PropertyValueSpecification\",\"valueRequired\":true,\"valueName\":\"search_term_string\"}}],\"inLanguage\":\"sv-SE\"},{\"@type\":\"Organization\",\"@id\":\"https:\\\/\\\/vmsport.fi\\\/#organization\",\"name\":\"Vmsport\",\"url\":\"https:\\\/\\\/vmsport.fi\\\/\",\"logo\":{\"@type\":\"ImageObject\",\"inLanguage\":\"sv-SE\",\"@id\":\"https:\\\/\\\/vmsport.fi\\\/#\\\/schema\\\/logo\\\/image\\\/\",\"url\":\"https:\\\/\\\/vmsport.fi\\\/wp-content\\\/uploads\\\/2024\\\/12\\\/vm_sport_RGB_horisontal-e1734526017575.png\",\"contentUrl\":\"https:\\\/\\\/vmsport.fi\\\/wp-content\\\/uploads\\\/2024\\\/12\\\/vm_sport_RGB_horisontal-e1734526017575.png\",\"width\":668,\"height\":85,\"caption\":\"Vmsport\"},\"image\":{\"@id\":\"https:\\\/\\\/vmsport.fi\\\/#\\\/schema\\\/logo\\\/image\\\/\"},\"sameAs\":[\"https:\\\/\\\/www.facebook.com\\\/Vmsport.fi\\\/\",\"https:\\\/\\\/www.instagram.com\\\/vmsport\\\/\"]}]}<\/script>\n<!-- \/ Yoast SEO plugin. -->","yoast_head_json":{"title":"Scott Addict Gravel 30 - carbon black - VM Sport","robots":{"index":"index","follow":"follow","max-snippet":"max-snippet:-1","max-image-preview":"max-image-preview:large","max-video-preview":"max-video-preview:-1"},"canonical":"https:\/\/vmsport.fi\/sv\/webbutik\/cyklar\/vag-och-grus\/grus-pyorat\/scott-addict-gravel-30-carbon-black\/","og_locale":"sv_SE","og_type":"article","og_title":"Scott Addict Gravel 30 - carbon black - VM Sport","og_description":"SCOTT Addict Gravel 30 tarjoaa hyv\u00e4n yhdistelm\u00e4n mukavuutta, monipuolisuutta ja suorituskyky\u00e4 gravel-ajoon. Sis\u00e4inen kaapelointi ja laajat kiinnikkeet ovat plussaa. [...]L\u00e4s mer \u2026 from Scott Addict Gravel 30 &#8211; carbon black","og_url":"https:\/\/vmsport.fi\/sv\/webbutik\/cyklar\/vag-och-grus\/grus-pyorat\/scott-addict-gravel-30-carbon-black\/","og_site_name":"VM Sport","article_publisher":"https:\/\/www.facebook.com\/Vmsport.fi\/","article_modified_time":"2026-04-10T15:16:58+00:00","og_image":[{"width":1000,"height":1000,"url":"https:\/\/vmsport.fi\/wp-content\/uploads\/2026\/04\/qxJZeb32Z93An75fGe9FKUeDAkU0c1qpmB9qfsUWw9aaMnlnCE.jpg","type":"image\/jpeg"}],"twitter_card":"summary_large_image","twitter_misc":{"Ber\u00e4knad l\u00e4stid":"1 minut"},"schema":{"@context":"https:\/\/schema.org","@graph":[{"@type":["WebPage","ItemPage"],"@id":"https:\/\/vmsport.fi\/verkkokauppa\/polkupyorat\/maantie-ja-gravel\/gravel-pyorat\/scott-addict-gravel-30-carbon-black\/","url":"https:\/\/vmsport.fi\/verkkokauppa\/polkupyorat\/maantie-ja-gravel\/gravel-pyorat\/scott-addict-gravel-30-carbon-black\/","name":"Scott Addict Gravel 30 - carbon black - VM Sport","isPartOf":{"@id":"https:\/\/vmsport.fi\/#website"},"primaryImageOfPage":{"@id":"https:\/\/vmsport.fi\/verkkokauppa\/polkupyorat\/maantie-ja-gravel\/gravel-pyorat\/scott-addict-gravel-30-carbon-black\/#primaryimage"},"image":{"@id":"https:\/\/vmsport.fi\/verkkokauppa\/polkupyorat\/maantie-ja-gravel\/gravel-pyorat\/scott-addict-gravel-30-carbon-black\/#primaryimage"},"thumbnailUrl":"https:\/\/vmsport.fi\/wp-content\/uploads\/2026\/04\/qxJZeb32Z93An75fGe9FKUeDAkU0c1qpmB9qfsUWw9aaMnlnCE.jpg","datePublished":"2026-04-10T11:59:50+00:00","dateModified":"2026-04-10T15:16:58+00:00","breadcrumb":{"@id":"https:\/\/vmsport.fi\/verkkokauppa\/polkupyorat\/maantie-ja-gravel\/gravel-pyorat\/scott-addict-gravel-30-carbon-black\/#breadcrumb"},"inLanguage":"sv-SE","potentialAction":[{"@type":"ReadAction","target":["https:\/\/vmsport.fi\/verkkokauppa\/polkupyorat\/maantie-ja-gravel\/gravel-pyorat\/scott-addict-gravel-30-carbon-black\/"]}]},{"@type":"ImageObject","inLanguage":"sv-SE","@id":"https:\/\/vmsport.fi\/verkkokauppa\/polkupyorat\/maantie-ja-gravel\/gravel-pyorat\/scott-addict-gravel-30-carbon-black\/#primaryimage","url":"https:\/\/vmsport.fi\/wp-content\/uploads\/2026\/04\/qxJZeb32Z93An75fGe9FKUeDAkU0c1qpmB9qfsUWw9aaMnlnCE.jpg","contentUrl":"https:\/\/vmsport.fi\/wp-content\/uploads\/2026\/04\/qxJZeb32Z93An75fGe9FKUeDAkU0c1qpmB9qfsUWw9aaMnlnCE.jpg","width":1000,"height":1000,"caption":"qxJZeb32Z93An75fGe9FKUeDAkU0c1qpmB9qfsUWw9aaMnlnCE"},{"@type":"BreadcrumbList","@id":"https:\/\/vmsport.fi\/verkkokauppa\/polkupyorat\/maantie-ja-gravel\/gravel-pyorat\/scott-addict-gravel-30-carbon-black\/#breadcrumb","itemListElement":[{"@type":"ListItem","position":1,"name":"Etusivu","item":"https:\/\/vmsport.fi\/"},{"@type":"ListItem","position":2,"name":"Online Store","item":"https:\/\/vmsport.fi\/en\/online-store\/"},{"@type":"ListItem","position":3,"name":"Scott Addict Gravel 30 &#8211; carbon black"}]},{"@type":"WebSite","@id":"https:\/\/vmsport.fi\/#website","url":"https:\/\/vmsport.fi\/","name":"Vmsport","description":"Allt p\u00e5 ett st\u00e4lle f\u00f6r cykling","publisher":{"@id":"https:\/\/vmsport.fi\/#organization"},"potentialAction":[{"@type":"SearchAction","target":{"@type":"EntryPoint","urlTemplate":"https:\/\/vmsport.fi\/?s={search_term_string}"},"query-input":{"@type":"PropertyValueSpecification","valueRequired":true,"valueName":"search_term_string"}}],"inLanguage":"sv-SE"},{"@type":"Organization","@id":"https:\/\/vmsport.fi\/#organization","name":"Vmsport","url":"https:\/\/vmsport.fi\/","logo":{"@type":"ImageObject","inLanguage":"sv-SE","@id":"https:\/\/vmsport.fi\/#\/schema\/logo\/image\/","url":"https:\/\/vmsport.fi\/wp-content\/uploads\/2024\/12\/vm_sport_RGB_horisontal-e1734526017575.png","contentUrl":"https:\/\/vmsport.fi\/wp-content\/uploads\/2024\/12\/vm_sport_RGB_horisontal-e1734526017575.png","width":668,"height":85,"caption":"Vmsport"},"image":{"@id":"https:\/\/vmsport.fi\/#\/schema\/logo\/image\/"},"sameAs":["https:\/\/www.facebook.com\/Vmsport.fi\/","https:\/\/www.instagram.com\/vmsport\/"]}]}},"global_unique_id":"","_links":{"self":[{"href":"https:\/\/vmsport.fi\/sv\/wp-json\/wp\/v2\/product\/64734","targetHints":{"allow":["GET"]}}],"collection":[{"href":"https:\/\/vmsport.fi\/sv\/wp-json\/wp\/v2\/product"}],"about":[{"href":"https:\/\/vmsport.fi\/sv\/wp-json\/wp\/v2\/types\/product"}],"replies":[{"embeddable":true,"href":"https:\/\/vmsport.fi\/sv\/wp-json\/wp\/v2\/comments?post=64734"}],"wp:featuredmedia":[{"embeddable":true,"href":"https:\/\/vmsport.fi\/sv\/wp-json\/wp\/v2\/media\/64731"}],"wp:attachment":[{"href":"https:\/\/vmsport.fi\/sv\/wp-json\/wp\/v2\/media?parent=64734"}],"wp:term":[{"taxonomy":"product_brand","embeddable":true,"href":"https:\/\/vmsport.fi\/sv\/wp-json\/wp\/v2\/product_brand?post=64734"},{"taxonomy":"product_model","embeddable":true,"href":"https:\/\/vmsport.fi\/sv\/wp-json\/wp\/v2\/product_model?post=64734"},{"taxonomy":"product_cat","embeddable":true,"href":"https:\/\/vmsport.fi\/sv\/wp-json\/wp\/v2\/product_cat?post=64734"},{"taxonomy":"product_tag","embeddable":true,"href":"https:\/\/vmsport.fi\/sv\/wp-json\/wp\/v2\/product_tag?post=64734"},{"taxonomy":"industry_terminology","embeddable":true,"href":"https:\/\/vmsport.fi\/sv\/wp-json\/wp\/v2\/industry-terminology?post=64734"}],"curies":[{"name":"wp","href":"https:\/\/api.w.org\/{rel}","templated":true}]}}