{"id":64508,"date":"2026-04-07T16:59:17","date_gmt":"2026-04-07T13:59:17","guid":{"rendered":"https:\/\/vmsport.fi\/verkkokauppa\/Ei-luokiteltu\/restrap-frame-bag-large\/"},"modified":"2026-04-22T15:06:15","modified_gmt":"2026-04-22T12:06:15","slug":"restrap-frame-bag-large","status":"publish","type":"product","link":"https:\/\/vmsport.fi\/sv\/verkkokauppa\/tarvikkeet\/laukut\/runkolaukut\/restrap-frame-bag-large\/","title":{"rendered":"Restrap Frame Bag Large"},"content":{"rendered":"<p data-start=\"0\" data-end=\"270\">Restrapin #carryeverything-runko\u00adlaukuilla lis\u00e4\u00e4t helposti py\u00f6r\u00e4si kantavuutta mukavaa bikepackingia ja retkiajoa varten. Laukut kiinnittyv\u00e4t ilman erillisi\u00e4 kiinnikkeit\u00e4 tai ruuveja, ja niit\u00e4 on saatavilla kolmessa eri koossa, joten ne sopivat l\u00e4hes kaikkiin runkoihin.<\/p>\n<p data-start=\"272\" data-end=\"564\">T\u00e4ysin vedenpit\u00e4v\u00e4t vetoketjut, kest\u00e4v\u00e4 1000D Cordura -pintamateriaali sek\u00e4 VX21-kankaat pit\u00e4v\u00e4t varusteesi kuivina ja suojassa haastavissakin s\u00e4\u00e4olosuhteissa. Kumipintaiset kiinnityshihnat parantavat pitoa runkoa vasten, ja heijastavat paracord-vetimet lis\u00e4\u00e4v\u00e4t n\u00e4kyvyytt\u00e4 ja turvallisuutta.<\/p>\n<p data-start=\"566\" data-end=\"767\" data-is-last-node=\"\" data-is-only-node=\"\">Sis\u00e4iset verkkotaskut auttavat pit\u00e4m\u00e4\u00e4n tavarat j\u00e4rjestyksess\u00e4 ajon aikana, ja keskikokoisessa sek\u00e4 suuressa mallissa on lis\u00e4ksi erillinen dokumenttitasku. Laukussa on my\u00f6s l\u00e4pivienti dynamokaapelille.<\/p>","protected":false},"excerpt":{"rendered":"<p>Restrapin #carryeverything-runko\u00adlaukuilla lis\u00e4\u00e4t helposti py\u00f6r\u00e4si kantavuutta mukavaa bikepackingia ja retkiajoa varten. Laukut kiinnittyv\u00e4t ilman erillisi\u00e4 kiinnikkeit\u00e4 tai ruuveja, ja niit\u00e4 on saatavilla kolmessa eri koossa, joten ne sopivat l\u00e4hes kaikkiin runkoihin. T\u00e4ysin vedenpit\u00e4v\u00e4t vetoketjut, kest\u00e4v\u00e4 1000D Cordura -pintamateriaali sek\u00e4 VX21-kankaat pit\u00e4v\u00e4t varusteesi kuivina ja suojassa haastavissakin s\u00e4\u00e4olosuhteissa. Kumipintaiset kiinnityshihnat parantavat pitoa runkoa vasten, ja heijastavat [&#8230;]<\/p>\n<p><a class=\"btn btn-secondary understrap-read-more-link\" href=\"https:\/\/vmsport.fi\/sv\/verkkokauppa\/tarvikkeet\/laukut\/runkolaukut\/restrap-frame-bag-large\/\">L\u00e4s mer \u2026<span class=\"screen-reader-text\"> from Restrap Frame Bag Large<\/span><\/a><\/p>\n","protected":false},"featured_media":64506,"comment_status":"open","ping_status":"closed","template":"","meta":{"_acf_changed":false,"_improvement_type_select":"improve_an_existing","_thumb_yes_seoaic":false,"_frame_yes_seoaic":false,"seoaic_generate_description":"","seoaic_improve_instructions_prompt":"","seoaic_rollback_content_improvement":"","seoaic_idea_thumbnail_generator":"","thumbnail_generated":false,"thumbnail_generate_prompt":"","seoaic_article_description":"","_supplier_stock_quantity":0},"product_brand":[10097],"product_model":[],"product_cat":[9600],"product_tag":[],"industry-terminology":[],"class_list":{"0":"post-64508","1":"product","2":"type-product","3":"status-publish","4":"has-post-thumbnail","6":"product_brand-restrap","7":"product_cat-runkolaukut","9":"first","10":"outofstock","11":"taxable","12":"shipping-taxable","13":"product-type-simple"},"acf":{"bike_features":null,"overview":{"copy_overview":null,"key_features":null,"statement":"","youtube_url":""}},"yoast_head":"<!-- This site is optimized with the Yoast SEO plugin v27.5 - https:\/\/yoast.com\/product\/yoast-seo-wordpress\/ -->\n<title>Restrap Frame Bag Large - VM Sport<\/title>\n<meta name=\"robots\" content=\"index, follow, max-snippet:-1, max-image-preview:large, max-video-preview:-1\" \/>\n<link rel=\"canonical\" href=\"https:\/\/vmsport.fi\/sv\/webbutik\/tillbehor\/vaskor\/bagagevaskor\/restrap-frame-bag-large\/\" \/>\n<meta property=\"og:locale\" content=\"sv_SE\" \/>\n<meta property=\"og:type\" content=\"article\" \/>\n<meta property=\"og:title\" content=\"Restrap Frame Bag Large - VM Sport\" \/>\n<meta property=\"og:description\" content=\"Restrapin #carryeverything-runko\u00adlaukuilla lis\u00e4\u00e4t helposti py\u00f6r\u00e4si kantavuutta mukavaa bikepackingia ja retkiajoa varten. Laukut kiinnittyv\u00e4t ilman erillisi\u00e4 kiinnikkeit\u00e4 tai ruuveja, ja niit\u00e4 on saatavilla kolmessa eri koossa, joten ne sopivat l\u00e4hes kaikkiin runkoihin. T\u00e4ysin vedenpit\u00e4v\u00e4t vetoketjut, kest\u00e4v\u00e4 1000D Cordura -pintamateriaali sek\u00e4 VX21-kankaat pit\u00e4v\u00e4t varusteesi kuivina ja suojassa haastavissakin s\u00e4\u00e4olosuhteissa. Kumipintaiset kiinnityshihnat parantavat pitoa runkoa vasten, ja heijastavat [...]L\u00e4s mer \u2026 from Restrap Frame Bag Large\" \/>\n<meta property=\"og:url\" content=\"https:\/\/vmsport.fi\/sv\/webbutik\/tillbehor\/vaskor\/bagagevaskor\/restrap-frame-bag-large\/\" \/>\n<meta property=\"og:site_name\" content=\"VM Sport\" \/>\n<meta property=\"article:publisher\" content=\"https:\/\/www.facebook.com\/Vmsport.fi\/\" \/>\n<meta property=\"article:modified_time\" content=\"2026-04-22T12:06:15+00:00\" \/>\n<meta property=\"og:image\" content=\"https:\/\/vmsport.fi\/wp-content\/uploads\/2026\/04\/restrap-carryeverything-frame-bag-sizes-2.png\" \/>\n\t<meta property=\"og:image:width\" content=\"1000\" \/>\n\t<meta property=\"og:image:height\" content=\"1000\" \/>\n\t<meta property=\"og:image:type\" content=\"image\/png\" \/>\n<meta name=\"twitter:card\" content=\"summary_large_image\" \/>\n<meta name=\"twitter:label1\" content=\"Ber\u00e4knad l\u00e4stid\" \/>\n\t<meta name=\"twitter:data1\" content=\"1 minut\" \/>\n<script type=\"application\/ld+json\" class=\"yoast-schema-graph\">{\"@context\":\"https:\\\/\\\/schema.org\",\"@graph\":[{\"@type\":[\"WebPage\",\"ItemPage\"],\"@id\":\"https:\\\/\\\/vmsport.fi\\\/verkkokauppa\\\/tarvikkeet\\\/laukut\\\/runkolaukut\\\/restrap-frame-bag-large\\\/\",\"url\":\"https:\\\/\\\/vmsport.fi\\\/verkkokauppa\\\/tarvikkeet\\\/laukut\\\/runkolaukut\\\/restrap-frame-bag-large\\\/\",\"name\":\"Restrap Frame Bag Large - VM Sport\",\"isPartOf\":{\"@id\":\"https:\\\/\\\/vmsport.fi\\\/#website\"},\"primaryImageOfPage\":{\"@id\":\"https:\\\/\\\/vmsport.fi\\\/verkkokauppa\\\/tarvikkeet\\\/laukut\\\/runkolaukut\\\/restrap-frame-bag-large\\\/#primaryimage\"},\"image\":{\"@id\":\"https:\\\/\\\/vmsport.fi\\\/verkkokauppa\\\/tarvikkeet\\\/laukut\\\/runkolaukut\\\/restrap-frame-bag-large\\\/#primaryimage\"},\"thumbnailUrl\":\"https:\\\/\\\/vmsport.fi\\\/wp-content\\\/uploads\\\/2026\\\/04\\\/rs-fbg-lrg-blk-1.jpg\",\"datePublished\":\"2026-04-07T13:59:17+00:00\",\"dateModified\":\"2026-04-22T12:06:15+00:00\",\"breadcrumb\":{\"@id\":\"https:\\\/\\\/vmsport.fi\\\/verkkokauppa\\\/tarvikkeet\\\/laukut\\\/runkolaukut\\\/restrap-frame-bag-large\\\/#breadcrumb\"},\"inLanguage\":\"sv-SE\",\"potentialAction\":[{\"@type\":\"ReadAction\",\"target\":[\"https:\\\/\\\/vmsport.fi\\\/verkkokauppa\\\/tarvikkeet\\\/laukut\\\/runkolaukut\\\/restrap-frame-bag-large\\\/\"]}]},{\"@type\":\"ImageObject\",\"inLanguage\":\"sv-SE\",\"@id\":\"https:\\\/\\\/vmsport.fi\\\/verkkokauppa\\\/tarvikkeet\\\/laukut\\\/runkolaukut\\\/restrap-frame-bag-large\\\/#primaryimage\",\"url\":\"https:\\\/\\\/vmsport.fi\\\/wp-content\\\/uploads\\\/2026\\\/04\\\/rs-fbg-lrg-blk-1.jpg\",\"contentUrl\":\"https:\\\/\\\/vmsport.fi\\\/wp-content\\\/uploads\\\/2026\\\/04\\\/rs-fbg-lrg-blk-1.jpg\",\"width\":800,\"height\":800,\"caption\":\"rs-fbg-lrg-blk-1\"},{\"@type\":\"BreadcrumbList\",\"@id\":\"https:\\\/\\\/vmsport.fi\\\/verkkokauppa\\\/tarvikkeet\\\/laukut\\\/runkolaukut\\\/restrap-frame-bag-large\\\/#breadcrumb\",\"itemListElement\":[{\"@type\":\"ListItem\",\"position\":1,\"name\":\"Etusivu\",\"item\":\"https:\\\/\\\/vmsport.fi\\\/\"},{\"@type\":\"ListItem\",\"position\":2,\"name\":\"Online Store\",\"item\":\"https:\\\/\\\/vmsport.fi\\\/en\\\/online-store\\\/\"},{\"@type\":\"ListItem\",\"position\":3,\"name\":\"Restrap\",\"item\":\"https:\\\/\\\/vmsport.fi\\\/merkki\\\/restrap\\\/\"},{\"@type\":\"ListItem\",\"position\":4,\"name\":\"Restrap Frame Bag Large\"}]},{\"@type\":\"WebSite\",\"@id\":\"https:\\\/\\\/vmsport.fi\\\/#website\",\"url\":\"https:\\\/\\\/vmsport.fi\\\/\",\"name\":\"Vmsport\",\"description\":\"Kaikki py\u00f6r\u00e4ilyyn yhdest\u00e4 paikasta\",\"publisher\":{\"@id\":\"https:\\\/\\\/vmsport.fi\\\/#organization\"},\"potentialAction\":[{\"@type\":\"SearchAction\",\"target\":{\"@type\":\"EntryPoint\",\"urlTemplate\":\"https:\\\/\\\/vmsport.fi\\\/?s={search_term_string}\"},\"query-input\":{\"@type\":\"PropertyValueSpecification\",\"valueRequired\":true,\"valueName\":\"search_term_string\"}}],\"inLanguage\":\"sv-SE\"},{\"@type\":\"Organization\",\"@id\":\"https:\\\/\\\/vmsport.fi\\\/#organization\",\"name\":\"Vmsport\",\"url\":\"https:\\\/\\\/vmsport.fi\\\/\",\"logo\":{\"@type\":\"ImageObject\",\"inLanguage\":\"sv-SE\",\"@id\":\"https:\\\/\\\/vmsport.fi\\\/#\\\/schema\\\/logo\\\/image\\\/\",\"url\":\"https:\\\/\\\/vmsport.fi\\\/wp-content\\\/uploads\\\/2024\\\/12\\\/vm_sport_RGB_horisontal-e1734526017575.png\",\"contentUrl\":\"https:\\\/\\\/vmsport.fi\\\/wp-content\\\/uploads\\\/2024\\\/12\\\/vm_sport_RGB_horisontal-e1734526017575.png\",\"width\":668,\"height\":85,\"caption\":\"Vmsport\"},\"image\":{\"@id\":\"https:\\\/\\\/vmsport.fi\\\/#\\\/schema\\\/logo\\\/image\\\/\"},\"sameAs\":[\"https:\\\/\\\/www.facebook.com\\\/Vmsport.fi\\\/\",\"https:\\\/\\\/www.instagram.com\\\/vmsport\\\/\"]}]}<\/script>\n<!-- \/ Yoast SEO plugin. -->","yoast_head_json":{"title":"Restrap Frame Bag Large - VM Sport","robots":{"index":"index","follow":"follow","max-snippet":"max-snippet:-1","max-image-preview":"max-image-preview:large","max-video-preview":"max-video-preview:-1"},"canonical":"https:\/\/vmsport.fi\/sv\/webbutik\/tillbehor\/vaskor\/bagagevaskor\/restrap-frame-bag-large\/","og_locale":"sv_SE","og_type":"article","og_title":"Restrap Frame Bag Large - VM Sport","og_description":"Restrapin #carryeverything-runko\u00adlaukuilla lis\u00e4\u00e4t helposti py\u00f6r\u00e4si kantavuutta mukavaa bikepackingia ja retkiajoa varten. Laukut kiinnittyv\u00e4t ilman erillisi\u00e4 kiinnikkeit\u00e4 tai ruuveja, ja niit\u00e4 on saatavilla kolmessa eri koossa, joten ne sopivat l\u00e4hes kaikkiin runkoihin. T\u00e4ysin vedenpit\u00e4v\u00e4t vetoketjut, kest\u00e4v\u00e4 1000D Cordura -pintamateriaali sek\u00e4 VX21-kankaat pit\u00e4v\u00e4t varusteesi kuivina ja suojassa haastavissakin s\u00e4\u00e4olosuhteissa. Kumipintaiset kiinnityshihnat parantavat pitoa runkoa vasten, ja heijastavat [...]L\u00e4s mer \u2026 from Restrap Frame Bag Large","og_url":"https:\/\/vmsport.fi\/sv\/webbutik\/tillbehor\/vaskor\/bagagevaskor\/restrap-frame-bag-large\/","og_site_name":"VM Sport","article_publisher":"https:\/\/www.facebook.com\/Vmsport.fi\/","article_modified_time":"2026-04-22T12:06:15+00:00","og_image":[{"width":1000,"height":1000,"url":"https:\/\/vmsport.fi\/wp-content\/uploads\/2026\/04\/restrap-carryeverything-frame-bag-sizes-2.png","type":"image\/png"}],"twitter_card":"summary_large_image","twitter_misc":{"Ber\u00e4knad l\u00e4stid":"1 minut"},"schema":{"@context":"https:\/\/schema.org","@graph":[{"@type":["WebPage","ItemPage"],"@id":"https:\/\/vmsport.fi\/verkkokauppa\/tarvikkeet\/laukut\/runkolaukut\/restrap-frame-bag-large\/","url":"https:\/\/vmsport.fi\/verkkokauppa\/tarvikkeet\/laukut\/runkolaukut\/restrap-frame-bag-large\/","name":"Restrap Frame Bag Large - VM Sport","isPartOf":{"@id":"https:\/\/vmsport.fi\/#website"},"primaryImageOfPage":{"@id":"https:\/\/vmsport.fi\/verkkokauppa\/tarvikkeet\/laukut\/runkolaukut\/restrap-frame-bag-large\/#primaryimage"},"image":{"@id":"https:\/\/vmsport.fi\/verkkokauppa\/tarvikkeet\/laukut\/runkolaukut\/restrap-frame-bag-large\/#primaryimage"},"thumbnailUrl":"https:\/\/vmsport.fi\/wp-content\/uploads\/2026\/04\/rs-fbg-lrg-blk-1.jpg","datePublished":"2026-04-07T13:59:17+00:00","dateModified":"2026-04-22T12:06:15+00:00","breadcrumb":{"@id":"https:\/\/vmsport.fi\/verkkokauppa\/tarvikkeet\/laukut\/runkolaukut\/restrap-frame-bag-large\/#breadcrumb"},"inLanguage":"sv-SE","potentialAction":[{"@type":"ReadAction","target":["https:\/\/vmsport.fi\/verkkokauppa\/tarvikkeet\/laukut\/runkolaukut\/restrap-frame-bag-large\/"]}]},{"@type":"ImageObject","inLanguage":"sv-SE","@id":"https:\/\/vmsport.fi\/verkkokauppa\/tarvikkeet\/laukut\/runkolaukut\/restrap-frame-bag-large\/#primaryimage","url":"https:\/\/vmsport.fi\/wp-content\/uploads\/2026\/04\/rs-fbg-lrg-blk-1.jpg","contentUrl":"https:\/\/vmsport.fi\/wp-content\/uploads\/2026\/04\/rs-fbg-lrg-blk-1.jpg","width":800,"height":800,"caption":"rs-fbg-lrg-blk-1"},{"@type":"BreadcrumbList","@id":"https:\/\/vmsport.fi\/verkkokauppa\/tarvikkeet\/laukut\/runkolaukut\/restrap-frame-bag-large\/#breadcrumb","itemListElement":[{"@type":"ListItem","position":1,"name":"Etusivu","item":"https:\/\/vmsport.fi\/"},{"@type":"ListItem","position":2,"name":"Online Store","item":"https:\/\/vmsport.fi\/en\/online-store\/"},{"@type":"ListItem","position":3,"name":"Restrap","item":"https:\/\/vmsport.fi\/merkki\/restrap\/"},{"@type":"ListItem","position":4,"name":"Restrap Frame Bag Large"}]},{"@type":"WebSite","@id":"https:\/\/vmsport.fi\/#website","url":"https:\/\/vmsport.fi\/","name":"Vmsport","description":"Allt p\u00e5 ett st\u00e4lle f\u00f6r cykling","publisher":{"@id":"https:\/\/vmsport.fi\/#organization"},"potentialAction":[{"@type":"SearchAction","target":{"@type":"EntryPoint","urlTemplate":"https:\/\/vmsport.fi\/?s={search_term_string}"},"query-input":{"@type":"PropertyValueSpecification","valueRequired":true,"valueName":"search_term_string"}}],"inLanguage":"sv-SE"},{"@type":"Organization","@id":"https:\/\/vmsport.fi\/#organization","name":"Vmsport","url":"https:\/\/vmsport.fi\/","logo":{"@type":"ImageObject","inLanguage":"sv-SE","@id":"https:\/\/vmsport.fi\/#\/schema\/logo\/image\/","url":"https:\/\/vmsport.fi\/wp-content\/uploads\/2024\/12\/vm_sport_RGB_horisontal-e1734526017575.png","contentUrl":"https:\/\/vmsport.fi\/wp-content\/uploads\/2024\/12\/vm_sport_RGB_horisontal-e1734526017575.png","width":668,"height":85,"caption":"Vmsport"},"image":{"@id":"https:\/\/vmsport.fi\/#\/schema\/logo\/image\/"},"sameAs":["https:\/\/www.facebook.com\/Vmsport.fi\/","https:\/\/www.instagram.com\/vmsport\/"]}]}},"global_unique_id":"","_links":{"self":[{"href":"https:\/\/vmsport.fi\/sv\/wp-json\/wp\/v2\/product\/64508","targetHints":{"allow":["GET"]}}],"collection":[{"href":"https:\/\/vmsport.fi\/sv\/wp-json\/wp\/v2\/product"}],"about":[{"href":"https:\/\/vmsport.fi\/sv\/wp-json\/wp\/v2\/types\/product"}],"replies":[{"embeddable":true,"href":"https:\/\/vmsport.fi\/sv\/wp-json\/wp\/v2\/comments?post=64508"}],"wp:featuredmedia":[{"embeddable":true,"href":"https:\/\/vmsport.fi\/sv\/wp-json\/wp\/v2\/media\/64506"}],"wp:attachment":[{"href":"https:\/\/vmsport.fi\/sv\/wp-json\/wp\/v2\/media?parent=64508"}],"wp:term":[{"taxonomy":"product_brand","embeddable":true,"href":"https:\/\/vmsport.fi\/sv\/wp-json\/wp\/v2\/product_brand?post=64508"},{"taxonomy":"product_model","embeddable":true,"href":"https:\/\/vmsport.fi\/sv\/wp-json\/wp\/v2\/product_model?post=64508"},{"taxonomy":"product_cat","embeddable":true,"href":"https:\/\/vmsport.fi\/sv\/wp-json\/wp\/v2\/product_cat?post=64508"},{"taxonomy":"product_tag","embeddable":true,"href":"https:\/\/vmsport.fi\/sv\/wp-json\/wp\/v2\/product_tag?post=64508"},{"taxonomy":"industry_terminology","embeddable":true,"href":"https:\/\/vmsport.fi\/sv\/wp-json\/wp\/v2\/industry-terminology?post=64508"}],"curies":[{"name":"wp","href":"https:\/\/api.w.org\/{rel}","templated":true}]}}