{"id":64504,"date":"2026-04-07T16:59:15","date_gmt":"2026-04-07T13:59:15","guid":{"rendered":"https:\/\/vmsport.fi\/verkkokauppa\/Ei-luokiteltu\/restrap-top-tube-bag-bolt-on\/"},"modified":"2026-04-22T15:08:07","modified_gmt":"2026-04-22T12:08:07","slug":"restrap-top-tube-bag-bolt-on","status":"publish","type":"product","link":"https:\/\/vmsport.fi\/sv\/verkkokauppa\/tarvikkeet\/laukut\/runkolaukut\/restrap-top-tube-bag-bolt-on\/","title":{"rendered":"Restrap Top Tube Bag Bolt On"},"content":{"rendered":"<p data-start=\"0\" data-end=\"202\">Restrap Bolt-On Top Tube Bag on suunniteltu pit\u00e4m\u00e4\u00e4n t\u00e4rkeimm\u00e4t tarvikkeet, kuten ty\u00f6kalut ja ev\u00e4\u00e4t, helposti k\u00e4den ulottuvilla \u2013 olitpa sitten lyhyell\u00e4 ajolla, ty\u00f6matkalla tai pidemm\u00e4ll\u00e4 py\u00f6r\u00e4retkell\u00e4.<\/p>\n<p data-start=\"204\" data-end=\"626\">Laukku on valmistettu t\u00e4ysin vedenpit\u00e4v\u00e4st\u00e4 1000D Cordura -materiaalista ja varustettu kest\u00e4v\u00e4ll\u00e4 YKK-vetoketjulla, joten se kest\u00e4\u00e4 vaihtelevat s\u00e4\u00e4olosuhteet ja kovankin k\u00e4yt\u00f6n. S\u00e4\u00e4dett\u00e4v\u00e4 tarrakiinnitys sopii eri ohjainkorkeuksille, ja tukeva muovipohja vahvistetuilla kiinnitysrei\u2019ill\u00e4 mahdollistaa suoran kiinnityksen rungon pulttikiinnikkeisiin ilman hihnoja. T\u00e4m\u00e4 tekee laukusta erityisen vakaan ja siistin ratkaisun.<\/p>\n<p data-start=\"628\" data-end=\"658\" data-is-last-node=\"\" data-is-only-node=\"\">Tilavuus: 0,8 L<br data-start=\"643\" data-end=\"646\" \/>Paino: 100 g<\/p>","protected":false},"excerpt":{"rendered":"<p>Restrap Bolt-On Top Tube Bag on suunniteltu pit\u00e4m\u00e4\u00e4n t\u00e4rkeimm\u00e4t tarvikkeet, kuten ty\u00f6kalut ja ev\u00e4\u00e4t, helposti k\u00e4den ulottuvilla \u2013 olitpa sitten lyhyell\u00e4 ajolla, ty\u00f6matkalla tai pidemm\u00e4ll\u00e4 py\u00f6r\u00e4retkell\u00e4. Laukku on valmistettu t\u00e4ysin vedenpit\u00e4v\u00e4st\u00e4 1000D Cordura -materiaalista ja varustettu kest\u00e4v\u00e4ll\u00e4 YKK-vetoketjulla, joten se kest\u00e4\u00e4 vaihtelevat s\u00e4\u00e4olosuhteet ja kovankin k\u00e4yt\u00f6n. S\u00e4\u00e4dett\u00e4v\u00e4 tarrakiinnitys sopii eri ohjainkorkeuksille, ja tukeva muovipohja vahvistetuilla [&#8230;]<\/p>\n<p><a class=\"btn btn-secondary understrap-read-more-link\" href=\"https:\/\/vmsport.fi\/sv\/verkkokauppa\/tarvikkeet\/laukut\/runkolaukut\/restrap-top-tube-bag-bolt-on\/\">L\u00e4s mer \u2026<span class=\"screen-reader-text\"> from Restrap Top Tube Bag Bolt On<\/span><\/a><\/p>\n","protected":false},"featured_media":64561,"comment_status":"open","ping_status":"closed","template":"","meta":{"_acf_changed":false,"_improvement_type_select":"improve_an_existing","_thumb_yes_seoaic":false,"_frame_yes_seoaic":false,"seoaic_generate_description":"","seoaic_improve_instructions_prompt":"","seoaic_rollback_content_improvement":"","seoaic_idea_thumbnail_generator":"","thumbnail_generated":false,"thumbnail_generate_prompt":"","seoaic_article_description":"","_supplier_stock_quantity":0},"product_brand":[10097],"product_model":[],"product_cat":[9600],"product_tag":[],"industry-terminology":[],"class_list":{"0":"post-64504","1":"product","2":"type-product","3":"status-publish","4":"has-post-thumbnail","6":"product_brand-restrap","7":"product_cat-runkolaukut","9":"first","10":"outofstock","11":"taxable","12":"shipping-taxable","13":"product-type-simple"},"acf":{"bike_features":null,"overview":{"copy_overview":null,"key_features":null,"statement":"","youtube_url":""}},"yoast_head":"<!-- This site is optimized with the Yoast SEO plugin v27.5 - https:\/\/yoast.com\/product\/yoast-seo-wordpress\/ -->\n<title>Restrap Top Tube Bag Bolt On - VM Sport<\/title>\n<meta name=\"robots\" content=\"index, follow, max-snippet:-1, max-image-preview:large, max-video-preview:-1\" \/>\n<link rel=\"canonical\" href=\"https:\/\/vmsport.fi\/sv\/webbutik\/tillbehor\/vaskor\/bagagevaskor\/restrap-top-tube-bag-bolt-on\/\" \/>\n<meta property=\"og:locale\" content=\"sv_SE\" \/>\n<meta property=\"og:type\" content=\"article\" \/>\n<meta property=\"og:title\" content=\"Restrap Top Tube Bag Bolt On - VM Sport\" \/>\n<meta property=\"og:description\" content=\"Restrap Bolt-On Top Tube Bag on suunniteltu pit\u00e4m\u00e4\u00e4n t\u00e4rkeimm\u00e4t tarvikkeet, kuten ty\u00f6kalut ja ev\u00e4\u00e4t, helposti k\u00e4den ulottuvilla \u2013 olitpa sitten lyhyell\u00e4 ajolla, ty\u00f6matkalla tai pidemm\u00e4ll\u00e4 py\u00f6r\u00e4retkell\u00e4. Laukku on valmistettu t\u00e4ysin vedenpit\u00e4v\u00e4st\u00e4 1000D Cordura -materiaalista ja varustettu kest\u00e4v\u00e4ll\u00e4 YKK-vetoketjulla, joten se kest\u00e4\u00e4 vaihtelevat s\u00e4\u00e4olosuhteet ja kovankin k\u00e4yt\u00f6n. S\u00e4\u00e4dett\u00e4v\u00e4 tarrakiinnitys sopii eri ohjainkorkeuksille, ja tukeva muovipohja vahvistetuilla [...]L\u00e4s mer \u2026 from Restrap Top Tube Bag Bolt On\" \/>\n<meta property=\"og:url\" content=\"https:\/\/vmsport.fi\/sv\/webbutik\/tillbehor\/vaskor\/bagagevaskor\/restrap-top-tube-bag-bolt-on\/\" \/>\n<meta property=\"og:site_name\" content=\"VM Sport\" \/>\n<meta property=\"article:publisher\" content=\"https:\/\/www.facebook.com\/Vmsport.fi\/\" \/>\n<meta property=\"article:modified_time\" content=\"2026-04-22T12:08:07+00:00\" \/>\n<meta property=\"og:image\" content=\"https:\/\/vmsport.fi\/wp-content\/uploads\/2026\/04\/restrap-top-tube-bag-bolt-on-1.jpg\" \/>\n\t<meta property=\"og:image:width\" content=\"800\" \/>\n\t<meta property=\"og:image:height\" content=\"800\" \/>\n\t<meta property=\"og:image:type\" content=\"image\/jpeg\" \/>\n<meta name=\"twitter:card\" content=\"summary_large_image\" \/>\n<meta name=\"twitter:label1\" content=\"Ber\u00e4knad l\u00e4stid\" \/>\n\t<meta name=\"twitter:data1\" content=\"1 minut\" \/>\n<script type=\"application\/ld+json\" class=\"yoast-schema-graph\">{\"@context\":\"https:\\\/\\\/schema.org\",\"@graph\":[{\"@type\":[\"WebPage\",\"ItemPage\"],\"@id\":\"https:\\\/\\\/vmsport.fi\\\/verkkokauppa\\\/tarvikkeet\\\/laukut\\\/runkolaukut\\\/restrap-top-tube-bag-bolt-on\\\/\",\"url\":\"https:\\\/\\\/vmsport.fi\\\/verkkokauppa\\\/tarvikkeet\\\/laukut\\\/runkolaukut\\\/restrap-top-tube-bag-bolt-on\\\/\",\"name\":\"Restrap Top Tube Bag Bolt On - VM Sport\",\"isPartOf\":{\"@id\":\"https:\\\/\\\/vmsport.fi\\\/#website\"},\"primaryImageOfPage\":{\"@id\":\"https:\\\/\\\/vmsport.fi\\\/verkkokauppa\\\/tarvikkeet\\\/laukut\\\/runkolaukut\\\/restrap-top-tube-bag-bolt-on\\\/#primaryimage\"},\"image\":{\"@id\":\"https:\\\/\\\/vmsport.fi\\\/verkkokauppa\\\/tarvikkeet\\\/laukut\\\/runkolaukut\\\/restrap-top-tube-bag-bolt-on\\\/#primaryimage\"},\"thumbnailUrl\":\"https:\\\/\\\/vmsport.fi\\\/wp-content\\\/uploads\\\/2026\\\/04\\\/restrap-top-tube-bag-bolt-on-1.jpg\",\"datePublished\":\"2026-04-07T13:59:15+00:00\",\"dateModified\":\"2026-04-22T12:08:07+00:00\",\"breadcrumb\":{\"@id\":\"https:\\\/\\\/vmsport.fi\\\/verkkokauppa\\\/tarvikkeet\\\/laukut\\\/runkolaukut\\\/restrap-top-tube-bag-bolt-on\\\/#breadcrumb\"},\"inLanguage\":\"sv-SE\",\"potentialAction\":[{\"@type\":\"ReadAction\",\"target\":[\"https:\\\/\\\/vmsport.fi\\\/verkkokauppa\\\/tarvikkeet\\\/laukut\\\/runkolaukut\\\/restrap-top-tube-bag-bolt-on\\\/\"]}]},{\"@type\":\"ImageObject\",\"inLanguage\":\"sv-SE\",\"@id\":\"https:\\\/\\\/vmsport.fi\\\/verkkokauppa\\\/tarvikkeet\\\/laukut\\\/runkolaukut\\\/restrap-top-tube-bag-bolt-on\\\/#primaryimage\",\"url\":\"https:\\\/\\\/vmsport.fi\\\/wp-content\\\/uploads\\\/2026\\\/04\\\/restrap-top-tube-bag-bolt-on-1.jpg\",\"contentUrl\":\"https:\\\/\\\/vmsport.fi\\\/wp-content\\\/uploads\\\/2026\\\/04\\\/restrap-top-tube-bag-bolt-on-1.jpg\",\"width\":800,\"height\":800,\"caption\":\"restrap-top-tube-bag-bolt-on-1\"},{\"@type\":\"BreadcrumbList\",\"@id\":\"https:\\\/\\\/vmsport.fi\\\/verkkokauppa\\\/tarvikkeet\\\/laukut\\\/runkolaukut\\\/restrap-top-tube-bag-bolt-on\\\/#breadcrumb\",\"itemListElement\":[{\"@type\":\"ListItem\",\"position\":1,\"name\":\"Etusivu\",\"item\":\"https:\\\/\\\/vmsport.fi\\\/\"},{\"@type\":\"ListItem\",\"position\":2,\"name\":\"Online Store\",\"item\":\"https:\\\/\\\/vmsport.fi\\\/en\\\/online-store\\\/\"},{\"@type\":\"ListItem\",\"position\":3,\"name\":\"Restrap\",\"item\":\"https:\\\/\\\/vmsport.fi\\\/merkki\\\/restrap\\\/\"},{\"@type\":\"ListItem\",\"position\":4,\"name\":\"Restrap Top Tube Bag Bolt On\"}]},{\"@type\":\"WebSite\",\"@id\":\"https:\\\/\\\/vmsport.fi\\\/#website\",\"url\":\"https:\\\/\\\/vmsport.fi\\\/\",\"name\":\"Vmsport\",\"description\":\"Kaikki py\u00f6r\u00e4ilyyn yhdest\u00e4 paikasta\",\"publisher\":{\"@id\":\"https:\\\/\\\/vmsport.fi\\\/#organization\"},\"potentialAction\":[{\"@type\":\"SearchAction\",\"target\":{\"@type\":\"EntryPoint\",\"urlTemplate\":\"https:\\\/\\\/vmsport.fi\\\/?s={search_term_string}\"},\"query-input\":{\"@type\":\"PropertyValueSpecification\",\"valueRequired\":true,\"valueName\":\"search_term_string\"}}],\"inLanguage\":\"sv-SE\"},{\"@type\":\"Organization\",\"@id\":\"https:\\\/\\\/vmsport.fi\\\/#organization\",\"name\":\"Vmsport\",\"url\":\"https:\\\/\\\/vmsport.fi\\\/\",\"logo\":{\"@type\":\"ImageObject\",\"inLanguage\":\"sv-SE\",\"@id\":\"https:\\\/\\\/vmsport.fi\\\/#\\\/schema\\\/logo\\\/image\\\/\",\"url\":\"https:\\\/\\\/vmsport.fi\\\/wp-content\\\/uploads\\\/2024\\\/12\\\/vm_sport_RGB_horisontal-e1734526017575.png\",\"contentUrl\":\"https:\\\/\\\/vmsport.fi\\\/wp-content\\\/uploads\\\/2024\\\/12\\\/vm_sport_RGB_horisontal-e1734526017575.png\",\"width\":668,\"height\":85,\"caption\":\"Vmsport\"},\"image\":{\"@id\":\"https:\\\/\\\/vmsport.fi\\\/#\\\/schema\\\/logo\\\/image\\\/\"},\"sameAs\":[\"https:\\\/\\\/www.facebook.com\\\/Vmsport.fi\\\/\",\"https:\\\/\\\/www.instagram.com\\\/vmsport\\\/\"]}]}<\/script>\n<!-- \/ Yoast SEO plugin. -->","yoast_head_json":{"title":"Restrap Top Tube Bag Bolt On - VM Sport","robots":{"index":"index","follow":"follow","max-snippet":"max-snippet:-1","max-image-preview":"max-image-preview:large","max-video-preview":"max-video-preview:-1"},"canonical":"https:\/\/vmsport.fi\/sv\/webbutik\/tillbehor\/vaskor\/bagagevaskor\/restrap-top-tube-bag-bolt-on\/","og_locale":"sv_SE","og_type":"article","og_title":"Restrap Top Tube Bag Bolt On - VM Sport","og_description":"Restrap Bolt-On Top Tube Bag on suunniteltu pit\u00e4m\u00e4\u00e4n t\u00e4rkeimm\u00e4t tarvikkeet, kuten ty\u00f6kalut ja ev\u00e4\u00e4t, helposti k\u00e4den ulottuvilla \u2013 olitpa sitten lyhyell\u00e4 ajolla, ty\u00f6matkalla tai pidemm\u00e4ll\u00e4 py\u00f6r\u00e4retkell\u00e4. Laukku on valmistettu t\u00e4ysin vedenpit\u00e4v\u00e4st\u00e4 1000D Cordura -materiaalista ja varustettu kest\u00e4v\u00e4ll\u00e4 YKK-vetoketjulla, joten se kest\u00e4\u00e4 vaihtelevat s\u00e4\u00e4olosuhteet ja kovankin k\u00e4yt\u00f6n. S\u00e4\u00e4dett\u00e4v\u00e4 tarrakiinnitys sopii eri ohjainkorkeuksille, ja tukeva muovipohja vahvistetuilla [...]L\u00e4s mer \u2026 from Restrap Top Tube Bag Bolt On","og_url":"https:\/\/vmsport.fi\/sv\/webbutik\/tillbehor\/vaskor\/bagagevaskor\/restrap-top-tube-bag-bolt-on\/","og_site_name":"VM Sport","article_publisher":"https:\/\/www.facebook.com\/Vmsport.fi\/","article_modified_time":"2026-04-22T12:08:07+00:00","og_image":[{"width":800,"height":800,"url":"https:\/\/vmsport.fi\/wp-content\/uploads\/2026\/04\/restrap-top-tube-bag-bolt-on-1.jpg","type":"image\/jpeg"}],"twitter_card":"summary_large_image","twitter_misc":{"Ber\u00e4knad l\u00e4stid":"1 minut"},"schema":{"@context":"https:\/\/schema.org","@graph":[{"@type":["WebPage","ItemPage"],"@id":"https:\/\/vmsport.fi\/verkkokauppa\/tarvikkeet\/laukut\/runkolaukut\/restrap-top-tube-bag-bolt-on\/","url":"https:\/\/vmsport.fi\/verkkokauppa\/tarvikkeet\/laukut\/runkolaukut\/restrap-top-tube-bag-bolt-on\/","name":"Restrap Top Tube Bag Bolt On - VM Sport","isPartOf":{"@id":"https:\/\/vmsport.fi\/#website"},"primaryImageOfPage":{"@id":"https:\/\/vmsport.fi\/verkkokauppa\/tarvikkeet\/laukut\/runkolaukut\/restrap-top-tube-bag-bolt-on\/#primaryimage"},"image":{"@id":"https:\/\/vmsport.fi\/verkkokauppa\/tarvikkeet\/laukut\/runkolaukut\/restrap-top-tube-bag-bolt-on\/#primaryimage"},"thumbnailUrl":"https:\/\/vmsport.fi\/wp-content\/uploads\/2026\/04\/restrap-top-tube-bag-bolt-on-1.jpg","datePublished":"2026-04-07T13:59:15+00:00","dateModified":"2026-04-22T12:08:07+00:00","breadcrumb":{"@id":"https:\/\/vmsport.fi\/verkkokauppa\/tarvikkeet\/laukut\/runkolaukut\/restrap-top-tube-bag-bolt-on\/#breadcrumb"},"inLanguage":"sv-SE","potentialAction":[{"@type":"ReadAction","target":["https:\/\/vmsport.fi\/verkkokauppa\/tarvikkeet\/laukut\/runkolaukut\/restrap-top-tube-bag-bolt-on\/"]}]},{"@type":"ImageObject","inLanguage":"sv-SE","@id":"https:\/\/vmsport.fi\/verkkokauppa\/tarvikkeet\/laukut\/runkolaukut\/restrap-top-tube-bag-bolt-on\/#primaryimage","url":"https:\/\/vmsport.fi\/wp-content\/uploads\/2026\/04\/restrap-top-tube-bag-bolt-on-1.jpg","contentUrl":"https:\/\/vmsport.fi\/wp-content\/uploads\/2026\/04\/restrap-top-tube-bag-bolt-on-1.jpg","width":800,"height":800,"caption":"restrap-top-tube-bag-bolt-on-1"},{"@type":"BreadcrumbList","@id":"https:\/\/vmsport.fi\/verkkokauppa\/tarvikkeet\/laukut\/runkolaukut\/restrap-top-tube-bag-bolt-on\/#breadcrumb","itemListElement":[{"@type":"ListItem","position":1,"name":"Etusivu","item":"https:\/\/vmsport.fi\/"},{"@type":"ListItem","position":2,"name":"Online Store","item":"https:\/\/vmsport.fi\/en\/online-store\/"},{"@type":"ListItem","position":3,"name":"Restrap","item":"https:\/\/vmsport.fi\/merkki\/restrap\/"},{"@type":"ListItem","position":4,"name":"Restrap Top Tube Bag Bolt On"}]},{"@type":"WebSite","@id":"https:\/\/vmsport.fi\/#website","url":"https:\/\/vmsport.fi\/","name":"Vmsport","description":"Allt p\u00e5 ett st\u00e4lle f\u00f6r cykling","publisher":{"@id":"https:\/\/vmsport.fi\/#organization"},"potentialAction":[{"@type":"SearchAction","target":{"@type":"EntryPoint","urlTemplate":"https:\/\/vmsport.fi\/?s={search_term_string}"},"query-input":{"@type":"PropertyValueSpecification","valueRequired":true,"valueName":"search_term_string"}}],"inLanguage":"sv-SE"},{"@type":"Organization","@id":"https:\/\/vmsport.fi\/#organization","name":"Vmsport","url":"https:\/\/vmsport.fi\/","logo":{"@type":"ImageObject","inLanguage":"sv-SE","@id":"https:\/\/vmsport.fi\/#\/schema\/logo\/image\/","url":"https:\/\/vmsport.fi\/wp-content\/uploads\/2024\/12\/vm_sport_RGB_horisontal-e1734526017575.png","contentUrl":"https:\/\/vmsport.fi\/wp-content\/uploads\/2024\/12\/vm_sport_RGB_horisontal-e1734526017575.png","width":668,"height":85,"caption":"Vmsport"},"image":{"@id":"https:\/\/vmsport.fi\/#\/schema\/logo\/image\/"},"sameAs":["https:\/\/www.facebook.com\/Vmsport.fi\/","https:\/\/www.instagram.com\/vmsport\/"]}]}},"global_unique_id":"","_links":{"self":[{"href":"https:\/\/vmsport.fi\/sv\/wp-json\/wp\/v2\/product\/64504","targetHints":{"allow":["GET"]}}],"collection":[{"href":"https:\/\/vmsport.fi\/sv\/wp-json\/wp\/v2\/product"}],"about":[{"href":"https:\/\/vmsport.fi\/sv\/wp-json\/wp\/v2\/types\/product"}],"replies":[{"embeddable":true,"href":"https:\/\/vmsport.fi\/sv\/wp-json\/wp\/v2\/comments?post=64504"}],"wp:featuredmedia":[{"embeddable":true,"href":"https:\/\/vmsport.fi\/sv\/wp-json\/wp\/v2\/media\/64561"}],"wp:attachment":[{"href":"https:\/\/vmsport.fi\/sv\/wp-json\/wp\/v2\/media?parent=64504"}],"wp:term":[{"taxonomy":"product_brand","embeddable":true,"href":"https:\/\/vmsport.fi\/sv\/wp-json\/wp\/v2\/product_brand?post=64504"},{"taxonomy":"product_model","embeddable":true,"href":"https:\/\/vmsport.fi\/sv\/wp-json\/wp\/v2\/product_model?post=64504"},{"taxonomy":"product_cat","embeddable":true,"href":"https:\/\/vmsport.fi\/sv\/wp-json\/wp\/v2\/product_cat?post=64504"},{"taxonomy":"product_tag","embeddable":true,"href":"https:\/\/vmsport.fi\/sv\/wp-json\/wp\/v2\/product_tag?post=64504"},{"taxonomy":"industry_terminology","embeddable":true,"href":"https:\/\/vmsport.fi\/sv\/wp-json\/wp\/v2\/industry-terminology?post=64504"}],"curies":[{"name":"wp","href":"https:\/\/api.w.org\/{rel}","templated":true}]}}