{"id":64498,"date":"2026-04-07T16:59:12","date_gmt":"2026-04-07T13:59:12","guid":{"rendered":"https:\/\/vmsport.fi\/verkkokauppa\/Ei-luokiteltu\/restrap-saddle-pack-4-5l-olive\/"},"modified":"2026-04-08T15:56:14","modified_gmt":"2026-04-08T12:56:14","slug":"restrap-saddle-pack-4-5l-olive","status":"publish","type":"product","link":"https:\/\/vmsport.fi\/sv\/verkkokauppa\/tarvikkeet\/laukut\/satulalaukut\/restrap-saddle-pack-4-5l-olive\/","title":{"rendered":"Restrap Saddle Pack 4.5L Olive"},"content":{"rendered":"<p data-start=\"0\" data-end=\"280\">Restrap Saddle Pack on t\u00e4ydellinen valinta py\u00f6r\u00e4ilij\u00e4lle, joka haluaa ajaa pidemm\u00e4lle ja kuljettaa enemm\u00e4n varusteita. Pidemm\u00e4t lenkit vaativat lis\u00e4varustelua \u2013 vaihtovaatteet, hanskat ja muut t\u00e4rke\u00e4t tarvikkeet kulkevat mukana vaivattomasti t\u00e4ss\u00e4 k\u00e4yt\u00e4nn\u00f6llisess\u00e4 satulalaukussa.<\/p>\n<p data-start=\"282\" data-end=\"681\">Laukku on valmistettu kolmesta kest\u00e4v\u00e4st\u00e4 materiaalista. Sivupaneelit ovat tuttua 1000D teksturoitua nailonia Restrapin bikepacking-mallistosta, kun taas yl\u00e4- ja alaosat on tehty eritt\u00e4in kulutusta kest\u00e4v\u00e4st\u00e4 TPU-pinnoitetusta nailonista, joka on helppo puhdistaa. Sis\u00e4vuori on oranssia PU-pinnoitettua nailonia, joka on saumatiivistetty suojaamaan kosteudelta ja helpottamaan tavaroiden l\u00f6yt\u00e4mist\u00e4.<\/p>\n<p data-start=\"683\" data-end=\"878\">J\u00e4m\u00e4kk\u00e4 sis\u00e4inen muovirakenne pit\u00e4\u00e4 laukun vakaana kaikissa tilanteissa, ja uudistetut kiinnityshihnat varmistavat tiiviin istuvuuden satulaa ja satulatolppaa vasten ilman heilumista ajon aikana.<\/p>\n<p data-start=\"880\" data-end=\"1029\">Rullasuljenta ja Fidlock-magneettisolki takaavat nopean, helpon ja t\u00e4ysin vedenpit\u00e4v\u00e4n k\u00e4yt\u00f6n \u2013 toimiva ratkaisu, joka on tuttu Restrapin tuotteista.<\/p>\n<p data-start=\"1031\" data-end=\"1172\">Sopii niin minimalistiselle bikepackaajalle, audax-ajajalle kuin py\u00f6r\u00e4ilij\u00e4lle, joka haluaa kuljettaa lis\u00e4varusteet py\u00f6r\u00e4ss\u00e4 taskujen sijaan.<\/p>\n<p data-start=\"1174\" data-end=\"1201\" data-is-last-node=\"\" data-is-only-node=\"\">V\u00e4ri: oliivi<br data-start=\"1186\" data-end=\"1189\" \/>Paino: 280 g<\/p>","protected":false},"excerpt":{"rendered":"<p>Restrap Saddle Pack on t\u00e4ydellinen valinta py\u00f6r\u00e4ilij\u00e4lle, joka haluaa ajaa pidemm\u00e4lle ja kuljettaa enemm\u00e4n varusteita. Pidemm\u00e4t lenkit vaativat lis\u00e4varustelua \u2013 vaihtovaatteet, hanskat ja muut t\u00e4rke\u00e4t tarvikkeet kulkevat mukana vaivattomasti t\u00e4ss\u00e4 k\u00e4yt\u00e4nn\u00f6llisess\u00e4 satulalaukussa. Laukku on valmistettu kolmesta kest\u00e4v\u00e4st\u00e4 materiaalista. Sivupaneelit ovat tuttua 1000D teksturoitua nailonia Restrapin bikepacking-mallistosta, kun taas yl\u00e4- ja alaosat on tehty eritt\u00e4in kulutusta [&#8230;]<\/p>\n<p><a class=\"btn btn-secondary understrap-read-more-link\" href=\"https:\/\/vmsport.fi\/sv\/verkkokauppa\/tarvikkeet\/laukut\/satulalaukut\/restrap-saddle-pack-4-5l-olive\/\">L\u00e4s mer \u2026<span class=\"screen-reader-text\"> from Restrap Saddle Pack 4.5L Olive<\/span><\/a><\/p>\n","protected":false},"featured_media":64537,"comment_status":"open","ping_status":"closed","template":"","meta":{"_acf_changed":false,"_improvement_type_select":"improve_an_existing","_thumb_yes_seoaic":false,"_frame_yes_seoaic":false,"seoaic_generate_description":"","seoaic_improve_instructions_prompt":"","seoaic_rollback_content_improvement":"","seoaic_idea_thumbnail_generator":"","thumbnail_generated":false,"thumbnail_generate_prompt":"","seoaic_article_description":"","_supplier_stock_quantity":0},"product_brand":[10097],"product_model":[],"product_cat":[9594],"product_tag":[],"industry-terminology":[],"class_list":{"0":"post-64498","1":"product","2":"type-product","3":"status-publish","4":"has-post-thumbnail","6":"product_brand-restrap","7":"product_cat-satulalaukut","9":"first","10":"outofstock","11":"taxable","12":"shipping-taxable","13":"product-type-simple"},"acf":{"bike_features":null,"overview":{"copy_overview":null,"key_features":null,"statement":"","youtube_url":""}},"yoast_head":"<!-- This site is optimized with the Yoast SEO plugin v27.3 - https:\/\/yoast.com\/product\/yoast-seo-wordpress\/ -->\n<title>Restrap Saddle Pack 4.5L Olive - VM Sport<\/title>\n<meta name=\"robots\" content=\"index, follow, max-snippet:-1, max-image-preview:large, max-video-preview:-1\" \/>\n<link rel=\"canonical\" href=\"https:\/\/vmsport.fi\/sv\/webbutik\/tillbehor\/vaskor\/sadelvaskor\/restrap-saddle-pack-4-5l-olive\/\" \/>\n<meta property=\"og:locale\" content=\"sv_SE\" \/>\n<meta property=\"og:type\" content=\"article\" \/>\n<meta property=\"og:title\" content=\"Restrap Saddle Pack 4.5L Olive - VM Sport\" \/>\n<meta property=\"og:description\" content=\"Restrap Saddle Pack on t\u00e4ydellinen valinta py\u00f6r\u00e4ilij\u00e4lle, joka haluaa ajaa pidemm\u00e4lle ja kuljettaa enemm\u00e4n varusteita. Pidemm\u00e4t lenkit vaativat lis\u00e4varustelua \u2013 vaihtovaatteet, hanskat ja muut t\u00e4rke\u00e4t tarvikkeet kulkevat mukana vaivattomasti t\u00e4ss\u00e4 k\u00e4yt\u00e4nn\u00f6llisess\u00e4 satulalaukussa. Laukku on valmistettu kolmesta kest\u00e4v\u00e4st\u00e4 materiaalista. Sivupaneelit ovat tuttua 1000D teksturoitua nailonia Restrapin bikepacking-mallistosta, kun taas yl\u00e4- ja alaosat on tehty eritt\u00e4in kulutusta [...]L\u00e4s mer \u2026 from Restrap Saddle Pack 4.5L Olive\" \/>\n<meta property=\"og:url\" content=\"https:\/\/vmsport.fi\/sv\/webbutik\/tillbehor\/vaskor\/sadelvaskor\/restrap-saddle-pack-4-5l-olive\/\" \/>\n<meta property=\"og:site_name\" content=\"VM Sport\" \/>\n<meta property=\"article:publisher\" content=\"https:\/\/www.facebook.com\/Vmsport.fi\/\" \/>\n<meta property=\"article:modified_time\" content=\"2026-04-08T12:56:14+00:00\" \/>\n<meta property=\"og:image\" content=\"https:\/\/vmsport.fi\/wp-content\/uploads\/2026\/04\/rs-spk-45l-olv-1.jpg\" \/>\n\t<meta property=\"og:image:width\" content=\"1000\" \/>\n\t<meta property=\"og:image:height\" content=\"1000\" \/>\n\t<meta property=\"og:image:type\" content=\"image\/jpeg\" \/>\n<meta name=\"twitter:card\" content=\"summary_large_image\" \/>\n<meta name=\"twitter:label1\" content=\"Ber\u00e4knad l\u00e4stid\" \/>\n\t<meta name=\"twitter:data1\" content=\"2 minuter\" \/>\n<script type=\"application\/ld+json\" class=\"yoast-schema-graph\">{\"@context\":\"https:\\\/\\\/schema.org\",\"@graph\":[{\"@type\":[\"WebPage\",\"ItemPage\"],\"@id\":\"https:\\\/\\\/vmsport.fi\\\/verkkokauppa\\\/tarvikkeet\\\/laukut\\\/satulalaukut\\\/restrap-saddle-pack-4-5l-olive\\\/\",\"url\":\"https:\\\/\\\/vmsport.fi\\\/verkkokauppa\\\/tarvikkeet\\\/laukut\\\/satulalaukut\\\/restrap-saddle-pack-4-5l-olive\\\/\",\"name\":\"Restrap Saddle Pack 4.5L Olive - VM Sport\",\"isPartOf\":{\"@id\":\"https:\\\/\\\/vmsport.fi\\\/#website\"},\"primaryImageOfPage\":{\"@id\":\"https:\\\/\\\/vmsport.fi\\\/verkkokauppa\\\/tarvikkeet\\\/laukut\\\/satulalaukut\\\/restrap-saddle-pack-4-5l-olive\\\/#primaryimage\"},\"image\":{\"@id\":\"https:\\\/\\\/vmsport.fi\\\/verkkokauppa\\\/tarvikkeet\\\/laukut\\\/satulalaukut\\\/restrap-saddle-pack-4-5l-olive\\\/#primaryimage\"},\"thumbnailUrl\":\"https:\\\/\\\/vmsport.fi\\\/wp-content\\\/uploads\\\/2026\\\/04\\\/rs-spk-45l-olv-1.jpg\",\"datePublished\":\"2026-04-07T13:59:12+00:00\",\"dateModified\":\"2026-04-08T12:56:14+00:00\",\"breadcrumb\":{\"@id\":\"https:\\\/\\\/vmsport.fi\\\/verkkokauppa\\\/tarvikkeet\\\/laukut\\\/satulalaukut\\\/restrap-saddle-pack-4-5l-olive\\\/#breadcrumb\"},\"inLanguage\":\"sv-SE\",\"potentialAction\":[{\"@type\":\"ReadAction\",\"target\":[\"https:\\\/\\\/vmsport.fi\\\/verkkokauppa\\\/tarvikkeet\\\/laukut\\\/satulalaukut\\\/restrap-saddle-pack-4-5l-olive\\\/\"]}]},{\"@type\":\"ImageObject\",\"inLanguage\":\"sv-SE\",\"@id\":\"https:\\\/\\\/vmsport.fi\\\/verkkokauppa\\\/tarvikkeet\\\/laukut\\\/satulalaukut\\\/restrap-saddle-pack-4-5l-olive\\\/#primaryimage\",\"url\":\"https:\\\/\\\/vmsport.fi\\\/wp-content\\\/uploads\\\/2026\\\/04\\\/rs-spk-45l-olv-1.jpg\",\"contentUrl\":\"https:\\\/\\\/vmsport.fi\\\/wp-content\\\/uploads\\\/2026\\\/04\\\/rs-spk-45l-olv-1.jpg\",\"width\":1000,\"height\":1000,\"caption\":\"rs-spk-45l-olv-1\"},{\"@type\":\"BreadcrumbList\",\"@id\":\"https:\\\/\\\/vmsport.fi\\\/verkkokauppa\\\/tarvikkeet\\\/laukut\\\/satulalaukut\\\/restrap-saddle-pack-4-5l-olive\\\/#breadcrumb\",\"itemListElement\":[{\"@type\":\"ListItem\",\"position\":1,\"name\":\"Etusivu\",\"item\":\"https:\\\/\\\/vmsport.fi\\\/\"},{\"@type\":\"ListItem\",\"position\":2,\"name\":\"Online Store\",\"item\":\"https:\\\/\\\/vmsport.fi\\\/en\\\/online-store\\\/\"},{\"@type\":\"ListItem\",\"position\":3,\"name\":\"Restrap\",\"item\":\"https:\\\/\\\/vmsport.fi\\\/merkki\\\/restrap\\\/\"},{\"@type\":\"ListItem\",\"position\":4,\"name\":\"Restrap Saddle Pack 4.5L Olive\"}]},{\"@type\":\"WebSite\",\"@id\":\"https:\\\/\\\/vmsport.fi\\\/#website\",\"url\":\"https:\\\/\\\/vmsport.fi\\\/\",\"name\":\"Vmsport\",\"description\":\"Kaikki py\u00f6r\u00e4ilyyn yhdest\u00e4 paikasta\",\"publisher\":{\"@id\":\"https:\\\/\\\/vmsport.fi\\\/#organization\"},\"potentialAction\":[{\"@type\":\"SearchAction\",\"target\":{\"@type\":\"EntryPoint\",\"urlTemplate\":\"https:\\\/\\\/vmsport.fi\\\/?s={search_term_string}\"},\"query-input\":{\"@type\":\"PropertyValueSpecification\",\"valueRequired\":true,\"valueName\":\"search_term_string\"}}],\"inLanguage\":\"sv-SE\"},{\"@type\":\"Organization\",\"@id\":\"https:\\\/\\\/vmsport.fi\\\/#organization\",\"name\":\"Vmsport\",\"url\":\"https:\\\/\\\/vmsport.fi\\\/\",\"logo\":{\"@type\":\"ImageObject\",\"inLanguage\":\"sv-SE\",\"@id\":\"https:\\\/\\\/vmsport.fi\\\/#\\\/schema\\\/logo\\\/image\\\/\",\"url\":\"https:\\\/\\\/vmsport.fi\\\/wp-content\\\/uploads\\\/2024\\\/12\\\/vm_sport_RGB_horisontal-e1734526017575.png\",\"contentUrl\":\"https:\\\/\\\/vmsport.fi\\\/wp-content\\\/uploads\\\/2024\\\/12\\\/vm_sport_RGB_horisontal-e1734526017575.png\",\"width\":668,\"height\":85,\"caption\":\"Vmsport\"},\"image\":{\"@id\":\"https:\\\/\\\/vmsport.fi\\\/#\\\/schema\\\/logo\\\/image\\\/\"},\"sameAs\":[\"https:\\\/\\\/www.facebook.com\\\/Vmsport.fi\\\/\",\"https:\\\/\\\/www.instagram.com\\\/vmsport\\\/\"]}]}<\/script>\n<!-- \/ Yoast SEO plugin. -->","yoast_head_json":{"title":"Restrap Saddle Pack 4.5L Olive - VM Sport","robots":{"index":"index","follow":"follow","max-snippet":"max-snippet:-1","max-image-preview":"max-image-preview:large","max-video-preview":"max-video-preview:-1"},"canonical":"https:\/\/vmsport.fi\/sv\/webbutik\/tillbehor\/vaskor\/sadelvaskor\/restrap-saddle-pack-4-5l-olive\/","og_locale":"sv_SE","og_type":"article","og_title":"Restrap Saddle Pack 4.5L Olive - VM Sport","og_description":"Restrap Saddle Pack on t\u00e4ydellinen valinta py\u00f6r\u00e4ilij\u00e4lle, joka haluaa ajaa pidemm\u00e4lle ja kuljettaa enemm\u00e4n varusteita. Pidemm\u00e4t lenkit vaativat lis\u00e4varustelua \u2013 vaihtovaatteet, hanskat ja muut t\u00e4rke\u00e4t tarvikkeet kulkevat mukana vaivattomasti t\u00e4ss\u00e4 k\u00e4yt\u00e4nn\u00f6llisess\u00e4 satulalaukussa. Laukku on valmistettu kolmesta kest\u00e4v\u00e4st\u00e4 materiaalista. Sivupaneelit ovat tuttua 1000D teksturoitua nailonia Restrapin bikepacking-mallistosta, kun taas yl\u00e4- ja alaosat on tehty eritt\u00e4in kulutusta [...]L\u00e4s mer \u2026 from Restrap Saddle Pack 4.5L Olive","og_url":"https:\/\/vmsport.fi\/sv\/webbutik\/tillbehor\/vaskor\/sadelvaskor\/restrap-saddle-pack-4-5l-olive\/","og_site_name":"VM Sport","article_publisher":"https:\/\/www.facebook.com\/Vmsport.fi\/","article_modified_time":"2026-04-08T12:56:14+00:00","og_image":[{"width":1000,"height":1000,"url":"https:\/\/vmsport.fi\/wp-content\/uploads\/2026\/04\/rs-spk-45l-olv-1.jpg","type":"image\/jpeg"}],"twitter_card":"summary_large_image","twitter_misc":{"Ber\u00e4knad l\u00e4stid":"2 minuter"},"schema":{"@context":"https:\/\/schema.org","@graph":[{"@type":["WebPage","ItemPage"],"@id":"https:\/\/vmsport.fi\/verkkokauppa\/tarvikkeet\/laukut\/satulalaukut\/restrap-saddle-pack-4-5l-olive\/","url":"https:\/\/vmsport.fi\/verkkokauppa\/tarvikkeet\/laukut\/satulalaukut\/restrap-saddle-pack-4-5l-olive\/","name":"Restrap Saddle Pack 4.5L Olive - VM Sport","isPartOf":{"@id":"https:\/\/vmsport.fi\/#website"},"primaryImageOfPage":{"@id":"https:\/\/vmsport.fi\/verkkokauppa\/tarvikkeet\/laukut\/satulalaukut\/restrap-saddle-pack-4-5l-olive\/#primaryimage"},"image":{"@id":"https:\/\/vmsport.fi\/verkkokauppa\/tarvikkeet\/laukut\/satulalaukut\/restrap-saddle-pack-4-5l-olive\/#primaryimage"},"thumbnailUrl":"https:\/\/vmsport.fi\/wp-content\/uploads\/2026\/04\/rs-spk-45l-olv-1.jpg","datePublished":"2026-04-07T13:59:12+00:00","dateModified":"2026-04-08T12:56:14+00:00","breadcrumb":{"@id":"https:\/\/vmsport.fi\/verkkokauppa\/tarvikkeet\/laukut\/satulalaukut\/restrap-saddle-pack-4-5l-olive\/#breadcrumb"},"inLanguage":"sv-SE","potentialAction":[{"@type":"ReadAction","target":["https:\/\/vmsport.fi\/verkkokauppa\/tarvikkeet\/laukut\/satulalaukut\/restrap-saddle-pack-4-5l-olive\/"]}]},{"@type":"ImageObject","inLanguage":"sv-SE","@id":"https:\/\/vmsport.fi\/verkkokauppa\/tarvikkeet\/laukut\/satulalaukut\/restrap-saddle-pack-4-5l-olive\/#primaryimage","url":"https:\/\/vmsport.fi\/wp-content\/uploads\/2026\/04\/rs-spk-45l-olv-1.jpg","contentUrl":"https:\/\/vmsport.fi\/wp-content\/uploads\/2026\/04\/rs-spk-45l-olv-1.jpg","width":1000,"height":1000,"caption":"rs-spk-45l-olv-1"},{"@type":"BreadcrumbList","@id":"https:\/\/vmsport.fi\/verkkokauppa\/tarvikkeet\/laukut\/satulalaukut\/restrap-saddle-pack-4-5l-olive\/#breadcrumb","itemListElement":[{"@type":"ListItem","position":1,"name":"Etusivu","item":"https:\/\/vmsport.fi\/"},{"@type":"ListItem","position":2,"name":"Online Store","item":"https:\/\/vmsport.fi\/en\/online-store\/"},{"@type":"ListItem","position":3,"name":"Restrap","item":"https:\/\/vmsport.fi\/merkki\/restrap\/"},{"@type":"ListItem","position":4,"name":"Restrap Saddle Pack 4.5L Olive"}]},{"@type":"WebSite","@id":"https:\/\/vmsport.fi\/#website","url":"https:\/\/vmsport.fi\/","name":"Vmsport","description":"Allt p\u00e5 ett st\u00e4lle f\u00f6r cykling","publisher":{"@id":"https:\/\/vmsport.fi\/#organization"},"potentialAction":[{"@type":"SearchAction","target":{"@type":"EntryPoint","urlTemplate":"https:\/\/vmsport.fi\/?s={search_term_string}"},"query-input":{"@type":"PropertyValueSpecification","valueRequired":true,"valueName":"search_term_string"}}],"inLanguage":"sv-SE"},{"@type":"Organization","@id":"https:\/\/vmsport.fi\/#organization","name":"Vmsport","url":"https:\/\/vmsport.fi\/","logo":{"@type":"ImageObject","inLanguage":"sv-SE","@id":"https:\/\/vmsport.fi\/#\/schema\/logo\/image\/","url":"https:\/\/vmsport.fi\/wp-content\/uploads\/2024\/12\/vm_sport_RGB_horisontal-e1734526017575.png","contentUrl":"https:\/\/vmsport.fi\/wp-content\/uploads\/2024\/12\/vm_sport_RGB_horisontal-e1734526017575.png","width":668,"height":85,"caption":"Vmsport"},"image":{"@id":"https:\/\/vmsport.fi\/#\/schema\/logo\/image\/"},"sameAs":["https:\/\/www.facebook.com\/Vmsport.fi\/","https:\/\/www.instagram.com\/vmsport\/"]}]}},"global_unique_id":"","_links":{"self":[{"href":"https:\/\/vmsport.fi\/sv\/wp-json\/wp\/v2\/product\/64498","targetHints":{"allow":["GET"]}}],"collection":[{"href":"https:\/\/vmsport.fi\/sv\/wp-json\/wp\/v2\/product"}],"about":[{"href":"https:\/\/vmsport.fi\/sv\/wp-json\/wp\/v2\/types\/product"}],"replies":[{"embeddable":true,"href":"https:\/\/vmsport.fi\/sv\/wp-json\/wp\/v2\/comments?post=64498"}],"wp:featuredmedia":[{"embeddable":true,"href":"https:\/\/vmsport.fi\/sv\/wp-json\/wp\/v2\/media\/64537"}],"wp:attachment":[{"href":"https:\/\/vmsport.fi\/sv\/wp-json\/wp\/v2\/media?parent=64498"}],"wp:term":[{"taxonomy":"product_brand","embeddable":true,"href":"https:\/\/vmsport.fi\/sv\/wp-json\/wp\/v2\/product_brand?post=64498"},{"taxonomy":"product_model","embeddable":true,"href":"https:\/\/vmsport.fi\/sv\/wp-json\/wp\/v2\/product_model?post=64498"},{"taxonomy":"product_cat","embeddable":true,"href":"https:\/\/vmsport.fi\/sv\/wp-json\/wp\/v2\/product_cat?post=64498"},{"taxonomy":"product_tag","embeddable":true,"href":"https:\/\/vmsport.fi\/sv\/wp-json\/wp\/v2\/product_tag?post=64498"},{"taxonomy":"industry_terminology","embeddable":true,"href":"https:\/\/vmsport.fi\/sv\/wp-json\/wp\/v2\/industry-terminology?post=64498"}],"curies":[{"name":"wp","href":"https:\/\/api.w.org\/{rel}","templated":true}]}}