{"id":64496,"date":"2026-04-07T16:59:11","date_gmt":"2026-04-07T13:59:11","guid":{"rendered":"https:\/\/vmsport.fi\/verkkokauppa\/Ei-luokiteltu\/restrap-race-frame-bag-large\/"},"modified":"2026-04-22T15:07:50","modified_gmt":"2026-04-22T12:07:50","slug":"restrap-race-frame-bag-large","status":"publish","type":"product","link":"https:\/\/vmsport.fi\/sv\/verkkokauppa\/tarvikkeet\/laukut\/runkolaukut\/restrap-race-frame-bag-large\/","title":{"rendered":"Restrap Race Frame Bag Large"},"content":{"rendered":"<p data-start=\"0\" data-end=\"236\">Restrap Adventure Race Frame Bag on kest\u00e4v\u00e4 ja kevyt runkolaukku, joka on suunniteltu erityisesti ultra-pitk\u00e4n matkan ajoon ja audax-py\u00f6r\u00e4ilyyn. K\u00e4yt\u00e4nn\u00f6llinen ja toimiva rakenne tekee siit\u00e4 erinomaisen valinnan vaativiin olosuhteisiin.<\/p>\n<p data-start=\"238\" data-end=\"494\">Laukussa on tekninen ja vedenpit\u00e4v\u00e4 X21-ulkopinta, vedenpit\u00e4v\u00e4 6oz nailonsis\u00e4vuori sek\u00e4 YKK Aquaguard -vetoketjut, jotka pit\u00e4v\u00e4t varusteesi kuivina huonossakin s\u00e4\u00e4ss\u00e4. Heijastavat yksityiskohdat parantavat n\u00e4kyvyytt\u00e4 ja turvallisuutta erityisesti y\u00f6ajossa.<\/p>\n<p data-start=\"496\" data-end=\"873\">Hypalon-suojal\u00e4pp\u00e4 suojaa vetoketjuja sateelta, ja laukun etuosassa oleva l\u00e4pivienti mahdollistaa laitteiden kaapelien siistin reitityksen py\u00f6r\u00e4n etuosaan. Molemmilla puolilla olevat taskut sek\u00e4 sis\u00e4inen tarralla s\u00e4\u00e4dett\u00e4v\u00e4 v\u00e4lisein\u00e4 auttavat pit\u00e4m\u00e4\u00e4n tavarat j\u00e4rjestyksess\u00e4 ja helposti saatavilla. Lis\u00e4ksi etuosassa on piilotettu kaapelil\u00e4pivienti dynamo- ja muille johdoille.<\/p>\n<p data-start=\"875\" data-end=\"919\" data-is-last-node=\"\" data-is-only-node=\"\">Tilavuus: 4,2 L<br data-start=\"890\" data-end=\"893\" \/>V\u00e4ri: musta<br data-start=\"904\" data-end=\"907\" \/>Paino: 240 g<\/p>","protected":false},"excerpt":{"rendered":"<p>Restrap Adventure Race Frame Bag on kest\u00e4v\u00e4 ja kevyt runkolaukku, joka on suunniteltu erityisesti ultra-pitk\u00e4n matkan ajoon ja audax-py\u00f6r\u00e4ilyyn. K\u00e4yt\u00e4nn\u00f6llinen ja toimiva rakenne tekee siit\u00e4 erinomaisen valinnan vaativiin olosuhteisiin. Laukussa on tekninen ja vedenpit\u00e4v\u00e4 X21-ulkopinta, vedenpit\u00e4v\u00e4 6oz nailonsis\u00e4vuori sek\u00e4 YKK Aquaguard -vetoketjut, jotka pit\u00e4v\u00e4t varusteesi kuivina huonossakin s\u00e4\u00e4ss\u00e4. Heijastavat yksityiskohdat parantavat n\u00e4kyvyytt\u00e4 ja turvallisuutta erityisesti [&#8230;]<\/p>\n<p><a class=\"btn btn-secondary understrap-read-more-link\" href=\"https:\/\/vmsport.fi\/sv\/verkkokauppa\/tarvikkeet\/laukut\/runkolaukut\/restrap-race-frame-bag-large\/\">L\u00e4s mer \u2026<span class=\"screen-reader-text\"> from Restrap Race Frame Bag Large<\/span><\/a><\/p>\n","protected":false},"featured_media":64521,"comment_status":"open","ping_status":"closed","template":"","meta":{"_acf_changed":false,"_improvement_type_select":"improve_an_existing","_thumb_yes_seoaic":false,"_frame_yes_seoaic":false,"seoaic_generate_description":"","seoaic_improve_instructions_prompt":"","seoaic_rollback_content_improvement":"","seoaic_idea_thumbnail_generator":"","thumbnail_generated":false,"thumbnail_generate_prompt":"","seoaic_article_description":"","_supplier_stock_quantity":0},"product_brand":[10097],"product_model":[],"product_cat":[9600],"product_tag":[],"industry-terminology":[],"class_list":{"0":"post-64496","1":"product","2":"type-product","3":"status-publish","4":"has-post-thumbnail","6":"product_brand-restrap","7":"product_cat-runkolaukut","9":"first","10":"outofstock","11":"taxable","12":"shipping-taxable","13":"product-type-simple"},"acf":{"bike_features":null,"overview":{"copy_overview":null,"key_features":null,"statement":"","youtube_url":""}},"yoast_head":"<!-- This site is optimized with the Yoast SEO plugin v27.5 - https:\/\/yoast.com\/product\/yoast-seo-wordpress\/ -->\n<title>Restrap Race Frame Bag Large - VM Sport<\/title>\n<meta name=\"robots\" content=\"index, follow, max-snippet:-1, max-image-preview:large, max-video-preview:-1\" \/>\n<link rel=\"canonical\" href=\"https:\/\/vmsport.fi\/sv\/webbutik\/tillbehor\/vaskor\/bagagevaskor\/restrap-race-frame-bag-large\/\" \/>\n<meta property=\"og:locale\" content=\"sv_SE\" \/>\n<meta property=\"og:type\" content=\"article\" \/>\n<meta property=\"og:title\" content=\"Restrap Race Frame Bag Large - VM Sport\" \/>\n<meta property=\"og:description\" content=\"Restrap Adventure Race Frame Bag on kest\u00e4v\u00e4 ja kevyt runkolaukku, joka on suunniteltu erityisesti ultra-pitk\u00e4n matkan ajoon ja audax-py\u00f6r\u00e4ilyyn. K\u00e4yt\u00e4nn\u00f6llinen ja toimiva rakenne tekee siit\u00e4 erinomaisen valinnan vaativiin olosuhteisiin. Laukussa on tekninen ja vedenpit\u00e4v\u00e4 X21-ulkopinta, vedenpit\u00e4v\u00e4 6oz nailonsis\u00e4vuori sek\u00e4 YKK Aquaguard -vetoketjut, jotka pit\u00e4v\u00e4t varusteesi kuivina huonossakin s\u00e4\u00e4ss\u00e4. Heijastavat yksityiskohdat parantavat n\u00e4kyvyytt\u00e4 ja turvallisuutta erityisesti [...]L\u00e4s mer \u2026 from Restrap Race Frame Bag Large\" \/>\n<meta property=\"og:url\" content=\"https:\/\/vmsport.fi\/sv\/webbutik\/tillbehor\/vaskor\/bagagevaskor\/restrap-race-frame-bag-large\/\" \/>\n<meta property=\"og:site_name\" content=\"VM Sport\" \/>\n<meta property=\"article:publisher\" content=\"https:\/\/www.facebook.com\/Vmsport.fi\/\" \/>\n<meta property=\"article:modified_time\" content=\"2026-04-22T12:07:50+00:00\" \/>\n<meta property=\"og:image\" content=\"https:\/\/vmsport.fi\/wp-content\/uploads\/2026\/04\/restrap-race-frame-bag-large-1-1.jpg\" \/>\n\t<meta property=\"og:image:width\" content=\"1000\" \/>\n\t<meta property=\"og:image:height\" content=\"1000\" \/>\n\t<meta property=\"og:image:type\" content=\"image\/jpeg\" \/>\n<meta name=\"twitter:card\" content=\"summary_large_image\" \/>\n<meta name=\"twitter:label1\" content=\"Ber\u00e4knad l\u00e4stid\" \/>\n\t<meta name=\"twitter:data1\" content=\"1 minut\" \/>\n<script type=\"application\/ld+json\" class=\"yoast-schema-graph\">{\"@context\":\"https:\\\/\\\/schema.org\",\"@graph\":[{\"@type\":[\"WebPage\",\"ItemPage\"],\"@id\":\"https:\\\/\\\/vmsport.fi\\\/verkkokauppa\\\/tarvikkeet\\\/laukut\\\/runkolaukut\\\/restrap-race-frame-bag-large\\\/\",\"url\":\"https:\\\/\\\/vmsport.fi\\\/verkkokauppa\\\/tarvikkeet\\\/laukut\\\/runkolaukut\\\/restrap-race-frame-bag-large\\\/\",\"name\":\"Restrap Race Frame Bag Large - VM Sport\",\"isPartOf\":{\"@id\":\"https:\\\/\\\/vmsport.fi\\\/#website\"},\"primaryImageOfPage\":{\"@id\":\"https:\\\/\\\/vmsport.fi\\\/verkkokauppa\\\/tarvikkeet\\\/laukut\\\/runkolaukut\\\/restrap-race-frame-bag-large\\\/#primaryimage\"},\"image\":{\"@id\":\"https:\\\/\\\/vmsport.fi\\\/verkkokauppa\\\/tarvikkeet\\\/laukut\\\/runkolaukut\\\/restrap-race-frame-bag-large\\\/#primaryimage\"},\"thumbnailUrl\":\"https:\\\/\\\/vmsport.fi\\\/wp-content\\\/uploads\\\/2026\\\/04\\\/restrap-race-frame-bag-large-1-1.jpg\",\"datePublished\":\"2026-04-07T13:59:11+00:00\",\"dateModified\":\"2026-04-22T12:07:50+00:00\",\"breadcrumb\":{\"@id\":\"https:\\\/\\\/vmsport.fi\\\/verkkokauppa\\\/tarvikkeet\\\/laukut\\\/runkolaukut\\\/restrap-race-frame-bag-large\\\/#breadcrumb\"},\"inLanguage\":\"sv-SE\",\"potentialAction\":[{\"@type\":\"ReadAction\",\"target\":[\"https:\\\/\\\/vmsport.fi\\\/verkkokauppa\\\/tarvikkeet\\\/laukut\\\/runkolaukut\\\/restrap-race-frame-bag-large\\\/\"]}]},{\"@type\":\"ImageObject\",\"inLanguage\":\"sv-SE\",\"@id\":\"https:\\\/\\\/vmsport.fi\\\/verkkokauppa\\\/tarvikkeet\\\/laukut\\\/runkolaukut\\\/restrap-race-frame-bag-large\\\/#primaryimage\",\"url\":\"https:\\\/\\\/vmsport.fi\\\/wp-content\\\/uploads\\\/2026\\\/04\\\/restrap-race-frame-bag-large-1-1.jpg\",\"contentUrl\":\"https:\\\/\\\/vmsport.fi\\\/wp-content\\\/uploads\\\/2026\\\/04\\\/restrap-race-frame-bag-large-1-1.jpg\",\"width\":1000,\"height\":1000,\"caption\":\"restrap-race-frame-bag-large-1-1\"},{\"@type\":\"BreadcrumbList\",\"@id\":\"https:\\\/\\\/vmsport.fi\\\/verkkokauppa\\\/tarvikkeet\\\/laukut\\\/runkolaukut\\\/restrap-race-frame-bag-large\\\/#breadcrumb\",\"itemListElement\":[{\"@type\":\"ListItem\",\"position\":1,\"name\":\"Etusivu\",\"item\":\"https:\\\/\\\/vmsport.fi\\\/\"},{\"@type\":\"ListItem\",\"position\":2,\"name\":\"Online Store\",\"item\":\"https:\\\/\\\/vmsport.fi\\\/en\\\/online-store\\\/\"},{\"@type\":\"ListItem\",\"position\":3,\"name\":\"Restrap\",\"item\":\"https:\\\/\\\/vmsport.fi\\\/merkki\\\/restrap\\\/\"},{\"@type\":\"ListItem\",\"position\":4,\"name\":\"Restrap Race Frame Bag Large\"}]},{\"@type\":\"WebSite\",\"@id\":\"https:\\\/\\\/vmsport.fi\\\/#website\",\"url\":\"https:\\\/\\\/vmsport.fi\\\/\",\"name\":\"Vmsport\",\"description\":\"Kaikki py\u00f6r\u00e4ilyyn yhdest\u00e4 paikasta\",\"publisher\":{\"@id\":\"https:\\\/\\\/vmsport.fi\\\/#organization\"},\"potentialAction\":[{\"@type\":\"SearchAction\",\"target\":{\"@type\":\"EntryPoint\",\"urlTemplate\":\"https:\\\/\\\/vmsport.fi\\\/?s={search_term_string}\"},\"query-input\":{\"@type\":\"PropertyValueSpecification\",\"valueRequired\":true,\"valueName\":\"search_term_string\"}}],\"inLanguage\":\"sv-SE\"},{\"@type\":\"Organization\",\"@id\":\"https:\\\/\\\/vmsport.fi\\\/#organization\",\"name\":\"Vmsport\",\"url\":\"https:\\\/\\\/vmsport.fi\\\/\",\"logo\":{\"@type\":\"ImageObject\",\"inLanguage\":\"sv-SE\",\"@id\":\"https:\\\/\\\/vmsport.fi\\\/#\\\/schema\\\/logo\\\/image\\\/\",\"url\":\"https:\\\/\\\/vmsport.fi\\\/wp-content\\\/uploads\\\/2024\\\/12\\\/vm_sport_RGB_horisontal-e1734526017575.png\",\"contentUrl\":\"https:\\\/\\\/vmsport.fi\\\/wp-content\\\/uploads\\\/2024\\\/12\\\/vm_sport_RGB_horisontal-e1734526017575.png\",\"width\":668,\"height\":85,\"caption\":\"Vmsport\"},\"image\":{\"@id\":\"https:\\\/\\\/vmsport.fi\\\/#\\\/schema\\\/logo\\\/image\\\/\"},\"sameAs\":[\"https:\\\/\\\/www.facebook.com\\\/Vmsport.fi\\\/\",\"https:\\\/\\\/www.instagram.com\\\/vmsport\\\/\"]}]}<\/script>\n<!-- \/ Yoast SEO plugin. -->","yoast_head_json":{"title":"Restrap Race Frame Bag Large - VM Sport","robots":{"index":"index","follow":"follow","max-snippet":"max-snippet:-1","max-image-preview":"max-image-preview:large","max-video-preview":"max-video-preview:-1"},"canonical":"https:\/\/vmsport.fi\/sv\/webbutik\/tillbehor\/vaskor\/bagagevaskor\/restrap-race-frame-bag-large\/","og_locale":"sv_SE","og_type":"article","og_title":"Restrap Race Frame Bag Large - VM Sport","og_description":"Restrap Adventure Race Frame Bag on kest\u00e4v\u00e4 ja kevyt runkolaukku, joka on suunniteltu erityisesti ultra-pitk\u00e4n matkan ajoon ja audax-py\u00f6r\u00e4ilyyn. K\u00e4yt\u00e4nn\u00f6llinen ja toimiva rakenne tekee siit\u00e4 erinomaisen valinnan vaativiin olosuhteisiin. Laukussa on tekninen ja vedenpit\u00e4v\u00e4 X21-ulkopinta, vedenpit\u00e4v\u00e4 6oz nailonsis\u00e4vuori sek\u00e4 YKK Aquaguard -vetoketjut, jotka pit\u00e4v\u00e4t varusteesi kuivina huonossakin s\u00e4\u00e4ss\u00e4. Heijastavat yksityiskohdat parantavat n\u00e4kyvyytt\u00e4 ja turvallisuutta erityisesti [...]L\u00e4s mer \u2026 from Restrap Race Frame Bag Large","og_url":"https:\/\/vmsport.fi\/sv\/webbutik\/tillbehor\/vaskor\/bagagevaskor\/restrap-race-frame-bag-large\/","og_site_name":"VM Sport","article_publisher":"https:\/\/www.facebook.com\/Vmsport.fi\/","article_modified_time":"2026-04-22T12:07:50+00:00","og_image":[{"width":1000,"height":1000,"url":"https:\/\/vmsport.fi\/wp-content\/uploads\/2026\/04\/restrap-race-frame-bag-large-1-1.jpg","type":"image\/jpeg"}],"twitter_card":"summary_large_image","twitter_misc":{"Ber\u00e4knad l\u00e4stid":"1 minut"},"schema":{"@context":"https:\/\/schema.org","@graph":[{"@type":["WebPage","ItemPage"],"@id":"https:\/\/vmsport.fi\/verkkokauppa\/tarvikkeet\/laukut\/runkolaukut\/restrap-race-frame-bag-large\/","url":"https:\/\/vmsport.fi\/verkkokauppa\/tarvikkeet\/laukut\/runkolaukut\/restrap-race-frame-bag-large\/","name":"Restrap Race Frame Bag Large - VM Sport","isPartOf":{"@id":"https:\/\/vmsport.fi\/#website"},"primaryImageOfPage":{"@id":"https:\/\/vmsport.fi\/verkkokauppa\/tarvikkeet\/laukut\/runkolaukut\/restrap-race-frame-bag-large\/#primaryimage"},"image":{"@id":"https:\/\/vmsport.fi\/verkkokauppa\/tarvikkeet\/laukut\/runkolaukut\/restrap-race-frame-bag-large\/#primaryimage"},"thumbnailUrl":"https:\/\/vmsport.fi\/wp-content\/uploads\/2026\/04\/restrap-race-frame-bag-large-1-1.jpg","datePublished":"2026-04-07T13:59:11+00:00","dateModified":"2026-04-22T12:07:50+00:00","breadcrumb":{"@id":"https:\/\/vmsport.fi\/verkkokauppa\/tarvikkeet\/laukut\/runkolaukut\/restrap-race-frame-bag-large\/#breadcrumb"},"inLanguage":"sv-SE","potentialAction":[{"@type":"ReadAction","target":["https:\/\/vmsport.fi\/verkkokauppa\/tarvikkeet\/laukut\/runkolaukut\/restrap-race-frame-bag-large\/"]}]},{"@type":"ImageObject","inLanguage":"sv-SE","@id":"https:\/\/vmsport.fi\/verkkokauppa\/tarvikkeet\/laukut\/runkolaukut\/restrap-race-frame-bag-large\/#primaryimage","url":"https:\/\/vmsport.fi\/wp-content\/uploads\/2026\/04\/restrap-race-frame-bag-large-1-1.jpg","contentUrl":"https:\/\/vmsport.fi\/wp-content\/uploads\/2026\/04\/restrap-race-frame-bag-large-1-1.jpg","width":1000,"height":1000,"caption":"restrap-race-frame-bag-large-1-1"},{"@type":"BreadcrumbList","@id":"https:\/\/vmsport.fi\/verkkokauppa\/tarvikkeet\/laukut\/runkolaukut\/restrap-race-frame-bag-large\/#breadcrumb","itemListElement":[{"@type":"ListItem","position":1,"name":"Etusivu","item":"https:\/\/vmsport.fi\/"},{"@type":"ListItem","position":2,"name":"Online Store","item":"https:\/\/vmsport.fi\/en\/online-store\/"},{"@type":"ListItem","position":3,"name":"Restrap","item":"https:\/\/vmsport.fi\/merkki\/restrap\/"},{"@type":"ListItem","position":4,"name":"Restrap Race Frame Bag Large"}]},{"@type":"WebSite","@id":"https:\/\/vmsport.fi\/#website","url":"https:\/\/vmsport.fi\/","name":"Vmsport","description":"Allt p\u00e5 ett st\u00e4lle f\u00f6r cykling","publisher":{"@id":"https:\/\/vmsport.fi\/#organization"},"potentialAction":[{"@type":"SearchAction","target":{"@type":"EntryPoint","urlTemplate":"https:\/\/vmsport.fi\/?s={search_term_string}"},"query-input":{"@type":"PropertyValueSpecification","valueRequired":true,"valueName":"search_term_string"}}],"inLanguage":"sv-SE"},{"@type":"Organization","@id":"https:\/\/vmsport.fi\/#organization","name":"Vmsport","url":"https:\/\/vmsport.fi\/","logo":{"@type":"ImageObject","inLanguage":"sv-SE","@id":"https:\/\/vmsport.fi\/#\/schema\/logo\/image\/","url":"https:\/\/vmsport.fi\/wp-content\/uploads\/2024\/12\/vm_sport_RGB_horisontal-e1734526017575.png","contentUrl":"https:\/\/vmsport.fi\/wp-content\/uploads\/2024\/12\/vm_sport_RGB_horisontal-e1734526017575.png","width":668,"height":85,"caption":"Vmsport"},"image":{"@id":"https:\/\/vmsport.fi\/#\/schema\/logo\/image\/"},"sameAs":["https:\/\/www.facebook.com\/Vmsport.fi\/","https:\/\/www.instagram.com\/vmsport\/"]}]}},"global_unique_id":"","_links":{"self":[{"href":"https:\/\/vmsport.fi\/sv\/wp-json\/wp\/v2\/product\/64496","targetHints":{"allow":["GET"]}}],"collection":[{"href":"https:\/\/vmsport.fi\/sv\/wp-json\/wp\/v2\/product"}],"about":[{"href":"https:\/\/vmsport.fi\/sv\/wp-json\/wp\/v2\/types\/product"}],"replies":[{"embeddable":true,"href":"https:\/\/vmsport.fi\/sv\/wp-json\/wp\/v2\/comments?post=64496"}],"wp:featuredmedia":[{"embeddable":true,"href":"https:\/\/vmsport.fi\/sv\/wp-json\/wp\/v2\/media\/64521"}],"wp:attachment":[{"href":"https:\/\/vmsport.fi\/sv\/wp-json\/wp\/v2\/media?parent=64496"}],"wp:term":[{"taxonomy":"product_brand","embeddable":true,"href":"https:\/\/vmsport.fi\/sv\/wp-json\/wp\/v2\/product_brand?post=64496"},{"taxonomy":"product_model","embeddable":true,"href":"https:\/\/vmsport.fi\/sv\/wp-json\/wp\/v2\/product_model?post=64496"},{"taxonomy":"product_cat","embeddable":true,"href":"https:\/\/vmsport.fi\/sv\/wp-json\/wp\/v2\/product_cat?post=64496"},{"taxonomy":"product_tag","embeddable":true,"href":"https:\/\/vmsport.fi\/sv\/wp-json\/wp\/v2\/product_tag?post=64496"},{"taxonomy":"industry_terminology","embeddable":true,"href":"https:\/\/vmsport.fi\/sv\/wp-json\/wp\/v2\/industry-terminology?post=64496"}],"curies":[{"name":"wp","href":"https:\/\/api.w.org\/{rel}","templated":true}]}}