{"id":64495,"date":"2026-04-07T16:59:10","date_gmt":"2026-04-07T13:59:10","guid":{"rendered":"https:\/\/vmsport.fi\/verkkokauppa\/Ei-luokiteltu\/restrap-frame-strap-orange\/"},"modified":"2026-04-22T15:00:22","modified_gmt":"2026-04-22T12:00:22","slug":"restrap-frame-strap-orange","status":"publish","type":"product","link":"https:\/\/vmsport.fi\/sv\/verkkokauppa\/tarvikkeet\/laukut\/runkolaukut\/restrap-frame-strap-orange\/","title":{"rendered":"Restrap Frame Strap Orange"},"content":{"rendered":"<p data-start=\"0\" data-end=\"211\">Restrapin Frame Strap on k\u00e4tev\u00e4 ja kest\u00e4v\u00e4 ratkaisu lis\u00e4varusteiden ja ajotarvikkeiden kuljettamiseen py\u00f6r\u00e4ss\u00e4si. Se sopii erinomaisesti maastopy\u00f6riin tai lis\u00e4\u00e4m\u00e4\u00e4n nykyisen bikepacking-varustuksesi kantavuutta.<\/p>\n<p data-start=\"213\" data-end=\"432\">Pit\u00e4v\u00e4st\u00e4 ja kulutusta kest\u00e4v\u00e4st\u00e4 Hypalon-materiaalista valmistettu remmi kiinnittyy tukevasti mihin tahansa py\u00f6r\u00e4n rungon osaan t\u00e4ysin s\u00e4\u00e4dett\u00e4vien tarrakiinnikkeiden avulla, joten se sopii erikokoisille runkoputkille.<\/p>\n<p data-start=\"434\" data-end=\"490\">Viimeistelty tyylikk\u00e4\u00e4ll\u00e4 silikonisella Restrap-logolla.<\/p>\n<p data-start=\"492\" data-end=\"519\" data-is-last-node=\"\" data-is-only-node=\"\">V\u00e4ri: oranssi<br data-start=\"505\" data-end=\"508\" \/>Paino: 40 g<\/p>","protected":false},"excerpt":{"rendered":"<p>Restrapin Frame Strap on k\u00e4tev\u00e4 ja kest\u00e4v\u00e4 ratkaisu lis\u00e4varusteiden ja ajotarvikkeiden kuljettamiseen py\u00f6r\u00e4ss\u00e4si. Se sopii erinomaisesti maastopy\u00f6riin tai lis\u00e4\u00e4m\u00e4\u00e4n nykyisen bikepacking-varustuksesi kantavuutta. Pit\u00e4v\u00e4st\u00e4 ja kulutusta kest\u00e4v\u00e4st\u00e4 Hypalon-materiaalista valmistettu remmi kiinnittyy tukevasti mihin tahansa py\u00f6r\u00e4n rungon osaan t\u00e4ysin s\u00e4\u00e4dett\u00e4vien tarrakiinnikkeiden avulla, joten se sopii erikokoisille runkoputkille. Viimeistelty tyylikk\u00e4\u00e4ll\u00e4 silikonisella Restrap-logolla. V\u00e4ri: oranssiPaino: 40 g [&#8230;]<\/p>\n<p><a class=\"btn btn-secondary understrap-read-more-link\" href=\"https:\/\/vmsport.fi\/sv\/verkkokauppa\/tarvikkeet\/laukut\/runkolaukut\/restrap-frame-strap-orange\/\">L\u00e4s mer \u2026<span class=\"screen-reader-text\"> from Restrap Frame Strap Orange<\/span><\/a><\/p>\n","protected":false},"featured_media":64549,"comment_status":"open","ping_status":"closed","template":"","meta":{"_acf_changed":false,"_improvement_type_select":"improve_an_existing","_thumb_yes_seoaic":false,"_frame_yes_seoaic":false,"seoaic_generate_description":"","seoaic_improve_instructions_prompt":"","seoaic_rollback_content_improvement":"","seoaic_idea_thumbnail_generator":"","thumbnail_generated":false,"thumbnail_generate_prompt":"","seoaic_article_description":"","_supplier_stock_quantity":0},"product_brand":[10097],"product_model":[],"product_cat":[9600],"product_tag":[],"industry-terminology":[],"class_list":{"0":"post-64495","1":"product","2":"type-product","3":"status-publish","4":"has-post-thumbnail","6":"product_brand-restrap","7":"product_cat-runkolaukut","9":"first","10":"outofstock","11":"taxable","12":"shipping-taxable","13":"product-type-simple"},"acf":{"bike_features":null,"overview":{"copy_overview":null,"key_features":null,"statement":"","youtube_url":""}},"yoast_head":"<!-- This site is optimized with the Yoast SEO plugin v27.5 - https:\/\/yoast.com\/product\/yoast-seo-wordpress\/ -->\n<title>Restrap Frame Strap Orange - VM Sport<\/title>\n<meta name=\"robots\" content=\"index, follow, max-snippet:-1, max-image-preview:large, max-video-preview:-1\" \/>\n<link rel=\"canonical\" href=\"https:\/\/vmsport.fi\/sv\/webbutik\/tillbehor\/vaskor\/bagagevaskor\/restrap-frame-strap-orange\/\" \/>\n<meta property=\"og:locale\" content=\"sv_SE\" \/>\n<meta property=\"og:type\" content=\"article\" \/>\n<meta property=\"og:title\" content=\"Restrap Frame Strap Orange - VM Sport\" \/>\n<meta property=\"og:description\" content=\"Restrapin Frame Strap on k\u00e4tev\u00e4 ja kest\u00e4v\u00e4 ratkaisu lis\u00e4varusteiden ja ajotarvikkeiden kuljettamiseen py\u00f6r\u00e4ss\u00e4si. Se sopii erinomaisesti maastopy\u00f6riin tai lis\u00e4\u00e4m\u00e4\u00e4n nykyisen bikepacking-varustuksesi kantavuutta. Pit\u00e4v\u00e4st\u00e4 ja kulutusta kest\u00e4v\u00e4st\u00e4 Hypalon-materiaalista valmistettu remmi kiinnittyy tukevasti mihin tahansa py\u00f6r\u00e4n rungon osaan t\u00e4ysin s\u00e4\u00e4dett\u00e4vien tarrakiinnikkeiden avulla, joten se sopii erikokoisille runkoputkille. Viimeistelty tyylikk\u00e4\u00e4ll\u00e4 silikonisella Restrap-logolla. V\u00e4ri: oranssiPaino: 40 g [...]L\u00e4s mer \u2026 from Restrap Frame Strap Orange\" \/>\n<meta property=\"og:url\" content=\"https:\/\/vmsport.fi\/sv\/webbutik\/tillbehor\/vaskor\/bagagevaskor\/restrap-frame-strap-orange\/\" \/>\n<meta property=\"og:site_name\" content=\"VM Sport\" \/>\n<meta property=\"article:publisher\" content=\"https:\/\/www.facebook.com\/Vmsport.fi\/\" \/>\n<meta property=\"article:modified_time\" content=\"2026-04-22T12:00:22+00:00\" \/>\n<meta property=\"og:image\" content=\"https:\/\/vmsport.fi\/wp-content\/uploads\/2026\/04\/rs-frm-stp-ora-1.jpg\" \/>\n\t<meta property=\"og:image:width\" content=\"1000\" \/>\n\t<meta property=\"og:image:height\" content=\"1000\" \/>\n\t<meta property=\"og:image:type\" content=\"image\/jpeg\" \/>\n<meta name=\"twitter:card\" content=\"summary_large_image\" \/>\n<meta name=\"twitter:label1\" content=\"Ber\u00e4knad l\u00e4stid\" \/>\n\t<meta name=\"twitter:data1\" content=\"1 minut\" \/>\n<script type=\"application\/ld+json\" class=\"yoast-schema-graph\">{\"@context\":\"https:\\\/\\\/schema.org\",\"@graph\":[{\"@type\":[\"WebPage\",\"ItemPage\"],\"@id\":\"https:\\\/\\\/vmsport.fi\\\/verkkokauppa\\\/tarvikkeet\\\/laukut\\\/runkolaukut\\\/restrap-frame-strap-orange\\\/\",\"url\":\"https:\\\/\\\/vmsport.fi\\\/verkkokauppa\\\/tarvikkeet\\\/laukut\\\/runkolaukut\\\/restrap-frame-strap-orange\\\/\",\"name\":\"Restrap Frame Strap Orange - VM Sport\",\"isPartOf\":{\"@id\":\"https:\\\/\\\/vmsport.fi\\\/#website\"},\"primaryImageOfPage\":{\"@id\":\"https:\\\/\\\/vmsport.fi\\\/verkkokauppa\\\/tarvikkeet\\\/laukut\\\/runkolaukut\\\/restrap-frame-strap-orange\\\/#primaryimage\"},\"image\":{\"@id\":\"https:\\\/\\\/vmsport.fi\\\/verkkokauppa\\\/tarvikkeet\\\/laukut\\\/runkolaukut\\\/restrap-frame-strap-orange\\\/#primaryimage\"},\"thumbnailUrl\":\"https:\\\/\\\/vmsport.fi\\\/wp-content\\\/uploads\\\/2026\\\/04\\\/rs-frm-stp-ora-1.jpg\",\"datePublished\":\"2026-04-07T13:59:10+00:00\",\"dateModified\":\"2026-04-22T12:00:22+00:00\",\"breadcrumb\":{\"@id\":\"https:\\\/\\\/vmsport.fi\\\/verkkokauppa\\\/tarvikkeet\\\/laukut\\\/runkolaukut\\\/restrap-frame-strap-orange\\\/#breadcrumb\"},\"inLanguage\":\"sv-SE\",\"potentialAction\":[{\"@type\":\"ReadAction\",\"target\":[\"https:\\\/\\\/vmsport.fi\\\/verkkokauppa\\\/tarvikkeet\\\/laukut\\\/runkolaukut\\\/restrap-frame-strap-orange\\\/\"]}]},{\"@type\":\"ImageObject\",\"inLanguage\":\"sv-SE\",\"@id\":\"https:\\\/\\\/vmsport.fi\\\/verkkokauppa\\\/tarvikkeet\\\/laukut\\\/runkolaukut\\\/restrap-frame-strap-orange\\\/#primaryimage\",\"url\":\"https:\\\/\\\/vmsport.fi\\\/wp-content\\\/uploads\\\/2026\\\/04\\\/rs-frm-stp-ora-1.jpg\",\"contentUrl\":\"https:\\\/\\\/vmsport.fi\\\/wp-content\\\/uploads\\\/2026\\\/04\\\/rs-frm-stp-ora-1.jpg\",\"width\":1000,\"height\":1000,\"caption\":\"rs-frm-stp-ora-1\"},{\"@type\":\"BreadcrumbList\",\"@id\":\"https:\\\/\\\/vmsport.fi\\\/verkkokauppa\\\/tarvikkeet\\\/laukut\\\/runkolaukut\\\/restrap-frame-strap-orange\\\/#breadcrumb\",\"itemListElement\":[{\"@type\":\"ListItem\",\"position\":1,\"name\":\"Etusivu\",\"item\":\"https:\\\/\\\/vmsport.fi\\\/\"},{\"@type\":\"ListItem\",\"position\":2,\"name\":\"Online Store\",\"item\":\"https:\\\/\\\/vmsport.fi\\\/en\\\/online-store\\\/\"},{\"@type\":\"ListItem\",\"position\":3,\"name\":\"Restrap\",\"item\":\"https:\\\/\\\/vmsport.fi\\\/merkki\\\/restrap\\\/\"},{\"@type\":\"ListItem\",\"position\":4,\"name\":\"Restrap Frame Strap Orange\"}]},{\"@type\":\"WebSite\",\"@id\":\"https:\\\/\\\/vmsport.fi\\\/#website\",\"url\":\"https:\\\/\\\/vmsport.fi\\\/\",\"name\":\"Vmsport\",\"description\":\"Kaikki py\u00f6r\u00e4ilyyn yhdest\u00e4 paikasta\",\"publisher\":{\"@id\":\"https:\\\/\\\/vmsport.fi\\\/#organization\"},\"potentialAction\":[{\"@type\":\"SearchAction\",\"target\":{\"@type\":\"EntryPoint\",\"urlTemplate\":\"https:\\\/\\\/vmsport.fi\\\/?s={search_term_string}\"},\"query-input\":{\"@type\":\"PropertyValueSpecification\",\"valueRequired\":true,\"valueName\":\"search_term_string\"}}],\"inLanguage\":\"sv-SE\"},{\"@type\":\"Organization\",\"@id\":\"https:\\\/\\\/vmsport.fi\\\/#organization\",\"name\":\"Vmsport\",\"url\":\"https:\\\/\\\/vmsport.fi\\\/\",\"logo\":{\"@type\":\"ImageObject\",\"inLanguage\":\"sv-SE\",\"@id\":\"https:\\\/\\\/vmsport.fi\\\/#\\\/schema\\\/logo\\\/image\\\/\",\"url\":\"https:\\\/\\\/vmsport.fi\\\/wp-content\\\/uploads\\\/2024\\\/12\\\/vm_sport_RGB_horisontal-e1734526017575.png\",\"contentUrl\":\"https:\\\/\\\/vmsport.fi\\\/wp-content\\\/uploads\\\/2024\\\/12\\\/vm_sport_RGB_horisontal-e1734526017575.png\",\"width\":668,\"height\":85,\"caption\":\"Vmsport\"},\"image\":{\"@id\":\"https:\\\/\\\/vmsport.fi\\\/#\\\/schema\\\/logo\\\/image\\\/\"},\"sameAs\":[\"https:\\\/\\\/www.facebook.com\\\/Vmsport.fi\\\/\",\"https:\\\/\\\/www.instagram.com\\\/vmsport\\\/\"]}]}<\/script>\n<!-- \/ Yoast SEO plugin. -->","yoast_head_json":{"title":"Restrap Frame Strap Orange - VM Sport","robots":{"index":"index","follow":"follow","max-snippet":"max-snippet:-1","max-image-preview":"max-image-preview:large","max-video-preview":"max-video-preview:-1"},"canonical":"https:\/\/vmsport.fi\/sv\/webbutik\/tillbehor\/vaskor\/bagagevaskor\/restrap-frame-strap-orange\/","og_locale":"sv_SE","og_type":"article","og_title":"Restrap Frame Strap Orange - VM Sport","og_description":"Restrapin Frame Strap on k\u00e4tev\u00e4 ja kest\u00e4v\u00e4 ratkaisu lis\u00e4varusteiden ja ajotarvikkeiden kuljettamiseen py\u00f6r\u00e4ss\u00e4si. Se sopii erinomaisesti maastopy\u00f6riin tai lis\u00e4\u00e4m\u00e4\u00e4n nykyisen bikepacking-varustuksesi kantavuutta. Pit\u00e4v\u00e4st\u00e4 ja kulutusta kest\u00e4v\u00e4st\u00e4 Hypalon-materiaalista valmistettu remmi kiinnittyy tukevasti mihin tahansa py\u00f6r\u00e4n rungon osaan t\u00e4ysin s\u00e4\u00e4dett\u00e4vien tarrakiinnikkeiden avulla, joten se sopii erikokoisille runkoputkille. Viimeistelty tyylikk\u00e4\u00e4ll\u00e4 silikonisella Restrap-logolla. V\u00e4ri: oranssiPaino: 40 g [...]L\u00e4s mer \u2026 from Restrap Frame Strap Orange","og_url":"https:\/\/vmsport.fi\/sv\/webbutik\/tillbehor\/vaskor\/bagagevaskor\/restrap-frame-strap-orange\/","og_site_name":"VM Sport","article_publisher":"https:\/\/www.facebook.com\/Vmsport.fi\/","article_modified_time":"2026-04-22T12:00:22+00:00","og_image":[{"width":1000,"height":1000,"url":"https:\/\/vmsport.fi\/wp-content\/uploads\/2026\/04\/rs-frm-stp-ora-1.jpg","type":"image\/jpeg"}],"twitter_card":"summary_large_image","twitter_misc":{"Ber\u00e4knad l\u00e4stid":"1 minut"},"schema":{"@context":"https:\/\/schema.org","@graph":[{"@type":["WebPage","ItemPage"],"@id":"https:\/\/vmsport.fi\/verkkokauppa\/tarvikkeet\/laukut\/runkolaukut\/restrap-frame-strap-orange\/","url":"https:\/\/vmsport.fi\/verkkokauppa\/tarvikkeet\/laukut\/runkolaukut\/restrap-frame-strap-orange\/","name":"Restrap Frame Strap Orange - VM Sport","isPartOf":{"@id":"https:\/\/vmsport.fi\/#website"},"primaryImageOfPage":{"@id":"https:\/\/vmsport.fi\/verkkokauppa\/tarvikkeet\/laukut\/runkolaukut\/restrap-frame-strap-orange\/#primaryimage"},"image":{"@id":"https:\/\/vmsport.fi\/verkkokauppa\/tarvikkeet\/laukut\/runkolaukut\/restrap-frame-strap-orange\/#primaryimage"},"thumbnailUrl":"https:\/\/vmsport.fi\/wp-content\/uploads\/2026\/04\/rs-frm-stp-ora-1.jpg","datePublished":"2026-04-07T13:59:10+00:00","dateModified":"2026-04-22T12:00:22+00:00","breadcrumb":{"@id":"https:\/\/vmsport.fi\/verkkokauppa\/tarvikkeet\/laukut\/runkolaukut\/restrap-frame-strap-orange\/#breadcrumb"},"inLanguage":"sv-SE","potentialAction":[{"@type":"ReadAction","target":["https:\/\/vmsport.fi\/verkkokauppa\/tarvikkeet\/laukut\/runkolaukut\/restrap-frame-strap-orange\/"]}]},{"@type":"ImageObject","inLanguage":"sv-SE","@id":"https:\/\/vmsport.fi\/verkkokauppa\/tarvikkeet\/laukut\/runkolaukut\/restrap-frame-strap-orange\/#primaryimage","url":"https:\/\/vmsport.fi\/wp-content\/uploads\/2026\/04\/rs-frm-stp-ora-1.jpg","contentUrl":"https:\/\/vmsport.fi\/wp-content\/uploads\/2026\/04\/rs-frm-stp-ora-1.jpg","width":1000,"height":1000,"caption":"rs-frm-stp-ora-1"},{"@type":"BreadcrumbList","@id":"https:\/\/vmsport.fi\/verkkokauppa\/tarvikkeet\/laukut\/runkolaukut\/restrap-frame-strap-orange\/#breadcrumb","itemListElement":[{"@type":"ListItem","position":1,"name":"Etusivu","item":"https:\/\/vmsport.fi\/"},{"@type":"ListItem","position":2,"name":"Online Store","item":"https:\/\/vmsport.fi\/en\/online-store\/"},{"@type":"ListItem","position":3,"name":"Restrap","item":"https:\/\/vmsport.fi\/merkki\/restrap\/"},{"@type":"ListItem","position":4,"name":"Restrap Frame Strap Orange"}]},{"@type":"WebSite","@id":"https:\/\/vmsport.fi\/#website","url":"https:\/\/vmsport.fi\/","name":"Vmsport","description":"Allt p\u00e5 ett st\u00e4lle f\u00f6r cykling","publisher":{"@id":"https:\/\/vmsport.fi\/#organization"},"potentialAction":[{"@type":"SearchAction","target":{"@type":"EntryPoint","urlTemplate":"https:\/\/vmsport.fi\/?s={search_term_string}"},"query-input":{"@type":"PropertyValueSpecification","valueRequired":true,"valueName":"search_term_string"}}],"inLanguage":"sv-SE"},{"@type":"Organization","@id":"https:\/\/vmsport.fi\/#organization","name":"Vmsport","url":"https:\/\/vmsport.fi\/","logo":{"@type":"ImageObject","inLanguage":"sv-SE","@id":"https:\/\/vmsport.fi\/#\/schema\/logo\/image\/","url":"https:\/\/vmsport.fi\/wp-content\/uploads\/2024\/12\/vm_sport_RGB_horisontal-e1734526017575.png","contentUrl":"https:\/\/vmsport.fi\/wp-content\/uploads\/2024\/12\/vm_sport_RGB_horisontal-e1734526017575.png","width":668,"height":85,"caption":"Vmsport"},"image":{"@id":"https:\/\/vmsport.fi\/#\/schema\/logo\/image\/"},"sameAs":["https:\/\/www.facebook.com\/Vmsport.fi\/","https:\/\/www.instagram.com\/vmsport\/"]}]}},"global_unique_id":"","_links":{"self":[{"href":"https:\/\/vmsport.fi\/sv\/wp-json\/wp\/v2\/product\/64495","targetHints":{"allow":["GET"]}}],"collection":[{"href":"https:\/\/vmsport.fi\/sv\/wp-json\/wp\/v2\/product"}],"about":[{"href":"https:\/\/vmsport.fi\/sv\/wp-json\/wp\/v2\/types\/product"}],"replies":[{"embeddable":true,"href":"https:\/\/vmsport.fi\/sv\/wp-json\/wp\/v2\/comments?post=64495"}],"wp:featuredmedia":[{"embeddable":true,"href":"https:\/\/vmsport.fi\/sv\/wp-json\/wp\/v2\/media\/64549"}],"wp:attachment":[{"href":"https:\/\/vmsport.fi\/sv\/wp-json\/wp\/v2\/media?parent=64495"}],"wp:term":[{"taxonomy":"product_brand","embeddable":true,"href":"https:\/\/vmsport.fi\/sv\/wp-json\/wp\/v2\/product_brand?post=64495"},{"taxonomy":"product_model","embeddable":true,"href":"https:\/\/vmsport.fi\/sv\/wp-json\/wp\/v2\/product_model?post=64495"},{"taxonomy":"product_cat","embeddable":true,"href":"https:\/\/vmsport.fi\/sv\/wp-json\/wp\/v2\/product_cat?post=64495"},{"taxonomy":"product_tag","embeddable":true,"href":"https:\/\/vmsport.fi\/sv\/wp-json\/wp\/v2\/product_tag?post=64495"},{"taxonomy":"industry_terminology","embeddable":true,"href":"https:\/\/vmsport.fi\/sv\/wp-json\/wp\/v2\/industry-terminology?post=64495"}],"curies":[{"name":"wp","href":"https:\/\/api.w.org\/{rel}","templated":true}]}}