{"id":64201,"date":"2026-03-31T11:31:08","date_gmt":"2026-03-31T08:31:08","guid":{"rendered":"https:\/\/vmsport.fi\/verkkokauppa\/Ei-luokiteltu\/thule-shimano-lastenkuljetusperakarryn-adapteri-jalkajarrulliseen-napaan\/"},"modified":"2026-04-02T13:30:37","modified_gmt":"2026-04-02T10:30:37","slug":"thule-shimano-lastenkuljetusperakarryn-adapteri-jalkajarrulliseen-napaan","status":"publish","type":"product","link":"https:\/\/vmsport.fi\/sv\/verkkokauppa\/tarvikkeet\/telineet\/sailytys-ja-kuljetustelineet\/thule-shimano-lastenkuljetusperakarryn-adapteri-jalkajarrulliseen-napaan\/","title":{"rendered":"THULE Shimano &#8211; lastenkuljetusper\u00e4k\u00e4rryn adapteri jalkajarrulliseen napaan"},"content":{"rendered":"","protected":false},"excerpt":{"rendered":"<p> [&#8230;]<\/p>\n<p><a class=\"btn btn-secondary understrap-read-more-link\" href=\"https:\/\/vmsport.fi\/sv\/verkkokauppa\/tarvikkeet\/telineet\/sailytys-ja-kuljetustelineet\/thule-shimano-lastenkuljetusperakarryn-adapteri-jalkajarrulliseen-napaan\/\">L\u00e4s mer \u2026<span class=\"screen-reader-text\"> from THULE Shimano &#8211; lastenkuljetusper\u00e4k\u00e4rryn adapteri jalkajarrulliseen napaan<\/span><\/a><\/p>\n","protected":false},"featured_media":64200,"comment_status":"open","ping_status":"closed","template":"","meta":{"_acf_changed":false,"_improvement_type_select":"improve_an_existing","_thumb_yes_seoaic":false,"_frame_yes_seoaic":false,"seoaic_generate_description":"","seoaic_improve_instructions_prompt":"","seoaic_rollback_content_improvement":"","seoaic_idea_thumbnail_generator":"","thumbnail_generated":false,"thumbnail_generate_prompt":"","seoaic_article_description":"","_supplier_stock_quantity":0},"product_brand":[],"product_model":[],"product_cat":[9426],"product_tag":[],"industry-terminology":[],"class_list":{"0":"post-64201","1":"product","2":"type-product","3":"status-publish","4":"has-post-thumbnail","6":"product_cat-sailytys-ja-kuljetustelineet","8":"first","9":"instock","10":"taxable","11":"shipping-taxable","12":"purchasable","13":"product-type-simple"},"acf":{"bike_features":null,"overview":{"copy_overview":null,"key_features":null,"statement":"","youtube_url":""}},"yoast_head":"<!-- This site is optimized with the Yoast SEO plugin v27.3 - https:\/\/yoast.com\/product\/yoast-seo-wordpress\/ -->\n<title>THULE Shimano - lastenkuljetusper\u00e4k\u00e4rryn adapteri jalkajarrulliseen napaan - VM Sport<\/title>\n<meta name=\"robots\" content=\"index, follow, max-snippet:-1, max-image-preview:large, max-video-preview:-1\" \/>\n<link rel=\"canonical\" href=\"https:\/\/vmsport.fi\/sv\/webbutik\/ei-luokiteltu\/thule-shimano-lastenkuljetusperakarryn-adapteri-jalkajarrulliseen-napaan\/\" \/>\n<meta property=\"og:locale\" content=\"sv_SE\" \/>\n<meta property=\"og:type\" content=\"article\" \/>\n<meta property=\"og:title\" content=\"THULE Shimano - lastenkuljetusper\u00e4k\u00e4rryn adapteri jalkajarrulliseen napaan - VM Sport\" \/>\n<meta property=\"og:description\" content=\"[...]L\u00e4s mer \u2026 from THULE Shimano &#8211; lastenkuljetusper\u00e4k\u00e4rryn adapteri jalkajarrulliseen napaan\" \/>\n<meta property=\"og:url\" content=\"https:\/\/vmsport.fi\/sv\/webbutik\/ei-luokiteltu\/thule-shimano-lastenkuljetusperakarryn-adapteri-jalkajarrulliseen-napaan\/\" \/>\n<meta property=\"og:site_name\" content=\"VM Sport\" \/>\n<meta property=\"article:publisher\" content=\"https:\/\/www.facebook.com\/Vmsport.fi\/\" \/>\n<meta property=\"article:modified_time\" content=\"2026-04-02T10:30:37+00:00\" \/>\n<meta name=\"twitter:card\" content=\"summary_large_image\" \/>\n<script type=\"application\/ld+json\" class=\"yoast-schema-graph\">{\"@context\":\"https:\\\/\\\/schema.org\",\"@graph\":[{\"@type\":[\"WebPage\",\"ItemPage\"],\"@id\":\"https:\\\/\\\/vmsport.fi\\\/verkkokauppa\\\/Ei-luokiteltu\\\/thule-shimano-lastenkuljetusperakarryn-adapteri-jalkajarrulliseen-napaan\\\/\",\"url\":\"https:\\\/\\\/vmsport.fi\\\/verkkokauppa\\\/Ei-luokiteltu\\\/thule-shimano-lastenkuljetusperakarryn-adapteri-jalkajarrulliseen-napaan\\\/\",\"name\":\"THULE Shimano - lastenkuljetusper\u00e4k\u00e4rryn adapteri jalkajarrulliseen napaan - VM Sport\",\"isPartOf\":{\"@id\":\"https:\\\/\\\/vmsport.fi\\\/#website\"},\"primaryImageOfPage\":{\"@id\":\"https:\\\/\\\/vmsport.fi\\\/verkkokauppa\\\/Ei-luokiteltu\\\/thule-shimano-lastenkuljetusperakarryn-adapteri-jalkajarrulliseen-napaan\\\/#primaryimage\"},\"image\":{\"@id\":\"https:\\\/\\\/vmsport.fi\\\/verkkokauppa\\\/Ei-luokiteltu\\\/thule-shimano-lastenkuljetusperakarryn-adapteri-jalkajarrulliseen-napaan\\\/#primaryimage\"},\"thumbnailUrl\":\"https:\\\/\\\/vmsport.fi\\\/wp-content\\\/uploads\\\/2026\\\/03\\\/EmEuG5D2KkuoR5Ww9ddys4mIaMmcEZmtk8x9QCuXV2YkWTmytg.jpg\",\"datePublished\":\"2026-03-31T08:31:08+00:00\",\"dateModified\":\"2026-04-02T10:30:37+00:00\",\"breadcrumb\":{\"@id\":\"https:\\\/\\\/vmsport.fi\\\/verkkokauppa\\\/Ei-luokiteltu\\\/thule-shimano-lastenkuljetusperakarryn-adapteri-jalkajarrulliseen-napaan\\\/#breadcrumb\"},\"inLanguage\":\"sv-SE\",\"potentialAction\":[{\"@type\":\"ReadAction\",\"target\":[\"https:\\\/\\\/vmsport.fi\\\/verkkokauppa\\\/Ei-luokiteltu\\\/thule-shimano-lastenkuljetusperakarryn-adapteri-jalkajarrulliseen-napaan\\\/\"]}]},{\"@type\":\"ImageObject\",\"inLanguage\":\"sv-SE\",\"@id\":\"https:\\\/\\\/vmsport.fi\\\/verkkokauppa\\\/Ei-luokiteltu\\\/thule-shimano-lastenkuljetusperakarryn-adapteri-jalkajarrulliseen-napaan\\\/#primaryimage\",\"url\":\"https:\\\/\\\/vmsport.fi\\\/wp-content\\\/uploads\\\/2026\\\/03\\\/EmEuG5D2KkuoR5Ww9ddys4mIaMmcEZmtk8x9QCuXV2YkWTmytg.jpg\",\"contentUrl\":\"https:\\\/\\\/vmsport.fi\\\/wp-content\\\/uploads\\\/2026\\\/03\\\/EmEuG5D2KkuoR5Ww9ddys4mIaMmcEZmtk8x9QCuXV2YkWTmytg.jpg\",\"width\":900,\"height\":595,\"caption\":\"EmEuG5D2KkuoR5Ww9ddys4mIaMmcEZmtk8x9QCuXV2YkWTmytg\"},{\"@type\":\"BreadcrumbList\",\"@id\":\"https:\\\/\\\/vmsport.fi\\\/verkkokauppa\\\/Ei-luokiteltu\\\/thule-shimano-lastenkuljetusperakarryn-adapteri-jalkajarrulliseen-napaan\\\/#breadcrumb\",\"itemListElement\":[{\"@type\":\"ListItem\",\"position\":1,\"name\":\"Etusivu\",\"item\":\"https:\\\/\\\/vmsport.fi\\\/\"},{\"@type\":\"ListItem\",\"position\":2,\"name\":\"Online Store\",\"item\":\"https:\\\/\\\/vmsport.fi\\\/en\\\/online-store\\\/\"},{\"@type\":\"ListItem\",\"position\":3,\"name\":\"THULE Shimano &#8211; lastenkuljetusper\u00e4k\u00e4rryn adapteri jalkajarrulliseen napaan\"}]},{\"@type\":\"WebSite\",\"@id\":\"https:\\\/\\\/vmsport.fi\\\/#website\",\"url\":\"https:\\\/\\\/vmsport.fi\\\/\",\"name\":\"Vmsport\",\"description\":\"Kaikki py\u00f6r\u00e4ilyyn yhdest\u00e4 paikasta\",\"publisher\":{\"@id\":\"https:\\\/\\\/vmsport.fi\\\/#organization\"},\"potentialAction\":[{\"@type\":\"SearchAction\",\"target\":{\"@type\":\"EntryPoint\",\"urlTemplate\":\"https:\\\/\\\/vmsport.fi\\\/?s={search_term_string}\"},\"query-input\":{\"@type\":\"PropertyValueSpecification\",\"valueRequired\":true,\"valueName\":\"search_term_string\"}}],\"inLanguage\":\"sv-SE\"},{\"@type\":\"Organization\",\"@id\":\"https:\\\/\\\/vmsport.fi\\\/#organization\",\"name\":\"Vmsport\",\"url\":\"https:\\\/\\\/vmsport.fi\\\/\",\"logo\":{\"@type\":\"ImageObject\",\"inLanguage\":\"sv-SE\",\"@id\":\"https:\\\/\\\/vmsport.fi\\\/#\\\/schema\\\/logo\\\/image\\\/\",\"url\":\"https:\\\/\\\/vmsport.fi\\\/wp-content\\\/uploads\\\/2024\\\/12\\\/vm_sport_RGB_horisontal-e1734526017575.png\",\"contentUrl\":\"https:\\\/\\\/vmsport.fi\\\/wp-content\\\/uploads\\\/2024\\\/12\\\/vm_sport_RGB_horisontal-e1734526017575.png\",\"width\":668,\"height\":85,\"caption\":\"Vmsport\"},\"image\":{\"@id\":\"https:\\\/\\\/vmsport.fi\\\/#\\\/schema\\\/logo\\\/image\\\/\"},\"sameAs\":[\"https:\\\/\\\/www.facebook.com\\\/Vmsport.fi\\\/\",\"https:\\\/\\\/www.instagram.com\\\/vmsport\\\/\"]}]}<\/script>\n<!-- \/ Yoast SEO plugin. -->","yoast_head_json":{"title":"THULE Shimano - lastenkuljetusper\u00e4k\u00e4rryn adapteri jalkajarrulliseen napaan - VM Sport","robots":{"index":"index","follow":"follow","max-snippet":"max-snippet:-1","max-image-preview":"max-image-preview:large","max-video-preview":"max-video-preview:-1"},"canonical":"https:\/\/vmsport.fi\/sv\/webbutik\/ei-luokiteltu\/thule-shimano-lastenkuljetusperakarryn-adapteri-jalkajarrulliseen-napaan\/","og_locale":"sv_SE","og_type":"article","og_title":"THULE Shimano - lastenkuljetusper\u00e4k\u00e4rryn adapteri jalkajarrulliseen napaan - VM Sport","og_description":"[...]L\u00e4s mer \u2026 from THULE Shimano &#8211; lastenkuljetusper\u00e4k\u00e4rryn adapteri jalkajarrulliseen napaan","og_url":"https:\/\/vmsport.fi\/sv\/webbutik\/ei-luokiteltu\/thule-shimano-lastenkuljetusperakarryn-adapteri-jalkajarrulliseen-napaan\/","og_site_name":"VM Sport","article_publisher":"https:\/\/www.facebook.com\/Vmsport.fi\/","article_modified_time":"2026-04-02T10:30:37+00:00","twitter_card":"summary_large_image","schema":{"@context":"https:\/\/schema.org","@graph":[{"@type":["WebPage","ItemPage"],"@id":"https:\/\/vmsport.fi\/verkkokauppa\/Ei-luokiteltu\/thule-shimano-lastenkuljetusperakarryn-adapteri-jalkajarrulliseen-napaan\/","url":"https:\/\/vmsport.fi\/verkkokauppa\/Ei-luokiteltu\/thule-shimano-lastenkuljetusperakarryn-adapteri-jalkajarrulliseen-napaan\/","name":"THULE Shimano - lastenkuljetusper\u00e4k\u00e4rryn adapteri jalkajarrulliseen napaan - VM Sport","isPartOf":{"@id":"https:\/\/vmsport.fi\/#website"},"primaryImageOfPage":{"@id":"https:\/\/vmsport.fi\/verkkokauppa\/Ei-luokiteltu\/thule-shimano-lastenkuljetusperakarryn-adapteri-jalkajarrulliseen-napaan\/#primaryimage"},"image":{"@id":"https:\/\/vmsport.fi\/verkkokauppa\/Ei-luokiteltu\/thule-shimano-lastenkuljetusperakarryn-adapteri-jalkajarrulliseen-napaan\/#primaryimage"},"thumbnailUrl":"https:\/\/vmsport.fi\/wp-content\/uploads\/2026\/03\/EmEuG5D2KkuoR5Ww9ddys4mIaMmcEZmtk8x9QCuXV2YkWTmytg.jpg","datePublished":"2026-03-31T08:31:08+00:00","dateModified":"2026-04-02T10:30:37+00:00","breadcrumb":{"@id":"https:\/\/vmsport.fi\/verkkokauppa\/Ei-luokiteltu\/thule-shimano-lastenkuljetusperakarryn-adapteri-jalkajarrulliseen-napaan\/#breadcrumb"},"inLanguage":"sv-SE","potentialAction":[{"@type":"ReadAction","target":["https:\/\/vmsport.fi\/verkkokauppa\/Ei-luokiteltu\/thule-shimano-lastenkuljetusperakarryn-adapteri-jalkajarrulliseen-napaan\/"]}]},{"@type":"ImageObject","inLanguage":"sv-SE","@id":"https:\/\/vmsport.fi\/verkkokauppa\/Ei-luokiteltu\/thule-shimano-lastenkuljetusperakarryn-adapteri-jalkajarrulliseen-napaan\/#primaryimage","url":"https:\/\/vmsport.fi\/wp-content\/uploads\/2026\/03\/EmEuG5D2KkuoR5Ww9ddys4mIaMmcEZmtk8x9QCuXV2YkWTmytg.jpg","contentUrl":"https:\/\/vmsport.fi\/wp-content\/uploads\/2026\/03\/EmEuG5D2KkuoR5Ww9ddys4mIaMmcEZmtk8x9QCuXV2YkWTmytg.jpg","width":900,"height":595,"caption":"EmEuG5D2KkuoR5Ww9ddys4mIaMmcEZmtk8x9QCuXV2YkWTmytg"},{"@type":"BreadcrumbList","@id":"https:\/\/vmsport.fi\/verkkokauppa\/Ei-luokiteltu\/thule-shimano-lastenkuljetusperakarryn-adapteri-jalkajarrulliseen-napaan\/#breadcrumb","itemListElement":[{"@type":"ListItem","position":1,"name":"Etusivu","item":"https:\/\/vmsport.fi\/"},{"@type":"ListItem","position":2,"name":"Online Store","item":"https:\/\/vmsport.fi\/en\/online-store\/"},{"@type":"ListItem","position":3,"name":"THULE Shimano &#8211; lastenkuljetusper\u00e4k\u00e4rryn adapteri jalkajarrulliseen napaan"}]},{"@type":"WebSite","@id":"https:\/\/vmsport.fi\/#website","url":"https:\/\/vmsport.fi\/","name":"Vmsport","description":"Allt p\u00e5 ett st\u00e4lle f\u00f6r cykling","publisher":{"@id":"https:\/\/vmsport.fi\/#organization"},"potentialAction":[{"@type":"SearchAction","target":{"@type":"EntryPoint","urlTemplate":"https:\/\/vmsport.fi\/?s={search_term_string}"},"query-input":{"@type":"PropertyValueSpecification","valueRequired":true,"valueName":"search_term_string"}}],"inLanguage":"sv-SE"},{"@type":"Organization","@id":"https:\/\/vmsport.fi\/#organization","name":"Vmsport","url":"https:\/\/vmsport.fi\/","logo":{"@type":"ImageObject","inLanguage":"sv-SE","@id":"https:\/\/vmsport.fi\/#\/schema\/logo\/image\/","url":"https:\/\/vmsport.fi\/wp-content\/uploads\/2024\/12\/vm_sport_RGB_horisontal-e1734526017575.png","contentUrl":"https:\/\/vmsport.fi\/wp-content\/uploads\/2024\/12\/vm_sport_RGB_horisontal-e1734526017575.png","width":668,"height":85,"caption":"Vmsport"},"image":{"@id":"https:\/\/vmsport.fi\/#\/schema\/logo\/image\/"},"sameAs":["https:\/\/www.facebook.com\/Vmsport.fi\/","https:\/\/www.instagram.com\/vmsport\/"]}]}},"global_unique_id":"","_links":{"self":[{"href":"https:\/\/vmsport.fi\/sv\/wp-json\/wp\/v2\/product\/64201","targetHints":{"allow":["GET"]}}],"collection":[{"href":"https:\/\/vmsport.fi\/sv\/wp-json\/wp\/v2\/product"}],"about":[{"href":"https:\/\/vmsport.fi\/sv\/wp-json\/wp\/v2\/types\/product"}],"replies":[{"embeddable":true,"href":"https:\/\/vmsport.fi\/sv\/wp-json\/wp\/v2\/comments?post=64201"}],"wp:featuredmedia":[{"embeddable":true,"href":"https:\/\/vmsport.fi\/sv\/wp-json\/wp\/v2\/media\/64200"}],"wp:attachment":[{"href":"https:\/\/vmsport.fi\/sv\/wp-json\/wp\/v2\/media?parent=64201"}],"wp:term":[{"taxonomy":"product_brand","embeddable":true,"href":"https:\/\/vmsport.fi\/sv\/wp-json\/wp\/v2\/product_brand?post=64201"},{"taxonomy":"product_model","embeddable":true,"href":"https:\/\/vmsport.fi\/sv\/wp-json\/wp\/v2\/product_model?post=64201"},{"taxonomy":"product_cat","embeddable":true,"href":"https:\/\/vmsport.fi\/sv\/wp-json\/wp\/v2\/product_cat?post=64201"},{"taxonomy":"product_tag","embeddable":true,"href":"https:\/\/vmsport.fi\/sv\/wp-json\/wp\/v2\/product_tag?post=64201"},{"taxonomy":"industry_terminology","embeddable":true,"href":"https:\/\/vmsport.fi\/sv\/wp-json\/wp\/v2\/industry-terminology?post=64201"}],"curies":[{"name":"wp","href":"https:\/\/api.w.org\/{rel}","templated":true}]}}