{"id":64121,"date":"2026-03-25T17:56:53","date_gmt":"2026-03-25T15:56:53","guid":{"rendered":"https:\/\/vmsport.fi\/verkkokauppa\/Ei-luokiteltu\/trek-domane-sl-5-gen-4-ivy-smoke\/"},"modified":"2026-05-04T12:45:43","modified_gmt":"2026-05-04T09:45:43","slug":"trek-domane-sl-5-gen-4-ivy-smoke","status":"publish","type":"product","link":"https:\/\/vmsport.fi\/sv\/verkkokauppa\/polkupyorat\/maantie-ja-gravel\/maantiepyorat\/trek-domane-sl-5-gen-4-ivy-smoke\/","title":{"rendered":"Trek Domane SL 5 Gen 4 &#8211; Ivy Smoke"},"content":{"rendered":"<p>Domane SL 5 Gen 4 laajentaa ajomukavuuden rajoja hiilikuiturungon ja IsoSpeed-teknologian yhdistelm\u00e4ll\u00e4, joka vaimentaa tien ep\u00e4tasaisuuksia tehokkaasti. Py\u00f6r\u00e4ss\u00e4 on Shimano 105 -voimansiirto, joka tarjoaa 24 tarkkaa vaihdetta, ja sen kest\u00e4v\u00e4t alumiiniset ohjausosat tukevat pitk\u00e4n matkan ajoja. Rengastila on suunniteltu monipuoliseksi, sopien sek\u00e4 nopeille asfalttiteille ett\u00e4 kevyille sorateille. Sis\u00e4inen s\u00e4ilytystila tarjoaa k\u00e4yt\u00e4nn\u00f6llisyytt\u00e4, mik\u00e4 on ominaisuus, joka korostuu pidemmill\u00e4 lenkeill\u00e4. Py\u00f6r\u00e4 painaa alle 9,1 kg, mik\u00e4 tekee siit\u00e4 ketter\u00e4n ja helposti hallittavan my\u00f6s m\u00e4kisill\u00e4 reiteill\u00e4. Kokonaisuutena py\u00f6r\u00e4 tarjoaa hyv\u00e4n yhdistelm\u00e4n teknisi\u00e4 ratkaisuja sitkeit\u00e4 py\u00f6ri\u00e4 etsiville ajajille.<\/p>","protected":false},"excerpt":{"rendered":"<p>Domane SL 5 Gen 4 on kevyt ja mukava endurance-py\u00f6r\u00e4, jossa on luotettava Shimano 105 -voimansiirto ja sis\u00e4inen s\u00e4ilytystila. [&#8230;]<\/p>\n<p><a class=\"btn btn-secondary understrap-read-more-link\" href=\"https:\/\/vmsport.fi\/sv\/verkkokauppa\/polkupyorat\/maantie-ja-gravel\/maantiepyorat\/trek-domane-sl-5-gen-4-ivy-smoke\/\">L\u00e4s mer \u2026<span class=\"screen-reader-text\"> from Trek Domane SL 5 Gen 4 &#8211; Ivy Smoke<\/span><\/a><\/p>\n","protected":false},"featured_media":64117,"comment_status":"open","ping_status":"closed","template":"","meta":{"_acf_changed":false,"_improvement_type_select":"improve_an_existing","_thumb_yes_seoaic":false,"_frame_yes_seoaic":false,"seoaic_generate_description":"","seoaic_improve_instructions_prompt":"","seoaic_rollback_content_improvement":"","seoaic_idea_thumbnail_generator":"","thumbnail_generated":false,"thumbnail_generate_prompt":"","seoaic_article_description":"","_supplier_stock_quantity":0},"product_brand":[],"product_model":[],"product_cat":[9332],"product_tag":[],"industry-terminology":[],"class_list":{"0":"post-64121","1":"product","2":"type-product","3":"status-publish","4":"has-post-thumbnail","6":"product_cat-maantiepyorat","8":"first","9":"outofstock","10":"taxable","11":"shipping-taxable","12":"product-type-variable"},"acf":{"bike_features":null,"overview":{"copy_overview":null,"key_features":null,"statement":"","youtube_url":""}},"yoast_head":"<!-- This site is optimized with the Yoast SEO plugin v27.5 - https:\/\/yoast.com\/product\/yoast-seo-wordpress\/ -->\n<title>Trek Domane SL 5 Gen 4 - Ivy Smoke - VM Sport<\/title>\n<meta name=\"robots\" content=\"index, follow, max-snippet:-1, max-image-preview:large, max-video-preview:-1\" \/>\n<link rel=\"canonical\" href=\"https:\/\/vmsport.fi\/sv\/webbutik\/cyklar\/vag-och-grus\/backspeglar-vid-vagkanten\/trek-domane-sl-5-gen-4-ivy-smoke\/\" \/>\n<meta property=\"og:locale\" content=\"sv_SE\" \/>\n<meta property=\"og:type\" content=\"article\" \/>\n<meta property=\"og:title\" content=\"Trek Domane SL 5 Gen 4 - Ivy Smoke - VM Sport\" \/>\n<meta property=\"og:description\" content=\"Domane SL 5 Gen 4 on kevyt ja mukava endurance-py\u00f6r\u00e4, jossa on luotettava Shimano 105 -voimansiirto ja sis\u00e4inen s\u00e4ilytystila. [...]L\u00e4s mer \u2026 from Trek Domane SL 5 Gen 4 &#8211; Ivy Smoke\" \/>\n<meta property=\"og:url\" content=\"https:\/\/vmsport.fi\/sv\/webbutik\/cyklar\/vag-och-grus\/backspeglar-vid-vagkanten\/trek-domane-sl-5-gen-4-ivy-smoke\/\" \/>\n<meta property=\"og:site_name\" content=\"VM Sport\" \/>\n<meta property=\"article:publisher\" content=\"https:\/\/www.facebook.com\/Vmsport.fi\/\" \/>\n<meta property=\"article:modified_time\" content=\"2026-05-04T09:45:43+00:00\" \/>\n<meta property=\"og:image\" content=\"https:\/\/vmsport.fi\/wp-content\/uploads\/2026\/03\/pRSQXVBqz2HvJMI5aUKanBckNHuu3BE6DIhZs07kxZjC097CXK.jpg\" \/>\n\t<meta property=\"og:image:width\" content=\"1000\" \/>\n\t<meta property=\"og:image:height\" content=\"750\" \/>\n\t<meta property=\"og:image:type\" content=\"image\/jpeg\" \/>\n<meta name=\"twitter:card\" content=\"summary_large_image\" \/>\n<script type=\"application\/ld+json\" class=\"yoast-schema-graph\">{\"@context\":\"https:\\\/\\\/schema.org\",\"@graph\":[{\"@type\":[\"WebPage\",\"ItemPage\"],\"@id\":\"https:\\\/\\\/vmsport.fi\\\/verkkokauppa\\\/polkupyorat\\\/maantie-ja-gravel\\\/maantiepyorat\\\/trek-domane-sl-5-gen-4-ivy-smoke\\\/\",\"url\":\"https:\\\/\\\/vmsport.fi\\\/verkkokauppa\\\/polkupyorat\\\/maantie-ja-gravel\\\/maantiepyorat\\\/trek-domane-sl-5-gen-4-ivy-smoke\\\/\",\"name\":\"Trek Domane SL 5 Gen 4 - Ivy Smoke - VM Sport\",\"isPartOf\":{\"@id\":\"https:\\\/\\\/vmsport.fi\\\/#website\"},\"primaryImageOfPage\":{\"@id\":\"https:\\\/\\\/vmsport.fi\\\/verkkokauppa\\\/polkupyorat\\\/maantie-ja-gravel\\\/maantiepyorat\\\/trek-domane-sl-5-gen-4-ivy-smoke\\\/#primaryimage\"},\"image\":{\"@id\":\"https:\\\/\\\/vmsport.fi\\\/verkkokauppa\\\/polkupyorat\\\/maantie-ja-gravel\\\/maantiepyorat\\\/trek-domane-sl-5-gen-4-ivy-smoke\\\/#primaryimage\"},\"thumbnailUrl\":\"https:\\\/\\\/vmsport.fi\\\/wp-content\\\/uploads\\\/2026\\\/03\\\/pRSQXVBqz2HvJMI5aUKanBckNHuu3BE6DIhZs07kxZjC097CXK.jpg\",\"datePublished\":\"2026-03-25T15:56:53+00:00\",\"dateModified\":\"2026-05-04T09:45:43+00:00\",\"breadcrumb\":{\"@id\":\"https:\\\/\\\/vmsport.fi\\\/verkkokauppa\\\/polkupyorat\\\/maantie-ja-gravel\\\/maantiepyorat\\\/trek-domane-sl-5-gen-4-ivy-smoke\\\/#breadcrumb\"},\"inLanguage\":\"sv-SE\",\"potentialAction\":[{\"@type\":\"ReadAction\",\"target\":[\"https:\\\/\\\/vmsport.fi\\\/verkkokauppa\\\/polkupyorat\\\/maantie-ja-gravel\\\/maantiepyorat\\\/trek-domane-sl-5-gen-4-ivy-smoke\\\/\"]}]},{\"@type\":\"ImageObject\",\"inLanguage\":\"sv-SE\",\"@id\":\"https:\\\/\\\/vmsport.fi\\\/verkkokauppa\\\/polkupyorat\\\/maantie-ja-gravel\\\/maantiepyorat\\\/trek-domane-sl-5-gen-4-ivy-smoke\\\/#primaryimage\",\"url\":\"https:\\\/\\\/vmsport.fi\\\/wp-content\\\/uploads\\\/2026\\\/03\\\/pRSQXVBqz2HvJMI5aUKanBckNHuu3BE6DIhZs07kxZjC097CXK.jpg\",\"contentUrl\":\"https:\\\/\\\/vmsport.fi\\\/wp-content\\\/uploads\\\/2026\\\/03\\\/pRSQXVBqz2HvJMI5aUKanBckNHuu3BE6DIhZs07kxZjC097CXK.jpg\",\"width\":1000,\"height\":750,\"caption\":\"pRSQXVBqz2HvJMI5aUKanBckNHuu3BE6DIhZs07kxZjC097CXK\"},{\"@type\":\"BreadcrumbList\",\"@id\":\"https:\\\/\\\/vmsport.fi\\\/verkkokauppa\\\/polkupyorat\\\/maantie-ja-gravel\\\/maantiepyorat\\\/trek-domane-sl-5-gen-4-ivy-smoke\\\/#breadcrumb\",\"itemListElement\":[{\"@type\":\"ListItem\",\"position\":1,\"name\":\"Etusivu\",\"item\":\"https:\\\/\\\/vmsport.fi\\\/\"},{\"@type\":\"ListItem\",\"position\":2,\"name\":\"Online Store\",\"item\":\"https:\\\/\\\/vmsport.fi\\\/en\\\/online-store\\\/\"},{\"@type\":\"ListItem\",\"position\":3,\"name\":\"Trek Domane SL 5 Gen 4 &#8211; Ivy Smoke\"}]},{\"@type\":\"WebSite\",\"@id\":\"https:\\\/\\\/vmsport.fi\\\/#website\",\"url\":\"https:\\\/\\\/vmsport.fi\\\/\",\"name\":\"Vmsport\",\"description\":\"Kaikki py\u00f6r\u00e4ilyyn yhdest\u00e4 paikasta\",\"publisher\":{\"@id\":\"https:\\\/\\\/vmsport.fi\\\/#organization\"},\"potentialAction\":[{\"@type\":\"SearchAction\",\"target\":{\"@type\":\"EntryPoint\",\"urlTemplate\":\"https:\\\/\\\/vmsport.fi\\\/?s={search_term_string}\"},\"query-input\":{\"@type\":\"PropertyValueSpecification\",\"valueRequired\":true,\"valueName\":\"search_term_string\"}}],\"inLanguage\":\"sv-SE\"},{\"@type\":\"Organization\",\"@id\":\"https:\\\/\\\/vmsport.fi\\\/#organization\",\"name\":\"Vmsport\",\"url\":\"https:\\\/\\\/vmsport.fi\\\/\",\"logo\":{\"@type\":\"ImageObject\",\"inLanguage\":\"sv-SE\",\"@id\":\"https:\\\/\\\/vmsport.fi\\\/#\\\/schema\\\/logo\\\/image\\\/\",\"url\":\"https:\\\/\\\/vmsport.fi\\\/wp-content\\\/uploads\\\/2024\\\/12\\\/vm_sport_RGB_horisontal-e1734526017575.png\",\"contentUrl\":\"https:\\\/\\\/vmsport.fi\\\/wp-content\\\/uploads\\\/2024\\\/12\\\/vm_sport_RGB_horisontal-e1734526017575.png\",\"width\":668,\"height\":85,\"caption\":\"Vmsport\"},\"image\":{\"@id\":\"https:\\\/\\\/vmsport.fi\\\/#\\\/schema\\\/logo\\\/image\\\/\"},\"sameAs\":[\"https:\\\/\\\/www.facebook.com\\\/Vmsport.fi\\\/\",\"https:\\\/\\\/www.instagram.com\\\/vmsport\\\/\"]}]}<\/script>\n<!-- \/ Yoast SEO plugin. -->","yoast_head_json":{"title":"Trek Domane SL 5 Gen 4 - Ivy Smoke - VM Sport","robots":{"index":"index","follow":"follow","max-snippet":"max-snippet:-1","max-image-preview":"max-image-preview:large","max-video-preview":"max-video-preview:-1"},"canonical":"https:\/\/vmsport.fi\/sv\/webbutik\/cyklar\/vag-och-grus\/backspeglar-vid-vagkanten\/trek-domane-sl-5-gen-4-ivy-smoke\/","og_locale":"sv_SE","og_type":"article","og_title":"Trek Domane SL 5 Gen 4 - Ivy Smoke - VM Sport","og_description":"Domane SL 5 Gen 4 on kevyt ja mukava endurance-py\u00f6r\u00e4, jossa on luotettava Shimano 105 -voimansiirto ja sis\u00e4inen s\u00e4ilytystila. [...]L\u00e4s mer \u2026 from Trek Domane SL 5 Gen 4 &#8211; Ivy Smoke","og_url":"https:\/\/vmsport.fi\/sv\/webbutik\/cyklar\/vag-och-grus\/backspeglar-vid-vagkanten\/trek-domane-sl-5-gen-4-ivy-smoke\/","og_site_name":"VM Sport","article_publisher":"https:\/\/www.facebook.com\/Vmsport.fi\/","article_modified_time":"2026-05-04T09:45:43+00:00","og_image":[{"width":1000,"height":750,"url":"https:\/\/vmsport.fi\/wp-content\/uploads\/2026\/03\/pRSQXVBqz2HvJMI5aUKanBckNHuu3BE6DIhZs07kxZjC097CXK.jpg","type":"image\/jpeg"}],"twitter_card":"summary_large_image","schema":{"@context":"https:\/\/schema.org","@graph":[{"@type":["WebPage","ItemPage"],"@id":"https:\/\/vmsport.fi\/verkkokauppa\/polkupyorat\/maantie-ja-gravel\/maantiepyorat\/trek-domane-sl-5-gen-4-ivy-smoke\/","url":"https:\/\/vmsport.fi\/verkkokauppa\/polkupyorat\/maantie-ja-gravel\/maantiepyorat\/trek-domane-sl-5-gen-4-ivy-smoke\/","name":"Trek Domane SL 5 Gen 4 - Ivy Smoke - VM Sport","isPartOf":{"@id":"https:\/\/vmsport.fi\/#website"},"primaryImageOfPage":{"@id":"https:\/\/vmsport.fi\/verkkokauppa\/polkupyorat\/maantie-ja-gravel\/maantiepyorat\/trek-domane-sl-5-gen-4-ivy-smoke\/#primaryimage"},"image":{"@id":"https:\/\/vmsport.fi\/verkkokauppa\/polkupyorat\/maantie-ja-gravel\/maantiepyorat\/trek-domane-sl-5-gen-4-ivy-smoke\/#primaryimage"},"thumbnailUrl":"https:\/\/vmsport.fi\/wp-content\/uploads\/2026\/03\/pRSQXVBqz2HvJMI5aUKanBckNHuu3BE6DIhZs07kxZjC097CXK.jpg","datePublished":"2026-03-25T15:56:53+00:00","dateModified":"2026-05-04T09:45:43+00:00","breadcrumb":{"@id":"https:\/\/vmsport.fi\/verkkokauppa\/polkupyorat\/maantie-ja-gravel\/maantiepyorat\/trek-domane-sl-5-gen-4-ivy-smoke\/#breadcrumb"},"inLanguage":"sv-SE","potentialAction":[{"@type":"ReadAction","target":["https:\/\/vmsport.fi\/verkkokauppa\/polkupyorat\/maantie-ja-gravel\/maantiepyorat\/trek-domane-sl-5-gen-4-ivy-smoke\/"]}]},{"@type":"ImageObject","inLanguage":"sv-SE","@id":"https:\/\/vmsport.fi\/verkkokauppa\/polkupyorat\/maantie-ja-gravel\/maantiepyorat\/trek-domane-sl-5-gen-4-ivy-smoke\/#primaryimage","url":"https:\/\/vmsport.fi\/wp-content\/uploads\/2026\/03\/pRSQXVBqz2HvJMI5aUKanBckNHuu3BE6DIhZs07kxZjC097CXK.jpg","contentUrl":"https:\/\/vmsport.fi\/wp-content\/uploads\/2026\/03\/pRSQXVBqz2HvJMI5aUKanBckNHuu3BE6DIhZs07kxZjC097CXK.jpg","width":1000,"height":750,"caption":"pRSQXVBqz2HvJMI5aUKanBckNHuu3BE6DIhZs07kxZjC097CXK"},{"@type":"BreadcrumbList","@id":"https:\/\/vmsport.fi\/verkkokauppa\/polkupyorat\/maantie-ja-gravel\/maantiepyorat\/trek-domane-sl-5-gen-4-ivy-smoke\/#breadcrumb","itemListElement":[{"@type":"ListItem","position":1,"name":"Etusivu","item":"https:\/\/vmsport.fi\/"},{"@type":"ListItem","position":2,"name":"Online Store","item":"https:\/\/vmsport.fi\/en\/online-store\/"},{"@type":"ListItem","position":3,"name":"Trek Domane SL 5 Gen 4 &#8211; Ivy Smoke"}]},{"@type":"WebSite","@id":"https:\/\/vmsport.fi\/#website","url":"https:\/\/vmsport.fi\/","name":"Vmsport","description":"Allt p\u00e5 ett st\u00e4lle f\u00f6r cykling","publisher":{"@id":"https:\/\/vmsport.fi\/#organization"},"potentialAction":[{"@type":"SearchAction","target":{"@type":"EntryPoint","urlTemplate":"https:\/\/vmsport.fi\/?s={search_term_string}"},"query-input":{"@type":"PropertyValueSpecification","valueRequired":true,"valueName":"search_term_string"}}],"inLanguage":"sv-SE"},{"@type":"Organization","@id":"https:\/\/vmsport.fi\/#organization","name":"Vmsport","url":"https:\/\/vmsport.fi\/","logo":{"@type":"ImageObject","inLanguage":"sv-SE","@id":"https:\/\/vmsport.fi\/#\/schema\/logo\/image\/","url":"https:\/\/vmsport.fi\/wp-content\/uploads\/2024\/12\/vm_sport_RGB_horisontal-e1734526017575.png","contentUrl":"https:\/\/vmsport.fi\/wp-content\/uploads\/2024\/12\/vm_sport_RGB_horisontal-e1734526017575.png","width":668,"height":85,"caption":"Vmsport"},"image":{"@id":"https:\/\/vmsport.fi\/#\/schema\/logo\/image\/"},"sameAs":["https:\/\/www.facebook.com\/Vmsport.fi\/","https:\/\/www.instagram.com\/vmsport\/"]}]}},"global_unique_id":"","_links":{"self":[{"href":"https:\/\/vmsport.fi\/sv\/wp-json\/wp\/v2\/product\/64121","targetHints":{"allow":["GET"]}}],"collection":[{"href":"https:\/\/vmsport.fi\/sv\/wp-json\/wp\/v2\/product"}],"about":[{"href":"https:\/\/vmsport.fi\/sv\/wp-json\/wp\/v2\/types\/product"}],"replies":[{"embeddable":true,"href":"https:\/\/vmsport.fi\/sv\/wp-json\/wp\/v2\/comments?post=64121"}],"wp:featuredmedia":[{"embeddable":true,"href":"https:\/\/vmsport.fi\/sv\/wp-json\/wp\/v2\/media\/64117"}],"wp:attachment":[{"href":"https:\/\/vmsport.fi\/sv\/wp-json\/wp\/v2\/media?parent=64121"}],"wp:term":[{"taxonomy":"product_brand","embeddable":true,"href":"https:\/\/vmsport.fi\/sv\/wp-json\/wp\/v2\/product_brand?post=64121"},{"taxonomy":"product_model","embeddable":true,"href":"https:\/\/vmsport.fi\/sv\/wp-json\/wp\/v2\/product_model?post=64121"},{"taxonomy":"product_cat","embeddable":true,"href":"https:\/\/vmsport.fi\/sv\/wp-json\/wp\/v2\/product_cat?post=64121"},{"taxonomy":"product_tag","embeddable":true,"href":"https:\/\/vmsport.fi\/sv\/wp-json\/wp\/v2\/product_tag?post=64121"},{"taxonomy":"industry_terminology","embeddable":true,"href":"https:\/\/vmsport.fi\/sv\/wp-json\/wp\/v2\/industry-terminology?post=64121"}],"curies":[{"name":"wp","href":"https:\/\/api.w.org\/{rel}","templated":true}]}}