{"id":64106,"date":"2026-03-25T17:26:47","date_gmt":"2026-03-25T15:26:47","guid":{"rendered":"https:\/\/vmsport.fi\/verkkokauppa\/Ei-luokiteltu\/trek-fx-sport-al-equipped-midstep-keswick-green-lichen-green-splatter\/"},"modified":"2026-04-22T15:24:50","modified_gmt":"2026-04-22T12:24:50","slug":"trek-fx-sport-al-equipped-midstep-keswick-green-lichen-green-splatter","status":"publish","type":"product","link":"https:\/\/vmsport.fi\/sv\/verkkokauppa\/polkupyorat\/kaupunki-ja-hybridipyorat\/hybridit\/naisten-hybridipyorat\/trek-fx-sport-al-equipped-midstep-keswick-green-lichen-green-splatter\/","title":{"rendered":"Trek FX Sport AL Equipped Midstep &#8211; Keswick Green \/ Lichen Green Splatter"},"content":{"rendered":"<p>FX Sport AL Equipped Midstep py\u00f6r\u00e4ss\u00e4 yhdistyv\u00e4t monipuolisuus ja k\u00e4yt\u00e4nn\u00f6llisyys. Sen kevyt Alpha Gold alumiinirunko midstep-mallina helpottaa kyytiin nousemista, ja Shimano CUES LINKGLIDE 9-vaihteinen voimansiirto tarjoaa sulavan ja kest\u00e4v\u00e4n ajokokemuksen. Hydrauliset levyjarrut takaavat tehokkaan ja luotettavan pys\u00e4htymisen. Py\u00f6r\u00e4 on varustettu laadukkailla Bontragerin osilla ja arkea helpottavilla lis\u00e4varusteilla, jotka tukevat monipuolista k\u00e4ytt\u00f6\u00e4 niin kaupunkiajoon kuin kevyille sorateillekin.<\/p>","protected":false},"excerpt":{"rendered":"<p>Monipuolinen hybridipy\u00f6r\u00e4, kevyt alumiinirunko, tehokas Shimano-voimansiirto ja -jarrut sek\u00e4 kattavat varusteet. [&#8230;]<\/p>\n<p><a class=\"btn btn-secondary understrap-read-more-link\" href=\"https:\/\/vmsport.fi\/sv\/verkkokauppa\/polkupyorat\/kaupunki-ja-hybridipyorat\/hybridit\/naisten-hybridipyorat\/trek-fx-sport-al-equipped-midstep-keswick-green-lichen-green-splatter\/\">L\u00e4s mer \u2026<span class=\"screen-reader-text\"> from Trek FX Sport AL Equipped Midstep &#8211; Keswick Green \/ Lichen Green Splatter<\/span><\/a><\/p>\n","protected":false},"featured_media":64105,"comment_status":"open","ping_status":"closed","template":"","meta":{"_acf_changed":false,"_improvement_type_select":"improve_an_existing","_thumb_yes_seoaic":false,"_frame_yes_seoaic":false,"seoaic_generate_description":"","seoaic_improve_instructions_prompt":"","seoaic_rollback_content_improvement":"","seoaic_idea_thumbnail_generator":"","thumbnail_generated":false,"thumbnail_generate_prompt":"","seoaic_article_description":"","_supplier_stock_quantity":0},"product_brand":[],"product_model":[],"product_cat":[9414],"product_tag":[],"industry-terminology":[],"class_list":{"0":"post-64106","1":"product","2":"type-product","3":"status-publish","4":"has-post-thumbnail","6":"product_cat-naisten-hybridipyorat","8":"first","9":"outofstock","10":"taxable","11":"shipping-taxable","12":"product-type-variable"},"acf":{"bike_features":null,"overview":{"copy_overview":null,"key_features":null,"statement":"","youtube_url":""}},"yoast_head":"<!-- This site is optimized with the Yoast SEO plugin v27.4 - https:\/\/yoast.com\/product\/yoast-seo-wordpress\/ -->\n<title>Trek FX Sport AL Equipped Midstep - Keswick Green \/ Lichen Green Splatter - VM Sport<\/title>\n<meta name=\"robots\" content=\"index, follow, max-snippet:-1, max-image-preview:large, max-video-preview:-1\" \/>\n<link rel=\"canonical\" href=\"https:\/\/vmsport.fi\/sv\/webbutik\/cyklar\/stads-och-hybridcyklar\/hybrider\/hybridpyjamas-for-kvinnor\/trek-fx-sport-al-equipped-midstep-keswick-green-lichen-green-splatter\/\" \/>\n<meta property=\"og:locale\" content=\"sv_SE\" \/>\n<meta property=\"og:type\" content=\"article\" \/>\n<meta property=\"og:title\" content=\"Trek FX Sport AL Equipped Midstep - Keswick Green \/ Lichen Green Splatter - VM Sport\" \/>\n<meta property=\"og:description\" content=\"Monipuolinen hybridipy\u00f6r\u00e4, kevyt alumiinirunko, tehokas Shimano-voimansiirto ja -jarrut sek\u00e4 kattavat varusteet. [...]L\u00e4s mer \u2026 from Trek FX Sport AL Equipped Midstep &#8211; Keswick Green \/ Lichen Green Splatter\" \/>\n<meta property=\"og:url\" content=\"https:\/\/vmsport.fi\/sv\/webbutik\/cyklar\/stads-och-hybridcyklar\/hybrider\/hybridpyjamas-for-kvinnor\/trek-fx-sport-al-equipped-midstep-keswick-green-lichen-green-splatter\/\" \/>\n<meta property=\"og:site_name\" content=\"VM Sport\" \/>\n<meta property=\"article:publisher\" content=\"https:\/\/www.facebook.com\/Vmsport.fi\/\" \/>\n<meta property=\"article:modified_time\" content=\"2026-04-22T12:24:50+00:00\" \/>\n<meta property=\"og:image\" content=\"https:\/\/vmsport.fi\/wp-content\/uploads\/2026\/03\/xYoCJrKPVpO53XOAYFQvrnZNE9m6wiG0NFUvkEPev5leCFWi6d.jpg\" \/>\n\t<meta property=\"og:image:width\" content=\"1000\" \/>\n\t<meta property=\"og:image:height\" content=\"750\" \/>\n\t<meta property=\"og:image:type\" content=\"image\/jpeg\" \/>\n<meta name=\"twitter:card\" content=\"summary_large_image\" \/>\n<script type=\"application\/ld+json\" class=\"yoast-schema-graph\">{\"@context\":\"https:\\\/\\\/schema.org\",\"@graph\":[{\"@type\":[\"WebPage\",\"ItemPage\"],\"@id\":\"https:\\\/\\\/vmsport.fi\\\/verkkokauppa\\\/polkupyorat\\\/kaupunki-ja-hybridipyorat\\\/hybridit\\\/naisten-hybridipyorat\\\/trek-fx-sport-al-equipped-midstep-keswick-green-lichen-green-splatter\\\/\",\"url\":\"https:\\\/\\\/vmsport.fi\\\/verkkokauppa\\\/polkupyorat\\\/kaupunki-ja-hybridipyorat\\\/hybridit\\\/naisten-hybridipyorat\\\/trek-fx-sport-al-equipped-midstep-keswick-green-lichen-green-splatter\\\/\",\"name\":\"Trek FX Sport AL Equipped Midstep - Keswick Green \\\/ Lichen Green Splatter - VM Sport\",\"isPartOf\":{\"@id\":\"https:\\\/\\\/vmsport.fi\\\/#website\"},\"primaryImageOfPage\":{\"@id\":\"https:\\\/\\\/vmsport.fi\\\/verkkokauppa\\\/polkupyorat\\\/kaupunki-ja-hybridipyorat\\\/hybridit\\\/naisten-hybridipyorat\\\/trek-fx-sport-al-equipped-midstep-keswick-green-lichen-green-splatter\\\/#primaryimage\"},\"image\":{\"@id\":\"https:\\\/\\\/vmsport.fi\\\/verkkokauppa\\\/polkupyorat\\\/kaupunki-ja-hybridipyorat\\\/hybridit\\\/naisten-hybridipyorat\\\/trek-fx-sport-al-equipped-midstep-keswick-green-lichen-green-splatter\\\/#primaryimage\"},\"thumbnailUrl\":\"https:\\\/\\\/vmsport.fi\\\/wp-content\\\/uploads\\\/2026\\\/03\\\/xYoCJrKPVpO53XOAYFQvrnZNE9m6wiG0NFUvkEPev5leCFWi6d.jpg\",\"datePublished\":\"2026-03-25T15:26:47+00:00\",\"dateModified\":\"2026-04-22T12:24:50+00:00\",\"breadcrumb\":{\"@id\":\"https:\\\/\\\/vmsport.fi\\\/verkkokauppa\\\/polkupyorat\\\/kaupunki-ja-hybridipyorat\\\/hybridit\\\/naisten-hybridipyorat\\\/trek-fx-sport-al-equipped-midstep-keswick-green-lichen-green-splatter\\\/#breadcrumb\"},\"inLanguage\":\"sv-SE\",\"potentialAction\":[{\"@type\":\"ReadAction\",\"target\":[\"https:\\\/\\\/vmsport.fi\\\/verkkokauppa\\\/polkupyorat\\\/kaupunki-ja-hybridipyorat\\\/hybridit\\\/naisten-hybridipyorat\\\/trek-fx-sport-al-equipped-midstep-keswick-green-lichen-green-splatter\\\/\"]}]},{\"@type\":\"ImageObject\",\"inLanguage\":\"sv-SE\",\"@id\":\"https:\\\/\\\/vmsport.fi\\\/verkkokauppa\\\/polkupyorat\\\/kaupunki-ja-hybridipyorat\\\/hybridit\\\/naisten-hybridipyorat\\\/trek-fx-sport-al-equipped-midstep-keswick-green-lichen-green-splatter\\\/#primaryimage\",\"url\":\"https:\\\/\\\/vmsport.fi\\\/wp-content\\\/uploads\\\/2026\\\/03\\\/xYoCJrKPVpO53XOAYFQvrnZNE9m6wiG0NFUvkEPev5leCFWi6d.jpg\",\"contentUrl\":\"https:\\\/\\\/vmsport.fi\\\/wp-content\\\/uploads\\\/2026\\\/03\\\/xYoCJrKPVpO53XOAYFQvrnZNE9m6wiG0NFUvkEPev5leCFWi6d.jpg\",\"width\":1000,\"height\":750,\"caption\":\"xYoCJrKPVpO53XOAYFQvrnZNE9m6wiG0NFUvkEPev5leCFWi6d\"},{\"@type\":\"BreadcrumbList\",\"@id\":\"https:\\\/\\\/vmsport.fi\\\/verkkokauppa\\\/polkupyorat\\\/kaupunki-ja-hybridipyorat\\\/hybridit\\\/naisten-hybridipyorat\\\/trek-fx-sport-al-equipped-midstep-keswick-green-lichen-green-splatter\\\/#breadcrumb\",\"itemListElement\":[{\"@type\":\"ListItem\",\"position\":1,\"name\":\"Etusivu\",\"item\":\"https:\\\/\\\/vmsport.fi\\\/\"},{\"@type\":\"ListItem\",\"position\":2,\"name\":\"Online Store\",\"item\":\"https:\\\/\\\/vmsport.fi\\\/en\\\/online-store\\\/\"},{\"@type\":\"ListItem\",\"position\":3,\"name\":\"Trek FX Sport AL Equipped Midstep &#8211; Keswick Green \\\/ Lichen Green Splatter\"}]},{\"@type\":\"WebSite\",\"@id\":\"https:\\\/\\\/vmsport.fi\\\/#website\",\"url\":\"https:\\\/\\\/vmsport.fi\\\/\",\"name\":\"Vmsport\",\"description\":\"Kaikki py\u00f6r\u00e4ilyyn yhdest\u00e4 paikasta\",\"publisher\":{\"@id\":\"https:\\\/\\\/vmsport.fi\\\/#organization\"},\"potentialAction\":[{\"@type\":\"SearchAction\",\"target\":{\"@type\":\"EntryPoint\",\"urlTemplate\":\"https:\\\/\\\/vmsport.fi\\\/?s={search_term_string}\"},\"query-input\":{\"@type\":\"PropertyValueSpecification\",\"valueRequired\":true,\"valueName\":\"search_term_string\"}}],\"inLanguage\":\"sv-SE\"},{\"@type\":\"Organization\",\"@id\":\"https:\\\/\\\/vmsport.fi\\\/#organization\",\"name\":\"Vmsport\",\"url\":\"https:\\\/\\\/vmsport.fi\\\/\",\"logo\":{\"@type\":\"ImageObject\",\"inLanguage\":\"sv-SE\",\"@id\":\"https:\\\/\\\/vmsport.fi\\\/#\\\/schema\\\/logo\\\/image\\\/\",\"url\":\"https:\\\/\\\/vmsport.fi\\\/wp-content\\\/uploads\\\/2024\\\/12\\\/vm_sport_RGB_horisontal-e1734526017575.png\",\"contentUrl\":\"https:\\\/\\\/vmsport.fi\\\/wp-content\\\/uploads\\\/2024\\\/12\\\/vm_sport_RGB_horisontal-e1734526017575.png\",\"width\":668,\"height\":85,\"caption\":\"Vmsport\"},\"image\":{\"@id\":\"https:\\\/\\\/vmsport.fi\\\/#\\\/schema\\\/logo\\\/image\\\/\"},\"sameAs\":[\"https:\\\/\\\/www.facebook.com\\\/Vmsport.fi\\\/\",\"https:\\\/\\\/www.instagram.com\\\/vmsport\\\/\"]}]}<\/script>\n<!-- \/ Yoast SEO plugin. -->","yoast_head_json":{"title":"Trek FX Sport AL Equipped Midstep - Keswick Green \/ Lichen Green Splatter - VM Sport","robots":{"index":"index","follow":"follow","max-snippet":"max-snippet:-1","max-image-preview":"max-image-preview:large","max-video-preview":"max-video-preview:-1"},"canonical":"https:\/\/vmsport.fi\/sv\/webbutik\/cyklar\/stads-och-hybridcyklar\/hybrider\/hybridpyjamas-for-kvinnor\/trek-fx-sport-al-equipped-midstep-keswick-green-lichen-green-splatter\/","og_locale":"sv_SE","og_type":"article","og_title":"Trek FX Sport AL Equipped Midstep - Keswick Green \/ Lichen Green Splatter - VM Sport","og_description":"Monipuolinen hybridipy\u00f6r\u00e4, kevyt alumiinirunko, tehokas Shimano-voimansiirto ja -jarrut sek\u00e4 kattavat varusteet. [...]L\u00e4s mer \u2026 from Trek FX Sport AL Equipped Midstep &#8211; Keswick Green \/ Lichen Green Splatter","og_url":"https:\/\/vmsport.fi\/sv\/webbutik\/cyklar\/stads-och-hybridcyklar\/hybrider\/hybridpyjamas-for-kvinnor\/trek-fx-sport-al-equipped-midstep-keswick-green-lichen-green-splatter\/","og_site_name":"VM Sport","article_publisher":"https:\/\/www.facebook.com\/Vmsport.fi\/","article_modified_time":"2026-04-22T12:24:50+00:00","og_image":[{"width":1000,"height":750,"url":"https:\/\/vmsport.fi\/wp-content\/uploads\/2026\/03\/xYoCJrKPVpO53XOAYFQvrnZNE9m6wiG0NFUvkEPev5leCFWi6d.jpg","type":"image\/jpeg"}],"twitter_card":"summary_large_image","schema":{"@context":"https:\/\/schema.org","@graph":[{"@type":["WebPage","ItemPage"],"@id":"https:\/\/vmsport.fi\/verkkokauppa\/polkupyorat\/kaupunki-ja-hybridipyorat\/hybridit\/naisten-hybridipyorat\/trek-fx-sport-al-equipped-midstep-keswick-green-lichen-green-splatter\/","url":"https:\/\/vmsport.fi\/verkkokauppa\/polkupyorat\/kaupunki-ja-hybridipyorat\/hybridit\/naisten-hybridipyorat\/trek-fx-sport-al-equipped-midstep-keswick-green-lichen-green-splatter\/","name":"Trek FX Sport AL Equipped Midstep - Keswick Green \/ Lichen Green Splatter - VM Sport","isPartOf":{"@id":"https:\/\/vmsport.fi\/#website"},"primaryImageOfPage":{"@id":"https:\/\/vmsport.fi\/verkkokauppa\/polkupyorat\/kaupunki-ja-hybridipyorat\/hybridit\/naisten-hybridipyorat\/trek-fx-sport-al-equipped-midstep-keswick-green-lichen-green-splatter\/#primaryimage"},"image":{"@id":"https:\/\/vmsport.fi\/verkkokauppa\/polkupyorat\/kaupunki-ja-hybridipyorat\/hybridit\/naisten-hybridipyorat\/trek-fx-sport-al-equipped-midstep-keswick-green-lichen-green-splatter\/#primaryimage"},"thumbnailUrl":"https:\/\/vmsport.fi\/wp-content\/uploads\/2026\/03\/xYoCJrKPVpO53XOAYFQvrnZNE9m6wiG0NFUvkEPev5leCFWi6d.jpg","datePublished":"2026-03-25T15:26:47+00:00","dateModified":"2026-04-22T12:24:50+00:00","breadcrumb":{"@id":"https:\/\/vmsport.fi\/verkkokauppa\/polkupyorat\/kaupunki-ja-hybridipyorat\/hybridit\/naisten-hybridipyorat\/trek-fx-sport-al-equipped-midstep-keswick-green-lichen-green-splatter\/#breadcrumb"},"inLanguage":"sv-SE","potentialAction":[{"@type":"ReadAction","target":["https:\/\/vmsport.fi\/verkkokauppa\/polkupyorat\/kaupunki-ja-hybridipyorat\/hybridit\/naisten-hybridipyorat\/trek-fx-sport-al-equipped-midstep-keswick-green-lichen-green-splatter\/"]}]},{"@type":"ImageObject","inLanguage":"sv-SE","@id":"https:\/\/vmsport.fi\/verkkokauppa\/polkupyorat\/kaupunki-ja-hybridipyorat\/hybridit\/naisten-hybridipyorat\/trek-fx-sport-al-equipped-midstep-keswick-green-lichen-green-splatter\/#primaryimage","url":"https:\/\/vmsport.fi\/wp-content\/uploads\/2026\/03\/xYoCJrKPVpO53XOAYFQvrnZNE9m6wiG0NFUvkEPev5leCFWi6d.jpg","contentUrl":"https:\/\/vmsport.fi\/wp-content\/uploads\/2026\/03\/xYoCJrKPVpO53XOAYFQvrnZNE9m6wiG0NFUvkEPev5leCFWi6d.jpg","width":1000,"height":750,"caption":"xYoCJrKPVpO53XOAYFQvrnZNE9m6wiG0NFUvkEPev5leCFWi6d"},{"@type":"BreadcrumbList","@id":"https:\/\/vmsport.fi\/verkkokauppa\/polkupyorat\/kaupunki-ja-hybridipyorat\/hybridit\/naisten-hybridipyorat\/trek-fx-sport-al-equipped-midstep-keswick-green-lichen-green-splatter\/#breadcrumb","itemListElement":[{"@type":"ListItem","position":1,"name":"Etusivu","item":"https:\/\/vmsport.fi\/"},{"@type":"ListItem","position":2,"name":"Online Store","item":"https:\/\/vmsport.fi\/en\/online-store\/"},{"@type":"ListItem","position":3,"name":"Trek FX Sport AL Equipped Midstep &#8211; Keswick Green \/ Lichen Green Splatter"}]},{"@type":"WebSite","@id":"https:\/\/vmsport.fi\/#website","url":"https:\/\/vmsport.fi\/","name":"Vmsport","description":"Allt p\u00e5 ett st\u00e4lle f\u00f6r cykling","publisher":{"@id":"https:\/\/vmsport.fi\/#organization"},"potentialAction":[{"@type":"SearchAction","target":{"@type":"EntryPoint","urlTemplate":"https:\/\/vmsport.fi\/?s={search_term_string}"},"query-input":{"@type":"PropertyValueSpecification","valueRequired":true,"valueName":"search_term_string"}}],"inLanguage":"sv-SE"},{"@type":"Organization","@id":"https:\/\/vmsport.fi\/#organization","name":"Vmsport","url":"https:\/\/vmsport.fi\/","logo":{"@type":"ImageObject","inLanguage":"sv-SE","@id":"https:\/\/vmsport.fi\/#\/schema\/logo\/image\/","url":"https:\/\/vmsport.fi\/wp-content\/uploads\/2024\/12\/vm_sport_RGB_horisontal-e1734526017575.png","contentUrl":"https:\/\/vmsport.fi\/wp-content\/uploads\/2024\/12\/vm_sport_RGB_horisontal-e1734526017575.png","width":668,"height":85,"caption":"Vmsport"},"image":{"@id":"https:\/\/vmsport.fi\/#\/schema\/logo\/image\/"},"sameAs":["https:\/\/www.facebook.com\/Vmsport.fi\/","https:\/\/www.instagram.com\/vmsport\/"]}]}},"global_unique_id":"","_links":{"self":[{"href":"https:\/\/vmsport.fi\/sv\/wp-json\/wp\/v2\/product\/64106","targetHints":{"allow":["GET"]}}],"collection":[{"href":"https:\/\/vmsport.fi\/sv\/wp-json\/wp\/v2\/product"}],"about":[{"href":"https:\/\/vmsport.fi\/sv\/wp-json\/wp\/v2\/types\/product"}],"replies":[{"embeddable":true,"href":"https:\/\/vmsport.fi\/sv\/wp-json\/wp\/v2\/comments?post=64106"}],"wp:featuredmedia":[{"embeddable":true,"href":"https:\/\/vmsport.fi\/sv\/wp-json\/wp\/v2\/media\/64105"}],"wp:attachment":[{"href":"https:\/\/vmsport.fi\/sv\/wp-json\/wp\/v2\/media?parent=64106"}],"wp:term":[{"taxonomy":"product_brand","embeddable":true,"href":"https:\/\/vmsport.fi\/sv\/wp-json\/wp\/v2\/product_brand?post=64106"},{"taxonomy":"product_model","embeddable":true,"href":"https:\/\/vmsport.fi\/sv\/wp-json\/wp\/v2\/product_model?post=64106"},{"taxonomy":"product_cat","embeddable":true,"href":"https:\/\/vmsport.fi\/sv\/wp-json\/wp\/v2\/product_cat?post=64106"},{"taxonomy":"product_tag","embeddable":true,"href":"https:\/\/vmsport.fi\/sv\/wp-json\/wp\/v2\/product_tag?post=64106"},{"taxonomy":"industry_terminology","embeddable":true,"href":"https:\/\/vmsport.fi\/sv\/wp-json\/wp\/v2\/industry-terminology?post=64106"}],"curies":[{"name":"wp","href":"https:\/\/api.w.org\/{rel}","templated":true}]}}