{"id":63601,"date":"2026-03-03T14:53:55","date_gmt":"2026-03-03T12:53:55","guid":{"rendered":"https:\/\/vmsport.fi\/verkkokauppa\/Ei-luokiteltu\/sweet-protection-primer-mips-deep-teal\/"},"modified":"2026-04-05T03:00:38","modified_gmt":"2026-04-05T00:00:38","slug":"sweet-protection-primer-mips-deep-teal","status":"publish","type":"product","link":"https:\/\/vmsport.fi\/sv\/verkkokauppa\/ajovarusteet\/kyparat\/maastokyparat\/sweet-protection-primer-mips-deep-teal\/","title":{"rendered":"Sweet Protection Primer Mips Deep Teal"},"content":{"rendered":"<p data-start=\"110\" data-end=\"320\"><strong data-start=\"110\" data-end=\"125\">Primer Mips<\/strong> on monipuolinen MTB-kyp\u00e4r\u00e4, joka yhdist\u00e4\u00e4 hyv\u00e4n istuvuuden, tehokkaan ilmanvaihdon ja luotettavan suojan kilpailukykyiseen hintaan. Sopii erinomaisesti maastopy\u00f6r\u00e4ilyyn ja s\u00e4hk\u00f6maastopy\u00f6r\u00e4ilyyn.<\/p>\n<h4 data-start=\"322\" data-end=\"351\">Tarkka ja mukava istuvuus<\/h4>\n<p data-start=\"352\" data-end=\"519\">Uusi integroitu <strong data-start=\"368\" data-end=\"395\">360 Occigrip Fit System<\/strong> mahdollistaa s\u00e4\u00e4d\u00f6n my\u00f6s korkeussuunnassa ajon aikana. Kyp\u00e4r\u00e4 on matalaprofiilinen, mukava p\u00e4\u00e4ss\u00e4 ja ponytail-yhteensopiva.<\/p>\n<h4 data-start=\"521\" data-end=\"547\">Mips Evolve -lis\u00e4suoja<\/h4>\n<p data-start=\"548\" data-end=\"659\">Varustettu <strong data-start=\"559\" data-end=\"589\">Mips Evolve -teknologialla<\/strong>, joka v\u00e4hent\u00e4\u00e4 aivoihin kohdistuvia kiertovoimia kaatumistilanteessa.<\/p>\n<h4 data-start=\"661\" data-end=\"680\">Toimiva rakenne<\/h4>\n<ul data-start=\"681\" data-end=\"843\">\n<li data-start=\"681\" data-end=\"719\">\n<p data-start=\"683\" data-end=\"719\">Hyv\u00e4 ilmanvaihto aktiiviseen ajoon<\/p>\n<\/li>\n<li data-start=\"720\" data-end=\"763\">\n<p data-start=\"722\" data-end=\"763\">Helposti s\u00e4\u00e4dett\u00e4v\u00e4 break-away -visiiri<\/p>\n<\/li>\n<li data-start=\"764\" data-end=\"793\">\n<p data-start=\"766\" data-end=\"793\">Kest\u00e4v\u00e4 kaksikuorirakenne<\/p>\n<\/li>\n<li data-start=\"794\" data-end=\"843\">\n<p data-start=\"796\" data-end=\"843\">T\u00e4ytt\u00e4\u00e4 CPSC 1203 ja EN 1078 -turvastandardit<\/p>\n<\/li>\n<\/ul>\n<p data-start=\"845\" data-end=\"947\" data-is-last-node=\"\" data-is-only-node=\"\">Primer Mips on varma valinta, kun haluat turvallisen ja mukavan MTB-kyp\u00e4r\u00e4n ilman ylim\u00e4\u00e4r\u00e4ist\u00e4 hintaa.<\/p>","protected":false},"excerpt":{"rendered":"<p>Primer Mips on monipuolinen MTB-kyp\u00e4r\u00e4, joka yhdist\u00e4\u00e4 hyv\u00e4n istuvuuden, tehokkaan ilmanvaihdon ja luotettavan suojan kilpailukykyiseen hintaan. Sopii erinomaisesti maastopy\u00f6r\u00e4ilyyn ja s\u00e4hk\u00f6maastopy\u00f6r\u00e4ilyyn. Tarkka ja mukava istuvuus Uusi integroitu 360 Occigrip Fit System mahdollistaa s\u00e4\u00e4d\u00f6n my\u00f6s korkeussuunnassa ajon aikana. Kyp\u00e4r\u00e4 on matalaprofiilinen, mukava p\u00e4\u00e4ss\u00e4 ja ponytail-yhteensopiva. Mips Evolve -lis\u00e4suoja Varustettu Mips Evolve -teknologialla, joka v\u00e4hent\u00e4\u00e4 aivoihin kohdistuvia [&#8230;]<\/p>\n<p><a class=\"btn btn-secondary understrap-read-more-link\" href=\"https:\/\/vmsport.fi\/sv\/verkkokauppa\/ajovarusteet\/kyparat\/maastokyparat\/sweet-protection-primer-mips-deep-teal\/\">L\u00e4s mer \u2026<span class=\"screen-reader-text\"> from Sweet Protection Primer Mips Deep Teal<\/span><\/a><\/p>\n","protected":false},"featured_media":63725,"comment_status":"open","ping_status":"closed","template":"","meta":{"_acf_changed":false,"_improvement_type_select":"improve_an_existing","_thumb_yes_seoaic":false,"_frame_yes_seoaic":false,"seoaic_generate_description":"","seoaic_improve_instructions_prompt":"","seoaic_rollback_content_improvement":"","seoaic_idea_thumbnail_generator":"","thumbnail_generated":false,"thumbnail_generate_prompt":"","seoaic_article_description":"","_supplier_stock_quantity":0},"product_brand":[10085],"product_model":[],"product_cat":[9512],"product_tag":[],"industry-terminology":[],"class_list":{"0":"post-63601","1":"product","2":"type-product","3":"status-publish","4":"has-post-thumbnail","6":"product_brand-sweet-protection","7":"product_cat-maastokyparat","9":"first","10":"outofstock","11":"taxable","12":"shipping-taxable","13":"product-type-variable"},"acf":{"bike_features":null,"overview":{"copy_overview":null,"key_features":null,"statement":"","youtube_url":""}},"yoast_head":"<!-- This site is optimized with the Yoast SEO plugin v27.4 - https:\/\/yoast.com\/product\/yoast-seo-wordpress\/ -->\n<title>Sweet Protection Primer Mips Deep Teal - VM Sport<\/title>\n<meta name=\"robots\" content=\"index, follow, max-snippet:-1, max-image-preview:large, max-video-preview:-1\" \/>\n<link rel=\"canonical\" href=\"https:\/\/vmsport.fi\/sv\/webbutik\/korutrustning\/kyparat\/terrangcykling\/sweet-protection-primer-mips-deep-teal\/\" \/>\n<meta property=\"og:locale\" content=\"sv_SE\" \/>\n<meta property=\"og:type\" content=\"article\" \/>\n<meta property=\"og:title\" content=\"Sweet Protection Primer Mips Deep Teal - VM Sport\" \/>\n<meta property=\"og:description\" content=\"Primer Mips on monipuolinen MTB-kyp\u00e4r\u00e4, joka yhdist\u00e4\u00e4 hyv\u00e4n istuvuuden, tehokkaan ilmanvaihdon ja luotettavan suojan kilpailukykyiseen hintaan. Sopii erinomaisesti maastopy\u00f6r\u00e4ilyyn ja s\u00e4hk\u00f6maastopy\u00f6r\u00e4ilyyn. Tarkka ja mukava istuvuus Uusi integroitu 360 Occigrip Fit System mahdollistaa s\u00e4\u00e4d\u00f6n my\u00f6s korkeussuunnassa ajon aikana. Kyp\u00e4r\u00e4 on matalaprofiilinen, mukava p\u00e4\u00e4ss\u00e4 ja ponytail-yhteensopiva. Mips Evolve -lis\u00e4suoja Varustettu Mips Evolve -teknologialla, joka v\u00e4hent\u00e4\u00e4 aivoihin kohdistuvia [...]L\u00e4s mer \u2026 from Sweet Protection Primer Mips Deep Teal\" \/>\n<meta property=\"og:url\" content=\"https:\/\/vmsport.fi\/sv\/webbutik\/korutrustning\/kyparat\/terrangcykling\/sweet-protection-primer-mips-deep-teal\/\" \/>\n<meta property=\"og:site_name\" content=\"VM Sport\" \/>\n<meta property=\"article:publisher\" content=\"https:\/\/www.facebook.com\/Vmsport.fi\/\" \/>\n<meta property=\"article:modified_time\" content=\"2026-04-05T00:00:38+00:00\" \/>\n<meta property=\"og:image\" content=\"https:\/\/vmsport.fi\/wp-content\/uploads\/2026\/03\/Low-Resolution-845154-DPTEA-Product-1.jpg\" \/>\n\t<meta property=\"og:image:width\" content=\"999\" \/>\n\t<meta property=\"og:image:height\" content=\"1000\" \/>\n\t<meta property=\"og:image:type\" content=\"image\/jpeg\" \/>\n<meta name=\"twitter:card\" content=\"summary_large_image\" \/>\n<meta name=\"twitter:label1\" content=\"Ber\u00e4knad l\u00e4stid\" \/>\n\t<meta name=\"twitter:data1\" content=\"1 minut\" \/>\n<script type=\"application\/ld+json\" class=\"yoast-schema-graph\">{\"@context\":\"https:\\\/\\\/schema.org\",\"@graph\":[{\"@type\":[\"WebPage\",\"ItemPage\"],\"@id\":\"https:\\\/\\\/vmsport.fi\\\/verkkokauppa\\\/ajovarusteet\\\/kyparat\\\/maastokyparat\\\/sweet-protection-primer-mips-deep-teal\\\/\",\"url\":\"https:\\\/\\\/vmsport.fi\\\/verkkokauppa\\\/ajovarusteet\\\/kyparat\\\/maastokyparat\\\/sweet-protection-primer-mips-deep-teal\\\/\",\"name\":\"Sweet Protection Primer Mips Deep Teal - VM Sport\",\"isPartOf\":{\"@id\":\"https:\\\/\\\/vmsport.fi\\\/#website\"},\"primaryImageOfPage\":{\"@id\":\"https:\\\/\\\/vmsport.fi\\\/verkkokauppa\\\/ajovarusteet\\\/kyparat\\\/maastokyparat\\\/sweet-protection-primer-mips-deep-teal\\\/#primaryimage\"},\"image\":{\"@id\":\"https:\\\/\\\/vmsport.fi\\\/verkkokauppa\\\/ajovarusteet\\\/kyparat\\\/maastokyparat\\\/sweet-protection-primer-mips-deep-teal\\\/#primaryimage\"},\"thumbnailUrl\":\"https:\\\/\\\/vmsport.fi\\\/wp-content\\\/uploads\\\/2026\\\/03\\\/Low-Resolution-845154-DPTEA-Product-1.jpg\",\"datePublished\":\"2026-03-03T12:53:55+00:00\",\"dateModified\":\"2026-04-05T00:00:38+00:00\",\"breadcrumb\":{\"@id\":\"https:\\\/\\\/vmsport.fi\\\/verkkokauppa\\\/ajovarusteet\\\/kyparat\\\/maastokyparat\\\/sweet-protection-primer-mips-deep-teal\\\/#breadcrumb\"},\"inLanguage\":\"sv-SE\",\"potentialAction\":[{\"@type\":\"ReadAction\",\"target\":[\"https:\\\/\\\/vmsport.fi\\\/verkkokauppa\\\/ajovarusteet\\\/kyparat\\\/maastokyparat\\\/sweet-protection-primer-mips-deep-teal\\\/\"]}]},{\"@type\":\"ImageObject\",\"inLanguage\":\"sv-SE\",\"@id\":\"https:\\\/\\\/vmsport.fi\\\/verkkokauppa\\\/ajovarusteet\\\/kyparat\\\/maastokyparat\\\/sweet-protection-primer-mips-deep-teal\\\/#primaryimage\",\"url\":\"https:\\\/\\\/vmsport.fi\\\/wp-content\\\/uploads\\\/2026\\\/03\\\/Low-Resolution-845154-DPTEA-Product-1.jpg\",\"contentUrl\":\"https:\\\/\\\/vmsport.fi\\\/wp-content\\\/uploads\\\/2026\\\/03\\\/Low-Resolution-845154-DPTEA-Product-1.jpg\",\"width\":999,\"height\":1000,\"caption\":\"Low-Resolution-845154-DPTEA-Product-1\"},{\"@type\":\"BreadcrumbList\",\"@id\":\"https:\\\/\\\/vmsport.fi\\\/verkkokauppa\\\/ajovarusteet\\\/kyparat\\\/maastokyparat\\\/sweet-protection-primer-mips-deep-teal\\\/#breadcrumb\",\"itemListElement\":[{\"@type\":\"ListItem\",\"position\":1,\"name\":\"Etusivu\",\"item\":\"https:\\\/\\\/vmsport.fi\\\/\"},{\"@type\":\"ListItem\",\"position\":2,\"name\":\"Online Store\",\"item\":\"https:\\\/\\\/vmsport.fi\\\/en\\\/online-store\\\/\"},{\"@type\":\"ListItem\",\"position\":3,\"name\":\"Sweet Protection\",\"item\":\"https:\\\/\\\/vmsport.fi\\\/merkki\\\/sweet-protection\\\/\"},{\"@type\":\"ListItem\",\"position\":4,\"name\":\"Sweet Protection Primer Mips Deep Teal\"}]},{\"@type\":\"WebSite\",\"@id\":\"https:\\\/\\\/vmsport.fi\\\/#website\",\"url\":\"https:\\\/\\\/vmsport.fi\\\/\",\"name\":\"Vmsport\",\"description\":\"Kaikki py\u00f6r\u00e4ilyyn yhdest\u00e4 paikasta\",\"publisher\":{\"@id\":\"https:\\\/\\\/vmsport.fi\\\/#organization\"},\"potentialAction\":[{\"@type\":\"SearchAction\",\"target\":{\"@type\":\"EntryPoint\",\"urlTemplate\":\"https:\\\/\\\/vmsport.fi\\\/?s={search_term_string}\"},\"query-input\":{\"@type\":\"PropertyValueSpecification\",\"valueRequired\":true,\"valueName\":\"search_term_string\"}}],\"inLanguage\":\"sv-SE\"},{\"@type\":\"Organization\",\"@id\":\"https:\\\/\\\/vmsport.fi\\\/#organization\",\"name\":\"Vmsport\",\"url\":\"https:\\\/\\\/vmsport.fi\\\/\",\"logo\":{\"@type\":\"ImageObject\",\"inLanguage\":\"sv-SE\",\"@id\":\"https:\\\/\\\/vmsport.fi\\\/#\\\/schema\\\/logo\\\/image\\\/\",\"url\":\"https:\\\/\\\/vmsport.fi\\\/wp-content\\\/uploads\\\/2024\\\/12\\\/vm_sport_RGB_horisontal-e1734526017575.png\",\"contentUrl\":\"https:\\\/\\\/vmsport.fi\\\/wp-content\\\/uploads\\\/2024\\\/12\\\/vm_sport_RGB_horisontal-e1734526017575.png\",\"width\":668,\"height\":85,\"caption\":\"Vmsport\"},\"image\":{\"@id\":\"https:\\\/\\\/vmsport.fi\\\/#\\\/schema\\\/logo\\\/image\\\/\"},\"sameAs\":[\"https:\\\/\\\/www.facebook.com\\\/Vmsport.fi\\\/\",\"https:\\\/\\\/www.instagram.com\\\/vmsport\\\/\"]}]}<\/script>\n<!-- \/ Yoast SEO plugin. -->","yoast_head_json":{"title":"Sweet Protection Primer Mips Deep Teal - VM Sport","robots":{"index":"index","follow":"follow","max-snippet":"max-snippet:-1","max-image-preview":"max-image-preview:large","max-video-preview":"max-video-preview:-1"},"canonical":"https:\/\/vmsport.fi\/sv\/webbutik\/korutrustning\/kyparat\/terrangcykling\/sweet-protection-primer-mips-deep-teal\/","og_locale":"sv_SE","og_type":"article","og_title":"Sweet Protection Primer Mips Deep Teal - VM Sport","og_description":"Primer Mips on monipuolinen MTB-kyp\u00e4r\u00e4, joka yhdist\u00e4\u00e4 hyv\u00e4n istuvuuden, tehokkaan ilmanvaihdon ja luotettavan suojan kilpailukykyiseen hintaan. Sopii erinomaisesti maastopy\u00f6r\u00e4ilyyn ja s\u00e4hk\u00f6maastopy\u00f6r\u00e4ilyyn. Tarkka ja mukava istuvuus Uusi integroitu 360 Occigrip Fit System mahdollistaa s\u00e4\u00e4d\u00f6n my\u00f6s korkeussuunnassa ajon aikana. Kyp\u00e4r\u00e4 on matalaprofiilinen, mukava p\u00e4\u00e4ss\u00e4 ja ponytail-yhteensopiva. Mips Evolve -lis\u00e4suoja Varustettu Mips Evolve -teknologialla, joka v\u00e4hent\u00e4\u00e4 aivoihin kohdistuvia [...]L\u00e4s mer \u2026 from Sweet Protection Primer Mips Deep Teal","og_url":"https:\/\/vmsport.fi\/sv\/webbutik\/korutrustning\/kyparat\/terrangcykling\/sweet-protection-primer-mips-deep-teal\/","og_site_name":"VM Sport","article_publisher":"https:\/\/www.facebook.com\/Vmsport.fi\/","article_modified_time":"2026-04-05T00:00:38+00:00","og_image":[{"width":999,"height":1000,"url":"https:\/\/vmsport.fi\/wp-content\/uploads\/2026\/03\/Low-Resolution-845154-DPTEA-Product-1.jpg","type":"image\/jpeg"}],"twitter_card":"summary_large_image","twitter_misc":{"Ber\u00e4knad l\u00e4stid":"1 minut"},"schema":{"@context":"https:\/\/schema.org","@graph":[{"@type":["WebPage","ItemPage"],"@id":"https:\/\/vmsport.fi\/verkkokauppa\/ajovarusteet\/kyparat\/maastokyparat\/sweet-protection-primer-mips-deep-teal\/","url":"https:\/\/vmsport.fi\/verkkokauppa\/ajovarusteet\/kyparat\/maastokyparat\/sweet-protection-primer-mips-deep-teal\/","name":"Sweet Protection Primer Mips Deep Teal - VM Sport","isPartOf":{"@id":"https:\/\/vmsport.fi\/#website"},"primaryImageOfPage":{"@id":"https:\/\/vmsport.fi\/verkkokauppa\/ajovarusteet\/kyparat\/maastokyparat\/sweet-protection-primer-mips-deep-teal\/#primaryimage"},"image":{"@id":"https:\/\/vmsport.fi\/verkkokauppa\/ajovarusteet\/kyparat\/maastokyparat\/sweet-protection-primer-mips-deep-teal\/#primaryimage"},"thumbnailUrl":"https:\/\/vmsport.fi\/wp-content\/uploads\/2026\/03\/Low-Resolution-845154-DPTEA-Product-1.jpg","datePublished":"2026-03-03T12:53:55+00:00","dateModified":"2026-04-05T00:00:38+00:00","breadcrumb":{"@id":"https:\/\/vmsport.fi\/verkkokauppa\/ajovarusteet\/kyparat\/maastokyparat\/sweet-protection-primer-mips-deep-teal\/#breadcrumb"},"inLanguage":"sv-SE","potentialAction":[{"@type":"ReadAction","target":["https:\/\/vmsport.fi\/verkkokauppa\/ajovarusteet\/kyparat\/maastokyparat\/sweet-protection-primer-mips-deep-teal\/"]}]},{"@type":"ImageObject","inLanguage":"sv-SE","@id":"https:\/\/vmsport.fi\/verkkokauppa\/ajovarusteet\/kyparat\/maastokyparat\/sweet-protection-primer-mips-deep-teal\/#primaryimage","url":"https:\/\/vmsport.fi\/wp-content\/uploads\/2026\/03\/Low-Resolution-845154-DPTEA-Product-1.jpg","contentUrl":"https:\/\/vmsport.fi\/wp-content\/uploads\/2026\/03\/Low-Resolution-845154-DPTEA-Product-1.jpg","width":999,"height":1000,"caption":"Low-Resolution-845154-DPTEA-Product-1"},{"@type":"BreadcrumbList","@id":"https:\/\/vmsport.fi\/verkkokauppa\/ajovarusteet\/kyparat\/maastokyparat\/sweet-protection-primer-mips-deep-teal\/#breadcrumb","itemListElement":[{"@type":"ListItem","position":1,"name":"Etusivu","item":"https:\/\/vmsport.fi\/"},{"@type":"ListItem","position":2,"name":"Online Store","item":"https:\/\/vmsport.fi\/en\/online-store\/"},{"@type":"ListItem","position":3,"name":"Sweet Protection","item":"https:\/\/vmsport.fi\/merkki\/sweet-protection\/"},{"@type":"ListItem","position":4,"name":"Sweet Protection Primer Mips Deep Teal"}]},{"@type":"WebSite","@id":"https:\/\/vmsport.fi\/#website","url":"https:\/\/vmsport.fi\/","name":"Vmsport","description":"Allt p\u00e5 ett st\u00e4lle f\u00f6r cykling","publisher":{"@id":"https:\/\/vmsport.fi\/#organization"},"potentialAction":[{"@type":"SearchAction","target":{"@type":"EntryPoint","urlTemplate":"https:\/\/vmsport.fi\/?s={search_term_string}"},"query-input":{"@type":"PropertyValueSpecification","valueRequired":true,"valueName":"search_term_string"}}],"inLanguage":"sv-SE"},{"@type":"Organization","@id":"https:\/\/vmsport.fi\/#organization","name":"Vmsport","url":"https:\/\/vmsport.fi\/","logo":{"@type":"ImageObject","inLanguage":"sv-SE","@id":"https:\/\/vmsport.fi\/#\/schema\/logo\/image\/","url":"https:\/\/vmsport.fi\/wp-content\/uploads\/2024\/12\/vm_sport_RGB_horisontal-e1734526017575.png","contentUrl":"https:\/\/vmsport.fi\/wp-content\/uploads\/2024\/12\/vm_sport_RGB_horisontal-e1734526017575.png","width":668,"height":85,"caption":"Vmsport"},"image":{"@id":"https:\/\/vmsport.fi\/#\/schema\/logo\/image\/"},"sameAs":["https:\/\/www.facebook.com\/Vmsport.fi\/","https:\/\/www.instagram.com\/vmsport\/"]}]}},"global_unique_id":"","_links":{"self":[{"href":"https:\/\/vmsport.fi\/sv\/wp-json\/wp\/v2\/product\/63601","targetHints":{"allow":["GET"]}}],"collection":[{"href":"https:\/\/vmsport.fi\/sv\/wp-json\/wp\/v2\/product"}],"about":[{"href":"https:\/\/vmsport.fi\/sv\/wp-json\/wp\/v2\/types\/product"}],"replies":[{"embeddable":true,"href":"https:\/\/vmsport.fi\/sv\/wp-json\/wp\/v2\/comments?post=63601"}],"wp:featuredmedia":[{"embeddable":true,"href":"https:\/\/vmsport.fi\/sv\/wp-json\/wp\/v2\/media\/63725"}],"wp:attachment":[{"href":"https:\/\/vmsport.fi\/sv\/wp-json\/wp\/v2\/media?parent=63601"}],"wp:term":[{"taxonomy":"product_brand","embeddable":true,"href":"https:\/\/vmsport.fi\/sv\/wp-json\/wp\/v2\/product_brand?post=63601"},{"taxonomy":"product_model","embeddable":true,"href":"https:\/\/vmsport.fi\/sv\/wp-json\/wp\/v2\/product_model?post=63601"},{"taxonomy":"product_cat","embeddable":true,"href":"https:\/\/vmsport.fi\/sv\/wp-json\/wp\/v2\/product_cat?post=63601"},{"taxonomy":"product_tag","embeddable":true,"href":"https:\/\/vmsport.fi\/sv\/wp-json\/wp\/v2\/product_tag?post=63601"},{"taxonomy":"industry_terminology","embeddable":true,"href":"https:\/\/vmsport.fi\/sv\/wp-json\/wp\/v2\/industry-terminology?post=63601"}],"curies":[{"name":"wp","href":"https:\/\/api.w.org\/{rel}","templated":true}]}}