{"id":63541,"date":"2026-03-03T14:38:40","date_gmt":"2026-03-03T12:38:40","guid":{"rendered":"https:\/\/vmsport.fi\/verkkokauppa\/Ei-luokiteltu\/sweet-protection-bushwhacker-2vi-mips-helmet-matta-valkoinen\/"},"modified":"2026-03-04T02:00:27","modified_gmt":"2026-03-04T00:00:27","slug":"sweet-protection-bushwhacker-2vi-mips-helmet-matta-valkoinen","status":"publish","type":"product","link":"https:\/\/vmsport.fi\/sv\/verkkokauppa\/ajovarusteet\/kyparat\/maastokyparat\/sweet-protection-bushwhacker-2vi-mips-helmet-matta-valkoinen\/","title":{"rendered":"Sweet Protection Bushwhacker 2Vi Mips Helmet Matta Valkoinen"},"content":{"rendered":"<h3>Bushwhacker 2Vi\u00ae Mips \u2013 Maksimaalista suojaa kovaan ajoon<\/h3>\n<p data-start=\"104\" data-end=\"353\"><strong data-start=\"104\" data-end=\"129\">Bushwhacker 2Vi\u00ae Mips<\/strong> on suunniteltu moderniin ja vauhdikkaaseen ajoon \u2013 oli alla sitten s\u00e4hk\u00f6py\u00f6r\u00e4 tai pitk\u00e4jousto 29\u201d. T\u00e4m\u00e4 kyp\u00e4r\u00e4 tarjoaa huipputason suojan aggressiiviseen trail- ja enduro-ajoon ilman kompromisseja painossa tai mukavuudessa.<\/p>\n<h4 data-start=\"355\" data-end=\"397\">2Vi\u00ae-teknologia \u2013 monitasoinen suojaus<\/h4>\n<p data-start=\"399\" data-end=\"519\">Kyp\u00e4r\u00e4 perustuu Sweet Protectionin kehitt\u00e4m\u00e4\u00e4n <strong data-start=\"446\" data-end=\"474\">2Vi\u00ae-teknologia-alustaan<\/strong>, joka yhdist\u00e4\u00e4 useita suojaavia elementtej\u00e4:<\/p>\n<ul data-start=\"521\" data-end=\"669\">\n<li data-start=\"521\" data-end=\"552\">\n<p data-start=\"523\" data-end=\"552\">Monitiheyksinen EPS-rakenne<\/p>\n<\/li>\n<li data-start=\"553\" data-end=\"598\">\n<p data-start=\"555\" data-end=\"598\">Nelj\u00e4 erillist\u00e4 Impact Shield -vahviketta<\/p>\n<\/li>\n<li data-start=\"599\" data-end=\"625\">\n<p data-start=\"601\" data-end=\"625\">Laajennettu suoja-alue<\/p>\n<\/li>\n<li data-start=\"626\" data-end=\"669\">\n<p data-start=\"628\" data-end=\"669\">Joustavuudeltaan optimoitu kuorirakenne<\/p>\n<\/li>\n<\/ul>\n<p data-start=\"671\" data-end=\"779\">Varustettu <strong data-start=\"682\" data-end=\"709\">Mips Air -teknologialla<\/strong>, joka v\u00e4hent\u00e4\u00e4 aivoihin kohdistuvia kiertovoimia kaatumistilanteessa.<\/p>\n<h4 data-start=\"781\" data-end=\"816\">Tehokas ilmanvaihto ja istuvuus<\/h4>\n<p data-start=\"818\" data-end=\"940\"><strong data-start=\"818\" data-end=\"839\">STACC-ventilointi<\/strong> viilent\u00e4\u00e4 tehokkaasti ohimovaltimoiden aluetta ja parantaa ajomukavuutta kuumissakin olosuhteissa.<\/p>\n<p data-start=\"942\" data-end=\"1042\">Uusi integroitu <strong data-start=\"958\" data-end=\"976\">360 fit system<\/strong> mahdollistaa tarkan ja korkeuss\u00e4\u00e4dett\u00e4v\u00e4n istuvuuden ajon aikana.<\/p>\n<ul data-start=\"1044\" data-end=\"1172\">\n<li data-start=\"1044\" data-end=\"1091\">\n<p data-start=\"1046\" data-end=\"1091\">S\u00e4\u00e4dett\u00e4v\u00e4 visiiri (helppo goggle-s\u00e4ilytys)<\/p>\n<\/li>\n<li data-start=\"1092\" data-end=\"1127\">\n<p data-start=\"1094\" data-end=\"1127\">Eyewear grippers -lasipidikkeet<\/p>\n<\/li>\n<li data-start=\"1128\" data-end=\"1172\">\n<p data-start=\"1130\" data-end=\"1172\">Vaihdettava, kosteutta imev\u00e4 etupehmuste<\/p>\n<\/li>\n<\/ul>\n<h4 data-start=\"1174\" data-end=\"1210\">Sertifioitu my\u00f6s s\u00e4hk\u00f6py\u00f6r\u00e4ilyyn<\/h4>\n<p data-start=\"1212\" data-end=\"1321\">Bushwhacker 2Vi\u00ae Mips ylitt\u00e4\u00e4 EU-, US- ja UK-standardit ja t\u00e4ytt\u00e4\u00e4 lis\u00e4ksi <strong data-start=\"1287\" data-end=\"1308\">NTA-8776 (e-bike)<\/strong> -standardin.<\/p>\n<p data-start=\"1323\" data-end=\"1345\"><strong data-start=\"1323\" data-end=\"1343\">Tekniset tiedot:<\/strong><\/p>\n<ul data-start=\"1346\" data-end=\"1463\">\n<li data-start=\"1346\" data-end=\"1373\">\n<p data-start=\"1348\" data-end=\"1373\">Paino: noin 430 g (M\/L)<\/p>\n<\/li>\n<li data-start=\"1374\" data-end=\"1395\">\n<p data-start=\"1376\" data-end=\"1395\">Koot: SM, ML, LXL<\/p>\n<\/li>\n<li data-start=\"1396\" data-end=\"1463\">\n<p data-start=\"1398\" data-end=\"1463\">Sertifioinnit: EN1078:2012 + A1:2012, CPSC 1203, UKCA, NTA-8776<\/p>\n<\/li>\n<\/ul>\n<p data-start=\"1465\" data-end=\"1641\" data-is-last-node=\"\" data-is-only-node=\"\">Bushwhacker 2Vi\u00ae Mips on valinta kuskille, joka ajaa kovaa, arvostaa maksimaalista suojaa ja haluaa varman kyp\u00e4r\u00e4n niin mets\u00e4poluille, tuntureille kuin s\u00e4hk\u00f6py\u00f6r\u00e4ilyn vauhtiin.<\/p>","protected":false},"excerpt":{"rendered":"<p>Bushwhacker 2Vi\u00ae Mips \u2013 Maksimaalista suojaa kovaan ajoon Bushwhacker 2Vi\u00ae Mips on suunniteltu moderniin ja vauhdikkaaseen ajoon \u2013 oli alla sitten s\u00e4hk\u00f6py\u00f6r\u00e4 tai pitk\u00e4jousto 29\u201d. T\u00e4m\u00e4 kyp\u00e4r\u00e4 tarjoaa huipputason suojan aggressiiviseen trail- ja enduro-ajoon ilman kompromisseja painossa tai mukavuudessa. 2Vi\u00ae-teknologia \u2013 monitasoinen suojaus Kyp\u00e4r\u00e4 perustuu Sweet Protectionin kehitt\u00e4m\u00e4\u00e4n 2Vi\u00ae-teknologia-alustaan, joka yhdist\u00e4\u00e4 useita suojaavia elementtej\u00e4: Monitiheyksinen [&#8230;]<\/p>\n<p><a class=\"btn btn-secondary understrap-read-more-link\" href=\"https:\/\/vmsport.fi\/sv\/verkkokauppa\/ajovarusteet\/kyparat\/maastokyparat\/sweet-protection-bushwhacker-2vi-mips-helmet-matta-valkoinen\/\">L\u00e4s mer \u2026<span class=\"screen-reader-text\"> from Sweet Protection Bushwhacker 2Vi Mips Helmet Matta Valkoinen<\/span><\/a><\/p>\n","protected":false},"featured_media":63677,"comment_status":"open","ping_status":"closed","template":"","meta":{"_acf_changed":false,"_improvement_type_select":"improve_an_existing","_thumb_yes_seoaic":false,"_frame_yes_seoaic":false,"seoaic_generate_description":"","seoaic_improve_instructions_prompt":"","seoaic_rollback_content_improvement":"","seoaic_idea_thumbnail_generator":"","thumbnail_generated":false,"thumbnail_generate_prompt":"","seoaic_article_description":"","_supplier_stock_quantity":0},"product_brand":[10085],"product_model":[],"product_cat":[9512],"product_tag":[],"industry-terminology":[],"class_list":{"0":"post-63541","1":"product","2":"type-product","3":"status-publish","4":"has-post-thumbnail","6":"product_brand-sweet-protection","7":"product_cat-maastokyparat","9":"first","10":"instock","11":"taxable","12":"shipping-taxable","13":"purchasable","14":"product-type-variable"},"acf":{"bike_features":null,"overview":{"copy_overview":null,"key_features":null,"statement":"","youtube_url":""}},"yoast_head":"<!-- This site is optimized with the Yoast SEO plugin v27.4 - https:\/\/yoast.com\/product\/yoast-seo-wordpress\/ -->\n<title>Sweet Protection Bushwhacker 2Vi Mips Helmet Matta Valkoinen - VM Sport<\/title>\n<meta name=\"robots\" content=\"index, follow, max-snippet:-1, max-image-preview:large, max-video-preview:-1\" \/>\n<link rel=\"canonical\" href=\"https:\/\/vmsport.fi\/sv\/webbutik\/korutrustning\/kyparat\/terrangcykling\/sweet-protection-bushwhacker-2vi-mips-helmet-matta-valkoinen\/\" \/>\n<meta property=\"og:locale\" content=\"sv_SE\" \/>\n<meta property=\"og:type\" content=\"article\" \/>\n<meta property=\"og:title\" content=\"Sweet Protection Bushwhacker 2Vi Mips Helmet Matta Valkoinen - VM Sport\" \/>\n<meta property=\"og:description\" content=\"Bushwhacker 2Vi\u00ae Mips \u2013 Maksimaalista suojaa kovaan ajoon Bushwhacker 2Vi\u00ae Mips on suunniteltu moderniin ja vauhdikkaaseen ajoon \u2013 oli alla sitten s\u00e4hk\u00f6py\u00f6r\u00e4 tai pitk\u00e4jousto 29\u201d. T\u00e4m\u00e4 kyp\u00e4r\u00e4 tarjoaa huipputason suojan aggressiiviseen trail- ja enduro-ajoon ilman kompromisseja painossa tai mukavuudessa. 2Vi\u00ae-teknologia \u2013 monitasoinen suojaus Kyp\u00e4r\u00e4 perustuu Sweet Protectionin kehitt\u00e4m\u00e4\u00e4n 2Vi\u00ae-teknologia-alustaan, joka yhdist\u00e4\u00e4 useita suojaavia elementtej\u00e4: Monitiheyksinen [...]L\u00e4s mer \u2026 from Sweet Protection Bushwhacker 2Vi Mips Helmet Matta Valkoinen\" \/>\n<meta property=\"og:url\" content=\"https:\/\/vmsport.fi\/sv\/webbutik\/korutrustning\/kyparat\/terrangcykling\/sweet-protection-bushwhacker-2vi-mips-helmet-matta-valkoinen\/\" \/>\n<meta property=\"og:site_name\" content=\"VM Sport\" \/>\n<meta property=\"article:publisher\" content=\"https:\/\/www.facebook.com\/Vmsport.fi\/\" \/>\n<meta property=\"article:modified_time\" content=\"2026-03-04T00:00:27+00:00\" \/>\n<meta property=\"og:image\" content=\"https:\/\/vmsport.fi\/wp-content\/uploads\/2026\/03\/Low-Resolution-845144-MWHTE-Product-1.jpg\" \/>\n\t<meta property=\"og:image:width\" content=\"1000\" \/>\n\t<meta property=\"og:image:height\" content=\"1000\" \/>\n\t<meta property=\"og:image:type\" content=\"image\/jpeg\" \/>\n<meta name=\"twitter:card\" content=\"summary_large_image\" \/>\n<meta name=\"twitter:label1\" content=\"Ber\u00e4knad l\u00e4stid\" \/>\n\t<meta name=\"twitter:data1\" content=\"2 minuter\" \/>\n<script type=\"application\/ld+json\" class=\"yoast-schema-graph\">{\"@context\":\"https:\\\/\\\/schema.org\",\"@graph\":[{\"@type\":[\"WebPage\",\"ItemPage\"],\"@id\":\"https:\\\/\\\/vmsport.fi\\\/verkkokauppa\\\/ajovarusteet\\\/kyparat\\\/maastokyparat\\\/sweet-protection-bushwhacker-2vi-mips-helmet-matta-valkoinen\\\/\",\"url\":\"https:\\\/\\\/vmsport.fi\\\/verkkokauppa\\\/ajovarusteet\\\/kyparat\\\/maastokyparat\\\/sweet-protection-bushwhacker-2vi-mips-helmet-matta-valkoinen\\\/\",\"name\":\"Sweet Protection Bushwhacker 2Vi Mips Helmet Matta Valkoinen - VM Sport\",\"isPartOf\":{\"@id\":\"https:\\\/\\\/vmsport.fi\\\/#website\"},\"primaryImageOfPage\":{\"@id\":\"https:\\\/\\\/vmsport.fi\\\/verkkokauppa\\\/ajovarusteet\\\/kyparat\\\/maastokyparat\\\/sweet-protection-bushwhacker-2vi-mips-helmet-matta-valkoinen\\\/#primaryimage\"},\"image\":{\"@id\":\"https:\\\/\\\/vmsport.fi\\\/verkkokauppa\\\/ajovarusteet\\\/kyparat\\\/maastokyparat\\\/sweet-protection-bushwhacker-2vi-mips-helmet-matta-valkoinen\\\/#primaryimage\"},\"thumbnailUrl\":\"https:\\\/\\\/vmsport.fi\\\/wp-content\\\/uploads\\\/2026\\\/03\\\/Low-Resolution-845144-MWHTE-Product-1.jpg\",\"datePublished\":\"2026-03-03T12:38:40+00:00\",\"dateModified\":\"2026-03-04T00:00:27+00:00\",\"breadcrumb\":{\"@id\":\"https:\\\/\\\/vmsport.fi\\\/verkkokauppa\\\/ajovarusteet\\\/kyparat\\\/maastokyparat\\\/sweet-protection-bushwhacker-2vi-mips-helmet-matta-valkoinen\\\/#breadcrumb\"},\"inLanguage\":\"sv-SE\",\"potentialAction\":[{\"@type\":\"ReadAction\",\"target\":[\"https:\\\/\\\/vmsport.fi\\\/verkkokauppa\\\/ajovarusteet\\\/kyparat\\\/maastokyparat\\\/sweet-protection-bushwhacker-2vi-mips-helmet-matta-valkoinen\\\/\"]}]},{\"@type\":\"ImageObject\",\"inLanguage\":\"sv-SE\",\"@id\":\"https:\\\/\\\/vmsport.fi\\\/verkkokauppa\\\/ajovarusteet\\\/kyparat\\\/maastokyparat\\\/sweet-protection-bushwhacker-2vi-mips-helmet-matta-valkoinen\\\/#primaryimage\",\"url\":\"https:\\\/\\\/vmsport.fi\\\/wp-content\\\/uploads\\\/2026\\\/03\\\/Low-Resolution-845144-MWHTE-Product-1.jpg\",\"contentUrl\":\"https:\\\/\\\/vmsport.fi\\\/wp-content\\\/uploads\\\/2026\\\/03\\\/Low-Resolution-845144-MWHTE-Product-1.jpg\",\"width\":1000,\"height\":1000,\"caption\":\"Low-Resolution-845144-MWHTE-Product-1\"},{\"@type\":\"BreadcrumbList\",\"@id\":\"https:\\\/\\\/vmsport.fi\\\/verkkokauppa\\\/ajovarusteet\\\/kyparat\\\/maastokyparat\\\/sweet-protection-bushwhacker-2vi-mips-helmet-matta-valkoinen\\\/#breadcrumb\",\"itemListElement\":[{\"@type\":\"ListItem\",\"position\":1,\"name\":\"Etusivu\",\"item\":\"https:\\\/\\\/vmsport.fi\\\/\"},{\"@type\":\"ListItem\",\"position\":2,\"name\":\"Online Store\",\"item\":\"https:\\\/\\\/vmsport.fi\\\/en\\\/online-store\\\/\"},{\"@type\":\"ListItem\",\"position\":3,\"name\":\"Sweet Protection\",\"item\":\"https:\\\/\\\/vmsport.fi\\\/merkki\\\/sweet-protection\\\/\"},{\"@type\":\"ListItem\",\"position\":4,\"name\":\"Sweet Protection Bushwhacker 2Vi Mips Helmet Matta Valkoinen\"}]},{\"@type\":\"WebSite\",\"@id\":\"https:\\\/\\\/vmsport.fi\\\/#website\",\"url\":\"https:\\\/\\\/vmsport.fi\\\/\",\"name\":\"Vmsport\",\"description\":\"Kaikki py\u00f6r\u00e4ilyyn yhdest\u00e4 paikasta\",\"publisher\":{\"@id\":\"https:\\\/\\\/vmsport.fi\\\/#organization\"},\"potentialAction\":[{\"@type\":\"SearchAction\",\"target\":{\"@type\":\"EntryPoint\",\"urlTemplate\":\"https:\\\/\\\/vmsport.fi\\\/?s={search_term_string}\"},\"query-input\":{\"@type\":\"PropertyValueSpecification\",\"valueRequired\":true,\"valueName\":\"search_term_string\"}}],\"inLanguage\":\"sv-SE\"},{\"@type\":\"Organization\",\"@id\":\"https:\\\/\\\/vmsport.fi\\\/#organization\",\"name\":\"Vmsport\",\"url\":\"https:\\\/\\\/vmsport.fi\\\/\",\"logo\":{\"@type\":\"ImageObject\",\"inLanguage\":\"sv-SE\",\"@id\":\"https:\\\/\\\/vmsport.fi\\\/#\\\/schema\\\/logo\\\/image\\\/\",\"url\":\"https:\\\/\\\/vmsport.fi\\\/wp-content\\\/uploads\\\/2024\\\/12\\\/vm_sport_RGB_horisontal-e1734526017575.png\",\"contentUrl\":\"https:\\\/\\\/vmsport.fi\\\/wp-content\\\/uploads\\\/2024\\\/12\\\/vm_sport_RGB_horisontal-e1734526017575.png\",\"width\":668,\"height\":85,\"caption\":\"Vmsport\"},\"image\":{\"@id\":\"https:\\\/\\\/vmsport.fi\\\/#\\\/schema\\\/logo\\\/image\\\/\"},\"sameAs\":[\"https:\\\/\\\/www.facebook.com\\\/Vmsport.fi\\\/\",\"https:\\\/\\\/www.instagram.com\\\/vmsport\\\/\"]}]}<\/script>\n<!-- \/ Yoast SEO plugin. -->","yoast_head_json":{"title":"Sweet Protection Bushwhacker 2Vi Mips Helmet Matta Valkoinen - VM Sport","robots":{"index":"index","follow":"follow","max-snippet":"max-snippet:-1","max-image-preview":"max-image-preview:large","max-video-preview":"max-video-preview:-1"},"canonical":"https:\/\/vmsport.fi\/sv\/webbutik\/korutrustning\/kyparat\/terrangcykling\/sweet-protection-bushwhacker-2vi-mips-helmet-matta-valkoinen\/","og_locale":"sv_SE","og_type":"article","og_title":"Sweet Protection Bushwhacker 2Vi Mips Helmet Matta Valkoinen - VM Sport","og_description":"Bushwhacker 2Vi\u00ae Mips \u2013 Maksimaalista suojaa kovaan ajoon Bushwhacker 2Vi\u00ae Mips on suunniteltu moderniin ja vauhdikkaaseen ajoon \u2013 oli alla sitten s\u00e4hk\u00f6py\u00f6r\u00e4 tai pitk\u00e4jousto 29\u201d. T\u00e4m\u00e4 kyp\u00e4r\u00e4 tarjoaa huipputason suojan aggressiiviseen trail- ja enduro-ajoon ilman kompromisseja painossa tai mukavuudessa. 2Vi\u00ae-teknologia \u2013 monitasoinen suojaus Kyp\u00e4r\u00e4 perustuu Sweet Protectionin kehitt\u00e4m\u00e4\u00e4n 2Vi\u00ae-teknologia-alustaan, joka yhdist\u00e4\u00e4 useita suojaavia elementtej\u00e4: Monitiheyksinen [...]L\u00e4s mer \u2026 from Sweet Protection Bushwhacker 2Vi Mips Helmet Matta Valkoinen","og_url":"https:\/\/vmsport.fi\/sv\/webbutik\/korutrustning\/kyparat\/terrangcykling\/sweet-protection-bushwhacker-2vi-mips-helmet-matta-valkoinen\/","og_site_name":"VM Sport","article_publisher":"https:\/\/www.facebook.com\/Vmsport.fi\/","article_modified_time":"2026-03-04T00:00:27+00:00","og_image":[{"width":1000,"height":1000,"url":"https:\/\/vmsport.fi\/wp-content\/uploads\/2026\/03\/Low-Resolution-845144-MWHTE-Product-1.jpg","type":"image\/jpeg"}],"twitter_card":"summary_large_image","twitter_misc":{"Ber\u00e4knad l\u00e4stid":"2 minuter"},"schema":{"@context":"https:\/\/schema.org","@graph":[{"@type":["WebPage","ItemPage"],"@id":"https:\/\/vmsport.fi\/verkkokauppa\/ajovarusteet\/kyparat\/maastokyparat\/sweet-protection-bushwhacker-2vi-mips-helmet-matta-valkoinen\/","url":"https:\/\/vmsport.fi\/verkkokauppa\/ajovarusteet\/kyparat\/maastokyparat\/sweet-protection-bushwhacker-2vi-mips-helmet-matta-valkoinen\/","name":"Sweet Protection Bushwhacker 2Vi Mips Helmet Matta Valkoinen - VM Sport","isPartOf":{"@id":"https:\/\/vmsport.fi\/#website"},"primaryImageOfPage":{"@id":"https:\/\/vmsport.fi\/verkkokauppa\/ajovarusteet\/kyparat\/maastokyparat\/sweet-protection-bushwhacker-2vi-mips-helmet-matta-valkoinen\/#primaryimage"},"image":{"@id":"https:\/\/vmsport.fi\/verkkokauppa\/ajovarusteet\/kyparat\/maastokyparat\/sweet-protection-bushwhacker-2vi-mips-helmet-matta-valkoinen\/#primaryimage"},"thumbnailUrl":"https:\/\/vmsport.fi\/wp-content\/uploads\/2026\/03\/Low-Resolution-845144-MWHTE-Product-1.jpg","datePublished":"2026-03-03T12:38:40+00:00","dateModified":"2026-03-04T00:00:27+00:00","breadcrumb":{"@id":"https:\/\/vmsport.fi\/verkkokauppa\/ajovarusteet\/kyparat\/maastokyparat\/sweet-protection-bushwhacker-2vi-mips-helmet-matta-valkoinen\/#breadcrumb"},"inLanguage":"sv-SE","potentialAction":[{"@type":"ReadAction","target":["https:\/\/vmsport.fi\/verkkokauppa\/ajovarusteet\/kyparat\/maastokyparat\/sweet-protection-bushwhacker-2vi-mips-helmet-matta-valkoinen\/"]}]},{"@type":"ImageObject","inLanguage":"sv-SE","@id":"https:\/\/vmsport.fi\/verkkokauppa\/ajovarusteet\/kyparat\/maastokyparat\/sweet-protection-bushwhacker-2vi-mips-helmet-matta-valkoinen\/#primaryimage","url":"https:\/\/vmsport.fi\/wp-content\/uploads\/2026\/03\/Low-Resolution-845144-MWHTE-Product-1.jpg","contentUrl":"https:\/\/vmsport.fi\/wp-content\/uploads\/2026\/03\/Low-Resolution-845144-MWHTE-Product-1.jpg","width":1000,"height":1000,"caption":"Low-Resolution-845144-MWHTE-Product-1"},{"@type":"BreadcrumbList","@id":"https:\/\/vmsport.fi\/verkkokauppa\/ajovarusteet\/kyparat\/maastokyparat\/sweet-protection-bushwhacker-2vi-mips-helmet-matta-valkoinen\/#breadcrumb","itemListElement":[{"@type":"ListItem","position":1,"name":"Etusivu","item":"https:\/\/vmsport.fi\/"},{"@type":"ListItem","position":2,"name":"Online Store","item":"https:\/\/vmsport.fi\/en\/online-store\/"},{"@type":"ListItem","position":3,"name":"Sweet Protection","item":"https:\/\/vmsport.fi\/merkki\/sweet-protection\/"},{"@type":"ListItem","position":4,"name":"Sweet Protection Bushwhacker 2Vi Mips Helmet Matta Valkoinen"}]},{"@type":"WebSite","@id":"https:\/\/vmsport.fi\/#website","url":"https:\/\/vmsport.fi\/","name":"Vmsport","description":"Allt p\u00e5 ett st\u00e4lle f\u00f6r cykling","publisher":{"@id":"https:\/\/vmsport.fi\/#organization"},"potentialAction":[{"@type":"SearchAction","target":{"@type":"EntryPoint","urlTemplate":"https:\/\/vmsport.fi\/?s={search_term_string}"},"query-input":{"@type":"PropertyValueSpecification","valueRequired":true,"valueName":"search_term_string"}}],"inLanguage":"sv-SE"},{"@type":"Organization","@id":"https:\/\/vmsport.fi\/#organization","name":"Vmsport","url":"https:\/\/vmsport.fi\/","logo":{"@type":"ImageObject","inLanguage":"sv-SE","@id":"https:\/\/vmsport.fi\/#\/schema\/logo\/image\/","url":"https:\/\/vmsport.fi\/wp-content\/uploads\/2024\/12\/vm_sport_RGB_horisontal-e1734526017575.png","contentUrl":"https:\/\/vmsport.fi\/wp-content\/uploads\/2024\/12\/vm_sport_RGB_horisontal-e1734526017575.png","width":668,"height":85,"caption":"Vmsport"},"image":{"@id":"https:\/\/vmsport.fi\/#\/schema\/logo\/image\/"},"sameAs":["https:\/\/www.facebook.com\/Vmsport.fi\/","https:\/\/www.instagram.com\/vmsport\/"]}]}},"global_unique_id":"","_links":{"self":[{"href":"https:\/\/vmsport.fi\/sv\/wp-json\/wp\/v2\/product\/63541","targetHints":{"allow":["GET"]}}],"collection":[{"href":"https:\/\/vmsport.fi\/sv\/wp-json\/wp\/v2\/product"}],"about":[{"href":"https:\/\/vmsport.fi\/sv\/wp-json\/wp\/v2\/types\/product"}],"replies":[{"embeddable":true,"href":"https:\/\/vmsport.fi\/sv\/wp-json\/wp\/v2\/comments?post=63541"}],"wp:featuredmedia":[{"embeddable":true,"href":"https:\/\/vmsport.fi\/sv\/wp-json\/wp\/v2\/media\/63677"}],"wp:attachment":[{"href":"https:\/\/vmsport.fi\/sv\/wp-json\/wp\/v2\/media?parent=63541"}],"wp:term":[{"taxonomy":"product_brand","embeddable":true,"href":"https:\/\/vmsport.fi\/sv\/wp-json\/wp\/v2\/product_brand?post=63541"},{"taxonomy":"product_model","embeddable":true,"href":"https:\/\/vmsport.fi\/sv\/wp-json\/wp\/v2\/product_model?post=63541"},{"taxonomy":"product_cat","embeddable":true,"href":"https:\/\/vmsport.fi\/sv\/wp-json\/wp\/v2\/product_cat?post=63541"},{"taxonomy":"product_tag","embeddable":true,"href":"https:\/\/vmsport.fi\/sv\/wp-json\/wp\/v2\/product_tag?post=63541"},{"taxonomy":"industry_terminology","embeddable":true,"href":"https:\/\/vmsport.fi\/sv\/wp-json\/wp\/v2\/industry-terminology?post=63541"}],"curies":[{"name":"wp","href":"https:\/\/api.w.org\/{rel}","templated":true}]}}