{"id":63538,"date":"2026-03-03T14:38:38","date_gmt":"2026-03-03T12:38:38","guid":{"rendered":"https:\/\/vmsport.fi\/verkkokauppa\/Ei-luokiteltu\/sweet-protection-falconer-aero-2vi-mips-helmet-matta-musta\/"},"modified":"2026-03-04T02:00:33","modified_gmt":"2026-03-04T00:00:33","slug":"sweet-protection-falconer-aero-2vi-mips-helmet-matta-musta","status":"publish","type":"product","link":"https:\/\/vmsport.fi\/sv\/verkkokauppa\/ajovarusteet\/kyparat\/maantiekyparat\/sweet-protection-falconer-aero-2vi-mips-helmet-matta-musta\/","title":{"rendered":"Sweet Protection Falconer Aero 2Vi Mips Helmet Matta Musta"},"content":{"rendered":"<h3>Falconer 2Vi\u00ae Mips \u2013 Kevyt ja nopea kisakyp\u00e4r\u00e4 maantielle<\/h3>\n<p data-start=\"104\" data-end=\"342\"><strong data-start=\"104\" data-end=\"126\">Falconer 2Vi\u00ae Mips<\/strong> on huippuluokan maantiepy\u00f6r\u00e4ilykyp\u00e4r\u00e4, kun nopeus ratkaisee ja jokainen sekunnin sadasosa merkitsee. Parannettu aerodynamiikka v\u00e4hent\u00e4\u00e4 ilmanvastusta useissa ajoasennoissa ja auttaa sinua ajamaan kovempaa pidemp\u00e4\u00e4n.<\/p>\n<h4 data-start=\"344\" data-end=\"382\">Tehokas ilmanvaihto ja ajomukavuus<\/h4>\n<p data-start=\"384\" data-end=\"547\"><strong data-start=\"384\" data-end=\"416\">STACC-ventilointij\u00e4rjestelm\u00e4<\/strong> s\u00e4\u00e4telee l\u00e4mp\u00f6\u00e4 tehokkaasti ja viilent\u00e4\u00e4 ohimovaltimoiden aluetta, jotta pysyt viile\u00e4n\u00e4 my\u00f6s kovassa rasituksessa ja loppukiriss\u00e4.<\/p>\n<h4 data-start=\"549\" data-end=\"592\">2Vi\u00ae + Mips Air \u2013 edistyksellinen suoja<\/h4>\n<p data-start=\"594\" data-end=\"760\">Sweet Protectionin <strong data-start=\"613\" data-end=\"639\">2Vi\u00ae-teknologia-alusta<\/strong> yhdist\u00e4\u00e4 monitiheyksisen EPS-rakenteen, nelj\u00e4 Impact Shield -vahviketta, laajennetun suoja-alueen ja joustavan kuoren.<\/p>\n<p data-start=\"762\" data-end=\"900\">Varustettu <strong data-start=\"773\" data-end=\"830\"><span class=\"hover:entity-accent entity-underline inline cursor-pointer align-baseline\"><span class=\"whitespace-normal\">Mips Air<\/span><\/span> -j\u00e4rjestelm\u00e4ll\u00e4<\/strong>, joka v\u00e4hent\u00e4\u00e4 aivoihin kohdistuvia kiertovoimia kaatumistilanteessa.<\/p>\n<h4 data-start=\"902\" data-end=\"947\">Istuvuus ja k\u00e4yt\u00e4nn\u00f6lliset yksityiskohdat<\/h4>\n<ul data-start=\"949\" data-end=\"1156\">\n<li data-start=\"949\" data-end=\"999\">\n<p data-start=\"951\" data-end=\"999\">Uusi integroitu 360 fit system korkeuss\u00e4\u00e4d\u00f6ll\u00e4<\/p>\n<\/li>\n<li data-start=\"1000\" data-end=\"1041\">\n<p data-start=\"1002\" data-end=\"1041\">Parannettu aerodynamiikka ja istuvuus<\/p>\n<\/li>\n<li data-start=\"1042\" data-end=\"1075\">\n<p data-start=\"1044\" data-end=\"1075\">Ponytail-yhteensopiva takaosa<\/p>\n<\/li>\n<li data-start=\"1076\" data-end=\"1111\">\n<p data-start=\"1078\" data-end=\"1111\">Eyewear grippers -lasipidikkeet<\/p>\n<\/li>\n<li data-start=\"1112\" data-end=\"1156\">\n<p data-start=\"1114\" data-end=\"1156\">Vaihdettava, kosteutta imev\u00e4 etupehmuste<\/p>\n<\/li>\n<\/ul>\n<h4 data-start=\"1158\" data-end=\"1177\">Tekniska information<\/h4>\n<ul data-start=\"1179\" data-end=\"1286\">\n<li data-start=\"1179\" data-end=\"1206\">\n<p data-start=\"1181\" data-end=\"1206\">Paino: noin 285 g (M\/L)<\/p>\n<\/li>\n<li data-start=\"1207\" data-end=\"1228\">\n<p data-start=\"1209\" data-end=\"1228\">Koot: SM, ML, LXL<\/p>\n<\/li>\n<li data-start=\"1229\" data-end=\"1286\">\n<p data-start=\"1231\" data-end=\"1286\">Sertifioinnit: EN1078:2012 + A1:2012, CPSC 1203, UKCA<\/p>\n<\/li>\n<\/ul>\n<p data-start=\"1288\" data-end=\"1461\" data-is-last-node=\"\" data-is-only-node=\"\">Falconer 2Vi\u00ae Mips on t\u00e4ydellinen valinta kilpailuihin ja kovavauhtisiin lenkkeihin, kun haluat kevyen, aerodynaamisen ja turvallisen kyp\u00e4r\u00e4n \u2013 tuntuu hyv\u00e4lt\u00e4, kulkee kovaa.<\/p>","protected":false},"excerpt":{"rendered":"<p>Falconer 2Vi\u00ae Mips \u2013 Kevyt ja nopea kisakyp\u00e4r\u00e4 maantielle Falconer 2Vi\u00ae Mips on huippuluokan maantiepy\u00f6r\u00e4ilykyp\u00e4r\u00e4, kun nopeus ratkaisee ja jokainen sekunnin sadasosa merkitsee. Parannettu aerodynamiikka v\u00e4hent\u00e4\u00e4 ilmanvastusta useissa ajoasennoissa ja auttaa sinua ajamaan kovempaa pidemp\u00e4\u00e4n. Tehokas ilmanvaihto ja ajomukavuus STACC-ventilointij\u00e4rjestelm\u00e4 s\u00e4\u00e4telee l\u00e4mp\u00f6\u00e4 tehokkaasti ja viilent\u00e4\u00e4 ohimovaltimoiden aluetta, jotta pysyt viile\u00e4n\u00e4 my\u00f6s kovassa rasituksessa ja loppukiriss\u00e4. [&#8230;]<\/p>\n<p><a class=\"btn btn-secondary understrap-read-more-link\" href=\"https:\/\/vmsport.fi\/sv\/verkkokauppa\/ajovarusteet\/kyparat\/maantiekyparat\/sweet-protection-falconer-aero-2vi-mips-helmet-matta-musta\/\">L\u00e4s mer \u2026<span class=\"screen-reader-text\"> from Sweet Protection Falconer Aero 2Vi Mips Helmet Matta Musta<\/span><\/a><\/p>\n","protected":false},"featured_media":63690,"comment_status":"open","ping_status":"closed","template":"","meta":{"_acf_changed":false,"_improvement_type_select":"improve_an_existing","_thumb_yes_seoaic":false,"_frame_yes_seoaic":false,"seoaic_generate_description":"","seoaic_improve_instructions_prompt":"","seoaic_rollback_content_improvement":"","seoaic_idea_thumbnail_generator":"","thumbnail_generated":false,"thumbnail_generate_prompt":"","seoaic_article_description":"","_supplier_stock_quantity":0},"product_brand":[10085],"product_model":[],"product_cat":[9514],"product_tag":[],"industry-terminology":[],"class_list":{"0":"post-63538","1":"product","2":"type-product","3":"status-publish","4":"has-post-thumbnail","6":"product_brand-sweet-protection","7":"product_cat-maantiekyparat","9":"first","10":"instock","11":"taxable","12":"shipping-taxable","13":"purchasable","14":"product-type-variable"},"acf":{"bike_features":null,"overview":{"copy_overview":null,"key_features":null,"statement":"","youtube_url":""}},"yoast_head":"<!-- This site is optimized with the Yoast SEO plugin v27.4 - https:\/\/yoast.com\/product\/yoast-seo-wordpress\/ -->\n<title>Sweet Protection Falconer Aero 2Vi Mips Helmet Matta Musta - VM Sport<\/title>\n<meta name=\"robots\" content=\"index, follow, max-snippet:-1, max-image-preview:large, max-video-preview:-1\" \/>\n<link rel=\"canonical\" href=\"https:\/\/vmsport.fi\/sv\/webbutik\/korutrustning\/kyparat\/vagassistans\/sweet-protection-falconer-aero-2vi-mips-helmet-matta-musta\/\" \/>\n<meta property=\"og:locale\" content=\"sv_SE\" \/>\n<meta property=\"og:type\" content=\"article\" \/>\n<meta property=\"og:title\" content=\"Sweet Protection Falconer Aero 2Vi Mips Helmet Matta Musta - VM Sport\" \/>\n<meta property=\"og:description\" content=\"Falconer 2Vi\u00ae Mips \u2013 Kevyt ja nopea kisakyp\u00e4r\u00e4 maantielle Falconer 2Vi\u00ae Mips on huippuluokan maantiepy\u00f6r\u00e4ilykyp\u00e4r\u00e4, kun nopeus ratkaisee ja jokainen sekunnin sadasosa merkitsee. Parannettu aerodynamiikka v\u00e4hent\u00e4\u00e4 ilmanvastusta useissa ajoasennoissa ja auttaa sinua ajamaan kovempaa pidemp\u00e4\u00e4n. Tehokas ilmanvaihto ja ajomukavuus STACC-ventilointij\u00e4rjestelm\u00e4 s\u00e4\u00e4telee l\u00e4mp\u00f6\u00e4 tehokkaasti ja viilent\u00e4\u00e4 ohimovaltimoiden aluetta, jotta pysyt viile\u00e4n\u00e4 my\u00f6s kovassa rasituksessa ja loppukiriss\u00e4. [...]L\u00e4s mer \u2026 from Sweet Protection Falconer Aero 2Vi Mips Helmet Matta Musta\" \/>\n<meta property=\"og:url\" content=\"https:\/\/vmsport.fi\/sv\/webbutik\/korutrustning\/kyparat\/vagassistans\/sweet-protection-falconer-aero-2vi-mips-helmet-matta-musta\/\" \/>\n<meta property=\"og:site_name\" content=\"VM Sport\" \/>\n<meta property=\"article:publisher\" content=\"https:\/\/www.facebook.com\/Vmsport.fi\/\" \/>\n<meta property=\"article:modified_time\" content=\"2026-03-04T00:00:33+00:00\" \/>\n<meta property=\"og:image\" content=\"https:\/\/vmsport.fi\/wp-content\/uploads\/2026\/03\/Low-Resolution-845146-MBLCK-Product-1.jpg\" \/>\n\t<meta property=\"og:image:width\" content=\"1000\" \/>\n\t<meta property=\"og:image:height\" content=\"1000\" \/>\n\t<meta property=\"og:image:type\" content=\"image\/jpeg\" \/>\n<meta name=\"twitter:card\" content=\"summary_large_image\" \/>\n<meta name=\"twitter:label1\" content=\"Ber\u00e4knad l\u00e4stid\" \/>\n\t<meta name=\"twitter:data1\" content=\"2 minuter\" \/>\n<script type=\"application\/ld+json\" class=\"yoast-schema-graph\">{\"@context\":\"https:\\\/\\\/schema.org\",\"@graph\":[{\"@type\":[\"WebPage\",\"ItemPage\"],\"@id\":\"https:\\\/\\\/vmsport.fi\\\/verkkokauppa\\\/ajovarusteet\\\/kyparat\\\/maantiekyparat\\\/sweet-protection-falconer-aero-2vi-mips-helmet-matta-musta\\\/\",\"url\":\"https:\\\/\\\/vmsport.fi\\\/verkkokauppa\\\/ajovarusteet\\\/kyparat\\\/maantiekyparat\\\/sweet-protection-falconer-aero-2vi-mips-helmet-matta-musta\\\/\",\"name\":\"Sweet Protection Falconer Aero 2Vi Mips Helmet Matta Musta - VM Sport\",\"isPartOf\":{\"@id\":\"https:\\\/\\\/vmsport.fi\\\/#website\"},\"primaryImageOfPage\":{\"@id\":\"https:\\\/\\\/vmsport.fi\\\/verkkokauppa\\\/ajovarusteet\\\/kyparat\\\/maantiekyparat\\\/sweet-protection-falconer-aero-2vi-mips-helmet-matta-musta\\\/#primaryimage\"},\"image\":{\"@id\":\"https:\\\/\\\/vmsport.fi\\\/verkkokauppa\\\/ajovarusteet\\\/kyparat\\\/maantiekyparat\\\/sweet-protection-falconer-aero-2vi-mips-helmet-matta-musta\\\/#primaryimage\"},\"thumbnailUrl\":\"https:\\\/\\\/vmsport.fi\\\/wp-content\\\/uploads\\\/2026\\\/03\\\/Low-Resolution-845146-MBLCK-Product-1.jpg\",\"datePublished\":\"2026-03-03T12:38:38+00:00\",\"dateModified\":\"2026-03-04T00:00:33+00:00\",\"breadcrumb\":{\"@id\":\"https:\\\/\\\/vmsport.fi\\\/verkkokauppa\\\/ajovarusteet\\\/kyparat\\\/maantiekyparat\\\/sweet-protection-falconer-aero-2vi-mips-helmet-matta-musta\\\/#breadcrumb\"},\"inLanguage\":\"sv-SE\",\"potentialAction\":[{\"@type\":\"ReadAction\",\"target\":[\"https:\\\/\\\/vmsport.fi\\\/verkkokauppa\\\/ajovarusteet\\\/kyparat\\\/maantiekyparat\\\/sweet-protection-falconer-aero-2vi-mips-helmet-matta-musta\\\/\"]}]},{\"@type\":\"ImageObject\",\"inLanguage\":\"sv-SE\",\"@id\":\"https:\\\/\\\/vmsport.fi\\\/verkkokauppa\\\/ajovarusteet\\\/kyparat\\\/maantiekyparat\\\/sweet-protection-falconer-aero-2vi-mips-helmet-matta-musta\\\/#primaryimage\",\"url\":\"https:\\\/\\\/vmsport.fi\\\/wp-content\\\/uploads\\\/2026\\\/03\\\/Low-Resolution-845146-MBLCK-Product-1.jpg\",\"contentUrl\":\"https:\\\/\\\/vmsport.fi\\\/wp-content\\\/uploads\\\/2026\\\/03\\\/Low-Resolution-845146-MBLCK-Product-1.jpg\",\"width\":1000,\"height\":1000,\"caption\":\"Low-Resolution-845146-MBLCK-Product-1\"},{\"@type\":\"BreadcrumbList\",\"@id\":\"https:\\\/\\\/vmsport.fi\\\/verkkokauppa\\\/ajovarusteet\\\/kyparat\\\/maantiekyparat\\\/sweet-protection-falconer-aero-2vi-mips-helmet-matta-musta\\\/#breadcrumb\",\"itemListElement\":[{\"@type\":\"ListItem\",\"position\":1,\"name\":\"Etusivu\",\"item\":\"https:\\\/\\\/vmsport.fi\\\/\"},{\"@type\":\"ListItem\",\"position\":2,\"name\":\"Online Store\",\"item\":\"https:\\\/\\\/vmsport.fi\\\/en\\\/online-store\\\/\"},{\"@type\":\"ListItem\",\"position\":3,\"name\":\"Sweet Protection\",\"item\":\"https:\\\/\\\/vmsport.fi\\\/merkki\\\/sweet-protection\\\/\"},{\"@type\":\"ListItem\",\"position\":4,\"name\":\"Sweet Protection Falconer Aero 2Vi Mips Helmet Matta Musta\"}]},{\"@type\":\"WebSite\",\"@id\":\"https:\\\/\\\/vmsport.fi\\\/#website\",\"url\":\"https:\\\/\\\/vmsport.fi\\\/\",\"name\":\"Vmsport\",\"description\":\"Kaikki py\u00f6r\u00e4ilyyn yhdest\u00e4 paikasta\",\"publisher\":{\"@id\":\"https:\\\/\\\/vmsport.fi\\\/#organization\"},\"potentialAction\":[{\"@type\":\"SearchAction\",\"target\":{\"@type\":\"EntryPoint\",\"urlTemplate\":\"https:\\\/\\\/vmsport.fi\\\/?s={search_term_string}\"},\"query-input\":{\"@type\":\"PropertyValueSpecification\",\"valueRequired\":true,\"valueName\":\"search_term_string\"}}],\"inLanguage\":\"sv-SE\"},{\"@type\":\"Organization\",\"@id\":\"https:\\\/\\\/vmsport.fi\\\/#organization\",\"name\":\"Vmsport\",\"url\":\"https:\\\/\\\/vmsport.fi\\\/\",\"logo\":{\"@type\":\"ImageObject\",\"inLanguage\":\"sv-SE\",\"@id\":\"https:\\\/\\\/vmsport.fi\\\/#\\\/schema\\\/logo\\\/image\\\/\",\"url\":\"https:\\\/\\\/vmsport.fi\\\/wp-content\\\/uploads\\\/2024\\\/12\\\/vm_sport_RGB_horisontal-e1734526017575.png\",\"contentUrl\":\"https:\\\/\\\/vmsport.fi\\\/wp-content\\\/uploads\\\/2024\\\/12\\\/vm_sport_RGB_horisontal-e1734526017575.png\",\"width\":668,\"height\":85,\"caption\":\"Vmsport\"},\"image\":{\"@id\":\"https:\\\/\\\/vmsport.fi\\\/#\\\/schema\\\/logo\\\/image\\\/\"},\"sameAs\":[\"https:\\\/\\\/www.facebook.com\\\/Vmsport.fi\\\/\",\"https:\\\/\\\/www.instagram.com\\\/vmsport\\\/\"]}]}<\/script>\n<!-- \/ Yoast SEO plugin. -->","yoast_head_json":{"title":"Sweet Protection Falconer Aero 2Vi Mips Helmet Matta Musta - VM Sport","robots":{"index":"index","follow":"follow","max-snippet":"max-snippet:-1","max-image-preview":"max-image-preview:large","max-video-preview":"max-video-preview:-1"},"canonical":"https:\/\/vmsport.fi\/sv\/webbutik\/korutrustning\/kyparat\/vagassistans\/sweet-protection-falconer-aero-2vi-mips-helmet-matta-musta\/","og_locale":"sv_SE","og_type":"article","og_title":"Sweet Protection Falconer Aero 2Vi Mips Helmet Matta Musta - VM Sport","og_description":"Falconer 2Vi\u00ae Mips \u2013 Kevyt ja nopea kisakyp\u00e4r\u00e4 maantielle Falconer 2Vi\u00ae Mips on huippuluokan maantiepy\u00f6r\u00e4ilykyp\u00e4r\u00e4, kun nopeus ratkaisee ja jokainen sekunnin sadasosa merkitsee. Parannettu aerodynamiikka v\u00e4hent\u00e4\u00e4 ilmanvastusta useissa ajoasennoissa ja auttaa sinua ajamaan kovempaa pidemp\u00e4\u00e4n. Tehokas ilmanvaihto ja ajomukavuus STACC-ventilointij\u00e4rjestelm\u00e4 s\u00e4\u00e4telee l\u00e4mp\u00f6\u00e4 tehokkaasti ja viilent\u00e4\u00e4 ohimovaltimoiden aluetta, jotta pysyt viile\u00e4n\u00e4 my\u00f6s kovassa rasituksessa ja loppukiriss\u00e4. [...]L\u00e4s mer \u2026 from Sweet Protection Falconer Aero 2Vi Mips Helmet Matta Musta","og_url":"https:\/\/vmsport.fi\/sv\/webbutik\/korutrustning\/kyparat\/vagassistans\/sweet-protection-falconer-aero-2vi-mips-helmet-matta-musta\/","og_site_name":"VM Sport","article_publisher":"https:\/\/www.facebook.com\/Vmsport.fi\/","article_modified_time":"2026-03-04T00:00:33+00:00","og_image":[{"width":1000,"height":1000,"url":"https:\/\/vmsport.fi\/wp-content\/uploads\/2026\/03\/Low-Resolution-845146-MBLCK-Product-1.jpg","type":"image\/jpeg"}],"twitter_card":"summary_large_image","twitter_misc":{"Ber\u00e4knad l\u00e4stid":"2 minuter"},"schema":{"@context":"https:\/\/schema.org","@graph":[{"@type":["WebPage","ItemPage"],"@id":"https:\/\/vmsport.fi\/verkkokauppa\/ajovarusteet\/kyparat\/maantiekyparat\/sweet-protection-falconer-aero-2vi-mips-helmet-matta-musta\/","url":"https:\/\/vmsport.fi\/verkkokauppa\/ajovarusteet\/kyparat\/maantiekyparat\/sweet-protection-falconer-aero-2vi-mips-helmet-matta-musta\/","name":"Sweet Protection Falconer Aero 2Vi Mips Helmet Matta Musta - VM Sport","isPartOf":{"@id":"https:\/\/vmsport.fi\/#website"},"primaryImageOfPage":{"@id":"https:\/\/vmsport.fi\/verkkokauppa\/ajovarusteet\/kyparat\/maantiekyparat\/sweet-protection-falconer-aero-2vi-mips-helmet-matta-musta\/#primaryimage"},"image":{"@id":"https:\/\/vmsport.fi\/verkkokauppa\/ajovarusteet\/kyparat\/maantiekyparat\/sweet-protection-falconer-aero-2vi-mips-helmet-matta-musta\/#primaryimage"},"thumbnailUrl":"https:\/\/vmsport.fi\/wp-content\/uploads\/2026\/03\/Low-Resolution-845146-MBLCK-Product-1.jpg","datePublished":"2026-03-03T12:38:38+00:00","dateModified":"2026-03-04T00:00:33+00:00","breadcrumb":{"@id":"https:\/\/vmsport.fi\/verkkokauppa\/ajovarusteet\/kyparat\/maantiekyparat\/sweet-protection-falconer-aero-2vi-mips-helmet-matta-musta\/#breadcrumb"},"inLanguage":"sv-SE","potentialAction":[{"@type":"ReadAction","target":["https:\/\/vmsport.fi\/verkkokauppa\/ajovarusteet\/kyparat\/maantiekyparat\/sweet-protection-falconer-aero-2vi-mips-helmet-matta-musta\/"]}]},{"@type":"ImageObject","inLanguage":"sv-SE","@id":"https:\/\/vmsport.fi\/verkkokauppa\/ajovarusteet\/kyparat\/maantiekyparat\/sweet-protection-falconer-aero-2vi-mips-helmet-matta-musta\/#primaryimage","url":"https:\/\/vmsport.fi\/wp-content\/uploads\/2026\/03\/Low-Resolution-845146-MBLCK-Product-1.jpg","contentUrl":"https:\/\/vmsport.fi\/wp-content\/uploads\/2026\/03\/Low-Resolution-845146-MBLCK-Product-1.jpg","width":1000,"height":1000,"caption":"Low-Resolution-845146-MBLCK-Product-1"},{"@type":"BreadcrumbList","@id":"https:\/\/vmsport.fi\/verkkokauppa\/ajovarusteet\/kyparat\/maantiekyparat\/sweet-protection-falconer-aero-2vi-mips-helmet-matta-musta\/#breadcrumb","itemListElement":[{"@type":"ListItem","position":1,"name":"Etusivu","item":"https:\/\/vmsport.fi\/"},{"@type":"ListItem","position":2,"name":"Online Store","item":"https:\/\/vmsport.fi\/en\/online-store\/"},{"@type":"ListItem","position":3,"name":"Sweet Protection","item":"https:\/\/vmsport.fi\/merkki\/sweet-protection\/"},{"@type":"ListItem","position":4,"name":"Sweet Protection Falconer Aero 2Vi Mips Helmet Matta Musta"}]},{"@type":"WebSite","@id":"https:\/\/vmsport.fi\/#website","url":"https:\/\/vmsport.fi\/","name":"Vmsport","description":"Allt p\u00e5 ett st\u00e4lle f\u00f6r cykling","publisher":{"@id":"https:\/\/vmsport.fi\/#organization"},"potentialAction":[{"@type":"SearchAction","target":{"@type":"EntryPoint","urlTemplate":"https:\/\/vmsport.fi\/?s={search_term_string}"},"query-input":{"@type":"PropertyValueSpecification","valueRequired":true,"valueName":"search_term_string"}}],"inLanguage":"sv-SE"},{"@type":"Organization","@id":"https:\/\/vmsport.fi\/#organization","name":"Vmsport","url":"https:\/\/vmsport.fi\/","logo":{"@type":"ImageObject","inLanguage":"sv-SE","@id":"https:\/\/vmsport.fi\/#\/schema\/logo\/image\/","url":"https:\/\/vmsport.fi\/wp-content\/uploads\/2024\/12\/vm_sport_RGB_horisontal-e1734526017575.png","contentUrl":"https:\/\/vmsport.fi\/wp-content\/uploads\/2024\/12\/vm_sport_RGB_horisontal-e1734526017575.png","width":668,"height":85,"caption":"Vmsport"},"image":{"@id":"https:\/\/vmsport.fi\/#\/schema\/logo\/image\/"},"sameAs":["https:\/\/www.facebook.com\/Vmsport.fi\/","https:\/\/www.instagram.com\/vmsport\/"]}]}},"global_unique_id":"","_links":{"self":[{"href":"https:\/\/vmsport.fi\/sv\/wp-json\/wp\/v2\/product\/63538","targetHints":{"allow":["GET"]}}],"collection":[{"href":"https:\/\/vmsport.fi\/sv\/wp-json\/wp\/v2\/product"}],"about":[{"href":"https:\/\/vmsport.fi\/sv\/wp-json\/wp\/v2\/types\/product"}],"replies":[{"embeddable":true,"href":"https:\/\/vmsport.fi\/sv\/wp-json\/wp\/v2\/comments?post=63538"}],"wp:featuredmedia":[{"embeddable":true,"href":"https:\/\/vmsport.fi\/sv\/wp-json\/wp\/v2\/media\/63690"}],"wp:attachment":[{"href":"https:\/\/vmsport.fi\/sv\/wp-json\/wp\/v2\/media?parent=63538"}],"wp:term":[{"taxonomy":"product_brand","embeddable":true,"href":"https:\/\/vmsport.fi\/sv\/wp-json\/wp\/v2\/product_brand?post=63538"},{"taxonomy":"product_model","embeddable":true,"href":"https:\/\/vmsport.fi\/sv\/wp-json\/wp\/v2\/product_model?post=63538"},{"taxonomy":"product_cat","embeddable":true,"href":"https:\/\/vmsport.fi\/sv\/wp-json\/wp\/v2\/product_cat?post=63538"},{"taxonomy":"product_tag","embeddable":true,"href":"https:\/\/vmsport.fi\/sv\/wp-json\/wp\/v2\/product_tag?post=63538"},{"taxonomy":"industry_terminology","embeddable":true,"href":"https:\/\/vmsport.fi\/sv\/wp-json\/wp\/v2\/industry-terminology?post=63538"}],"curies":[{"name":"wp","href":"https:\/\/api.w.org\/{rel}","templated":true}]}}