{"id":63537,"date":"2026-03-03T14:38:38","date_gmt":"2026-03-03T12:38:38","guid":{"rendered":"https:\/\/vmsport.fi\/verkkokauppa\/Ei-luokiteltu\/sweet-protection-falconer-aero-2vi-mips-helmet-bronco-white\/"},"modified":"2026-04-22T15:30:11","modified_gmt":"2026-04-22T12:30:11","slug":"sweet-protection-falconer-aero-2vi-mips-helmet-bronco-white","status":"publish","type":"product","link":"https:\/\/vmsport.fi\/sv\/verkkokauppa\/ajovarusteet\/kyparat\/maantiekyparat\/sweet-protection-falconer-aero-2vi-mips-helmet-bronco-white\/","title":{"rendered":"Sweet Protection Falconer Aero 2Vi Mips Helmet Bronco White"},"content":{"rendered":"<h3>Falconer Aero 2Vi\u00ae Mips \u2013 Huippuluokan aerokyp\u00e4r\u00e4 maantielle<\/h3>\n<p data-start=\"107\" data-end=\"341\"><strong data-start=\"107\" data-end=\"134\">Falconer Aero 2Vi\u00ae Mips<\/strong> on Sweet Protectionin lippulaiva maantiepy\u00f6r\u00e4ilyyn. Se on suunniteltu kuskille, joka haluaa maksimoida aerodynamiikan, mukavuuden ja suojan \u2013 oli tavoitteena sitten Strava-enn\u00e4tys tai vauhdikas ryhm\u00e4lenkki.<\/p>\n<h4 data-start=\"343\" data-end=\"372\">S\u00e4\u00e4dett\u00e4v\u00e4 aerodynamiikka<\/h4>\n<p data-start=\"374\" data-end=\"606\">Irrotettavat magneettiset aero-suojat optimoivat ilmanvastuksen ja suojaavat huonommalta s\u00e4\u00e4lt\u00e4. Kuumina p\u00e4ivin\u00e4 tai pitkill\u00e4 nousuilla suojat voi irrottaa, jolloin <strong data-start=\"539\" data-end=\"560\">STACC-ventilointi<\/strong> maksimoi ilmankierron ja pit\u00e4\u00e4 p\u00e4\u00e4n viile\u00e4n\u00e4.<\/p>\n<h4 data-start=\"608\" data-end=\"651\">2Vi\u00ae + Mips Air \u2013 edistyksellinen suoja<\/h4>\n<p data-start=\"653\" data-end=\"771\">Kyp\u00e4r\u00e4 perustuu Sweet Protectionin <strong data-start=\"688\" data-end=\"716\">2Vi\u00ae-teknologia-alustaan<\/strong>, joka parantaa iskunvaimennusta ja k\u00e4ytt\u00f6mukavuutta.<\/p>\n<p data-start=\"773\" data-end=\"882\">Varustettu <strong data-start=\"784\" data-end=\"812\">Mips Air -j\u00e4rjestelm\u00e4ll\u00e4<\/strong>, joka v\u00e4hent\u00e4\u00e4 aivoihin kohdistuvia kiertovoimia kaatumistilanteessa.<\/p>\n<h4 data-start=\"884\" data-end=\"931\">Mukavuutta ja viimeisteltyj\u00e4 yksityiskohtia<\/h4>\n<ul data-start=\"933\" data-end=\"1130\">\n<li data-start=\"933\" data-end=\"983\">\n<p data-start=\"935\" data-end=\"983\">Uusi integroitu 360 fit system korkeuss\u00e4\u00e4d\u00f6ll\u00e4<\/p>\n<\/li>\n<li data-start=\"984\" data-end=\"1014\">\n<p data-start=\"986\" data-end=\"1014\">Magneettinen Fidlock-solki<\/p>\n<\/li>\n<li data-start=\"1015\" data-end=\"1050\">\n<p data-start=\"1017\" data-end=\"1050\">Eyewear grippers -lasipidikkeet<\/p>\n<\/li>\n<li data-start=\"1051\" data-end=\"1085\">\n<p data-start=\"1053\" data-end=\"1085\">Ponytail-yhteensopiva muotoilu<\/p>\n<\/li>\n<li data-start=\"1086\" data-end=\"1130\">\n<p data-start=\"1088\" data-end=\"1130\">Vaihdettava, kosteutta imev\u00e4 etupehmuste<\/p>\n<\/li>\n<\/ul>\n<h4 data-start=\"1132\" data-end=\"1151\">Tekniska information<\/h4>\n<ul data-start=\"1153\" data-end=\"1260\">\n<li data-start=\"1153\" data-end=\"1180\">\n<p data-start=\"1155\" data-end=\"1180\">Paino: noin 300 g (M\/L)<\/p>\n<\/li>\n<li data-start=\"1181\" data-end=\"1202\">\n<p data-start=\"1183\" data-end=\"1202\">Koot: SM, ML, LXL<\/p>\n<\/li>\n<li data-start=\"1203\" data-end=\"1260\">\n<p data-start=\"1205\" data-end=\"1260\">Sertifioinnit: EN1078:2012 + A1:2012, CPSC 1203, UKCA<\/p>\n<\/li>\n<\/ul>\n<p data-start=\"1262\" data-end=\"1440\" data-is-last-node=\"\" data-is-only-node=\"\">Falconer Aero 2Vi\u00ae Mips on t\u00e4ydellinen valinta maantie- ja gravel-ajoon, kun haluat aerodynaamisen, kevyen ja turvallisen kyp\u00e4r\u00e4n, joka ei tingi mukavuudesta tai suorituskyvyst\u00e4.<\/p>","protected":false},"excerpt":{"rendered":"<p>Falconer Aero 2Vi\u00ae Mips \u2013 Huippuluokan aerokyp\u00e4r\u00e4 maantielle Falconer Aero 2Vi\u00ae Mips on Sweet Protectionin lippulaiva maantiepy\u00f6r\u00e4ilyyn. Se on suunniteltu kuskille, joka haluaa maksimoida aerodynamiikan, mukavuuden ja suojan \u2013 oli tavoitteena sitten Strava-enn\u00e4tys tai vauhdikas ryhm\u00e4lenkki. S\u00e4\u00e4dett\u00e4v\u00e4 aerodynamiikka Irrotettavat magneettiset aero-suojat optimoivat ilmanvastuksen ja suojaavat huonommalta s\u00e4\u00e4lt\u00e4. Kuumina p\u00e4ivin\u00e4 tai pitkill\u00e4 nousuilla suojat voi irrottaa, [&#8230;]<\/p>\n<p><a class=\"btn btn-secondary understrap-read-more-link\" href=\"https:\/\/vmsport.fi\/sv\/verkkokauppa\/ajovarusteet\/kyparat\/maantiekyparat\/sweet-protection-falconer-aero-2vi-mips-helmet-bronco-white\/\">L\u00e4s mer \u2026<span class=\"screen-reader-text\"> from Sweet Protection Falconer Aero 2Vi Mips Helmet Bronco White<\/span><\/a><\/p>\n","protected":false},"featured_media":63682,"comment_status":"open","ping_status":"closed","template":"","meta":{"_acf_changed":false,"_improvement_type_select":"improve_an_existing","_thumb_yes_seoaic":false,"_frame_yes_seoaic":false,"seoaic_generate_description":"","seoaic_improve_instructions_prompt":"","seoaic_rollback_content_improvement":"","seoaic_idea_thumbnail_generator":"","thumbnail_generated":false,"thumbnail_generate_prompt":"","seoaic_article_description":"","_supplier_stock_quantity":0},"product_brand":[10085],"product_model":[],"product_cat":[9514],"product_tag":[],"industry-terminology":[],"class_list":{"0":"post-63537","1":"product","2":"type-product","3":"status-publish","4":"has-post-thumbnail","6":"product_brand-sweet-protection","7":"product_cat-maantiekyparat","9":"first","10":"instock","11":"taxable","12":"shipping-taxable","13":"purchasable","14":"product-type-variable"},"acf":{"bike_features":null,"overview":{"copy_overview":null,"key_features":null,"statement":"","youtube_url":""}},"yoast_head":"<!-- This site is optimized with the Yoast SEO plugin v27.4 - https:\/\/yoast.com\/product\/yoast-seo-wordpress\/ -->\n<title>Sweet Protection Falconer Aero 2Vi Mips Helmet Bronco White - VM Sport<\/title>\n<meta name=\"robots\" content=\"index, follow, max-snippet:-1, max-image-preview:large, max-video-preview:-1\" \/>\n<link rel=\"canonical\" href=\"https:\/\/vmsport.fi\/sv\/webbutik\/korutrustning\/kyparat\/vagassistans\/sweet-protection-falconer-aero-2vi-mips-helmet-bronco-white\/\" \/>\n<meta property=\"og:locale\" content=\"sv_SE\" \/>\n<meta property=\"og:type\" content=\"article\" \/>\n<meta property=\"og:title\" content=\"Sweet Protection Falconer Aero 2Vi Mips Helmet Bronco White - VM Sport\" \/>\n<meta property=\"og:description\" content=\"Falconer Aero 2Vi\u00ae Mips \u2013 Huippuluokan aerokyp\u00e4r\u00e4 maantielle Falconer Aero 2Vi\u00ae Mips on Sweet Protectionin lippulaiva maantiepy\u00f6r\u00e4ilyyn. Se on suunniteltu kuskille, joka haluaa maksimoida aerodynamiikan, mukavuuden ja suojan \u2013 oli tavoitteena sitten Strava-enn\u00e4tys tai vauhdikas ryhm\u00e4lenkki. S\u00e4\u00e4dett\u00e4v\u00e4 aerodynamiikka Irrotettavat magneettiset aero-suojat optimoivat ilmanvastuksen ja suojaavat huonommalta s\u00e4\u00e4lt\u00e4. Kuumina p\u00e4ivin\u00e4 tai pitkill\u00e4 nousuilla suojat voi irrottaa, [...]L\u00e4s mer \u2026 from Sweet Protection Falconer Aero 2Vi Mips Helmet Bronco White\" \/>\n<meta property=\"og:url\" content=\"https:\/\/vmsport.fi\/sv\/webbutik\/korutrustning\/kyparat\/vagassistans\/sweet-protection-falconer-aero-2vi-mips-helmet-bronco-white\/\" \/>\n<meta property=\"og:site_name\" content=\"VM Sport\" \/>\n<meta property=\"article:publisher\" content=\"https:\/\/www.facebook.com\/Vmsport.fi\/\" \/>\n<meta property=\"article:modified_time\" content=\"2026-04-22T12:30:11+00:00\" \/>\n<meta property=\"og:image\" content=\"https:\/\/vmsport.fi\/wp-content\/uploads\/2026\/03\/Low-Resolution-845146-BRWHT-Product-1.jpg\" \/>\n\t<meta property=\"og:image:width\" content=\"1000\" \/>\n\t<meta property=\"og:image:height\" content=\"1000\" \/>\n\t<meta property=\"og:image:type\" content=\"image\/jpeg\" \/>\n<meta name=\"twitter:card\" content=\"summary_large_image\" \/>\n<meta name=\"twitter:label1\" content=\"Ber\u00e4knad l\u00e4stid\" \/>\n\t<meta name=\"twitter:data1\" content=\"2 minuter\" \/>\n<script type=\"application\/ld+json\" class=\"yoast-schema-graph\">{\"@context\":\"https:\\\/\\\/schema.org\",\"@graph\":[{\"@type\":[\"WebPage\",\"ItemPage\"],\"@id\":\"https:\\\/\\\/vmsport.fi\\\/verkkokauppa\\\/ajovarusteet\\\/kyparat\\\/maantiekyparat\\\/sweet-protection-falconer-aero-2vi-mips-helmet-bronco-white\\\/\",\"url\":\"https:\\\/\\\/vmsport.fi\\\/verkkokauppa\\\/ajovarusteet\\\/kyparat\\\/maantiekyparat\\\/sweet-protection-falconer-aero-2vi-mips-helmet-bronco-white\\\/\",\"name\":\"Sweet Protection Falconer Aero 2Vi Mips Helmet Bronco White - VM Sport\",\"isPartOf\":{\"@id\":\"https:\\\/\\\/vmsport.fi\\\/#website\"},\"primaryImageOfPage\":{\"@id\":\"https:\\\/\\\/vmsport.fi\\\/verkkokauppa\\\/ajovarusteet\\\/kyparat\\\/maantiekyparat\\\/sweet-protection-falconer-aero-2vi-mips-helmet-bronco-white\\\/#primaryimage\"},\"image\":{\"@id\":\"https:\\\/\\\/vmsport.fi\\\/verkkokauppa\\\/ajovarusteet\\\/kyparat\\\/maantiekyparat\\\/sweet-protection-falconer-aero-2vi-mips-helmet-bronco-white\\\/#primaryimage\"},\"thumbnailUrl\":\"https:\\\/\\\/vmsport.fi\\\/wp-content\\\/uploads\\\/2026\\\/03\\\/Low-Resolution-845146-BRWHT-Product-1.jpg\",\"datePublished\":\"2026-03-03T12:38:38+00:00\",\"dateModified\":\"2026-04-22T12:30:11+00:00\",\"breadcrumb\":{\"@id\":\"https:\\\/\\\/vmsport.fi\\\/verkkokauppa\\\/ajovarusteet\\\/kyparat\\\/maantiekyparat\\\/sweet-protection-falconer-aero-2vi-mips-helmet-bronco-white\\\/#breadcrumb\"},\"inLanguage\":\"sv-SE\",\"potentialAction\":[{\"@type\":\"ReadAction\",\"target\":[\"https:\\\/\\\/vmsport.fi\\\/verkkokauppa\\\/ajovarusteet\\\/kyparat\\\/maantiekyparat\\\/sweet-protection-falconer-aero-2vi-mips-helmet-bronco-white\\\/\"]}]},{\"@type\":\"ImageObject\",\"inLanguage\":\"sv-SE\",\"@id\":\"https:\\\/\\\/vmsport.fi\\\/verkkokauppa\\\/ajovarusteet\\\/kyparat\\\/maantiekyparat\\\/sweet-protection-falconer-aero-2vi-mips-helmet-bronco-white\\\/#primaryimage\",\"url\":\"https:\\\/\\\/vmsport.fi\\\/wp-content\\\/uploads\\\/2026\\\/03\\\/Low-Resolution-845146-BRWHT-Product-1.jpg\",\"contentUrl\":\"https:\\\/\\\/vmsport.fi\\\/wp-content\\\/uploads\\\/2026\\\/03\\\/Low-Resolution-845146-BRWHT-Product-1.jpg\",\"width\":1000,\"height\":1000,\"caption\":\"Low-Resolution-845146-BRWHT-Product-1\"},{\"@type\":\"BreadcrumbList\",\"@id\":\"https:\\\/\\\/vmsport.fi\\\/verkkokauppa\\\/ajovarusteet\\\/kyparat\\\/maantiekyparat\\\/sweet-protection-falconer-aero-2vi-mips-helmet-bronco-white\\\/#breadcrumb\",\"itemListElement\":[{\"@type\":\"ListItem\",\"position\":1,\"name\":\"Etusivu\",\"item\":\"https:\\\/\\\/vmsport.fi\\\/\"},{\"@type\":\"ListItem\",\"position\":2,\"name\":\"Online Store\",\"item\":\"https:\\\/\\\/vmsport.fi\\\/en\\\/online-store\\\/\"},{\"@type\":\"ListItem\",\"position\":3,\"name\":\"Sweet Protection\",\"item\":\"https:\\\/\\\/vmsport.fi\\\/merkki\\\/sweet-protection\\\/\"},{\"@type\":\"ListItem\",\"position\":4,\"name\":\"Sweet Protection Falconer Aero 2Vi Mips Helmet Bronco White\"}]},{\"@type\":\"WebSite\",\"@id\":\"https:\\\/\\\/vmsport.fi\\\/#website\",\"url\":\"https:\\\/\\\/vmsport.fi\\\/\",\"name\":\"Vmsport\",\"description\":\"Kaikki py\u00f6r\u00e4ilyyn yhdest\u00e4 paikasta\",\"publisher\":{\"@id\":\"https:\\\/\\\/vmsport.fi\\\/#organization\"},\"potentialAction\":[{\"@type\":\"SearchAction\",\"target\":{\"@type\":\"EntryPoint\",\"urlTemplate\":\"https:\\\/\\\/vmsport.fi\\\/?s={search_term_string}\"},\"query-input\":{\"@type\":\"PropertyValueSpecification\",\"valueRequired\":true,\"valueName\":\"search_term_string\"}}],\"inLanguage\":\"sv-SE\"},{\"@type\":\"Organization\",\"@id\":\"https:\\\/\\\/vmsport.fi\\\/#organization\",\"name\":\"Vmsport\",\"url\":\"https:\\\/\\\/vmsport.fi\\\/\",\"logo\":{\"@type\":\"ImageObject\",\"inLanguage\":\"sv-SE\",\"@id\":\"https:\\\/\\\/vmsport.fi\\\/#\\\/schema\\\/logo\\\/image\\\/\",\"url\":\"https:\\\/\\\/vmsport.fi\\\/wp-content\\\/uploads\\\/2024\\\/12\\\/vm_sport_RGB_horisontal-e1734526017575.png\",\"contentUrl\":\"https:\\\/\\\/vmsport.fi\\\/wp-content\\\/uploads\\\/2024\\\/12\\\/vm_sport_RGB_horisontal-e1734526017575.png\",\"width\":668,\"height\":85,\"caption\":\"Vmsport\"},\"image\":{\"@id\":\"https:\\\/\\\/vmsport.fi\\\/#\\\/schema\\\/logo\\\/image\\\/\"},\"sameAs\":[\"https:\\\/\\\/www.facebook.com\\\/Vmsport.fi\\\/\",\"https:\\\/\\\/www.instagram.com\\\/vmsport\\\/\"]}]}<\/script>\n<!-- \/ Yoast SEO plugin. -->","yoast_head_json":{"title":"Sweet Protection Falconer Aero 2Vi Mips Helmet Bronco White - VM Sport","robots":{"index":"index","follow":"follow","max-snippet":"max-snippet:-1","max-image-preview":"max-image-preview:large","max-video-preview":"max-video-preview:-1"},"canonical":"https:\/\/vmsport.fi\/sv\/webbutik\/korutrustning\/kyparat\/vagassistans\/sweet-protection-falconer-aero-2vi-mips-helmet-bronco-white\/","og_locale":"sv_SE","og_type":"article","og_title":"Sweet Protection Falconer Aero 2Vi Mips Helmet Bronco White - VM Sport","og_description":"Falconer Aero 2Vi\u00ae Mips \u2013 Huippuluokan aerokyp\u00e4r\u00e4 maantielle Falconer Aero 2Vi\u00ae Mips on Sweet Protectionin lippulaiva maantiepy\u00f6r\u00e4ilyyn. Se on suunniteltu kuskille, joka haluaa maksimoida aerodynamiikan, mukavuuden ja suojan \u2013 oli tavoitteena sitten Strava-enn\u00e4tys tai vauhdikas ryhm\u00e4lenkki. S\u00e4\u00e4dett\u00e4v\u00e4 aerodynamiikka Irrotettavat magneettiset aero-suojat optimoivat ilmanvastuksen ja suojaavat huonommalta s\u00e4\u00e4lt\u00e4. Kuumina p\u00e4ivin\u00e4 tai pitkill\u00e4 nousuilla suojat voi irrottaa, [...]L\u00e4s mer \u2026 from Sweet Protection Falconer Aero 2Vi Mips Helmet Bronco White","og_url":"https:\/\/vmsport.fi\/sv\/webbutik\/korutrustning\/kyparat\/vagassistans\/sweet-protection-falconer-aero-2vi-mips-helmet-bronco-white\/","og_site_name":"VM Sport","article_publisher":"https:\/\/www.facebook.com\/Vmsport.fi\/","article_modified_time":"2026-04-22T12:30:11+00:00","og_image":[{"width":1000,"height":1000,"url":"https:\/\/vmsport.fi\/wp-content\/uploads\/2026\/03\/Low-Resolution-845146-BRWHT-Product-1.jpg","type":"image\/jpeg"}],"twitter_card":"summary_large_image","twitter_misc":{"Ber\u00e4knad l\u00e4stid":"2 minuter"},"schema":{"@context":"https:\/\/schema.org","@graph":[{"@type":["WebPage","ItemPage"],"@id":"https:\/\/vmsport.fi\/verkkokauppa\/ajovarusteet\/kyparat\/maantiekyparat\/sweet-protection-falconer-aero-2vi-mips-helmet-bronco-white\/","url":"https:\/\/vmsport.fi\/verkkokauppa\/ajovarusteet\/kyparat\/maantiekyparat\/sweet-protection-falconer-aero-2vi-mips-helmet-bronco-white\/","name":"Sweet Protection Falconer Aero 2Vi Mips Helmet Bronco White - VM Sport","isPartOf":{"@id":"https:\/\/vmsport.fi\/#website"},"primaryImageOfPage":{"@id":"https:\/\/vmsport.fi\/verkkokauppa\/ajovarusteet\/kyparat\/maantiekyparat\/sweet-protection-falconer-aero-2vi-mips-helmet-bronco-white\/#primaryimage"},"image":{"@id":"https:\/\/vmsport.fi\/verkkokauppa\/ajovarusteet\/kyparat\/maantiekyparat\/sweet-protection-falconer-aero-2vi-mips-helmet-bronco-white\/#primaryimage"},"thumbnailUrl":"https:\/\/vmsport.fi\/wp-content\/uploads\/2026\/03\/Low-Resolution-845146-BRWHT-Product-1.jpg","datePublished":"2026-03-03T12:38:38+00:00","dateModified":"2026-04-22T12:30:11+00:00","breadcrumb":{"@id":"https:\/\/vmsport.fi\/verkkokauppa\/ajovarusteet\/kyparat\/maantiekyparat\/sweet-protection-falconer-aero-2vi-mips-helmet-bronco-white\/#breadcrumb"},"inLanguage":"sv-SE","potentialAction":[{"@type":"ReadAction","target":["https:\/\/vmsport.fi\/verkkokauppa\/ajovarusteet\/kyparat\/maantiekyparat\/sweet-protection-falconer-aero-2vi-mips-helmet-bronco-white\/"]}]},{"@type":"ImageObject","inLanguage":"sv-SE","@id":"https:\/\/vmsport.fi\/verkkokauppa\/ajovarusteet\/kyparat\/maantiekyparat\/sweet-protection-falconer-aero-2vi-mips-helmet-bronco-white\/#primaryimage","url":"https:\/\/vmsport.fi\/wp-content\/uploads\/2026\/03\/Low-Resolution-845146-BRWHT-Product-1.jpg","contentUrl":"https:\/\/vmsport.fi\/wp-content\/uploads\/2026\/03\/Low-Resolution-845146-BRWHT-Product-1.jpg","width":1000,"height":1000,"caption":"Low-Resolution-845146-BRWHT-Product-1"},{"@type":"BreadcrumbList","@id":"https:\/\/vmsport.fi\/verkkokauppa\/ajovarusteet\/kyparat\/maantiekyparat\/sweet-protection-falconer-aero-2vi-mips-helmet-bronco-white\/#breadcrumb","itemListElement":[{"@type":"ListItem","position":1,"name":"Etusivu","item":"https:\/\/vmsport.fi\/"},{"@type":"ListItem","position":2,"name":"Online Store","item":"https:\/\/vmsport.fi\/en\/online-store\/"},{"@type":"ListItem","position":3,"name":"Sweet Protection","item":"https:\/\/vmsport.fi\/merkki\/sweet-protection\/"},{"@type":"ListItem","position":4,"name":"Sweet Protection Falconer Aero 2Vi Mips Helmet Bronco White"}]},{"@type":"WebSite","@id":"https:\/\/vmsport.fi\/#website","url":"https:\/\/vmsport.fi\/","name":"Vmsport","description":"Allt p\u00e5 ett st\u00e4lle f\u00f6r cykling","publisher":{"@id":"https:\/\/vmsport.fi\/#organization"},"potentialAction":[{"@type":"SearchAction","target":{"@type":"EntryPoint","urlTemplate":"https:\/\/vmsport.fi\/?s={search_term_string}"},"query-input":{"@type":"PropertyValueSpecification","valueRequired":true,"valueName":"search_term_string"}}],"inLanguage":"sv-SE"},{"@type":"Organization","@id":"https:\/\/vmsport.fi\/#organization","name":"Vmsport","url":"https:\/\/vmsport.fi\/","logo":{"@type":"ImageObject","inLanguage":"sv-SE","@id":"https:\/\/vmsport.fi\/#\/schema\/logo\/image\/","url":"https:\/\/vmsport.fi\/wp-content\/uploads\/2024\/12\/vm_sport_RGB_horisontal-e1734526017575.png","contentUrl":"https:\/\/vmsport.fi\/wp-content\/uploads\/2024\/12\/vm_sport_RGB_horisontal-e1734526017575.png","width":668,"height":85,"caption":"Vmsport"},"image":{"@id":"https:\/\/vmsport.fi\/#\/schema\/logo\/image\/"},"sameAs":["https:\/\/www.facebook.com\/Vmsport.fi\/","https:\/\/www.instagram.com\/vmsport\/"]}]}},"global_unique_id":"","_links":{"self":[{"href":"https:\/\/vmsport.fi\/sv\/wp-json\/wp\/v2\/product\/63537","targetHints":{"allow":["GET"]}}],"collection":[{"href":"https:\/\/vmsport.fi\/sv\/wp-json\/wp\/v2\/product"}],"about":[{"href":"https:\/\/vmsport.fi\/sv\/wp-json\/wp\/v2\/types\/product"}],"replies":[{"embeddable":true,"href":"https:\/\/vmsport.fi\/sv\/wp-json\/wp\/v2\/comments?post=63537"}],"wp:featuredmedia":[{"embeddable":true,"href":"https:\/\/vmsport.fi\/sv\/wp-json\/wp\/v2\/media\/63682"}],"wp:attachment":[{"href":"https:\/\/vmsport.fi\/sv\/wp-json\/wp\/v2\/media?parent=63537"}],"wp:term":[{"taxonomy":"product_brand","embeddable":true,"href":"https:\/\/vmsport.fi\/sv\/wp-json\/wp\/v2\/product_brand?post=63537"},{"taxonomy":"product_model","embeddable":true,"href":"https:\/\/vmsport.fi\/sv\/wp-json\/wp\/v2\/product_model?post=63537"},{"taxonomy":"product_cat","embeddable":true,"href":"https:\/\/vmsport.fi\/sv\/wp-json\/wp\/v2\/product_cat?post=63537"},{"taxonomy":"product_tag","embeddable":true,"href":"https:\/\/vmsport.fi\/sv\/wp-json\/wp\/v2\/product_tag?post=63537"},{"taxonomy":"industry_terminology","embeddable":true,"href":"https:\/\/vmsport.fi\/sv\/wp-json\/wp\/v2\/industry-terminology?post=63537"}],"curies":[{"name":"wp","href":"https:\/\/api.w.org\/{rel}","templated":true}]}}