{"id":63528,"date":"2026-03-03T14:23:31","date_gmt":"2026-03-03T12:23:31","guid":{"rendered":"https:\/\/vmsport.fi\/verkkokauppa\/Ei-luokiteltu\/sweet-protection-trailblazer-mips-kypara-matte-black\/"},"modified":"2026-03-04T02:00:24","modified_gmt":"2026-03-04T00:00:24","slug":"sweet-protection-trailblazer-mips-kypara-matte-black","status":"publish","type":"product","link":"https:\/\/vmsport.fi\/sv\/verkkokauppa\/ajovarusteet\/kyparat\/maastokyparat\/sweet-protection-trailblazer-mips-kypara-matte-black\/","title":{"rendered":"Sweet Protection Trailblazer Mips Kyp\u00e4r\u00e4 Matte Black"},"content":{"rendered":"<h3>Trailblazer Mips \u2013 Huipputason trail- ja endurokyp\u00e4r\u00e4<\/h3>\n<p data-start=\"100\" data-end=\"345\"><strong data-start=\"100\" data-end=\"120\">Trailblazer Mips<\/strong> on suunniteltu vaativaan trail- ja enduroajoon, kun haluat maksimaalisen suojan, erinomaisen ilmanvaihdon ja modernin muotoilun. Se edustaa Sweet Protectionin pitk\u00e4n kehitysty\u00f6n tulosta ja tarjoaa suorituskyky\u00e4 kovaan ajoon.<\/p>\n<h4 data-start=\"347\" data-end=\"388\">4-osainen kuorirakenne \u2013 lis\u00e4\u00e4 suojaa<\/h4>\n<p data-start=\"390\" data-end=\"579\">Kyp\u00e4r\u00e4n ainutlaatuinen 4-osainen variable elasticity -kuorirakenne parantaa iskunvaimennusta ja kest\u00e4vyytt\u00e4 ilman turhaa painoa. Malli on saanut 5 t\u00e4hden arvosanan Virginia Tech -testeiss\u00e4.<\/p>\n<p data-start=\"581\" data-end=\"710\">Varustettu <strong data-start=\"592\" data-end=\"630\">Mips Safety System -j\u00e4rjestelm\u00e4ll\u00e4<\/strong>, joka auttaa v\u00e4hent\u00e4m\u00e4\u00e4n aivoihin kohdistuvia kiertovoimia kaatumistilanteessa.<\/p>\n<h4 data-start=\"712\" data-end=\"759\">Tehokas ilmanvaihto ja t\u00e4ydellinen istuvuus<\/h4>\n<ul data-start=\"761\" data-end=\"972\">\n<li data-start=\"761\" data-end=\"785\">\n<p data-start=\"763\" data-end=\"785\">16 ilmanvaihtoaukkoa<\/p>\n<\/li>\n<li data-start=\"786\" data-end=\"845\">\n<p data-start=\"788\" data-end=\"845\">STACC-ventilointij\u00e4rjestelm\u00e4 tehokkaaseen viilennykseen<\/p>\n<\/li>\n<li data-start=\"846\" data-end=\"903\">\n<p data-start=\"848\" data-end=\"903\">360 Occigrip Fit System korkeuden ja leveyden s\u00e4\u00e4t\u00f6\u00f6n<\/p>\n<\/li>\n<li data-start=\"904\" data-end=\"942\">\n<p data-start=\"906\" data-end=\"942\">Kolmiasentoinen s\u00e4\u00e4dett\u00e4v\u00e4 visiiri<\/p>\n<\/li>\n<li data-start=\"943\" data-end=\"972\">\n<p data-start=\"945\" data-end=\"972\">Korkeuss\u00e4\u00e4dett\u00e4v\u00e4t hihnat<\/p>\n<\/li>\n<\/ul>\n<p data-start=\"974\" data-end=\"1075\">Mukana toimitetaan kahdet eripaksuiset comfort-pehmusteet yksil\u00f6lliseen istuvuuteen sek\u00e4 kyp\u00e4r\u00e4pussi.<\/p>\n<h4 data-start=\"1077\" data-end=\"1096\">Tekniska information<\/h4>\n<ul data-start=\"1098\" data-end=\"1182\">\n<li data-start=\"1098\" data-end=\"1119\">\n<p data-start=\"1100\" data-end=\"1119\">Paino: noin 325 g<\/p>\n<\/li>\n<li data-start=\"1120\" data-end=\"1141\">\n<p data-start=\"1122\" data-end=\"1141\">Koot: SM, ML, LXL<\/p>\n<\/li>\n<li data-start=\"1142\" data-end=\"1182\">\n<p data-start=\"1144\" data-end=\"1182\">Sertifioinnit: CE EN 1078, CPSC 1203<\/p>\n<\/li>\n<\/ul>\n<p data-start=\"1184\" data-end=\"1348\" data-is-last-node=\"\" data-is-only-node=\"\">Trailblazer Mips on t\u00e4ydellinen valinta aktiiviselle trail- ja endurokuskeille, jotka vaativat maksimaalista suojaa, mukavuutta ja suorituskyky\u00e4 jokaiselle polulle.<\/p>","protected":false},"excerpt":{"rendered":"<p>Trailblazer Mips \u2013 Huipputason trail- ja endurokyp\u00e4r\u00e4 Trailblazer Mips on suunniteltu vaativaan trail- ja enduroajoon, kun haluat maksimaalisen suojan, erinomaisen ilmanvaihdon ja modernin muotoilun. Se edustaa Sweet Protectionin pitk\u00e4n kehitysty\u00f6n tulosta ja tarjoaa suorituskyky\u00e4 kovaan ajoon. 4-osainen kuorirakenne \u2013 lis\u00e4\u00e4 suojaa Kyp\u00e4r\u00e4n ainutlaatuinen 4-osainen variable elasticity -kuorirakenne parantaa iskunvaimennusta ja kest\u00e4vyytt\u00e4 ilman turhaa painoa. Malli [&#8230;]<\/p>\n<p><a class=\"btn btn-secondary understrap-read-more-link\" href=\"https:\/\/vmsport.fi\/sv\/verkkokauppa\/ajovarusteet\/kyparat\/maastokyparat\/sweet-protection-trailblazer-mips-kypara-matte-black\/\">L\u00e4s mer \u2026<span class=\"screen-reader-text\"> from Sweet Protection Trailblazer Mips Kyp\u00e4r\u00e4 Matte Black<\/span><\/a><\/p>\n","protected":false},"featured_media":63716,"comment_status":"open","ping_status":"closed","template":"","meta":{"_acf_changed":false,"_improvement_type_select":"improve_an_existing","_thumb_yes_seoaic":false,"_frame_yes_seoaic":false,"seoaic_generate_description":"","seoaic_improve_instructions_prompt":"","seoaic_rollback_content_improvement":"","seoaic_idea_thumbnail_generator":"","thumbnail_generated":false,"thumbnail_generate_prompt":"","seoaic_article_description":"","_supplier_stock_quantity":0},"product_brand":[10085],"product_model":[],"product_cat":[9512],"product_tag":[],"industry-terminology":[],"class_list":{"0":"post-63528","1":"product","2":"type-product","3":"status-publish","4":"has-post-thumbnail","6":"product_brand-sweet-protection","7":"product_cat-maastokyparat","9":"first","10":"instock","11":"taxable","12":"shipping-taxable","13":"purchasable","14":"product-type-variable"},"acf":{"bike_features":null,"overview":{"copy_overview":null,"key_features":null,"statement":"","youtube_url":""}},"yoast_head":"<!-- This site is optimized with the Yoast SEO plugin v27.4 - https:\/\/yoast.com\/product\/yoast-seo-wordpress\/ -->\n<title>Sweet Protection Trailblazer Mips Kyp\u00e4r\u00e4 Matte Black - VM Sport<\/title>\n<meta name=\"robots\" content=\"index, follow, max-snippet:-1, max-image-preview:large, max-video-preview:-1\" \/>\n<link rel=\"canonical\" href=\"https:\/\/vmsport.fi\/sv\/webbutik\/korutrustning\/kyparat\/terrangcykling\/sweet-protection-trailblazer-mips-kypara-matte-black\/\" \/>\n<meta property=\"og:locale\" content=\"sv_SE\" \/>\n<meta property=\"og:type\" content=\"article\" \/>\n<meta property=\"og:title\" content=\"Sweet Protection Trailblazer Mips Kyp\u00e4r\u00e4 Matte Black - VM Sport\" \/>\n<meta property=\"og:description\" content=\"Trailblazer Mips \u2013 Huipputason trail- ja endurokyp\u00e4r\u00e4 Trailblazer Mips on suunniteltu vaativaan trail- ja enduroajoon, kun haluat maksimaalisen suojan, erinomaisen ilmanvaihdon ja modernin muotoilun. Se edustaa Sweet Protectionin pitk\u00e4n kehitysty\u00f6n tulosta ja tarjoaa suorituskyky\u00e4 kovaan ajoon. 4-osainen kuorirakenne \u2013 lis\u00e4\u00e4 suojaa Kyp\u00e4r\u00e4n ainutlaatuinen 4-osainen variable elasticity -kuorirakenne parantaa iskunvaimennusta ja kest\u00e4vyytt\u00e4 ilman turhaa painoa. Malli [...]L\u00e4s mer \u2026 from Sweet Protection Trailblazer Mips Kyp\u00e4r\u00e4 Matte Black\" \/>\n<meta property=\"og:url\" content=\"https:\/\/vmsport.fi\/sv\/webbutik\/korutrustning\/kyparat\/terrangcykling\/sweet-protection-trailblazer-mips-kypara-matte-black\/\" \/>\n<meta property=\"og:site_name\" content=\"VM Sport\" \/>\n<meta property=\"article:publisher\" content=\"https:\/\/www.facebook.com\/Vmsport.fi\/\" \/>\n<meta property=\"article:modified_time\" content=\"2026-03-04T00:00:24+00:00\" \/>\n<meta property=\"og:image\" content=\"https:\/\/vmsport.fi\/wp-content\/uploads\/2026\/03\/Low-Resolution-845104-MBLCK-product-2.jpg\" \/>\n\t<meta property=\"og:image:width\" content=\"1000\" \/>\n\t<meta property=\"og:image:height\" content=\"1000\" \/>\n\t<meta property=\"og:image:type\" content=\"image\/jpeg\" \/>\n<meta name=\"twitter:card\" content=\"summary_large_image\" \/>\n<meta name=\"twitter:label1\" content=\"Ber\u00e4knad l\u00e4stid\" \/>\n\t<meta name=\"twitter:data1\" content=\"2 minuter\" \/>\n<script type=\"application\/ld+json\" class=\"yoast-schema-graph\">{\"@context\":\"https:\\\/\\\/schema.org\",\"@graph\":[{\"@type\":[\"WebPage\",\"ItemPage\"],\"@id\":\"https:\\\/\\\/vmsport.fi\\\/verkkokauppa\\\/ajovarusteet\\\/kyparat\\\/maastokyparat\\\/sweet-protection-trailblazer-mips-kypara-matte-black\\\/\",\"url\":\"https:\\\/\\\/vmsport.fi\\\/verkkokauppa\\\/ajovarusteet\\\/kyparat\\\/maastokyparat\\\/sweet-protection-trailblazer-mips-kypara-matte-black\\\/\",\"name\":\"Sweet Protection Trailblazer Mips Kyp\u00e4r\u00e4 Matte Black - VM Sport\",\"isPartOf\":{\"@id\":\"https:\\\/\\\/vmsport.fi\\\/#website\"},\"primaryImageOfPage\":{\"@id\":\"https:\\\/\\\/vmsport.fi\\\/verkkokauppa\\\/ajovarusteet\\\/kyparat\\\/maastokyparat\\\/sweet-protection-trailblazer-mips-kypara-matte-black\\\/#primaryimage\"},\"image\":{\"@id\":\"https:\\\/\\\/vmsport.fi\\\/verkkokauppa\\\/ajovarusteet\\\/kyparat\\\/maastokyparat\\\/sweet-protection-trailblazer-mips-kypara-matte-black\\\/#primaryimage\"},\"thumbnailUrl\":\"https:\\\/\\\/vmsport.fi\\\/wp-content\\\/uploads\\\/2026\\\/03\\\/Low-Resolution-845104-MBLCK-product-2.jpg\",\"datePublished\":\"2026-03-03T12:23:31+00:00\",\"dateModified\":\"2026-03-04T00:00:24+00:00\",\"breadcrumb\":{\"@id\":\"https:\\\/\\\/vmsport.fi\\\/verkkokauppa\\\/ajovarusteet\\\/kyparat\\\/maastokyparat\\\/sweet-protection-trailblazer-mips-kypara-matte-black\\\/#breadcrumb\"},\"inLanguage\":\"sv-SE\",\"potentialAction\":[{\"@type\":\"ReadAction\",\"target\":[\"https:\\\/\\\/vmsport.fi\\\/verkkokauppa\\\/ajovarusteet\\\/kyparat\\\/maastokyparat\\\/sweet-protection-trailblazer-mips-kypara-matte-black\\\/\"]}]},{\"@type\":\"ImageObject\",\"inLanguage\":\"sv-SE\",\"@id\":\"https:\\\/\\\/vmsport.fi\\\/verkkokauppa\\\/ajovarusteet\\\/kyparat\\\/maastokyparat\\\/sweet-protection-trailblazer-mips-kypara-matte-black\\\/#primaryimage\",\"url\":\"https:\\\/\\\/vmsport.fi\\\/wp-content\\\/uploads\\\/2026\\\/03\\\/Low-Resolution-845104-MBLCK-product-2.jpg\",\"contentUrl\":\"https:\\\/\\\/vmsport.fi\\\/wp-content\\\/uploads\\\/2026\\\/03\\\/Low-Resolution-845104-MBLCK-product-2.jpg\",\"width\":1000,\"height\":1000,\"caption\":\"Low-Resolution-845104-MBLCK-product-2\"},{\"@type\":\"BreadcrumbList\",\"@id\":\"https:\\\/\\\/vmsport.fi\\\/verkkokauppa\\\/ajovarusteet\\\/kyparat\\\/maastokyparat\\\/sweet-protection-trailblazer-mips-kypara-matte-black\\\/#breadcrumb\",\"itemListElement\":[{\"@type\":\"ListItem\",\"position\":1,\"name\":\"Etusivu\",\"item\":\"https:\\\/\\\/vmsport.fi\\\/\"},{\"@type\":\"ListItem\",\"position\":2,\"name\":\"Online Store\",\"item\":\"https:\\\/\\\/vmsport.fi\\\/en\\\/online-store\\\/\"},{\"@type\":\"ListItem\",\"position\":3,\"name\":\"Sweet Protection\",\"item\":\"https:\\\/\\\/vmsport.fi\\\/merkki\\\/sweet-protection\\\/\"},{\"@type\":\"ListItem\",\"position\":4,\"name\":\"Sweet Protection Trailblazer Mips Kyp\u00e4r\u00e4 Matte Black\"}]},{\"@type\":\"WebSite\",\"@id\":\"https:\\\/\\\/vmsport.fi\\\/#website\",\"url\":\"https:\\\/\\\/vmsport.fi\\\/\",\"name\":\"Vmsport\",\"description\":\"Kaikki py\u00f6r\u00e4ilyyn yhdest\u00e4 paikasta\",\"publisher\":{\"@id\":\"https:\\\/\\\/vmsport.fi\\\/#organization\"},\"potentialAction\":[{\"@type\":\"SearchAction\",\"target\":{\"@type\":\"EntryPoint\",\"urlTemplate\":\"https:\\\/\\\/vmsport.fi\\\/?s={search_term_string}\"},\"query-input\":{\"@type\":\"PropertyValueSpecification\",\"valueRequired\":true,\"valueName\":\"search_term_string\"}}],\"inLanguage\":\"sv-SE\"},{\"@type\":\"Organization\",\"@id\":\"https:\\\/\\\/vmsport.fi\\\/#organization\",\"name\":\"Vmsport\",\"url\":\"https:\\\/\\\/vmsport.fi\\\/\",\"logo\":{\"@type\":\"ImageObject\",\"inLanguage\":\"sv-SE\",\"@id\":\"https:\\\/\\\/vmsport.fi\\\/#\\\/schema\\\/logo\\\/image\\\/\",\"url\":\"https:\\\/\\\/vmsport.fi\\\/wp-content\\\/uploads\\\/2024\\\/12\\\/vm_sport_RGB_horisontal-e1734526017575.png\",\"contentUrl\":\"https:\\\/\\\/vmsport.fi\\\/wp-content\\\/uploads\\\/2024\\\/12\\\/vm_sport_RGB_horisontal-e1734526017575.png\",\"width\":668,\"height\":85,\"caption\":\"Vmsport\"},\"image\":{\"@id\":\"https:\\\/\\\/vmsport.fi\\\/#\\\/schema\\\/logo\\\/image\\\/\"},\"sameAs\":[\"https:\\\/\\\/www.facebook.com\\\/Vmsport.fi\\\/\",\"https:\\\/\\\/www.instagram.com\\\/vmsport\\\/\"]}]}<\/script>\n<!-- \/ Yoast SEO plugin. -->","yoast_head_json":{"title":"Sweet Protection Trailblazer Mips Kyp\u00e4r\u00e4 Matte Black - VM Sport","robots":{"index":"index","follow":"follow","max-snippet":"max-snippet:-1","max-image-preview":"max-image-preview:large","max-video-preview":"max-video-preview:-1"},"canonical":"https:\/\/vmsport.fi\/sv\/webbutik\/korutrustning\/kyparat\/terrangcykling\/sweet-protection-trailblazer-mips-kypara-matte-black\/","og_locale":"sv_SE","og_type":"article","og_title":"Sweet Protection Trailblazer Mips Kyp\u00e4r\u00e4 Matte Black - VM Sport","og_description":"Trailblazer Mips \u2013 Huipputason trail- ja endurokyp\u00e4r\u00e4 Trailblazer Mips on suunniteltu vaativaan trail- ja enduroajoon, kun haluat maksimaalisen suojan, erinomaisen ilmanvaihdon ja modernin muotoilun. Se edustaa Sweet Protectionin pitk\u00e4n kehitysty\u00f6n tulosta ja tarjoaa suorituskyky\u00e4 kovaan ajoon. 4-osainen kuorirakenne \u2013 lis\u00e4\u00e4 suojaa Kyp\u00e4r\u00e4n ainutlaatuinen 4-osainen variable elasticity -kuorirakenne parantaa iskunvaimennusta ja kest\u00e4vyytt\u00e4 ilman turhaa painoa. Malli [...]L\u00e4s mer \u2026 from Sweet Protection Trailblazer Mips Kyp\u00e4r\u00e4 Matte Black","og_url":"https:\/\/vmsport.fi\/sv\/webbutik\/korutrustning\/kyparat\/terrangcykling\/sweet-protection-trailblazer-mips-kypara-matte-black\/","og_site_name":"VM Sport","article_publisher":"https:\/\/www.facebook.com\/Vmsport.fi\/","article_modified_time":"2026-03-04T00:00:24+00:00","og_image":[{"width":1000,"height":1000,"url":"https:\/\/vmsport.fi\/wp-content\/uploads\/2026\/03\/Low-Resolution-845104-MBLCK-product-2.jpg","type":"image\/jpeg"}],"twitter_card":"summary_large_image","twitter_misc":{"Ber\u00e4knad l\u00e4stid":"2 minuter"},"schema":{"@context":"https:\/\/schema.org","@graph":[{"@type":["WebPage","ItemPage"],"@id":"https:\/\/vmsport.fi\/verkkokauppa\/ajovarusteet\/kyparat\/maastokyparat\/sweet-protection-trailblazer-mips-kypara-matte-black\/","url":"https:\/\/vmsport.fi\/verkkokauppa\/ajovarusteet\/kyparat\/maastokyparat\/sweet-protection-trailblazer-mips-kypara-matte-black\/","name":"Sweet Protection Trailblazer Mips Kyp\u00e4r\u00e4 Matte Black - VM Sport","isPartOf":{"@id":"https:\/\/vmsport.fi\/#website"},"primaryImageOfPage":{"@id":"https:\/\/vmsport.fi\/verkkokauppa\/ajovarusteet\/kyparat\/maastokyparat\/sweet-protection-trailblazer-mips-kypara-matte-black\/#primaryimage"},"image":{"@id":"https:\/\/vmsport.fi\/verkkokauppa\/ajovarusteet\/kyparat\/maastokyparat\/sweet-protection-trailblazer-mips-kypara-matte-black\/#primaryimage"},"thumbnailUrl":"https:\/\/vmsport.fi\/wp-content\/uploads\/2026\/03\/Low-Resolution-845104-MBLCK-product-2.jpg","datePublished":"2026-03-03T12:23:31+00:00","dateModified":"2026-03-04T00:00:24+00:00","breadcrumb":{"@id":"https:\/\/vmsport.fi\/verkkokauppa\/ajovarusteet\/kyparat\/maastokyparat\/sweet-protection-trailblazer-mips-kypara-matte-black\/#breadcrumb"},"inLanguage":"sv-SE","potentialAction":[{"@type":"ReadAction","target":["https:\/\/vmsport.fi\/verkkokauppa\/ajovarusteet\/kyparat\/maastokyparat\/sweet-protection-trailblazer-mips-kypara-matte-black\/"]}]},{"@type":"ImageObject","inLanguage":"sv-SE","@id":"https:\/\/vmsport.fi\/verkkokauppa\/ajovarusteet\/kyparat\/maastokyparat\/sweet-protection-trailblazer-mips-kypara-matte-black\/#primaryimage","url":"https:\/\/vmsport.fi\/wp-content\/uploads\/2026\/03\/Low-Resolution-845104-MBLCK-product-2.jpg","contentUrl":"https:\/\/vmsport.fi\/wp-content\/uploads\/2026\/03\/Low-Resolution-845104-MBLCK-product-2.jpg","width":1000,"height":1000,"caption":"Low-Resolution-845104-MBLCK-product-2"},{"@type":"BreadcrumbList","@id":"https:\/\/vmsport.fi\/verkkokauppa\/ajovarusteet\/kyparat\/maastokyparat\/sweet-protection-trailblazer-mips-kypara-matte-black\/#breadcrumb","itemListElement":[{"@type":"ListItem","position":1,"name":"Etusivu","item":"https:\/\/vmsport.fi\/"},{"@type":"ListItem","position":2,"name":"Online Store","item":"https:\/\/vmsport.fi\/en\/online-store\/"},{"@type":"ListItem","position":3,"name":"Sweet Protection","item":"https:\/\/vmsport.fi\/merkki\/sweet-protection\/"},{"@type":"ListItem","position":4,"name":"Sweet Protection Trailblazer Mips Kyp\u00e4r\u00e4 Matte Black"}]},{"@type":"WebSite","@id":"https:\/\/vmsport.fi\/#website","url":"https:\/\/vmsport.fi\/","name":"Vmsport","description":"Allt p\u00e5 ett st\u00e4lle f\u00f6r cykling","publisher":{"@id":"https:\/\/vmsport.fi\/#organization"},"potentialAction":[{"@type":"SearchAction","target":{"@type":"EntryPoint","urlTemplate":"https:\/\/vmsport.fi\/?s={search_term_string}"},"query-input":{"@type":"PropertyValueSpecification","valueRequired":true,"valueName":"search_term_string"}}],"inLanguage":"sv-SE"},{"@type":"Organization","@id":"https:\/\/vmsport.fi\/#organization","name":"Vmsport","url":"https:\/\/vmsport.fi\/","logo":{"@type":"ImageObject","inLanguage":"sv-SE","@id":"https:\/\/vmsport.fi\/#\/schema\/logo\/image\/","url":"https:\/\/vmsport.fi\/wp-content\/uploads\/2024\/12\/vm_sport_RGB_horisontal-e1734526017575.png","contentUrl":"https:\/\/vmsport.fi\/wp-content\/uploads\/2024\/12\/vm_sport_RGB_horisontal-e1734526017575.png","width":668,"height":85,"caption":"Vmsport"},"image":{"@id":"https:\/\/vmsport.fi\/#\/schema\/logo\/image\/"},"sameAs":["https:\/\/www.facebook.com\/Vmsport.fi\/","https:\/\/www.instagram.com\/vmsport\/"]}]}},"global_unique_id":"","_links":{"self":[{"href":"https:\/\/vmsport.fi\/sv\/wp-json\/wp\/v2\/product\/63528","targetHints":{"allow":["GET"]}}],"collection":[{"href":"https:\/\/vmsport.fi\/sv\/wp-json\/wp\/v2\/product"}],"about":[{"href":"https:\/\/vmsport.fi\/sv\/wp-json\/wp\/v2\/types\/product"}],"replies":[{"embeddable":true,"href":"https:\/\/vmsport.fi\/sv\/wp-json\/wp\/v2\/comments?post=63528"}],"wp:featuredmedia":[{"embeddable":true,"href":"https:\/\/vmsport.fi\/sv\/wp-json\/wp\/v2\/media\/63716"}],"wp:attachment":[{"href":"https:\/\/vmsport.fi\/sv\/wp-json\/wp\/v2\/media?parent=63528"}],"wp:term":[{"taxonomy":"product_brand","embeddable":true,"href":"https:\/\/vmsport.fi\/sv\/wp-json\/wp\/v2\/product_brand?post=63528"},{"taxonomy":"product_model","embeddable":true,"href":"https:\/\/vmsport.fi\/sv\/wp-json\/wp\/v2\/product_model?post=63528"},{"taxonomy":"product_cat","embeddable":true,"href":"https:\/\/vmsport.fi\/sv\/wp-json\/wp\/v2\/product_cat?post=63528"},{"taxonomy":"product_tag","embeddable":true,"href":"https:\/\/vmsport.fi\/sv\/wp-json\/wp\/v2\/product_tag?post=63528"},{"taxonomy":"industry_terminology","embeddable":true,"href":"https:\/\/vmsport.fi\/sv\/wp-json\/wp\/v2\/industry-terminology?post=63528"}],"curies":[{"name":"wp","href":"https:\/\/api.w.org\/{rel}","templated":true}]}}