{"id":63525,"date":"2026-03-03T14:23:29","date_gmt":"2026-03-03T12:23:29","guid":{"rendered":"https:\/\/vmsport.fi\/verkkokauppa\/Ei-luokiteltu\/sweet-protection-ripper-mips-helmet-jr-heather\/"},"modified":"2026-03-23T13:47:50","modified_gmt":"2026-03-23T11:47:50","slug":"sweet-protection-ripper-mips-helmet-jr-heather","status":"publish","type":"product","link":"https:\/\/vmsport.fi\/sv\/verkkokauppa\/ajovarusteet\/kyparat\/lasten-kyparat\/sweet-protection-ripper-mips-helmet-jr-heather\/","title":{"rendered":"Sweet Protection Ripper Mips Helmet Jr Heather"},"content":{"rendered":"<h3>Ripper Mips Junior \u2013 Turvallinen ja kevyt MTB-kyp\u00e4r\u00e4 lapsille<\/h3>\n<p data-start=\"108\" data-end=\"357\"><strong data-start=\"108\" data-end=\"130\">Ripper Mips Junior<\/strong> on lasten ja nuorten maastopy\u00f6r\u00e4ilykyp\u00e4r\u00e4, joka tarjoaa suorituskyky\u00e4 ja suojaa erinomaisella hinta-laatusuhteella. Nuorille suunniteltu kuorikoko ja laajennettu suoja-alue tekev\u00e4t siit\u00e4 turvallisen valinnan aktiiviseen ajoon.<\/p>\n<h4 data-start=\"359\" data-end=\"388\">Turvaa Mips-teknologialla<\/h4>\n<p data-start=\"390\" data-end=\"519\">Varustettu <strong data-start=\"401\" data-end=\"449\">Mips Brain Protection System -j\u00e4rjestelm\u00e4ll\u00e4<\/strong>, joka v\u00e4hent\u00e4\u00e4 aivoihin kohdistuvia kiertovoimia kaatumistilanteessa.<\/p>\n<h4 data-start=\"521\" data-end=\"554\">Mukava ja helposti s\u00e4\u00e4dett\u00e4v\u00e4<\/h4>\n<ul data-start=\"556\" data-end=\"745\">\n<li data-start=\"556\" data-end=\"603\">\n<p data-start=\"558\" data-end=\"603\">Occigrip Turndial -kiristys nopeaan s\u00e4\u00e4t\u00f6\u00f6n<\/p>\n<\/li>\n<li data-start=\"604\" data-end=\"653\">\n<p data-start=\"606\" data-end=\"653\">Tehokas ilmanvaihto, mukana STACC-ventilointi<\/p>\n<\/li>\n<li data-start=\"654\" data-end=\"684\">\n<p data-start=\"656\" data-end=\"684\">Yksi koko, laaja s\u00e4\u00e4t\u00f6vara<\/p>\n<\/li>\n<li data-start=\"685\" data-end=\"745\">\n<p data-start=\"687\" data-end=\"745\">Sopii useimmille lapsille noin 48\u201353 cm p\u00e4\u00e4nymp\u00e4rykselle<\/p>\n<\/li>\n<\/ul>\n<p data-start=\"747\" data-end=\"882\">Kevyt (noin 320 g) ja hyvin istuva Ripper Mips Junior on t\u00e4ydellinen valinta jokap\u00e4iv\u00e4iseen maastoajoon \u2013 turvallisesti ja mukavasti.<\/p>\n<p data-start=\"884\" data-end=\"930\" data-is-last-node=\"\" data-is-only-node=\"\"><strong data-start=\"884\" data-end=\"901\">Sertifiointi:<\/strong> CE EN 1078<br data-start=\"912\" data-end=\"915\" \/><strong data-start=\"915\" data-end=\"924\">Koko:<\/strong> 48\/53<\/p>","protected":false},"excerpt":{"rendered":"<p>Ripper Mips Junior \u2013 Turvallinen ja kevyt MTB-kyp\u00e4r\u00e4 lapsille Ripper Mips Junior on lasten ja nuorten maastopy\u00f6r\u00e4ilykyp\u00e4r\u00e4, joka tarjoaa suorituskyky\u00e4 ja suojaa erinomaisella hinta-laatusuhteella. Nuorille suunniteltu kuorikoko ja laajennettu suoja-alue tekev\u00e4t siit\u00e4 turvallisen valinnan aktiiviseen ajoon. Turvaa Mips-teknologialla Varustettu Mips Brain Protection System -j\u00e4rjestelm\u00e4ll\u00e4, joka v\u00e4hent\u00e4\u00e4 aivoihin kohdistuvia kiertovoimia kaatumistilanteessa. Mukava ja helposti s\u00e4\u00e4dett\u00e4v\u00e4 Occigrip [&#8230;]<\/p>\n<p><a class=\"btn btn-secondary understrap-read-more-link\" href=\"https:\/\/vmsport.fi\/sv\/verkkokauppa\/ajovarusteet\/kyparat\/lasten-kyparat\/sweet-protection-ripper-mips-helmet-jr-heather\/\">L\u00e4s mer \u2026<span class=\"screen-reader-text\"> from Sweet Protection Ripper Mips Helmet Jr Heather<\/span><\/a><\/p>\n","protected":false},"featured_media":63662,"comment_status":"open","ping_status":"closed","template":"","meta":{"_acf_changed":false,"_improvement_type_select":"improve_an_existing","_thumb_yes_seoaic":false,"_frame_yes_seoaic":false,"seoaic_generate_description":"","seoaic_improve_instructions_prompt":"","seoaic_rollback_content_improvement":"","seoaic_idea_thumbnail_generator":"","thumbnail_generated":false,"thumbnail_generate_prompt":"","seoaic_article_description":"","_supplier_stock_quantity":0},"product_brand":[10085],"product_model":[],"product_cat":[9518],"product_tag":[],"industry-terminology":[],"class_list":{"0":"post-63525","1":"product","2":"type-product","3":"status-publish","4":"has-post-thumbnail","6":"product_brand-sweet-protection","7":"product_cat-lasten-kyparat","9":"first","10":"instock","11":"taxable","12":"shipping-taxable","13":"purchasable","14":"product-type-simple"},"acf":{"bike_features":null,"overview":{"copy_overview":null,"key_features":null,"statement":"","youtube_url":""}},"yoast_head":"<!-- This site is optimized with the Yoast SEO plugin v27.4 - https:\/\/yoast.com\/product\/yoast-seo-wordpress\/ -->\n<title>Sweet Protection Ripper Mips Helmet Jr Heather - VM Sport<\/title>\n<meta name=\"robots\" content=\"index, follow, max-snippet:-1, max-image-preview:large, max-video-preview:-1\" \/>\n<link rel=\"canonical\" href=\"https:\/\/vmsport.fi\/sv\/webbutik\/korutrustning\/kyparat\/kyparat-for-barn\/sweet-protection-ripper-mips-helmet-jr-heather\/\" \/>\n<meta property=\"og:locale\" content=\"sv_SE\" \/>\n<meta property=\"og:type\" content=\"article\" \/>\n<meta property=\"og:title\" content=\"Sweet Protection Ripper Mips Helmet Jr Heather - VM Sport\" \/>\n<meta property=\"og:description\" content=\"Ripper Mips Junior \u2013 Turvallinen ja kevyt MTB-kyp\u00e4r\u00e4 lapsille Ripper Mips Junior on lasten ja nuorten maastopy\u00f6r\u00e4ilykyp\u00e4r\u00e4, joka tarjoaa suorituskyky\u00e4 ja suojaa erinomaisella hinta-laatusuhteella. Nuorille suunniteltu kuorikoko ja laajennettu suoja-alue tekev\u00e4t siit\u00e4 turvallisen valinnan aktiiviseen ajoon. Turvaa Mips-teknologialla Varustettu Mips Brain Protection System -j\u00e4rjestelm\u00e4ll\u00e4, joka v\u00e4hent\u00e4\u00e4 aivoihin kohdistuvia kiertovoimia kaatumistilanteessa. Mukava ja helposti s\u00e4\u00e4dett\u00e4v\u00e4 Occigrip [...]L\u00e4s mer \u2026 from Sweet Protection Ripper Mips Helmet Jr Heather\" \/>\n<meta property=\"og:url\" content=\"https:\/\/vmsport.fi\/sv\/webbutik\/korutrustning\/kyparat\/kyparat-for-barn\/sweet-protection-ripper-mips-helmet-jr-heather\/\" \/>\n<meta property=\"og:site_name\" content=\"VM Sport\" \/>\n<meta property=\"article:publisher\" content=\"https:\/\/www.facebook.com\/Vmsport.fi\/\" \/>\n<meta property=\"article:modified_time\" content=\"2026-03-23T11:47:50+00:00\" \/>\n<meta property=\"og:image\" content=\"https:\/\/vmsport.fi\/wp-content\/uploads\/2026\/03\/Low-Resolution-845108-HETR-Product-1.jpg\" \/>\n\t<meta property=\"og:image:width\" content=\"1000\" \/>\n\t<meta property=\"og:image:height\" content=\"1000\" \/>\n\t<meta property=\"og:image:type\" content=\"image\/jpeg\" \/>\n<meta name=\"twitter:card\" content=\"summary_large_image\" \/>\n<meta name=\"twitter:label1\" content=\"Ber\u00e4knad l\u00e4stid\" \/>\n\t<meta name=\"twitter:data1\" content=\"1 minut\" \/>\n<script type=\"application\/ld+json\" class=\"yoast-schema-graph\">{\"@context\":\"https:\\\/\\\/schema.org\",\"@graph\":[{\"@type\":[\"WebPage\",\"ItemPage\"],\"@id\":\"https:\\\/\\\/vmsport.fi\\\/verkkokauppa\\\/ajovarusteet\\\/kyparat\\\/lasten-kyparat\\\/sweet-protection-ripper-mips-helmet-jr-heather\\\/\",\"url\":\"https:\\\/\\\/vmsport.fi\\\/verkkokauppa\\\/ajovarusteet\\\/kyparat\\\/lasten-kyparat\\\/sweet-protection-ripper-mips-helmet-jr-heather\\\/\",\"name\":\"Sweet Protection Ripper Mips Helmet Jr Heather - VM Sport\",\"isPartOf\":{\"@id\":\"https:\\\/\\\/vmsport.fi\\\/#website\"},\"primaryImageOfPage\":{\"@id\":\"https:\\\/\\\/vmsport.fi\\\/verkkokauppa\\\/ajovarusteet\\\/kyparat\\\/lasten-kyparat\\\/sweet-protection-ripper-mips-helmet-jr-heather\\\/#primaryimage\"},\"image\":{\"@id\":\"https:\\\/\\\/vmsport.fi\\\/verkkokauppa\\\/ajovarusteet\\\/kyparat\\\/lasten-kyparat\\\/sweet-protection-ripper-mips-helmet-jr-heather\\\/#primaryimage\"},\"thumbnailUrl\":\"https:\\\/\\\/vmsport.fi\\\/wp-content\\\/uploads\\\/2026\\\/03\\\/Low-Resolution-845108-HETR-Product-1.jpg\",\"datePublished\":\"2026-03-03T12:23:29+00:00\",\"dateModified\":\"2026-03-23T11:47:50+00:00\",\"breadcrumb\":{\"@id\":\"https:\\\/\\\/vmsport.fi\\\/verkkokauppa\\\/ajovarusteet\\\/kyparat\\\/lasten-kyparat\\\/sweet-protection-ripper-mips-helmet-jr-heather\\\/#breadcrumb\"},\"inLanguage\":\"sv-SE\",\"potentialAction\":[{\"@type\":\"ReadAction\",\"target\":[\"https:\\\/\\\/vmsport.fi\\\/verkkokauppa\\\/ajovarusteet\\\/kyparat\\\/lasten-kyparat\\\/sweet-protection-ripper-mips-helmet-jr-heather\\\/\"]}]},{\"@type\":\"ImageObject\",\"inLanguage\":\"sv-SE\",\"@id\":\"https:\\\/\\\/vmsport.fi\\\/verkkokauppa\\\/ajovarusteet\\\/kyparat\\\/lasten-kyparat\\\/sweet-protection-ripper-mips-helmet-jr-heather\\\/#primaryimage\",\"url\":\"https:\\\/\\\/vmsport.fi\\\/wp-content\\\/uploads\\\/2026\\\/03\\\/Low-Resolution-845108-HETR-Product-1.jpg\",\"contentUrl\":\"https:\\\/\\\/vmsport.fi\\\/wp-content\\\/uploads\\\/2026\\\/03\\\/Low-Resolution-845108-HETR-Product-1.jpg\",\"width\":1000,\"height\":1000,\"caption\":\"Low-Resolution-845108-HETR-Product-1\"},{\"@type\":\"BreadcrumbList\",\"@id\":\"https:\\\/\\\/vmsport.fi\\\/verkkokauppa\\\/ajovarusteet\\\/kyparat\\\/lasten-kyparat\\\/sweet-protection-ripper-mips-helmet-jr-heather\\\/#breadcrumb\",\"itemListElement\":[{\"@type\":\"ListItem\",\"position\":1,\"name\":\"Etusivu\",\"item\":\"https:\\\/\\\/vmsport.fi\\\/\"},{\"@type\":\"ListItem\",\"position\":2,\"name\":\"Online Store\",\"item\":\"https:\\\/\\\/vmsport.fi\\\/en\\\/online-store\\\/\"},{\"@type\":\"ListItem\",\"position\":3,\"name\":\"Sweet Protection\",\"item\":\"https:\\\/\\\/vmsport.fi\\\/merkki\\\/sweet-protection\\\/\"},{\"@type\":\"ListItem\",\"position\":4,\"name\":\"Sweet Protection Ripper Mips Helmet Jr Heather\"}]},{\"@type\":\"WebSite\",\"@id\":\"https:\\\/\\\/vmsport.fi\\\/#website\",\"url\":\"https:\\\/\\\/vmsport.fi\\\/\",\"name\":\"Vmsport\",\"description\":\"Kaikki py\u00f6r\u00e4ilyyn yhdest\u00e4 paikasta\",\"publisher\":{\"@id\":\"https:\\\/\\\/vmsport.fi\\\/#organization\"},\"potentialAction\":[{\"@type\":\"SearchAction\",\"target\":{\"@type\":\"EntryPoint\",\"urlTemplate\":\"https:\\\/\\\/vmsport.fi\\\/?s={search_term_string}\"},\"query-input\":{\"@type\":\"PropertyValueSpecification\",\"valueRequired\":true,\"valueName\":\"search_term_string\"}}],\"inLanguage\":\"sv-SE\"},{\"@type\":\"Organization\",\"@id\":\"https:\\\/\\\/vmsport.fi\\\/#organization\",\"name\":\"Vmsport\",\"url\":\"https:\\\/\\\/vmsport.fi\\\/\",\"logo\":{\"@type\":\"ImageObject\",\"inLanguage\":\"sv-SE\",\"@id\":\"https:\\\/\\\/vmsport.fi\\\/#\\\/schema\\\/logo\\\/image\\\/\",\"url\":\"https:\\\/\\\/vmsport.fi\\\/wp-content\\\/uploads\\\/2024\\\/12\\\/vm_sport_RGB_horisontal-e1734526017575.png\",\"contentUrl\":\"https:\\\/\\\/vmsport.fi\\\/wp-content\\\/uploads\\\/2024\\\/12\\\/vm_sport_RGB_horisontal-e1734526017575.png\",\"width\":668,\"height\":85,\"caption\":\"Vmsport\"},\"image\":{\"@id\":\"https:\\\/\\\/vmsport.fi\\\/#\\\/schema\\\/logo\\\/image\\\/\"},\"sameAs\":[\"https:\\\/\\\/www.facebook.com\\\/Vmsport.fi\\\/\",\"https:\\\/\\\/www.instagram.com\\\/vmsport\\\/\"]}]}<\/script>\n<!-- \/ Yoast SEO plugin. -->","yoast_head_json":{"title":"Sweet Protection Ripper Mips Helmet Jr Heather - VM Sport","robots":{"index":"index","follow":"follow","max-snippet":"max-snippet:-1","max-image-preview":"max-image-preview:large","max-video-preview":"max-video-preview:-1"},"canonical":"https:\/\/vmsport.fi\/sv\/webbutik\/korutrustning\/kyparat\/kyparat-for-barn\/sweet-protection-ripper-mips-helmet-jr-heather\/","og_locale":"sv_SE","og_type":"article","og_title":"Sweet Protection Ripper Mips Helmet Jr Heather - VM Sport","og_description":"Ripper Mips Junior \u2013 Turvallinen ja kevyt MTB-kyp\u00e4r\u00e4 lapsille Ripper Mips Junior on lasten ja nuorten maastopy\u00f6r\u00e4ilykyp\u00e4r\u00e4, joka tarjoaa suorituskyky\u00e4 ja suojaa erinomaisella hinta-laatusuhteella. Nuorille suunniteltu kuorikoko ja laajennettu suoja-alue tekev\u00e4t siit\u00e4 turvallisen valinnan aktiiviseen ajoon. Turvaa Mips-teknologialla Varustettu Mips Brain Protection System -j\u00e4rjestelm\u00e4ll\u00e4, joka v\u00e4hent\u00e4\u00e4 aivoihin kohdistuvia kiertovoimia kaatumistilanteessa. Mukava ja helposti s\u00e4\u00e4dett\u00e4v\u00e4 Occigrip [...]L\u00e4s mer \u2026 from Sweet Protection Ripper Mips Helmet Jr Heather","og_url":"https:\/\/vmsport.fi\/sv\/webbutik\/korutrustning\/kyparat\/kyparat-for-barn\/sweet-protection-ripper-mips-helmet-jr-heather\/","og_site_name":"VM Sport","article_publisher":"https:\/\/www.facebook.com\/Vmsport.fi\/","article_modified_time":"2026-03-23T11:47:50+00:00","og_image":[{"width":1000,"height":1000,"url":"https:\/\/vmsport.fi\/wp-content\/uploads\/2026\/03\/Low-Resolution-845108-HETR-Product-1.jpg","type":"image\/jpeg"}],"twitter_card":"summary_large_image","twitter_misc":{"Ber\u00e4knad l\u00e4stid":"1 minut"},"schema":{"@context":"https:\/\/schema.org","@graph":[{"@type":["WebPage","ItemPage"],"@id":"https:\/\/vmsport.fi\/verkkokauppa\/ajovarusteet\/kyparat\/lasten-kyparat\/sweet-protection-ripper-mips-helmet-jr-heather\/","url":"https:\/\/vmsport.fi\/verkkokauppa\/ajovarusteet\/kyparat\/lasten-kyparat\/sweet-protection-ripper-mips-helmet-jr-heather\/","name":"Sweet Protection Ripper Mips Helmet Jr Heather - VM Sport","isPartOf":{"@id":"https:\/\/vmsport.fi\/#website"},"primaryImageOfPage":{"@id":"https:\/\/vmsport.fi\/verkkokauppa\/ajovarusteet\/kyparat\/lasten-kyparat\/sweet-protection-ripper-mips-helmet-jr-heather\/#primaryimage"},"image":{"@id":"https:\/\/vmsport.fi\/verkkokauppa\/ajovarusteet\/kyparat\/lasten-kyparat\/sweet-protection-ripper-mips-helmet-jr-heather\/#primaryimage"},"thumbnailUrl":"https:\/\/vmsport.fi\/wp-content\/uploads\/2026\/03\/Low-Resolution-845108-HETR-Product-1.jpg","datePublished":"2026-03-03T12:23:29+00:00","dateModified":"2026-03-23T11:47:50+00:00","breadcrumb":{"@id":"https:\/\/vmsport.fi\/verkkokauppa\/ajovarusteet\/kyparat\/lasten-kyparat\/sweet-protection-ripper-mips-helmet-jr-heather\/#breadcrumb"},"inLanguage":"sv-SE","potentialAction":[{"@type":"ReadAction","target":["https:\/\/vmsport.fi\/verkkokauppa\/ajovarusteet\/kyparat\/lasten-kyparat\/sweet-protection-ripper-mips-helmet-jr-heather\/"]}]},{"@type":"ImageObject","inLanguage":"sv-SE","@id":"https:\/\/vmsport.fi\/verkkokauppa\/ajovarusteet\/kyparat\/lasten-kyparat\/sweet-protection-ripper-mips-helmet-jr-heather\/#primaryimage","url":"https:\/\/vmsport.fi\/wp-content\/uploads\/2026\/03\/Low-Resolution-845108-HETR-Product-1.jpg","contentUrl":"https:\/\/vmsport.fi\/wp-content\/uploads\/2026\/03\/Low-Resolution-845108-HETR-Product-1.jpg","width":1000,"height":1000,"caption":"Low-Resolution-845108-HETR-Product-1"},{"@type":"BreadcrumbList","@id":"https:\/\/vmsport.fi\/verkkokauppa\/ajovarusteet\/kyparat\/lasten-kyparat\/sweet-protection-ripper-mips-helmet-jr-heather\/#breadcrumb","itemListElement":[{"@type":"ListItem","position":1,"name":"Etusivu","item":"https:\/\/vmsport.fi\/"},{"@type":"ListItem","position":2,"name":"Online Store","item":"https:\/\/vmsport.fi\/en\/online-store\/"},{"@type":"ListItem","position":3,"name":"Sweet Protection","item":"https:\/\/vmsport.fi\/merkki\/sweet-protection\/"},{"@type":"ListItem","position":4,"name":"Sweet Protection Ripper Mips Helmet Jr Heather"}]},{"@type":"WebSite","@id":"https:\/\/vmsport.fi\/#website","url":"https:\/\/vmsport.fi\/","name":"Vmsport","description":"Allt p\u00e5 ett st\u00e4lle f\u00f6r cykling","publisher":{"@id":"https:\/\/vmsport.fi\/#organization"},"potentialAction":[{"@type":"SearchAction","target":{"@type":"EntryPoint","urlTemplate":"https:\/\/vmsport.fi\/?s={search_term_string}"},"query-input":{"@type":"PropertyValueSpecification","valueRequired":true,"valueName":"search_term_string"}}],"inLanguage":"sv-SE"},{"@type":"Organization","@id":"https:\/\/vmsport.fi\/#organization","name":"Vmsport","url":"https:\/\/vmsport.fi\/","logo":{"@type":"ImageObject","inLanguage":"sv-SE","@id":"https:\/\/vmsport.fi\/#\/schema\/logo\/image\/","url":"https:\/\/vmsport.fi\/wp-content\/uploads\/2024\/12\/vm_sport_RGB_horisontal-e1734526017575.png","contentUrl":"https:\/\/vmsport.fi\/wp-content\/uploads\/2024\/12\/vm_sport_RGB_horisontal-e1734526017575.png","width":668,"height":85,"caption":"Vmsport"},"image":{"@id":"https:\/\/vmsport.fi\/#\/schema\/logo\/image\/"},"sameAs":["https:\/\/www.facebook.com\/Vmsport.fi\/","https:\/\/www.instagram.com\/vmsport\/"]}]}},"global_unique_id":"","_links":{"self":[{"href":"https:\/\/vmsport.fi\/sv\/wp-json\/wp\/v2\/product\/63525","targetHints":{"allow":["GET"]}}],"collection":[{"href":"https:\/\/vmsport.fi\/sv\/wp-json\/wp\/v2\/product"}],"about":[{"href":"https:\/\/vmsport.fi\/sv\/wp-json\/wp\/v2\/types\/product"}],"replies":[{"embeddable":true,"href":"https:\/\/vmsport.fi\/sv\/wp-json\/wp\/v2\/comments?post=63525"}],"wp:featuredmedia":[{"embeddable":true,"href":"https:\/\/vmsport.fi\/sv\/wp-json\/wp\/v2\/media\/63662"}],"wp:attachment":[{"href":"https:\/\/vmsport.fi\/sv\/wp-json\/wp\/v2\/media?parent=63525"}],"wp:term":[{"taxonomy":"product_brand","embeddable":true,"href":"https:\/\/vmsport.fi\/sv\/wp-json\/wp\/v2\/product_brand?post=63525"},{"taxonomy":"product_model","embeddable":true,"href":"https:\/\/vmsport.fi\/sv\/wp-json\/wp\/v2\/product_model?post=63525"},{"taxonomy":"product_cat","embeddable":true,"href":"https:\/\/vmsport.fi\/sv\/wp-json\/wp\/v2\/product_cat?post=63525"},{"taxonomy":"product_tag","embeddable":true,"href":"https:\/\/vmsport.fi\/sv\/wp-json\/wp\/v2\/product_tag?post=63525"},{"taxonomy":"industry_terminology","embeddable":true,"href":"https:\/\/vmsport.fi\/sv\/wp-json\/wp\/v2\/industry-terminology?post=63525"}],"curies":[{"name":"wp","href":"https:\/\/api.w.org\/{rel}","templated":true}]}}