{"id":63332,"date":"2026-02-11T13:13:35","date_gmt":"2026-02-11T11:13:35","guid":{"rendered":"https:\/\/vmsport.fi\/verkkokauppa\/Ei-luokiteltu\/orbea-denna-h30-ivory-white\/"},"modified":"2026-04-22T15:24:16","modified_gmt":"2026-04-22T12:24:16","slug":"orbea-denna-h30-ivory-white","status":"publish","type":"product","link":"https:\/\/vmsport.fi\/sv\/verkkokauppa\/polkupyorat\/maantie-ja-gravel\/gravel-pyorat\/orbea-denna-h30-ivory-white\/","title":{"rendered":"ORBEA DENNA H30 IVORY WHITE"},"content":{"rendered":"<p data-start=\"144\" data-end=\"200\"><strong data-start=\"144\" data-end=\"200\">Orbea Denna H30 \u2013 s\u00e4hk\u00f6avusteinen gravel-seikkailija<\/strong><\/p>\n<p data-start=\"202\" data-end=\"460\">Orbea Denna H30 on moderni s\u00e4hk\u00f6avusteinen gravel-py\u00f6r\u00e4, joka tekee pitkist\u00e4 lenkeist\u00e4 helpompia ja hauskempia. Kevyt alumiinirunko ja hiilikuituhaarukka tarjoavat hyv\u00e4n ajomukavuuden sek\u00e4 vakaan hallittavuuden soralla, asfaltilla ja vaihtelevassa maastossa.<\/p>\n<p data-start=\"462\" data-end=\"788\">Shimanon keskimoottori yhdess\u00e4 420 Wh integroidun akun kanssa antaa luonnollisen tuntuisen s\u00e4hk\u00f6avustuksen silloin kun sit\u00e4 eniten tarvitset \u2013 esimerkiksi vastatuulessa tai pitkiss\u00e4 nousuissa. Tehokas 1&#215;12-vaihteinen Shimano GRX -voimansiirto ja hydrauliset levyjarrut takaavat luotettavan suorituskyvyn kaikissa olosuhteissa.<\/p>\n<p data-start=\"790\" data-end=\"954\">Leve\u00e4t gravel-renkaat tarjoavat hyv\u00e4n pidon ja mukavuuden ep\u00e4tasaisilla teill\u00e4, ja runkoon mahtuu jopa 50 mm renkaat, mik\u00e4 lis\u00e4\u00e4 py\u00f6r\u00e4n monipuolisuutta entisest\u00e4\u00e4n.<\/p>\n<p data-start=\"956\" data-end=\"1096\">Orbea Denna H30 on erinomainen valinta ajajalle, joka haluaa yhdist\u00e4\u00e4 gravel-seikkailut, pitk\u00e4t lenkit ja s\u00e4hk\u00f6avustuksen tuoman lis\u00e4voiman.<\/p>","protected":false},"excerpt":{"rendered":"<p>Orbea Denna H30 \u2013 s\u00e4hk\u00f6avusteinen gravel-seikkailija Orbea Denna H30 on moderni s\u00e4hk\u00f6avusteinen gravel-py\u00f6r\u00e4, joka tekee pitkist\u00e4 lenkeist\u00e4 helpompia ja hauskempia. Kevyt alumiinirunko ja hiilikuituhaarukka tarjoavat hyv\u00e4n ajomukavuuden sek\u00e4 vakaan hallittavuuden soralla, asfaltilla ja vaihtelevassa maastossa. Shimanon keskimoottori yhdess\u00e4 420 Wh integroidun akun kanssa antaa luonnollisen tuntuisen s\u00e4hk\u00f6avustuksen silloin kun sit\u00e4 eniten tarvitset \u2013 esimerkiksi vastatuulessa [&#8230;]<\/p>\n<p><a class=\"btn btn-secondary understrap-read-more-link\" href=\"https:\/\/vmsport.fi\/sv\/verkkokauppa\/polkupyorat\/maantie-ja-gravel\/gravel-pyorat\/orbea-denna-h30-ivory-white\/\">L\u00e4s mer \u2026<span class=\"screen-reader-text\"> from ORBEA DENNA H30 IVORY WHITE<\/span><\/a><\/p>\n","protected":false},"featured_media":63329,"comment_status":"open","ping_status":"closed","template":"","meta":{"_acf_changed":false,"_improvement_type_select":"improve_an_existing","_thumb_yes_seoaic":false,"_frame_yes_seoaic":false,"seoaic_generate_description":"","seoaic_improve_instructions_prompt":"","seoaic_rollback_content_improvement":"","seoaic_idea_thumbnail_generator":"","thumbnail_generated":false,"thumbnail_generate_prompt":"","seoaic_article_description":"","_supplier_stock_quantity":0},"product_brand":[],"product_model":[],"product_cat":[9422],"product_tag":[],"industry-terminology":[],"class_list":{"0":"post-63332","1":"product","2":"type-product","3":"status-publish","4":"has-post-thumbnail","6":"product_cat-gravel-pyorat","8":"first","9":"instock","10":"taxable","11":"shipping-taxable","12":"purchasable","13":"product-type-variable"},"acf":{"bike_features":null,"overview":{"copy_overview":null,"key_features":null,"statement":"","youtube_url":""}},"yoast_head":"<!-- This site is optimized with the Yoast SEO plugin v27.4 - https:\/\/yoast.com\/product\/yoast-seo-wordpress\/ -->\n<title>ORBEA DENNA H30 IVORY WHITE - VM Sport<\/title>\n<meta name=\"robots\" content=\"index, follow, max-snippet:-1, max-image-preview:large, max-video-preview:-1\" \/>\n<link rel=\"canonical\" href=\"https:\/\/vmsport.fi\/sv\/webbutik\/cyklar\/vag-och-grus\/grus-pyorat\/orbea-denna-h30-ivory-white\/\" \/>\n<meta property=\"og:locale\" content=\"sv_SE\" \/>\n<meta property=\"og:type\" content=\"article\" \/>\n<meta property=\"og:title\" content=\"ORBEA DENNA H30 IVORY WHITE - VM Sport\" \/>\n<meta property=\"og:description\" content=\"Orbea Denna H30 \u2013 s\u00e4hk\u00f6avusteinen gravel-seikkailija Orbea Denna H30 on moderni s\u00e4hk\u00f6avusteinen gravel-py\u00f6r\u00e4, joka tekee pitkist\u00e4 lenkeist\u00e4 helpompia ja hauskempia. Kevyt alumiinirunko ja hiilikuituhaarukka tarjoavat hyv\u00e4n ajomukavuuden sek\u00e4 vakaan hallittavuuden soralla, asfaltilla ja vaihtelevassa maastossa. Shimanon keskimoottori yhdess\u00e4 420 Wh integroidun akun kanssa antaa luonnollisen tuntuisen s\u00e4hk\u00f6avustuksen silloin kun sit\u00e4 eniten tarvitset \u2013 esimerkiksi vastatuulessa [...]L\u00e4s mer \u2026 from ORBEA DENNA H30 IVORY WHITE\" \/>\n<meta property=\"og:url\" content=\"https:\/\/vmsport.fi\/sv\/webbutik\/cyklar\/vag-och-grus\/grus-pyorat\/orbea-denna-h30-ivory-white\/\" \/>\n<meta property=\"og:site_name\" content=\"VM Sport\" \/>\n<meta property=\"article:publisher\" content=\"https:\/\/www.facebook.com\/Vmsport.fi\/\" \/>\n<meta property=\"article:modified_time\" content=\"2026-04-22T12:24:16+00:00\" \/>\n<meta property=\"og:image\" content=\"https:\/\/vmsport.fi\/wp-content\/uploads\/2026\/02\/ORBEA260T30302GR.jpg\" \/>\n\t<meta property=\"og:image:width\" content=\"1000\" \/>\n\t<meta property=\"og:image:height\" content=\"864\" \/>\n\t<meta property=\"og:image:type\" content=\"image\/jpeg\" \/>\n<meta name=\"twitter:card\" content=\"summary_large_image\" \/>\n<meta name=\"twitter:label1\" content=\"Ber\u00e4knad l\u00e4stid\" \/>\n\t<meta name=\"twitter:data1\" content=\"1 minut\" \/>\n<script type=\"application\/ld+json\" class=\"yoast-schema-graph\">{\"@context\":\"https:\\\/\\\/schema.org\",\"@graph\":[{\"@type\":[\"WebPage\",\"ItemPage\"],\"@id\":\"https:\\\/\\\/vmsport.fi\\\/verkkokauppa\\\/polkupyorat\\\/maantie-ja-gravel\\\/gravel-pyorat\\\/orbea-denna-h30-ivory-white\\\/\",\"url\":\"https:\\\/\\\/vmsport.fi\\\/verkkokauppa\\\/polkupyorat\\\/maantie-ja-gravel\\\/gravel-pyorat\\\/orbea-denna-h30-ivory-white\\\/\",\"name\":\"ORBEA DENNA H30 IVORY WHITE - VM Sport\",\"isPartOf\":{\"@id\":\"https:\\\/\\\/vmsport.fi\\\/#website\"},\"primaryImageOfPage\":{\"@id\":\"https:\\\/\\\/vmsport.fi\\\/verkkokauppa\\\/polkupyorat\\\/maantie-ja-gravel\\\/gravel-pyorat\\\/orbea-denna-h30-ivory-white\\\/#primaryimage\"},\"image\":{\"@id\":\"https:\\\/\\\/vmsport.fi\\\/verkkokauppa\\\/polkupyorat\\\/maantie-ja-gravel\\\/gravel-pyorat\\\/orbea-denna-h30-ivory-white\\\/#primaryimage\"},\"thumbnailUrl\":\"https:\\\/\\\/vmsport.fi\\\/wp-content\\\/uploads\\\/2026\\\/02\\\/ORBEA260T30302GR.jpg\",\"datePublished\":\"2026-02-11T11:13:35+00:00\",\"dateModified\":\"2026-04-22T12:24:16+00:00\",\"breadcrumb\":{\"@id\":\"https:\\\/\\\/vmsport.fi\\\/verkkokauppa\\\/polkupyorat\\\/maantie-ja-gravel\\\/gravel-pyorat\\\/orbea-denna-h30-ivory-white\\\/#breadcrumb\"},\"inLanguage\":\"sv-SE\",\"potentialAction\":[{\"@type\":\"ReadAction\",\"target\":[\"https:\\\/\\\/vmsport.fi\\\/verkkokauppa\\\/polkupyorat\\\/maantie-ja-gravel\\\/gravel-pyorat\\\/orbea-denna-h30-ivory-white\\\/\"]}]},{\"@type\":\"ImageObject\",\"inLanguage\":\"sv-SE\",\"@id\":\"https:\\\/\\\/vmsport.fi\\\/verkkokauppa\\\/polkupyorat\\\/maantie-ja-gravel\\\/gravel-pyorat\\\/orbea-denna-h30-ivory-white\\\/#primaryimage\",\"url\":\"https:\\\/\\\/vmsport.fi\\\/wp-content\\\/uploads\\\/2026\\\/02\\\/ORBEA260T30302GR.jpg\",\"contentUrl\":\"https:\\\/\\\/vmsport.fi\\\/wp-content\\\/uploads\\\/2026\\\/02\\\/ORBEA260T30302GR.jpg\",\"width\":1000,\"height\":864,\"caption\":\"ORBEA260T30302GR\"},{\"@type\":\"BreadcrumbList\",\"@id\":\"https:\\\/\\\/vmsport.fi\\\/verkkokauppa\\\/polkupyorat\\\/maantie-ja-gravel\\\/gravel-pyorat\\\/orbea-denna-h30-ivory-white\\\/#breadcrumb\",\"itemListElement\":[{\"@type\":\"ListItem\",\"position\":1,\"name\":\"Etusivu\",\"item\":\"https:\\\/\\\/vmsport.fi\\\/\"},{\"@type\":\"ListItem\",\"position\":2,\"name\":\"Online Store\",\"item\":\"https:\\\/\\\/vmsport.fi\\\/en\\\/online-store\\\/\"},{\"@type\":\"ListItem\",\"position\":3,\"name\":\"ORBEA DENNA H30 IVORY WHITE\"}]},{\"@type\":\"WebSite\",\"@id\":\"https:\\\/\\\/vmsport.fi\\\/#website\",\"url\":\"https:\\\/\\\/vmsport.fi\\\/\",\"name\":\"Vmsport\",\"description\":\"Kaikki py\u00f6r\u00e4ilyyn yhdest\u00e4 paikasta\",\"publisher\":{\"@id\":\"https:\\\/\\\/vmsport.fi\\\/#organization\"},\"potentialAction\":[{\"@type\":\"SearchAction\",\"target\":{\"@type\":\"EntryPoint\",\"urlTemplate\":\"https:\\\/\\\/vmsport.fi\\\/?s={search_term_string}\"},\"query-input\":{\"@type\":\"PropertyValueSpecification\",\"valueRequired\":true,\"valueName\":\"search_term_string\"}}],\"inLanguage\":\"sv-SE\"},{\"@type\":\"Organization\",\"@id\":\"https:\\\/\\\/vmsport.fi\\\/#organization\",\"name\":\"Vmsport\",\"url\":\"https:\\\/\\\/vmsport.fi\\\/\",\"logo\":{\"@type\":\"ImageObject\",\"inLanguage\":\"sv-SE\",\"@id\":\"https:\\\/\\\/vmsport.fi\\\/#\\\/schema\\\/logo\\\/image\\\/\",\"url\":\"https:\\\/\\\/vmsport.fi\\\/wp-content\\\/uploads\\\/2024\\\/12\\\/vm_sport_RGB_horisontal-e1734526017575.png\",\"contentUrl\":\"https:\\\/\\\/vmsport.fi\\\/wp-content\\\/uploads\\\/2024\\\/12\\\/vm_sport_RGB_horisontal-e1734526017575.png\",\"width\":668,\"height\":85,\"caption\":\"Vmsport\"},\"image\":{\"@id\":\"https:\\\/\\\/vmsport.fi\\\/#\\\/schema\\\/logo\\\/image\\\/\"},\"sameAs\":[\"https:\\\/\\\/www.facebook.com\\\/Vmsport.fi\\\/\",\"https:\\\/\\\/www.instagram.com\\\/vmsport\\\/\"]}]}<\/script>\n<!-- \/ Yoast SEO plugin. -->","yoast_head_json":{"title":"ORBEA DENNA H30 IVORY WHITE - VM Sport","robots":{"index":"index","follow":"follow","max-snippet":"max-snippet:-1","max-image-preview":"max-image-preview:large","max-video-preview":"max-video-preview:-1"},"canonical":"https:\/\/vmsport.fi\/sv\/webbutik\/cyklar\/vag-och-grus\/grus-pyorat\/orbea-denna-h30-ivory-white\/","og_locale":"sv_SE","og_type":"article","og_title":"ORBEA DENNA H30 IVORY WHITE - VM Sport","og_description":"Orbea Denna H30 \u2013 s\u00e4hk\u00f6avusteinen gravel-seikkailija Orbea Denna H30 on moderni s\u00e4hk\u00f6avusteinen gravel-py\u00f6r\u00e4, joka tekee pitkist\u00e4 lenkeist\u00e4 helpompia ja hauskempia. Kevyt alumiinirunko ja hiilikuituhaarukka tarjoavat hyv\u00e4n ajomukavuuden sek\u00e4 vakaan hallittavuuden soralla, asfaltilla ja vaihtelevassa maastossa. Shimanon keskimoottori yhdess\u00e4 420 Wh integroidun akun kanssa antaa luonnollisen tuntuisen s\u00e4hk\u00f6avustuksen silloin kun sit\u00e4 eniten tarvitset \u2013 esimerkiksi vastatuulessa [...]L\u00e4s mer \u2026 from ORBEA DENNA H30 IVORY WHITE","og_url":"https:\/\/vmsport.fi\/sv\/webbutik\/cyklar\/vag-och-grus\/grus-pyorat\/orbea-denna-h30-ivory-white\/","og_site_name":"VM Sport","article_publisher":"https:\/\/www.facebook.com\/Vmsport.fi\/","article_modified_time":"2026-04-22T12:24:16+00:00","og_image":[{"width":1000,"height":864,"url":"https:\/\/vmsport.fi\/wp-content\/uploads\/2026\/02\/ORBEA260T30302GR.jpg","type":"image\/jpeg"}],"twitter_card":"summary_large_image","twitter_misc":{"Ber\u00e4knad l\u00e4stid":"1 minut"},"schema":{"@context":"https:\/\/schema.org","@graph":[{"@type":["WebPage","ItemPage"],"@id":"https:\/\/vmsport.fi\/verkkokauppa\/polkupyorat\/maantie-ja-gravel\/gravel-pyorat\/orbea-denna-h30-ivory-white\/","url":"https:\/\/vmsport.fi\/verkkokauppa\/polkupyorat\/maantie-ja-gravel\/gravel-pyorat\/orbea-denna-h30-ivory-white\/","name":"ORBEA DENNA H30 IVORY WHITE - VM Sport","isPartOf":{"@id":"https:\/\/vmsport.fi\/#website"},"primaryImageOfPage":{"@id":"https:\/\/vmsport.fi\/verkkokauppa\/polkupyorat\/maantie-ja-gravel\/gravel-pyorat\/orbea-denna-h30-ivory-white\/#primaryimage"},"image":{"@id":"https:\/\/vmsport.fi\/verkkokauppa\/polkupyorat\/maantie-ja-gravel\/gravel-pyorat\/orbea-denna-h30-ivory-white\/#primaryimage"},"thumbnailUrl":"https:\/\/vmsport.fi\/wp-content\/uploads\/2026\/02\/ORBEA260T30302GR.jpg","datePublished":"2026-02-11T11:13:35+00:00","dateModified":"2026-04-22T12:24:16+00:00","breadcrumb":{"@id":"https:\/\/vmsport.fi\/verkkokauppa\/polkupyorat\/maantie-ja-gravel\/gravel-pyorat\/orbea-denna-h30-ivory-white\/#breadcrumb"},"inLanguage":"sv-SE","potentialAction":[{"@type":"ReadAction","target":["https:\/\/vmsport.fi\/verkkokauppa\/polkupyorat\/maantie-ja-gravel\/gravel-pyorat\/orbea-denna-h30-ivory-white\/"]}]},{"@type":"ImageObject","inLanguage":"sv-SE","@id":"https:\/\/vmsport.fi\/verkkokauppa\/polkupyorat\/maantie-ja-gravel\/gravel-pyorat\/orbea-denna-h30-ivory-white\/#primaryimage","url":"https:\/\/vmsport.fi\/wp-content\/uploads\/2026\/02\/ORBEA260T30302GR.jpg","contentUrl":"https:\/\/vmsport.fi\/wp-content\/uploads\/2026\/02\/ORBEA260T30302GR.jpg","width":1000,"height":864,"caption":"ORBEA260T30302GR"},{"@type":"BreadcrumbList","@id":"https:\/\/vmsport.fi\/verkkokauppa\/polkupyorat\/maantie-ja-gravel\/gravel-pyorat\/orbea-denna-h30-ivory-white\/#breadcrumb","itemListElement":[{"@type":"ListItem","position":1,"name":"Etusivu","item":"https:\/\/vmsport.fi\/"},{"@type":"ListItem","position":2,"name":"Online Store","item":"https:\/\/vmsport.fi\/en\/online-store\/"},{"@type":"ListItem","position":3,"name":"ORBEA DENNA H30 IVORY WHITE"}]},{"@type":"WebSite","@id":"https:\/\/vmsport.fi\/#website","url":"https:\/\/vmsport.fi\/","name":"Vmsport","description":"Allt p\u00e5 ett st\u00e4lle f\u00f6r cykling","publisher":{"@id":"https:\/\/vmsport.fi\/#organization"},"potentialAction":[{"@type":"SearchAction","target":{"@type":"EntryPoint","urlTemplate":"https:\/\/vmsport.fi\/?s={search_term_string}"},"query-input":{"@type":"PropertyValueSpecification","valueRequired":true,"valueName":"search_term_string"}}],"inLanguage":"sv-SE"},{"@type":"Organization","@id":"https:\/\/vmsport.fi\/#organization","name":"Vmsport","url":"https:\/\/vmsport.fi\/","logo":{"@type":"ImageObject","inLanguage":"sv-SE","@id":"https:\/\/vmsport.fi\/#\/schema\/logo\/image\/","url":"https:\/\/vmsport.fi\/wp-content\/uploads\/2024\/12\/vm_sport_RGB_horisontal-e1734526017575.png","contentUrl":"https:\/\/vmsport.fi\/wp-content\/uploads\/2024\/12\/vm_sport_RGB_horisontal-e1734526017575.png","width":668,"height":85,"caption":"Vmsport"},"image":{"@id":"https:\/\/vmsport.fi\/#\/schema\/logo\/image\/"},"sameAs":["https:\/\/www.facebook.com\/Vmsport.fi\/","https:\/\/www.instagram.com\/vmsport\/"]}]}},"global_unique_id":"","_links":{"self":[{"href":"https:\/\/vmsport.fi\/sv\/wp-json\/wp\/v2\/product\/63332","targetHints":{"allow":["GET"]}}],"collection":[{"href":"https:\/\/vmsport.fi\/sv\/wp-json\/wp\/v2\/product"}],"about":[{"href":"https:\/\/vmsport.fi\/sv\/wp-json\/wp\/v2\/types\/product"}],"replies":[{"embeddable":true,"href":"https:\/\/vmsport.fi\/sv\/wp-json\/wp\/v2\/comments?post=63332"}],"wp:featuredmedia":[{"embeddable":true,"href":"https:\/\/vmsport.fi\/sv\/wp-json\/wp\/v2\/media\/63329"}],"wp:attachment":[{"href":"https:\/\/vmsport.fi\/sv\/wp-json\/wp\/v2\/media?parent=63332"}],"wp:term":[{"taxonomy":"product_brand","embeddable":true,"href":"https:\/\/vmsport.fi\/sv\/wp-json\/wp\/v2\/product_brand?post=63332"},{"taxonomy":"product_model","embeddable":true,"href":"https:\/\/vmsport.fi\/sv\/wp-json\/wp\/v2\/product_model?post=63332"},{"taxonomy":"product_cat","embeddable":true,"href":"https:\/\/vmsport.fi\/sv\/wp-json\/wp\/v2\/product_cat?post=63332"},{"taxonomy":"product_tag","embeddable":true,"href":"https:\/\/vmsport.fi\/sv\/wp-json\/wp\/v2\/product_tag?post=63332"},{"taxonomy":"industry_terminology","embeddable":true,"href":"https:\/\/vmsport.fi\/sv\/wp-json\/wp\/v2\/industry-terminology?post=63332"}],"curies":[{"name":"wp","href":"https:\/\/api.w.org\/{rel}","templated":true}]}}