{"id":63084,"date":"2026-02-05T15:58:42","date_gmt":"2026-02-05T13:58:42","guid":{"rendered":"https:\/\/vmsport.fi\/verkkokauppa\/Ei-luokiteltu\/trek-checkout-sl-5-dark-star-dark-web\/"},"modified":"2026-04-07T17:00:20","modified_gmt":"2026-04-07T14:00:20","slug":"trek-checkout-sl-5-dark-star-dark-web","status":"publish","type":"product","link":"https:\/\/vmsport.fi\/sv\/verkkokauppa\/polkupyorat\/maantie-ja-gravel\/gravel-pyorat\/trek-checkout-sl-5-dark-star-dark-web\/","title":{"rendered":"Trek CheckOUT SL 5 &#8211; Dark Star\/Dark Web"},"content":{"rendered":"<p>CheckOUT SL 5 on varustettu hyv\u00e4ksi todetulla 55 mm takajousituksella RockShox SIDluxe -iskunvaimentimella ja 60 mm etujousituksella RockShox Rudy XL -haarukalla, mik\u00e4 parantaa ajomukavuutta ja hallintaa ep\u00e4tasaisella gravel-maastolla. 500-sarjan OCLV-hiilikuiturunko tarjoaa keveytt\u00e4 ja kest\u00e4vyytt\u00e4 vaativiin seikkailuihin. Rungossa on laaja rengastila jopa 56 mm leveille renkaille, mik\u00e4 lis\u00e4\u00e4 monipuolisuutta. Shimano GRX 12-vaihteinen voimansiirto takaa laajan vaihdealueen ja luotettavan suorituskyvyn. GR CheckOUT -droppitangon monipuoliset k\u00e4siasennot tukevat eri ajoasentoja ja ajomukavuutta. Lis\u00e4ksi py\u00f6r\u00e4 sis\u00e4lt\u00e4\u00e4 integroitu takatavaratelineen ja s\u00e4\u00e4dett\u00e4v\u00e4t kiinnikkeet lis\u00e4varusteille, jotka soveltuvat bikepackingiin.<\/p>","protected":false},"excerpt":{"rendered":"<p>T\u00e4ysjousitus, laaja rengastila ja laadukas Shimano GRX -voimansiirto tekev\u00e4t t\u00e4st\u00e4 gravel-py\u00f6r\u00e4st\u00e4 mukavan ja monipuolisen valinnan. [&#8230;]<\/p>\n<p><a class=\"btn btn-secondary understrap-read-more-link\" href=\"https:\/\/vmsport.fi\/sv\/verkkokauppa\/polkupyorat\/maantie-ja-gravel\/gravel-pyorat\/trek-checkout-sl-5-dark-star-dark-web\/\">L\u00e4s mer \u2026<span class=\"screen-reader-text\"> from Trek CheckOUT SL 5 &#8211; Dark Star\/Dark Web<\/span><\/a><\/p>\n","protected":false},"featured_media":63080,"comment_status":"open","ping_status":"closed","template":"","meta":{"_acf_changed":false,"_improvement_type_select":"improve_an_existing","_thumb_yes_seoaic":false,"_frame_yes_seoaic":false,"seoaic_generate_description":"","seoaic_improve_instructions_prompt":"","seoaic_rollback_content_improvement":"","seoaic_idea_thumbnail_generator":"","thumbnail_generated":false,"thumbnail_generate_prompt":"","seoaic_article_description":"","_supplier_stock_quantity":0},"product_brand":[],"product_model":[],"product_cat":[9422],"product_tag":[],"industry-terminology":[],"class_list":{"0":"post-63084","1":"product","2":"type-product","3":"status-publish","4":"has-post-thumbnail","6":"product_cat-gravel-pyorat","8":"first","9":"instock","10":"taxable","11":"shipping-taxable","12":"purchasable","13":"product-type-variable"},"acf":{"bike_features":null,"overview":{"copy_overview":null,"key_features":null,"statement":"","youtube_url":""}},"yoast_head":"<!-- This site is optimized with the Yoast SEO plugin v27.3 - https:\/\/yoast.com\/product\/yoast-seo-wordpress\/ -->\n<title>Trek CheckOUT SL 5 - Dark Star\/Dark Web - VM Sport<\/title>\n<meta name=\"robots\" content=\"index, follow, max-snippet:-1, max-image-preview:large, max-video-preview:-1\" \/>\n<link rel=\"canonical\" href=\"https:\/\/vmsport.fi\/sv\/webbutik\/cyklar\/vag-och-grus\/grus-pyorat\/trek-checkout-sl-5-dark-star-dark-web\/\" \/>\n<meta property=\"og:locale\" content=\"sv_SE\" \/>\n<meta property=\"og:type\" content=\"article\" \/>\n<meta property=\"og:title\" content=\"Trek CheckOUT SL 5 - Dark Star\/Dark Web - VM Sport\" \/>\n<meta property=\"og:description\" content=\"T\u00e4ysjousitus, laaja rengastila ja laadukas Shimano GRX -voimansiirto tekev\u00e4t t\u00e4st\u00e4 gravel-py\u00f6r\u00e4st\u00e4 mukavan ja monipuolisen valinnan. [...]L\u00e4s mer \u2026 from Trek CheckOUT SL 5 &#8211; Dark Star\/Dark Web\" \/>\n<meta property=\"og:url\" content=\"https:\/\/vmsport.fi\/sv\/webbutik\/cyklar\/vag-och-grus\/grus-pyorat\/trek-checkout-sl-5-dark-star-dark-web\/\" \/>\n<meta property=\"og:site_name\" content=\"VM Sport\" \/>\n<meta property=\"article:publisher\" content=\"https:\/\/www.facebook.com\/Vmsport.fi\/\" \/>\n<meta property=\"article:modified_time\" content=\"2026-04-07T14:00:20+00:00\" \/>\n<meta property=\"og:image\" content=\"https:\/\/vmsport.fi\/wp-content\/uploads\/2026\/02\/g4nMEQW9x9O1T8SeBeLhPjbsU7lAPtdqoDKB1hQ6MOyzLllEsu.jpg\" \/>\n\t<meta property=\"og:image:width\" content=\"1000\" \/>\n\t<meta property=\"og:image:height\" content=\"750\" \/>\n\t<meta property=\"og:image:type\" content=\"image\/jpeg\" \/>\n<meta name=\"twitter:card\" content=\"summary_large_image\" \/>\n<meta name=\"twitter:label1\" content=\"Ber\u00e4knad l\u00e4stid\" \/>\n\t<meta name=\"twitter:data1\" content=\"1 minut\" \/>\n<script type=\"application\/ld+json\" class=\"yoast-schema-graph\">{\"@context\":\"https:\\\/\\\/schema.org\",\"@graph\":[{\"@type\":[\"WebPage\",\"ItemPage\"],\"@id\":\"https:\\\/\\\/vmsport.fi\\\/verkkokauppa\\\/polkupyorat\\\/maantie-ja-gravel\\\/gravel-pyorat\\\/trek-checkout-sl-5-dark-star-dark-web\\\/\",\"url\":\"https:\\\/\\\/vmsport.fi\\\/verkkokauppa\\\/polkupyorat\\\/maantie-ja-gravel\\\/gravel-pyorat\\\/trek-checkout-sl-5-dark-star-dark-web\\\/\",\"name\":\"Trek CheckOUT SL 5 - Dark Star\\\/Dark Web - VM Sport\",\"isPartOf\":{\"@id\":\"https:\\\/\\\/vmsport.fi\\\/#website\"},\"primaryImageOfPage\":{\"@id\":\"https:\\\/\\\/vmsport.fi\\\/verkkokauppa\\\/polkupyorat\\\/maantie-ja-gravel\\\/gravel-pyorat\\\/trek-checkout-sl-5-dark-star-dark-web\\\/#primaryimage\"},\"image\":{\"@id\":\"https:\\\/\\\/vmsport.fi\\\/verkkokauppa\\\/polkupyorat\\\/maantie-ja-gravel\\\/gravel-pyorat\\\/trek-checkout-sl-5-dark-star-dark-web\\\/#primaryimage\"},\"thumbnailUrl\":\"https:\\\/\\\/vmsport.fi\\\/wp-content\\\/uploads\\\/2026\\\/02\\\/g4nMEQW9x9O1T8SeBeLhPjbsU7lAPtdqoDKB1hQ6MOyzLllEsu.jpg\",\"datePublished\":\"2026-02-05T13:58:42+00:00\",\"dateModified\":\"2026-04-07T14:00:20+00:00\",\"breadcrumb\":{\"@id\":\"https:\\\/\\\/vmsport.fi\\\/verkkokauppa\\\/polkupyorat\\\/maantie-ja-gravel\\\/gravel-pyorat\\\/trek-checkout-sl-5-dark-star-dark-web\\\/#breadcrumb\"},\"inLanguage\":\"sv-SE\",\"potentialAction\":[{\"@type\":\"ReadAction\",\"target\":[\"https:\\\/\\\/vmsport.fi\\\/verkkokauppa\\\/polkupyorat\\\/maantie-ja-gravel\\\/gravel-pyorat\\\/trek-checkout-sl-5-dark-star-dark-web\\\/\"]}]},{\"@type\":\"ImageObject\",\"inLanguage\":\"sv-SE\",\"@id\":\"https:\\\/\\\/vmsport.fi\\\/verkkokauppa\\\/polkupyorat\\\/maantie-ja-gravel\\\/gravel-pyorat\\\/trek-checkout-sl-5-dark-star-dark-web\\\/#primaryimage\",\"url\":\"https:\\\/\\\/vmsport.fi\\\/wp-content\\\/uploads\\\/2026\\\/02\\\/g4nMEQW9x9O1T8SeBeLhPjbsU7lAPtdqoDKB1hQ6MOyzLllEsu.jpg\",\"contentUrl\":\"https:\\\/\\\/vmsport.fi\\\/wp-content\\\/uploads\\\/2026\\\/02\\\/g4nMEQW9x9O1T8SeBeLhPjbsU7lAPtdqoDKB1hQ6MOyzLllEsu.jpg\",\"width\":1000,\"height\":750,\"caption\":\"g4nMEQW9x9O1T8SeBeLhPjbsU7lAPtdqoDKB1hQ6MOyzLllEsu\"},{\"@type\":\"BreadcrumbList\",\"@id\":\"https:\\\/\\\/vmsport.fi\\\/verkkokauppa\\\/polkupyorat\\\/maantie-ja-gravel\\\/gravel-pyorat\\\/trek-checkout-sl-5-dark-star-dark-web\\\/#breadcrumb\",\"itemListElement\":[{\"@type\":\"ListItem\",\"position\":1,\"name\":\"Etusivu\",\"item\":\"https:\\\/\\\/vmsport.fi\\\/\"},{\"@type\":\"ListItem\",\"position\":2,\"name\":\"Online Store\",\"item\":\"https:\\\/\\\/vmsport.fi\\\/en\\\/online-store\\\/\"},{\"@type\":\"ListItem\",\"position\":3,\"name\":\"Trek CheckOUT SL 5 &#8211; Dark Star\\\/Dark Web\"}]},{\"@type\":\"WebSite\",\"@id\":\"https:\\\/\\\/vmsport.fi\\\/#website\",\"url\":\"https:\\\/\\\/vmsport.fi\\\/\",\"name\":\"Vmsport\",\"description\":\"Kaikki py\u00f6r\u00e4ilyyn yhdest\u00e4 paikasta\",\"publisher\":{\"@id\":\"https:\\\/\\\/vmsport.fi\\\/#organization\"},\"potentialAction\":[{\"@type\":\"SearchAction\",\"target\":{\"@type\":\"EntryPoint\",\"urlTemplate\":\"https:\\\/\\\/vmsport.fi\\\/?s={search_term_string}\"},\"query-input\":{\"@type\":\"PropertyValueSpecification\",\"valueRequired\":true,\"valueName\":\"search_term_string\"}}],\"inLanguage\":\"sv-SE\"},{\"@type\":\"Organization\",\"@id\":\"https:\\\/\\\/vmsport.fi\\\/#organization\",\"name\":\"Vmsport\",\"url\":\"https:\\\/\\\/vmsport.fi\\\/\",\"logo\":{\"@type\":\"ImageObject\",\"inLanguage\":\"sv-SE\",\"@id\":\"https:\\\/\\\/vmsport.fi\\\/#\\\/schema\\\/logo\\\/image\\\/\",\"url\":\"https:\\\/\\\/vmsport.fi\\\/wp-content\\\/uploads\\\/2024\\\/12\\\/vm_sport_RGB_horisontal-e1734526017575.png\",\"contentUrl\":\"https:\\\/\\\/vmsport.fi\\\/wp-content\\\/uploads\\\/2024\\\/12\\\/vm_sport_RGB_horisontal-e1734526017575.png\",\"width\":668,\"height\":85,\"caption\":\"Vmsport\"},\"image\":{\"@id\":\"https:\\\/\\\/vmsport.fi\\\/#\\\/schema\\\/logo\\\/image\\\/\"},\"sameAs\":[\"https:\\\/\\\/www.facebook.com\\\/Vmsport.fi\\\/\",\"https:\\\/\\\/www.instagram.com\\\/vmsport\\\/\"]}]}<\/script>\n<!-- \/ Yoast SEO plugin. -->","yoast_head_json":{"title":"Trek CheckOUT SL 5 - Dark Star\/Dark Web - VM Sport","robots":{"index":"index","follow":"follow","max-snippet":"max-snippet:-1","max-image-preview":"max-image-preview:large","max-video-preview":"max-video-preview:-1"},"canonical":"https:\/\/vmsport.fi\/sv\/webbutik\/cyklar\/vag-och-grus\/grus-pyorat\/trek-checkout-sl-5-dark-star-dark-web\/","og_locale":"sv_SE","og_type":"article","og_title":"Trek CheckOUT SL 5 - Dark Star\/Dark Web - VM Sport","og_description":"T\u00e4ysjousitus, laaja rengastila ja laadukas Shimano GRX -voimansiirto tekev\u00e4t t\u00e4st\u00e4 gravel-py\u00f6r\u00e4st\u00e4 mukavan ja monipuolisen valinnan. [...]L\u00e4s mer \u2026 from Trek CheckOUT SL 5 &#8211; Dark Star\/Dark Web","og_url":"https:\/\/vmsport.fi\/sv\/webbutik\/cyklar\/vag-och-grus\/grus-pyorat\/trek-checkout-sl-5-dark-star-dark-web\/","og_site_name":"VM Sport","article_publisher":"https:\/\/www.facebook.com\/Vmsport.fi\/","article_modified_time":"2026-04-07T14:00:20+00:00","og_image":[{"width":1000,"height":750,"url":"https:\/\/vmsport.fi\/wp-content\/uploads\/2026\/02\/g4nMEQW9x9O1T8SeBeLhPjbsU7lAPtdqoDKB1hQ6MOyzLllEsu.jpg","type":"image\/jpeg"}],"twitter_card":"summary_large_image","twitter_misc":{"Ber\u00e4knad l\u00e4stid":"1 minut"},"schema":{"@context":"https:\/\/schema.org","@graph":[{"@type":["WebPage","ItemPage"],"@id":"https:\/\/vmsport.fi\/verkkokauppa\/polkupyorat\/maantie-ja-gravel\/gravel-pyorat\/trek-checkout-sl-5-dark-star-dark-web\/","url":"https:\/\/vmsport.fi\/verkkokauppa\/polkupyorat\/maantie-ja-gravel\/gravel-pyorat\/trek-checkout-sl-5-dark-star-dark-web\/","name":"Trek CheckOUT SL 5 - Dark Star\/Dark Web - VM Sport","isPartOf":{"@id":"https:\/\/vmsport.fi\/#website"},"primaryImageOfPage":{"@id":"https:\/\/vmsport.fi\/verkkokauppa\/polkupyorat\/maantie-ja-gravel\/gravel-pyorat\/trek-checkout-sl-5-dark-star-dark-web\/#primaryimage"},"image":{"@id":"https:\/\/vmsport.fi\/verkkokauppa\/polkupyorat\/maantie-ja-gravel\/gravel-pyorat\/trek-checkout-sl-5-dark-star-dark-web\/#primaryimage"},"thumbnailUrl":"https:\/\/vmsport.fi\/wp-content\/uploads\/2026\/02\/g4nMEQW9x9O1T8SeBeLhPjbsU7lAPtdqoDKB1hQ6MOyzLllEsu.jpg","datePublished":"2026-02-05T13:58:42+00:00","dateModified":"2026-04-07T14:00:20+00:00","breadcrumb":{"@id":"https:\/\/vmsport.fi\/verkkokauppa\/polkupyorat\/maantie-ja-gravel\/gravel-pyorat\/trek-checkout-sl-5-dark-star-dark-web\/#breadcrumb"},"inLanguage":"sv-SE","potentialAction":[{"@type":"ReadAction","target":["https:\/\/vmsport.fi\/verkkokauppa\/polkupyorat\/maantie-ja-gravel\/gravel-pyorat\/trek-checkout-sl-5-dark-star-dark-web\/"]}]},{"@type":"ImageObject","inLanguage":"sv-SE","@id":"https:\/\/vmsport.fi\/verkkokauppa\/polkupyorat\/maantie-ja-gravel\/gravel-pyorat\/trek-checkout-sl-5-dark-star-dark-web\/#primaryimage","url":"https:\/\/vmsport.fi\/wp-content\/uploads\/2026\/02\/g4nMEQW9x9O1T8SeBeLhPjbsU7lAPtdqoDKB1hQ6MOyzLllEsu.jpg","contentUrl":"https:\/\/vmsport.fi\/wp-content\/uploads\/2026\/02\/g4nMEQW9x9O1T8SeBeLhPjbsU7lAPtdqoDKB1hQ6MOyzLllEsu.jpg","width":1000,"height":750,"caption":"g4nMEQW9x9O1T8SeBeLhPjbsU7lAPtdqoDKB1hQ6MOyzLllEsu"},{"@type":"BreadcrumbList","@id":"https:\/\/vmsport.fi\/verkkokauppa\/polkupyorat\/maantie-ja-gravel\/gravel-pyorat\/trek-checkout-sl-5-dark-star-dark-web\/#breadcrumb","itemListElement":[{"@type":"ListItem","position":1,"name":"Etusivu","item":"https:\/\/vmsport.fi\/"},{"@type":"ListItem","position":2,"name":"Online Store","item":"https:\/\/vmsport.fi\/en\/online-store\/"},{"@type":"ListItem","position":3,"name":"Trek CheckOUT SL 5 &#8211; Dark Star\/Dark Web"}]},{"@type":"WebSite","@id":"https:\/\/vmsport.fi\/#website","url":"https:\/\/vmsport.fi\/","name":"Vmsport","description":"Allt p\u00e5 ett st\u00e4lle f\u00f6r cykling","publisher":{"@id":"https:\/\/vmsport.fi\/#organization"},"potentialAction":[{"@type":"SearchAction","target":{"@type":"EntryPoint","urlTemplate":"https:\/\/vmsport.fi\/?s={search_term_string}"},"query-input":{"@type":"PropertyValueSpecification","valueRequired":true,"valueName":"search_term_string"}}],"inLanguage":"sv-SE"},{"@type":"Organization","@id":"https:\/\/vmsport.fi\/#organization","name":"Vmsport","url":"https:\/\/vmsport.fi\/","logo":{"@type":"ImageObject","inLanguage":"sv-SE","@id":"https:\/\/vmsport.fi\/#\/schema\/logo\/image\/","url":"https:\/\/vmsport.fi\/wp-content\/uploads\/2024\/12\/vm_sport_RGB_horisontal-e1734526017575.png","contentUrl":"https:\/\/vmsport.fi\/wp-content\/uploads\/2024\/12\/vm_sport_RGB_horisontal-e1734526017575.png","width":668,"height":85,"caption":"Vmsport"},"image":{"@id":"https:\/\/vmsport.fi\/#\/schema\/logo\/image\/"},"sameAs":["https:\/\/www.facebook.com\/Vmsport.fi\/","https:\/\/www.instagram.com\/vmsport\/"]}]}},"global_unique_id":"","_links":{"self":[{"href":"https:\/\/vmsport.fi\/sv\/wp-json\/wp\/v2\/product\/63084","targetHints":{"allow":["GET"]}}],"collection":[{"href":"https:\/\/vmsport.fi\/sv\/wp-json\/wp\/v2\/product"}],"about":[{"href":"https:\/\/vmsport.fi\/sv\/wp-json\/wp\/v2\/types\/product"}],"replies":[{"embeddable":true,"href":"https:\/\/vmsport.fi\/sv\/wp-json\/wp\/v2\/comments?post=63084"}],"wp:featuredmedia":[{"embeddable":true,"href":"https:\/\/vmsport.fi\/sv\/wp-json\/wp\/v2\/media\/63080"}],"wp:attachment":[{"href":"https:\/\/vmsport.fi\/sv\/wp-json\/wp\/v2\/media?parent=63084"}],"wp:term":[{"taxonomy":"product_brand","embeddable":true,"href":"https:\/\/vmsport.fi\/sv\/wp-json\/wp\/v2\/product_brand?post=63084"},{"taxonomy":"product_model","embeddable":true,"href":"https:\/\/vmsport.fi\/sv\/wp-json\/wp\/v2\/product_model?post=63084"},{"taxonomy":"product_cat","embeddable":true,"href":"https:\/\/vmsport.fi\/sv\/wp-json\/wp\/v2\/product_cat?post=63084"},{"taxonomy":"product_tag","embeddable":true,"href":"https:\/\/vmsport.fi\/sv\/wp-json\/wp\/v2\/product_tag?post=63084"},{"taxonomy":"industry_terminology","embeddable":true,"href":"https:\/\/vmsport.fi\/sv\/wp-json\/wp\/v2\/industry-terminology?post=63084"}],"curies":[{"name":"wp","href":"https:\/\/api.w.org\/{rel}","templated":true}]}}