{"id":62650,"date":"2026-01-16T13:16:45","date_gmt":"2026-01-16T11:16:45","guid":{"rendered":"https:\/\/vmsport.fi\/verkkokauppa\/Ei-luokiteltu\/trek-district-4-coaster-belt-lowstep\/"},"modified":"2026-01-30T15:57:33","modified_gmt":"2026-01-30T13:57:33","slug":"trek-distrikt-4-dalbana-balte-lagsteg","status":"publish","type":"product","link":"https:\/\/vmsport.fi\/sv\/verkkokauppa\/polkupyorat\/sahkopyorat\/sahkokaupunkipyorat\/trek-district-4-coaster-belt-lowstep\/","title":{"rendered":"Trek District+ 4 Coaster B\u00e4lte Lowstep"},"content":{"rendered":"<p>District+ 4 Coaster Belt Lowstep -s\u00e4hk\u00f6py\u00f6r\u00e4ss\u00e4 yhdistyv\u00e4t erilaiset akkuvaihtoehdot, jotka mahdollistavat ajon mukauttamisen eri matkoihin. Py\u00f6r\u00e4 hy\u00f6dynt\u00e4\u00e4 Bosch Performance Line 250 W moottoria, joka tarjoaa 75 Nm v\u00e4\u00e4nn\u00f6n ja 25 km\/h nopeuden. Gates CDX hihnavetoj\u00e4rjestelm\u00e4 takaa pitk\u00e4n k\u00e4ytt\u00f6i\u00e4n ja hiljaisen toiminnan v\u00e4h\u00e4isell\u00e4 huoltotarpeella. Shimano Nexus 5-vaihteinen sis\u00e4vaihteisto parantaa k\u00e4ytt\u00f6varmuutta ja v\u00e4hent\u00e4\u00e4 huoltoa. Jarrutuksesta huolehtivat Shimano MT200 hydrauliset levyjarrut sek\u00e4 jalkaohjattu levyjarru, jotka varmistavat turvallisen pys\u00e4htymisen. Py\u00f6r\u00e4n runko ja osat ovat suunniteltu kest\u00e4m\u00e4\u00e4n ja tarjoamaan mukavuutta kaupunkiajoon.<\/p>","protected":false},"excerpt":{"rendered":"<p>Useita akkukokoja, hiljainen ja kest\u00e4v\u00e4 hihnaveto, Bosch-moottori ja luotettavat hydrauliset levyjarrut. [&#8230;]<\/p>\n<p><a class=\"btn btn-secondary understrap-read-more-link\" href=\"https:\/\/vmsport.fi\/sv\/verkkokauppa\/polkupyorat\/sahkopyorat\/sahkokaupunkipyorat\/trek-district-4-coaster-belt-lowstep\/\">L\u00e4s mer \u2026<span class=\"screen-reader-text\"> from Trek District+ 4 Coaster Belt Lowstep<\/span><\/a><\/p>\n","protected":false},"featured_media":62649,"comment_status":"open","ping_status":"closed","template":"","meta":{"_acf_changed":false,"_improvement_type_select":"improve_an_existing","_thumb_yes_seoaic":false,"_frame_yes_seoaic":false,"seoaic_generate_description":"","seoaic_improve_instructions_prompt":"","seoaic_rollback_content_improvement":"","seoaic_idea_thumbnail_generator":"","thumbnail_generated":false,"thumbnail_generate_prompt":"","seoaic_article_description":"","_supplier_stock_quantity":0},"product_brand":[],"product_model":[],"product_cat":[9396],"product_tag":[],"industry-terminology":[],"class_list":{"0":"post-62650","1":"product","2":"type-product","3":"status-publish","4":"has-post-thumbnail","6":"product_cat-sahkokaupunkipyorat","8":"first","9":"outofstock","10":"taxable","11":"shipping-taxable","12":"product-type-variable"},"acf":{"bike_features":null,"overview":{"copy_overview":null,"key_features":null,"statement":"","youtube_url":""}},"yoast_head":"<!-- This site is optimized with the Yoast SEO plugin v27.3 - https:\/\/yoast.com\/product\/yoast-seo-wordpress\/ -->\n<title>Trek District+ 4 Coaster Belt Lowstep - VM Sport<\/title>\n<meta name=\"robots\" content=\"index, follow, max-snippet:-1, max-image-preview:large, max-video-preview:-1\" \/>\n<link rel=\"canonical\" href=\"https:\/\/vmsport.fi\/sv\/webbutik\/cyklar\/sahkopyorat\/sagtand-pyorat\/trek-distrikt-4-dalbana-balte-lagsteg\/\" \/>\n<meta property=\"og:locale\" content=\"sv_SE\" \/>\n<meta property=\"og:type\" content=\"article\" \/>\n<meta property=\"og:title\" content=\"Trek District+ 4 Coaster Belt Lowstep - VM Sport\" \/>\n<meta property=\"og:description\" content=\"Useita akkukokoja, hiljainen ja kest\u00e4v\u00e4 hihnaveto, Bosch-moottori ja luotettavat hydrauliset levyjarrut. [...]L\u00e4s mer \u2026 from Trek District+ 4 Coaster Belt Lowstep\" \/>\n<meta property=\"og:url\" content=\"https:\/\/vmsport.fi\/sv\/webbutik\/cyklar\/sahkopyorat\/sagtand-pyorat\/trek-distrikt-4-dalbana-balte-lagsteg\/\" \/>\n<meta property=\"og:site_name\" content=\"VM Sport\" \/>\n<meta property=\"article:publisher\" content=\"https:\/\/www.facebook.com\/Vmsport.fi\/\" \/>\n<meta property=\"article:modified_time\" content=\"2026-01-30T13:57:33+00:00\" \/>\n<meta property=\"og:image\" content=\"https:\/\/vmsport.fi\/wp-content\/uploads\/2026\/01\/DW8TL06qCzOTiLC3woHGAREh5W62iW4kbazTgxNuBtdcycv4Ep.jpg\" \/>\n\t<meta property=\"og:image:width\" content=\"1000\" \/>\n\t<meta property=\"og:image:height\" content=\"636\" \/>\n\t<meta property=\"og:image:type\" content=\"image\/jpeg\" \/>\n<meta name=\"twitter:card\" content=\"summary_large_image\" \/>\n<script type=\"application\/ld+json\" class=\"yoast-schema-graph\">{\"@context\":\"https:\\\/\\\/schema.org\",\"@graph\":[{\"@type\":[\"WebPage\",\"ItemPage\"],\"@id\":\"https:\\\/\\\/vmsport.fi\\\/verkkokauppa\\\/polkupyorat\\\/sahkopyorat\\\/sahkokaupunkipyorat\\\/trek-district-4-coaster-belt-lowstep\\\/\",\"url\":\"https:\\\/\\\/vmsport.fi\\\/verkkokauppa\\\/polkupyorat\\\/sahkopyorat\\\/sahkokaupunkipyorat\\\/trek-district-4-coaster-belt-lowstep\\\/\",\"name\":\"Trek District+ 4 Coaster Belt Lowstep - VM Sport\",\"isPartOf\":{\"@id\":\"https:\\\/\\\/vmsport.fi\\\/#website\"},\"primaryImageOfPage\":{\"@id\":\"https:\\\/\\\/vmsport.fi\\\/verkkokauppa\\\/polkupyorat\\\/sahkopyorat\\\/sahkokaupunkipyorat\\\/trek-district-4-coaster-belt-lowstep\\\/#primaryimage\"},\"image\":{\"@id\":\"https:\\\/\\\/vmsport.fi\\\/verkkokauppa\\\/polkupyorat\\\/sahkopyorat\\\/sahkokaupunkipyorat\\\/trek-district-4-coaster-belt-lowstep\\\/#primaryimage\"},\"thumbnailUrl\":\"https:\\\/\\\/vmsport.fi\\\/wp-content\\\/uploads\\\/2026\\\/01\\\/DW8TL06qCzOTiLC3woHGAREh5W62iW4kbazTgxNuBtdcycv4Ep.jpg\",\"datePublished\":\"2026-01-16T11:16:45+00:00\",\"dateModified\":\"2026-01-30T13:57:33+00:00\",\"breadcrumb\":{\"@id\":\"https:\\\/\\\/vmsport.fi\\\/verkkokauppa\\\/polkupyorat\\\/sahkopyorat\\\/sahkokaupunkipyorat\\\/trek-district-4-coaster-belt-lowstep\\\/#breadcrumb\"},\"inLanguage\":\"sv-SE\",\"potentialAction\":[{\"@type\":\"ReadAction\",\"target\":[\"https:\\\/\\\/vmsport.fi\\\/verkkokauppa\\\/polkupyorat\\\/sahkopyorat\\\/sahkokaupunkipyorat\\\/trek-district-4-coaster-belt-lowstep\\\/\"]}]},{\"@type\":\"ImageObject\",\"inLanguage\":\"sv-SE\",\"@id\":\"https:\\\/\\\/vmsport.fi\\\/verkkokauppa\\\/polkupyorat\\\/sahkopyorat\\\/sahkokaupunkipyorat\\\/trek-district-4-coaster-belt-lowstep\\\/#primaryimage\",\"url\":\"https:\\\/\\\/vmsport.fi\\\/wp-content\\\/uploads\\\/2026\\\/01\\\/DW8TL06qCzOTiLC3woHGAREh5W62iW4kbazTgxNuBtdcycv4Ep.jpg\",\"contentUrl\":\"https:\\\/\\\/vmsport.fi\\\/wp-content\\\/uploads\\\/2026\\\/01\\\/DW8TL06qCzOTiLC3woHGAREh5W62iW4kbazTgxNuBtdcycv4Ep.jpg\",\"width\":1000,\"height\":636,\"caption\":\"DW8TL06qCzOTiLC3woHGAREh5W62iW4kbazTgxNuBtdcycv4Ep\"},{\"@type\":\"BreadcrumbList\",\"@id\":\"https:\\\/\\\/vmsport.fi\\\/verkkokauppa\\\/polkupyorat\\\/sahkopyorat\\\/sahkokaupunkipyorat\\\/trek-district-4-coaster-belt-lowstep\\\/#breadcrumb\",\"itemListElement\":[{\"@type\":\"ListItem\",\"position\":1,\"name\":\"Etusivu\",\"item\":\"https:\\\/\\\/vmsport.fi\\\/\"},{\"@type\":\"ListItem\",\"position\":2,\"name\":\"Online Store\",\"item\":\"https:\\\/\\\/vmsport.fi\\\/en\\\/online-store\\\/\"},{\"@type\":\"ListItem\",\"position\":3,\"name\":\"Trek District+ 4 Coaster Belt Lowstep\"}]},{\"@type\":\"WebSite\",\"@id\":\"https:\\\/\\\/vmsport.fi\\\/#website\",\"url\":\"https:\\\/\\\/vmsport.fi\\\/\",\"name\":\"Vmsport\",\"description\":\"Kaikki py\u00f6r\u00e4ilyyn yhdest\u00e4 paikasta\",\"publisher\":{\"@id\":\"https:\\\/\\\/vmsport.fi\\\/#organization\"},\"potentialAction\":[{\"@type\":\"SearchAction\",\"target\":{\"@type\":\"EntryPoint\",\"urlTemplate\":\"https:\\\/\\\/vmsport.fi\\\/?s={search_term_string}\"},\"query-input\":{\"@type\":\"PropertyValueSpecification\",\"valueRequired\":true,\"valueName\":\"search_term_string\"}}],\"inLanguage\":\"sv-SE\"},{\"@type\":\"Organization\",\"@id\":\"https:\\\/\\\/vmsport.fi\\\/#organization\",\"name\":\"Vmsport\",\"url\":\"https:\\\/\\\/vmsport.fi\\\/\",\"logo\":{\"@type\":\"ImageObject\",\"inLanguage\":\"sv-SE\",\"@id\":\"https:\\\/\\\/vmsport.fi\\\/#\\\/schema\\\/logo\\\/image\\\/\",\"url\":\"https:\\\/\\\/vmsport.fi\\\/wp-content\\\/uploads\\\/2024\\\/12\\\/vm_sport_RGB_horisontal-e1734526017575.png\",\"contentUrl\":\"https:\\\/\\\/vmsport.fi\\\/wp-content\\\/uploads\\\/2024\\\/12\\\/vm_sport_RGB_horisontal-e1734526017575.png\",\"width\":668,\"height\":85,\"caption\":\"Vmsport\"},\"image\":{\"@id\":\"https:\\\/\\\/vmsport.fi\\\/#\\\/schema\\\/logo\\\/image\\\/\"},\"sameAs\":[\"https:\\\/\\\/www.facebook.com\\\/Vmsport.fi\\\/\",\"https:\\\/\\\/www.instagram.com\\\/vmsport\\\/\"]}]}<\/script>\n<!-- \/ Yoast SEO plugin. -->","yoast_head_json":{"title":"Trek District+ 4 Coaster Belt Lowstep - VM Sport","robots":{"index":"index","follow":"follow","max-snippet":"max-snippet:-1","max-image-preview":"max-image-preview:large","max-video-preview":"max-video-preview:-1"},"canonical":"https:\/\/vmsport.fi\/sv\/webbutik\/cyklar\/sahkopyorat\/sagtand-pyorat\/trek-distrikt-4-dalbana-balte-lagsteg\/","og_locale":"sv_SE","og_type":"article","og_title":"Trek District+ 4 Coaster Belt Lowstep - VM Sport","og_description":"Useita akkukokoja, hiljainen ja kest\u00e4v\u00e4 hihnaveto, Bosch-moottori ja luotettavat hydrauliset levyjarrut. [...]L\u00e4s mer \u2026 from Trek District+ 4 Coaster Belt Lowstep","og_url":"https:\/\/vmsport.fi\/sv\/webbutik\/cyklar\/sahkopyorat\/sagtand-pyorat\/trek-distrikt-4-dalbana-balte-lagsteg\/","og_site_name":"VM Sport","article_publisher":"https:\/\/www.facebook.com\/Vmsport.fi\/","article_modified_time":"2026-01-30T13:57:33+00:00","og_image":[{"width":1000,"height":636,"url":"https:\/\/vmsport.fi\/wp-content\/uploads\/2026\/01\/DW8TL06qCzOTiLC3woHGAREh5W62iW4kbazTgxNuBtdcycv4Ep.jpg","type":"image\/jpeg"}],"twitter_card":"summary_large_image","schema":{"@context":"https:\/\/schema.org","@graph":[{"@type":["WebPage","ItemPage"],"@id":"https:\/\/vmsport.fi\/verkkokauppa\/polkupyorat\/sahkopyorat\/sahkokaupunkipyorat\/trek-district-4-coaster-belt-lowstep\/","url":"https:\/\/vmsport.fi\/verkkokauppa\/polkupyorat\/sahkopyorat\/sahkokaupunkipyorat\/trek-district-4-coaster-belt-lowstep\/","name":"Trek District+ 4 Coaster Belt Lowstep - VM Sport","isPartOf":{"@id":"https:\/\/vmsport.fi\/#website"},"primaryImageOfPage":{"@id":"https:\/\/vmsport.fi\/verkkokauppa\/polkupyorat\/sahkopyorat\/sahkokaupunkipyorat\/trek-district-4-coaster-belt-lowstep\/#primaryimage"},"image":{"@id":"https:\/\/vmsport.fi\/verkkokauppa\/polkupyorat\/sahkopyorat\/sahkokaupunkipyorat\/trek-district-4-coaster-belt-lowstep\/#primaryimage"},"thumbnailUrl":"https:\/\/vmsport.fi\/wp-content\/uploads\/2026\/01\/DW8TL06qCzOTiLC3woHGAREh5W62iW4kbazTgxNuBtdcycv4Ep.jpg","datePublished":"2026-01-16T11:16:45+00:00","dateModified":"2026-01-30T13:57:33+00:00","breadcrumb":{"@id":"https:\/\/vmsport.fi\/verkkokauppa\/polkupyorat\/sahkopyorat\/sahkokaupunkipyorat\/trek-district-4-coaster-belt-lowstep\/#breadcrumb"},"inLanguage":"sv-SE","potentialAction":[{"@type":"ReadAction","target":["https:\/\/vmsport.fi\/verkkokauppa\/polkupyorat\/sahkopyorat\/sahkokaupunkipyorat\/trek-district-4-coaster-belt-lowstep\/"]}]},{"@type":"ImageObject","inLanguage":"sv-SE","@id":"https:\/\/vmsport.fi\/verkkokauppa\/polkupyorat\/sahkopyorat\/sahkokaupunkipyorat\/trek-district-4-coaster-belt-lowstep\/#primaryimage","url":"https:\/\/vmsport.fi\/wp-content\/uploads\/2026\/01\/DW8TL06qCzOTiLC3woHGAREh5W62iW4kbazTgxNuBtdcycv4Ep.jpg","contentUrl":"https:\/\/vmsport.fi\/wp-content\/uploads\/2026\/01\/DW8TL06qCzOTiLC3woHGAREh5W62iW4kbazTgxNuBtdcycv4Ep.jpg","width":1000,"height":636,"caption":"DW8TL06qCzOTiLC3woHGAREh5W62iW4kbazTgxNuBtdcycv4Ep"},{"@type":"BreadcrumbList","@id":"https:\/\/vmsport.fi\/verkkokauppa\/polkupyorat\/sahkopyorat\/sahkokaupunkipyorat\/trek-district-4-coaster-belt-lowstep\/#breadcrumb","itemListElement":[{"@type":"ListItem","position":1,"name":"Etusivu","item":"https:\/\/vmsport.fi\/"},{"@type":"ListItem","position":2,"name":"Online Store","item":"https:\/\/vmsport.fi\/en\/online-store\/"},{"@type":"ListItem","position":3,"name":"Trek District+ 4 Coaster Belt Lowstep"}]},{"@type":"WebSite","@id":"https:\/\/vmsport.fi\/#website","url":"https:\/\/vmsport.fi\/","name":"Vmsport","description":"Allt p\u00e5 ett st\u00e4lle f\u00f6r cykling","publisher":{"@id":"https:\/\/vmsport.fi\/#organization"},"potentialAction":[{"@type":"SearchAction","target":{"@type":"EntryPoint","urlTemplate":"https:\/\/vmsport.fi\/?s={search_term_string}"},"query-input":{"@type":"PropertyValueSpecification","valueRequired":true,"valueName":"search_term_string"}}],"inLanguage":"sv-SE"},{"@type":"Organization","@id":"https:\/\/vmsport.fi\/#organization","name":"Vmsport","url":"https:\/\/vmsport.fi\/","logo":{"@type":"ImageObject","inLanguage":"sv-SE","@id":"https:\/\/vmsport.fi\/#\/schema\/logo\/image\/","url":"https:\/\/vmsport.fi\/wp-content\/uploads\/2024\/12\/vm_sport_RGB_horisontal-e1734526017575.png","contentUrl":"https:\/\/vmsport.fi\/wp-content\/uploads\/2024\/12\/vm_sport_RGB_horisontal-e1734526017575.png","width":668,"height":85,"caption":"Vmsport"},"image":{"@id":"https:\/\/vmsport.fi\/#\/schema\/logo\/image\/"},"sameAs":["https:\/\/www.facebook.com\/Vmsport.fi\/","https:\/\/www.instagram.com\/vmsport\/"]}]}},"global_unique_id":"","_links":{"self":[{"href":"https:\/\/vmsport.fi\/sv\/wp-json\/wp\/v2\/product\/62650","targetHints":{"allow":["GET"]}}],"collection":[{"href":"https:\/\/vmsport.fi\/sv\/wp-json\/wp\/v2\/product"}],"about":[{"href":"https:\/\/vmsport.fi\/sv\/wp-json\/wp\/v2\/types\/product"}],"replies":[{"embeddable":true,"href":"https:\/\/vmsport.fi\/sv\/wp-json\/wp\/v2\/comments?post=62650"}],"wp:featuredmedia":[{"embeddable":true,"href":"https:\/\/vmsport.fi\/sv\/wp-json\/wp\/v2\/media\/62649"}],"wp:attachment":[{"href":"https:\/\/vmsport.fi\/sv\/wp-json\/wp\/v2\/media?parent=62650"}],"wp:term":[{"taxonomy":"product_brand","embeddable":true,"href":"https:\/\/vmsport.fi\/sv\/wp-json\/wp\/v2\/product_brand?post=62650"},{"taxonomy":"product_model","embeddable":true,"href":"https:\/\/vmsport.fi\/sv\/wp-json\/wp\/v2\/product_model?post=62650"},{"taxonomy":"product_cat","embeddable":true,"href":"https:\/\/vmsport.fi\/sv\/wp-json\/wp\/v2\/product_cat?post=62650"},{"taxonomy":"product_tag","embeddable":true,"href":"https:\/\/vmsport.fi\/sv\/wp-json\/wp\/v2\/product_tag?post=62650"},{"taxonomy":"industry_terminology","embeddable":true,"href":"https:\/\/vmsport.fi\/sv\/wp-json\/wp\/v2\/industry-terminology?post=62650"}],"curies":[{"name":"wp","href":"https:\/\/api.w.org\/{rel}","templated":true}]}}