{"id":62549,"date":"2026-01-07T18:04:59","date_gmt":"2026-01-07T16:04:59","guid":{"rendered":"https:\/\/vmsport.fi\/verkkokauppa\/Ei-luokiteltu\/skf-mtb-seals-kit-dual-compound-32mm-rockshox-fork-seal-kit\/"},"modified":"2026-04-01T22:36:40","modified_gmt":"2026-04-01T19:36:40","slug":"skf-mtb-tatningssats-dual-compound-32mm-rockshox-gaffeltatningssats","status":"publish","type":"product","link":"https:\/\/vmsport.fi\/sv\/verkkokauppa\/varaosat\/haarukat-ja-rungonosat\/joustohaarukan-varaosat\/skf-mtb-seals-kit-dual-compound-32mm-rockshox-fork-seal-kit\/","title":{"rendered":"SKF MTB-t\u00e4tningssats Dual Compound - 32 mm ROCKSHOX gaffelt\u00e4tningssats"},"content":{"rendered":"","protected":false},"excerpt":{"rendered":"<p> [&#8230;]<\/p>\n<p><a class=\"btn btn-secondary understrap-read-more-link\" href=\"https:\/\/vmsport.fi\/sv\/verkkokauppa\/varaosat\/haarukat-ja-rungonosat\/joustohaarukan-varaosat\/skf-mtb-seals-kit-dual-compound-32mm-rockshox-fork-seal-kit\/\">L\u00e4s mer \u2026<span class=\"screen-reader-text\"> from SKF MTB Seals Kit Dual Compound &#8211; 32mm ROCKSHOX fork seal kit<\/span><\/a><\/p>\n","protected":false},"featured_media":0,"comment_status":"open","ping_status":"closed","template":"","meta":{"_acf_changed":false,"_improvement_type_select":"improve_an_existing","_thumb_yes_seoaic":false,"_frame_yes_seoaic":false,"seoaic_generate_description":"","seoaic_improve_instructions_prompt":"","seoaic_rollback_content_improvement":"","seoaic_idea_thumbnail_generator":"","thumbnail_generated":false,"thumbnail_generate_prompt":"","seoaic_article_description":"","_supplier_stock_quantity":0},"product_brand":[],"product_model":[],"product_cat":[9526],"product_tag":[],"industry-terminology":[],"class_list":{"0":"post-62549","1":"product","2":"type-product","3":"status-publish","5":"product_cat-joustohaarukan-varaosat","7":"first","8":"instock","9":"taxable","10":"shipping-taxable","11":"purchasable","12":"product-type-simple"},"acf":{"bike_features":null,"overview":{"copy_overview":null,"key_features":null,"statement":"","youtube_url":""}},"yoast_head":"<!-- This site is optimized with the Yoast SEO plugin v27.3 - https:\/\/yoast.com\/product\/yoast-seo-wordpress\/ -->\n<title>SKF MTB Seals Kit Dual Compound - 32mm ROCKSHOX fork seal kit - VM Sport<\/title>\n<meta name=\"robots\" content=\"index, follow, max-snippet:-1, max-image-preview:large, max-video-preview:-1\" \/>\n<link rel=\"canonical\" href=\"https:\/\/vmsport.fi\/sv\/webbutik\/reservdelar\/gafflar-och-kroppsdelar\/flexohaarukan-reservdelar\/skf-mtb-tatningssats-dual-compound-32mm-rockshox-gaffeltatningssats\/\" \/>\n<meta property=\"og:locale\" content=\"sv_SE\" \/>\n<meta property=\"og:type\" content=\"article\" \/>\n<meta property=\"og:title\" content=\"SKF MTB Seals Kit Dual Compound - 32mm ROCKSHOX fork seal kit - VM Sport\" \/>\n<meta property=\"og:description\" content=\"[...]L\u00e4s mer \u2026 from SKF MTB Seals Kit Dual Compound &#8211; 32mm ROCKSHOX fork seal kit\" \/>\n<meta property=\"og:url\" content=\"https:\/\/vmsport.fi\/sv\/webbutik\/reservdelar\/gafflar-och-kroppsdelar\/flexohaarukan-reservdelar\/skf-mtb-tatningssats-dual-compound-32mm-rockshox-gaffeltatningssats\/\" \/>\n<meta property=\"og:site_name\" content=\"VM Sport\" \/>\n<meta property=\"article:publisher\" content=\"https:\/\/www.facebook.com\/Vmsport.fi\/\" \/>\n<meta property=\"article:modified_time\" content=\"2026-04-01T19:36:40+00:00\" \/>\n<meta name=\"twitter:card\" content=\"summary_large_image\" \/>\n<script type=\"application\/ld+json\" class=\"yoast-schema-graph\">{\"@context\":\"https:\\\/\\\/schema.org\",\"@graph\":[{\"@type\":[\"WebPage\",\"ItemPage\"],\"@id\":\"https:\\\/\\\/vmsport.fi\\\/verkkokauppa\\\/varaosat\\\/haarukat-ja-rungonosat\\\/joustohaarukan-varaosat\\\/skf-mtb-seals-kit-dual-compound-32mm-rockshox-fork-seal-kit\\\/\",\"url\":\"https:\\\/\\\/vmsport.fi\\\/verkkokauppa\\\/varaosat\\\/haarukat-ja-rungonosat\\\/joustohaarukan-varaosat\\\/skf-mtb-seals-kit-dual-compound-32mm-rockshox-fork-seal-kit\\\/\",\"name\":\"SKF MTB Seals Kit Dual Compound - 32mm ROCKSHOX fork seal kit - VM Sport\",\"isPartOf\":{\"@id\":\"https:\\\/\\\/vmsport.fi\\\/#website\"},\"datePublished\":\"2026-01-07T16:04:59+00:00\",\"dateModified\":\"2026-04-01T19:36:40+00:00\",\"breadcrumb\":{\"@id\":\"https:\\\/\\\/vmsport.fi\\\/verkkokauppa\\\/varaosat\\\/haarukat-ja-rungonosat\\\/joustohaarukan-varaosat\\\/skf-mtb-seals-kit-dual-compound-32mm-rockshox-fork-seal-kit\\\/#breadcrumb\"},\"inLanguage\":\"sv-SE\",\"potentialAction\":[{\"@type\":\"ReadAction\",\"target\":[\"https:\\\/\\\/vmsport.fi\\\/verkkokauppa\\\/varaosat\\\/haarukat-ja-rungonosat\\\/joustohaarukan-varaosat\\\/skf-mtb-seals-kit-dual-compound-32mm-rockshox-fork-seal-kit\\\/\"]}]},{\"@type\":\"BreadcrumbList\",\"@id\":\"https:\\\/\\\/vmsport.fi\\\/verkkokauppa\\\/varaosat\\\/haarukat-ja-rungonosat\\\/joustohaarukan-varaosat\\\/skf-mtb-seals-kit-dual-compound-32mm-rockshox-fork-seal-kit\\\/#breadcrumb\",\"itemListElement\":[{\"@type\":\"ListItem\",\"position\":1,\"name\":\"Etusivu\",\"item\":\"https:\\\/\\\/vmsport.fi\\\/\"},{\"@type\":\"ListItem\",\"position\":2,\"name\":\"Online Store\",\"item\":\"https:\\\/\\\/vmsport.fi\\\/en\\\/online-store\\\/\"},{\"@type\":\"ListItem\",\"position\":3,\"name\":\"SKF MTB Seals Kit Dual Compound &#8211; 32mm ROCKSHOX fork seal kit\"}]},{\"@type\":\"WebSite\",\"@id\":\"https:\\\/\\\/vmsport.fi\\\/#website\",\"url\":\"https:\\\/\\\/vmsport.fi\\\/\",\"name\":\"Vmsport\",\"description\":\"Kaikki py\u00f6r\u00e4ilyyn yhdest\u00e4 paikasta\",\"publisher\":{\"@id\":\"https:\\\/\\\/vmsport.fi\\\/#organization\"},\"potentialAction\":[{\"@type\":\"SearchAction\",\"target\":{\"@type\":\"EntryPoint\",\"urlTemplate\":\"https:\\\/\\\/vmsport.fi\\\/?s={search_term_string}\"},\"query-input\":{\"@type\":\"PropertyValueSpecification\",\"valueRequired\":true,\"valueName\":\"search_term_string\"}}],\"inLanguage\":\"sv-SE\"},{\"@type\":\"Organization\",\"@id\":\"https:\\\/\\\/vmsport.fi\\\/#organization\",\"name\":\"Vmsport\",\"url\":\"https:\\\/\\\/vmsport.fi\\\/\",\"logo\":{\"@type\":\"ImageObject\",\"inLanguage\":\"sv-SE\",\"@id\":\"https:\\\/\\\/vmsport.fi\\\/#\\\/schema\\\/logo\\\/image\\\/\",\"url\":\"https:\\\/\\\/vmsport.fi\\\/wp-content\\\/uploads\\\/2024\\\/12\\\/vm_sport_RGB_horisontal-e1734526017575.png\",\"contentUrl\":\"https:\\\/\\\/vmsport.fi\\\/wp-content\\\/uploads\\\/2024\\\/12\\\/vm_sport_RGB_horisontal-e1734526017575.png\",\"width\":668,\"height\":85,\"caption\":\"Vmsport\"},\"image\":{\"@id\":\"https:\\\/\\\/vmsport.fi\\\/#\\\/schema\\\/logo\\\/image\\\/\"},\"sameAs\":[\"https:\\\/\\\/www.facebook.com\\\/Vmsport.fi\\\/\",\"https:\\\/\\\/www.instagram.com\\\/vmsport\\\/\"]}]}<\/script>\n<!-- \/ Yoast SEO plugin. -->","yoast_head_json":{"title":"SKF MTB-t\u00e4tningssats Dual Compound - 32 mm ROCKSHOX gaffelt\u00e4tningssats - VM Sport","robots":{"index":"index","follow":"follow","max-snippet":"max-snippet:-1","max-image-preview":"max-image-preview:large","max-video-preview":"max-video-preview:-1"},"canonical":"https:\/\/vmsport.fi\/sv\/webbutik\/reservdelar\/gafflar-och-kroppsdelar\/flexohaarukan-reservdelar\/skf-mtb-tatningssats-dual-compound-32mm-rockshox-gaffeltatningssats\/","og_locale":"sv_SE","og_type":"article","og_title":"SKF MTB Seals Kit Dual Compound - 32mm ROCKSHOX fork seal kit - VM Sport","og_description":"[...]L\u00e4s mer \u2026 from SKF MTB Seals Kit Dual Compound &#8211; 32mm ROCKSHOX fork seal kit","og_url":"https:\/\/vmsport.fi\/sv\/webbutik\/reservdelar\/gafflar-och-kroppsdelar\/flexohaarukan-reservdelar\/skf-mtb-tatningssats-dual-compound-32mm-rockshox-gaffeltatningssats\/","og_site_name":"VM Sport","article_publisher":"https:\/\/www.facebook.com\/Vmsport.fi\/","article_modified_time":"2026-04-01T19:36:40+00:00","twitter_card":"summary_large_image","schema":{"@context":"https:\/\/schema.org","@graph":[{"@type":["WebPage","ItemPage"],"@id":"https:\/\/vmsport.fi\/verkkokauppa\/varaosat\/haarukat-ja-rungonosat\/joustohaarukan-varaosat\/skf-mtb-seals-kit-dual-compound-32mm-rockshox-fork-seal-kit\/","url":"https:\/\/vmsport.fi\/verkkokauppa\/varaosat\/haarukat-ja-rungonosat\/joustohaarukan-varaosat\/skf-mtb-seals-kit-dual-compound-32mm-rockshox-fork-seal-kit\/","name":"SKF MTB-t\u00e4tningssats Dual Compound - 32 mm ROCKSHOX gaffelt\u00e4tningssats - VM Sport","isPartOf":{"@id":"https:\/\/vmsport.fi\/#website"},"datePublished":"2026-01-07T16:04:59+00:00","dateModified":"2026-04-01T19:36:40+00:00","breadcrumb":{"@id":"https:\/\/vmsport.fi\/verkkokauppa\/varaosat\/haarukat-ja-rungonosat\/joustohaarukan-varaosat\/skf-mtb-seals-kit-dual-compound-32mm-rockshox-fork-seal-kit\/#breadcrumb"},"inLanguage":"sv-SE","potentialAction":[{"@type":"ReadAction","target":["https:\/\/vmsport.fi\/verkkokauppa\/varaosat\/haarukat-ja-rungonosat\/joustohaarukan-varaosat\/skf-mtb-seals-kit-dual-compound-32mm-rockshox-fork-seal-kit\/"]}]},{"@type":"BreadcrumbList","@id":"https:\/\/vmsport.fi\/verkkokauppa\/varaosat\/haarukat-ja-rungonosat\/joustohaarukan-varaosat\/skf-mtb-seals-kit-dual-compound-32mm-rockshox-fork-seal-kit\/#breadcrumb","itemListElement":[{"@type":"ListItem","position":1,"name":"Etusivu","item":"https:\/\/vmsport.fi\/"},{"@type":"ListItem","position":2,"name":"Online Store","item":"https:\/\/vmsport.fi\/en\/online-store\/"},{"@type":"ListItem","position":3,"name":"SKF MTB Seals Kit Dual Compound &#8211; 32mm ROCKSHOX fork seal kit"}]},{"@type":"WebSite","@id":"https:\/\/vmsport.fi\/#website","url":"https:\/\/vmsport.fi\/","name":"Vmsport","description":"Allt p\u00e5 ett st\u00e4lle f\u00f6r cykling","publisher":{"@id":"https:\/\/vmsport.fi\/#organization"},"potentialAction":[{"@type":"SearchAction","target":{"@type":"EntryPoint","urlTemplate":"https:\/\/vmsport.fi\/?s={search_term_string}"},"query-input":{"@type":"PropertyValueSpecification","valueRequired":true,"valueName":"search_term_string"}}],"inLanguage":"sv-SE"},{"@type":"Organization","@id":"https:\/\/vmsport.fi\/#organization","name":"Vmsport","url":"https:\/\/vmsport.fi\/","logo":{"@type":"ImageObject","inLanguage":"sv-SE","@id":"https:\/\/vmsport.fi\/#\/schema\/logo\/image\/","url":"https:\/\/vmsport.fi\/wp-content\/uploads\/2024\/12\/vm_sport_RGB_horisontal-e1734526017575.png","contentUrl":"https:\/\/vmsport.fi\/wp-content\/uploads\/2024\/12\/vm_sport_RGB_horisontal-e1734526017575.png","width":668,"height":85,"caption":"Vmsport"},"image":{"@id":"https:\/\/vmsport.fi\/#\/schema\/logo\/image\/"},"sameAs":["https:\/\/www.facebook.com\/Vmsport.fi\/","https:\/\/www.instagram.com\/vmsport\/"]}]}},"global_unique_id":"","_links":{"self":[{"href":"https:\/\/vmsport.fi\/sv\/wp-json\/wp\/v2\/product\/62549","targetHints":{"allow":["GET"]}}],"collection":[{"href":"https:\/\/vmsport.fi\/sv\/wp-json\/wp\/v2\/product"}],"about":[{"href":"https:\/\/vmsport.fi\/sv\/wp-json\/wp\/v2\/types\/product"}],"replies":[{"embeddable":true,"href":"https:\/\/vmsport.fi\/sv\/wp-json\/wp\/v2\/comments?post=62549"}],"wp:attachment":[{"href":"https:\/\/vmsport.fi\/sv\/wp-json\/wp\/v2\/media?parent=62549"}],"wp:term":[{"taxonomy":"product_brand","embeddable":true,"href":"https:\/\/vmsport.fi\/sv\/wp-json\/wp\/v2\/product_brand?post=62549"},{"taxonomy":"product_model","embeddable":true,"href":"https:\/\/vmsport.fi\/sv\/wp-json\/wp\/v2\/product_model?post=62549"},{"taxonomy":"product_cat","embeddable":true,"href":"https:\/\/vmsport.fi\/sv\/wp-json\/wp\/v2\/product_cat?post=62549"},{"taxonomy":"product_tag","embeddable":true,"href":"https:\/\/vmsport.fi\/sv\/wp-json\/wp\/v2\/product_tag?post=62549"},{"taxonomy":"industry_terminology","embeddable":true,"href":"https:\/\/vmsport.fi\/sv\/wp-json\/wp\/v2\/industry-terminology?post=62549"}],"curies":[{"name":"wp","href":"https:\/\/api.w.org\/{rel}","templated":true}]}}