{"id":62039,"date":"2025-11-24T14:03:01","date_gmt":"2025-11-24T12:03:01","guid":{"rendered":"https:\/\/vmsport.fi\/verkkokauppa\/Ei-luokiteltu\/hepha-city-7-long-range\/"},"modified":"2026-04-02T13:56:54","modified_gmt":"2026-04-02T10:56:54","slug":"hepha-city-7-lang-rackvidd","status":"publish","type":"product","link":"https:\/\/vmsport.fi\/sv\/verkkokauppa\/polkupyorat\/sahkopyorat\/sahkokaupunkipyorat\/hepha-city-7-long-range\/","title":{"rendered":"Hepha City 7 L\u00e5ng r\u00e4ckvidd"},"content":{"rendered":"<h3 data-section-id=\"14ck8au\" data-start=\"173\" data-end=\"265\">HEPHA City 7 Long Range \u2013 tehokas ja mukava s\u00e4hk\u00f6py\u00f6r\u00e4 kaupunkiin ja pidemmille lenkeille<\/h3>\n<p data-start=\"267\" data-end=\"579\">HEPHA City 7 Long Range on moderni ja tehokas s\u00e4hk\u00f6py\u00f6r\u00e4, joka on suunniteltu erityisesti mukavaan kaupunkiajoon ja pitkiin arjen matkoihin. Tehokas <strong data-start=\"416\" data-end=\"440\">100 Nm keskimoottori<\/strong> tarjoaa vahvan ja luonnollisen s\u00e4hk\u00f6avustuksen, joka helpottaa liikkumista niin vastatuulessa, yl\u00e4m\u00e4iss\u00e4 kuin pidemmill\u00e4kin py\u00f6r\u00e4retkill\u00e4.<\/p>\n<p data-start=\"581\" data-end=\"878\">Hjulet <strong data-start=\"588\" data-end=\"603\">708 Wh akku<\/strong> tarjoaa eritt\u00e4in pitk\u00e4n toimintamatkan, joten voit ajaa huoletta niin kaupungissa kuin maaseudun teill\u00e4. <strong data-start=\"709\" data-end=\"768\">Hihnaveto yhdess\u00e4 Shimano Nexus -napavaihteiston kanssa<\/strong> tekee voimansiirrosta hiljaisen, sujuvan ja l\u00e4hes huoltovapaan \u2013 t\u00e4ydellinen ratkaisu p\u00e4ivitt\u00e4iseen k\u00e4ytt\u00f6\u00f6n.<\/p>\n<p data-start=\"880\" data-end=\"1159\">Mukava <strong data-start=\"887\" data-end=\"909\">step-through-runko<\/strong> tekee py\u00f6r\u00e4n p\u00e4\u00e4lle nousemisesta helppoa ja sopii erinomaisesti sek\u00e4 ty\u00f6matkoille ett\u00e4 vapaa-ajan ajamiseen. Laadukkaat komponentit, tehokas s\u00e4hk\u00f6avustus ja k\u00e4yt\u00e4nn\u00f6llinen varustelu tekev\u00e4t t\u00e4st\u00e4 s\u00e4hk\u00f6py\u00f6r\u00e4st\u00e4 luotettavan kumppanin pitkiksi ajoiksi.<\/p>\n<hr data-start=\"1161\" data-end=\"1164\" \/>\n<h4 data-section-id=\"7vsp2z\" data-start=\"1166\" data-end=\"1192\">T\u00e4rkeimm\u00e4t ominaisuudet<\/h4>\n<ul data-start=\"1194\" data-end=\"1603\">\n<li data-section-id=\"6t5rgj\" data-start=\"1194\" data-end=\"1260\">\n<p data-start=\"1196\" data-end=\"1260\">Tehokas <strong data-start=\"1204\" data-end=\"1260\">HEPHA P101C keskimoottori (100 Nm \/ 250 W \/ 25 km\/h)<\/strong><\/p>\n<\/li>\n<li data-section-id=\"17xu0i0\" data-start=\"1261\" data-end=\"1320\">\n<p data-start=\"1263\" data-end=\"1320\">Suuri <strong data-start=\"1269\" data-end=\"1284\">708 Wh akku<\/strong>, joka tarjoaa pitk\u00e4n toimintamatkan<\/p>\n<\/li>\n<li data-section-id=\"bhbptd\" data-start=\"1321\" data-end=\"1376\">\n<p data-start=\"1323\" data-end=\"1376\"><strong data-start=\"1323\" data-end=\"1336\">Hihnaveto<\/strong>, joka on hiljainen ja l\u00e4hes huoltovapaa<\/p>\n<\/li>\n<li data-section-id=\"1xvvo03\" data-start=\"1377\" data-end=\"1440\">\n<p data-start=\"1379\" data-end=\"1440\"><strong data-start=\"1379\" data-end=\"1414\">Shimano Nexus 5 -napavaihteisto<\/strong> sujuvaan vaihteenvaihtoon<\/p>\n<\/li>\n<li data-section-id=\"127z07r\" data-start=\"1441\" data-end=\"1503\">\n<p data-start=\"1443\" data-end=\"1503\">Mukava <strong data-start=\"1450\" data-end=\"1472\">step-through-runko<\/strong>, joka helpottaa py\u00f6r\u00e4n k\u00e4ytt\u00f6\u00e4<\/p>\n<\/li>\n<li data-section-id=\"12c4q0a\" data-start=\"1504\" data-end=\"1522\">\n<p data-start=\"1506\" data-end=\"1522\"><strong data-start=\"1506\" data-end=\"1522\">Nopea laturi<\/strong><\/p>\n<\/li>\n<li data-section-id=\"up37l4\" data-start=\"1523\" data-end=\"1603\">\n<p data-start=\"1525\" data-end=\"1603\"><strong data-start=\"1525\" data-end=\"1564\">Tavarateline MIK HD -j\u00e4rjestelm\u00e4ll\u00e4<\/strong> helppoon lis\u00e4varusteiden kiinnitykseen<\/p>\n<\/li>\n<\/ul>\n<hr data-start=\"1605\" data-end=\"1608\" \/>\n<h4 data-section-id=\"iozr4t\" data-start=\"1610\" data-end=\"1628\">Tekniska information<\/h4>\n<p data-start=\"1630\" data-end=\"1920\"><strong data-start=\"1630\" data-end=\"1643\">Moottori:<\/strong> HEPHA P101C (100 Nm \/ 250 W \/ 25 km\/h)<br data-start=\"1682\" data-end=\"1685\" \/><strong data-start=\"1685\" data-end=\"1694\">Akku:<\/strong> HEPHA BT-700B (708 Wh)<br data-start=\"1717\" data-end=\"1720\" \/><strong data-start=\"1720\" data-end=\"1735\">Vaihteisto:<\/strong> Shimano Nexus 5<br data-start=\"1751\" data-end=\"1754\" \/><strong data-start=\"1754\" data-end=\"1771\">Voimansiirto:<\/strong> Hihnaveto<br data-start=\"1781\" data-end=\"1784\" \/><strong data-start=\"1784\" data-end=\"1794\">Runko:<\/strong> Step-through alumiinirunko<br data-start=\"1821\" data-end=\"1824\" \/><strong data-start=\"1824\" data-end=\"1841\">Tavarateline:<\/strong> MIK HD -yhteensopiva<br data-start=\"1862\" data-end=\"1865\" \/><strong data-start=\"1865\" data-end=\"1876\">K\u00e4ytt\u00f6:<\/strong> Kaupunki, ty\u00f6matkat ja pidemm\u00e4t py\u00f6r\u00e4retket<\/p>\n<hr data-start=\"1922\" data-end=\"1925\" \/>\n<h4 data-section-id=\"1l5p5zr\" data-start=\"1927\" data-end=\"1939\">Runkokoot<\/h4>\n<div class=\"TyagGW_tableContainer\">\n<div class=\"group TyagGW_tableWrapper flex flex-col-reverse w-fit\" tabindex=\"-1\">\n<table class=\"w-fit min-w-(--thread-content-width)\" data-start=\"1941\" data-end=\"2048\">\n<thead data-start=\"1941\" data-end=\"1981\">\n<tr data-start=\"1941\" data-end=\"1981\">\n<th class=\"\" data-start=\"1941\" data-end=\"1957\" data-col-size=\"sm\">F\u00f6rarens l\u00e4ngd<\/th>\n<th class=\"\" data-start=\"1957\" data-end=\"1981\" data-col-size=\"sm\">Suositeltu runkokoko<\/th>\n<\/tr>\n<\/thead>\n<tbody data-start=\"1992\" data-end=\"2048\">\n<tr data-start=\"1992\" data-end=\"2010\">\n<td data-start=\"1992\" data-end=\"2005\" data-col-size=\"sm\">155\u2013170 cm<\/td>\n<td data-col-size=\"sm\" data-start=\"2005\" data-end=\"2010\">S<\/td>\n<\/tr>\n<tr data-start=\"2011\" data-end=\"2029\">\n<td data-start=\"2011\" data-end=\"2024\" data-col-size=\"sm\">168\u2013182 cm<\/td>\n<td data-col-size=\"sm\" data-start=\"2024\" data-end=\"2029\">M<\/td>\n<\/tr>\n<tr data-start=\"2030\" data-end=\"2048\">\n<td data-start=\"2030\" data-end=\"2043\" data-col-size=\"sm\">180\u2013195 cm<\/td>\n<td data-col-size=\"sm\" data-start=\"2043\" data-end=\"2048\">L<\/td>\n<\/tr>\n<\/tbody>\n<\/table>\n<\/div>\n<\/div>\n<p data-start=\"2050\" data-end=\"2184\">Matala runkorakenne tekee py\u00f6r\u00e4st\u00e4 helposti hallittavan ja sopivan monelle eri ajajalle, joten oikean koon valinta on usein joustavaa.<\/p>","protected":false},"excerpt":{"rendered":"<p>HEPHA City 7 Long Range \u2013 tehokas ja mukava s\u00e4hk\u00f6py\u00f6r\u00e4 kaupunkiin ja pidemmille lenkeille HEPHA City 7 Long Range on moderni ja tehokas s\u00e4hk\u00f6py\u00f6r\u00e4, joka on suunniteltu erityisesti mukavaan kaupunkiajoon ja pitkiin arjen matkoihin. Tehokas 100 Nm keskimoottori tarjoaa vahvan ja luonnollisen s\u00e4hk\u00f6avustuksen, joka helpottaa liikkumista niin vastatuulessa, yl\u00e4m\u00e4iss\u00e4 kuin pidemmill\u00e4kin py\u00f6r\u00e4retkill\u00e4. Py\u00f6r\u00e4n 708 Wh [&#8230;]<\/p>\n<p><a class=\"btn btn-secondary understrap-read-more-link\" href=\"https:\/\/vmsport.fi\/sv\/verkkokauppa\/polkupyorat\/sahkopyorat\/sahkokaupunkipyorat\/hepha-city-7-long-range\/\">L\u00e4s mer \u2026<span class=\"screen-reader-text\"> from Hepha City 7 Long Range<\/span><\/a><\/p>\n","protected":false},"featured_media":62038,"comment_status":"open","ping_status":"closed","template":"","meta":{"_acf_changed":false,"_improvement_type_select":"improve_an_existing","_thumb_yes_seoaic":false,"_frame_yes_seoaic":false,"seoaic_generate_description":"","seoaic_improve_instructions_prompt":"","seoaic_rollback_content_improvement":"","seoaic_idea_thumbnail_generator":"","thumbnail_generated":false,"thumbnail_generate_prompt":"","seoaic_article_description":"","_supplier_stock_quantity":0},"product_brand":[9890],"product_model":[],"product_cat":[9396],"product_tag":[],"industry-terminology":[],"class_list":{"0":"post-62039","1":"product","2":"type-product","3":"status-publish","4":"has-post-thumbnail","6":"product_brand-hepha","7":"product_cat-sahkokaupunkipyorat","9":"first","10":"outofstock","11":"sale","12":"taxable","13":"shipping-taxable","14":"product-type-variable"},"acf":{"bike_features":null,"overview":{"copy_overview":null,"key_features":null,"statement":"","youtube_url":""}},"yoast_head":"<!-- This site is optimized with the Yoast SEO plugin v27.3 - https:\/\/yoast.com\/product\/yoast-seo-wordpress\/ -->\n<title>Hepha City 7 Long Range - VM Sport<\/title>\n<meta name=\"robots\" content=\"index, follow, max-snippet:-1, max-image-preview:large, max-video-preview:-1\" \/>\n<link rel=\"canonical\" href=\"https:\/\/vmsport.fi\/sv\/webbutik\/cyklar\/sahkopyorat\/sagtand-pyorat\/hepha-city-7-lang-rackvidd\/\" \/>\n<meta property=\"og:locale\" content=\"sv_SE\" \/>\n<meta property=\"og:type\" content=\"article\" \/>\n<meta property=\"og:title\" content=\"Hepha City 7 Long Range - VM Sport\" \/>\n<meta property=\"og:description\" content=\"HEPHA City 7 Long Range \u2013 tehokas ja mukava s\u00e4hk\u00f6py\u00f6r\u00e4 kaupunkiin ja pidemmille lenkeille HEPHA City 7 Long Range on moderni ja tehokas s\u00e4hk\u00f6py\u00f6r\u00e4, joka on suunniteltu erityisesti mukavaan kaupunkiajoon ja pitkiin arjen matkoihin. Tehokas 100 Nm keskimoottori tarjoaa vahvan ja luonnollisen s\u00e4hk\u00f6avustuksen, joka helpottaa liikkumista niin vastatuulessa, yl\u00e4m\u00e4iss\u00e4 kuin pidemmill\u00e4kin py\u00f6r\u00e4retkill\u00e4. Py\u00f6r\u00e4n 708 Wh [...]L\u00e4s mer \u2026 from Hepha City 7 Long Range\" \/>\n<meta property=\"og:url\" content=\"https:\/\/vmsport.fi\/sv\/webbutik\/cyklar\/sahkopyorat\/sagtand-pyorat\/hepha-city-7-lang-rackvidd\/\" \/>\n<meta property=\"og:site_name\" content=\"VM Sport\" \/>\n<meta property=\"article:publisher\" content=\"https:\/\/www.facebook.com\/Vmsport.fi\/\" \/>\n<meta property=\"article:modified_time\" content=\"2026-04-02T10:56:54+00:00\" \/>\n<meta property=\"og:image\" content=\"https:\/\/vmsport.fi\/wp-content\/uploads\/2025\/11\/HEPHA-MY25-City-7-Long-Range-Step-Through-Mid-Grey-01.jpg\" \/>\n\t<meta property=\"og:image:width\" content=\"1000\" \/>\n\t<meta property=\"og:image:height\" content=\"666\" \/>\n\t<meta property=\"og:image:type\" content=\"image\/jpeg\" \/>\n<meta name=\"twitter:card\" content=\"summary_large_image\" \/>\n<meta name=\"twitter:label1\" content=\"Ber\u00e4knad l\u00e4stid\" \/>\n\t<meta name=\"twitter:data1\" content=\"2 minuter\" \/>\n<script type=\"application\/ld+json\" class=\"yoast-schema-graph\">{\"@context\":\"https:\\\/\\\/schema.org\",\"@graph\":[{\"@type\":[\"WebPage\",\"ItemPage\"],\"@id\":\"https:\\\/\\\/vmsport.fi\\\/verkkokauppa\\\/polkupyorat\\\/sahkopyorat\\\/sahkokaupunkipyorat\\\/hepha-city-7-long-range\\\/\",\"url\":\"https:\\\/\\\/vmsport.fi\\\/verkkokauppa\\\/polkupyorat\\\/sahkopyorat\\\/sahkokaupunkipyorat\\\/hepha-city-7-long-range\\\/\",\"name\":\"Hepha City 7 Long Range - VM Sport\",\"isPartOf\":{\"@id\":\"https:\\\/\\\/vmsport.fi\\\/#website\"},\"primaryImageOfPage\":{\"@id\":\"https:\\\/\\\/vmsport.fi\\\/verkkokauppa\\\/polkupyorat\\\/sahkopyorat\\\/sahkokaupunkipyorat\\\/hepha-city-7-long-range\\\/#primaryimage\"},\"image\":{\"@id\":\"https:\\\/\\\/vmsport.fi\\\/verkkokauppa\\\/polkupyorat\\\/sahkopyorat\\\/sahkokaupunkipyorat\\\/hepha-city-7-long-range\\\/#primaryimage\"},\"thumbnailUrl\":\"https:\\\/\\\/vmsport.fi\\\/wp-content\\\/uploads\\\/2025\\\/11\\\/HEPHA-MY25-City-7-Long-Range-Step-Through-Mid-Grey-01.jpg\",\"datePublished\":\"2025-11-24T12:03:01+00:00\",\"dateModified\":\"2026-04-02T10:56:54+00:00\",\"breadcrumb\":{\"@id\":\"https:\\\/\\\/vmsport.fi\\\/verkkokauppa\\\/polkupyorat\\\/sahkopyorat\\\/sahkokaupunkipyorat\\\/hepha-city-7-long-range\\\/#breadcrumb\"},\"inLanguage\":\"sv-SE\",\"potentialAction\":[{\"@type\":\"ReadAction\",\"target\":[\"https:\\\/\\\/vmsport.fi\\\/verkkokauppa\\\/polkupyorat\\\/sahkopyorat\\\/sahkokaupunkipyorat\\\/hepha-city-7-long-range\\\/\"]}]},{\"@type\":\"ImageObject\",\"inLanguage\":\"sv-SE\",\"@id\":\"https:\\\/\\\/vmsport.fi\\\/verkkokauppa\\\/polkupyorat\\\/sahkopyorat\\\/sahkokaupunkipyorat\\\/hepha-city-7-long-range\\\/#primaryimage\",\"url\":\"https:\\\/\\\/vmsport.fi\\\/wp-content\\\/uploads\\\/2025\\\/11\\\/HEPHA-MY25-City-7-Long-Range-Step-Through-Mid-Grey-01.jpg\",\"contentUrl\":\"https:\\\/\\\/vmsport.fi\\\/wp-content\\\/uploads\\\/2025\\\/11\\\/HEPHA-MY25-City-7-Long-Range-Step-Through-Mid-Grey-01.jpg\",\"width\":1000,\"height\":666,\"caption\":\"HEPHA-MY25-City-7-Long-Range-Step-Through-Mid-Grey-01\"},{\"@type\":\"BreadcrumbList\",\"@id\":\"https:\\\/\\\/vmsport.fi\\\/verkkokauppa\\\/polkupyorat\\\/sahkopyorat\\\/sahkokaupunkipyorat\\\/hepha-city-7-long-range\\\/#breadcrumb\",\"itemListElement\":[{\"@type\":\"ListItem\",\"position\":1,\"name\":\"Etusivu\",\"item\":\"https:\\\/\\\/vmsport.fi\\\/\"},{\"@type\":\"ListItem\",\"position\":2,\"name\":\"Online Store\",\"item\":\"https:\\\/\\\/vmsport.fi\\\/en\\\/online-store\\\/\"},{\"@type\":\"ListItem\",\"position\":3,\"name\":\"HEPHA polkupy\u00f6r\u00e4t\",\"item\":\"https:\\\/\\\/vmsport.fi\\\/merkki\\\/hepha\\\/\"},{\"@type\":\"ListItem\",\"position\":4,\"name\":\"Hepha City 7 Long Range\"}]},{\"@type\":\"WebSite\",\"@id\":\"https:\\\/\\\/vmsport.fi\\\/#website\",\"url\":\"https:\\\/\\\/vmsport.fi\\\/\",\"name\":\"Vmsport\",\"description\":\"Kaikki py\u00f6r\u00e4ilyyn yhdest\u00e4 paikasta\",\"publisher\":{\"@id\":\"https:\\\/\\\/vmsport.fi\\\/#organization\"},\"potentialAction\":[{\"@type\":\"SearchAction\",\"target\":{\"@type\":\"EntryPoint\",\"urlTemplate\":\"https:\\\/\\\/vmsport.fi\\\/?s={search_term_string}\"},\"query-input\":{\"@type\":\"PropertyValueSpecification\",\"valueRequired\":true,\"valueName\":\"search_term_string\"}}],\"inLanguage\":\"sv-SE\"},{\"@type\":\"Organization\",\"@id\":\"https:\\\/\\\/vmsport.fi\\\/#organization\",\"name\":\"Vmsport\",\"url\":\"https:\\\/\\\/vmsport.fi\\\/\",\"logo\":{\"@type\":\"ImageObject\",\"inLanguage\":\"sv-SE\",\"@id\":\"https:\\\/\\\/vmsport.fi\\\/#\\\/schema\\\/logo\\\/image\\\/\",\"url\":\"https:\\\/\\\/vmsport.fi\\\/wp-content\\\/uploads\\\/2024\\\/12\\\/vm_sport_RGB_horisontal-e1734526017575.png\",\"contentUrl\":\"https:\\\/\\\/vmsport.fi\\\/wp-content\\\/uploads\\\/2024\\\/12\\\/vm_sport_RGB_horisontal-e1734526017575.png\",\"width\":668,\"height\":85,\"caption\":\"Vmsport\"},\"image\":{\"@id\":\"https:\\\/\\\/vmsport.fi\\\/#\\\/schema\\\/logo\\\/image\\\/\"},\"sameAs\":[\"https:\\\/\\\/www.facebook.com\\\/Vmsport.fi\\\/\",\"https:\\\/\\\/www.instagram.com\\\/vmsport\\\/\"]}]}<\/script>\n<!-- \/ Yoast SEO plugin. -->","yoast_head_json":{"title":"Hepha City 7 L\u00e5ng r\u00e4ckvidd - VM Sport","robots":{"index":"index","follow":"follow","max-snippet":"max-snippet:-1","max-image-preview":"max-image-preview:large","max-video-preview":"max-video-preview:-1"},"canonical":"https:\/\/vmsport.fi\/sv\/webbutik\/cyklar\/sahkopyorat\/sagtand-pyorat\/hepha-city-7-lang-rackvidd\/","og_locale":"sv_SE","og_type":"article","og_title":"Hepha City 7 Long Range - VM Sport","og_description":"HEPHA City 7 Long Range \u2013 tehokas ja mukava s\u00e4hk\u00f6py\u00f6r\u00e4 kaupunkiin ja pidemmille lenkeille HEPHA City 7 Long Range on moderni ja tehokas s\u00e4hk\u00f6py\u00f6r\u00e4, joka on suunniteltu erityisesti mukavaan kaupunkiajoon ja pitkiin arjen matkoihin. Tehokas 100 Nm keskimoottori tarjoaa vahvan ja luonnollisen s\u00e4hk\u00f6avustuksen, joka helpottaa liikkumista niin vastatuulessa, yl\u00e4m\u00e4iss\u00e4 kuin pidemmill\u00e4kin py\u00f6r\u00e4retkill\u00e4. Py\u00f6r\u00e4n 708 Wh [...]L\u00e4s mer \u2026 from Hepha City 7 Long Range","og_url":"https:\/\/vmsport.fi\/sv\/webbutik\/cyklar\/sahkopyorat\/sagtand-pyorat\/hepha-city-7-lang-rackvidd\/","og_site_name":"VM Sport","article_publisher":"https:\/\/www.facebook.com\/Vmsport.fi\/","article_modified_time":"2026-04-02T10:56:54+00:00","og_image":[{"width":1000,"height":666,"url":"https:\/\/vmsport.fi\/wp-content\/uploads\/2025\/11\/HEPHA-MY25-City-7-Long-Range-Step-Through-Mid-Grey-01.jpg","type":"image\/jpeg"}],"twitter_card":"summary_large_image","twitter_misc":{"Ber\u00e4knad l\u00e4stid":"2 minuter"},"schema":{"@context":"https:\/\/schema.org","@graph":[{"@type":["WebPage","ItemPage"],"@id":"https:\/\/vmsport.fi\/verkkokauppa\/polkupyorat\/sahkopyorat\/sahkokaupunkipyorat\/hepha-city-7-long-range\/","url":"https:\/\/vmsport.fi\/verkkokauppa\/polkupyorat\/sahkopyorat\/sahkokaupunkipyorat\/hepha-city-7-long-range\/","name":"Hepha City 7 L\u00e5ng r\u00e4ckvidd - VM Sport","isPartOf":{"@id":"https:\/\/vmsport.fi\/#website"},"primaryImageOfPage":{"@id":"https:\/\/vmsport.fi\/verkkokauppa\/polkupyorat\/sahkopyorat\/sahkokaupunkipyorat\/hepha-city-7-long-range\/#primaryimage"},"image":{"@id":"https:\/\/vmsport.fi\/verkkokauppa\/polkupyorat\/sahkopyorat\/sahkokaupunkipyorat\/hepha-city-7-long-range\/#primaryimage"},"thumbnailUrl":"https:\/\/vmsport.fi\/wp-content\/uploads\/2025\/11\/HEPHA-MY25-City-7-Long-Range-Step-Through-Mid-Grey-01.jpg","datePublished":"2025-11-24T12:03:01+00:00","dateModified":"2026-04-02T10:56:54+00:00","breadcrumb":{"@id":"https:\/\/vmsport.fi\/verkkokauppa\/polkupyorat\/sahkopyorat\/sahkokaupunkipyorat\/hepha-city-7-long-range\/#breadcrumb"},"inLanguage":"sv-SE","potentialAction":[{"@type":"ReadAction","target":["https:\/\/vmsport.fi\/verkkokauppa\/polkupyorat\/sahkopyorat\/sahkokaupunkipyorat\/hepha-city-7-long-range\/"]}]},{"@type":"ImageObject","inLanguage":"sv-SE","@id":"https:\/\/vmsport.fi\/verkkokauppa\/polkupyorat\/sahkopyorat\/sahkokaupunkipyorat\/hepha-city-7-long-range\/#primaryimage","url":"https:\/\/vmsport.fi\/wp-content\/uploads\/2025\/11\/HEPHA-MY25-City-7-Long-Range-Step-Through-Mid-Grey-01.jpg","contentUrl":"https:\/\/vmsport.fi\/wp-content\/uploads\/2025\/11\/HEPHA-MY25-City-7-Long-Range-Step-Through-Mid-Grey-01.jpg","width":1000,"height":666,"caption":"HEPHA-MY25-City-7-Long-Range-Step-Through-Mid-Grey-01"},{"@type":"BreadcrumbList","@id":"https:\/\/vmsport.fi\/verkkokauppa\/polkupyorat\/sahkopyorat\/sahkokaupunkipyorat\/hepha-city-7-long-range\/#breadcrumb","itemListElement":[{"@type":"ListItem","position":1,"name":"Etusivu","item":"https:\/\/vmsport.fi\/"},{"@type":"ListItem","position":2,"name":"Online Store","item":"https:\/\/vmsport.fi\/en\/online-store\/"},{"@type":"ListItem","position":3,"name":"HEPHA polkupy\u00f6r\u00e4t","item":"https:\/\/vmsport.fi\/merkki\/hepha\/"},{"@type":"ListItem","position":4,"name":"Hepha City 7 Long Range"}]},{"@type":"WebSite","@id":"https:\/\/vmsport.fi\/#website","url":"https:\/\/vmsport.fi\/","name":"Vmsport","description":"Allt p\u00e5 ett st\u00e4lle f\u00f6r cykling","publisher":{"@id":"https:\/\/vmsport.fi\/#organization"},"potentialAction":[{"@type":"SearchAction","target":{"@type":"EntryPoint","urlTemplate":"https:\/\/vmsport.fi\/?s={search_term_string}"},"query-input":{"@type":"PropertyValueSpecification","valueRequired":true,"valueName":"search_term_string"}}],"inLanguage":"sv-SE"},{"@type":"Organization","@id":"https:\/\/vmsport.fi\/#organization","name":"Vmsport","url":"https:\/\/vmsport.fi\/","logo":{"@type":"ImageObject","inLanguage":"sv-SE","@id":"https:\/\/vmsport.fi\/#\/schema\/logo\/image\/","url":"https:\/\/vmsport.fi\/wp-content\/uploads\/2024\/12\/vm_sport_RGB_horisontal-e1734526017575.png","contentUrl":"https:\/\/vmsport.fi\/wp-content\/uploads\/2024\/12\/vm_sport_RGB_horisontal-e1734526017575.png","width":668,"height":85,"caption":"Vmsport"},"image":{"@id":"https:\/\/vmsport.fi\/#\/schema\/logo\/image\/"},"sameAs":["https:\/\/www.facebook.com\/Vmsport.fi\/","https:\/\/www.instagram.com\/vmsport\/"]}]}},"global_unique_id":"","_links":{"self":[{"href":"https:\/\/vmsport.fi\/sv\/wp-json\/wp\/v2\/product\/62039","targetHints":{"allow":["GET"]}}],"collection":[{"href":"https:\/\/vmsport.fi\/sv\/wp-json\/wp\/v2\/product"}],"about":[{"href":"https:\/\/vmsport.fi\/sv\/wp-json\/wp\/v2\/types\/product"}],"replies":[{"embeddable":true,"href":"https:\/\/vmsport.fi\/sv\/wp-json\/wp\/v2\/comments?post=62039"}],"wp:featuredmedia":[{"embeddable":true,"href":"https:\/\/vmsport.fi\/sv\/wp-json\/wp\/v2\/media\/62038"}],"wp:attachment":[{"href":"https:\/\/vmsport.fi\/sv\/wp-json\/wp\/v2\/media?parent=62039"}],"wp:term":[{"taxonomy":"product_brand","embeddable":true,"href":"https:\/\/vmsport.fi\/sv\/wp-json\/wp\/v2\/product_brand?post=62039"},{"taxonomy":"product_model","embeddable":true,"href":"https:\/\/vmsport.fi\/sv\/wp-json\/wp\/v2\/product_model?post=62039"},{"taxonomy":"product_cat","embeddable":true,"href":"https:\/\/vmsport.fi\/sv\/wp-json\/wp\/v2\/product_cat?post=62039"},{"taxonomy":"product_tag","embeddable":true,"href":"https:\/\/vmsport.fi\/sv\/wp-json\/wp\/v2\/product_tag?post=62039"},{"taxonomy":"industry_terminology","embeddable":true,"href":"https:\/\/vmsport.fi\/sv\/wp-json\/wp\/v2\/industry-terminology?post=62039"}],"curies":[{"name":"wp","href":"https:\/\/api.w.org\/{rel}","templated":true}]}}