{"id":61283,"date":"2025-10-06T16:51:25","date_gmt":"2025-10-06T13:51:25","guid":{"rendered":"https:\/\/vmsport.fi\/verkkokauppa\/Ei-luokiteltu\/trek-precaliber-16-freewheel-wheel-black\/"},"modified":"2026-01-30T12:13:55","modified_gmt":"2026-01-30T10:13:55","slug":"trek-precaliber-16-freewheel-wheel-black","status":"publish","type":"product","link":"https:\/\/vmsport.fi\/sv\/verkkokauppa\/varaosat\/kiekot-ja-navat\/etukiekot\/trek-precaliber-16-freewheel-wheel-black\/","title":{"rendered":"Trek Precaliber 16 frihjulshjul - svart"},"content":{"rendered":"<p>Alkuper\u00e4inen TREK Precaliber 16 -py\u00f6r\u00e4 sopii t\u00e4ydellisesti py\u00f6r\u00e4n huoltoon tai korjaukseen. Alumiininen rakenne pit\u00e4\u00e4 painon kevyen\u00e4 ja lis\u00e4\u00e4 kest\u00e4vyytt\u00e4, yli 30 mm sis\u00e4leveys mahdollistaa vakaamman renkaan. Kierteiselle vapaarattaalle suunniteltu yhteensopivuus yksinkertaistaa varaosan k\u00e4ytt\u00f6\u00e4. Tuote toimitetaan ilman ylim\u00e4\u00e4r\u00e4isi\u00e4 varusteita.<\/p>","protected":false},"excerpt":{"rendered":"<p>Trek Precaliber 16:n alkuper\u00e4inen takapy\u00f6r\u00e4, alumiinirakenne ja leve\u00e4 sis\u00e4vanne takaavat tukevuuden ja yhteensopivuuden. [&#8230;]<\/p>\n<p><a class=\"btn btn-secondary understrap-read-more-link\" href=\"https:\/\/vmsport.fi\/sv\/verkkokauppa\/varaosat\/kiekot-ja-navat\/etukiekot\/trek-precaliber-16-freewheel-wheel-black\/\">L\u00e4s mer \u2026<span class=\"screen-reader-text\"> from Trek Precaliber 16 Freewheel Wheel &#8211; Black<\/span><\/a><\/p>\n","protected":false},"featured_media":61281,"comment_status":"open","ping_status":"closed","template":"","meta":{"_acf_changed":false,"_improvement_type_select":"improve_an_existing","_thumb_yes_seoaic":false,"_frame_yes_seoaic":false,"seoaic_generate_description":"","seoaic_improve_instructions_prompt":"","seoaic_rollback_content_improvement":"","seoaic_idea_thumbnail_generator":"","thumbnail_generated":false,"thumbnail_generate_prompt":"","seoaic_article_description":"","_supplier_stock_quantity":0},"product_brand":[],"product_model":[],"product_cat":[9484],"product_tag":[],"industry-terminology":[],"class_list":{"0":"post-61283","1":"product","2":"type-product","3":"status-publish","4":"has-post-thumbnail","6":"product_cat-etukiekot","8":"first","9":"instock","10":"taxable","11":"shipping-taxable","12":"purchasable","13":"product-type-variable"},"acf":{"bike_features":null,"overview":{"copy_overview":null,"key_features":null,"statement":"","youtube_url":""}},"yoast_head":"<!-- This site is optimized with the Yoast SEO plugin v27.3 - https:\/\/yoast.com\/product\/yoast-seo-wordpress\/ -->\n<title>Trek Precaliber 16 Freewheel Wheel - Black - VM Sport<\/title>\n<meta name=\"robots\" content=\"index, follow, max-snippet:-1, max-image-preview:large, max-video-preview:-1\" \/>\n<link rel=\"canonical\" href=\"https:\/\/vmsport.fi\/sv\/webbutik\/reservdelar\/skivor-och-nav\/fram-falg\/trek-precaliber-16-freewheel-wheel-black\/\" \/>\n<meta property=\"og:locale\" content=\"sv_SE\" \/>\n<meta property=\"og:type\" content=\"article\" \/>\n<meta property=\"og:title\" content=\"Trek Precaliber 16 Freewheel Wheel - Black - VM Sport\" \/>\n<meta property=\"og:description\" content=\"Trek Precaliber 16:n alkuper\u00e4inen takapy\u00f6r\u00e4, alumiinirakenne ja leve\u00e4 sis\u00e4vanne takaavat tukevuuden ja yhteensopivuuden. [...]L\u00e4s mer \u2026 from Trek Precaliber 16 Freewheel Wheel &#8211; Black\" \/>\n<meta property=\"og:url\" content=\"https:\/\/vmsport.fi\/sv\/webbutik\/reservdelar\/skivor-och-nav\/fram-falg\/trek-precaliber-16-freewheel-wheel-black\/\" \/>\n<meta property=\"og:site_name\" content=\"VM Sport\" \/>\n<meta property=\"article:publisher\" content=\"https:\/\/www.facebook.com\/Vmsport.fi\/\" \/>\n<meta property=\"article:modified_time\" content=\"2026-01-30T10:13:55+00:00\" \/>\n<meta property=\"og:image\" content=\"https:\/\/vmsport.fi\/wp-content\/uploads\/2025\/10\/GCFY3a5p4OdNtpajqxQqDs300lN3K3rnFmK9JZ1P7nNXl9aguG.jpg\" \/>\n\t<meta property=\"og:image:width\" content=\"750\" \/>\n\t<meta property=\"og:image:height\" content=\"1000\" \/>\n\t<meta property=\"og:image:type\" content=\"image\/jpeg\" \/>\n<meta name=\"twitter:card\" content=\"summary_large_image\" \/>\n<script type=\"application\/ld+json\" class=\"yoast-schema-graph\">{\"@context\":\"https:\\\/\\\/schema.org\",\"@graph\":[{\"@type\":[\"WebPage\",\"ItemPage\"],\"@id\":\"https:\\\/\\\/vmsport.fi\\\/verkkokauppa\\\/varaosat\\\/kiekot-ja-navat\\\/etukiekot\\\/trek-precaliber-16-freewheel-wheel-black\\\/\",\"url\":\"https:\\\/\\\/vmsport.fi\\\/verkkokauppa\\\/varaosat\\\/kiekot-ja-navat\\\/etukiekot\\\/trek-precaliber-16-freewheel-wheel-black\\\/\",\"name\":\"Trek Precaliber 16 Freewheel Wheel - Black - VM Sport\",\"isPartOf\":{\"@id\":\"https:\\\/\\\/vmsport.fi\\\/#website\"},\"primaryImageOfPage\":{\"@id\":\"https:\\\/\\\/vmsport.fi\\\/verkkokauppa\\\/varaosat\\\/kiekot-ja-navat\\\/etukiekot\\\/trek-precaliber-16-freewheel-wheel-black\\\/#primaryimage\"},\"image\":{\"@id\":\"https:\\\/\\\/vmsport.fi\\\/verkkokauppa\\\/varaosat\\\/kiekot-ja-navat\\\/etukiekot\\\/trek-precaliber-16-freewheel-wheel-black\\\/#primaryimage\"},\"thumbnailUrl\":\"https:\\\/\\\/vmsport.fi\\\/wp-content\\\/uploads\\\/2025\\\/10\\\/GCFY3a5p4OdNtpajqxQqDs300lN3K3rnFmK9JZ1P7nNXl9aguG.jpg\",\"datePublished\":\"2025-10-06T13:51:25+00:00\",\"dateModified\":\"2026-01-30T10:13:55+00:00\",\"breadcrumb\":{\"@id\":\"https:\\\/\\\/vmsport.fi\\\/verkkokauppa\\\/varaosat\\\/kiekot-ja-navat\\\/etukiekot\\\/trek-precaliber-16-freewheel-wheel-black\\\/#breadcrumb\"},\"inLanguage\":\"sv-SE\",\"potentialAction\":[{\"@type\":\"ReadAction\",\"target\":[\"https:\\\/\\\/vmsport.fi\\\/verkkokauppa\\\/varaosat\\\/kiekot-ja-navat\\\/etukiekot\\\/trek-precaliber-16-freewheel-wheel-black\\\/\"]}]},{\"@type\":\"ImageObject\",\"inLanguage\":\"sv-SE\",\"@id\":\"https:\\\/\\\/vmsport.fi\\\/verkkokauppa\\\/varaosat\\\/kiekot-ja-navat\\\/etukiekot\\\/trek-precaliber-16-freewheel-wheel-black\\\/#primaryimage\",\"url\":\"https:\\\/\\\/vmsport.fi\\\/wp-content\\\/uploads\\\/2025\\\/10\\\/GCFY3a5p4OdNtpajqxQqDs300lN3K3rnFmK9JZ1P7nNXl9aguG.jpg\",\"contentUrl\":\"https:\\\/\\\/vmsport.fi\\\/wp-content\\\/uploads\\\/2025\\\/10\\\/GCFY3a5p4OdNtpajqxQqDs300lN3K3rnFmK9JZ1P7nNXl9aguG.jpg\",\"width\":750,\"height\":1000,\"caption\":\"GCFY3a5p4OdNtpajqxQqDs300lN3K3rnFmK9JZ1P7nNXl9aguG\"},{\"@type\":\"BreadcrumbList\",\"@id\":\"https:\\\/\\\/vmsport.fi\\\/verkkokauppa\\\/varaosat\\\/kiekot-ja-navat\\\/etukiekot\\\/trek-precaliber-16-freewheel-wheel-black\\\/#breadcrumb\",\"itemListElement\":[{\"@type\":\"ListItem\",\"position\":1,\"name\":\"Etusivu\",\"item\":\"https:\\\/\\\/vmsport.fi\\\/\"},{\"@type\":\"ListItem\",\"position\":2,\"name\":\"Online Store\",\"item\":\"https:\\\/\\\/vmsport.fi\\\/en\\\/online-store\\\/\"},{\"@type\":\"ListItem\",\"position\":3,\"name\":\"Trek Precaliber 16 Freewheel Wheel &#8211; Black\"}]},{\"@type\":\"WebSite\",\"@id\":\"https:\\\/\\\/vmsport.fi\\\/#website\",\"url\":\"https:\\\/\\\/vmsport.fi\\\/\",\"name\":\"Vmsport\",\"description\":\"Kaikki py\u00f6r\u00e4ilyyn yhdest\u00e4 paikasta\",\"publisher\":{\"@id\":\"https:\\\/\\\/vmsport.fi\\\/#organization\"},\"potentialAction\":[{\"@type\":\"SearchAction\",\"target\":{\"@type\":\"EntryPoint\",\"urlTemplate\":\"https:\\\/\\\/vmsport.fi\\\/?s={search_term_string}\"},\"query-input\":{\"@type\":\"PropertyValueSpecification\",\"valueRequired\":true,\"valueName\":\"search_term_string\"}}],\"inLanguage\":\"sv-SE\"},{\"@type\":\"Organization\",\"@id\":\"https:\\\/\\\/vmsport.fi\\\/#organization\",\"name\":\"Vmsport\",\"url\":\"https:\\\/\\\/vmsport.fi\\\/\",\"logo\":{\"@type\":\"ImageObject\",\"inLanguage\":\"sv-SE\",\"@id\":\"https:\\\/\\\/vmsport.fi\\\/#\\\/schema\\\/logo\\\/image\\\/\",\"url\":\"https:\\\/\\\/vmsport.fi\\\/wp-content\\\/uploads\\\/2024\\\/12\\\/vm_sport_RGB_horisontal-e1734526017575.png\",\"contentUrl\":\"https:\\\/\\\/vmsport.fi\\\/wp-content\\\/uploads\\\/2024\\\/12\\\/vm_sport_RGB_horisontal-e1734526017575.png\",\"width\":668,\"height\":85,\"caption\":\"Vmsport\"},\"image\":{\"@id\":\"https:\\\/\\\/vmsport.fi\\\/#\\\/schema\\\/logo\\\/image\\\/\"},\"sameAs\":[\"https:\\\/\\\/www.facebook.com\\\/Vmsport.fi\\\/\",\"https:\\\/\\\/www.instagram.com\\\/vmsport\\\/\"]}]}<\/script>\n<!-- \/ Yoast SEO plugin. -->","yoast_head_json":{"title":"Trek Precaliber 16 Freewheel Wheel - Black - VM Sport","robots":{"index":"index","follow":"follow","max-snippet":"max-snippet:-1","max-image-preview":"max-image-preview:large","max-video-preview":"max-video-preview:-1"},"canonical":"https:\/\/vmsport.fi\/sv\/webbutik\/reservdelar\/skivor-och-nav\/fram-falg\/trek-precaliber-16-freewheel-wheel-black\/","og_locale":"sv_SE","og_type":"article","og_title":"Trek Precaliber 16 Freewheel Wheel - Black - VM Sport","og_description":"Trek Precaliber 16:n alkuper\u00e4inen takapy\u00f6r\u00e4, alumiinirakenne ja leve\u00e4 sis\u00e4vanne takaavat tukevuuden ja yhteensopivuuden. [...]L\u00e4s mer \u2026 from Trek Precaliber 16 Freewheel Wheel &#8211; Black","og_url":"https:\/\/vmsport.fi\/sv\/webbutik\/reservdelar\/skivor-och-nav\/fram-falg\/trek-precaliber-16-freewheel-wheel-black\/","og_site_name":"VM Sport","article_publisher":"https:\/\/www.facebook.com\/Vmsport.fi\/","article_modified_time":"2026-01-30T10:13:55+00:00","og_image":[{"width":750,"height":1000,"url":"https:\/\/vmsport.fi\/wp-content\/uploads\/2025\/10\/GCFY3a5p4OdNtpajqxQqDs300lN3K3rnFmK9JZ1P7nNXl9aguG.jpg","type":"image\/jpeg"}],"twitter_card":"summary_large_image","schema":{"@context":"https:\/\/schema.org","@graph":[{"@type":["WebPage","ItemPage"],"@id":"https:\/\/vmsport.fi\/verkkokauppa\/varaosat\/kiekot-ja-navat\/etukiekot\/trek-precaliber-16-freewheel-wheel-black\/","url":"https:\/\/vmsport.fi\/verkkokauppa\/varaosat\/kiekot-ja-navat\/etukiekot\/trek-precaliber-16-freewheel-wheel-black\/","name":"Trek Precaliber 16 Freewheel Wheel - Black - VM Sport","isPartOf":{"@id":"https:\/\/vmsport.fi\/#website"},"primaryImageOfPage":{"@id":"https:\/\/vmsport.fi\/verkkokauppa\/varaosat\/kiekot-ja-navat\/etukiekot\/trek-precaliber-16-freewheel-wheel-black\/#primaryimage"},"image":{"@id":"https:\/\/vmsport.fi\/verkkokauppa\/varaosat\/kiekot-ja-navat\/etukiekot\/trek-precaliber-16-freewheel-wheel-black\/#primaryimage"},"thumbnailUrl":"https:\/\/vmsport.fi\/wp-content\/uploads\/2025\/10\/GCFY3a5p4OdNtpajqxQqDs300lN3K3rnFmK9JZ1P7nNXl9aguG.jpg","datePublished":"2025-10-06T13:51:25+00:00","dateModified":"2026-01-30T10:13:55+00:00","breadcrumb":{"@id":"https:\/\/vmsport.fi\/verkkokauppa\/varaosat\/kiekot-ja-navat\/etukiekot\/trek-precaliber-16-freewheel-wheel-black\/#breadcrumb"},"inLanguage":"sv-SE","potentialAction":[{"@type":"ReadAction","target":["https:\/\/vmsport.fi\/verkkokauppa\/varaosat\/kiekot-ja-navat\/etukiekot\/trek-precaliber-16-freewheel-wheel-black\/"]}]},{"@type":"ImageObject","inLanguage":"sv-SE","@id":"https:\/\/vmsport.fi\/verkkokauppa\/varaosat\/kiekot-ja-navat\/etukiekot\/trek-precaliber-16-freewheel-wheel-black\/#primaryimage","url":"https:\/\/vmsport.fi\/wp-content\/uploads\/2025\/10\/GCFY3a5p4OdNtpajqxQqDs300lN3K3rnFmK9JZ1P7nNXl9aguG.jpg","contentUrl":"https:\/\/vmsport.fi\/wp-content\/uploads\/2025\/10\/GCFY3a5p4OdNtpajqxQqDs300lN3K3rnFmK9JZ1P7nNXl9aguG.jpg","width":750,"height":1000,"caption":"GCFY3a5p4OdNtpajqxQqDs300lN3K3rnFmK9JZ1P7nNXl9aguG"},{"@type":"BreadcrumbList","@id":"https:\/\/vmsport.fi\/verkkokauppa\/varaosat\/kiekot-ja-navat\/etukiekot\/trek-precaliber-16-freewheel-wheel-black\/#breadcrumb","itemListElement":[{"@type":"ListItem","position":1,"name":"Etusivu","item":"https:\/\/vmsport.fi\/"},{"@type":"ListItem","position":2,"name":"Online Store","item":"https:\/\/vmsport.fi\/en\/online-store\/"},{"@type":"ListItem","position":3,"name":"Trek Precaliber 16 Freewheel Wheel &#8211; Black"}]},{"@type":"WebSite","@id":"https:\/\/vmsport.fi\/#website","url":"https:\/\/vmsport.fi\/","name":"Vmsport","description":"Allt p\u00e5 ett st\u00e4lle f\u00f6r cykling","publisher":{"@id":"https:\/\/vmsport.fi\/#organization"},"potentialAction":[{"@type":"SearchAction","target":{"@type":"EntryPoint","urlTemplate":"https:\/\/vmsport.fi\/?s={search_term_string}"},"query-input":{"@type":"PropertyValueSpecification","valueRequired":true,"valueName":"search_term_string"}}],"inLanguage":"sv-SE"},{"@type":"Organization","@id":"https:\/\/vmsport.fi\/#organization","name":"Vmsport","url":"https:\/\/vmsport.fi\/","logo":{"@type":"ImageObject","inLanguage":"sv-SE","@id":"https:\/\/vmsport.fi\/#\/schema\/logo\/image\/","url":"https:\/\/vmsport.fi\/wp-content\/uploads\/2024\/12\/vm_sport_RGB_horisontal-e1734526017575.png","contentUrl":"https:\/\/vmsport.fi\/wp-content\/uploads\/2024\/12\/vm_sport_RGB_horisontal-e1734526017575.png","width":668,"height":85,"caption":"Vmsport"},"image":{"@id":"https:\/\/vmsport.fi\/#\/schema\/logo\/image\/"},"sameAs":["https:\/\/www.facebook.com\/Vmsport.fi\/","https:\/\/www.instagram.com\/vmsport\/"]}]}},"global_unique_id":"","_links":{"self":[{"href":"https:\/\/vmsport.fi\/sv\/wp-json\/wp\/v2\/product\/61283","targetHints":{"allow":["GET"]}}],"collection":[{"href":"https:\/\/vmsport.fi\/sv\/wp-json\/wp\/v2\/product"}],"about":[{"href":"https:\/\/vmsport.fi\/sv\/wp-json\/wp\/v2\/types\/product"}],"replies":[{"embeddable":true,"href":"https:\/\/vmsport.fi\/sv\/wp-json\/wp\/v2\/comments?post=61283"}],"wp:featuredmedia":[{"embeddable":true,"href":"https:\/\/vmsport.fi\/sv\/wp-json\/wp\/v2\/media\/61281"}],"wp:attachment":[{"href":"https:\/\/vmsport.fi\/sv\/wp-json\/wp\/v2\/media?parent=61283"}],"wp:term":[{"taxonomy":"product_brand","embeddable":true,"href":"https:\/\/vmsport.fi\/sv\/wp-json\/wp\/v2\/product_brand?post=61283"},{"taxonomy":"product_model","embeddable":true,"href":"https:\/\/vmsport.fi\/sv\/wp-json\/wp\/v2\/product_model?post=61283"},{"taxonomy":"product_cat","embeddable":true,"href":"https:\/\/vmsport.fi\/sv\/wp-json\/wp\/v2\/product_cat?post=61283"},{"taxonomy":"product_tag","embeddable":true,"href":"https:\/\/vmsport.fi\/sv\/wp-json\/wp\/v2\/product_tag?post=61283"},{"taxonomy":"industry_terminology","embeddable":true,"href":"https:\/\/vmsport.fi\/sv\/wp-json\/wp\/v2\/industry-terminology?post=61283"}],"curies":[{"name":"wp","href":"https:\/\/api.w.org\/{rel}","templated":true}]}}