{"id":61239,"date":"2025-10-03T16:06:30","date_gmt":"2025-10-03T13:06:30","guid":{"rendered":"https:\/\/vmsport.fi\/verkkokauppa\/Ei-luokiteltu\/top-fuel-8-m-matte-dark-web\/"},"modified":"2026-01-16T13:22:56","modified_gmt":"2026-01-16T11:22:56","slug":"ovre-bransle-8-m-matt-mork-webb","status":"publish","type":"product","link":"https:\/\/vmsport.fi\/sv\/verkkokauppa\/polkupyorat\/maastopyorat\/taysjoustot\/top-fuel-8-m-matte-dark-web\/","title":{"rendered":"Top Fuel 8 M Matte Dark Web"},"content":{"rendered":"<p>Top Fuel 8 Gen 4 har 120 mm fj\u00e4dring bak och 130 mm fj\u00e4dring fram, vilket g\u00f6r att du kan r\u00f6ra dig effektivt i varierande terr\u00e4ng. Alpha Platinum-aluminiumramen \u00e4r l\u00e4tt men h\u00e5llbar, med inv\u00e4ndig kabelgenomf\u00f6ring och f\u00f6rvaringsutrymme med BITS-sk\u00e5p. Shimano XT\/SLX 12-v\u00e4xlad transmission ger exakt och tillf\u00f6rlitlig kraft\u00f6verf\u00f6ring. Mino Link med fyra l\u00e4gen begr\u00e4nsar m\u00e5ngsidigheten hos cykelplattformen genom att du kan justera ramgeometri och flex snabbt och enkelt. Bontrager-komponenter som droppst\u00e5ngen och d\u00e4cken bidrar till cykelns m\u00e5ngsidighet och prestanda. Cykeln \u00e4r utformad f\u00f6r kr\u00e4vande stigar som kr\u00e4ver b\u00e5de kl\u00e4ttring och nedf\u00f6rsbacke utan kompromisser.<\/p>","protected":false},"excerpt":{"rendered":"<p>Top Fuel 8 Gen 4 on monipuolinen trail-py\u00f6r\u00e4, jossa yhdistyv\u00e4t kevyt alumiinirunko, laadukas voimansiirto ja s\u00e4\u00e4dett\u00e4v\u00e4 joustoj\u00e4rjestelm\u00e4. [&#8230;]<\/p>\n<p><a class=\"btn btn-secondary understrap-read-more-link\" href=\"https:\/\/vmsport.fi\/sv\/verkkokauppa\/polkupyorat\/maastopyorat\/taysjoustot\/top-fuel-8-m-matte-dark-web\/\">L\u00e4s mer \u2026<span class=\"screen-reader-text\"> from Top Fuel 8 M Matte Dark Web<\/span><\/a><\/p>\n","protected":false},"featured_media":61234,"comment_status":"open","ping_status":"closed","template":"","meta":{"_acf_changed":false,"_improvement_type_select":"improve_an_existing","_thumb_yes_seoaic":false,"_frame_yes_seoaic":false,"seoaic_generate_description":"","seoaic_improve_instructions_prompt":"","seoaic_rollback_content_improvement":"","seoaic_idea_thumbnail_generator":"","thumbnail_generated":false,"thumbnail_generate_prompt":"","seoaic_article_description":"","_supplier_stock_quantity":0},"product_brand":[],"product_model":[],"product_cat":[9412],"product_tag":[],"industry-terminology":[],"class_list":{"0":"post-61239","1":"product","2":"type-product","3":"status-publish","4":"has-post-thumbnail","6":"product_cat-taysjoustot","8":"first","9":"outofstock","10":"taxable","11":"shipping-taxable","12":"product-type-simple"},"acf":{"bike_features":null,"overview":{"copy_overview":null,"key_features":null,"statement":"","youtube_url":""}},"yoast_head":"<!-- This site is optimized with the Yoast SEO plugin v27.3 - https:\/\/yoast.com\/product\/yoast-seo-wordpress\/ -->\n<title>Top Fuel 8 M Matte Dark Web - VM Sport<\/title>\n<meta name=\"robots\" content=\"index, follow, max-snippet:-1, max-image-preview:large, max-video-preview:-1\" \/>\n<link rel=\"canonical\" href=\"https:\/\/vmsport.fi\/sv\/webbutik\/cyklar\/landskap-cikoria\/taysjoustot\/ovre-bransle-8-m-matt-mork-webb\/\" \/>\n<meta property=\"og:locale\" content=\"sv_SE\" \/>\n<meta property=\"og:type\" content=\"article\" \/>\n<meta property=\"og:title\" content=\"Top Fuel 8 M Matte Dark Web - VM Sport\" \/>\n<meta property=\"og:description\" content=\"Top Fuel 8 Gen 4 on monipuolinen trail-py\u00f6r\u00e4, jossa yhdistyv\u00e4t kevyt alumiinirunko, laadukas voimansiirto ja s\u00e4\u00e4dett\u00e4v\u00e4 joustoj\u00e4rjestelm\u00e4. [...]L\u00e4s mer \u2026 from Top Fuel 8 M Matte Dark Web\" \/>\n<meta property=\"og:url\" content=\"https:\/\/vmsport.fi\/sv\/webbutik\/cyklar\/landskap-cikoria\/taysjoustot\/ovre-bransle-8-m-matt-mork-webb\/\" \/>\n<meta property=\"og:site_name\" content=\"VM Sport\" \/>\n<meta property=\"article:publisher\" content=\"https:\/\/www.facebook.com\/Vmsport.fi\/\" \/>\n<meta property=\"article:modified_time\" content=\"2026-01-16T11:22:56+00:00\" \/>\n<meta property=\"og:image\" content=\"https:\/\/vmsport.fi\/wp-content\/uploads\/2025\/10\/Dd0XYexA4yaUakWhUh3BUe99mTiF14EQC5HJ47FFTJSS6puW5Z.jpg\" \/>\n\t<meta property=\"og:image:width\" content=\"1000\" \/>\n\t<meta property=\"og:image:height\" content=\"750\" \/>\n\t<meta property=\"og:image:type\" content=\"image\/jpeg\" \/>\n<meta name=\"twitter:card\" content=\"summary_large_image\" \/>\n<script type=\"application\/ld+json\" class=\"yoast-schema-graph\">{\"@context\":\"https:\\\/\\\/schema.org\",\"@graph\":[{\"@type\":[\"WebPage\",\"ItemPage\"],\"@id\":\"https:\\\/\\\/vmsport.fi\\\/verkkokauppa\\\/polkupyorat\\\/maastopyorat\\\/taysjoustot\\\/top-fuel-8-m-matte-dark-web\\\/\",\"url\":\"https:\\\/\\\/vmsport.fi\\\/verkkokauppa\\\/polkupyorat\\\/maastopyorat\\\/taysjoustot\\\/top-fuel-8-m-matte-dark-web\\\/\",\"name\":\"Top Fuel 8 M Matte Dark Web - VM Sport\",\"isPartOf\":{\"@id\":\"https:\\\/\\\/vmsport.fi\\\/#website\"},\"primaryImageOfPage\":{\"@id\":\"https:\\\/\\\/vmsport.fi\\\/verkkokauppa\\\/polkupyorat\\\/maastopyorat\\\/taysjoustot\\\/top-fuel-8-m-matte-dark-web\\\/#primaryimage\"},\"image\":{\"@id\":\"https:\\\/\\\/vmsport.fi\\\/verkkokauppa\\\/polkupyorat\\\/maastopyorat\\\/taysjoustot\\\/top-fuel-8-m-matte-dark-web\\\/#primaryimage\"},\"thumbnailUrl\":\"https:\\\/\\\/vmsport.fi\\\/wp-content\\\/uploads\\\/2025\\\/10\\\/Dd0XYexA4yaUakWhUh3BUe99mTiF14EQC5HJ47FFTJSS6puW5Z.jpg\",\"datePublished\":\"2025-10-03T13:06:30+00:00\",\"dateModified\":\"2026-01-16T11:22:56+00:00\",\"breadcrumb\":{\"@id\":\"https:\\\/\\\/vmsport.fi\\\/verkkokauppa\\\/polkupyorat\\\/maastopyorat\\\/taysjoustot\\\/top-fuel-8-m-matte-dark-web\\\/#breadcrumb\"},\"inLanguage\":\"sv-SE\",\"potentialAction\":[{\"@type\":\"ReadAction\",\"target\":[\"https:\\\/\\\/vmsport.fi\\\/verkkokauppa\\\/polkupyorat\\\/maastopyorat\\\/taysjoustot\\\/top-fuel-8-m-matte-dark-web\\\/\"]}]},{\"@type\":\"ImageObject\",\"inLanguage\":\"sv-SE\",\"@id\":\"https:\\\/\\\/vmsport.fi\\\/verkkokauppa\\\/polkupyorat\\\/maastopyorat\\\/taysjoustot\\\/top-fuel-8-m-matte-dark-web\\\/#primaryimage\",\"url\":\"https:\\\/\\\/vmsport.fi\\\/wp-content\\\/uploads\\\/2025\\\/10\\\/Dd0XYexA4yaUakWhUh3BUe99mTiF14EQC5HJ47FFTJSS6puW5Z.jpg\",\"contentUrl\":\"https:\\\/\\\/vmsport.fi\\\/wp-content\\\/uploads\\\/2025\\\/10\\\/Dd0XYexA4yaUakWhUh3BUe99mTiF14EQC5HJ47FFTJSS6puW5Z.jpg\",\"width\":1000,\"height\":750,\"caption\":\"Dd0XYexA4yaUakWhUh3BUe99mTiF14EQC5HJ47FFTJSS6puW5Z\"},{\"@type\":\"BreadcrumbList\",\"@id\":\"https:\\\/\\\/vmsport.fi\\\/verkkokauppa\\\/polkupyorat\\\/maastopyorat\\\/taysjoustot\\\/top-fuel-8-m-matte-dark-web\\\/#breadcrumb\",\"itemListElement\":[{\"@type\":\"ListItem\",\"position\":1,\"name\":\"Etusivu\",\"item\":\"https:\\\/\\\/vmsport.fi\\\/\"},{\"@type\":\"ListItem\",\"position\":2,\"name\":\"Online Store\",\"item\":\"https:\\\/\\\/vmsport.fi\\\/en\\\/online-store\\\/\"},{\"@type\":\"ListItem\",\"position\":3,\"name\":\"Top Fuel 8 M Matte Dark Web\"}]},{\"@type\":\"WebSite\",\"@id\":\"https:\\\/\\\/vmsport.fi\\\/#website\",\"url\":\"https:\\\/\\\/vmsport.fi\\\/\",\"name\":\"Vmsport\",\"description\":\"Kaikki py\u00f6r\u00e4ilyyn yhdest\u00e4 paikasta\",\"publisher\":{\"@id\":\"https:\\\/\\\/vmsport.fi\\\/#organization\"},\"potentialAction\":[{\"@type\":\"SearchAction\",\"target\":{\"@type\":\"EntryPoint\",\"urlTemplate\":\"https:\\\/\\\/vmsport.fi\\\/?s={search_term_string}\"},\"query-input\":{\"@type\":\"PropertyValueSpecification\",\"valueRequired\":true,\"valueName\":\"search_term_string\"}}],\"inLanguage\":\"sv-SE\"},{\"@type\":\"Organization\",\"@id\":\"https:\\\/\\\/vmsport.fi\\\/#organization\",\"name\":\"Vmsport\",\"url\":\"https:\\\/\\\/vmsport.fi\\\/\",\"logo\":{\"@type\":\"ImageObject\",\"inLanguage\":\"sv-SE\",\"@id\":\"https:\\\/\\\/vmsport.fi\\\/#\\\/schema\\\/logo\\\/image\\\/\",\"url\":\"https:\\\/\\\/vmsport.fi\\\/wp-content\\\/uploads\\\/2024\\\/12\\\/vm_sport_RGB_horisontal-e1734526017575.png\",\"contentUrl\":\"https:\\\/\\\/vmsport.fi\\\/wp-content\\\/uploads\\\/2024\\\/12\\\/vm_sport_RGB_horisontal-e1734526017575.png\",\"width\":668,\"height\":85,\"caption\":\"Vmsport\"},\"image\":{\"@id\":\"https:\\\/\\\/vmsport.fi\\\/#\\\/schema\\\/logo\\\/image\\\/\"},\"sameAs\":[\"https:\\\/\\\/www.facebook.com\\\/Vmsport.fi\\\/\",\"https:\\\/\\\/www.instagram.com\\\/vmsport\\\/\"]}]}<\/script>\n<!-- \/ Yoast SEO plugin. -->","yoast_head_json":{"title":"Top Fuel 8 M Matte Dark Web - VM Sport","robots":{"index":"index","follow":"follow","max-snippet":"max-snippet:-1","max-image-preview":"max-image-preview:large","max-video-preview":"max-video-preview:-1"},"canonical":"https:\/\/vmsport.fi\/sv\/webbutik\/cyklar\/landskap-cikoria\/taysjoustot\/ovre-bransle-8-m-matt-mork-webb\/","og_locale":"sv_SE","og_type":"article","og_title":"Top Fuel 8 M Matte Dark Web - VM Sport","og_description":"Top Fuel 8 Gen 4 on monipuolinen trail-py\u00f6r\u00e4, jossa yhdistyv\u00e4t kevyt alumiinirunko, laadukas voimansiirto ja s\u00e4\u00e4dett\u00e4v\u00e4 joustoj\u00e4rjestelm\u00e4. [...]L\u00e4s mer \u2026 from Top Fuel 8 M Matte Dark Web","og_url":"https:\/\/vmsport.fi\/sv\/webbutik\/cyklar\/landskap-cikoria\/taysjoustot\/ovre-bransle-8-m-matt-mork-webb\/","og_site_name":"VM Sport","article_publisher":"https:\/\/www.facebook.com\/Vmsport.fi\/","article_modified_time":"2026-01-16T11:22:56+00:00","og_image":[{"width":1000,"height":750,"url":"https:\/\/vmsport.fi\/wp-content\/uploads\/2025\/10\/Dd0XYexA4yaUakWhUh3BUe99mTiF14EQC5HJ47FFTJSS6puW5Z.jpg","type":"image\/jpeg"}],"twitter_card":"summary_large_image","schema":{"@context":"https:\/\/schema.org","@graph":[{"@type":["WebPage","ItemPage"],"@id":"https:\/\/vmsport.fi\/verkkokauppa\/polkupyorat\/maastopyorat\/taysjoustot\/top-fuel-8-m-matte-dark-web\/","url":"https:\/\/vmsport.fi\/verkkokauppa\/polkupyorat\/maastopyorat\/taysjoustot\/top-fuel-8-m-matte-dark-web\/","name":"Top Fuel 8 M Matte Dark Web - VM Sport","isPartOf":{"@id":"https:\/\/vmsport.fi\/#website"},"primaryImageOfPage":{"@id":"https:\/\/vmsport.fi\/verkkokauppa\/polkupyorat\/maastopyorat\/taysjoustot\/top-fuel-8-m-matte-dark-web\/#primaryimage"},"image":{"@id":"https:\/\/vmsport.fi\/verkkokauppa\/polkupyorat\/maastopyorat\/taysjoustot\/top-fuel-8-m-matte-dark-web\/#primaryimage"},"thumbnailUrl":"https:\/\/vmsport.fi\/wp-content\/uploads\/2025\/10\/Dd0XYexA4yaUakWhUh3BUe99mTiF14EQC5HJ47FFTJSS6puW5Z.jpg","datePublished":"2025-10-03T13:06:30+00:00","dateModified":"2026-01-16T11:22:56+00:00","breadcrumb":{"@id":"https:\/\/vmsport.fi\/verkkokauppa\/polkupyorat\/maastopyorat\/taysjoustot\/top-fuel-8-m-matte-dark-web\/#breadcrumb"},"inLanguage":"sv-SE","potentialAction":[{"@type":"ReadAction","target":["https:\/\/vmsport.fi\/verkkokauppa\/polkupyorat\/maastopyorat\/taysjoustot\/top-fuel-8-m-matte-dark-web\/"]}]},{"@type":"ImageObject","inLanguage":"sv-SE","@id":"https:\/\/vmsport.fi\/verkkokauppa\/polkupyorat\/maastopyorat\/taysjoustot\/top-fuel-8-m-matte-dark-web\/#primaryimage","url":"https:\/\/vmsport.fi\/wp-content\/uploads\/2025\/10\/Dd0XYexA4yaUakWhUh3BUe99mTiF14EQC5HJ47FFTJSS6puW5Z.jpg","contentUrl":"https:\/\/vmsport.fi\/wp-content\/uploads\/2025\/10\/Dd0XYexA4yaUakWhUh3BUe99mTiF14EQC5HJ47FFTJSS6puW5Z.jpg","width":1000,"height":750,"caption":"Dd0XYexA4yaUakWhUh3BUe99mTiF14EQC5HJ47FFTJSS6puW5Z"},{"@type":"BreadcrumbList","@id":"https:\/\/vmsport.fi\/verkkokauppa\/polkupyorat\/maastopyorat\/taysjoustot\/top-fuel-8-m-matte-dark-web\/#breadcrumb","itemListElement":[{"@type":"ListItem","position":1,"name":"Etusivu","item":"https:\/\/vmsport.fi\/"},{"@type":"ListItem","position":2,"name":"Online Store","item":"https:\/\/vmsport.fi\/en\/online-store\/"},{"@type":"ListItem","position":3,"name":"Top Fuel 8 M Matte Dark Web"}]},{"@type":"WebSite","@id":"https:\/\/vmsport.fi\/#website","url":"https:\/\/vmsport.fi\/","name":"Vmsport","description":"Allt p\u00e5 ett st\u00e4lle f\u00f6r cykling","publisher":{"@id":"https:\/\/vmsport.fi\/#organization"},"potentialAction":[{"@type":"SearchAction","target":{"@type":"EntryPoint","urlTemplate":"https:\/\/vmsport.fi\/?s={search_term_string}"},"query-input":{"@type":"PropertyValueSpecification","valueRequired":true,"valueName":"search_term_string"}}],"inLanguage":"sv-SE"},{"@type":"Organization","@id":"https:\/\/vmsport.fi\/#organization","name":"Vmsport","url":"https:\/\/vmsport.fi\/","logo":{"@type":"ImageObject","inLanguage":"sv-SE","@id":"https:\/\/vmsport.fi\/#\/schema\/logo\/image\/","url":"https:\/\/vmsport.fi\/wp-content\/uploads\/2024\/12\/vm_sport_RGB_horisontal-e1734526017575.png","contentUrl":"https:\/\/vmsport.fi\/wp-content\/uploads\/2024\/12\/vm_sport_RGB_horisontal-e1734526017575.png","width":668,"height":85,"caption":"Vmsport"},"image":{"@id":"https:\/\/vmsport.fi\/#\/schema\/logo\/image\/"},"sameAs":["https:\/\/www.facebook.com\/Vmsport.fi\/","https:\/\/www.instagram.com\/vmsport\/"]}]}},"global_unique_id":"","_links":{"self":[{"href":"https:\/\/vmsport.fi\/sv\/wp-json\/wp\/v2\/product\/61239","targetHints":{"allow":["GET"]}}],"collection":[{"href":"https:\/\/vmsport.fi\/sv\/wp-json\/wp\/v2\/product"}],"about":[{"href":"https:\/\/vmsport.fi\/sv\/wp-json\/wp\/v2\/types\/product"}],"replies":[{"embeddable":true,"href":"https:\/\/vmsport.fi\/sv\/wp-json\/wp\/v2\/comments?post=61239"}],"wp:featuredmedia":[{"embeddable":true,"href":"https:\/\/vmsport.fi\/sv\/wp-json\/wp\/v2\/media\/61234"}],"wp:attachment":[{"href":"https:\/\/vmsport.fi\/sv\/wp-json\/wp\/v2\/media?parent=61239"}],"wp:term":[{"taxonomy":"product_brand","embeddable":true,"href":"https:\/\/vmsport.fi\/sv\/wp-json\/wp\/v2\/product_brand?post=61239"},{"taxonomy":"product_model","embeddable":true,"href":"https:\/\/vmsport.fi\/sv\/wp-json\/wp\/v2\/product_model?post=61239"},{"taxonomy":"product_cat","embeddable":true,"href":"https:\/\/vmsport.fi\/sv\/wp-json\/wp\/v2\/product_cat?post=61239"},{"taxonomy":"product_tag","embeddable":true,"href":"https:\/\/vmsport.fi\/sv\/wp-json\/wp\/v2\/product_tag?post=61239"},{"taxonomy":"industry_terminology","embeddable":true,"href":"https:\/\/vmsport.fi\/sv\/wp-json\/wp\/v2\/industry-terminology?post=61239"}],"curies":[{"name":"wp","href":"https:\/\/api.w.org\/{rel}","templated":true}]}}