{"id":60860,"date":"2025-09-25T11:07:10","date_gmt":"2025-09-25T08:07:10","guid":{"rendered":"https:\/\/vmsport.fi\/verkkokauppa\/Ei-luokiteltu\/deity-highside-35mm-bar-80mm-rise\/"},"modified":"2026-04-22T15:31:38","modified_gmt":"2026-04-22T12:31:38","slug":"deity-hogsida-35-mm-stang-80-mm-upphojning","status":"publish","type":"product","link":"https:\/\/vmsport.fi\/sv\/verkkokauppa\/varaosat\/ohjaamo\/ohjaustangot\/deity-highside-35mm-bar-80mm-rise\/","title":{"rendered":"Deity Highside 35 mm styrst\u00e5ng 80 mm stigh\u00f6jd"},"content":{"rendered":"<h3><b>Deity Highside 35 80 mm styre - f\u00f6r mer stil och k\u00f6rkomfort<\/b><\/h3>\n<p class=\"p3\"><span class=\"s2\"><b>Deity Highside 35 80 mm styre<\/b><\/span> \u00e4r det perfekta valet f\u00f6r mountainbikecyklisten som vill ha en mer uppr\u00e4tt k\u00f6rst\u00e4llning, mer stil och en exakt k\u00e4nsla utan kompromisser. Det h\u00e4r styret \u00e4r s\u00e4rskilt utformat f\u00f6r slopestyle, dirt jump och enduro, men den komfort det ger g\u00f6r det popul\u00e4rt \u00e4ven bland l\u00e5ngf\u00e4rdscyklister.<\/p>\n<p class=\"p3\"><span class=\"s2\"><b>800 mm bred<\/b><\/span> styrst\u00e5ngen ger stabilitet och kontroll i teknisk terr\u00e4ng, medan <span class=\"s2\"><b>80 mm upph\u00f6jning<\/b><\/span> hj\u00e4lper till att l\u00e4tta belastningen p\u00e5 \u00f6verkroppen. Detta ger en mer avslappnad k\u00f6rning - s\u00e4rskilt i nedf\u00f6rsbackar och branta stigningar. Tango <span class=\"s2\"><b>35 mm kl\u00e4mma<\/b><\/span> s\u00e4kerst\u00e4lla styvhet och god respons p\u00e5 styrningen.<\/p>\n<p class=\"p3\">Med Deitys h\u00f6gkvalitativa finish och moderna design ser Highside 35 lika bra ut som det k\u00e4nns. Det h\u00e4r styret \u00e4r inte bara ett tillbeh\u00f6r - det \u00e4r en del av din k\u00f6rstil.<\/p>\n<hr \/>\n<h3><b>Varf\u00f6r v\u00e4lja Deity Highside 35 80 mm styre?<\/b><\/h3>\n<ul>\n<li>\n<p class=\"p1\"><span class=\"s1\"><b>800 mm bredd<\/b><\/span> ger stabilitet och k\u00f6rs\u00e4kerhet<\/p>\n<\/li>\n<li>\n<p class=\"p1\"><span class=\"s1\"><b>80 mm upph\u00f6jning<\/b><\/span> m\u00f6jligg\u00f6r en mer avslappnad och uppr\u00e4tt k\u00f6rst\u00e4llning<\/p>\n<\/li>\n<li>\n<p class=\"p1\"><span class=\"s1\"><b>35 mm kl\u00e4mma<\/b><\/span> - styv och exakt styrning<\/p>\n<\/li>\n<li>\n<p class=\"p1\">Minskar p\u00e5frestningarna p\u00e5 h\u00e4nder, axlar och rygg under l\u00e5nga turer<\/p>\n<\/li>\n<li>\n<p class=\"p1\">Utvecklad i samarbete med de b\u00e4sta f\u00f6rarna<\/p>\n<\/li>\n<li>\n<p class=\"p1\">Det perfekta valet f\u00f6r slopestyle-, dirt- och endurok\u00f6rning<\/p>\n<\/li>\n<li>\n<p class=\"p1\">Modern design och anodiserad finish av h\u00f6g kvalitet<\/p>\n<\/li>\n<\/ul>","protected":false},"excerpt":{"rendered":"<p>Deity Highside 35 80mm ohjaustanko \u2013 lis\u00e4\u00e4 tyyli\u00e4 ja ajomukavuutta Deity Highside 35 80mm ohjaustanko on t\u00e4ydellinen valinta maastopy\u00f6r\u00e4ilij\u00e4lle, joka kaipaa pystymp\u00e4\u00e4 ajoasentoa, lis\u00e4\u00e4 tyyli\u00e4 ja tarkan ajotuntuman ilman kompromisseja. T\u00e4m\u00e4 ohjaustanko on suunniteltu erityisesti slopestyle-, dirt jump- ja enduro-ajoon, mutta sen tuoma mukavuus tekee siit\u00e4 suositun my\u00f6s pitkien trail-lenkkien yst\u00e4vien keskuudessa. 800 mm leve\u00e4 [&#8230;]<\/p>\n<p><a class=\"btn btn-secondary understrap-read-more-link\" href=\"https:\/\/vmsport.fi\/sv\/verkkokauppa\/varaosat\/ohjaamo\/ohjaustangot\/deity-highside-35mm-bar-80mm-rise\/\">L\u00e4s mer \u2026<span class=\"screen-reader-text\"> from Deity Highside 35mm Bar 80mm Rise<\/span><\/a><\/p>\n","protected":false},"featured_media":60983,"comment_status":"open","ping_status":"closed","template":"","meta":{"_acf_changed":false,"_improvement_type_select":"improve_an_existing","_thumb_yes_seoaic":false,"_frame_yes_seoaic":false,"seoaic_generate_description":"","seoaic_improve_instructions_prompt":"","seoaic_rollback_content_improvement":"","seoaic_idea_thumbnail_generator":"","thumbnail_generated":false,"thumbnail_generate_prompt":"","seoaic_article_description":"","_supplier_stock_quantity":0},"product_brand":[9900],"product_model":[],"product_cat":[9490],"product_tag":[9924,9926,9922],"industry-terminology":[],"class_list":{"0":"post-60860","1":"product","2":"type-product","3":"status-publish","4":"has-post-thumbnail","6":"product_brand-deity","7":"product_cat-ohjaustangot","8":"product_tag-deity","9":"product_tag-rise-bar","10":"product_tag-ohjaustanko","12":"first","13":"instock","14":"taxable","15":"shipping-taxable","16":"purchasable","17":"product-type-variable"},"acf":{"bike_features":null,"overview":{"copy_overview":null,"key_features":null,"statement":"","youtube_url":""}},"yoast_head":"<!-- This site is optimized with the Yoast SEO plugin v27.4 - https:\/\/yoast.com\/product\/yoast-seo-wordpress\/ -->\n<title>Deity Highside 35mm Bar 80mm Rise - VM Sport<\/title>\n<meta name=\"description\" content=\"Deity Highside 35 80mm ohjaustanko tarjoaa enemm\u00e4n mukavuutta ja tyyli\u00e4. Loistava valinta, kun haluat pystymm\u00e4n ajoasennon ilman kompromisseja.\" \/>\n<meta name=\"robots\" content=\"index, follow, max-snippet:-1, max-image-preview:large, max-video-preview:-1\" \/>\n<link rel=\"canonical\" href=\"https:\/\/vmsport.fi\/sv\/webbutik\/reservdelar\/taxi\/styrstanger\/deity-hogsida-35-mm-stang-80-mm-upphojning\/\" \/>\n<meta property=\"og:locale\" content=\"sv_SE\" \/>\n<meta property=\"og:type\" content=\"article\" \/>\n<meta property=\"og:title\" content=\"Deity Highside 35mm Bar 80mm Rise - VM Sport\" \/>\n<meta property=\"og:description\" content=\"Deity Highside 35 80mm ohjaustanko tarjoaa enemm\u00e4n mukavuutta ja tyyli\u00e4. Loistava valinta, kun haluat pystymm\u00e4n ajoasennon ilman kompromisseja.\" \/>\n<meta property=\"og:url\" content=\"https:\/\/vmsport.fi\/sv\/webbutik\/reservdelar\/taxi\/styrstanger\/deity-hogsida-35-mm-stang-80-mm-upphojning\/\" \/>\n<meta property=\"og:site_name\" content=\"VM Sport\" \/>\n<meta property=\"article:publisher\" content=\"https:\/\/www.facebook.com\/Vmsport.fi\/\" \/>\n<meta property=\"article:modified_time\" content=\"2026-04-22T12:31:38+00:00\" \/>\n<meta name=\"twitter:card\" content=\"summary_large_image\" \/>\n<meta name=\"twitter:label1\" content=\"Ber\u00e4knad l\u00e4stid\" \/>\n\t<meta name=\"twitter:data1\" content=\"2 minuter\" \/>\n<script type=\"application\/ld+json\" class=\"yoast-schema-graph\">{\"@context\":\"https:\\\/\\\/schema.org\",\"@graph\":[{\"@type\":[\"WebPage\",\"ItemPage\"],\"@id\":\"https:\\\/\\\/vmsport.fi\\\/verkkokauppa\\\/varaosat\\\/ohjaamo\\\/ohjaustangot\\\/deity-highside-35mm-bar-80mm-rise\\\/\",\"url\":\"https:\\\/\\\/vmsport.fi\\\/verkkokauppa\\\/varaosat\\\/ohjaamo\\\/ohjaustangot\\\/deity-highside-35mm-bar-80mm-rise\\\/\",\"name\":\"Deity Highside 35mm Bar 80mm Rise - VM Sport\",\"isPartOf\":{\"@id\":\"https:\\\/\\\/vmsport.fi\\\/#website\"},\"primaryImageOfPage\":{\"@id\":\"https:\\\/\\\/vmsport.fi\\\/verkkokauppa\\\/varaosat\\\/ohjaamo\\\/ohjaustangot\\\/deity-highside-35mm-bar-80mm-rise\\\/#primaryimage\"},\"image\":{\"@id\":\"https:\\\/\\\/vmsport.fi\\\/verkkokauppa\\\/varaosat\\\/ohjaamo\\\/ohjaustangot\\\/deity-highside-35mm-bar-80mm-rise\\\/#primaryimage\"},\"thumbnailUrl\":\"https:\\\/\\\/vmsport.fi\\\/wp-content\\\/uploads\\\/2025\\\/09\\\/deity-highside80-2.jpg\",\"datePublished\":\"2025-09-25T08:07:10+00:00\",\"dateModified\":\"2026-04-22T12:31:38+00:00\",\"description\":\"Deity Highside 35 80mm ohjaustanko tarjoaa enemm\u00e4n mukavuutta ja tyyli\u00e4. Loistava valinta, kun haluat pystymm\u00e4n ajoasennon ilman kompromisseja.\",\"breadcrumb\":{\"@id\":\"https:\\\/\\\/vmsport.fi\\\/verkkokauppa\\\/varaosat\\\/ohjaamo\\\/ohjaustangot\\\/deity-highside-35mm-bar-80mm-rise\\\/#breadcrumb\"},\"inLanguage\":\"sv-SE\",\"potentialAction\":[{\"@type\":\"ReadAction\",\"target\":[\"https:\\\/\\\/vmsport.fi\\\/verkkokauppa\\\/varaosat\\\/ohjaamo\\\/ohjaustangot\\\/deity-highside-35mm-bar-80mm-rise\\\/\"]}]},{\"@type\":\"ImageObject\",\"inLanguage\":\"sv-SE\",\"@id\":\"https:\\\/\\\/vmsport.fi\\\/verkkokauppa\\\/varaosat\\\/ohjaamo\\\/ohjaustangot\\\/deity-highside-35mm-bar-80mm-rise\\\/#primaryimage\",\"url\":\"https:\\\/\\\/vmsport.fi\\\/wp-content\\\/uploads\\\/2025\\\/09\\\/deity-highside80-2.jpg\",\"contentUrl\":\"https:\\\/\\\/vmsport.fi\\\/wp-content\\\/uploads\\\/2025\\\/09\\\/deity-highside80-2.jpg\",\"width\":800,\"height\":800,\"caption\":\"deity-highside80-2\"},{\"@type\":\"BreadcrumbList\",\"@id\":\"https:\\\/\\\/vmsport.fi\\\/verkkokauppa\\\/varaosat\\\/ohjaamo\\\/ohjaustangot\\\/deity-highside-35mm-bar-80mm-rise\\\/#breadcrumb\",\"itemListElement\":[{\"@type\":\"ListItem\",\"position\":1,\"name\":\"Etusivu\",\"item\":\"https:\\\/\\\/vmsport.fi\\\/\"},{\"@type\":\"ListItem\",\"position\":2,\"name\":\"Online Store\",\"item\":\"https:\\\/\\\/vmsport.fi\\\/en\\\/online-store\\\/\"},{\"@type\":\"ListItem\",\"position\":3,\"name\":\"Deity Components\",\"item\":\"https:\\\/\\\/vmsport.fi\\\/merkki\\\/deity\\\/\"},{\"@type\":\"ListItem\",\"position\":4,\"name\":\"Deity Highside 35mm Bar 80mm Rise\"}]},{\"@type\":\"WebSite\",\"@id\":\"https:\\\/\\\/vmsport.fi\\\/#website\",\"url\":\"https:\\\/\\\/vmsport.fi\\\/\",\"name\":\"Vmsport\",\"description\":\"Kaikki py\u00f6r\u00e4ilyyn yhdest\u00e4 paikasta\",\"publisher\":{\"@id\":\"https:\\\/\\\/vmsport.fi\\\/#organization\"},\"potentialAction\":[{\"@type\":\"SearchAction\",\"target\":{\"@type\":\"EntryPoint\",\"urlTemplate\":\"https:\\\/\\\/vmsport.fi\\\/?s={search_term_string}\"},\"query-input\":{\"@type\":\"PropertyValueSpecification\",\"valueRequired\":true,\"valueName\":\"search_term_string\"}}],\"inLanguage\":\"sv-SE\"},{\"@type\":\"Organization\",\"@id\":\"https:\\\/\\\/vmsport.fi\\\/#organization\",\"name\":\"Vmsport\",\"url\":\"https:\\\/\\\/vmsport.fi\\\/\",\"logo\":{\"@type\":\"ImageObject\",\"inLanguage\":\"sv-SE\",\"@id\":\"https:\\\/\\\/vmsport.fi\\\/#\\\/schema\\\/logo\\\/image\\\/\",\"url\":\"https:\\\/\\\/vmsport.fi\\\/wp-content\\\/uploads\\\/2024\\\/12\\\/vm_sport_RGB_horisontal-e1734526017575.png\",\"contentUrl\":\"https:\\\/\\\/vmsport.fi\\\/wp-content\\\/uploads\\\/2024\\\/12\\\/vm_sport_RGB_horisontal-e1734526017575.png\",\"width\":668,\"height\":85,\"caption\":\"Vmsport\"},\"image\":{\"@id\":\"https:\\\/\\\/vmsport.fi\\\/#\\\/schema\\\/logo\\\/image\\\/\"},\"sameAs\":[\"https:\\\/\\\/www.facebook.com\\\/Vmsport.fi\\\/\",\"https:\\\/\\\/www.instagram.com\\\/vmsport\\\/\"]}]}<\/script>\n<!-- \/ Yoast SEO plugin. -->","yoast_head_json":{"title":"Deity Highside 35 mm styrst\u00e5ng 80 mm stigning - VM Sport","description":"Deity Highside 35 80 mm styre erbjuder mer komfort och stil. Ett utm\u00e4rkt val n\u00e4r du vill ha en mer uppr\u00e4tt k\u00f6rst\u00e4llning utan kompromisser.","robots":{"index":"index","follow":"follow","max-snippet":"max-snippet:-1","max-image-preview":"max-image-preview:large","max-video-preview":"max-video-preview:-1"},"canonical":"https:\/\/vmsport.fi\/sv\/webbutik\/reservdelar\/taxi\/styrstanger\/deity-hogsida-35-mm-stang-80-mm-upphojning\/","og_locale":"sv_SE","og_type":"article","og_title":"Deity Highside 35mm Bar 80mm Rise - VM Sport","og_description":"Deity Highside 35 80mm ohjaustanko tarjoaa enemm\u00e4n mukavuutta ja tyyli\u00e4. Loistava valinta, kun haluat pystymm\u00e4n ajoasennon ilman kompromisseja.","og_url":"https:\/\/vmsport.fi\/sv\/webbutik\/reservdelar\/taxi\/styrstanger\/deity-hogsida-35-mm-stang-80-mm-upphojning\/","og_site_name":"VM Sport","article_publisher":"https:\/\/www.facebook.com\/Vmsport.fi\/","article_modified_time":"2026-04-22T12:31:38+00:00","twitter_card":"summary_large_image","twitter_misc":{"Ber\u00e4knad l\u00e4stid":"2 minuter"},"schema":{"@context":"https:\/\/schema.org","@graph":[{"@type":["WebPage","ItemPage"],"@id":"https:\/\/vmsport.fi\/verkkokauppa\/varaosat\/ohjaamo\/ohjaustangot\/deity-highside-35mm-bar-80mm-rise\/","url":"https:\/\/vmsport.fi\/verkkokauppa\/varaosat\/ohjaamo\/ohjaustangot\/deity-highside-35mm-bar-80mm-rise\/","name":"Deity Highside 35 mm styrst\u00e5ng 80 mm stigning - VM Sport","isPartOf":{"@id":"https:\/\/vmsport.fi\/#website"},"primaryImageOfPage":{"@id":"https:\/\/vmsport.fi\/verkkokauppa\/varaosat\/ohjaamo\/ohjaustangot\/deity-highside-35mm-bar-80mm-rise\/#primaryimage"},"image":{"@id":"https:\/\/vmsport.fi\/verkkokauppa\/varaosat\/ohjaamo\/ohjaustangot\/deity-highside-35mm-bar-80mm-rise\/#primaryimage"},"thumbnailUrl":"https:\/\/vmsport.fi\/wp-content\/uploads\/2025\/09\/deity-highside80-2.jpg","datePublished":"2025-09-25T08:07:10+00:00","dateModified":"2026-04-22T12:31:38+00:00","description":"Deity Highside 35 80 mm styre erbjuder mer komfort och stil. Ett utm\u00e4rkt val n\u00e4r du vill ha en mer uppr\u00e4tt k\u00f6rst\u00e4llning utan kompromisser.","breadcrumb":{"@id":"https:\/\/vmsport.fi\/verkkokauppa\/varaosat\/ohjaamo\/ohjaustangot\/deity-highside-35mm-bar-80mm-rise\/#breadcrumb"},"inLanguage":"sv-SE","potentialAction":[{"@type":"ReadAction","target":["https:\/\/vmsport.fi\/verkkokauppa\/varaosat\/ohjaamo\/ohjaustangot\/deity-highside-35mm-bar-80mm-rise\/"]}]},{"@type":"ImageObject","inLanguage":"sv-SE","@id":"https:\/\/vmsport.fi\/verkkokauppa\/varaosat\/ohjaamo\/ohjaustangot\/deity-highside-35mm-bar-80mm-rise\/#primaryimage","url":"https:\/\/vmsport.fi\/wp-content\/uploads\/2025\/09\/deity-highside80-2.jpg","contentUrl":"https:\/\/vmsport.fi\/wp-content\/uploads\/2025\/09\/deity-highside80-2.jpg","width":800,"height":800,"caption":"deity-highside80-2"},{"@type":"BreadcrumbList","@id":"https:\/\/vmsport.fi\/verkkokauppa\/varaosat\/ohjaamo\/ohjaustangot\/deity-highside-35mm-bar-80mm-rise\/#breadcrumb","itemListElement":[{"@type":"ListItem","position":1,"name":"Etusivu","item":"https:\/\/vmsport.fi\/"},{"@type":"ListItem","position":2,"name":"Online Store","item":"https:\/\/vmsport.fi\/en\/online-store\/"},{"@type":"ListItem","position":3,"name":"Deity Components","item":"https:\/\/vmsport.fi\/merkki\/deity\/"},{"@type":"ListItem","position":4,"name":"Deity Highside 35mm Bar 80mm Rise"}]},{"@type":"WebSite","@id":"https:\/\/vmsport.fi\/#website","url":"https:\/\/vmsport.fi\/","name":"Vmsport","description":"Allt p\u00e5 ett st\u00e4lle f\u00f6r cykling","publisher":{"@id":"https:\/\/vmsport.fi\/#organization"},"potentialAction":[{"@type":"SearchAction","target":{"@type":"EntryPoint","urlTemplate":"https:\/\/vmsport.fi\/?s={search_term_string}"},"query-input":{"@type":"PropertyValueSpecification","valueRequired":true,"valueName":"search_term_string"}}],"inLanguage":"sv-SE"},{"@type":"Organization","@id":"https:\/\/vmsport.fi\/#organization","name":"Vmsport","url":"https:\/\/vmsport.fi\/","logo":{"@type":"ImageObject","inLanguage":"sv-SE","@id":"https:\/\/vmsport.fi\/#\/schema\/logo\/image\/","url":"https:\/\/vmsport.fi\/wp-content\/uploads\/2024\/12\/vm_sport_RGB_horisontal-e1734526017575.png","contentUrl":"https:\/\/vmsport.fi\/wp-content\/uploads\/2024\/12\/vm_sport_RGB_horisontal-e1734526017575.png","width":668,"height":85,"caption":"Vmsport"},"image":{"@id":"https:\/\/vmsport.fi\/#\/schema\/logo\/image\/"},"sameAs":["https:\/\/www.facebook.com\/Vmsport.fi\/","https:\/\/www.instagram.com\/vmsport\/"]}]}},"global_unique_id":"","_links":{"self":[{"href":"https:\/\/vmsport.fi\/sv\/wp-json\/wp\/v2\/product\/60860","targetHints":{"allow":["GET"]}}],"collection":[{"href":"https:\/\/vmsport.fi\/sv\/wp-json\/wp\/v2\/product"}],"about":[{"href":"https:\/\/vmsport.fi\/sv\/wp-json\/wp\/v2\/types\/product"}],"replies":[{"embeddable":true,"href":"https:\/\/vmsport.fi\/sv\/wp-json\/wp\/v2\/comments?post=60860"}],"wp:featuredmedia":[{"embeddable":true,"href":"https:\/\/vmsport.fi\/sv\/wp-json\/wp\/v2\/media\/60983"}],"wp:attachment":[{"href":"https:\/\/vmsport.fi\/sv\/wp-json\/wp\/v2\/media?parent=60860"}],"wp:term":[{"taxonomy":"product_brand","embeddable":true,"href":"https:\/\/vmsport.fi\/sv\/wp-json\/wp\/v2\/product_brand?post=60860"},{"taxonomy":"product_model","embeddable":true,"href":"https:\/\/vmsport.fi\/sv\/wp-json\/wp\/v2\/product_model?post=60860"},{"taxonomy":"product_cat","embeddable":true,"href":"https:\/\/vmsport.fi\/sv\/wp-json\/wp\/v2\/product_cat?post=60860"},{"taxonomy":"product_tag","embeddable":true,"href":"https:\/\/vmsport.fi\/sv\/wp-json\/wp\/v2\/product_tag?post=60860"},{"taxonomy":"industry_terminology","embeddable":true,"href":"https:\/\/vmsport.fi\/sv\/wp-json\/wp\/v2\/industry-terminology?post=60860"}],"curies":[{"name":"wp","href":"https:\/\/api.w.org\/{rel}","templated":true}]}}