{"id":60858,"date":"2025-09-25T11:07:09","date_gmt":"2025-09-25T08:07:09","guid":{"rendered":"https:\/\/vmsport.fi\/verkkokauppa\/Ei-luokiteltu\/deity-highside-35mm-bar-50mm-rise\/"},"modified":"2026-04-22T15:39:22","modified_gmt":"2026-04-22T12:39:22","slug":"deity-highside-35mm-bar-50mm-rise","status":"publish","type":"product","link":"https:\/\/vmsport.fi\/sv\/verkkokauppa\/varaosat\/ohjaamo\/ohjaustangot\/deity-highside-35mm-bar-50mm-rise\/","title":{"rendered":"Deity Highside 35 mm styrst\u00e5ng 50 mm stigning"},"content":{"rendered":"<h3><b>Deity Highside 35 \u2013 Tyyli\u00e4, kontrollia ja mukavuutta<\/b><\/h3>\n<p class=\"p3\"><span class=\"s2\"><b>Deity Highside 35<\/b><\/span> on kunnianosoitus ajotyylille ja ajotaidolle. T\u00e4m\u00e4 35 mm:n clampilla ja <span class=\"s2\"><b>800 mm leveydell\u00e4<\/b><\/span> varustettu ohjaustanko on suunniteltu yhteisty\u00f6ss\u00e4 maailman tyylikk\u00e4impien dirt- ja slopestyle-ajajien kanssa \u2013 ja lopputulos on suorituskykyinen tanko, joka ei pelk\u00e4\u00e4 erottua.<\/p>\n<p class=\"p3\">Valittavissa on <span class=\"s2\"><b>50 mm tai per\u00e4ti 80 mm nousu<\/b><\/span>, mik\u00e4 tarjoaa j\u00e4m\u00e4k\u00e4n ja responsiivisen tuntuman, mutta my\u00f6s mukavan, pystymm\u00e4n ajoasennon. T\u00e4ydellinen valinta kuskille, joka haluaa lis\u00e4\u00e4 kontrollia hyppyihin ja tekniseen ajoon \u2013 tai yksinkertaisesti enemm\u00e4n mukavuutta sel\u00e4lle ja hartioille.<\/p>\n<p class=\"p3\">Highside 35 on nopeasti noussut suosikiksi my\u00f6s trail- ja e-MTB-ajajien keskuudessa, jotka haluavat helpottaa ajoasentoa, v\u00e4hent\u00e4\u00e4 rasitusta ja pident\u00e4\u00e4 ajop\u00e4ivi\u00e4. T\u00e4m\u00e4n tangon avulla ajat pidemm\u00e4lle \u2013 ja palaat seuraavana p\u00e4iv\u00e4n\u00e4 valmiina uuteen kierrokseen.<\/p>","protected":false},"excerpt":{"rendered":"<p>Deity Highside 35 \u2013 Tyyli\u00e4, kontrollia ja mukavuutta Deity Highside 35 on kunnianosoitus ajotyylille ja ajotaidolle. T\u00e4m\u00e4 35 mm:n clampilla ja 800 mm leveydell\u00e4 varustettu ohjaustanko on suunniteltu yhteisty\u00f6ss\u00e4 maailman tyylikk\u00e4impien dirt- ja slopestyle-ajajien kanssa \u2013 ja lopputulos on suorituskykyinen tanko, joka ei pelk\u00e4\u00e4 erottua. Valittavissa on 50 mm tai per\u00e4ti 80 mm nousu, mik\u00e4 [&#8230;]<\/p>\n<p><a class=\"btn btn-secondary understrap-read-more-link\" href=\"https:\/\/vmsport.fi\/sv\/verkkokauppa\/varaosat\/ohjaamo\/ohjaustangot\/deity-highside-35mm-bar-50mm-rise\/\">L\u00e4s mer \u2026<span class=\"screen-reader-text\"> from Deity Highside 35mm Bar 50mm Rise<\/span><\/a><\/p>\n","protected":false},"featured_media":60982,"comment_status":"open","ping_status":"closed","template":"","meta":{"_acf_changed":false,"_improvement_type_select":"improve_an_existing","_thumb_yes_seoaic":false,"_frame_yes_seoaic":false,"seoaic_generate_description":"","seoaic_improve_instructions_prompt":"","seoaic_rollback_content_improvement":"","seoaic_idea_thumbnail_generator":"","thumbnail_generated":false,"thumbnail_generate_prompt":"","seoaic_article_description":"","_supplier_stock_quantity":0},"product_brand":[9900],"product_model":[],"product_cat":[9490],"product_tag":[9922,9924,9926],"industry-terminology":[],"class_list":{"0":"post-60858","1":"product","2":"type-product","3":"status-publish","4":"has-post-thumbnail","6":"product_brand-deity","7":"product_cat-ohjaustangot","8":"product_tag-ohjaustanko","9":"product_tag-deity","10":"product_tag-rise-bar","12":"first","13":"outofstock","14":"taxable","15":"shipping-taxable","16":"product-type-variable"},"acf":{"bike_features":null,"overview":{"copy_overview":null,"key_features":null,"statement":"","youtube_url":""}},"yoast_head":"<!-- This site is optimized with the Yoast SEO plugin v27.4 - https:\/\/yoast.com\/product\/yoast-seo-wordpress\/ -->\n<title>Deity Highside 35mm Bar 50mm Rise - VM Sport<\/title>\n<meta name=\"description\" content=\"Deity Highside 35 50mm ohjaustanko tarjoaa tarkkaa hallintaa ja kest\u00e4vyytt\u00e4 maastopy\u00f6r\u00e4ilyyn. Tyylik\u00e4s valinta tekniseen ajoon. 50 mm nousu tuo hallintaa.\" \/>\n<meta name=\"robots\" content=\"index, follow, max-snippet:-1, max-image-preview:large, max-video-preview:-1\" \/>\n<link rel=\"canonical\" href=\"https:\/\/vmsport.fi\/sv\/webbutik\/reservdelar\/taxi\/styrstanger\/deity-highside-35mm-bar-50mm-rise\/\" \/>\n<meta property=\"og:locale\" content=\"sv_SE\" \/>\n<meta property=\"og:type\" content=\"article\" \/>\n<meta property=\"og:title\" content=\"Deity Highside 35mm Bar 50mm Rise - VM Sport\" \/>\n<meta property=\"og:description\" content=\"Deity Highside 35 50mm ohjaustanko tarjoaa tarkkaa hallintaa ja kest\u00e4vyytt\u00e4 maastopy\u00f6r\u00e4ilyyn. Tyylik\u00e4s valinta tekniseen ajoon. 50 mm nousu tuo hallintaa.\" \/>\n<meta property=\"og:url\" content=\"https:\/\/vmsport.fi\/sv\/webbutik\/reservdelar\/taxi\/styrstanger\/deity-highside-35mm-bar-50mm-rise\/\" \/>\n<meta property=\"og:site_name\" content=\"VM Sport\" \/>\n<meta property=\"article:publisher\" content=\"https:\/\/www.facebook.com\/Vmsport.fi\/\" \/>\n<meta property=\"article:modified_time\" content=\"2026-04-22T12:39:22+00:00\" \/>\n<meta name=\"twitter:card\" content=\"summary_large_image\" \/>\n<meta name=\"twitter:label1\" content=\"Ber\u00e4knad l\u00e4stid\" \/>\n\t<meta name=\"twitter:data1\" content=\"1 minut\" \/>\n<script type=\"application\/ld+json\" class=\"yoast-schema-graph\">{\"@context\":\"https:\\\/\\\/schema.org\",\"@graph\":[{\"@type\":[\"WebPage\",\"ItemPage\"],\"@id\":\"https:\\\/\\\/vmsport.fi\\\/verkkokauppa\\\/varaosat\\\/ohjaamo\\\/ohjaustangot\\\/deity-highside-35mm-bar-50mm-rise\\\/\",\"url\":\"https:\\\/\\\/vmsport.fi\\\/verkkokauppa\\\/varaosat\\\/ohjaamo\\\/ohjaustangot\\\/deity-highside-35mm-bar-50mm-rise\\\/\",\"name\":\"Deity Highside 35mm Bar 50mm Rise - VM Sport\",\"isPartOf\":{\"@id\":\"https:\\\/\\\/vmsport.fi\\\/#website\"},\"primaryImageOfPage\":{\"@id\":\"https:\\\/\\\/vmsport.fi\\\/verkkokauppa\\\/varaosat\\\/ohjaamo\\\/ohjaustangot\\\/deity-highside-35mm-bar-50mm-rise\\\/#primaryimage\"},\"image\":{\"@id\":\"https:\\\/\\\/vmsport.fi\\\/verkkokauppa\\\/varaosat\\\/ohjaamo\\\/ohjaustangot\\\/deity-highside-35mm-bar-50mm-rise\\\/#primaryimage\"},\"thumbnailUrl\":\"https:\\\/\\\/vmsport.fi\\\/wp-content\\\/uploads\\\/2025\\\/09\\\/deity-highside50-2.jpg\",\"datePublished\":\"2025-09-25T08:07:09+00:00\",\"dateModified\":\"2026-04-22T12:39:22+00:00\",\"description\":\"Deity Highside 35 50mm ohjaustanko tarjoaa tarkkaa hallintaa ja kest\u00e4vyytt\u00e4 maastopy\u00f6r\u00e4ilyyn. Tyylik\u00e4s valinta tekniseen ajoon. 50 mm nousu tuo hallintaa.\",\"breadcrumb\":{\"@id\":\"https:\\\/\\\/vmsport.fi\\\/verkkokauppa\\\/varaosat\\\/ohjaamo\\\/ohjaustangot\\\/deity-highside-35mm-bar-50mm-rise\\\/#breadcrumb\"},\"inLanguage\":\"sv-SE\",\"potentialAction\":[{\"@type\":\"ReadAction\",\"target\":[\"https:\\\/\\\/vmsport.fi\\\/verkkokauppa\\\/varaosat\\\/ohjaamo\\\/ohjaustangot\\\/deity-highside-35mm-bar-50mm-rise\\\/\"]}]},{\"@type\":\"ImageObject\",\"inLanguage\":\"sv-SE\",\"@id\":\"https:\\\/\\\/vmsport.fi\\\/verkkokauppa\\\/varaosat\\\/ohjaamo\\\/ohjaustangot\\\/deity-highside-35mm-bar-50mm-rise\\\/#primaryimage\",\"url\":\"https:\\\/\\\/vmsport.fi\\\/wp-content\\\/uploads\\\/2025\\\/09\\\/deity-highside50-2.jpg\",\"contentUrl\":\"https:\\\/\\\/vmsport.fi\\\/wp-content\\\/uploads\\\/2025\\\/09\\\/deity-highside50-2.jpg\",\"width\":800,\"height\":800,\"caption\":\"deity-highside50-2\"},{\"@type\":\"BreadcrumbList\",\"@id\":\"https:\\\/\\\/vmsport.fi\\\/verkkokauppa\\\/varaosat\\\/ohjaamo\\\/ohjaustangot\\\/deity-highside-35mm-bar-50mm-rise\\\/#breadcrumb\",\"itemListElement\":[{\"@type\":\"ListItem\",\"position\":1,\"name\":\"Etusivu\",\"item\":\"https:\\\/\\\/vmsport.fi\\\/\"},{\"@type\":\"ListItem\",\"position\":2,\"name\":\"Online Store\",\"item\":\"https:\\\/\\\/vmsport.fi\\\/en\\\/online-store\\\/\"},{\"@type\":\"ListItem\",\"position\":3,\"name\":\"Deity Components\",\"item\":\"https:\\\/\\\/vmsport.fi\\\/merkki\\\/deity\\\/\"},{\"@type\":\"ListItem\",\"position\":4,\"name\":\"Deity Highside 35mm Bar 50mm Rise\"}]},{\"@type\":\"WebSite\",\"@id\":\"https:\\\/\\\/vmsport.fi\\\/#website\",\"url\":\"https:\\\/\\\/vmsport.fi\\\/\",\"name\":\"Vmsport\",\"description\":\"Kaikki py\u00f6r\u00e4ilyyn yhdest\u00e4 paikasta\",\"publisher\":{\"@id\":\"https:\\\/\\\/vmsport.fi\\\/#organization\"},\"potentialAction\":[{\"@type\":\"SearchAction\",\"target\":{\"@type\":\"EntryPoint\",\"urlTemplate\":\"https:\\\/\\\/vmsport.fi\\\/?s={search_term_string}\"},\"query-input\":{\"@type\":\"PropertyValueSpecification\",\"valueRequired\":true,\"valueName\":\"search_term_string\"}}],\"inLanguage\":\"sv-SE\"},{\"@type\":\"Organization\",\"@id\":\"https:\\\/\\\/vmsport.fi\\\/#organization\",\"name\":\"Vmsport\",\"url\":\"https:\\\/\\\/vmsport.fi\\\/\",\"logo\":{\"@type\":\"ImageObject\",\"inLanguage\":\"sv-SE\",\"@id\":\"https:\\\/\\\/vmsport.fi\\\/#\\\/schema\\\/logo\\\/image\\\/\",\"url\":\"https:\\\/\\\/vmsport.fi\\\/wp-content\\\/uploads\\\/2024\\\/12\\\/vm_sport_RGB_horisontal-e1734526017575.png\",\"contentUrl\":\"https:\\\/\\\/vmsport.fi\\\/wp-content\\\/uploads\\\/2024\\\/12\\\/vm_sport_RGB_horisontal-e1734526017575.png\",\"width\":668,\"height\":85,\"caption\":\"Vmsport\"},\"image\":{\"@id\":\"https:\\\/\\\/vmsport.fi\\\/#\\\/schema\\\/logo\\\/image\\\/\"},\"sameAs\":[\"https:\\\/\\\/www.facebook.com\\\/Vmsport.fi\\\/\",\"https:\\\/\\\/www.instagram.com\\\/vmsport\\\/\"]}]}<\/script>\n<!-- \/ Yoast SEO plugin. -->","yoast_head_json":{"title":"Deity Highside 35mm Bar 50mm Rise - VM Sport","description":"Deity Highside 35 50mm ohjaustanko tarjoaa tarkkaa hallintaa ja kest\u00e4vyytt\u00e4 maastopy\u00f6r\u00e4ilyyn. Tyylik\u00e4s valinta tekniseen ajoon. 50 mm nousu tuo hallintaa.","robots":{"index":"index","follow":"follow","max-snippet":"max-snippet:-1","max-image-preview":"max-image-preview:large","max-video-preview":"max-video-preview:-1"},"canonical":"https:\/\/vmsport.fi\/sv\/webbutik\/reservdelar\/taxi\/styrstanger\/deity-highside-35mm-bar-50mm-rise\/","og_locale":"sv_SE","og_type":"article","og_title":"Deity Highside 35mm Bar 50mm Rise - VM Sport","og_description":"Deity Highside 35 50mm ohjaustanko tarjoaa tarkkaa hallintaa ja kest\u00e4vyytt\u00e4 maastopy\u00f6r\u00e4ilyyn. Tyylik\u00e4s valinta tekniseen ajoon. 50 mm nousu tuo hallintaa.","og_url":"https:\/\/vmsport.fi\/sv\/webbutik\/reservdelar\/taxi\/styrstanger\/deity-highside-35mm-bar-50mm-rise\/","og_site_name":"VM Sport","article_publisher":"https:\/\/www.facebook.com\/Vmsport.fi\/","article_modified_time":"2026-04-22T12:39:22+00:00","twitter_card":"summary_large_image","twitter_misc":{"Ber\u00e4knad l\u00e4stid":"1 minut"},"schema":{"@context":"https:\/\/schema.org","@graph":[{"@type":["WebPage","ItemPage"],"@id":"https:\/\/vmsport.fi\/verkkokauppa\/varaosat\/ohjaamo\/ohjaustangot\/deity-highside-35mm-bar-50mm-rise\/","url":"https:\/\/vmsport.fi\/verkkokauppa\/varaosat\/ohjaamo\/ohjaustangot\/deity-highside-35mm-bar-50mm-rise\/","name":"Deity Highside 35mm Bar 50mm Rise - VM Sport","isPartOf":{"@id":"https:\/\/vmsport.fi\/#website"},"primaryImageOfPage":{"@id":"https:\/\/vmsport.fi\/verkkokauppa\/varaosat\/ohjaamo\/ohjaustangot\/deity-highside-35mm-bar-50mm-rise\/#primaryimage"},"image":{"@id":"https:\/\/vmsport.fi\/verkkokauppa\/varaosat\/ohjaamo\/ohjaustangot\/deity-highside-35mm-bar-50mm-rise\/#primaryimage"},"thumbnailUrl":"https:\/\/vmsport.fi\/wp-content\/uploads\/2025\/09\/deity-highside50-2.jpg","datePublished":"2025-09-25T08:07:09+00:00","dateModified":"2026-04-22T12:39:22+00:00","description":"Deity Highside 35 50mm ohjaustanko tarjoaa tarkkaa hallintaa ja kest\u00e4vyytt\u00e4 maastopy\u00f6r\u00e4ilyyn. Tyylik\u00e4s valinta tekniseen ajoon. 50 mm nousu tuo hallintaa.","breadcrumb":{"@id":"https:\/\/vmsport.fi\/verkkokauppa\/varaosat\/ohjaamo\/ohjaustangot\/deity-highside-35mm-bar-50mm-rise\/#breadcrumb"},"inLanguage":"sv-SE","potentialAction":[{"@type":"ReadAction","target":["https:\/\/vmsport.fi\/verkkokauppa\/varaosat\/ohjaamo\/ohjaustangot\/deity-highside-35mm-bar-50mm-rise\/"]}]},{"@type":"ImageObject","inLanguage":"sv-SE","@id":"https:\/\/vmsport.fi\/verkkokauppa\/varaosat\/ohjaamo\/ohjaustangot\/deity-highside-35mm-bar-50mm-rise\/#primaryimage","url":"https:\/\/vmsport.fi\/wp-content\/uploads\/2025\/09\/deity-highside50-2.jpg","contentUrl":"https:\/\/vmsport.fi\/wp-content\/uploads\/2025\/09\/deity-highside50-2.jpg","width":800,"height":800,"caption":"deity-highside50-2"},{"@type":"BreadcrumbList","@id":"https:\/\/vmsport.fi\/verkkokauppa\/varaosat\/ohjaamo\/ohjaustangot\/deity-highside-35mm-bar-50mm-rise\/#breadcrumb","itemListElement":[{"@type":"ListItem","position":1,"name":"Etusivu","item":"https:\/\/vmsport.fi\/"},{"@type":"ListItem","position":2,"name":"Online Store","item":"https:\/\/vmsport.fi\/en\/online-store\/"},{"@type":"ListItem","position":3,"name":"Deity Components","item":"https:\/\/vmsport.fi\/merkki\/deity\/"},{"@type":"ListItem","position":4,"name":"Deity Highside 35mm Bar 50mm Rise"}]},{"@type":"WebSite","@id":"https:\/\/vmsport.fi\/#website","url":"https:\/\/vmsport.fi\/","name":"Vmsport","description":"Allt p\u00e5 ett st\u00e4lle f\u00f6r cykling","publisher":{"@id":"https:\/\/vmsport.fi\/#organization"},"potentialAction":[{"@type":"SearchAction","target":{"@type":"EntryPoint","urlTemplate":"https:\/\/vmsport.fi\/?s={search_term_string}"},"query-input":{"@type":"PropertyValueSpecification","valueRequired":true,"valueName":"search_term_string"}}],"inLanguage":"sv-SE"},{"@type":"Organization","@id":"https:\/\/vmsport.fi\/#organization","name":"Vmsport","url":"https:\/\/vmsport.fi\/","logo":{"@type":"ImageObject","inLanguage":"sv-SE","@id":"https:\/\/vmsport.fi\/#\/schema\/logo\/image\/","url":"https:\/\/vmsport.fi\/wp-content\/uploads\/2024\/12\/vm_sport_RGB_horisontal-e1734526017575.png","contentUrl":"https:\/\/vmsport.fi\/wp-content\/uploads\/2024\/12\/vm_sport_RGB_horisontal-e1734526017575.png","width":668,"height":85,"caption":"Vmsport"},"image":{"@id":"https:\/\/vmsport.fi\/#\/schema\/logo\/image\/"},"sameAs":["https:\/\/www.facebook.com\/Vmsport.fi\/","https:\/\/www.instagram.com\/vmsport\/"]}]}},"global_unique_id":"","_links":{"self":[{"href":"https:\/\/vmsport.fi\/sv\/wp-json\/wp\/v2\/product\/60858","targetHints":{"allow":["GET"]}}],"collection":[{"href":"https:\/\/vmsport.fi\/sv\/wp-json\/wp\/v2\/product"}],"about":[{"href":"https:\/\/vmsport.fi\/sv\/wp-json\/wp\/v2\/types\/product"}],"replies":[{"embeddable":true,"href":"https:\/\/vmsport.fi\/sv\/wp-json\/wp\/v2\/comments?post=60858"}],"wp:featuredmedia":[{"embeddable":true,"href":"https:\/\/vmsport.fi\/sv\/wp-json\/wp\/v2\/media\/60982"}],"wp:attachment":[{"href":"https:\/\/vmsport.fi\/sv\/wp-json\/wp\/v2\/media?parent=60858"}],"wp:term":[{"taxonomy":"product_brand","embeddable":true,"href":"https:\/\/vmsport.fi\/sv\/wp-json\/wp\/v2\/product_brand?post=60858"},{"taxonomy":"product_model","embeddable":true,"href":"https:\/\/vmsport.fi\/sv\/wp-json\/wp\/v2\/product_model?post=60858"},{"taxonomy":"product_cat","embeddable":true,"href":"https:\/\/vmsport.fi\/sv\/wp-json\/wp\/v2\/product_cat?post=60858"},{"taxonomy":"product_tag","embeddable":true,"href":"https:\/\/vmsport.fi\/sv\/wp-json\/wp\/v2\/product_tag?post=60858"},{"taxonomy":"industry_terminology","embeddable":true,"href":"https:\/\/vmsport.fi\/sv\/wp-json\/wp\/v2\/industry-terminology?post=60858"}],"curies":[{"name":"wp","href":"https:\/\/api.w.org\/{rel}","templated":true}]}}