{"id":60857,"date":"2025-09-25T11:07:09","date_gmt":"2025-09-25T08:07:09","guid":{"rendered":"https:\/\/vmsport.fi\/verkkokauppa\/Ei-luokiteltu\/deity-supervillain-polkimet\/"},"modified":"2026-04-22T15:16:49","modified_gmt":"2026-04-22T12:16:49","slug":"deity-supervillain-pedaler","status":"publish","type":"product","link":"https:\/\/vmsport.fi\/sv\/verkkokauppa\/varaosat\/polkimet\/flat-bmx-ja-dh-polkimet\/deity-supervillain-polkimet\/","title":{"rendered":"Gudom Superskurk Polkimet"},"content":{"rendered":"<h3><b>Deity Supervillain - tar fl\u00f6jtsparkandet till en ny niv\u00e5<\/b><\/h3>\n<p class=\"p3\"><span class=\"s2\"><b>Gudom Superskurk<\/b><\/span> \u00e4r inte bara l\u00e4tt och t\u00e5lig - den \u00e4r ett konstverk som kombinerar banbrytande design och prestanda. Dess <span class=\"s2\"><b>113 \u00d7 105 mm<\/b><\/span> storlek, symmetrisk och <span class=\"s2\"><b>2,5 mm konkav<\/b><\/span> Ytan ger utm\u00e4rkt grepp och en s\u00e4ker k\u00e4nsla, oavsett om du k\u00f6r trail, enduro eller i cykelparken.<\/p>\n<p class=\"p3\"><span class=\"s2\"><b>14 utbytbara greppspikar per sida<\/b><\/span>, De sl\u00e4ta kanterna och den noggrant bearbetade konstruktionen minimerar st\u00f6tar mot hinder. Den CNC-bearbetade ramen \u00e4r l\u00e4tt men styv - utformad f\u00f6r den kr\u00e4vande cyklisten som inte kompromissar.<\/p>","protected":false},"excerpt":{"rendered":"<p>Deity Supervillain \u2013 fl\u00e4ttipoljin uudelle tasolle Deity Supervillain ei ole vain kevyt ja kest\u00e4v\u00e4 \u2013 se on taideteos, joka yhdist\u00e4\u00e4 huippuluokan muotoilun ja suorituskyvyn. Sen 113 \u00d7 105 mm kokoinen, symmetrinen ja 2,5 mm konkavi pinta tarjoaa erinomaisen pidon ja varman ajotuntuman, oli kyseess\u00e4 traili, enduro tai bike park \u2011ajo. 14 vaihdettavaa pitoa lis\u00e4\u00e4v\u00e4\u00e4 piikki\u00e4 [&#8230;]<\/p>\n<p><a class=\"btn btn-secondary understrap-read-more-link\" href=\"https:\/\/vmsport.fi\/sv\/verkkokauppa\/varaosat\/polkimet\/flat-bmx-ja-dh-polkimet\/deity-supervillain-polkimet\/\">L\u00e4s mer \u2026<span class=\"screen-reader-text\"> from Deity Supervillain Polkimet<\/span><\/a><\/p>\n","protected":false},"featured_media":60947,"comment_status":"open","ping_status":"closed","template":"","meta":{"_acf_changed":false,"_improvement_type_select":"improve_an_existing","_thumb_yes_seoaic":false,"_frame_yes_seoaic":false,"seoaic_generate_description":"","seoaic_improve_instructions_prompt":"","seoaic_rollback_content_improvement":"","seoaic_idea_thumbnail_generator":"","thumbnail_generated":false,"thumbnail_generate_prompt":"","seoaic_article_description":"","_supplier_stock_quantity":0},"product_brand":[9900],"product_model":[],"product_cat":[9308],"product_tag":[],"industry-terminology":[],"class_list":{"0":"post-60857","1":"product","2":"type-product","3":"status-publish","4":"has-post-thumbnail","6":"product_brand-deity","7":"product_cat-flat-bmx-ja-dh-polkimet","9":"first","10":"instock","11":"taxable","12":"shipping-taxable","13":"purchasable","14":"product-type-variable"},"acf":{"bike_features":null,"overview":{"copy_overview":null,"key_features":null,"statement":"","youtube_url":""}},"yoast_head":"<!-- This site is optimized with the Yoast SEO plugin v27.4 - https:\/\/yoast.com\/product\/yoast-seo-wordpress\/ -->\n<title>Deity Supervillain Polkimet - VM Sport<\/title>\n<meta name=\"description\" content=\"Deity Supervillain on kevyt poljin, kest\u00e4v\u00e4 ja pit\u00e4v\u00e4 fl\u00e4ttipoljin tekniseen maastoajoon. Huippuluokan ote, tarkka tuntuma ja viimeistelty muotoilu.\" \/>\n<meta name=\"robots\" content=\"index, follow, max-snippet:-1, max-image-preview:large, max-video-preview:-1\" \/>\n<link rel=\"canonical\" href=\"https:\/\/vmsport.fi\/sv\/webbutik\/reservdelar\/pedaler\/platta-bmx-och-dh-pedaler\/deity-supervillain-pedaler\/\" \/>\n<meta property=\"og:locale\" content=\"sv_SE\" \/>\n<meta property=\"og:type\" content=\"article\" \/>\n<meta property=\"og:title\" content=\"Deity Supervillain Polkimet - VM Sport\" \/>\n<meta property=\"og:description\" content=\"Deity Supervillain on kevyt poljin, kest\u00e4v\u00e4 ja pit\u00e4v\u00e4 fl\u00e4ttipoljin tekniseen maastoajoon. Huippuluokan ote, tarkka tuntuma ja viimeistelty muotoilu.\" \/>\n<meta property=\"og:url\" content=\"https:\/\/vmsport.fi\/sv\/webbutik\/reservdelar\/pedaler\/platta-bmx-och-dh-pedaler\/deity-supervillain-pedaler\/\" \/>\n<meta property=\"og:site_name\" content=\"VM Sport\" \/>\n<meta property=\"article:publisher\" content=\"https:\/\/www.facebook.com\/Vmsport.fi\/\" \/>\n<meta property=\"article:modified_time\" content=\"2026-04-22T12:16:49+00:00\" \/>\n<meta name=\"twitter:card\" content=\"summary_large_image\" \/>\n<meta name=\"twitter:label1\" content=\"Ber\u00e4knad l\u00e4stid\" \/>\n\t<meta name=\"twitter:data1\" content=\"1 minut\" \/>\n<script type=\"application\/ld+json\" class=\"yoast-schema-graph\">{\"@context\":\"https:\\\/\\\/schema.org\",\"@graph\":[{\"@type\":[\"WebPage\",\"ItemPage\"],\"@id\":\"https:\\\/\\\/vmsport.fi\\\/verkkokauppa\\\/varaosat\\\/polkimet\\\/flat-bmx-ja-dh-polkimet\\\/deity-supervillain-polkimet\\\/\",\"url\":\"https:\\\/\\\/vmsport.fi\\\/verkkokauppa\\\/varaosat\\\/polkimet\\\/flat-bmx-ja-dh-polkimet\\\/deity-supervillain-polkimet\\\/\",\"name\":\"Deity Supervillain Polkimet - VM Sport\",\"isPartOf\":{\"@id\":\"https:\\\/\\\/vmsport.fi\\\/#website\"},\"primaryImageOfPage\":{\"@id\":\"https:\\\/\\\/vmsport.fi\\\/verkkokauppa\\\/varaosat\\\/polkimet\\\/flat-bmx-ja-dh-polkimet\\\/deity-supervillain-polkimet\\\/#primaryimage\"},\"image\":{\"@id\":\"https:\\\/\\\/vmsport.fi\\\/verkkokauppa\\\/varaosat\\\/polkimet\\\/flat-bmx-ja-dh-polkimet\\\/deity-supervillain-polkimet\\\/#primaryimage\"},\"thumbnailUrl\":\"https:\\\/\\\/vmsport.fi\\\/wp-content\\\/uploads\\\/2025\\\/09\\\/deity-supervillain-6.jpg\",\"datePublished\":\"2025-09-25T08:07:09+00:00\",\"dateModified\":\"2026-04-22T12:16:49+00:00\",\"description\":\"Deity Supervillain on kevyt poljin, kest\u00e4v\u00e4 ja pit\u00e4v\u00e4 fl\u00e4ttipoljin tekniseen maastoajoon. Huippuluokan ote, tarkka tuntuma ja viimeistelty muotoilu.\",\"breadcrumb\":{\"@id\":\"https:\\\/\\\/vmsport.fi\\\/verkkokauppa\\\/varaosat\\\/polkimet\\\/flat-bmx-ja-dh-polkimet\\\/deity-supervillain-polkimet\\\/#breadcrumb\"},\"inLanguage\":\"sv-SE\",\"potentialAction\":[{\"@type\":\"ReadAction\",\"target\":[\"https:\\\/\\\/vmsport.fi\\\/verkkokauppa\\\/varaosat\\\/polkimet\\\/flat-bmx-ja-dh-polkimet\\\/deity-supervillain-polkimet\\\/\"]}]},{\"@type\":\"ImageObject\",\"inLanguage\":\"sv-SE\",\"@id\":\"https:\\\/\\\/vmsport.fi\\\/verkkokauppa\\\/varaosat\\\/polkimet\\\/flat-bmx-ja-dh-polkimet\\\/deity-supervillain-polkimet\\\/#primaryimage\",\"url\":\"https:\\\/\\\/vmsport.fi\\\/wp-content\\\/uploads\\\/2025\\\/09\\\/deity-supervillain-6.jpg\",\"contentUrl\":\"https:\\\/\\\/vmsport.fi\\\/wp-content\\\/uploads\\\/2025\\\/09\\\/deity-supervillain-6.jpg\",\"width\":800,\"height\":800,\"caption\":\"deity-supervillain-6\"},{\"@type\":\"BreadcrumbList\",\"@id\":\"https:\\\/\\\/vmsport.fi\\\/verkkokauppa\\\/varaosat\\\/polkimet\\\/flat-bmx-ja-dh-polkimet\\\/deity-supervillain-polkimet\\\/#breadcrumb\",\"itemListElement\":[{\"@type\":\"ListItem\",\"position\":1,\"name\":\"Etusivu\",\"item\":\"https:\\\/\\\/vmsport.fi\\\/\"},{\"@type\":\"ListItem\",\"position\":2,\"name\":\"Online Store\",\"item\":\"https:\\\/\\\/vmsport.fi\\\/en\\\/online-store\\\/\"},{\"@type\":\"ListItem\",\"position\":3,\"name\":\"Deity Components\",\"item\":\"https:\\\/\\\/vmsport.fi\\\/merkki\\\/deity\\\/\"},{\"@type\":\"ListItem\",\"position\":4,\"name\":\"Deity Supervillain Polkimet\"}]},{\"@type\":\"WebSite\",\"@id\":\"https:\\\/\\\/vmsport.fi\\\/#website\",\"url\":\"https:\\\/\\\/vmsport.fi\\\/\",\"name\":\"Vmsport\",\"description\":\"Kaikki py\u00f6r\u00e4ilyyn yhdest\u00e4 paikasta\",\"publisher\":{\"@id\":\"https:\\\/\\\/vmsport.fi\\\/#organization\"},\"potentialAction\":[{\"@type\":\"SearchAction\",\"target\":{\"@type\":\"EntryPoint\",\"urlTemplate\":\"https:\\\/\\\/vmsport.fi\\\/?s={search_term_string}\"},\"query-input\":{\"@type\":\"PropertyValueSpecification\",\"valueRequired\":true,\"valueName\":\"search_term_string\"}}],\"inLanguage\":\"sv-SE\"},{\"@type\":\"Organization\",\"@id\":\"https:\\\/\\\/vmsport.fi\\\/#organization\",\"name\":\"Vmsport\",\"url\":\"https:\\\/\\\/vmsport.fi\\\/\",\"logo\":{\"@type\":\"ImageObject\",\"inLanguage\":\"sv-SE\",\"@id\":\"https:\\\/\\\/vmsport.fi\\\/#\\\/schema\\\/logo\\\/image\\\/\",\"url\":\"https:\\\/\\\/vmsport.fi\\\/wp-content\\\/uploads\\\/2024\\\/12\\\/vm_sport_RGB_horisontal-e1734526017575.png\",\"contentUrl\":\"https:\\\/\\\/vmsport.fi\\\/wp-content\\\/uploads\\\/2024\\\/12\\\/vm_sport_RGB_horisontal-e1734526017575.png\",\"width\":668,\"height\":85,\"caption\":\"Vmsport\"},\"image\":{\"@id\":\"https:\\\/\\\/vmsport.fi\\\/#\\\/schema\\\/logo\\\/image\\\/\"},\"sameAs\":[\"https:\\\/\\\/www.facebook.com\\\/Vmsport.fi\\\/\",\"https:\\\/\\\/www.instagram.com\\\/vmsport\\\/\"]}]}<\/script>\n<!-- \/ Yoast SEO plugin. -->","yoast_head_json":{"title":"Deity Supervillain Polkimet - VM Sport","description":"Deity Supervillain \u00e4r en l\u00e4ttviktspedal som \u00e4r slitstark och greppv\u00e4nlig f\u00f6r teknisk terr\u00e4ngk\u00f6rning. Premiumgrepp, exakt k\u00e4nsla och en sofistikerad design.","robots":{"index":"index","follow":"follow","max-snippet":"max-snippet:-1","max-image-preview":"max-image-preview:large","max-video-preview":"max-video-preview:-1"},"canonical":"https:\/\/vmsport.fi\/sv\/webbutik\/reservdelar\/pedaler\/platta-bmx-och-dh-pedaler\/deity-supervillain-pedaler\/","og_locale":"sv_SE","og_type":"article","og_title":"Deity Supervillain Polkimet - VM Sport","og_description":"Deity Supervillain on kevyt poljin, kest\u00e4v\u00e4 ja pit\u00e4v\u00e4 fl\u00e4ttipoljin tekniseen maastoajoon. Huippuluokan ote, tarkka tuntuma ja viimeistelty muotoilu.","og_url":"https:\/\/vmsport.fi\/sv\/webbutik\/reservdelar\/pedaler\/platta-bmx-och-dh-pedaler\/deity-supervillain-pedaler\/","og_site_name":"VM Sport","article_publisher":"https:\/\/www.facebook.com\/Vmsport.fi\/","article_modified_time":"2026-04-22T12:16:49+00:00","twitter_card":"summary_large_image","twitter_misc":{"Ber\u00e4knad l\u00e4stid":"1 minut"},"schema":{"@context":"https:\/\/schema.org","@graph":[{"@type":["WebPage","ItemPage"],"@id":"https:\/\/vmsport.fi\/verkkokauppa\/varaosat\/polkimet\/flat-bmx-ja-dh-polkimet\/deity-supervillain-polkimet\/","url":"https:\/\/vmsport.fi\/verkkokauppa\/varaosat\/polkimet\/flat-bmx-ja-dh-polkimet\/deity-supervillain-polkimet\/","name":"Deity Supervillain Polkimet - VM Sport","isPartOf":{"@id":"https:\/\/vmsport.fi\/#website"},"primaryImageOfPage":{"@id":"https:\/\/vmsport.fi\/verkkokauppa\/varaosat\/polkimet\/flat-bmx-ja-dh-polkimet\/deity-supervillain-polkimet\/#primaryimage"},"image":{"@id":"https:\/\/vmsport.fi\/verkkokauppa\/varaosat\/polkimet\/flat-bmx-ja-dh-polkimet\/deity-supervillain-polkimet\/#primaryimage"},"thumbnailUrl":"https:\/\/vmsport.fi\/wp-content\/uploads\/2025\/09\/deity-supervillain-6.jpg","datePublished":"2025-09-25T08:07:09+00:00","dateModified":"2026-04-22T12:16:49+00:00","description":"Deity Supervillain \u00e4r en l\u00e4ttviktspedal som \u00e4r slitstark och greppv\u00e4nlig f\u00f6r teknisk terr\u00e4ngk\u00f6rning. Premiumgrepp, exakt k\u00e4nsla och en sofistikerad design.","breadcrumb":{"@id":"https:\/\/vmsport.fi\/verkkokauppa\/varaosat\/polkimet\/flat-bmx-ja-dh-polkimet\/deity-supervillain-polkimet\/#breadcrumb"},"inLanguage":"sv-SE","potentialAction":[{"@type":"ReadAction","target":["https:\/\/vmsport.fi\/verkkokauppa\/varaosat\/polkimet\/flat-bmx-ja-dh-polkimet\/deity-supervillain-polkimet\/"]}]},{"@type":"ImageObject","inLanguage":"sv-SE","@id":"https:\/\/vmsport.fi\/verkkokauppa\/varaosat\/polkimet\/flat-bmx-ja-dh-polkimet\/deity-supervillain-polkimet\/#primaryimage","url":"https:\/\/vmsport.fi\/wp-content\/uploads\/2025\/09\/deity-supervillain-6.jpg","contentUrl":"https:\/\/vmsport.fi\/wp-content\/uploads\/2025\/09\/deity-supervillain-6.jpg","width":800,"height":800,"caption":"deity-supervillain-6"},{"@type":"BreadcrumbList","@id":"https:\/\/vmsport.fi\/verkkokauppa\/varaosat\/polkimet\/flat-bmx-ja-dh-polkimet\/deity-supervillain-polkimet\/#breadcrumb","itemListElement":[{"@type":"ListItem","position":1,"name":"Etusivu","item":"https:\/\/vmsport.fi\/"},{"@type":"ListItem","position":2,"name":"Online Store","item":"https:\/\/vmsport.fi\/en\/online-store\/"},{"@type":"ListItem","position":3,"name":"Deity Components","item":"https:\/\/vmsport.fi\/merkki\/deity\/"},{"@type":"ListItem","position":4,"name":"Deity Supervillain Polkimet"}]},{"@type":"WebSite","@id":"https:\/\/vmsport.fi\/#website","url":"https:\/\/vmsport.fi\/","name":"Vmsport","description":"Allt p\u00e5 ett st\u00e4lle f\u00f6r cykling","publisher":{"@id":"https:\/\/vmsport.fi\/#organization"},"potentialAction":[{"@type":"SearchAction","target":{"@type":"EntryPoint","urlTemplate":"https:\/\/vmsport.fi\/?s={search_term_string}"},"query-input":{"@type":"PropertyValueSpecification","valueRequired":true,"valueName":"search_term_string"}}],"inLanguage":"sv-SE"},{"@type":"Organization","@id":"https:\/\/vmsport.fi\/#organization","name":"Vmsport","url":"https:\/\/vmsport.fi\/","logo":{"@type":"ImageObject","inLanguage":"sv-SE","@id":"https:\/\/vmsport.fi\/#\/schema\/logo\/image\/","url":"https:\/\/vmsport.fi\/wp-content\/uploads\/2024\/12\/vm_sport_RGB_horisontal-e1734526017575.png","contentUrl":"https:\/\/vmsport.fi\/wp-content\/uploads\/2024\/12\/vm_sport_RGB_horisontal-e1734526017575.png","width":668,"height":85,"caption":"Vmsport"},"image":{"@id":"https:\/\/vmsport.fi\/#\/schema\/logo\/image\/"},"sameAs":["https:\/\/www.facebook.com\/Vmsport.fi\/","https:\/\/www.instagram.com\/vmsport\/"]}]}},"global_unique_id":"","_links":{"self":[{"href":"https:\/\/vmsport.fi\/sv\/wp-json\/wp\/v2\/product\/60857","targetHints":{"allow":["GET"]}}],"collection":[{"href":"https:\/\/vmsport.fi\/sv\/wp-json\/wp\/v2\/product"}],"about":[{"href":"https:\/\/vmsport.fi\/sv\/wp-json\/wp\/v2\/types\/product"}],"replies":[{"embeddable":true,"href":"https:\/\/vmsport.fi\/sv\/wp-json\/wp\/v2\/comments?post=60857"}],"wp:featuredmedia":[{"embeddable":true,"href":"https:\/\/vmsport.fi\/sv\/wp-json\/wp\/v2\/media\/60947"}],"wp:attachment":[{"href":"https:\/\/vmsport.fi\/sv\/wp-json\/wp\/v2\/media?parent=60857"}],"wp:term":[{"taxonomy":"product_brand","embeddable":true,"href":"https:\/\/vmsport.fi\/sv\/wp-json\/wp\/v2\/product_brand?post=60857"},{"taxonomy":"product_model","embeddable":true,"href":"https:\/\/vmsport.fi\/sv\/wp-json\/wp\/v2\/product_model?post=60857"},{"taxonomy":"product_cat","embeddable":true,"href":"https:\/\/vmsport.fi\/sv\/wp-json\/wp\/v2\/product_cat?post=60857"},{"taxonomy":"product_tag","embeddable":true,"href":"https:\/\/vmsport.fi\/sv\/wp-json\/wp\/v2\/product_tag?post=60857"},{"taxonomy":"industry_terminology","embeddable":true,"href":"https:\/\/vmsport.fi\/sv\/wp-json\/wp\/v2\/industry-terminology?post=60857"}],"curies":[{"name":"wp","href":"https:\/\/api.w.org\/{rel}","templated":true}]}}