{"id":60856,"date":"2025-09-25T11:07:08","date_gmt":"2025-09-25T08:07:08","guid":{"rendered":"https:\/\/vmsport.fi\/verkkokauppa\/Ei-luokiteltu\/deity-highside-31-8mm-bar-80mm-rise\/"},"modified":"2026-01-16T13:41:32","modified_gmt":"2026-01-16T11:41:32","slug":"deity-highside-31-8mm-bar-80mm-rise","status":"publish","type":"product","link":"https:\/\/vmsport.fi\/sv\/verkkokauppa\/varaosat\/ohjaamo\/ohjaustangot\/deity-highside-31-8mm-bar-80mm-rise\/","title":{"rendered":"Deity Highside 31,8 mm st\u00e5ng 80 mm stigning"},"content":{"rendered":"<h3><b>Deity Highside-styrst\u00e5ng - stil och prestanda i ett och samma paket<\/b><\/h3>\n<p class=\"p3\"><span class=\"s2\"><b>Deity Highside<\/b><\/span>\u00a0\u00e4r mer \u00e4n bara ett styre - det \u00e4r en hyllning till stil, kontroll och dj\u00e4rv k\u00f6rning. Det h\u00e4r styret har tagits fram i samarbete med v\u00e4rldens b\u00e4sta slopestyle- och dirt jump-\u00e5kare och \u00e4r det perfekta valet f\u00f6r dig som vill s\u00e4tta din egen pr\u00e4gel p\u00e5 din \u00e5kning.<\/p>\n<p class=\"p3\">Tillg\u00e4nglig <span class=\"s2\"><b>med 50 mm och 80 mm upph\u00f6jning<\/b><\/span>, Highside ger dig precis r\u00e4tt m\u00e4ngd kontroll och sj\u00e4lvf\u00f6rtroende i din k\u00f6rposition - oavsett om du \u00e4r p\u00e5 ett hopp, i en park eller i en brant endurobacke. Styret \u00e4r tillverkat av Deity <span class=\"s2\"><b>Med Gradient Butting-teknik<\/b><\/span>, som ger styvhet, l\u00e4tthet och slagt\u00e5lighet i ett och samma material.<\/p>","protected":false},"excerpt":{"rendered":"<p>Deity Highside ohjaustanko \u2013 tyyli\u00e4 ja suorituskyky\u00e4 samassa paketissa Deity Highside\u00a0on enemm\u00e4n kuin pelkk\u00e4 ohjaustanko \u2013 se on kunnianosoitus tyyliin, kontrolliin ja rohkeaan ajamiseen. Suunniteltu yhteisty\u00f6ss\u00e4 maailman parhaiden slopestyle- ja dirt jump \u2011kuskien kanssa, t\u00e4m\u00e4 ohjaustanko on t\u00e4ydellinen valinta niille, jotka haluavat tuoda ajamiseen omaa persoonaansa. Saatavilla 50 mm ja 80 mm nousulla, Highside antaa [&#8230;]<\/p>\n<p><a class=\"btn btn-secondary understrap-read-more-link\" href=\"https:\/\/vmsport.fi\/sv\/verkkokauppa\/varaosat\/ohjaamo\/ohjaustangot\/deity-highside-31-8mm-bar-80mm-rise\/\">L\u00e4s mer \u2026<span class=\"screen-reader-text\"> from Deity Highside 31.8mm Bar 80mm Rise<\/span><\/a><\/p>\n","protected":false},"featured_media":60979,"comment_status":"open","ping_status":"closed","template":"","meta":{"_acf_changed":false,"_improvement_type_select":"improve_an_existing","_thumb_yes_seoaic":false,"_frame_yes_seoaic":false,"seoaic_generate_description":"","seoaic_improve_instructions_prompt":"","seoaic_rollback_content_improvement":"","seoaic_idea_thumbnail_generator":"","thumbnail_generated":false,"thumbnail_generate_prompt":"","seoaic_article_description":"","_supplier_stock_quantity":0},"product_brand":[],"product_model":[],"product_cat":[9490],"product_tag":[],"industry-terminology":[],"class_list":{"0":"post-60856","1":"product","2":"type-product","3":"status-publish","4":"has-post-thumbnail","6":"product_cat-ohjaustangot","8":"first","9":"outofstock","10":"taxable","11":"shipping-taxable","12":"product-type-variable"},"acf":{"bike_features":null,"overview":{"copy_overview":null,"key_features":null,"statement":"\t\u2022\tLeveys: 760 mm\r\n\t\u2022\tNousu: 50 mm (323 g) tai 80 mm (334 g)\r\n\t\u2022\tKeskireik\u00e4: 31.8 mm\r\n\t\u2022\tTaivutus: 9\u00b0 taakse \/ 5\u00b0 yl\u00f6s \u2013 optimaalinen ajoasento\r\n\t\u2022\tViimeistely: Hiekkapuhallettu pinta paremman kest\u00e4vyyden ja v\u00e4symislujuuden takaamiseksi\r\n\t\u2022\tV\u00e4rit: Musta anodisointi, grafiikat useissa v\u00e4reiss\u00e4 (stealth, valkoinen, punainen, vihre\u00e4, sininen, pronssi, oranssi, violetti)\r\n\t\u2022\tYhteensopivuus: Maastopy\u00f6r\u00e4t, E-Bike (luokat 1\u20133), ei s\u00e4hk\u00f6moottoripy\u00f6riin\r\n\t\u2022\tTakuu: Elinik\u00e4inen Crash Replacement alkuper\u00e4iselle ostajalle","youtube_url":""}},"yoast_head":"<!-- This site is optimized with the Yoast SEO plugin v27.3 - https:\/\/yoast.com\/product\/yoast-seo-wordpress\/ -->\n<title>Deity Highside 31.8mm Bar 80mm Rise - VM Sport<\/title>\n<meta name=\"robots\" content=\"index, follow, max-snippet:-1, max-image-preview:large, max-video-preview:-1\" \/>\n<link rel=\"canonical\" href=\"https:\/\/vmsport.fi\/sv\/webbutik\/reservdelar\/taxi\/styrstanger\/deity-highside-31-8mm-bar-80mm-rise\/\" \/>\n<meta property=\"og:locale\" content=\"sv_SE\" \/>\n<meta property=\"og:type\" content=\"article\" \/>\n<meta property=\"og:title\" content=\"Deity Highside 31.8mm Bar 80mm Rise - VM Sport\" \/>\n<meta property=\"og:description\" content=\"Deity Highside ohjaustanko \u2013 tyyli\u00e4 ja suorituskyky\u00e4 samassa paketissa Deity Highside\u00a0on enemm\u00e4n kuin pelkk\u00e4 ohjaustanko \u2013 se on kunnianosoitus tyyliin, kontrolliin ja rohkeaan ajamiseen. Suunniteltu yhteisty\u00f6ss\u00e4 maailman parhaiden slopestyle- ja dirt jump \u2011kuskien kanssa, t\u00e4m\u00e4 ohjaustanko on t\u00e4ydellinen valinta niille, jotka haluavat tuoda ajamiseen omaa persoonaansa. Saatavilla 50 mm ja 80 mm nousulla, Highside antaa [...]L\u00e4s mer \u2026 from Deity Highside 31.8mm Bar 80mm Rise\" \/>\n<meta property=\"og:url\" content=\"https:\/\/vmsport.fi\/sv\/webbutik\/reservdelar\/taxi\/styrstanger\/deity-highside-31-8mm-bar-80mm-rise\/\" \/>\n<meta property=\"og:site_name\" content=\"VM Sport\" \/>\n<meta property=\"article:publisher\" content=\"https:\/\/www.facebook.com\/Vmsport.fi\/\" \/>\n<meta property=\"article:modified_time\" content=\"2026-01-16T11:41:32+00:00\" \/>\n<meta name=\"twitter:card\" content=\"summary_large_image\" \/>\n<meta name=\"twitter:label1\" content=\"Ber\u00e4knad l\u00e4stid\" \/>\n\t<meta name=\"twitter:data1\" content=\"1 minut\" \/>\n<script type=\"application\/ld+json\" class=\"yoast-schema-graph\">{\"@context\":\"https:\\\/\\\/schema.org\",\"@graph\":[{\"@type\":[\"WebPage\",\"ItemPage\"],\"@id\":\"https:\\\/\\\/vmsport.fi\\\/verkkokauppa\\\/varaosat\\\/ohjaamo\\\/ohjaustangot\\\/deity-highside-31-8mm-bar-80mm-rise\\\/\",\"url\":\"https:\\\/\\\/vmsport.fi\\\/verkkokauppa\\\/varaosat\\\/ohjaamo\\\/ohjaustangot\\\/deity-highside-31-8mm-bar-80mm-rise\\\/\",\"name\":\"Deity Highside 31.8mm Bar 80mm Rise - VM Sport\",\"isPartOf\":{\"@id\":\"https:\\\/\\\/vmsport.fi\\\/#website\"},\"primaryImageOfPage\":{\"@id\":\"https:\\\/\\\/vmsport.fi\\\/verkkokauppa\\\/varaosat\\\/ohjaamo\\\/ohjaustangot\\\/deity-highside-31-8mm-bar-80mm-rise\\\/#primaryimage\"},\"image\":{\"@id\":\"https:\\\/\\\/vmsport.fi\\\/verkkokauppa\\\/varaosat\\\/ohjaamo\\\/ohjaustangot\\\/deity-highside-31-8mm-bar-80mm-rise\\\/#primaryimage\"},\"thumbnailUrl\":\"https:\\\/\\\/vmsport.fi\\\/wp-content\\\/uploads\\\/2025\\\/09\\\/deity-highside80.jpg\",\"datePublished\":\"2025-09-25T08:07:08+00:00\",\"dateModified\":\"2026-01-16T11:41:32+00:00\",\"breadcrumb\":{\"@id\":\"https:\\\/\\\/vmsport.fi\\\/verkkokauppa\\\/varaosat\\\/ohjaamo\\\/ohjaustangot\\\/deity-highside-31-8mm-bar-80mm-rise\\\/#breadcrumb\"},\"inLanguage\":\"sv-SE\",\"potentialAction\":[{\"@type\":\"ReadAction\",\"target\":[\"https:\\\/\\\/vmsport.fi\\\/verkkokauppa\\\/varaosat\\\/ohjaamo\\\/ohjaustangot\\\/deity-highside-31-8mm-bar-80mm-rise\\\/\"]}]},{\"@type\":\"ImageObject\",\"inLanguage\":\"sv-SE\",\"@id\":\"https:\\\/\\\/vmsport.fi\\\/verkkokauppa\\\/varaosat\\\/ohjaamo\\\/ohjaustangot\\\/deity-highside-31-8mm-bar-80mm-rise\\\/#primaryimage\",\"url\":\"https:\\\/\\\/vmsport.fi\\\/wp-content\\\/uploads\\\/2025\\\/09\\\/deity-highside80.jpg\",\"contentUrl\":\"https:\\\/\\\/vmsport.fi\\\/wp-content\\\/uploads\\\/2025\\\/09\\\/deity-highside80.jpg\",\"width\":800,\"height\":800,\"caption\":\"deity-highside80\"},{\"@type\":\"BreadcrumbList\",\"@id\":\"https:\\\/\\\/vmsport.fi\\\/verkkokauppa\\\/varaosat\\\/ohjaamo\\\/ohjaustangot\\\/deity-highside-31-8mm-bar-80mm-rise\\\/#breadcrumb\",\"itemListElement\":[{\"@type\":\"ListItem\",\"position\":1,\"name\":\"Etusivu\",\"item\":\"https:\\\/\\\/vmsport.fi\\\/\"},{\"@type\":\"ListItem\",\"position\":2,\"name\":\"Online Store\",\"item\":\"https:\\\/\\\/vmsport.fi\\\/en\\\/online-store\\\/\"},{\"@type\":\"ListItem\",\"position\":3,\"name\":\"Deity Highside 31.8mm Bar 80mm Rise\"}]},{\"@type\":\"WebSite\",\"@id\":\"https:\\\/\\\/vmsport.fi\\\/#website\",\"url\":\"https:\\\/\\\/vmsport.fi\\\/\",\"name\":\"Vmsport\",\"description\":\"Kaikki py\u00f6r\u00e4ilyyn yhdest\u00e4 paikasta\",\"publisher\":{\"@id\":\"https:\\\/\\\/vmsport.fi\\\/#organization\"},\"potentialAction\":[{\"@type\":\"SearchAction\",\"target\":{\"@type\":\"EntryPoint\",\"urlTemplate\":\"https:\\\/\\\/vmsport.fi\\\/?s={search_term_string}\"},\"query-input\":{\"@type\":\"PropertyValueSpecification\",\"valueRequired\":true,\"valueName\":\"search_term_string\"}}],\"inLanguage\":\"sv-SE\"},{\"@type\":\"Organization\",\"@id\":\"https:\\\/\\\/vmsport.fi\\\/#organization\",\"name\":\"Vmsport\",\"url\":\"https:\\\/\\\/vmsport.fi\\\/\",\"logo\":{\"@type\":\"ImageObject\",\"inLanguage\":\"sv-SE\",\"@id\":\"https:\\\/\\\/vmsport.fi\\\/#\\\/schema\\\/logo\\\/image\\\/\",\"url\":\"https:\\\/\\\/vmsport.fi\\\/wp-content\\\/uploads\\\/2024\\\/12\\\/vm_sport_RGB_horisontal-e1734526017575.png\",\"contentUrl\":\"https:\\\/\\\/vmsport.fi\\\/wp-content\\\/uploads\\\/2024\\\/12\\\/vm_sport_RGB_horisontal-e1734526017575.png\",\"width\":668,\"height\":85,\"caption\":\"Vmsport\"},\"image\":{\"@id\":\"https:\\\/\\\/vmsport.fi\\\/#\\\/schema\\\/logo\\\/image\\\/\"},\"sameAs\":[\"https:\\\/\\\/www.facebook.com\\\/Vmsport.fi\\\/\",\"https:\\\/\\\/www.instagram.com\\\/vmsport\\\/\"]}]}<\/script>\n<!-- \/ Yoast SEO plugin. -->","yoast_head_json":{"title":"Deity Highside 31.8mm Bar 80mm Rise - VM Sport","robots":{"index":"index","follow":"follow","max-snippet":"max-snippet:-1","max-image-preview":"max-image-preview:large","max-video-preview":"max-video-preview:-1"},"canonical":"https:\/\/vmsport.fi\/sv\/webbutik\/reservdelar\/taxi\/styrstanger\/deity-highside-31-8mm-bar-80mm-rise\/","og_locale":"sv_SE","og_type":"article","og_title":"Deity Highside 31.8mm Bar 80mm Rise - VM Sport","og_description":"Deity Highside ohjaustanko \u2013 tyyli\u00e4 ja suorituskyky\u00e4 samassa paketissa Deity Highside\u00a0on enemm\u00e4n kuin pelkk\u00e4 ohjaustanko \u2013 se on kunnianosoitus tyyliin, kontrolliin ja rohkeaan ajamiseen. Suunniteltu yhteisty\u00f6ss\u00e4 maailman parhaiden slopestyle- ja dirt jump \u2011kuskien kanssa, t\u00e4m\u00e4 ohjaustanko on t\u00e4ydellinen valinta niille, jotka haluavat tuoda ajamiseen omaa persoonaansa. Saatavilla 50 mm ja 80 mm nousulla, Highside antaa [...]L\u00e4s mer \u2026 from Deity Highside 31.8mm Bar 80mm Rise","og_url":"https:\/\/vmsport.fi\/sv\/webbutik\/reservdelar\/taxi\/styrstanger\/deity-highside-31-8mm-bar-80mm-rise\/","og_site_name":"VM Sport","article_publisher":"https:\/\/www.facebook.com\/Vmsport.fi\/","article_modified_time":"2026-01-16T11:41:32+00:00","twitter_card":"summary_large_image","twitter_misc":{"Ber\u00e4knad l\u00e4stid":"1 minut"},"schema":{"@context":"https:\/\/schema.org","@graph":[{"@type":["WebPage","ItemPage"],"@id":"https:\/\/vmsport.fi\/verkkokauppa\/varaosat\/ohjaamo\/ohjaustangot\/deity-highside-31-8mm-bar-80mm-rise\/","url":"https:\/\/vmsport.fi\/verkkokauppa\/varaosat\/ohjaamo\/ohjaustangot\/deity-highside-31-8mm-bar-80mm-rise\/","name":"Deity Highside 31.8mm Bar 80mm Rise - VM Sport","isPartOf":{"@id":"https:\/\/vmsport.fi\/#website"},"primaryImageOfPage":{"@id":"https:\/\/vmsport.fi\/verkkokauppa\/varaosat\/ohjaamo\/ohjaustangot\/deity-highside-31-8mm-bar-80mm-rise\/#primaryimage"},"image":{"@id":"https:\/\/vmsport.fi\/verkkokauppa\/varaosat\/ohjaamo\/ohjaustangot\/deity-highside-31-8mm-bar-80mm-rise\/#primaryimage"},"thumbnailUrl":"https:\/\/vmsport.fi\/wp-content\/uploads\/2025\/09\/deity-highside80.jpg","datePublished":"2025-09-25T08:07:08+00:00","dateModified":"2026-01-16T11:41:32+00:00","breadcrumb":{"@id":"https:\/\/vmsport.fi\/verkkokauppa\/varaosat\/ohjaamo\/ohjaustangot\/deity-highside-31-8mm-bar-80mm-rise\/#breadcrumb"},"inLanguage":"sv-SE","potentialAction":[{"@type":"ReadAction","target":["https:\/\/vmsport.fi\/verkkokauppa\/varaosat\/ohjaamo\/ohjaustangot\/deity-highside-31-8mm-bar-80mm-rise\/"]}]},{"@type":"ImageObject","inLanguage":"sv-SE","@id":"https:\/\/vmsport.fi\/verkkokauppa\/varaosat\/ohjaamo\/ohjaustangot\/deity-highside-31-8mm-bar-80mm-rise\/#primaryimage","url":"https:\/\/vmsport.fi\/wp-content\/uploads\/2025\/09\/deity-highside80.jpg","contentUrl":"https:\/\/vmsport.fi\/wp-content\/uploads\/2025\/09\/deity-highside80.jpg","width":800,"height":800,"caption":"deity-highside80"},{"@type":"BreadcrumbList","@id":"https:\/\/vmsport.fi\/verkkokauppa\/varaosat\/ohjaamo\/ohjaustangot\/deity-highside-31-8mm-bar-80mm-rise\/#breadcrumb","itemListElement":[{"@type":"ListItem","position":1,"name":"Etusivu","item":"https:\/\/vmsport.fi\/"},{"@type":"ListItem","position":2,"name":"Online Store","item":"https:\/\/vmsport.fi\/en\/online-store\/"},{"@type":"ListItem","position":3,"name":"Deity Highside 31.8mm Bar 80mm Rise"}]},{"@type":"WebSite","@id":"https:\/\/vmsport.fi\/#website","url":"https:\/\/vmsport.fi\/","name":"Vmsport","description":"Allt p\u00e5 ett st\u00e4lle f\u00f6r cykling","publisher":{"@id":"https:\/\/vmsport.fi\/#organization"},"potentialAction":[{"@type":"SearchAction","target":{"@type":"EntryPoint","urlTemplate":"https:\/\/vmsport.fi\/?s={search_term_string}"},"query-input":{"@type":"PropertyValueSpecification","valueRequired":true,"valueName":"search_term_string"}}],"inLanguage":"sv-SE"},{"@type":"Organization","@id":"https:\/\/vmsport.fi\/#organization","name":"Vmsport","url":"https:\/\/vmsport.fi\/","logo":{"@type":"ImageObject","inLanguage":"sv-SE","@id":"https:\/\/vmsport.fi\/#\/schema\/logo\/image\/","url":"https:\/\/vmsport.fi\/wp-content\/uploads\/2024\/12\/vm_sport_RGB_horisontal-e1734526017575.png","contentUrl":"https:\/\/vmsport.fi\/wp-content\/uploads\/2024\/12\/vm_sport_RGB_horisontal-e1734526017575.png","width":668,"height":85,"caption":"Vmsport"},"image":{"@id":"https:\/\/vmsport.fi\/#\/schema\/logo\/image\/"},"sameAs":["https:\/\/www.facebook.com\/Vmsport.fi\/","https:\/\/www.instagram.com\/vmsport\/"]}]}},"global_unique_id":"","_links":{"self":[{"href":"https:\/\/vmsport.fi\/sv\/wp-json\/wp\/v2\/product\/60856","targetHints":{"allow":["GET"]}}],"collection":[{"href":"https:\/\/vmsport.fi\/sv\/wp-json\/wp\/v2\/product"}],"about":[{"href":"https:\/\/vmsport.fi\/sv\/wp-json\/wp\/v2\/types\/product"}],"replies":[{"embeddable":true,"href":"https:\/\/vmsport.fi\/sv\/wp-json\/wp\/v2\/comments?post=60856"}],"wp:featuredmedia":[{"embeddable":true,"href":"https:\/\/vmsport.fi\/sv\/wp-json\/wp\/v2\/media\/60979"}],"wp:attachment":[{"href":"https:\/\/vmsport.fi\/sv\/wp-json\/wp\/v2\/media?parent=60856"}],"wp:term":[{"taxonomy":"product_brand","embeddable":true,"href":"https:\/\/vmsport.fi\/sv\/wp-json\/wp\/v2\/product_brand?post=60856"},{"taxonomy":"product_model","embeddable":true,"href":"https:\/\/vmsport.fi\/sv\/wp-json\/wp\/v2\/product_model?post=60856"},{"taxonomy":"product_cat","embeddable":true,"href":"https:\/\/vmsport.fi\/sv\/wp-json\/wp\/v2\/product_cat?post=60856"},{"taxonomy":"product_tag","embeddable":true,"href":"https:\/\/vmsport.fi\/sv\/wp-json\/wp\/v2\/product_tag?post=60856"},{"taxonomy":"industry_terminology","embeddable":true,"href":"https:\/\/vmsport.fi\/sv\/wp-json\/wp\/v2\/industry-terminology?post=60856"}],"curies":[{"name":"wp","href":"https:\/\/api.w.org\/{rel}","templated":true}]}}