{"id":60784,"date":"2025-09-25T10:46:22","date_gmt":"2025-09-25T07:46:22","guid":{"rendered":"https:\/\/vmsport.fi\/verkkokauppa\/Ei-luokiteltu\/deity-black-kat-polkimet\/"},"modified":"2026-04-22T15:33:11","modified_gmt":"2026-04-22T12:33:11","slug":"deity-black-kat-polkimet","status":"publish","type":"product","link":"https:\/\/vmsport.fi\/sv\/verkkokauppa\/varaosat\/polkimet\/flat-bmx-ja-dh-polkimet\/deity-black-kat-polkimet\/","title":{"rendered":"Deity Black Kat Polkimet"},"content":{"rendered":"<p class=\"p1\"><span class=\"s1\"><b>Deity Black Kat polkimet<\/b><\/span> yhdist\u00e4v\u00e4t keveyden, pidon ja ajotuntuman tavalla, joka tekee niist\u00e4 yhden markkinoiden parhaista fl\u00e4ttipolkimista. CNC-koneistettu alumiinirunko, <span class=\"s1\"><b>kovera muotoilu<\/b><\/span>, leve\u00e4 taso ja tarkasti sijoitetut pid\u00e4tyspinnat takaavat varman otteen kaikissa olosuhteissa.<\/p>\n<p class=\"p1\">Poljin perustuu suurempaan kaksoistiivistettyyn laakerointiin, joka parantaa kest\u00e4vyytt\u00e4 ja takaa pehme\u00e4n py\u00f6rinn\u00e4n pitk\u00e4ll\u00e4 aikav\u00e4lill\u00e4. Reunojen py\u00f6ristykset, matala profiili ja uritetut pinnat ehk\u00e4isev\u00e4t lipe\u00e4mist\u00e4 ja v\u00e4hent\u00e4v\u00e4t osumia esteisiin. Mukana toimitetaan my\u00f6s varapiikkisarja \u2013 pieni mutta arvostettu lis\u00e4, joka kertoo Deityn sitoutumisesta laatuun.<\/p>\n<p class=\"p1\">Olitpa sitten ajamassa teknist\u00e4 trailia, hissipy\u00f6r\u00e4ilem\u00e4ss\u00e4 tai vain haluat kest\u00e4v\u00e4t ja hyvin toimivat fl\u00e4ttipolkimet arkeen, <span class=\"s1\"><b>Black Kat<\/b><\/span> on valmis haasteeseen.<\/p>","protected":false},"excerpt":{"rendered":"<p>Deity Black Kat polkimet yhdist\u00e4v\u00e4t keveyden, pidon ja ajotuntuman tavalla, joka tekee niist\u00e4 yhden markkinoiden parhaista fl\u00e4ttipolkimista. CNC-koneistettu alumiinirunko, kovera muotoilu, leve\u00e4 taso ja tarkasti sijoitetut pid\u00e4tyspinnat takaavat varman otteen kaikissa olosuhteissa. Poljin perustuu suurempaan kaksoistiivistettyyn laakerointiin, joka parantaa kest\u00e4vyytt\u00e4 ja takaa pehme\u00e4n py\u00f6rinn\u00e4n pitk\u00e4ll\u00e4 aikav\u00e4lill\u00e4. Reunojen py\u00f6ristykset, matala profiili ja uritetut pinnat ehk\u00e4isev\u00e4t lipe\u00e4mist\u00e4 [&#8230;]<\/p>\n<p><a class=\"btn btn-secondary understrap-read-more-link\" href=\"https:\/\/vmsport.fi\/sv\/verkkokauppa\/varaosat\/polkimet\/flat-bmx-ja-dh-polkimet\/deity-black-kat-polkimet\/\">L\u00e4s mer \u2026<span class=\"screen-reader-text\"> from Deity Black Kat Polkimet<\/span><\/a><\/p>\n","protected":false},"featured_media":60943,"comment_status":"open","ping_status":"closed","template":"","meta":{"_acf_changed":false,"_improvement_type_select":"improve_an_existing","_thumb_yes_seoaic":false,"_frame_yes_seoaic":false,"seoaic_generate_description":"","seoaic_improve_instructions_prompt":"","seoaic_rollback_content_improvement":"","seoaic_idea_thumbnail_generator":"","thumbnail_generated":false,"thumbnail_generate_prompt":"","seoaic_article_description":"","_supplier_stock_quantity":0},"product_brand":[9900],"product_model":[],"product_cat":[9308],"product_tag":[9934,9928,9930,9932],"industry-terminology":[],"class_list":{"0":"post-60784","1":"product","2":"type-product","3":"status-publish","4":"has-post-thumbnail","6":"product_brand-deity","7":"product_cat-flat-bmx-ja-dh-polkimet","8":"product_tag-flattipoljin","9":"product_tag-polkimet","10":"product_tag-poljin","11":"product_tag-deity-polkimet","13":"first","14":"instock","15":"taxable","16":"shipping-taxable","17":"purchasable","18":"product-type-variable"},"acf":{"bike_features":null,"overview":{"copy_overview":null,"key_features":null,"statement":"","youtube_url":""}},"yoast_head":"<!-- This site is optimized with the Yoast SEO plugin v27.4 - https:\/\/yoast.com\/product\/yoast-seo-wordpress\/ -->\n<title>Deity Black Kat Polkimet - VM Sport<\/title>\n<meta name=\"description\" content=\"Deity Black Kat polkimet ovat kevyet, kest\u00e4v\u00e4t ja pit\u00e4v\u00e4t fl\u00e4ttipolkimet tekniseen ajoon. Mukana varapiikit \u2013 suunniteltu kest\u00e4m\u00e4\u00e4n pitk\u00e4\u00e4n.\" \/>\n<meta name=\"robots\" content=\"index, follow, max-snippet:-1, max-image-preview:large, max-video-preview:-1\" \/>\n<link rel=\"canonical\" href=\"https:\/\/vmsport.fi\/sv\/webbutik\/reservdelar\/pedaler\/platta-bmx-och-dh-pedaler\/deity-black-kat-polkimet\/\" \/>\n<meta property=\"og:locale\" content=\"sv_SE\" \/>\n<meta property=\"og:type\" content=\"article\" \/>\n<meta property=\"og:title\" content=\"Deity Black Kat Polkimet - VM Sport\" \/>\n<meta property=\"og:description\" content=\"Deity Black Kat polkimet ovat kevyet, kest\u00e4v\u00e4t ja pit\u00e4v\u00e4t fl\u00e4ttipolkimet tekniseen ajoon. Mukana varapiikit \u2013 suunniteltu kest\u00e4m\u00e4\u00e4n pitk\u00e4\u00e4n.\" \/>\n<meta property=\"og:url\" content=\"https:\/\/vmsport.fi\/sv\/webbutik\/reservdelar\/pedaler\/platta-bmx-och-dh-pedaler\/deity-black-kat-polkimet\/\" \/>\n<meta property=\"og:site_name\" content=\"VM Sport\" \/>\n<meta property=\"article:publisher\" content=\"https:\/\/www.facebook.com\/Vmsport.fi\/\" \/>\n<meta property=\"article:modified_time\" content=\"2026-04-22T12:33:11+00:00\" \/>\n<meta property=\"og:image\" content=\"https:\/\/vmsport.fi\/wp-content\/uploads\/2025\/09\/deity-kat.jpg\" \/>\n\t<meta property=\"og:image:width\" content=\"800\" \/>\n\t<meta property=\"og:image:height\" content=\"800\" \/>\n\t<meta property=\"og:image:type\" content=\"image\/jpeg\" \/>\n<meta name=\"twitter:card\" content=\"summary_large_image\" \/>\n<meta name=\"twitter:label1\" content=\"Ber\u00e4knad l\u00e4stid\" \/>\n\t<meta name=\"twitter:data1\" content=\"1 minut\" \/>\n<script type=\"application\/ld+json\" class=\"yoast-schema-graph\">{\"@context\":\"https:\\\/\\\/schema.org\",\"@graph\":[{\"@type\":[\"WebPage\",\"ItemPage\"],\"@id\":\"https:\\\/\\\/vmsport.fi\\\/verkkokauppa\\\/varaosat\\\/polkimet\\\/flat-bmx-ja-dh-polkimet\\\/deity-black-kat-polkimet\\\/\",\"url\":\"https:\\\/\\\/vmsport.fi\\\/verkkokauppa\\\/varaosat\\\/polkimet\\\/flat-bmx-ja-dh-polkimet\\\/deity-black-kat-polkimet\\\/\",\"name\":\"Deity Black Kat Polkimet - VM Sport\",\"isPartOf\":{\"@id\":\"https:\\\/\\\/vmsport.fi\\\/#website\"},\"primaryImageOfPage\":{\"@id\":\"https:\\\/\\\/vmsport.fi\\\/verkkokauppa\\\/varaosat\\\/polkimet\\\/flat-bmx-ja-dh-polkimet\\\/deity-black-kat-polkimet\\\/#primaryimage\"},\"image\":{\"@id\":\"https:\\\/\\\/vmsport.fi\\\/verkkokauppa\\\/varaosat\\\/polkimet\\\/flat-bmx-ja-dh-polkimet\\\/deity-black-kat-polkimet\\\/#primaryimage\"},\"thumbnailUrl\":\"https:\\\/\\\/vmsport.fi\\\/wp-content\\\/uploads\\\/2025\\\/09\\\/deity-kat.jpg\",\"datePublished\":\"2025-09-25T07:46:22+00:00\",\"dateModified\":\"2026-04-22T12:33:11+00:00\",\"description\":\"Deity Black Kat polkimet ovat kevyet, kest\u00e4v\u00e4t ja pit\u00e4v\u00e4t fl\u00e4ttipolkimet tekniseen ajoon. Mukana varapiikit \u2013 suunniteltu kest\u00e4m\u00e4\u00e4n pitk\u00e4\u00e4n.\",\"breadcrumb\":{\"@id\":\"https:\\\/\\\/vmsport.fi\\\/verkkokauppa\\\/varaosat\\\/polkimet\\\/flat-bmx-ja-dh-polkimet\\\/deity-black-kat-polkimet\\\/#breadcrumb\"},\"inLanguage\":\"sv-SE\",\"potentialAction\":[{\"@type\":\"ReadAction\",\"target\":[\"https:\\\/\\\/vmsport.fi\\\/verkkokauppa\\\/varaosat\\\/polkimet\\\/flat-bmx-ja-dh-polkimet\\\/deity-black-kat-polkimet\\\/\"]}]},{\"@type\":\"ImageObject\",\"inLanguage\":\"sv-SE\",\"@id\":\"https:\\\/\\\/vmsport.fi\\\/verkkokauppa\\\/varaosat\\\/polkimet\\\/flat-bmx-ja-dh-polkimet\\\/deity-black-kat-polkimet\\\/#primaryimage\",\"url\":\"https:\\\/\\\/vmsport.fi\\\/wp-content\\\/uploads\\\/2025\\\/09\\\/deity-kat.jpg\",\"contentUrl\":\"https:\\\/\\\/vmsport.fi\\\/wp-content\\\/uploads\\\/2025\\\/09\\\/deity-kat.jpg\",\"width\":800,\"height\":800,\"caption\":\"deity-kat\"},{\"@type\":\"BreadcrumbList\",\"@id\":\"https:\\\/\\\/vmsport.fi\\\/verkkokauppa\\\/varaosat\\\/polkimet\\\/flat-bmx-ja-dh-polkimet\\\/deity-black-kat-polkimet\\\/#breadcrumb\",\"itemListElement\":[{\"@type\":\"ListItem\",\"position\":1,\"name\":\"Etusivu\",\"item\":\"https:\\\/\\\/vmsport.fi\\\/\"},{\"@type\":\"ListItem\",\"position\":2,\"name\":\"Online Store\",\"item\":\"https:\\\/\\\/vmsport.fi\\\/en\\\/online-store\\\/\"},{\"@type\":\"ListItem\",\"position\":3,\"name\":\"Deity Components\",\"item\":\"https:\\\/\\\/vmsport.fi\\\/merkki\\\/deity\\\/\"},{\"@type\":\"ListItem\",\"position\":4,\"name\":\"Deity Black Kat Polkimet\"}]},{\"@type\":\"WebSite\",\"@id\":\"https:\\\/\\\/vmsport.fi\\\/#website\",\"url\":\"https:\\\/\\\/vmsport.fi\\\/\",\"name\":\"Vmsport\",\"description\":\"Kaikki py\u00f6r\u00e4ilyyn yhdest\u00e4 paikasta\",\"publisher\":{\"@id\":\"https:\\\/\\\/vmsport.fi\\\/#organization\"},\"potentialAction\":[{\"@type\":\"SearchAction\",\"target\":{\"@type\":\"EntryPoint\",\"urlTemplate\":\"https:\\\/\\\/vmsport.fi\\\/?s={search_term_string}\"},\"query-input\":{\"@type\":\"PropertyValueSpecification\",\"valueRequired\":true,\"valueName\":\"search_term_string\"}}],\"inLanguage\":\"sv-SE\"},{\"@type\":\"Organization\",\"@id\":\"https:\\\/\\\/vmsport.fi\\\/#organization\",\"name\":\"Vmsport\",\"url\":\"https:\\\/\\\/vmsport.fi\\\/\",\"logo\":{\"@type\":\"ImageObject\",\"inLanguage\":\"sv-SE\",\"@id\":\"https:\\\/\\\/vmsport.fi\\\/#\\\/schema\\\/logo\\\/image\\\/\",\"url\":\"https:\\\/\\\/vmsport.fi\\\/wp-content\\\/uploads\\\/2024\\\/12\\\/vm_sport_RGB_horisontal-e1734526017575.png\",\"contentUrl\":\"https:\\\/\\\/vmsport.fi\\\/wp-content\\\/uploads\\\/2024\\\/12\\\/vm_sport_RGB_horisontal-e1734526017575.png\",\"width\":668,\"height\":85,\"caption\":\"Vmsport\"},\"image\":{\"@id\":\"https:\\\/\\\/vmsport.fi\\\/#\\\/schema\\\/logo\\\/image\\\/\"},\"sameAs\":[\"https:\\\/\\\/www.facebook.com\\\/Vmsport.fi\\\/\",\"https:\\\/\\\/www.instagram.com\\\/vmsport\\\/\"]}]}<\/script>\n<!-- \/ Yoast SEO plugin. -->","yoast_head_json":{"title":"Deity Black Kat Polkimet - VM Sport","description":"Deity Black Kat polkimet ovat kevyet, kest\u00e4v\u00e4t ja pit\u00e4v\u00e4t fl\u00e4ttipolkimet tekniseen ajoon. Mukana varapiikit \u2013 suunniteltu kest\u00e4m\u00e4\u00e4n pitk\u00e4\u00e4n.","robots":{"index":"index","follow":"follow","max-snippet":"max-snippet:-1","max-image-preview":"max-image-preview:large","max-video-preview":"max-video-preview:-1"},"canonical":"https:\/\/vmsport.fi\/sv\/webbutik\/reservdelar\/pedaler\/platta-bmx-och-dh-pedaler\/deity-black-kat-polkimet\/","og_locale":"sv_SE","og_type":"article","og_title":"Deity Black Kat Polkimet - VM Sport","og_description":"Deity Black Kat polkimet ovat kevyet, kest\u00e4v\u00e4t ja pit\u00e4v\u00e4t fl\u00e4ttipolkimet tekniseen ajoon. Mukana varapiikit \u2013 suunniteltu kest\u00e4m\u00e4\u00e4n pitk\u00e4\u00e4n.","og_url":"https:\/\/vmsport.fi\/sv\/webbutik\/reservdelar\/pedaler\/platta-bmx-och-dh-pedaler\/deity-black-kat-polkimet\/","og_site_name":"VM Sport","article_publisher":"https:\/\/www.facebook.com\/Vmsport.fi\/","article_modified_time":"2026-04-22T12:33:11+00:00","og_image":[{"width":800,"height":800,"url":"https:\/\/vmsport.fi\/wp-content\/uploads\/2025\/09\/deity-kat.jpg","type":"image\/jpeg"}],"twitter_card":"summary_large_image","twitter_misc":{"Ber\u00e4knad l\u00e4stid":"1 minut"},"schema":{"@context":"https:\/\/schema.org","@graph":[{"@type":["WebPage","ItemPage"],"@id":"https:\/\/vmsport.fi\/verkkokauppa\/varaosat\/polkimet\/flat-bmx-ja-dh-polkimet\/deity-black-kat-polkimet\/","url":"https:\/\/vmsport.fi\/verkkokauppa\/varaosat\/polkimet\/flat-bmx-ja-dh-polkimet\/deity-black-kat-polkimet\/","name":"Deity Black Kat Polkimet - VM Sport","isPartOf":{"@id":"https:\/\/vmsport.fi\/#website"},"primaryImageOfPage":{"@id":"https:\/\/vmsport.fi\/verkkokauppa\/varaosat\/polkimet\/flat-bmx-ja-dh-polkimet\/deity-black-kat-polkimet\/#primaryimage"},"image":{"@id":"https:\/\/vmsport.fi\/verkkokauppa\/varaosat\/polkimet\/flat-bmx-ja-dh-polkimet\/deity-black-kat-polkimet\/#primaryimage"},"thumbnailUrl":"https:\/\/vmsport.fi\/wp-content\/uploads\/2025\/09\/deity-kat.jpg","datePublished":"2025-09-25T07:46:22+00:00","dateModified":"2026-04-22T12:33:11+00:00","description":"Deity Black Kat polkimet ovat kevyet, kest\u00e4v\u00e4t ja pit\u00e4v\u00e4t fl\u00e4ttipolkimet tekniseen ajoon. Mukana varapiikit \u2013 suunniteltu kest\u00e4m\u00e4\u00e4n pitk\u00e4\u00e4n.","breadcrumb":{"@id":"https:\/\/vmsport.fi\/verkkokauppa\/varaosat\/polkimet\/flat-bmx-ja-dh-polkimet\/deity-black-kat-polkimet\/#breadcrumb"},"inLanguage":"sv-SE","potentialAction":[{"@type":"ReadAction","target":["https:\/\/vmsport.fi\/verkkokauppa\/varaosat\/polkimet\/flat-bmx-ja-dh-polkimet\/deity-black-kat-polkimet\/"]}]},{"@type":"ImageObject","inLanguage":"sv-SE","@id":"https:\/\/vmsport.fi\/verkkokauppa\/varaosat\/polkimet\/flat-bmx-ja-dh-polkimet\/deity-black-kat-polkimet\/#primaryimage","url":"https:\/\/vmsport.fi\/wp-content\/uploads\/2025\/09\/deity-kat.jpg","contentUrl":"https:\/\/vmsport.fi\/wp-content\/uploads\/2025\/09\/deity-kat.jpg","width":800,"height":800,"caption":"deity-kat"},{"@type":"BreadcrumbList","@id":"https:\/\/vmsport.fi\/verkkokauppa\/varaosat\/polkimet\/flat-bmx-ja-dh-polkimet\/deity-black-kat-polkimet\/#breadcrumb","itemListElement":[{"@type":"ListItem","position":1,"name":"Etusivu","item":"https:\/\/vmsport.fi\/"},{"@type":"ListItem","position":2,"name":"Online Store","item":"https:\/\/vmsport.fi\/en\/online-store\/"},{"@type":"ListItem","position":3,"name":"Deity Components","item":"https:\/\/vmsport.fi\/merkki\/deity\/"},{"@type":"ListItem","position":4,"name":"Deity Black Kat Polkimet"}]},{"@type":"WebSite","@id":"https:\/\/vmsport.fi\/#website","url":"https:\/\/vmsport.fi\/","name":"Vmsport","description":"Allt p\u00e5 ett st\u00e4lle f\u00f6r cykling","publisher":{"@id":"https:\/\/vmsport.fi\/#organization"},"potentialAction":[{"@type":"SearchAction","target":{"@type":"EntryPoint","urlTemplate":"https:\/\/vmsport.fi\/?s={search_term_string}"},"query-input":{"@type":"PropertyValueSpecification","valueRequired":true,"valueName":"search_term_string"}}],"inLanguage":"sv-SE"},{"@type":"Organization","@id":"https:\/\/vmsport.fi\/#organization","name":"Vmsport","url":"https:\/\/vmsport.fi\/","logo":{"@type":"ImageObject","inLanguage":"sv-SE","@id":"https:\/\/vmsport.fi\/#\/schema\/logo\/image\/","url":"https:\/\/vmsport.fi\/wp-content\/uploads\/2024\/12\/vm_sport_RGB_horisontal-e1734526017575.png","contentUrl":"https:\/\/vmsport.fi\/wp-content\/uploads\/2024\/12\/vm_sport_RGB_horisontal-e1734526017575.png","width":668,"height":85,"caption":"Vmsport"},"image":{"@id":"https:\/\/vmsport.fi\/#\/schema\/logo\/image\/"},"sameAs":["https:\/\/www.facebook.com\/Vmsport.fi\/","https:\/\/www.instagram.com\/vmsport\/"]}]}},"global_unique_id":"","_links":{"self":[{"href":"https:\/\/vmsport.fi\/sv\/wp-json\/wp\/v2\/product\/60784","targetHints":{"allow":["GET"]}}],"collection":[{"href":"https:\/\/vmsport.fi\/sv\/wp-json\/wp\/v2\/product"}],"about":[{"href":"https:\/\/vmsport.fi\/sv\/wp-json\/wp\/v2\/types\/product"}],"replies":[{"embeddable":true,"href":"https:\/\/vmsport.fi\/sv\/wp-json\/wp\/v2\/comments?post=60784"}],"wp:featuredmedia":[{"embeddable":true,"href":"https:\/\/vmsport.fi\/sv\/wp-json\/wp\/v2\/media\/60943"}],"wp:attachment":[{"href":"https:\/\/vmsport.fi\/sv\/wp-json\/wp\/v2\/media?parent=60784"}],"wp:term":[{"taxonomy":"product_brand","embeddable":true,"href":"https:\/\/vmsport.fi\/sv\/wp-json\/wp\/v2\/product_brand?post=60784"},{"taxonomy":"product_model","embeddable":true,"href":"https:\/\/vmsport.fi\/sv\/wp-json\/wp\/v2\/product_model?post=60784"},{"taxonomy":"product_cat","embeddable":true,"href":"https:\/\/vmsport.fi\/sv\/wp-json\/wp\/v2\/product_cat?post=60784"},{"taxonomy":"product_tag","embeddable":true,"href":"https:\/\/vmsport.fi\/sv\/wp-json\/wp\/v2\/product_tag?post=60784"},{"taxonomy":"industry_terminology","embeddable":true,"href":"https:\/\/vmsport.fi\/sv\/wp-json\/wp\/v2\/industry-terminology?post=60784"}],"curies":[{"name":"wp","href":"https:\/\/api.w.org\/{rel}","templated":true}]}}