{"id":60780,"date":"2025-09-25T10:46:20","date_gmt":"2025-09-25T07:46:20","guid":{"rendered":"https:\/\/vmsport.fi\/verkkokauppa\/Ei-luokiteltu\/deity-copperhead-35mm-31-8-stem\/"},"modified":"2026-04-22T15:31:18","modified_gmt":"2026-04-22T12:31:18","slug":"deity-kopparhuvud-35mm-31-8-skaft","status":"publish","type":"product","link":"https:\/\/vmsport.fi\/sv\/verkkokauppa\/varaosat\/ohjaamo\/ohjainkannattimet\/deity-copperhead-35mm-31-8-stem\/","title":{"rendered":"Deity Copperhead 35 mm 31,8 styrstam"},"content":{"rendered":"<p class=\"p1\"><span class=\"s1\"><b>Deity Copperhead 31,8 mm styrf\u00e4ste<\/b><\/span> \u00e4r det prisbel\u00f6nta och hyllade valet n\u00e4r du vill ha en l\u00e4tt men h\u00e5llbar styrstam f\u00f6r teknisk terr\u00e4ngk\u00f6rning. Dess extremt l\u00e5ga profil, exakta passform och styva konstruktion g\u00f6r den till den perfekta styrkomponenten <span class=\"s1\"><b>trail-, enduro- och all-mountain-cykling<\/b><\/span>.<\/p>\n<p class=\"p1\">CNC-bearbetat 6061-T6-aluminium ger h\u00e5llbarhet utan extra gram. Copperhead 31,8 mm \u00e4r k\u00e4nd f\u00f6r sin utm\u00e4rkta k\u00f6rk\u00e4nsla och sitt polerade utseende, och passar perfekt ihop med andra Deity-komponenter. Detta styre \u00e4r inte bara l\u00e4ttviktigt - det \u00e4r ocks\u00e5 <span class=\"s1\"><b>en av de starkaste p\u00e5 marknaden f\u00f6r sin storlek.<\/b><\/span><\/p>","protected":false},"excerpt":{"rendered":"<p>Deity Copperhead 31.8mm ohjainkannatin on palkittu ja ylistetty valinta, kun haluat kevyen mutta kest\u00e4v\u00e4n stemin tekniseen maastoajoon. Sen eritt\u00e4in matala profiili, tarkka istuvuus ja j\u00e4ykk\u00e4 rakenne tekev\u00e4t siit\u00e4 t\u00e4ydellisen ohjauskomponentin trail-, enduro- ja all-mountain-ajoon. CNC-koneistettu 6061-T6-alumiini takaa kest\u00e4vyyden ilman ylim\u00e4\u00e4r\u00e4isi\u00e4 grammoja. Copperhead 31.8mm tunnetaan erinomaisesta ajotuntumasta ja viimeistellyst\u00e4 ulkon\u00e4\u00f6st\u00e4\u00e4n, ja se sopii erinomaisesti yhteen muiden [&#8230;]<\/p>\n<p><a class=\"btn btn-secondary understrap-read-more-link\" href=\"https:\/\/vmsport.fi\/sv\/verkkokauppa\/varaosat\/ohjaamo\/ohjainkannattimet\/deity-copperhead-35mm-31-8-stem\/\">L\u00e4s mer \u2026<span class=\"screen-reader-text\"> from Deity Copperhead 35mm 31.8 Stem<\/span><\/a><\/p>\n","protected":false},"featured_media":60981,"comment_status":"open","ping_status":"closed","template":"","meta":{"_acf_changed":false,"_improvement_type_select":"improve_an_existing","_thumb_yes_seoaic":false,"_frame_yes_seoaic":false,"seoaic_generate_description":"","seoaic_improve_instructions_prompt":"","seoaic_rollback_content_improvement":"","seoaic_idea_thumbnail_generator":"","thumbnail_generated":false,"thumbnail_generate_prompt":"","seoaic_article_description":"","_supplier_stock_quantity":0},"product_brand":[9900],"product_model":[],"product_cat":[9432],"product_tag":[],"industry-terminology":[],"class_list":{"0":"post-60780","1":"product","2":"type-product","3":"status-publish","4":"has-post-thumbnail","6":"product_brand-deity","7":"product_cat-ohjainkannattimet","9":"first","10":"instock","11":"taxable","12":"shipping-taxable","13":"purchasable","14":"product-type-variable"},"acf":{"bike_features":null,"overview":{"copy_overview":null,"key_features":null,"statement":"","youtube_url":""}},"yoast_head":"<!-- This site is optimized with the Yoast SEO plugin v27.4 - https:\/\/yoast.com\/product\/yoast-seo-wordpress\/ -->\n<title>Deity Copperhead 35mm 31.8 Stem - VM Sport<\/title>\n<meta name=\"description\" content=\"Deity Copperhead 31.8mm ohjainkannatin on kevyt, kest\u00e4v\u00e4 ja tarkkareaktioinen valinta trail- ja enduroajoon. Laadukas viimeistely ja loistava tuntuma.\" \/>\n<meta name=\"robots\" content=\"index, follow, max-snippet:-1, max-image-preview:large, max-video-preview:-1\" \/>\n<link rel=\"canonical\" href=\"https:\/\/vmsport.fi\/sv\/webbutik\/reservdelar\/taxi\/styrfasten\/deity-kopparhuvud-35mm-31-8-skaft\/\" \/>\n<meta property=\"og:locale\" content=\"sv_SE\" \/>\n<meta property=\"og:type\" content=\"article\" \/>\n<meta property=\"og:title\" content=\"Deity Copperhead 35mm 31.8 Stem - VM Sport\" \/>\n<meta property=\"og:description\" content=\"Deity Copperhead 31.8mm ohjainkannatin on kevyt, kest\u00e4v\u00e4 ja tarkkareaktioinen valinta trail- ja enduroajoon. Laadukas viimeistely ja loistava tuntuma.\" \/>\n<meta property=\"og:url\" content=\"https:\/\/vmsport.fi\/sv\/webbutik\/reservdelar\/taxi\/styrfasten\/deity-kopparhuvud-35mm-31-8-skaft\/\" \/>\n<meta property=\"og:site_name\" content=\"VM Sport\" \/>\n<meta property=\"article:publisher\" content=\"https:\/\/www.facebook.com\/Vmsport.fi\/\" \/>\n<meta property=\"article:modified_time\" content=\"2026-04-22T12:31:18+00:00\" \/>\n<meta property=\"og:image\" content=\"https:\/\/vmsport.fi\/wp-content\/uploads\/2025\/09\/deity-copperhead-31-8.jpg\" \/>\n\t<meta property=\"og:image:width\" content=\"800\" \/>\n\t<meta property=\"og:image:height\" content=\"800\" \/>\n\t<meta property=\"og:image:type\" content=\"image\/jpeg\" \/>\n<meta name=\"twitter:card\" content=\"summary_large_image\" \/>\n<meta name=\"twitter:label1\" content=\"Ber\u00e4knad l\u00e4stid\" \/>\n\t<meta name=\"twitter:data1\" content=\"1 minut\" \/>\n<script type=\"application\/ld+json\" class=\"yoast-schema-graph\">{\"@context\":\"https:\\\/\\\/schema.org\",\"@graph\":[{\"@type\":[\"WebPage\",\"ItemPage\"],\"@id\":\"https:\\\/\\\/vmsport.fi\\\/verkkokauppa\\\/varaosat\\\/ohjaamo\\\/ohjainkannattimet\\\/deity-copperhead-35mm-31-8-stem\\\/\",\"url\":\"https:\\\/\\\/vmsport.fi\\\/verkkokauppa\\\/varaosat\\\/ohjaamo\\\/ohjainkannattimet\\\/deity-copperhead-35mm-31-8-stem\\\/\",\"name\":\"Deity Copperhead 35mm 31.8 Stem - VM Sport\",\"isPartOf\":{\"@id\":\"https:\\\/\\\/vmsport.fi\\\/#website\"},\"primaryImageOfPage\":{\"@id\":\"https:\\\/\\\/vmsport.fi\\\/verkkokauppa\\\/varaosat\\\/ohjaamo\\\/ohjainkannattimet\\\/deity-copperhead-35mm-31-8-stem\\\/#primaryimage\"},\"image\":{\"@id\":\"https:\\\/\\\/vmsport.fi\\\/verkkokauppa\\\/varaosat\\\/ohjaamo\\\/ohjainkannattimet\\\/deity-copperhead-35mm-31-8-stem\\\/#primaryimage\"},\"thumbnailUrl\":\"https:\\\/\\\/vmsport.fi\\\/wp-content\\\/uploads\\\/2025\\\/09\\\/deity-copperhead-31-8.jpg\",\"datePublished\":\"2025-09-25T07:46:20+00:00\",\"dateModified\":\"2026-04-22T12:31:18+00:00\",\"description\":\"Deity Copperhead 31.8mm ohjainkannatin on kevyt, kest\u00e4v\u00e4 ja tarkkareaktioinen valinta trail- ja enduroajoon. Laadukas viimeistely ja loistava tuntuma.\",\"breadcrumb\":{\"@id\":\"https:\\\/\\\/vmsport.fi\\\/verkkokauppa\\\/varaosat\\\/ohjaamo\\\/ohjainkannattimet\\\/deity-copperhead-35mm-31-8-stem\\\/#breadcrumb\"},\"inLanguage\":\"sv-SE\",\"potentialAction\":[{\"@type\":\"ReadAction\",\"target\":[\"https:\\\/\\\/vmsport.fi\\\/verkkokauppa\\\/varaosat\\\/ohjaamo\\\/ohjainkannattimet\\\/deity-copperhead-35mm-31-8-stem\\\/\"]}]},{\"@type\":\"ImageObject\",\"inLanguage\":\"sv-SE\",\"@id\":\"https:\\\/\\\/vmsport.fi\\\/verkkokauppa\\\/varaosat\\\/ohjaamo\\\/ohjainkannattimet\\\/deity-copperhead-35mm-31-8-stem\\\/#primaryimage\",\"url\":\"https:\\\/\\\/vmsport.fi\\\/wp-content\\\/uploads\\\/2025\\\/09\\\/deity-copperhead-31-8.jpg\",\"contentUrl\":\"https:\\\/\\\/vmsport.fi\\\/wp-content\\\/uploads\\\/2025\\\/09\\\/deity-copperhead-31-8.jpg\",\"width\":800,\"height\":800,\"caption\":\"deity-copperhead-31-8\"},{\"@type\":\"BreadcrumbList\",\"@id\":\"https:\\\/\\\/vmsport.fi\\\/verkkokauppa\\\/varaosat\\\/ohjaamo\\\/ohjainkannattimet\\\/deity-copperhead-35mm-31-8-stem\\\/#breadcrumb\",\"itemListElement\":[{\"@type\":\"ListItem\",\"position\":1,\"name\":\"Etusivu\",\"item\":\"https:\\\/\\\/vmsport.fi\\\/\"},{\"@type\":\"ListItem\",\"position\":2,\"name\":\"Online Store\",\"item\":\"https:\\\/\\\/vmsport.fi\\\/en\\\/online-store\\\/\"},{\"@type\":\"ListItem\",\"position\":3,\"name\":\"Deity Components\",\"item\":\"https:\\\/\\\/vmsport.fi\\\/merkki\\\/deity\\\/\"},{\"@type\":\"ListItem\",\"position\":4,\"name\":\"Deity Copperhead 35mm 31.8 Stem\"}]},{\"@type\":\"WebSite\",\"@id\":\"https:\\\/\\\/vmsport.fi\\\/#website\",\"url\":\"https:\\\/\\\/vmsport.fi\\\/\",\"name\":\"Vmsport\",\"description\":\"Kaikki py\u00f6r\u00e4ilyyn yhdest\u00e4 paikasta\",\"publisher\":{\"@id\":\"https:\\\/\\\/vmsport.fi\\\/#organization\"},\"potentialAction\":[{\"@type\":\"SearchAction\",\"target\":{\"@type\":\"EntryPoint\",\"urlTemplate\":\"https:\\\/\\\/vmsport.fi\\\/?s={search_term_string}\"},\"query-input\":{\"@type\":\"PropertyValueSpecification\",\"valueRequired\":true,\"valueName\":\"search_term_string\"}}],\"inLanguage\":\"sv-SE\"},{\"@type\":\"Organization\",\"@id\":\"https:\\\/\\\/vmsport.fi\\\/#organization\",\"name\":\"Vmsport\",\"url\":\"https:\\\/\\\/vmsport.fi\\\/\",\"logo\":{\"@type\":\"ImageObject\",\"inLanguage\":\"sv-SE\",\"@id\":\"https:\\\/\\\/vmsport.fi\\\/#\\\/schema\\\/logo\\\/image\\\/\",\"url\":\"https:\\\/\\\/vmsport.fi\\\/wp-content\\\/uploads\\\/2024\\\/12\\\/vm_sport_RGB_horisontal-e1734526017575.png\",\"contentUrl\":\"https:\\\/\\\/vmsport.fi\\\/wp-content\\\/uploads\\\/2024\\\/12\\\/vm_sport_RGB_horisontal-e1734526017575.png\",\"width\":668,\"height\":85,\"caption\":\"Vmsport\"},\"image\":{\"@id\":\"https:\\\/\\\/vmsport.fi\\\/#\\\/schema\\\/logo\\\/image\\\/\"},\"sameAs\":[\"https:\\\/\\\/www.facebook.com\\\/Vmsport.fi\\\/\",\"https:\\\/\\\/www.instagram.com\\\/vmsport\\\/\"]}]}<\/script>\n<!-- \/ Yoast SEO plugin. -->","yoast_head_json":{"title":"Deity Copperhead 35 mm 31,8 styrstam - VM Sport","description":"Deity Copperhead 31,8 mm styrf\u00e4ste \u00e4r ett l\u00e4tt, h\u00e5llbart och responsivt val f\u00f6r trail- och endurok\u00f6rning. H\u00f6gkvalitativ finish och bra k\u00e4nsla.","robots":{"index":"index","follow":"follow","max-snippet":"max-snippet:-1","max-image-preview":"max-image-preview:large","max-video-preview":"max-video-preview:-1"},"canonical":"https:\/\/vmsport.fi\/sv\/webbutik\/reservdelar\/taxi\/styrfasten\/deity-kopparhuvud-35mm-31-8-skaft\/","og_locale":"sv_SE","og_type":"article","og_title":"Deity Copperhead 35mm 31.8 Stem - VM Sport","og_description":"Deity Copperhead 31.8mm ohjainkannatin on kevyt, kest\u00e4v\u00e4 ja tarkkareaktioinen valinta trail- ja enduroajoon. Laadukas viimeistely ja loistava tuntuma.","og_url":"https:\/\/vmsport.fi\/sv\/webbutik\/reservdelar\/taxi\/styrfasten\/deity-kopparhuvud-35mm-31-8-skaft\/","og_site_name":"VM Sport","article_publisher":"https:\/\/www.facebook.com\/Vmsport.fi\/","article_modified_time":"2026-04-22T12:31:18+00:00","og_image":[{"width":800,"height":800,"url":"https:\/\/vmsport.fi\/wp-content\/uploads\/2025\/09\/deity-copperhead-31-8.jpg","type":"image\/jpeg"}],"twitter_card":"summary_large_image","twitter_misc":{"Ber\u00e4knad l\u00e4stid":"1 minut"},"schema":{"@context":"https:\/\/schema.org","@graph":[{"@type":["WebPage","ItemPage"],"@id":"https:\/\/vmsport.fi\/verkkokauppa\/varaosat\/ohjaamo\/ohjainkannattimet\/deity-copperhead-35mm-31-8-stem\/","url":"https:\/\/vmsport.fi\/verkkokauppa\/varaosat\/ohjaamo\/ohjainkannattimet\/deity-copperhead-35mm-31-8-stem\/","name":"Deity Copperhead 35 mm 31,8 styrstam - VM Sport","isPartOf":{"@id":"https:\/\/vmsport.fi\/#website"},"primaryImageOfPage":{"@id":"https:\/\/vmsport.fi\/verkkokauppa\/varaosat\/ohjaamo\/ohjainkannattimet\/deity-copperhead-35mm-31-8-stem\/#primaryimage"},"image":{"@id":"https:\/\/vmsport.fi\/verkkokauppa\/varaosat\/ohjaamo\/ohjainkannattimet\/deity-copperhead-35mm-31-8-stem\/#primaryimage"},"thumbnailUrl":"https:\/\/vmsport.fi\/wp-content\/uploads\/2025\/09\/deity-copperhead-31-8.jpg","datePublished":"2025-09-25T07:46:20+00:00","dateModified":"2026-04-22T12:31:18+00:00","description":"Deity Copperhead 31,8 mm styrf\u00e4ste \u00e4r ett l\u00e4tt, h\u00e5llbart och responsivt val f\u00f6r trail- och endurok\u00f6rning. H\u00f6gkvalitativ finish och bra k\u00e4nsla.","breadcrumb":{"@id":"https:\/\/vmsport.fi\/verkkokauppa\/varaosat\/ohjaamo\/ohjainkannattimet\/deity-copperhead-35mm-31-8-stem\/#breadcrumb"},"inLanguage":"sv-SE","potentialAction":[{"@type":"ReadAction","target":["https:\/\/vmsport.fi\/verkkokauppa\/varaosat\/ohjaamo\/ohjainkannattimet\/deity-copperhead-35mm-31-8-stem\/"]}]},{"@type":"ImageObject","inLanguage":"sv-SE","@id":"https:\/\/vmsport.fi\/verkkokauppa\/varaosat\/ohjaamo\/ohjainkannattimet\/deity-copperhead-35mm-31-8-stem\/#primaryimage","url":"https:\/\/vmsport.fi\/wp-content\/uploads\/2025\/09\/deity-copperhead-31-8.jpg","contentUrl":"https:\/\/vmsport.fi\/wp-content\/uploads\/2025\/09\/deity-copperhead-31-8.jpg","width":800,"height":800,"caption":"deity-copperhead-31-8"},{"@type":"BreadcrumbList","@id":"https:\/\/vmsport.fi\/verkkokauppa\/varaosat\/ohjaamo\/ohjainkannattimet\/deity-copperhead-35mm-31-8-stem\/#breadcrumb","itemListElement":[{"@type":"ListItem","position":1,"name":"Etusivu","item":"https:\/\/vmsport.fi\/"},{"@type":"ListItem","position":2,"name":"Online Store","item":"https:\/\/vmsport.fi\/en\/online-store\/"},{"@type":"ListItem","position":3,"name":"Deity Components","item":"https:\/\/vmsport.fi\/merkki\/deity\/"},{"@type":"ListItem","position":4,"name":"Deity Copperhead 35mm 31.8 Stem"}]},{"@type":"WebSite","@id":"https:\/\/vmsport.fi\/#website","url":"https:\/\/vmsport.fi\/","name":"Vmsport","description":"Allt p\u00e5 ett st\u00e4lle f\u00f6r cykling","publisher":{"@id":"https:\/\/vmsport.fi\/#organization"},"potentialAction":[{"@type":"SearchAction","target":{"@type":"EntryPoint","urlTemplate":"https:\/\/vmsport.fi\/?s={search_term_string}"},"query-input":{"@type":"PropertyValueSpecification","valueRequired":true,"valueName":"search_term_string"}}],"inLanguage":"sv-SE"},{"@type":"Organization","@id":"https:\/\/vmsport.fi\/#organization","name":"Vmsport","url":"https:\/\/vmsport.fi\/","logo":{"@type":"ImageObject","inLanguage":"sv-SE","@id":"https:\/\/vmsport.fi\/#\/schema\/logo\/image\/","url":"https:\/\/vmsport.fi\/wp-content\/uploads\/2024\/12\/vm_sport_RGB_horisontal-e1734526017575.png","contentUrl":"https:\/\/vmsport.fi\/wp-content\/uploads\/2024\/12\/vm_sport_RGB_horisontal-e1734526017575.png","width":668,"height":85,"caption":"Vmsport"},"image":{"@id":"https:\/\/vmsport.fi\/#\/schema\/logo\/image\/"},"sameAs":["https:\/\/www.facebook.com\/Vmsport.fi\/","https:\/\/www.instagram.com\/vmsport\/"]}]}},"global_unique_id":"","_links":{"self":[{"href":"https:\/\/vmsport.fi\/sv\/wp-json\/wp\/v2\/product\/60780","targetHints":{"allow":["GET"]}}],"collection":[{"href":"https:\/\/vmsport.fi\/sv\/wp-json\/wp\/v2\/product"}],"about":[{"href":"https:\/\/vmsport.fi\/sv\/wp-json\/wp\/v2\/types\/product"}],"replies":[{"embeddable":true,"href":"https:\/\/vmsport.fi\/sv\/wp-json\/wp\/v2\/comments?post=60780"}],"wp:featuredmedia":[{"embeddable":true,"href":"https:\/\/vmsport.fi\/sv\/wp-json\/wp\/v2\/media\/60981"}],"wp:attachment":[{"href":"https:\/\/vmsport.fi\/sv\/wp-json\/wp\/v2\/media?parent=60780"}],"wp:term":[{"taxonomy":"product_brand","embeddable":true,"href":"https:\/\/vmsport.fi\/sv\/wp-json\/wp\/v2\/product_brand?post=60780"},{"taxonomy":"product_model","embeddable":true,"href":"https:\/\/vmsport.fi\/sv\/wp-json\/wp\/v2\/product_model?post=60780"},{"taxonomy":"product_cat","embeddable":true,"href":"https:\/\/vmsport.fi\/sv\/wp-json\/wp\/v2\/product_cat?post=60780"},{"taxonomy":"product_tag","embeddable":true,"href":"https:\/\/vmsport.fi\/sv\/wp-json\/wp\/v2\/product_tag?post=60780"},{"taxonomy":"industry_terminology","embeddable":true,"href":"https:\/\/vmsport.fi\/sv\/wp-json\/wp\/v2\/industry-terminology?post=60780"}],"curies":[{"name":"wp","href":"https:\/\/api.w.org\/{rel}","templated":true}]}}