{"id":59850,"date":"2025-07-17T12:57:06","date_gmt":"2025-07-17T09:57:06","guid":{"rendered":"https:\/\/vmsport.fi\/verkkokauppa\/Ei-luokiteltu\/trek-marlin-6-gen-3-lava-2\/"},"modified":"2026-03-25T17:48:15","modified_gmt":"2026-03-25T15:48:15","slug":"trek-marlin-6-gen-3-lava-2","status":"publish","type":"product","link":"https:\/\/vmsport.fi\/sv\/verkkokauppa\/polkupyorat\/maastopyorat\/etujousitetut-maastopyorat\/trek-marlin-6-gen-3-lava-2\/","title":{"rendered":"Trek Marlin 6 Gen 3 - Lava"},"content":{"rendered":"<p>Marlin 6 Gen 3 sopii eri pituisille ajajille, koska se on saatavilla useissa koossa, joissa on optimaalinen kiekon koko ja s\u00e4\u00e4dett\u00e4v\u00e4t komponentit pienemmille kuskeille. Py\u00f6r\u00e4n alumiinirunko on vahva ja se sis\u00e4lt\u00e4\u00e4 sis\u00e4isen vaijerireitityksen, joka suojaa vaijerit ja parantaa ulkon\u00e4k\u00f6\u00e4. Shimano CUES voimansiirto tarjoaa koko 10-vaihteisen LINKGLIDE-j\u00e4rjestelm\u00e4n, jonka ansiosta vaihdot ovat kest\u00e4vi\u00e4 ja luotettavia. RockShox Judy joustohaarukka tarjoaa 100 mm jouston sek\u00e4 lukitusmahdollisuuden, mik\u00e4 auttaa hallitsemaan eri maastoja. Shimano MT200 hydrauliset levyjarrut takaavat tehokkaan pys\u00e4ytyksen. Ymp\u00e4rist\u00f6yst\u00e4v\u00e4llinen valmistusprosessi alumiinille osaltaan v\u00e4hent\u00e4\u00e4 py\u00f6r\u00e4n hiilijalanj\u00e4lke\u00e4.<\/p>","protected":false},"excerpt":{"rendered":"<p>Monipuolinen maastopy\u00f6r\u00e4 eri kokoisille ajajille, varustettu Shimano CUES 10-vaihteisella voimansiirrolla ja RockShox joustohaarukalla. [&#8230;]<\/p>\n<p><a class=\"btn btn-secondary understrap-read-more-link\" href=\"https:\/\/vmsport.fi\/sv\/verkkokauppa\/polkupyorat\/maastopyorat\/etujousitetut-maastopyorat\/trek-marlin-6-gen-3-lava-2\/\">L\u00e4s mer \u2026<span class=\"screen-reader-text\"> from Trek Marlin 6 Gen 3 &#8211; Lava<\/span><\/a><\/p>\n","protected":false},"featured_media":59849,"comment_status":"open","ping_status":"closed","template":"","meta":{"_acf_changed":false,"_improvement_type_select":"improve_an_existing","_thumb_yes_seoaic":false,"_frame_yes_seoaic":false,"seoaic_generate_description":"","seoaic_improve_instructions_prompt":"","seoaic_rollback_content_improvement":"","seoaic_idea_thumbnail_generator":"","thumbnail_generated":false,"thumbnail_generate_prompt":"","seoaic_article_description":"","_supplier_stock_quantity":0},"product_brand":[37],"product_model":[1545],"product_cat":[9404],"product_tag":[],"industry-terminology":[],"class_list":{"0":"post-59850","1":"product","2":"type-product","3":"status-publish","4":"has-post-thumbnail","6":"product_brand-trek","7":"product_model-marlin","8":"product_cat-etujousitetut-maastopyorat","10":"first","11":"instock","12":"taxable","13":"shipping-taxable","14":"purchasable","15":"product-type-variable"},"acf":{"bike_features":null,"overview":{"copy_overview":null,"key_features":null,"statement":"","youtube_url":""}},"yoast_head":"<!-- This site is optimized with the Yoast SEO plugin v27.3 - https:\/\/yoast.com\/product\/yoast-seo-wordpress\/ -->\n<title>Trek Marlin 6 Gen 3 - Lava - VM Sport<\/title>\n<meta name=\"robots\" content=\"index, follow, max-snippet:-1, max-image-preview:large, max-video-preview:-1\" \/>\n<link rel=\"canonical\" href=\"https:\/\/vmsport.fi\/sv\/webbutik\/cyklar\/landskap-cikoria\/framfjadrade-terrangband-for-alla-typer-av-terrang\/trek-marlin-6-gen-3-lava-2\/\" \/>\n<meta property=\"og:locale\" content=\"sv_SE\" \/>\n<meta property=\"og:type\" content=\"article\" \/>\n<meta property=\"og:title\" content=\"Trek Marlin 6 Gen 3 - Lava - VM Sport\" \/>\n<meta property=\"og:description\" content=\"Monipuolinen maastopy\u00f6r\u00e4 eri kokoisille ajajille, varustettu Shimano CUES 10-vaihteisella voimansiirrolla ja RockShox joustohaarukalla. [...]L\u00e4s mer \u2026 from Trek Marlin 6 Gen 3 &#8211; Lava\" \/>\n<meta property=\"og:url\" content=\"https:\/\/vmsport.fi\/sv\/webbutik\/cyklar\/landskap-cikoria\/framfjadrade-terrangband-for-alla-typer-av-terrang\/trek-marlin-6-gen-3-lava-2\/\" \/>\n<meta property=\"og:site_name\" content=\"VM Sport\" \/>\n<meta property=\"article:publisher\" content=\"https:\/\/www.facebook.com\/Vmsport.fi\/\" \/>\n<meta property=\"article:modified_time\" content=\"2026-03-25T15:48:15+00:00\" \/>\n<meta property=\"og:image\" content=\"https:\/\/vmsport.fi\/wp-content\/uploads\/2025\/07\/Jp9qn3Z7u9qtNShNk9caFyJliDEpkKP6jUSHVlUaLMwI4ZC6a2.jpg\" \/>\n\t<meta property=\"og:image:width\" content=\"1000\" \/>\n\t<meta property=\"og:image:height\" content=\"750\" \/>\n\t<meta property=\"og:image:type\" content=\"image\/jpeg\" \/>\n<meta name=\"twitter:card\" content=\"summary_large_image\" \/>\n<meta name=\"twitter:label1\" content=\"Ber\u00e4knad l\u00e4stid\" \/>\n\t<meta name=\"twitter:data1\" content=\"1 minut\" \/>\n<script type=\"application\/ld+json\" class=\"yoast-schema-graph\">{\"@context\":\"https:\\\/\\\/schema.org\",\"@graph\":[{\"@type\":[\"WebPage\",\"ItemPage\"],\"@id\":\"https:\\\/\\\/vmsport.fi\\\/verkkokauppa\\\/polkupyorat\\\/maastopyorat\\\/etujousitetut-maastopyorat\\\/trek-marlin-6-gen-3-lava-2\\\/\",\"url\":\"https:\\\/\\\/vmsport.fi\\\/verkkokauppa\\\/polkupyorat\\\/maastopyorat\\\/etujousitetut-maastopyorat\\\/trek-marlin-6-gen-3-lava-2\\\/\",\"name\":\"Trek Marlin 6 Gen 3 - Lava - VM Sport\",\"isPartOf\":{\"@id\":\"https:\\\/\\\/vmsport.fi\\\/#website\"},\"primaryImageOfPage\":{\"@id\":\"https:\\\/\\\/vmsport.fi\\\/verkkokauppa\\\/polkupyorat\\\/maastopyorat\\\/etujousitetut-maastopyorat\\\/trek-marlin-6-gen-3-lava-2\\\/#primaryimage\"},\"image\":{\"@id\":\"https:\\\/\\\/vmsport.fi\\\/verkkokauppa\\\/polkupyorat\\\/maastopyorat\\\/etujousitetut-maastopyorat\\\/trek-marlin-6-gen-3-lava-2\\\/#primaryimage\"},\"thumbnailUrl\":\"https:\\\/\\\/vmsport.fi\\\/wp-content\\\/uploads\\\/2025\\\/07\\\/Jp9qn3Z7u9qtNShNk9caFyJliDEpkKP6jUSHVlUaLMwI4ZC6a2.jpg\",\"datePublished\":\"2025-07-17T09:57:06+00:00\",\"dateModified\":\"2026-03-25T15:48:15+00:00\",\"breadcrumb\":{\"@id\":\"https:\\\/\\\/vmsport.fi\\\/verkkokauppa\\\/polkupyorat\\\/maastopyorat\\\/etujousitetut-maastopyorat\\\/trek-marlin-6-gen-3-lava-2\\\/#breadcrumb\"},\"inLanguage\":\"sv-SE\",\"potentialAction\":[{\"@type\":\"ReadAction\",\"target\":[\"https:\\\/\\\/vmsport.fi\\\/verkkokauppa\\\/polkupyorat\\\/maastopyorat\\\/etujousitetut-maastopyorat\\\/trek-marlin-6-gen-3-lava-2\\\/\"]}]},{\"@type\":\"ImageObject\",\"inLanguage\":\"sv-SE\",\"@id\":\"https:\\\/\\\/vmsport.fi\\\/verkkokauppa\\\/polkupyorat\\\/maastopyorat\\\/etujousitetut-maastopyorat\\\/trek-marlin-6-gen-3-lava-2\\\/#primaryimage\",\"url\":\"https:\\\/\\\/vmsport.fi\\\/wp-content\\\/uploads\\\/2025\\\/07\\\/Jp9qn3Z7u9qtNShNk9caFyJliDEpkKP6jUSHVlUaLMwI4ZC6a2.jpg\",\"contentUrl\":\"https:\\\/\\\/vmsport.fi\\\/wp-content\\\/uploads\\\/2025\\\/07\\\/Jp9qn3Z7u9qtNShNk9caFyJliDEpkKP6jUSHVlUaLMwI4ZC6a2.jpg\",\"width\":1000,\"height\":750,\"caption\":\"Jp9qn3Z7u9qtNShNk9caFyJliDEpkKP6jUSHVlUaLMwI4ZC6a2\"},{\"@type\":\"BreadcrumbList\",\"@id\":\"https:\\\/\\\/vmsport.fi\\\/verkkokauppa\\\/polkupyorat\\\/maastopyorat\\\/etujousitetut-maastopyorat\\\/trek-marlin-6-gen-3-lava-2\\\/#breadcrumb\",\"itemListElement\":[{\"@type\":\"ListItem\",\"position\":1,\"name\":\"Etusivu\",\"item\":\"https:\\\/\\\/vmsport.fi\\\/\"},{\"@type\":\"ListItem\",\"position\":2,\"name\":\"Online Store\",\"item\":\"https:\\\/\\\/vmsport.fi\\\/en\\\/online-store\\\/\"},{\"@type\":\"ListItem\",\"position\":3,\"name\":\"Trek polkupy\u00f6r\u00e4t\",\"item\":\"https:\\\/\\\/vmsport.fi\\\/sv\\\/merkki\\\/trek\\\/\"},{\"@type\":\"ListItem\",\"position\":4,\"name\":\"Trek Marlin 6 Gen 3 &#8211; Lava\"}]},{\"@type\":\"WebSite\",\"@id\":\"https:\\\/\\\/vmsport.fi\\\/#website\",\"url\":\"https:\\\/\\\/vmsport.fi\\\/\",\"name\":\"Vmsport\",\"description\":\"Kaikki py\u00f6r\u00e4ilyyn yhdest\u00e4 paikasta\",\"publisher\":{\"@id\":\"https:\\\/\\\/vmsport.fi\\\/#organization\"},\"potentialAction\":[{\"@type\":\"SearchAction\",\"target\":{\"@type\":\"EntryPoint\",\"urlTemplate\":\"https:\\\/\\\/vmsport.fi\\\/?s={search_term_string}\"},\"query-input\":{\"@type\":\"PropertyValueSpecification\",\"valueRequired\":true,\"valueName\":\"search_term_string\"}}],\"inLanguage\":\"sv-SE\"},{\"@type\":\"Organization\",\"@id\":\"https:\\\/\\\/vmsport.fi\\\/#organization\",\"name\":\"Vmsport\",\"url\":\"https:\\\/\\\/vmsport.fi\\\/\",\"logo\":{\"@type\":\"ImageObject\",\"inLanguage\":\"sv-SE\",\"@id\":\"https:\\\/\\\/vmsport.fi\\\/#\\\/schema\\\/logo\\\/image\\\/\",\"url\":\"https:\\\/\\\/vmsport.fi\\\/wp-content\\\/uploads\\\/2024\\\/12\\\/vm_sport_RGB_horisontal-e1734526017575.png\",\"contentUrl\":\"https:\\\/\\\/vmsport.fi\\\/wp-content\\\/uploads\\\/2024\\\/12\\\/vm_sport_RGB_horisontal-e1734526017575.png\",\"width\":668,\"height\":85,\"caption\":\"Vmsport\"},\"image\":{\"@id\":\"https:\\\/\\\/vmsport.fi\\\/#\\\/schema\\\/logo\\\/image\\\/\"},\"sameAs\":[\"https:\\\/\\\/www.facebook.com\\\/Vmsport.fi\\\/\",\"https:\\\/\\\/www.instagram.com\\\/vmsport\\\/\"]}]}<\/script>\n<!-- \/ Yoast SEO plugin. -->","yoast_head_json":{"title":"Trek Marlin 6 Gen 3 - Lava - VM Sport","robots":{"index":"index","follow":"follow","max-snippet":"max-snippet:-1","max-image-preview":"max-image-preview:large","max-video-preview":"max-video-preview:-1"},"canonical":"https:\/\/vmsport.fi\/sv\/webbutik\/cyklar\/landskap-cikoria\/framfjadrade-terrangband-for-alla-typer-av-terrang\/trek-marlin-6-gen-3-lava-2\/","og_locale":"sv_SE","og_type":"article","og_title":"Trek Marlin 6 Gen 3 - Lava - VM Sport","og_description":"Monipuolinen maastopy\u00f6r\u00e4 eri kokoisille ajajille, varustettu Shimano CUES 10-vaihteisella voimansiirrolla ja RockShox joustohaarukalla. [...]L\u00e4s mer \u2026 from Trek Marlin 6 Gen 3 &#8211; Lava","og_url":"https:\/\/vmsport.fi\/sv\/webbutik\/cyklar\/landskap-cikoria\/framfjadrade-terrangband-for-alla-typer-av-terrang\/trek-marlin-6-gen-3-lava-2\/","og_site_name":"VM Sport","article_publisher":"https:\/\/www.facebook.com\/Vmsport.fi\/","article_modified_time":"2026-03-25T15:48:15+00:00","og_image":[{"width":1000,"height":750,"url":"https:\/\/vmsport.fi\/wp-content\/uploads\/2025\/07\/Jp9qn3Z7u9qtNShNk9caFyJliDEpkKP6jUSHVlUaLMwI4ZC6a2.jpg","type":"image\/jpeg"}],"twitter_card":"summary_large_image","twitter_misc":{"Ber\u00e4knad l\u00e4stid":"1 minut"},"schema":{"@context":"https:\/\/schema.org","@graph":[{"@type":["WebPage","ItemPage"],"@id":"https:\/\/vmsport.fi\/verkkokauppa\/polkupyorat\/maastopyorat\/etujousitetut-maastopyorat\/trek-marlin-6-gen-3-lava-2\/","url":"https:\/\/vmsport.fi\/verkkokauppa\/polkupyorat\/maastopyorat\/etujousitetut-maastopyorat\/trek-marlin-6-gen-3-lava-2\/","name":"Trek Marlin 6 Gen 3 - Lava - VM Sport","isPartOf":{"@id":"https:\/\/vmsport.fi\/#website"},"primaryImageOfPage":{"@id":"https:\/\/vmsport.fi\/verkkokauppa\/polkupyorat\/maastopyorat\/etujousitetut-maastopyorat\/trek-marlin-6-gen-3-lava-2\/#primaryimage"},"image":{"@id":"https:\/\/vmsport.fi\/verkkokauppa\/polkupyorat\/maastopyorat\/etujousitetut-maastopyorat\/trek-marlin-6-gen-3-lava-2\/#primaryimage"},"thumbnailUrl":"https:\/\/vmsport.fi\/wp-content\/uploads\/2025\/07\/Jp9qn3Z7u9qtNShNk9caFyJliDEpkKP6jUSHVlUaLMwI4ZC6a2.jpg","datePublished":"2025-07-17T09:57:06+00:00","dateModified":"2026-03-25T15:48:15+00:00","breadcrumb":{"@id":"https:\/\/vmsport.fi\/verkkokauppa\/polkupyorat\/maastopyorat\/etujousitetut-maastopyorat\/trek-marlin-6-gen-3-lava-2\/#breadcrumb"},"inLanguage":"sv-SE","potentialAction":[{"@type":"ReadAction","target":["https:\/\/vmsport.fi\/verkkokauppa\/polkupyorat\/maastopyorat\/etujousitetut-maastopyorat\/trek-marlin-6-gen-3-lava-2\/"]}]},{"@type":"ImageObject","inLanguage":"sv-SE","@id":"https:\/\/vmsport.fi\/verkkokauppa\/polkupyorat\/maastopyorat\/etujousitetut-maastopyorat\/trek-marlin-6-gen-3-lava-2\/#primaryimage","url":"https:\/\/vmsport.fi\/wp-content\/uploads\/2025\/07\/Jp9qn3Z7u9qtNShNk9caFyJliDEpkKP6jUSHVlUaLMwI4ZC6a2.jpg","contentUrl":"https:\/\/vmsport.fi\/wp-content\/uploads\/2025\/07\/Jp9qn3Z7u9qtNShNk9caFyJliDEpkKP6jUSHVlUaLMwI4ZC6a2.jpg","width":1000,"height":750,"caption":"Jp9qn3Z7u9qtNShNk9caFyJliDEpkKP6jUSHVlUaLMwI4ZC6a2"},{"@type":"BreadcrumbList","@id":"https:\/\/vmsport.fi\/verkkokauppa\/polkupyorat\/maastopyorat\/etujousitetut-maastopyorat\/trek-marlin-6-gen-3-lava-2\/#breadcrumb","itemListElement":[{"@type":"ListItem","position":1,"name":"Etusivu","item":"https:\/\/vmsport.fi\/"},{"@type":"ListItem","position":2,"name":"Online Store","item":"https:\/\/vmsport.fi\/en\/online-store\/"},{"@type":"ListItem","position":3,"name":"Trek polkupy\u00f6r\u00e4t","item":"https:\/\/vmsport.fi\/sv\/merkki\/trek\/"},{"@type":"ListItem","position":4,"name":"Trek Marlin 6 Gen 3 &#8211; Lava"}]},{"@type":"WebSite","@id":"https:\/\/vmsport.fi\/#website","url":"https:\/\/vmsport.fi\/","name":"Vmsport","description":"Allt p\u00e5 ett st\u00e4lle f\u00f6r cykling","publisher":{"@id":"https:\/\/vmsport.fi\/#organization"},"potentialAction":[{"@type":"SearchAction","target":{"@type":"EntryPoint","urlTemplate":"https:\/\/vmsport.fi\/?s={search_term_string}"},"query-input":{"@type":"PropertyValueSpecification","valueRequired":true,"valueName":"search_term_string"}}],"inLanguage":"sv-SE"},{"@type":"Organization","@id":"https:\/\/vmsport.fi\/#organization","name":"Vmsport","url":"https:\/\/vmsport.fi\/","logo":{"@type":"ImageObject","inLanguage":"sv-SE","@id":"https:\/\/vmsport.fi\/#\/schema\/logo\/image\/","url":"https:\/\/vmsport.fi\/wp-content\/uploads\/2024\/12\/vm_sport_RGB_horisontal-e1734526017575.png","contentUrl":"https:\/\/vmsport.fi\/wp-content\/uploads\/2024\/12\/vm_sport_RGB_horisontal-e1734526017575.png","width":668,"height":85,"caption":"Vmsport"},"image":{"@id":"https:\/\/vmsport.fi\/#\/schema\/logo\/image\/"},"sameAs":["https:\/\/www.facebook.com\/Vmsport.fi\/","https:\/\/www.instagram.com\/vmsport\/"]}]}},"global_unique_id":"","_links":{"self":[{"href":"https:\/\/vmsport.fi\/sv\/wp-json\/wp\/v2\/product\/59850","targetHints":{"allow":["GET"]}}],"collection":[{"href":"https:\/\/vmsport.fi\/sv\/wp-json\/wp\/v2\/product"}],"about":[{"href":"https:\/\/vmsport.fi\/sv\/wp-json\/wp\/v2\/types\/product"}],"replies":[{"embeddable":true,"href":"https:\/\/vmsport.fi\/sv\/wp-json\/wp\/v2\/comments?post=59850"}],"wp:featuredmedia":[{"embeddable":true,"href":"https:\/\/vmsport.fi\/sv\/wp-json\/wp\/v2\/media\/59849"}],"wp:attachment":[{"href":"https:\/\/vmsport.fi\/sv\/wp-json\/wp\/v2\/media?parent=59850"}],"wp:term":[{"taxonomy":"product_brand","embeddable":true,"href":"https:\/\/vmsport.fi\/sv\/wp-json\/wp\/v2\/product_brand?post=59850"},{"taxonomy":"product_model","embeddable":true,"href":"https:\/\/vmsport.fi\/sv\/wp-json\/wp\/v2\/product_model?post=59850"},{"taxonomy":"product_cat","embeddable":true,"href":"https:\/\/vmsport.fi\/sv\/wp-json\/wp\/v2\/product_cat?post=59850"},{"taxonomy":"product_tag","embeddable":true,"href":"https:\/\/vmsport.fi\/sv\/wp-json\/wp\/v2\/product_tag?post=59850"},{"taxonomy":"industry_terminology","embeddable":true,"href":"https:\/\/vmsport.fi\/sv\/wp-json\/wp\/v2\/industry-terminology?post=59850"}],"curies":[{"name":"wp","href":"https:\/\/api.w.org\/{rel}","templated":true}]}}