{"id":59796,"date":"2025-07-14T12:04:39","date_gmt":"2025-07-14T09:04:39","guid":{"rendered":"https:\/\/vmsport.fi\/verkkokauppa\/Ei-luokiteltu\/leatt-helmet-mtb-gravity-1-0-mojito-l\/"},"modified":"2026-03-29T02:00:52","modified_gmt":"2026-03-29T00:00:52","slug":"leatt-hjalm-mtb-gravity-1-0-mojito-l","status":"publish","type":"product","link":"https:\/\/vmsport.fi\/sv\/verkkokauppa\/ajovarusteet\/kyparat\/full-face-kyparat\/leatt-helmet-mtb-gravity-1-0-mojito-l\/","title":{"rendered":"Leatt Hj\u00e4lm MTB Gravity 1.0 Mojito L"},"content":{"rendered":"<p data-start=\"106\" data-end=\"150\"><strong data-start=\"106\" data-end=\"150\">Leatt MTB Gravity 1.0 Mojito s\u00e4kerhetshj\u00e4lm<\/strong><\/p>\n<p data-start=\"152\" data-end=\"468\">Leatt Gravity 1.0 \u00e4r ett utm\u00e4rkt val f\u00f6r downhill, dagar i cykelparker eller snabb enduro. Denna integralhj\u00e4lm ger tillf\u00f6rlitligt skydd och komfort - utan att kompromissa med s\u00e4kerheten. Det slitstarka ABS-skalet i kombination med Leatts 360\u00b0 Turbine-teknik absorberar effektivt st\u00f6tar och minskar risken f\u00f6r hj\u00e4rnskakning.<\/p>\n<p data-start=\"470\" data-end=\"808\">Hj\u00e4lmen \u00e4r v\u00e4lventilerad med 14 ventilations\u00f6ppningar och innerstoppningen \u00e4r bekv\u00e4m och avtagbar f\u00f6r tv\u00e4tt. Det magnetiska Fidlock\u00ae-sp\u00e4nnet g\u00f6r det snabbt och enkelt att ta p\u00e5 sig hj\u00e4lmen, \u00e4ven med handskar. Den h\u00e4r modellen \u00e4r ocks\u00e5 kompatibel med nackskydd och dess design ger ett bra synf\u00e4lt och passar de flesta glas\u00f6gon.<\/p>\n<p data-start=\"810\" data-end=\"827\"><strong data-start=\"810\" data-end=\"827\">Funktioner:<\/strong><\/p>\n<ul data-start=\"828\" data-end=\"1170\">\n<li data-start=\"828\" data-end=\"882\">\n<p data-start=\"830\" data-end=\"882\">Helhj\u00e4lm f\u00f6r downhill-, enduro- och bike park-k\u00f6rning<\/p>\n<\/li>\n<li data-start=\"883\" data-end=\"904\">\n<p data-start=\"885\" data-end=\"904\">Slitstarkt ABS-skal<\/p>\n<\/li>\n<li data-start=\"905\" data-end=\"969\">\n<p data-start=\"907\" data-end=\"969\">360\u00b0 Turbine-teknik: absorberar rotation och st\u00f6tar<\/p>\n<\/li>\n<li data-start=\"970\" data-end=\"1013\">\n<p data-start=\"972\" data-end=\"1013\">14 ventilations\u00f6ppningar - effektiv ventilation<\/p>\n<\/li>\n<li data-start=\"1014\" data-end=\"1053\">\n<p data-start=\"1016\" data-end=\"1053\">Avtagbara och tv\u00e4ttbara kuddar<\/p>\n<\/li>\n<li data-start=\"1054\" data-end=\"1085\">\n<p data-start=\"1056\" data-end=\"1085\">Fidlock\u00ae magnetiskt f\u00e4ste<\/p>\n<\/li>\n<li data-start=\"1086\" data-end=\"1121\">\n<p data-start=\"1088\" data-end=\"1121\">Huvudskydd och glas kompatibel<\/p>\n<\/li>\n<li data-start=\"1122\" data-end=\"1170\">\n<p data-start=\"1124\" data-end=\"1170\">Certifieringar: ASTM DH, AS\/NZS, EN1078, CPSC<\/p>\n<\/li>\n<\/ul>","protected":false},"excerpt":{"rendered":"<p>Leatt MTB Gravity 1.0 Mojito -t\u00e4yskyp\u00e4r\u00e4 Leatt Gravity 1.0 on erinomainen valinta alam\u00e4kiajoon, bike park -p\u00e4iviin tai vauhdikkaaseen enduroon. T\u00e4yskyp\u00e4r\u00e4 tarjoaa luotettavaa suojaa ja mukavuutta \u2013 turvallisuudesta tinkim\u00e4tt\u00e4. Kest\u00e4v\u00e4 ABS-kuori yhdistettyn\u00e4 Leattin 360\u00b0 Turbine -teknologiaan vaimentaa tehokkaasti iskuja ja v\u00e4hent\u00e4\u00e4 aivot\u00e4r\u00e4hdyksen riski\u00e4. Kyp\u00e4r\u00e4 on hyvin tuuletettu 14 ilmanottoaukolla, ja sen sis\u00e4pehmusteet ovat mukavat ja irrotettavissa [&#8230;]<\/p>\n<p><a class=\"btn btn-secondary understrap-read-more-link\" href=\"https:\/\/vmsport.fi\/sv\/verkkokauppa\/ajovarusteet\/kyparat\/full-face-kyparat\/leatt-helmet-mtb-gravity-1-0-mojito-l\/\">L\u00e4s mer \u2026<span class=\"screen-reader-text\"> from Leatt Helmet MTB Gravity 1.0 Mojito L<\/span><\/a><\/p>\n","protected":false},"featured_media":59795,"comment_status":"open","ping_status":"closed","template":"","meta":{"_acf_changed":false,"_improvement_type_select":"improve_an_existing","_thumb_yes_seoaic":false,"_frame_yes_seoaic":false,"seoaic_generate_description":"","seoaic_improve_instructions_prompt":"","seoaic_rollback_content_improvement":"","seoaic_idea_thumbnail_generator":"","thumbnail_generated":false,"thumbnail_generate_prompt":"","seoaic_article_description":"","_supplier_stock_quantity":0},"product_brand":[],"product_model":[],"product_cat":[9520],"product_tag":[],"industry-terminology":[],"class_list":{"0":"post-59796","1":"product","2":"type-product","3":"status-publish","4":"has-post-thumbnail","6":"product_cat-full-face-kyparat","8":"first","9":"instock","10":"taxable","11":"shipping-taxable","12":"purchasable","13":"product-type-simple"},"acf":{"bike_features":null,"overview":{"copy_overview":null,"key_features":null,"statement":"","youtube_url":""}},"yoast_head":"<!-- This site is optimized with the Yoast SEO plugin v27.3 - https:\/\/yoast.com\/product\/yoast-seo-wordpress\/ -->\n<title>Leatt Helmet MTB Gravity 1.0 Mojito L - VM Sport<\/title>\n<meta name=\"robots\" content=\"index, follow, max-snippet:-1, max-image-preview:large, max-video-preview:-1\" \/>\n<link rel=\"canonical\" href=\"https:\/\/vmsport.fi\/sv\/webbutik\/korutrustning\/kyparat\/kyparat-for-hela-ansiktet\/leatt-hjalm-mtb-gravity-1-0-mojito-l\/\" \/>\n<meta property=\"og:locale\" content=\"sv_SE\" \/>\n<meta property=\"og:type\" content=\"article\" \/>\n<meta property=\"og:title\" content=\"Leatt Helmet MTB Gravity 1.0 Mojito L - VM Sport\" \/>\n<meta property=\"og:description\" content=\"Leatt MTB Gravity 1.0 Mojito -t\u00e4yskyp\u00e4r\u00e4 Leatt Gravity 1.0 on erinomainen valinta alam\u00e4kiajoon, bike park -p\u00e4iviin tai vauhdikkaaseen enduroon. T\u00e4yskyp\u00e4r\u00e4 tarjoaa luotettavaa suojaa ja mukavuutta \u2013 turvallisuudesta tinkim\u00e4tt\u00e4. Kest\u00e4v\u00e4 ABS-kuori yhdistettyn\u00e4 Leattin 360\u00b0 Turbine -teknologiaan vaimentaa tehokkaasti iskuja ja v\u00e4hent\u00e4\u00e4 aivot\u00e4r\u00e4hdyksen riski\u00e4. Kyp\u00e4r\u00e4 on hyvin tuuletettu 14 ilmanottoaukolla, ja sen sis\u00e4pehmusteet ovat mukavat ja irrotettavissa [...]L\u00e4s mer \u2026 from Leatt Helmet MTB Gravity 1.0 Mojito L\" \/>\n<meta property=\"og:url\" content=\"https:\/\/vmsport.fi\/sv\/webbutik\/korutrustning\/kyparat\/kyparat-for-hela-ansiktet\/leatt-hjalm-mtb-gravity-1-0-mojito-l\/\" \/>\n<meta property=\"og:site_name\" content=\"VM Sport\" \/>\n<meta property=\"article:publisher\" content=\"https:\/\/www.facebook.com\/Vmsport.fi\/\" \/>\n<meta property=\"article:modified_time\" content=\"2026-03-29T00:00:52+00:00\" \/>\n<meta property=\"og:image\" content=\"https:\/\/vmsport.fi\/wp-content\/uploads\/2025\/07\/150797-510x510-3.png\" \/>\n\t<meta property=\"og:image:width\" content=\"510\" \/>\n\t<meta property=\"og:image:height\" content=\"510\" \/>\n\t<meta property=\"og:image:type\" content=\"image\/png\" \/>\n<meta name=\"twitter:card\" content=\"summary_large_image\" \/>\n<meta name=\"twitter:label1\" content=\"Ber\u00e4knad l\u00e4stid\" \/>\n\t<meta name=\"twitter:data1\" content=\"1 minut\" \/>\n<script type=\"application\/ld+json\" class=\"yoast-schema-graph\">{\"@context\":\"https:\\\/\\\/schema.org\",\"@graph\":[{\"@type\":[\"WebPage\",\"ItemPage\"],\"@id\":\"https:\\\/\\\/vmsport.fi\\\/verkkokauppa\\\/ajovarusteet\\\/kyparat\\\/full-face-kyparat\\\/leatt-helmet-mtb-gravity-1-0-mojito-l\\\/\",\"url\":\"https:\\\/\\\/vmsport.fi\\\/verkkokauppa\\\/ajovarusteet\\\/kyparat\\\/full-face-kyparat\\\/leatt-helmet-mtb-gravity-1-0-mojito-l\\\/\",\"name\":\"Leatt Helmet MTB Gravity 1.0 Mojito L - VM Sport\",\"isPartOf\":{\"@id\":\"https:\\\/\\\/vmsport.fi\\\/#website\"},\"primaryImageOfPage\":{\"@id\":\"https:\\\/\\\/vmsport.fi\\\/verkkokauppa\\\/ajovarusteet\\\/kyparat\\\/full-face-kyparat\\\/leatt-helmet-mtb-gravity-1-0-mojito-l\\\/#primaryimage\"},\"image\":{\"@id\":\"https:\\\/\\\/vmsport.fi\\\/verkkokauppa\\\/ajovarusteet\\\/kyparat\\\/full-face-kyparat\\\/leatt-helmet-mtb-gravity-1-0-mojito-l\\\/#primaryimage\"},\"thumbnailUrl\":\"https:\\\/\\\/vmsport.fi\\\/wp-content\\\/uploads\\\/2025\\\/07\\\/150797-510x510-3.png\",\"datePublished\":\"2025-07-14T09:04:39+00:00\",\"dateModified\":\"2026-03-29T00:00:52+00:00\",\"breadcrumb\":{\"@id\":\"https:\\\/\\\/vmsport.fi\\\/verkkokauppa\\\/ajovarusteet\\\/kyparat\\\/full-face-kyparat\\\/leatt-helmet-mtb-gravity-1-0-mojito-l\\\/#breadcrumb\"},\"inLanguage\":\"sv-SE\",\"potentialAction\":[{\"@type\":\"ReadAction\",\"target\":[\"https:\\\/\\\/vmsport.fi\\\/verkkokauppa\\\/ajovarusteet\\\/kyparat\\\/full-face-kyparat\\\/leatt-helmet-mtb-gravity-1-0-mojito-l\\\/\"]}]},{\"@type\":\"ImageObject\",\"inLanguage\":\"sv-SE\",\"@id\":\"https:\\\/\\\/vmsport.fi\\\/verkkokauppa\\\/ajovarusteet\\\/kyparat\\\/full-face-kyparat\\\/leatt-helmet-mtb-gravity-1-0-mojito-l\\\/#primaryimage\",\"url\":\"https:\\\/\\\/vmsport.fi\\\/wp-content\\\/uploads\\\/2025\\\/07\\\/150797-510x510-3.png\",\"contentUrl\":\"https:\\\/\\\/vmsport.fi\\\/wp-content\\\/uploads\\\/2025\\\/07\\\/150797-510x510-3.png\",\"width\":510,\"height\":510,\"caption\":\"150797-510x510-3\"},{\"@type\":\"BreadcrumbList\",\"@id\":\"https:\\\/\\\/vmsport.fi\\\/verkkokauppa\\\/ajovarusteet\\\/kyparat\\\/full-face-kyparat\\\/leatt-helmet-mtb-gravity-1-0-mojito-l\\\/#breadcrumb\",\"itemListElement\":[{\"@type\":\"ListItem\",\"position\":1,\"name\":\"Etusivu\",\"item\":\"https:\\\/\\\/vmsport.fi\\\/\"},{\"@type\":\"ListItem\",\"position\":2,\"name\":\"Online Store\",\"item\":\"https:\\\/\\\/vmsport.fi\\\/en\\\/online-store\\\/\"},{\"@type\":\"ListItem\",\"position\":3,\"name\":\"Leatt Helmet MTB Gravity 1.0 Mojito L\"}]},{\"@type\":\"WebSite\",\"@id\":\"https:\\\/\\\/vmsport.fi\\\/#website\",\"url\":\"https:\\\/\\\/vmsport.fi\\\/\",\"name\":\"Vmsport\",\"description\":\"Kaikki py\u00f6r\u00e4ilyyn yhdest\u00e4 paikasta\",\"publisher\":{\"@id\":\"https:\\\/\\\/vmsport.fi\\\/#organization\"},\"potentialAction\":[{\"@type\":\"SearchAction\",\"target\":{\"@type\":\"EntryPoint\",\"urlTemplate\":\"https:\\\/\\\/vmsport.fi\\\/?s={search_term_string}\"},\"query-input\":{\"@type\":\"PropertyValueSpecification\",\"valueRequired\":true,\"valueName\":\"search_term_string\"}}],\"inLanguage\":\"sv-SE\"},{\"@type\":\"Organization\",\"@id\":\"https:\\\/\\\/vmsport.fi\\\/#organization\",\"name\":\"Vmsport\",\"url\":\"https:\\\/\\\/vmsport.fi\\\/\",\"logo\":{\"@type\":\"ImageObject\",\"inLanguage\":\"sv-SE\",\"@id\":\"https:\\\/\\\/vmsport.fi\\\/#\\\/schema\\\/logo\\\/image\\\/\",\"url\":\"https:\\\/\\\/vmsport.fi\\\/wp-content\\\/uploads\\\/2024\\\/12\\\/vm_sport_RGB_horisontal-e1734526017575.png\",\"contentUrl\":\"https:\\\/\\\/vmsport.fi\\\/wp-content\\\/uploads\\\/2024\\\/12\\\/vm_sport_RGB_horisontal-e1734526017575.png\",\"width\":668,\"height\":85,\"caption\":\"Vmsport\"},\"image\":{\"@id\":\"https:\\\/\\\/vmsport.fi\\\/#\\\/schema\\\/logo\\\/image\\\/\"},\"sameAs\":[\"https:\\\/\\\/www.facebook.com\\\/Vmsport.fi\\\/\",\"https:\\\/\\\/www.instagram.com\\\/vmsport\\\/\"]}]}<\/script>\n<!-- \/ Yoast SEO plugin. -->","yoast_head_json":{"title":"Leatt Hj\u00e4lm MTB Gravity 1.0 Mojito L - VM Sport","robots":{"index":"index","follow":"follow","max-snippet":"max-snippet:-1","max-image-preview":"max-image-preview:large","max-video-preview":"max-video-preview:-1"},"canonical":"https:\/\/vmsport.fi\/sv\/webbutik\/korutrustning\/kyparat\/kyparat-for-hela-ansiktet\/leatt-hjalm-mtb-gravity-1-0-mojito-l\/","og_locale":"sv_SE","og_type":"article","og_title":"Leatt Helmet MTB Gravity 1.0 Mojito L - VM Sport","og_description":"Leatt MTB Gravity 1.0 Mojito -t\u00e4yskyp\u00e4r\u00e4 Leatt Gravity 1.0 on erinomainen valinta alam\u00e4kiajoon, bike park -p\u00e4iviin tai vauhdikkaaseen enduroon. T\u00e4yskyp\u00e4r\u00e4 tarjoaa luotettavaa suojaa ja mukavuutta \u2013 turvallisuudesta tinkim\u00e4tt\u00e4. Kest\u00e4v\u00e4 ABS-kuori yhdistettyn\u00e4 Leattin 360\u00b0 Turbine -teknologiaan vaimentaa tehokkaasti iskuja ja v\u00e4hent\u00e4\u00e4 aivot\u00e4r\u00e4hdyksen riski\u00e4. Kyp\u00e4r\u00e4 on hyvin tuuletettu 14 ilmanottoaukolla, ja sen sis\u00e4pehmusteet ovat mukavat ja irrotettavissa [...]L\u00e4s mer \u2026 from Leatt Helmet MTB Gravity 1.0 Mojito L","og_url":"https:\/\/vmsport.fi\/sv\/webbutik\/korutrustning\/kyparat\/kyparat-for-hela-ansiktet\/leatt-hjalm-mtb-gravity-1-0-mojito-l\/","og_site_name":"VM Sport","article_publisher":"https:\/\/www.facebook.com\/Vmsport.fi\/","article_modified_time":"2026-03-29T00:00:52+00:00","og_image":[{"width":510,"height":510,"url":"https:\/\/vmsport.fi\/wp-content\/uploads\/2025\/07\/150797-510x510-3.png","type":"image\/png"}],"twitter_card":"summary_large_image","twitter_misc":{"Ber\u00e4knad l\u00e4stid":"1 minut"},"schema":{"@context":"https:\/\/schema.org","@graph":[{"@type":["WebPage","ItemPage"],"@id":"https:\/\/vmsport.fi\/verkkokauppa\/ajovarusteet\/kyparat\/full-face-kyparat\/leatt-helmet-mtb-gravity-1-0-mojito-l\/","url":"https:\/\/vmsport.fi\/verkkokauppa\/ajovarusteet\/kyparat\/full-face-kyparat\/leatt-helmet-mtb-gravity-1-0-mojito-l\/","name":"Leatt Hj\u00e4lm MTB Gravity 1.0 Mojito L - VM Sport","isPartOf":{"@id":"https:\/\/vmsport.fi\/#website"},"primaryImageOfPage":{"@id":"https:\/\/vmsport.fi\/verkkokauppa\/ajovarusteet\/kyparat\/full-face-kyparat\/leatt-helmet-mtb-gravity-1-0-mojito-l\/#primaryimage"},"image":{"@id":"https:\/\/vmsport.fi\/verkkokauppa\/ajovarusteet\/kyparat\/full-face-kyparat\/leatt-helmet-mtb-gravity-1-0-mojito-l\/#primaryimage"},"thumbnailUrl":"https:\/\/vmsport.fi\/wp-content\/uploads\/2025\/07\/150797-510x510-3.png","datePublished":"2025-07-14T09:04:39+00:00","dateModified":"2026-03-29T00:00:52+00:00","breadcrumb":{"@id":"https:\/\/vmsport.fi\/verkkokauppa\/ajovarusteet\/kyparat\/full-face-kyparat\/leatt-helmet-mtb-gravity-1-0-mojito-l\/#breadcrumb"},"inLanguage":"sv-SE","potentialAction":[{"@type":"ReadAction","target":["https:\/\/vmsport.fi\/verkkokauppa\/ajovarusteet\/kyparat\/full-face-kyparat\/leatt-helmet-mtb-gravity-1-0-mojito-l\/"]}]},{"@type":"ImageObject","inLanguage":"sv-SE","@id":"https:\/\/vmsport.fi\/verkkokauppa\/ajovarusteet\/kyparat\/full-face-kyparat\/leatt-helmet-mtb-gravity-1-0-mojito-l\/#primaryimage","url":"https:\/\/vmsport.fi\/wp-content\/uploads\/2025\/07\/150797-510x510-3.png","contentUrl":"https:\/\/vmsport.fi\/wp-content\/uploads\/2025\/07\/150797-510x510-3.png","width":510,"height":510,"caption":"150797-510x510-3"},{"@type":"BreadcrumbList","@id":"https:\/\/vmsport.fi\/verkkokauppa\/ajovarusteet\/kyparat\/full-face-kyparat\/leatt-helmet-mtb-gravity-1-0-mojito-l\/#breadcrumb","itemListElement":[{"@type":"ListItem","position":1,"name":"Etusivu","item":"https:\/\/vmsport.fi\/"},{"@type":"ListItem","position":2,"name":"Online Store","item":"https:\/\/vmsport.fi\/en\/online-store\/"},{"@type":"ListItem","position":3,"name":"Leatt Helmet MTB Gravity 1.0 Mojito L"}]},{"@type":"WebSite","@id":"https:\/\/vmsport.fi\/#website","url":"https:\/\/vmsport.fi\/","name":"Vmsport","description":"Allt p\u00e5 ett st\u00e4lle f\u00f6r cykling","publisher":{"@id":"https:\/\/vmsport.fi\/#organization"},"potentialAction":[{"@type":"SearchAction","target":{"@type":"EntryPoint","urlTemplate":"https:\/\/vmsport.fi\/?s={search_term_string}"},"query-input":{"@type":"PropertyValueSpecification","valueRequired":true,"valueName":"search_term_string"}}],"inLanguage":"sv-SE"},{"@type":"Organization","@id":"https:\/\/vmsport.fi\/#organization","name":"Vmsport","url":"https:\/\/vmsport.fi\/","logo":{"@type":"ImageObject","inLanguage":"sv-SE","@id":"https:\/\/vmsport.fi\/#\/schema\/logo\/image\/","url":"https:\/\/vmsport.fi\/wp-content\/uploads\/2024\/12\/vm_sport_RGB_horisontal-e1734526017575.png","contentUrl":"https:\/\/vmsport.fi\/wp-content\/uploads\/2024\/12\/vm_sport_RGB_horisontal-e1734526017575.png","width":668,"height":85,"caption":"Vmsport"},"image":{"@id":"https:\/\/vmsport.fi\/#\/schema\/logo\/image\/"},"sameAs":["https:\/\/www.facebook.com\/Vmsport.fi\/","https:\/\/www.instagram.com\/vmsport\/"]}]}},"global_unique_id":"","_links":{"self":[{"href":"https:\/\/vmsport.fi\/sv\/wp-json\/wp\/v2\/product\/59796","targetHints":{"allow":["GET"]}}],"collection":[{"href":"https:\/\/vmsport.fi\/sv\/wp-json\/wp\/v2\/product"}],"about":[{"href":"https:\/\/vmsport.fi\/sv\/wp-json\/wp\/v2\/types\/product"}],"replies":[{"embeddable":true,"href":"https:\/\/vmsport.fi\/sv\/wp-json\/wp\/v2\/comments?post=59796"}],"wp:featuredmedia":[{"embeddable":true,"href":"https:\/\/vmsport.fi\/sv\/wp-json\/wp\/v2\/media\/59795"}],"wp:attachment":[{"href":"https:\/\/vmsport.fi\/sv\/wp-json\/wp\/v2\/media?parent=59796"}],"wp:term":[{"taxonomy":"product_brand","embeddable":true,"href":"https:\/\/vmsport.fi\/sv\/wp-json\/wp\/v2\/product_brand?post=59796"},{"taxonomy":"product_model","embeddable":true,"href":"https:\/\/vmsport.fi\/sv\/wp-json\/wp\/v2\/product_model?post=59796"},{"taxonomy":"product_cat","embeddable":true,"href":"https:\/\/vmsport.fi\/sv\/wp-json\/wp\/v2\/product_cat?post=59796"},{"taxonomy":"product_tag","embeddable":true,"href":"https:\/\/vmsport.fi\/sv\/wp-json\/wp\/v2\/product_tag?post=59796"},{"taxonomy":"industry_terminology","embeddable":true,"href":"https:\/\/vmsport.fi\/sv\/wp-json\/wp\/v2\/industry-terminology?post=59796"}],"curies":[{"name":"wp","href":"https:\/\/api.w.org\/{rel}","templated":true}]}}