{"id":59712,"date":"2025-07-10T12:49:49","date_gmt":"2025-07-10T09:49:49","guid":{"rendered":"https:\/\/vmsport.fi\/verkkokauppa\/Ei-luokiteltu\/trek-marlin-5-gen-3-miami-green-dark-aquatic-fade\/"},"modified":"2026-04-01T17:40:47","modified_gmt":"2026-04-01T14:40:47","slug":"trek-marlin-5-gen-3-miami-green-dark-aquatic-fade","status":"publish","type":"product","link":"https:\/\/vmsport.fi\/sv\/verkkokauppa\/polkupyorat\/maastopyorat\/etujousitetut-maastopyorat\/trek-marlin-5-gen-3-miami-green-dark-aquatic-fade\/","title":{"rendered":"Trek Marlin 5 Gen 3 - Miami Green\/Dark Aquatic Fade"},"content":{"rendered":"<p>Marlin 5 \u00e4r en m\u00e5ngsidig cykel med en p\u00e5litlig Shimano CUES 9-v\u00e4xlad drivlina med LINKGLIDE-teknik som f\u00f6rl\u00e4nger livsl\u00e4ngden p\u00e5 slitdelarna. Cykeln har ocks\u00e5 kraftfulla hydrauliska skivbromsar (Shimano MT200), en 100 mm fj\u00e4dringsgaffel f\u00f6r \u00f6kad k\u00f6rkomfort och ett justerbart hydrauliskt l\u00e5s. Aluminiumramen Alpha Silver \u00e4r b\u00e5de l\u00e4tt och h\u00e5llbar, och den inv\u00e4ndiga vajerdragningen skyddar vajrarna. Cykeln finns i ett stort antal storlekar f\u00f6r att passa f\u00f6r cyklister av olika l\u00e4ngd, inklusive styre och bromshandtag f\u00f6r mindre cyklister.<\/p>","protected":false},"excerpt":{"rendered":"<p>Marlin 5 tarjoaa kest\u00e4v\u00e4n rungon, laadukkaan Shimano CUES 9-vaihteiston, hydrauliset levyjarrut ja 100 mm joustohaarukan. [&#8230;]<\/p>\n<p><a class=\"btn btn-secondary understrap-read-more-link\" href=\"https:\/\/vmsport.fi\/sv\/verkkokauppa\/polkupyorat\/maastopyorat\/etujousitetut-maastopyorat\/trek-marlin-5-gen-3-miami-green-dark-aquatic-fade\/\">L\u00e4s mer \u2026<span class=\"screen-reader-text\"> from Trek Marlin 5 Gen 3 &#8211; Miami Green\/Dark Aquatic Fade<\/span><\/a><\/p>\n","protected":false},"featured_media":60009,"comment_status":"open","ping_status":"closed","template":"","meta":{"_acf_changed":false,"_improvement_type_select":"improve_an_existing","_thumb_yes_seoaic":false,"_frame_yes_seoaic":false,"seoaic_generate_description":"","seoaic_improve_instructions_prompt":"","seoaic_rollback_content_improvement":"","seoaic_idea_thumbnail_generator":"","thumbnail_generated":false,"thumbnail_generate_prompt":"","seoaic_article_description":"","_supplier_stock_quantity":0},"product_brand":[37],"product_model":[1545],"product_cat":[9404],"product_tag":[],"industry-terminology":[],"class_list":{"0":"post-59712","1":"product","2":"type-product","3":"status-publish","4":"has-post-thumbnail","6":"product_brand-trek","7":"product_model-marlin","8":"product_cat-etujousitetut-maastopyorat","10":"first","11":"instock","12":"taxable","13":"shipping-taxable","14":"purchasable","15":"product-type-variable"},"acf":{"bike_features":null,"overview":{"copy_overview":null,"key_features":null,"statement":"","youtube_url":""}},"yoast_head":"<!-- This site is optimized with the Yoast SEO plugin v27.3 - https:\/\/yoast.com\/product\/yoast-seo-wordpress\/ -->\n<title>Trek Marlin 5 Gen 3 - Miami Green\/Dark Aquatic Fade - VM Sport<\/title>\n<meta name=\"robots\" content=\"index, follow, max-snippet:-1, max-image-preview:large, max-video-preview:-1\" \/>\n<link rel=\"canonical\" href=\"https:\/\/vmsport.fi\/sv\/webbutik\/cyklar\/landskap-cikoria\/framfjadrade-terrangband-for-alla-typer-av-terrang\/trek-marlin-5-gen-3-miami-green-dark-aquatic-fade\/\" \/>\n<meta property=\"og:locale\" content=\"sv_SE\" \/>\n<meta property=\"og:type\" content=\"article\" \/>\n<meta property=\"og:title\" content=\"Trek Marlin 5 Gen 3 - Miami Green\/Dark Aquatic Fade - VM Sport\" \/>\n<meta property=\"og:description\" content=\"Marlin 5 tarjoaa kest\u00e4v\u00e4n rungon, laadukkaan Shimano CUES 9-vaihteiston, hydrauliset levyjarrut ja 100 mm joustohaarukan. [...]L\u00e4s mer \u2026 from Trek Marlin 5 Gen 3 &#8211; Miami Green\/Dark Aquatic Fade\" \/>\n<meta property=\"og:url\" content=\"https:\/\/vmsport.fi\/sv\/webbutik\/cyklar\/landskap-cikoria\/framfjadrade-terrangband-for-alla-typer-av-terrang\/trek-marlin-5-gen-3-miami-green-dark-aquatic-fade\/\" \/>\n<meta property=\"og:site_name\" content=\"VM Sport\" \/>\n<meta property=\"article:publisher\" content=\"https:\/\/www.facebook.com\/Vmsport.fi\/\" \/>\n<meta property=\"article:modified_time\" content=\"2026-04-01T14:40:47+00:00\" \/>\n<meta property=\"og:image\" content=\"https:\/\/vmsport.fi\/wp-content\/uploads\/2025\/08\/Marlin5-26-57363-D-Primary.jpg\" \/>\n\t<meta property=\"og:image:width\" content=\"800\" \/>\n\t<meta property=\"og:image:height\" content=\"600\" \/>\n\t<meta property=\"og:image:type\" content=\"image\/jpeg\" \/>\n<meta name=\"twitter:card\" content=\"summary_large_image\" \/>\n<script type=\"application\/ld+json\" class=\"yoast-schema-graph\">{\"@context\":\"https:\\\/\\\/schema.org\",\"@graph\":[{\"@type\":[\"WebPage\",\"ItemPage\"],\"@id\":\"https:\\\/\\\/vmsport.fi\\\/verkkokauppa\\\/polkupyorat\\\/maastopyorat\\\/etujousitetut-maastopyorat\\\/trek-marlin-5-gen-3-miami-green-dark-aquatic-fade\\\/\",\"url\":\"https:\\\/\\\/vmsport.fi\\\/verkkokauppa\\\/polkupyorat\\\/maastopyorat\\\/etujousitetut-maastopyorat\\\/trek-marlin-5-gen-3-miami-green-dark-aquatic-fade\\\/\",\"name\":\"Trek Marlin 5 Gen 3 - Miami Green\\\/Dark Aquatic Fade - VM Sport\",\"isPartOf\":{\"@id\":\"https:\\\/\\\/vmsport.fi\\\/#website\"},\"primaryImageOfPage\":{\"@id\":\"https:\\\/\\\/vmsport.fi\\\/verkkokauppa\\\/polkupyorat\\\/maastopyorat\\\/etujousitetut-maastopyorat\\\/trek-marlin-5-gen-3-miami-green-dark-aquatic-fade\\\/#primaryimage\"},\"image\":{\"@id\":\"https:\\\/\\\/vmsport.fi\\\/verkkokauppa\\\/polkupyorat\\\/maastopyorat\\\/etujousitetut-maastopyorat\\\/trek-marlin-5-gen-3-miami-green-dark-aquatic-fade\\\/#primaryimage\"},\"thumbnailUrl\":\"https:\\\/\\\/vmsport.fi\\\/wp-content\\\/uploads\\\/2025\\\/08\\\/Marlin5-26-57363-D-Primary.jpg\",\"datePublished\":\"2025-07-10T09:49:49+00:00\",\"dateModified\":\"2026-04-01T14:40:47+00:00\",\"breadcrumb\":{\"@id\":\"https:\\\/\\\/vmsport.fi\\\/verkkokauppa\\\/polkupyorat\\\/maastopyorat\\\/etujousitetut-maastopyorat\\\/trek-marlin-5-gen-3-miami-green-dark-aquatic-fade\\\/#breadcrumb\"},\"inLanguage\":\"sv-SE\",\"potentialAction\":[{\"@type\":\"ReadAction\",\"target\":[\"https:\\\/\\\/vmsport.fi\\\/verkkokauppa\\\/polkupyorat\\\/maastopyorat\\\/etujousitetut-maastopyorat\\\/trek-marlin-5-gen-3-miami-green-dark-aquatic-fade\\\/\"]}]},{\"@type\":\"ImageObject\",\"inLanguage\":\"sv-SE\",\"@id\":\"https:\\\/\\\/vmsport.fi\\\/verkkokauppa\\\/polkupyorat\\\/maastopyorat\\\/etujousitetut-maastopyorat\\\/trek-marlin-5-gen-3-miami-green-dark-aquatic-fade\\\/#primaryimage\",\"url\":\"https:\\\/\\\/vmsport.fi\\\/wp-content\\\/uploads\\\/2025\\\/08\\\/Marlin5-26-57363-D-Primary.jpg\",\"contentUrl\":\"https:\\\/\\\/vmsport.fi\\\/wp-content\\\/uploads\\\/2025\\\/08\\\/Marlin5-26-57363-D-Primary.jpg\",\"width\":800,\"height\":600,\"caption\":\"Marlin5-26-57363-D-Primary\"},{\"@type\":\"BreadcrumbList\",\"@id\":\"https:\\\/\\\/vmsport.fi\\\/verkkokauppa\\\/polkupyorat\\\/maastopyorat\\\/etujousitetut-maastopyorat\\\/trek-marlin-5-gen-3-miami-green-dark-aquatic-fade\\\/#breadcrumb\",\"itemListElement\":[{\"@type\":\"ListItem\",\"position\":1,\"name\":\"Etusivu\",\"item\":\"https:\\\/\\\/vmsport.fi\\\/\"},{\"@type\":\"ListItem\",\"position\":2,\"name\":\"Online Store\",\"item\":\"https:\\\/\\\/vmsport.fi\\\/en\\\/online-store\\\/\"},{\"@type\":\"ListItem\",\"position\":3,\"name\":\"Trek polkupy\u00f6r\u00e4t\",\"item\":\"https:\\\/\\\/vmsport.fi\\\/sv\\\/merkki\\\/trek\\\/\"},{\"@type\":\"ListItem\",\"position\":4,\"name\":\"Trek Marlin 5 Gen 3 &#8211; Miami Green\\\/Dark Aquatic Fade\"}]},{\"@type\":\"WebSite\",\"@id\":\"https:\\\/\\\/vmsport.fi\\\/#website\",\"url\":\"https:\\\/\\\/vmsport.fi\\\/\",\"name\":\"Vmsport\",\"description\":\"Kaikki py\u00f6r\u00e4ilyyn yhdest\u00e4 paikasta\",\"publisher\":{\"@id\":\"https:\\\/\\\/vmsport.fi\\\/#organization\"},\"potentialAction\":[{\"@type\":\"SearchAction\",\"target\":{\"@type\":\"EntryPoint\",\"urlTemplate\":\"https:\\\/\\\/vmsport.fi\\\/?s={search_term_string}\"},\"query-input\":{\"@type\":\"PropertyValueSpecification\",\"valueRequired\":true,\"valueName\":\"search_term_string\"}}],\"inLanguage\":\"sv-SE\"},{\"@type\":\"Organization\",\"@id\":\"https:\\\/\\\/vmsport.fi\\\/#organization\",\"name\":\"Vmsport\",\"url\":\"https:\\\/\\\/vmsport.fi\\\/\",\"logo\":{\"@type\":\"ImageObject\",\"inLanguage\":\"sv-SE\",\"@id\":\"https:\\\/\\\/vmsport.fi\\\/#\\\/schema\\\/logo\\\/image\\\/\",\"url\":\"https:\\\/\\\/vmsport.fi\\\/wp-content\\\/uploads\\\/2024\\\/12\\\/vm_sport_RGB_horisontal-e1734526017575.png\",\"contentUrl\":\"https:\\\/\\\/vmsport.fi\\\/wp-content\\\/uploads\\\/2024\\\/12\\\/vm_sport_RGB_horisontal-e1734526017575.png\",\"width\":668,\"height\":85,\"caption\":\"Vmsport\"},\"image\":{\"@id\":\"https:\\\/\\\/vmsport.fi\\\/#\\\/schema\\\/logo\\\/image\\\/\"},\"sameAs\":[\"https:\\\/\\\/www.facebook.com\\\/Vmsport.fi\\\/\",\"https:\\\/\\\/www.instagram.com\\\/vmsport\\\/\"]}]}<\/script>\n<!-- \/ Yoast SEO plugin. -->","yoast_head_json":{"title":"Trek Marlin 5 Gen 3 - Miami Green\/Dark Aquatic Fade - VM Sport","robots":{"index":"index","follow":"follow","max-snippet":"max-snippet:-1","max-image-preview":"max-image-preview:large","max-video-preview":"max-video-preview:-1"},"canonical":"https:\/\/vmsport.fi\/sv\/webbutik\/cyklar\/landskap-cikoria\/framfjadrade-terrangband-for-alla-typer-av-terrang\/trek-marlin-5-gen-3-miami-green-dark-aquatic-fade\/","og_locale":"sv_SE","og_type":"article","og_title":"Trek Marlin 5 Gen 3 - Miami Green\/Dark Aquatic Fade - VM Sport","og_description":"Marlin 5 tarjoaa kest\u00e4v\u00e4n rungon, laadukkaan Shimano CUES 9-vaihteiston, hydrauliset levyjarrut ja 100 mm joustohaarukan. [...]L\u00e4s mer \u2026 from Trek Marlin 5 Gen 3 &#8211; Miami Green\/Dark Aquatic Fade","og_url":"https:\/\/vmsport.fi\/sv\/webbutik\/cyklar\/landskap-cikoria\/framfjadrade-terrangband-for-alla-typer-av-terrang\/trek-marlin-5-gen-3-miami-green-dark-aquatic-fade\/","og_site_name":"VM Sport","article_publisher":"https:\/\/www.facebook.com\/Vmsport.fi\/","article_modified_time":"2026-04-01T14:40:47+00:00","og_image":[{"width":800,"height":600,"url":"https:\/\/vmsport.fi\/wp-content\/uploads\/2025\/08\/Marlin5-26-57363-D-Primary.jpg","type":"image\/jpeg"}],"twitter_card":"summary_large_image","schema":{"@context":"https:\/\/schema.org","@graph":[{"@type":["WebPage","ItemPage"],"@id":"https:\/\/vmsport.fi\/verkkokauppa\/polkupyorat\/maastopyorat\/etujousitetut-maastopyorat\/trek-marlin-5-gen-3-miami-green-dark-aquatic-fade\/","url":"https:\/\/vmsport.fi\/verkkokauppa\/polkupyorat\/maastopyorat\/etujousitetut-maastopyorat\/trek-marlin-5-gen-3-miami-green-dark-aquatic-fade\/","name":"Trek Marlin 5 Gen 3 - Miami Green\/Dark Aquatic Fade - VM Sport","isPartOf":{"@id":"https:\/\/vmsport.fi\/#website"},"primaryImageOfPage":{"@id":"https:\/\/vmsport.fi\/verkkokauppa\/polkupyorat\/maastopyorat\/etujousitetut-maastopyorat\/trek-marlin-5-gen-3-miami-green-dark-aquatic-fade\/#primaryimage"},"image":{"@id":"https:\/\/vmsport.fi\/verkkokauppa\/polkupyorat\/maastopyorat\/etujousitetut-maastopyorat\/trek-marlin-5-gen-3-miami-green-dark-aquatic-fade\/#primaryimage"},"thumbnailUrl":"https:\/\/vmsport.fi\/wp-content\/uploads\/2025\/08\/Marlin5-26-57363-D-Primary.jpg","datePublished":"2025-07-10T09:49:49+00:00","dateModified":"2026-04-01T14:40:47+00:00","breadcrumb":{"@id":"https:\/\/vmsport.fi\/verkkokauppa\/polkupyorat\/maastopyorat\/etujousitetut-maastopyorat\/trek-marlin-5-gen-3-miami-green-dark-aquatic-fade\/#breadcrumb"},"inLanguage":"sv-SE","potentialAction":[{"@type":"ReadAction","target":["https:\/\/vmsport.fi\/verkkokauppa\/polkupyorat\/maastopyorat\/etujousitetut-maastopyorat\/trek-marlin-5-gen-3-miami-green-dark-aquatic-fade\/"]}]},{"@type":"ImageObject","inLanguage":"sv-SE","@id":"https:\/\/vmsport.fi\/verkkokauppa\/polkupyorat\/maastopyorat\/etujousitetut-maastopyorat\/trek-marlin-5-gen-3-miami-green-dark-aquatic-fade\/#primaryimage","url":"https:\/\/vmsport.fi\/wp-content\/uploads\/2025\/08\/Marlin5-26-57363-D-Primary.jpg","contentUrl":"https:\/\/vmsport.fi\/wp-content\/uploads\/2025\/08\/Marlin5-26-57363-D-Primary.jpg","width":800,"height":600,"caption":"Marlin5-26-57363-D-Primary"},{"@type":"BreadcrumbList","@id":"https:\/\/vmsport.fi\/verkkokauppa\/polkupyorat\/maastopyorat\/etujousitetut-maastopyorat\/trek-marlin-5-gen-3-miami-green-dark-aquatic-fade\/#breadcrumb","itemListElement":[{"@type":"ListItem","position":1,"name":"Etusivu","item":"https:\/\/vmsport.fi\/"},{"@type":"ListItem","position":2,"name":"Online Store","item":"https:\/\/vmsport.fi\/en\/online-store\/"},{"@type":"ListItem","position":3,"name":"Trek polkupy\u00f6r\u00e4t","item":"https:\/\/vmsport.fi\/sv\/merkki\/trek\/"},{"@type":"ListItem","position":4,"name":"Trek Marlin 5 Gen 3 &#8211; Miami Green\/Dark Aquatic Fade"}]},{"@type":"WebSite","@id":"https:\/\/vmsport.fi\/#website","url":"https:\/\/vmsport.fi\/","name":"Vmsport","description":"Allt p\u00e5 ett st\u00e4lle f\u00f6r cykling","publisher":{"@id":"https:\/\/vmsport.fi\/#organization"},"potentialAction":[{"@type":"SearchAction","target":{"@type":"EntryPoint","urlTemplate":"https:\/\/vmsport.fi\/?s={search_term_string}"},"query-input":{"@type":"PropertyValueSpecification","valueRequired":true,"valueName":"search_term_string"}}],"inLanguage":"sv-SE"},{"@type":"Organization","@id":"https:\/\/vmsport.fi\/#organization","name":"Vmsport","url":"https:\/\/vmsport.fi\/","logo":{"@type":"ImageObject","inLanguage":"sv-SE","@id":"https:\/\/vmsport.fi\/#\/schema\/logo\/image\/","url":"https:\/\/vmsport.fi\/wp-content\/uploads\/2024\/12\/vm_sport_RGB_horisontal-e1734526017575.png","contentUrl":"https:\/\/vmsport.fi\/wp-content\/uploads\/2024\/12\/vm_sport_RGB_horisontal-e1734526017575.png","width":668,"height":85,"caption":"Vmsport"},"image":{"@id":"https:\/\/vmsport.fi\/#\/schema\/logo\/image\/"},"sameAs":["https:\/\/www.facebook.com\/Vmsport.fi\/","https:\/\/www.instagram.com\/vmsport\/"]}]}},"global_unique_id":"","_links":{"self":[{"href":"https:\/\/vmsport.fi\/sv\/wp-json\/wp\/v2\/product\/59712","targetHints":{"allow":["GET"]}}],"collection":[{"href":"https:\/\/vmsport.fi\/sv\/wp-json\/wp\/v2\/product"}],"about":[{"href":"https:\/\/vmsport.fi\/sv\/wp-json\/wp\/v2\/types\/product"}],"replies":[{"embeddable":true,"href":"https:\/\/vmsport.fi\/sv\/wp-json\/wp\/v2\/comments?post=59712"}],"wp:featuredmedia":[{"embeddable":true,"href":"https:\/\/vmsport.fi\/sv\/wp-json\/wp\/v2\/media\/60009"}],"wp:attachment":[{"href":"https:\/\/vmsport.fi\/sv\/wp-json\/wp\/v2\/media?parent=59712"}],"wp:term":[{"taxonomy":"product_brand","embeddable":true,"href":"https:\/\/vmsport.fi\/sv\/wp-json\/wp\/v2\/product_brand?post=59712"},{"taxonomy":"product_model","embeddable":true,"href":"https:\/\/vmsport.fi\/sv\/wp-json\/wp\/v2\/product_model?post=59712"},{"taxonomy":"product_cat","embeddable":true,"href":"https:\/\/vmsport.fi\/sv\/wp-json\/wp\/v2\/product_cat?post=59712"},{"taxonomy":"product_tag","embeddable":true,"href":"https:\/\/vmsport.fi\/sv\/wp-json\/wp\/v2\/product_tag?post=59712"},{"taxonomy":"industry_terminology","embeddable":true,"href":"https:\/\/vmsport.fi\/sv\/wp-json\/wp\/v2\/industry-terminology?post=59712"}],"curies":[{"name":"wp","href":"https:\/\/api.w.org\/{rel}","templated":true}]}}