{"id":59384,"date":"2025-06-04T15:06:16","date_gmt":"2025-06-04T12:06:16","guid":{"rendered":"https:\/\/vmsport.fi\/verkkokauppa\/Ei-luokiteltu\/orbea-terra-m31eteam-1x-xs-red\/"},"modified":"2026-01-16T13:21:18","modified_gmt":"2026-01-16T11:21:18","slug":"orbea-terra-m31eteam-1x-xs-rod","status":"publish","type":"product","link":"https:\/\/vmsport.fi\/sv\/verkkokauppa\/polkupyorat\/maantie-ja-gravel\/maantiepyorat\/orbea-terra-m31eteam-1x-xs-red\/","title":{"rendered":"ORBEA TERRA M31eTEAM 1X XS R\u00f6d"},"content":{"rendered":"<p>Orbea Terra M31eTEAM 1X tarjoaa monipuolisuutta ja suorituskyky\u00e4 vaativille py\u00f6r\u00e4ilij\u00f6ille. OMR-hiilikuiturunko ja t\u00e4yshiilikuituhaarukka tekev\u00e4t py\u00f6r\u00e4st\u00e4 kevyen ja j\u00e4yk\u00e4n, kun taas s\u00e4hk\u00f6inen SRAM Rival eTap AXS 1&#215;12 -voimansiirto mahdollistaa vaivattomat ja nopeat vaihteet. Rungonsis\u00e4isen LOCKR-s\u00e4ilytystilan ansiosta t\u00e4rke\u00e4t ty\u00f6kalut ja varusteet kulkevat mukana. Laaja rengasv\u00e4li (jopa 700&#215;45 mm tai 650b x 50 mm) avaa mahdollisuudet erilaisille alustoille ja seikkailuille.<\/p>","protected":false},"excerpt":{"rendered":"<p>Hiilikuiturunko, s\u00e4hk\u00f6inen vaihteisto, runkos\u00e4ilytys ja laaja rengasv\u00e4li tekev\u00e4t t\u00e4st\u00e4 monipuolisen gravel-py\u00f6r\u00e4n. [&#8230;]<\/p>\n<p><a class=\"btn btn-secondary understrap-read-more-link\" href=\"https:\/\/vmsport.fi\/sv\/verkkokauppa\/polkupyorat\/maantie-ja-gravel\/maantiepyorat\/orbea-terra-m31eteam-1x-xs-red\/\">L\u00e4s mer \u2026<span class=\"screen-reader-text\"> from ORBEA TERRA M31eTEAM 1X XS Red<\/span><\/a><\/p>\n","protected":false},"featured_media":59383,"comment_status":"open","ping_status":"closed","template":"","meta":{"_acf_changed":false,"_improvement_type_select":"improve_an_existing","_thumb_yes_seoaic":false,"_frame_yes_seoaic":false,"seoaic_generate_description":"","seoaic_improve_instructions_prompt":"","seoaic_rollback_content_improvement":"","seoaic_idea_thumbnail_generator":"","thumbnail_generated":false,"thumbnail_generate_prompt":"","seoaic_article_description":"","_supplier_stock_quantity":0},"product_brand":[],"product_model":[],"product_cat":[9332],"product_tag":[],"industry-terminology":[],"class_list":{"0":"post-59384","1":"product","2":"type-product","3":"status-publish","4":"has-post-thumbnail","6":"product_cat-maantiepyorat","8":"first","9":"outofstock","10":"taxable","11":"shipping-taxable","12":"product-type-simple"},"acf":{"bike_features":null,"overview":{"copy_overview":null,"key_features":null,"statement":"","youtube_url":""}},"yoast_head":"<!-- This site is optimized with the Yoast SEO plugin v27.3 - https:\/\/yoast.com\/product\/yoast-seo-wordpress\/ -->\n<title>ORBEA TERRA M31eTEAM 1X XS Red - VM Sport<\/title>\n<meta name=\"robots\" content=\"index, follow, max-snippet:-1, max-image-preview:large, max-video-preview:-1\" \/>\n<link rel=\"canonical\" href=\"https:\/\/vmsport.fi\/sv\/webbutik\/cyklar\/vag-och-grus\/backspeglar-vid-vagkanten\/orbea-terra-m31eteam-1x-xs-rod\/\" \/>\n<meta property=\"og:locale\" content=\"sv_SE\" \/>\n<meta property=\"og:type\" content=\"article\" \/>\n<meta property=\"og:title\" content=\"ORBEA TERRA M31eTEAM 1X XS Red - VM Sport\" \/>\n<meta property=\"og:description\" content=\"Hiilikuiturunko, s\u00e4hk\u00f6inen vaihteisto, runkos\u00e4ilytys ja laaja rengasv\u00e4li tekev\u00e4t t\u00e4st\u00e4 monipuolisen gravel-py\u00f6r\u00e4n. [...]L\u00e4s mer \u2026 from ORBEA TERRA M31eTEAM 1X XS Red\" \/>\n<meta property=\"og:url\" content=\"https:\/\/vmsport.fi\/sv\/webbutik\/cyklar\/vag-och-grus\/backspeglar-vid-vagkanten\/orbea-terra-m31eteam-1x-xs-rod\/\" \/>\n<meta property=\"og:site_name\" content=\"VM Sport\" \/>\n<meta property=\"article:publisher\" content=\"https:\/\/www.facebook.com\/Vmsport.fi\/\" \/>\n<meta property=\"article:modified_time\" content=\"2026-01-16T11:21:18+00:00\" \/>\n<meta property=\"og:image\" content=\"https:\/\/vmsport.fi\/wp-content\/uploads\/2025\/06\/XTkCvRecnfh1z8tQmE3bnjT2AlSYajRMtrDc2b86I3CSu6SiY3.jpg\" \/>\n\t<meta property=\"og:image:width\" content=\"1000\" \/>\n\t<meta property=\"og:image:height\" content=\"864\" \/>\n\t<meta property=\"og:image:type\" content=\"image\/jpeg\" \/>\n<meta name=\"twitter:card\" content=\"summary_large_image\" \/>\n<script type=\"application\/ld+json\" class=\"yoast-schema-graph\">{\"@context\":\"https:\\\/\\\/schema.org\",\"@graph\":[{\"@type\":[\"WebPage\",\"ItemPage\"],\"@id\":\"https:\\\/\\\/vmsport.fi\\\/verkkokauppa\\\/polkupyorat\\\/maantie-ja-gravel\\\/maantiepyorat\\\/orbea-terra-m31eteam-1x-xs-red\\\/\",\"url\":\"https:\\\/\\\/vmsport.fi\\\/verkkokauppa\\\/polkupyorat\\\/maantie-ja-gravel\\\/maantiepyorat\\\/orbea-terra-m31eteam-1x-xs-red\\\/\",\"name\":\"ORBEA TERRA M31eTEAM 1X XS Red - VM Sport\",\"isPartOf\":{\"@id\":\"https:\\\/\\\/vmsport.fi\\\/#website\"},\"primaryImageOfPage\":{\"@id\":\"https:\\\/\\\/vmsport.fi\\\/verkkokauppa\\\/polkupyorat\\\/maantie-ja-gravel\\\/maantiepyorat\\\/orbea-terra-m31eteam-1x-xs-red\\\/#primaryimage\"},\"image\":{\"@id\":\"https:\\\/\\\/vmsport.fi\\\/verkkokauppa\\\/polkupyorat\\\/maantie-ja-gravel\\\/maantiepyorat\\\/orbea-terra-m31eteam-1x-xs-red\\\/#primaryimage\"},\"thumbnailUrl\":\"https:\\\/\\\/vmsport.fi\\\/wp-content\\\/uploads\\\/2025\\\/06\\\/XTkCvRecnfh1z8tQmE3bnjT2AlSYajRMtrDc2b86I3CSu6SiY3.jpg\",\"datePublished\":\"2025-06-04T12:06:16+00:00\",\"dateModified\":\"2026-01-16T11:21:18+00:00\",\"breadcrumb\":{\"@id\":\"https:\\\/\\\/vmsport.fi\\\/verkkokauppa\\\/polkupyorat\\\/maantie-ja-gravel\\\/maantiepyorat\\\/orbea-terra-m31eteam-1x-xs-red\\\/#breadcrumb\"},\"inLanguage\":\"sv-SE\",\"potentialAction\":[{\"@type\":\"ReadAction\",\"target\":[\"https:\\\/\\\/vmsport.fi\\\/verkkokauppa\\\/polkupyorat\\\/maantie-ja-gravel\\\/maantiepyorat\\\/orbea-terra-m31eteam-1x-xs-red\\\/\"]}]},{\"@type\":\"ImageObject\",\"inLanguage\":\"sv-SE\",\"@id\":\"https:\\\/\\\/vmsport.fi\\\/verkkokauppa\\\/polkupyorat\\\/maantie-ja-gravel\\\/maantiepyorat\\\/orbea-terra-m31eteam-1x-xs-red\\\/#primaryimage\",\"url\":\"https:\\\/\\\/vmsport.fi\\\/wp-content\\\/uploads\\\/2025\\\/06\\\/XTkCvRecnfh1z8tQmE3bnjT2AlSYajRMtrDc2b86I3CSu6SiY3.jpg\",\"contentUrl\":\"https:\\\/\\\/vmsport.fi\\\/wp-content\\\/uploads\\\/2025\\\/06\\\/XTkCvRecnfh1z8tQmE3bnjT2AlSYajRMtrDc2b86I3CSu6SiY3.jpg\",\"width\":1000,\"height\":864,\"caption\":\"XTkCvRecnfh1z8tQmE3bnjT2AlSYajRMtrDc2b86I3CSu6SiY3\"},{\"@type\":\"BreadcrumbList\",\"@id\":\"https:\\\/\\\/vmsport.fi\\\/verkkokauppa\\\/polkupyorat\\\/maantie-ja-gravel\\\/maantiepyorat\\\/orbea-terra-m31eteam-1x-xs-red\\\/#breadcrumb\",\"itemListElement\":[{\"@type\":\"ListItem\",\"position\":1,\"name\":\"Etusivu\",\"item\":\"https:\\\/\\\/vmsport.fi\\\/\"},{\"@type\":\"ListItem\",\"position\":2,\"name\":\"Online Store\",\"item\":\"https:\\\/\\\/vmsport.fi\\\/en\\\/online-store\\\/\"},{\"@type\":\"ListItem\",\"position\":3,\"name\":\"ORBEA TERRA M31eTEAM 1X XS Red\"}]},{\"@type\":\"WebSite\",\"@id\":\"https:\\\/\\\/vmsport.fi\\\/#website\",\"url\":\"https:\\\/\\\/vmsport.fi\\\/\",\"name\":\"Vmsport\",\"description\":\"Kaikki py\u00f6r\u00e4ilyyn yhdest\u00e4 paikasta\",\"publisher\":{\"@id\":\"https:\\\/\\\/vmsport.fi\\\/#organization\"},\"potentialAction\":[{\"@type\":\"SearchAction\",\"target\":{\"@type\":\"EntryPoint\",\"urlTemplate\":\"https:\\\/\\\/vmsport.fi\\\/?s={search_term_string}\"},\"query-input\":{\"@type\":\"PropertyValueSpecification\",\"valueRequired\":true,\"valueName\":\"search_term_string\"}}],\"inLanguage\":\"sv-SE\"},{\"@type\":\"Organization\",\"@id\":\"https:\\\/\\\/vmsport.fi\\\/#organization\",\"name\":\"Vmsport\",\"url\":\"https:\\\/\\\/vmsport.fi\\\/\",\"logo\":{\"@type\":\"ImageObject\",\"inLanguage\":\"sv-SE\",\"@id\":\"https:\\\/\\\/vmsport.fi\\\/#\\\/schema\\\/logo\\\/image\\\/\",\"url\":\"https:\\\/\\\/vmsport.fi\\\/wp-content\\\/uploads\\\/2024\\\/12\\\/vm_sport_RGB_horisontal-e1734526017575.png\",\"contentUrl\":\"https:\\\/\\\/vmsport.fi\\\/wp-content\\\/uploads\\\/2024\\\/12\\\/vm_sport_RGB_horisontal-e1734526017575.png\",\"width\":668,\"height\":85,\"caption\":\"Vmsport\"},\"image\":{\"@id\":\"https:\\\/\\\/vmsport.fi\\\/#\\\/schema\\\/logo\\\/image\\\/\"},\"sameAs\":[\"https:\\\/\\\/www.facebook.com\\\/Vmsport.fi\\\/\",\"https:\\\/\\\/www.instagram.com\\\/vmsport\\\/\"]}]}<\/script>\n<!-- \/ Yoast SEO plugin. -->","yoast_head_json":{"title":"ORBEA TERRA M31eTEAM 1X XS R\u00f6d - VM Sport","robots":{"index":"index","follow":"follow","max-snippet":"max-snippet:-1","max-image-preview":"max-image-preview:large","max-video-preview":"max-video-preview:-1"},"canonical":"https:\/\/vmsport.fi\/sv\/webbutik\/cyklar\/vag-och-grus\/backspeglar-vid-vagkanten\/orbea-terra-m31eteam-1x-xs-rod\/","og_locale":"sv_SE","og_type":"article","og_title":"ORBEA TERRA M31eTEAM 1X XS Red - VM Sport","og_description":"Hiilikuiturunko, s\u00e4hk\u00f6inen vaihteisto, runkos\u00e4ilytys ja laaja rengasv\u00e4li tekev\u00e4t t\u00e4st\u00e4 monipuolisen gravel-py\u00f6r\u00e4n. [...]L\u00e4s mer \u2026 from ORBEA TERRA M31eTEAM 1X XS Red","og_url":"https:\/\/vmsport.fi\/sv\/webbutik\/cyklar\/vag-och-grus\/backspeglar-vid-vagkanten\/orbea-terra-m31eteam-1x-xs-rod\/","og_site_name":"VM Sport","article_publisher":"https:\/\/www.facebook.com\/Vmsport.fi\/","article_modified_time":"2026-01-16T11:21:18+00:00","og_image":[{"width":1000,"height":864,"url":"https:\/\/vmsport.fi\/wp-content\/uploads\/2025\/06\/XTkCvRecnfh1z8tQmE3bnjT2AlSYajRMtrDc2b86I3CSu6SiY3.jpg","type":"image\/jpeg"}],"twitter_card":"summary_large_image","schema":{"@context":"https:\/\/schema.org","@graph":[{"@type":["WebPage","ItemPage"],"@id":"https:\/\/vmsport.fi\/verkkokauppa\/polkupyorat\/maantie-ja-gravel\/maantiepyorat\/orbea-terra-m31eteam-1x-xs-red\/","url":"https:\/\/vmsport.fi\/verkkokauppa\/polkupyorat\/maantie-ja-gravel\/maantiepyorat\/orbea-terra-m31eteam-1x-xs-red\/","name":"ORBEA TERRA M31eTEAM 1X XS R\u00f6d - VM Sport","isPartOf":{"@id":"https:\/\/vmsport.fi\/#website"},"primaryImageOfPage":{"@id":"https:\/\/vmsport.fi\/verkkokauppa\/polkupyorat\/maantie-ja-gravel\/maantiepyorat\/orbea-terra-m31eteam-1x-xs-red\/#primaryimage"},"image":{"@id":"https:\/\/vmsport.fi\/verkkokauppa\/polkupyorat\/maantie-ja-gravel\/maantiepyorat\/orbea-terra-m31eteam-1x-xs-red\/#primaryimage"},"thumbnailUrl":"https:\/\/vmsport.fi\/wp-content\/uploads\/2025\/06\/XTkCvRecnfh1z8tQmE3bnjT2AlSYajRMtrDc2b86I3CSu6SiY3.jpg","datePublished":"2025-06-04T12:06:16+00:00","dateModified":"2026-01-16T11:21:18+00:00","breadcrumb":{"@id":"https:\/\/vmsport.fi\/verkkokauppa\/polkupyorat\/maantie-ja-gravel\/maantiepyorat\/orbea-terra-m31eteam-1x-xs-red\/#breadcrumb"},"inLanguage":"sv-SE","potentialAction":[{"@type":"ReadAction","target":["https:\/\/vmsport.fi\/verkkokauppa\/polkupyorat\/maantie-ja-gravel\/maantiepyorat\/orbea-terra-m31eteam-1x-xs-red\/"]}]},{"@type":"ImageObject","inLanguage":"sv-SE","@id":"https:\/\/vmsport.fi\/verkkokauppa\/polkupyorat\/maantie-ja-gravel\/maantiepyorat\/orbea-terra-m31eteam-1x-xs-red\/#primaryimage","url":"https:\/\/vmsport.fi\/wp-content\/uploads\/2025\/06\/XTkCvRecnfh1z8tQmE3bnjT2AlSYajRMtrDc2b86I3CSu6SiY3.jpg","contentUrl":"https:\/\/vmsport.fi\/wp-content\/uploads\/2025\/06\/XTkCvRecnfh1z8tQmE3bnjT2AlSYajRMtrDc2b86I3CSu6SiY3.jpg","width":1000,"height":864,"caption":"XTkCvRecnfh1z8tQmE3bnjT2AlSYajRMtrDc2b86I3CSu6SiY3"},{"@type":"BreadcrumbList","@id":"https:\/\/vmsport.fi\/verkkokauppa\/polkupyorat\/maantie-ja-gravel\/maantiepyorat\/orbea-terra-m31eteam-1x-xs-red\/#breadcrumb","itemListElement":[{"@type":"ListItem","position":1,"name":"Etusivu","item":"https:\/\/vmsport.fi\/"},{"@type":"ListItem","position":2,"name":"Online Store","item":"https:\/\/vmsport.fi\/en\/online-store\/"},{"@type":"ListItem","position":3,"name":"ORBEA TERRA M31eTEAM 1X XS Red"}]},{"@type":"WebSite","@id":"https:\/\/vmsport.fi\/#website","url":"https:\/\/vmsport.fi\/","name":"Vmsport","description":"Allt p\u00e5 ett st\u00e4lle f\u00f6r cykling","publisher":{"@id":"https:\/\/vmsport.fi\/#organization"},"potentialAction":[{"@type":"SearchAction","target":{"@type":"EntryPoint","urlTemplate":"https:\/\/vmsport.fi\/?s={search_term_string}"},"query-input":{"@type":"PropertyValueSpecification","valueRequired":true,"valueName":"search_term_string"}}],"inLanguage":"sv-SE"},{"@type":"Organization","@id":"https:\/\/vmsport.fi\/#organization","name":"Vmsport","url":"https:\/\/vmsport.fi\/","logo":{"@type":"ImageObject","inLanguage":"sv-SE","@id":"https:\/\/vmsport.fi\/#\/schema\/logo\/image\/","url":"https:\/\/vmsport.fi\/wp-content\/uploads\/2024\/12\/vm_sport_RGB_horisontal-e1734526017575.png","contentUrl":"https:\/\/vmsport.fi\/wp-content\/uploads\/2024\/12\/vm_sport_RGB_horisontal-e1734526017575.png","width":668,"height":85,"caption":"Vmsport"},"image":{"@id":"https:\/\/vmsport.fi\/#\/schema\/logo\/image\/"},"sameAs":["https:\/\/www.facebook.com\/Vmsport.fi\/","https:\/\/www.instagram.com\/vmsport\/"]}]}},"global_unique_id":"","_links":{"self":[{"href":"https:\/\/vmsport.fi\/sv\/wp-json\/wp\/v2\/product\/59384","targetHints":{"allow":["GET"]}}],"collection":[{"href":"https:\/\/vmsport.fi\/sv\/wp-json\/wp\/v2\/product"}],"about":[{"href":"https:\/\/vmsport.fi\/sv\/wp-json\/wp\/v2\/types\/product"}],"replies":[{"embeddable":true,"href":"https:\/\/vmsport.fi\/sv\/wp-json\/wp\/v2\/comments?post=59384"}],"wp:featuredmedia":[{"embeddable":true,"href":"https:\/\/vmsport.fi\/sv\/wp-json\/wp\/v2\/media\/59383"}],"wp:attachment":[{"href":"https:\/\/vmsport.fi\/sv\/wp-json\/wp\/v2\/media?parent=59384"}],"wp:term":[{"taxonomy":"product_brand","embeddable":true,"href":"https:\/\/vmsport.fi\/sv\/wp-json\/wp\/v2\/product_brand?post=59384"},{"taxonomy":"product_model","embeddable":true,"href":"https:\/\/vmsport.fi\/sv\/wp-json\/wp\/v2\/product_model?post=59384"},{"taxonomy":"product_cat","embeddable":true,"href":"https:\/\/vmsport.fi\/sv\/wp-json\/wp\/v2\/product_cat?post=59384"},{"taxonomy":"product_tag","embeddable":true,"href":"https:\/\/vmsport.fi\/sv\/wp-json\/wp\/v2\/product_tag?post=59384"},{"taxonomy":"industry_terminology","embeddable":true,"href":"https:\/\/vmsport.fi\/sv\/wp-json\/wp\/v2\/industry-terminology?post=59384"}],"curies":[{"name":"wp","href":"https:\/\/api.w.org\/{rel}","templated":true}]}}