{"id":58920,"date":"2025-05-12T12:22:05","date_gmt":"2025-05-12T09:22:05","guid":{"rendered":"https:\/\/vmsport.fi\/verkkokauppa\/Ei-luokiteltu\/trek-procaliber-9-5-gen-3-lava\/"},"modified":"2026-01-30T12:18:30","modified_gmt":"2026-01-30T10:18:30","slug":"trek-procaliber-9-5-gen-3-lava","status":"publish","type":"product","link":"https:\/\/vmsport.fi\/sv\/verkkokauppa\/polkupyorat\/maastopyorat\/etujousitetut-maastopyorat\/trek-procaliber-9-5-gen-3-lava\/","title":{"rendered":"Trek Procaliber 9.5 Gen 3 - Lava"},"content":{"rendered":"<p>TREK Procaliber 9.5 on kilpailuvalmis kevyt hiilikuituinen hardtail-maastopy\u00f6r\u00e4, jossa yhdistyy j\u00e4ykk\u00e4per\u00e4isen py\u00f6r\u00e4n tehokkuus sek\u00e4 IsoBow-teknologian tuoma parempi ajomukavuus. 120 mm:n RockShox Judy GOLD -etuhaarukka auttaa hallitsemaan vaativia polkuosuuksia, ja Shimano Deore 1&#215;12 -vaihteisto tarjoaa laajat vaihdev\u00e4lit vaihteleviin maastoihin. Hissitolppa, laaja rengastila ja hydrauliset levyjarrut lis\u00e4\u00e4v\u00e4t hallittavuutta ja k\u00e4yt\u00e4nn\u00f6llisyytt\u00e4 sek\u00e4 yksitt\u00e4isill\u00e4 ett\u00e4 teknisill\u00e4 reiteill\u00e4.<\/p>","protected":false},"excerpt":{"rendered":"<p>Kevyt hiilikuiturunko, IsoBow-t\u00e4rin\u00e4nvaimennus, 120 mm joustava RockShox-haarukka, luotettava Deore-voimansiirto ja tubeless-yhteensopivat kiekot. [&#8230;]<\/p>\n<p><a class=\"btn btn-secondary understrap-read-more-link\" href=\"https:\/\/vmsport.fi\/sv\/verkkokauppa\/polkupyorat\/maastopyorat\/etujousitetut-maastopyorat\/trek-procaliber-9-5-gen-3-lava\/\">L\u00e4s mer \u2026<span class=\"screen-reader-text\"> from Trek Procaliber 9.5 Gen 3 &#8211; Lava<\/span><\/a><\/p>\n","protected":false},"featured_media":58915,"comment_status":"open","ping_status":"closed","template":"","meta":{"_acf_changed":false,"_improvement_type_select":"improve_an_existing","_thumb_yes_seoaic":false,"_frame_yes_seoaic":false,"seoaic_generate_description":"","seoaic_improve_instructions_prompt":"","seoaic_rollback_content_improvement":"","seoaic_idea_thumbnail_generator":"","thumbnail_generated":false,"thumbnail_generate_prompt":"","seoaic_article_description":"","_supplier_stock_quantity":0},"product_brand":[],"product_model":[],"product_cat":[9404],"product_tag":[],"industry-terminology":[],"class_list":{"0":"post-58920","1":"product","2":"type-product","3":"status-publish","4":"has-post-thumbnail","6":"product_cat-etujousitetut-maastopyorat","8":"first","9":"instock","10":"taxable","11":"shipping-taxable","12":"purchasable","13":"product-type-variable"},"acf":{"bike_features":null,"overview":{"copy_overview":null,"key_features":null,"statement":"","youtube_url":""}},"yoast_head":"<!-- This site is optimized with the Yoast SEO plugin v27.3 - https:\/\/yoast.com\/product\/yoast-seo-wordpress\/ -->\n<title>Trek Procaliber 9.5 Gen 3 - Lava - VM Sport<\/title>\n<meta name=\"robots\" content=\"index, follow, max-snippet:-1, max-image-preview:large, max-video-preview:-1\" \/>\n<link rel=\"canonical\" href=\"https:\/\/vmsport.fi\/sv\/webbutik\/cyklar\/landskap-cikoria\/framfjadrade-terrangband-for-alla-typer-av-terrang\/trek-procaliber-9-5-gen-3-lava\/\" \/>\n<meta property=\"og:locale\" content=\"sv_SE\" \/>\n<meta property=\"og:type\" content=\"article\" \/>\n<meta property=\"og:title\" content=\"Trek Procaliber 9.5 Gen 3 - Lava - VM Sport\" \/>\n<meta property=\"og:description\" content=\"Kevyt hiilikuiturunko, IsoBow-t\u00e4rin\u00e4nvaimennus, 120 mm joustava RockShox-haarukka, luotettava Deore-voimansiirto ja tubeless-yhteensopivat kiekot. [...]L\u00e4s mer \u2026 from Trek Procaliber 9.5 Gen 3 &#8211; Lava\" \/>\n<meta property=\"og:url\" content=\"https:\/\/vmsport.fi\/sv\/webbutik\/cyklar\/landskap-cikoria\/framfjadrade-terrangband-for-alla-typer-av-terrang\/trek-procaliber-9-5-gen-3-lava\/\" \/>\n<meta property=\"og:site_name\" content=\"VM Sport\" \/>\n<meta property=\"article:publisher\" content=\"https:\/\/www.facebook.com\/Vmsport.fi\/\" \/>\n<meta property=\"article:modified_time\" content=\"2026-01-30T10:18:30+00:00\" \/>\n<meta property=\"og:image\" content=\"https:\/\/vmsport.fi\/wp-content\/uploads\/2025\/05\/eNHER07NBq87cwZ0ygMwheiHeUn6BN2WKAX3SgJH9uOBYGXNeK.jpg\" \/>\n\t<meta property=\"og:image:width\" content=\"1000\" \/>\n\t<meta property=\"og:image:height\" content=\"750\" \/>\n\t<meta property=\"og:image:type\" content=\"image\/jpeg\" \/>\n<meta name=\"twitter:card\" content=\"summary_large_image\" \/>\n<script type=\"application\/ld+json\" class=\"yoast-schema-graph\">{\"@context\":\"https:\\\/\\\/schema.org\",\"@graph\":[{\"@type\":[\"WebPage\",\"ItemPage\"],\"@id\":\"https:\\\/\\\/vmsport.fi\\\/verkkokauppa\\\/polkupyorat\\\/maastopyorat\\\/etujousitetut-maastopyorat\\\/trek-procaliber-9-5-gen-3-lava\\\/\",\"url\":\"https:\\\/\\\/vmsport.fi\\\/verkkokauppa\\\/polkupyorat\\\/maastopyorat\\\/etujousitetut-maastopyorat\\\/trek-procaliber-9-5-gen-3-lava\\\/\",\"name\":\"Trek Procaliber 9.5 Gen 3 - Lava - VM Sport\",\"isPartOf\":{\"@id\":\"https:\\\/\\\/vmsport.fi\\\/#website\"},\"primaryImageOfPage\":{\"@id\":\"https:\\\/\\\/vmsport.fi\\\/verkkokauppa\\\/polkupyorat\\\/maastopyorat\\\/etujousitetut-maastopyorat\\\/trek-procaliber-9-5-gen-3-lava\\\/#primaryimage\"},\"image\":{\"@id\":\"https:\\\/\\\/vmsport.fi\\\/verkkokauppa\\\/polkupyorat\\\/maastopyorat\\\/etujousitetut-maastopyorat\\\/trek-procaliber-9-5-gen-3-lava\\\/#primaryimage\"},\"thumbnailUrl\":\"https:\\\/\\\/vmsport.fi\\\/wp-content\\\/uploads\\\/2025\\\/05\\\/eNHER07NBq87cwZ0ygMwheiHeUn6BN2WKAX3SgJH9uOBYGXNeK.jpg\",\"datePublished\":\"2025-05-12T09:22:05+00:00\",\"dateModified\":\"2026-01-30T10:18:30+00:00\",\"breadcrumb\":{\"@id\":\"https:\\\/\\\/vmsport.fi\\\/verkkokauppa\\\/polkupyorat\\\/maastopyorat\\\/etujousitetut-maastopyorat\\\/trek-procaliber-9-5-gen-3-lava\\\/#breadcrumb\"},\"inLanguage\":\"sv-SE\",\"potentialAction\":[{\"@type\":\"ReadAction\",\"target\":[\"https:\\\/\\\/vmsport.fi\\\/verkkokauppa\\\/polkupyorat\\\/maastopyorat\\\/etujousitetut-maastopyorat\\\/trek-procaliber-9-5-gen-3-lava\\\/\"]}]},{\"@type\":\"ImageObject\",\"inLanguage\":\"sv-SE\",\"@id\":\"https:\\\/\\\/vmsport.fi\\\/verkkokauppa\\\/polkupyorat\\\/maastopyorat\\\/etujousitetut-maastopyorat\\\/trek-procaliber-9-5-gen-3-lava\\\/#primaryimage\",\"url\":\"https:\\\/\\\/vmsport.fi\\\/wp-content\\\/uploads\\\/2025\\\/05\\\/eNHER07NBq87cwZ0ygMwheiHeUn6BN2WKAX3SgJH9uOBYGXNeK.jpg\",\"contentUrl\":\"https:\\\/\\\/vmsport.fi\\\/wp-content\\\/uploads\\\/2025\\\/05\\\/eNHER07NBq87cwZ0ygMwheiHeUn6BN2WKAX3SgJH9uOBYGXNeK.jpg\",\"width\":1000,\"height\":750,\"caption\":\"eNHER07NBq87cwZ0ygMwheiHeUn6BN2WKAX3SgJH9uOBYGXNeK\"},{\"@type\":\"BreadcrumbList\",\"@id\":\"https:\\\/\\\/vmsport.fi\\\/verkkokauppa\\\/polkupyorat\\\/maastopyorat\\\/etujousitetut-maastopyorat\\\/trek-procaliber-9-5-gen-3-lava\\\/#breadcrumb\",\"itemListElement\":[{\"@type\":\"ListItem\",\"position\":1,\"name\":\"Etusivu\",\"item\":\"https:\\\/\\\/vmsport.fi\\\/\"},{\"@type\":\"ListItem\",\"position\":2,\"name\":\"Online Store\",\"item\":\"https:\\\/\\\/vmsport.fi\\\/en\\\/online-store\\\/\"},{\"@type\":\"ListItem\",\"position\":3,\"name\":\"Trek Procaliber 9.5 Gen 3 &#8211; Lava\"}]},{\"@type\":\"WebSite\",\"@id\":\"https:\\\/\\\/vmsport.fi\\\/#website\",\"url\":\"https:\\\/\\\/vmsport.fi\\\/\",\"name\":\"Vmsport\",\"description\":\"Kaikki py\u00f6r\u00e4ilyyn yhdest\u00e4 paikasta\",\"publisher\":{\"@id\":\"https:\\\/\\\/vmsport.fi\\\/#organization\"},\"potentialAction\":[{\"@type\":\"SearchAction\",\"target\":{\"@type\":\"EntryPoint\",\"urlTemplate\":\"https:\\\/\\\/vmsport.fi\\\/?s={search_term_string}\"},\"query-input\":{\"@type\":\"PropertyValueSpecification\",\"valueRequired\":true,\"valueName\":\"search_term_string\"}}],\"inLanguage\":\"sv-SE\"},{\"@type\":\"Organization\",\"@id\":\"https:\\\/\\\/vmsport.fi\\\/#organization\",\"name\":\"Vmsport\",\"url\":\"https:\\\/\\\/vmsport.fi\\\/\",\"logo\":{\"@type\":\"ImageObject\",\"inLanguage\":\"sv-SE\",\"@id\":\"https:\\\/\\\/vmsport.fi\\\/#\\\/schema\\\/logo\\\/image\\\/\",\"url\":\"https:\\\/\\\/vmsport.fi\\\/wp-content\\\/uploads\\\/2024\\\/12\\\/vm_sport_RGB_horisontal-e1734526017575.png\",\"contentUrl\":\"https:\\\/\\\/vmsport.fi\\\/wp-content\\\/uploads\\\/2024\\\/12\\\/vm_sport_RGB_horisontal-e1734526017575.png\",\"width\":668,\"height\":85,\"caption\":\"Vmsport\"},\"image\":{\"@id\":\"https:\\\/\\\/vmsport.fi\\\/#\\\/schema\\\/logo\\\/image\\\/\"},\"sameAs\":[\"https:\\\/\\\/www.facebook.com\\\/Vmsport.fi\\\/\",\"https:\\\/\\\/www.instagram.com\\\/vmsport\\\/\"]}]}<\/script>\n<!-- \/ Yoast SEO plugin. -->","yoast_head_json":{"title":"Trek Procaliber 9.5 Gen 3 - Lava - VM Sport","robots":{"index":"index","follow":"follow","max-snippet":"max-snippet:-1","max-image-preview":"max-image-preview:large","max-video-preview":"max-video-preview:-1"},"canonical":"https:\/\/vmsport.fi\/sv\/webbutik\/cyklar\/landskap-cikoria\/framfjadrade-terrangband-for-alla-typer-av-terrang\/trek-procaliber-9-5-gen-3-lava\/","og_locale":"sv_SE","og_type":"article","og_title":"Trek Procaliber 9.5 Gen 3 - Lava - VM Sport","og_description":"Kevyt hiilikuiturunko, IsoBow-t\u00e4rin\u00e4nvaimennus, 120 mm joustava RockShox-haarukka, luotettava Deore-voimansiirto ja tubeless-yhteensopivat kiekot. [...]L\u00e4s mer \u2026 from Trek Procaliber 9.5 Gen 3 &#8211; Lava","og_url":"https:\/\/vmsport.fi\/sv\/webbutik\/cyklar\/landskap-cikoria\/framfjadrade-terrangband-for-alla-typer-av-terrang\/trek-procaliber-9-5-gen-3-lava\/","og_site_name":"VM Sport","article_publisher":"https:\/\/www.facebook.com\/Vmsport.fi\/","article_modified_time":"2026-01-30T10:18:30+00:00","og_image":[{"width":1000,"height":750,"url":"https:\/\/vmsport.fi\/wp-content\/uploads\/2025\/05\/eNHER07NBq87cwZ0ygMwheiHeUn6BN2WKAX3SgJH9uOBYGXNeK.jpg","type":"image\/jpeg"}],"twitter_card":"summary_large_image","schema":{"@context":"https:\/\/schema.org","@graph":[{"@type":["WebPage","ItemPage"],"@id":"https:\/\/vmsport.fi\/verkkokauppa\/polkupyorat\/maastopyorat\/etujousitetut-maastopyorat\/trek-procaliber-9-5-gen-3-lava\/","url":"https:\/\/vmsport.fi\/verkkokauppa\/polkupyorat\/maastopyorat\/etujousitetut-maastopyorat\/trek-procaliber-9-5-gen-3-lava\/","name":"Trek Procaliber 9.5 Gen 3 - Lava - VM Sport","isPartOf":{"@id":"https:\/\/vmsport.fi\/#website"},"primaryImageOfPage":{"@id":"https:\/\/vmsport.fi\/verkkokauppa\/polkupyorat\/maastopyorat\/etujousitetut-maastopyorat\/trek-procaliber-9-5-gen-3-lava\/#primaryimage"},"image":{"@id":"https:\/\/vmsport.fi\/verkkokauppa\/polkupyorat\/maastopyorat\/etujousitetut-maastopyorat\/trek-procaliber-9-5-gen-3-lava\/#primaryimage"},"thumbnailUrl":"https:\/\/vmsport.fi\/wp-content\/uploads\/2025\/05\/eNHER07NBq87cwZ0ygMwheiHeUn6BN2WKAX3SgJH9uOBYGXNeK.jpg","datePublished":"2025-05-12T09:22:05+00:00","dateModified":"2026-01-30T10:18:30+00:00","breadcrumb":{"@id":"https:\/\/vmsport.fi\/verkkokauppa\/polkupyorat\/maastopyorat\/etujousitetut-maastopyorat\/trek-procaliber-9-5-gen-3-lava\/#breadcrumb"},"inLanguage":"sv-SE","potentialAction":[{"@type":"ReadAction","target":["https:\/\/vmsport.fi\/verkkokauppa\/polkupyorat\/maastopyorat\/etujousitetut-maastopyorat\/trek-procaliber-9-5-gen-3-lava\/"]}]},{"@type":"ImageObject","inLanguage":"sv-SE","@id":"https:\/\/vmsport.fi\/verkkokauppa\/polkupyorat\/maastopyorat\/etujousitetut-maastopyorat\/trek-procaliber-9-5-gen-3-lava\/#primaryimage","url":"https:\/\/vmsport.fi\/wp-content\/uploads\/2025\/05\/eNHER07NBq87cwZ0ygMwheiHeUn6BN2WKAX3SgJH9uOBYGXNeK.jpg","contentUrl":"https:\/\/vmsport.fi\/wp-content\/uploads\/2025\/05\/eNHER07NBq87cwZ0ygMwheiHeUn6BN2WKAX3SgJH9uOBYGXNeK.jpg","width":1000,"height":750,"caption":"eNHER07NBq87cwZ0ygMwheiHeUn6BN2WKAX3SgJH9uOBYGXNeK"},{"@type":"BreadcrumbList","@id":"https:\/\/vmsport.fi\/verkkokauppa\/polkupyorat\/maastopyorat\/etujousitetut-maastopyorat\/trek-procaliber-9-5-gen-3-lava\/#breadcrumb","itemListElement":[{"@type":"ListItem","position":1,"name":"Etusivu","item":"https:\/\/vmsport.fi\/"},{"@type":"ListItem","position":2,"name":"Online Store","item":"https:\/\/vmsport.fi\/en\/online-store\/"},{"@type":"ListItem","position":3,"name":"Trek Procaliber 9.5 Gen 3 &#8211; Lava"}]},{"@type":"WebSite","@id":"https:\/\/vmsport.fi\/#website","url":"https:\/\/vmsport.fi\/","name":"Vmsport","description":"Allt p\u00e5 ett st\u00e4lle f\u00f6r cykling","publisher":{"@id":"https:\/\/vmsport.fi\/#organization"},"potentialAction":[{"@type":"SearchAction","target":{"@type":"EntryPoint","urlTemplate":"https:\/\/vmsport.fi\/?s={search_term_string}"},"query-input":{"@type":"PropertyValueSpecification","valueRequired":true,"valueName":"search_term_string"}}],"inLanguage":"sv-SE"},{"@type":"Organization","@id":"https:\/\/vmsport.fi\/#organization","name":"Vmsport","url":"https:\/\/vmsport.fi\/","logo":{"@type":"ImageObject","inLanguage":"sv-SE","@id":"https:\/\/vmsport.fi\/#\/schema\/logo\/image\/","url":"https:\/\/vmsport.fi\/wp-content\/uploads\/2024\/12\/vm_sport_RGB_horisontal-e1734526017575.png","contentUrl":"https:\/\/vmsport.fi\/wp-content\/uploads\/2024\/12\/vm_sport_RGB_horisontal-e1734526017575.png","width":668,"height":85,"caption":"Vmsport"},"image":{"@id":"https:\/\/vmsport.fi\/#\/schema\/logo\/image\/"},"sameAs":["https:\/\/www.facebook.com\/Vmsport.fi\/","https:\/\/www.instagram.com\/vmsport\/"]}]}},"global_unique_id":"","_links":{"self":[{"href":"https:\/\/vmsport.fi\/sv\/wp-json\/wp\/v2\/product\/58920","targetHints":{"allow":["GET"]}}],"collection":[{"href":"https:\/\/vmsport.fi\/sv\/wp-json\/wp\/v2\/product"}],"about":[{"href":"https:\/\/vmsport.fi\/sv\/wp-json\/wp\/v2\/types\/product"}],"replies":[{"embeddable":true,"href":"https:\/\/vmsport.fi\/sv\/wp-json\/wp\/v2\/comments?post=58920"}],"wp:featuredmedia":[{"embeddable":true,"href":"https:\/\/vmsport.fi\/sv\/wp-json\/wp\/v2\/media\/58915"}],"wp:attachment":[{"href":"https:\/\/vmsport.fi\/sv\/wp-json\/wp\/v2\/media?parent=58920"}],"wp:term":[{"taxonomy":"product_brand","embeddable":true,"href":"https:\/\/vmsport.fi\/sv\/wp-json\/wp\/v2\/product_brand?post=58920"},{"taxonomy":"product_model","embeddable":true,"href":"https:\/\/vmsport.fi\/sv\/wp-json\/wp\/v2\/product_model?post=58920"},{"taxonomy":"product_cat","embeddable":true,"href":"https:\/\/vmsport.fi\/sv\/wp-json\/wp\/v2\/product_cat?post=58920"},{"taxonomy":"product_tag","embeddable":true,"href":"https:\/\/vmsport.fi\/sv\/wp-json\/wp\/v2\/product_tag?post=58920"},{"taxonomy":"industry_terminology","embeddable":true,"href":"https:\/\/vmsport.fi\/sv\/wp-json\/wp\/v2\/industry-terminology?post=58920"}],"curies":[{"name":"wp","href":"https:\/\/api.w.org\/{rel}","templated":true}]}}