{"id":58603,"date":"2025-04-21T22:57:37","date_gmt":"2025-04-21T19:57:37","guid":{"rendered":"https:\/\/vmsport.fi\/verkkokauppa\/Ei-luokiteltu\/orbea-urrun-30-bronze-silver\/"},"modified":"2026-04-02T13:56:30","modified_gmt":"2026-04-02T10:56:30","slug":"orbea-urrun-30-brons-silver","status":"publish","type":"product","link":"https:\/\/vmsport.fi\/sv\/verkkokauppa\/polkupyorat\/sahkopyorat\/sahkomaastopyorat\/etujousitetut-sahkomaastopyorat\/orbea-urrun-30-bronze-silver\/","title":{"rendered":"Orbea Urrun 30 Brons - Silver"},"content":{"rendered":"<h3 data-start=\"116\" data-end=\"166\">Orbea Urrun 30 - naturlig elektrisk assistans<\/h3>\n<p data-start=\"167\" data-end=\"260\">Orb\u00f6nor <em data-start=\"174\" data-end=\"181\">Urrun<\/em> medel <em data-start=\"193\" data-end=\"202\">\u201cl\u00e5ngt borta\u201d<\/em> - och denna EMTB-led tar dig l\u00e4ngre \u00e4n n\u00e5gonsin.<\/p>\n<ul data-start=\"262\" data-end=\"616\">\n<li data-start=\"262\" data-end=\"336\">\n<p data-start=\"264\" data-end=\"336\">Shimano EP600 RS Gen 2 MC -moottori \u2013 luonnollinen ja tarkka avustus<\/p>\n<\/li>\n<li data-start=\"337\" data-end=\"416\">\n<p data-start=\"339\" data-end=\"416\">RS- och RS+-l\u00e4gen - l\u00e4tt, l\u00e5ngv\u00e4ga k\u00f6rning eller full effekt (upp till 85 Nm)<\/p>\n<\/li>\n<li data-start=\"417\" data-end=\"474\">\n<p data-start=\"419\" data-end=\"474\">540 Wh akku \u2013 paljon energiaa ilman turhaa painoa<\/p>\n<\/li>\n<li data-start=\"475\" data-end=\"536\">\n<p data-start=\"477\" data-end=\"536\">Hydroformad aluminiumram - livstids Orbea-garanti<\/p>\n<\/li>\n<li data-start=\"537\" data-end=\"616\">\n<p data-start=\"539\" data-end=\"616\">120 mm framgaffel och modern geometri - l\u00e4tthanterlig och rolig att k\u00f6ra<\/p>\n<\/li>\n<\/ul>\n<p data-start=\"618\" data-end=\"706\">Urrun 30 ser ut som en mountainbike, k\u00e4nns som en mountainbike - men tar dig l\u00e4ngre.<\/p>","protected":false},"excerpt":{"rendered":"<p><strong data-start=\"1566\" data-end=\"1584\">Orbea Urrun 30<\/strong> \u2013 Trail-eMTB, joka ei n\u00e4yt\u00e4 s\u00e4hk\u00f6py\u00f6r\u00e4lt\u00e4.<br data-start=\"1627\" data-end=\"1630\" \/>Shimano EP8 RS Gen 2 MC -moottori tarjoaa luonnollisen avustuksen, jossa itse teet ty\u00f6t\u00e4 \u2013 sopivasti ja tarkasti. Valitse RS-tilassa pitk\u00e4kestoiseen ajoon tai napsauta RS+-tilaan, kun tarvitset huippuvoimaa (jopa 85 Nm).<br data-start=\"1850\" data-end=\"1853\" \/>630 Wh akku pit\u00e4\u00e4 virran yll\u00e4 pitk\u00e4\u00e4n ilman ylim\u00e4\u00e4r\u00e4ist\u00e4 painoa. Runko on hydroformattu alumiini, jonka viimeistely viimeistelee ilmeen \u2013 Orbean elinik\u00e4inen takuu kertoo laadun vakuudeksi.<br data-start=\"2041\" data-end=\"2044\" \/>Hallittu, kevyt ja hillitty: Urrun 30 vie seikkailuihin, joissa s\u00e4hk\u00f6avustus ei tunnu s\u00e4hk\u00f6lt\u00e4 \u2013 vaan luonnolliselta jatkeelta. [&#8230;]<\/p>\n<p><a class=\"btn btn-secondary understrap-read-more-link\" href=\"https:\/\/vmsport.fi\/sv\/verkkokauppa\/polkupyorat\/sahkopyorat\/sahkomaastopyorat\/etujousitetut-sahkomaastopyorat\/orbea-urrun-30-bronze-silver\/\">L\u00e4s mer \u2026<span class=\"screen-reader-text\"> from Orbea Urrun 30  Bronze &#8211; Silver<\/span><\/a><\/p>\n","protected":false},"featured_media":58602,"comment_status":"open","ping_status":"closed","template":"","meta":{"_acf_changed":false,"_improvement_type_select":"improve_an_existing","_thumb_yes_seoaic":false,"_frame_yes_seoaic":false,"seoaic_generate_description":"","seoaic_improve_instructions_prompt":"","seoaic_rollback_content_improvement":"","seoaic_idea_thumbnail_generator":"","thumbnail_generated":false,"thumbnail_generate_prompt":"","seoaic_article_description":"","_supplier_stock_quantity":0},"product_brand":[1579],"product_model":[1572],"product_cat":[9440],"product_tag":[],"industry-terminology":[],"class_list":{"0":"post-58603","1":"product","2":"type-product","3":"status-publish","4":"has-post-thumbnail","6":"product_brand-orbea","7":"product_model-urrun","8":"product_cat-etujousitetut-sahkomaastopyorat","10":"first","11":"instock","12":"sale","13":"taxable","14":"shipping-taxable","15":"purchasable","16":"product-type-variable"},"acf":{"bike_features":null,"overview":{"copy_overview":null,"key_features":null,"statement":"","youtube_url":""}},"yoast_head":"<!-- This site is optimized with the Yoast SEO plugin v27.3 - https:\/\/yoast.com\/product\/yoast-seo-wordpress\/ -->\n<title>Orbea Urrun 30 Bronze - Silver - VM Sport<\/title>\n<meta name=\"robots\" content=\"index, follow, max-snippet:-1, max-image-preview:large, max-video-preview:-1\" \/>\n<link rel=\"canonical\" href=\"https:\/\/vmsport.fi\/sv\/webbutik\/cyklar\/sahkopyorat\/sagverksskorsten\/frontfjadrade-sagtandsplogar\/orbea-urrun-30-brons-silver\/\" \/>\n<meta property=\"og:locale\" content=\"sv_SE\" \/>\n<meta property=\"og:type\" content=\"article\" \/>\n<meta property=\"og:title\" content=\"Orbea Urrun 30 Bronze - Silver - VM Sport\" \/>\n<meta property=\"og:description\" content=\"Orbea Urrun 30 \u2013 Trail-eMTB, joka ei n\u00e4yt\u00e4 s\u00e4hk\u00f6py\u00f6r\u00e4lt\u00e4.Shimano EP8 RS Gen 2 MC -moottori tarjoaa luonnollisen avustuksen, jossa itse teet ty\u00f6t\u00e4 \u2013 sopivasti ja tarkasti. Valitse RS-tilassa pitk\u00e4kestoiseen ajoon tai napsauta RS+-tilaan, kun tarvitset huippuvoimaa (jopa 85 Nm).630 Wh akku pit\u00e4\u00e4 virran yll\u00e4 pitk\u00e4\u00e4n ilman ylim\u00e4\u00e4r\u00e4ist\u00e4 painoa. Runko on hydroformattu alumiini, jonka viimeistely viimeistelee ilmeen \u2013 Orbean elinik\u00e4inen takuu kertoo laadun vakuudeksi.Hallittu, kevyt ja hillitty: Urrun 30 vie seikkailuihin, joissa s\u00e4hk\u00f6avustus ei tunnu s\u00e4hk\u00f6lt\u00e4 \u2013 vaan luonnolliselta jatkeelta. [...]L\u00e4s mer \u2026 from Orbea Urrun 30 Bronze &#8211; Silver\" \/>\n<meta property=\"og:url\" content=\"https:\/\/vmsport.fi\/sv\/webbutik\/cyklar\/sahkopyorat\/sagverksskorsten\/frontfjadrade-sagtandsplogar\/orbea-urrun-30-brons-silver\/\" \/>\n<meta property=\"og:site_name\" content=\"VM Sport\" \/>\n<meta property=\"article:publisher\" content=\"https:\/\/www.facebook.com\/Vmsport.fi\/\" \/>\n<meta property=\"article:modified_time\" content=\"2026-04-02T10:56:30+00:00\" \/>\n<meta property=\"og:image\" content=\"https:\/\/vmsport.fi\/wp-content\/uploads\/2025\/04\/S326TTCC-XY-SIDE-URRUN-30-over.jpg\" \/>\n\t<meta property=\"og:image:width\" content=\"1000\" \/>\n\t<meta property=\"og:image:height\" content=\"864\" \/>\n\t<meta property=\"og:image:type\" content=\"image\/jpeg\" \/>\n<meta name=\"twitter:card\" content=\"summary_large_image\" \/>\n<meta name=\"twitter:label1\" content=\"Ber\u00e4knad l\u00e4stid\" \/>\n\t<meta name=\"twitter:data1\" content=\"1 minut\" \/>\n<script type=\"application\/ld+json\" class=\"yoast-schema-graph\">{\"@context\":\"https:\\\/\\\/schema.org\",\"@graph\":[{\"@type\":[\"WebPage\",\"ItemPage\"],\"@id\":\"https:\\\/\\\/vmsport.fi\\\/verkkokauppa\\\/polkupyorat\\\/sahkopyorat\\\/sahkomaastopyorat\\\/etujousitetut-sahkomaastopyorat\\\/orbea-urrun-30-bronze-silver\\\/\",\"url\":\"https:\\\/\\\/vmsport.fi\\\/verkkokauppa\\\/polkupyorat\\\/sahkopyorat\\\/sahkomaastopyorat\\\/etujousitetut-sahkomaastopyorat\\\/orbea-urrun-30-bronze-silver\\\/\",\"name\":\"Orbea Urrun 30 Bronze - Silver - VM Sport\",\"isPartOf\":{\"@id\":\"https:\\\/\\\/vmsport.fi\\\/#website\"},\"primaryImageOfPage\":{\"@id\":\"https:\\\/\\\/vmsport.fi\\\/verkkokauppa\\\/polkupyorat\\\/sahkopyorat\\\/sahkomaastopyorat\\\/etujousitetut-sahkomaastopyorat\\\/orbea-urrun-30-bronze-silver\\\/#primaryimage\"},\"image\":{\"@id\":\"https:\\\/\\\/vmsport.fi\\\/verkkokauppa\\\/polkupyorat\\\/sahkopyorat\\\/sahkomaastopyorat\\\/etujousitetut-sahkomaastopyorat\\\/orbea-urrun-30-bronze-silver\\\/#primaryimage\"},\"thumbnailUrl\":\"https:\\\/\\\/vmsport.fi\\\/wp-content\\\/uploads\\\/2025\\\/04\\\/S326TTCC-XY-SIDE-URRUN-30-over.jpg\",\"datePublished\":\"2025-04-21T19:57:37+00:00\",\"dateModified\":\"2026-04-02T10:56:30+00:00\",\"breadcrumb\":{\"@id\":\"https:\\\/\\\/vmsport.fi\\\/verkkokauppa\\\/polkupyorat\\\/sahkopyorat\\\/sahkomaastopyorat\\\/etujousitetut-sahkomaastopyorat\\\/orbea-urrun-30-bronze-silver\\\/#breadcrumb\"},\"inLanguage\":\"sv-SE\",\"potentialAction\":[{\"@type\":\"ReadAction\",\"target\":[\"https:\\\/\\\/vmsport.fi\\\/verkkokauppa\\\/polkupyorat\\\/sahkopyorat\\\/sahkomaastopyorat\\\/etujousitetut-sahkomaastopyorat\\\/orbea-urrun-30-bronze-silver\\\/\"]}]},{\"@type\":\"ImageObject\",\"inLanguage\":\"sv-SE\",\"@id\":\"https:\\\/\\\/vmsport.fi\\\/verkkokauppa\\\/polkupyorat\\\/sahkopyorat\\\/sahkomaastopyorat\\\/etujousitetut-sahkomaastopyorat\\\/orbea-urrun-30-bronze-silver\\\/#primaryimage\",\"url\":\"https:\\\/\\\/vmsport.fi\\\/wp-content\\\/uploads\\\/2025\\\/04\\\/S326TTCC-XY-SIDE-URRUN-30-over.jpg\",\"contentUrl\":\"https:\\\/\\\/vmsport.fi\\\/wp-content\\\/uploads\\\/2025\\\/04\\\/S326TTCC-XY-SIDE-URRUN-30-over.jpg\",\"width\":1000,\"height\":864,\"caption\":\"S326TTCC-XY-SIDE-URRUN-30-over\"},{\"@type\":\"BreadcrumbList\",\"@id\":\"https:\\\/\\\/vmsport.fi\\\/verkkokauppa\\\/polkupyorat\\\/sahkopyorat\\\/sahkomaastopyorat\\\/etujousitetut-sahkomaastopyorat\\\/orbea-urrun-30-bronze-silver\\\/#breadcrumb\",\"itemListElement\":[{\"@type\":\"ListItem\",\"position\":1,\"name\":\"Etusivu\",\"item\":\"https:\\\/\\\/vmsport.fi\\\/\"},{\"@type\":\"ListItem\",\"position\":2,\"name\":\"Online Store\",\"item\":\"https:\\\/\\\/vmsport.fi\\\/en\\\/online-store\\\/\"},{\"@type\":\"ListItem\",\"position\":3,\"name\":\"Orbea polkupy\u00f6r\u00e4t\",\"item\":\"https:\\\/\\\/vmsport.fi\\\/sv\\\/merkki\\\/orbea\\\/\"},{\"@type\":\"ListItem\",\"position\":4,\"name\":\"Orbea Urrun 30 Bronze &#8211; Silver\"}]},{\"@type\":\"WebSite\",\"@id\":\"https:\\\/\\\/vmsport.fi\\\/#website\",\"url\":\"https:\\\/\\\/vmsport.fi\\\/\",\"name\":\"Vmsport\",\"description\":\"Kaikki py\u00f6r\u00e4ilyyn yhdest\u00e4 paikasta\",\"publisher\":{\"@id\":\"https:\\\/\\\/vmsport.fi\\\/#organization\"},\"potentialAction\":[{\"@type\":\"SearchAction\",\"target\":{\"@type\":\"EntryPoint\",\"urlTemplate\":\"https:\\\/\\\/vmsport.fi\\\/?s={search_term_string}\"},\"query-input\":{\"@type\":\"PropertyValueSpecification\",\"valueRequired\":true,\"valueName\":\"search_term_string\"}}],\"inLanguage\":\"sv-SE\"},{\"@type\":\"Organization\",\"@id\":\"https:\\\/\\\/vmsport.fi\\\/#organization\",\"name\":\"Vmsport\",\"url\":\"https:\\\/\\\/vmsport.fi\\\/\",\"logo\":{\"@type\":\"ImageObject\",\"inLanguage\":\"sv-SE\",\"@id\":\"https:\\\/\\\/vmsport.fi\\\/#\\\/schema\\\/logo\\\/image\\\/\",\"url\":\"https:\\\/\\\/vmsport.fi\\\/wp-content\\\/uploads\\\/2024\\\/12\\\/vm_sport_RGB_horisontal-e1734526017575.png\",\"contentUrl\":\"https:\\\/\\\/vmsport.fi\\\/wp-content\\\/uploads\\\/2024\\\/12\\\/vm_sport_RGB_horisontal-e1734526017575.png\",\"width\":668,\"height\":85,\"caption\":\"Vmsport\"},\"image\":{\"@id\":\"https:\\\/\\\/vmsport.fi\\\/#\\\/schema\\\/logo\\\/image\\\/\"},\"sameAs\":[\"https:\\\/\\\/www.facebook.com\\\/Vmsport.fi\\\/\",\"https:\\\/\\\/www.instagram.com\\\/vmsport\\\/\"]}]}<\/script>\n<!-- \/ Yoast SEO plugin. -->","yoast_head_json":{"title":"Orbea Urrun 30 Brons - Silver - VM Sport","robots":{"index":"index","follow":"follow","max-snippet":"max-snippet:-1","max-image-preview":"max-image-preview:large","max-video-preview":"max-video-preview:-1"},"canonical":"https:\/\/vmsport.fi\/sv\/webbutik\/cyklar\/sahkopyorat\/sagverksskorsten\/frontfjadrade-sagtandsplogar\/orbea-urrun-30-brons-silver\/","og_locale":"sv_SE","og_type":"article","og_title":"Orbea Urrun 30 Bronze - Silver - VM Sport","og_description":"Orbea Urrun 30 \u2013 Trail-eMTB, joka ei n\u00e4yt\u00e4 s\u00e4hk\u00f6py\u00f6r\u00e4lt\u00e4.Shimano EP8 RS Gen 2 MC -moottori tarjoaa luonnollisen avustuksen, jossa itse teet ty\u00f6t\u00e4 \u2013 sopivasti ja tarkasti. Valitse RS-tilassa pitk\u00e4kestoiseen ajoon tai napsauta RS+-tilaan, kun tarvitset huippuvoimaa (jopa 85 Nm).630 Wh akku pit\u00e4\u00e4 virran yll\u00e4 pitk\u00e4\u00e4n ilman ylim\u00e4\u00e4r\u00e4ist\u00e4 painoa. Runko on hydroformattu alumiini, jonka viimeistely viimeistelee ilmeen \u2013 Orbean elinik\u00e4inen takuu kertoo laadun vakuudeksi.Hallittu, kevyt ja hillitty: Urrun 30 vie seikkailuihin, joissa s\u00e4hk\u00f6avustus ei tunnu s\u00e4hk\u00f6lt\u00e4 \u2013 vaan luonnolliselta jatkeelta. [...]L\u00e4s mer \u2026 from Orbea Urrun 30 Bronze &#8211; Silver","og_url":"https:\/\/vmsport.fi\/sv\/webbutik\/cyklar\/sahkopyorat\/sagverksskorsten\/frontfjadrade-sagtandsplogar\/orbea-urrun-30-brons-silver\/","og_site_name":"VM Sport","article_publisher":"https:\/\/www.facebook.com\/Vmsport.fi\/","article_modified_time":"2026-04-02T10:56:30+00:00","og_image":[{"width":1000,"height":864,"url":"https:\/\/vmsport.fi\/wp-content\/uploads\/2025\/04\/S326TTCC-XY-SIDE-URRUN-30-over.jpg","type":"image\/jpeg"}],"twitter_card":"summary_large_image","twitter_misc":{"Ber\u00e4knad l\u00e4stid":"1 minut"},"schema":{"@context":"https:\/\/schema.org","@graph":[{"@type":["WebPage","ItemPage"],"@id":"https:\/\/vmsport.fi\/verkkokauppa\/polkupyorat\/sahkopyorat\/sahkomaastopyorat\/etujousitetut-sahkomaastopyorat\/orbea-urrun-30-bronze-silver\/","url":"https:\/\/vmsport.fi\/verkkokauppa\/polkupyorat\/sahkopyorat\/sahkomaastopyorat\/etujousitetut-sahkomaastopyorat\/orbea-urrun-30-bronze-silver\/","name":"Orbea Urrun 30 Brons - Silver - VM Sport","isPartOf":{"@id":"https:\/\/vmsport.fi\/#website"},"primaryImageOfPage":{"@id":"https:\/\/vmsport.fi\/verkkokauppa\/polkupyorat\/sahkopyorat\/sahkomaastopyorat\/etujousitetut-sahkomaastopyorat\/orbea-urrun-30-bronze-silver\/#primaryimage"},"image":{"@id":"https:\/\/vmsport.fi\/verkkokauppa\/polkupyorat\/sahkopyorat\/sahkomaastopyorat\/etujousitetut-sahkomaastopyorat\/orbea-urrun-30-bronze-silver\/#primaryimage"},"thumbnailUrl":"https:\/\/vmsport.fi\/wp-content\/uploads\/2025\/04\/S326TTCC-XY-SIDE-URRUN-30-over.jpg","datePublished":"2025-04-21T19:57:37+00:00","dateModified":"2026-04-02T10:56:30+00:00","breadcrumb":{"@id":"https:\/\/vmsport.fi\/verkkokauppa\/polkupyorat\/sahkopyorat\/sahkomaastopyorat\/etujousitetut-sahkomaastopyorat\/orbea-urrun-30-bronze-silver\/#breadcrumb"},"inLanguage":"sv-SE","potentialAction":[{"@type":"ReadAction","target":["https:\/\/vmsport.fi\/verkkokauppa\/polkupyorat\/sahkopyorat\/sahkomaastopyorat\/etujousitetut-sahkomaastopyorat\/orbea-urrun-30-bronze-silver\/"]}]},{"@type":"ImageObject","inLanguage":"sv-SE","@id":"https:\/\/vmsport.fi\/verkkokauppa\/polkupyorat\/sahkopyorat\/sahkomaastopyorat\/etujousitetut-sahkomaastopyorat\/orbea-urrun-30-bronze-silver\/#primaryimage","url":"https:\/\/vmsport.fi\/wp-content\/uploads\/2025\/04\/S326TTCC-XY-SIDE-URRUN-30-over.jpg","contentUrl":"https:\/\/vmsport.fi\/wp-content\/uploads\/2025\/04\/S326TTCC-XY-SIDE-URRUN-30-over.jpg","width":1000,"height":864,"caption":"S326TTCC-XY-SIDE-URRUN-30-over"},{"@type":"BreadcrumbList","@id":"https:\/\/vmsport.fi\/verkkokauppa\/polkupyorat\/sahkopyorat\/sahkomaastopyorat\/etujousitetut-sahkomaastopyorat\/orbea-urrun-30-bronze-silver\/#breadcrumb","itemListElement":[{"@type":"ListItem","position":1,"name":"Etusivu","item":"https:\/\/vmsport.fi\/"},{"@type":"ListItem","position":2,"name":"Online Store","item":"https:\/\/vmsport.fi\/en\/online-store\/"},{"@type":"ListItem","position":3,"name":"Orbea polkupy\u00f6r\u00e4t","item":"https:\/\/vmsport.fi\/sv\/merkki\/orbea\/"},{"@type":"ListItem","position":4,"name":"Orbea Urrun 30 Bronze &#8211; Silver"}]},{"@type":"WebSite","@id":"https:\/\/vmsport.fi\/#website","url":"https:\/\/vmsport.fi\/","name":"Vmsport","description":"Allt p\u00e5 ett st\u00e4lle f\u00f6r cykling","publisher":{"@id":"https:\/\/vmsport.fi\/#organization"},"potentialAction":[{"@type":"SearchAction","target":{"@type":"EntryPoint","urlTemplate":"https:\/\/vmsport.fi\/?s={search_term_string}"},"query-input":{"@type":"PropertyValueSpecification","valueRequired":true,"valueName":"search_term_string"}}],"inLanguage":"sv-SE"},{"@type":"Organization","@id":"https:\/\/vmsport.fi\/#organization","name":"Vmsport","url":"https:\/\/vmsport.fi\/","logo":{"@type":"ImageObject","inLanguage":"sv-SE","@id":"https:\/\/vmsport.fi\/#\/schema\/logo\/image\/","url":"https:\/\/vmsport.fi\/wp-content\/uploads\/2024\/12\/vm_sport_RGB_horisontal-e1734526017575.png","contentUrl":"https:\/\/vmsport.fi\/wp-content\/uploads\/2024\/12\/vm_sport_RGB_horisontal-e1734526017575.png","width":668,"height":85,"caption":"Vmsport"},"image":{"@id":"https:\/\/vmsport.fi\/#\/schema\/logo\/image\/"},"sameAs":["https:\/\/www.facebook.com\/Vmsport.fi\/","https:\/\/www.instagram.com\/vmsport\/"]}]}},"global_unique_id":"","_links":{"self":[{"href":"https:\/\/vmsport.fi\/sv\/wp-json\/wp\/v2\/product\/58603","targetHints":{"allow":["GET"]}}],"collection":[{"href":"https:\/\/vmsport.fi\/sv\/wp-json\/wp\/v2\/product"}],"about":[{"href":"https:\/\/vmsport.fi\/sv\/wp-json\/wp\/v2\/types\/product"}],"replies":[{"embeddable":true,"href":"https:\/\/vmsport.fi\/sv\/wp-json\/wp\/v2\/comments?post=58603"}],"wp:featuredmedia":[{"embeddable":true,"href":"https:\/\/vmsport.fi\/sv\/wp-json\/wp\/v2\/media\/58602"}],"wp:attachment":[{"href":"https:\/\/vmsport.fi\/sv\/wp-json\/wp\/v2\/media?parent=58603"}],"wp:term":[{"taxonomy":"product_brand","embeddable":true,"href":"https:\/\/vmsport.fi\/sv\/wp-json\/wp\/v2\/product_brand?post=58603"},{"taxonomy":"product_model","embeddable":true,"href":"https:\/\/vmsport.fi\/sv\/wp-json\/wp\/v2\/product_model?post=58603"},{"taxonomy":"product_cat","embeddable":true,"href":"https:\/\/vmsport.fi\/sv\/wp-json\/wp\/v2\/product_cat?post=58603"},{"taxonomy":"product_tag","embeddable":true,"href":"https:\/\/vmsport.fi\/sv\/wp-json\/wp\/v2\/product_tag?post=58603"},{"taxonomy":"industry_terminology","embeddable":true,"href":"https:\/\/vmsport.fi\/sv\/wp-json\/wp\/v2\/industry-terminology?post=58603"}],"curies":[{"name":"wp","href":"https:\/\/api.w.org\/{rel}","templated":true}]}}