{"id":58586,"date":"2025-04-21T22:42:51","date_gmt":"2025-04-21T19:42:51","guid":{"rendered":"https:\/\/vmsport.fi\/verkkokauppa\/Ei-luokiteltu\/orbea-rise-lt-h20-diamond-black-splash-olive-green-matt\/"},"modified":"2026-05-05T03:00:32","modified_gmt":"2026-05-05T00:00:32","slug":"orbea-rise-lt-h20-diamond-black-splash-olivgron-matt","status":"publish","type":"product","link":"https:\/\/vmsport.fi\/sv\/verkkokauppa\/polkupyorat\/sahkopyorat\/sahkomaastopyorat\/taysjousitetut-sahkomaastopyorat\/orbea-rise-lt-h20-diamond-black-splash-olive-green-matt\/","title":{"rendered":"Orbea RISE LT H20 - Diamond Black-Splash Olive Green (Matt)"},"content":{"rendered":"<p>Orbea RISE LT H20 on suunniteltu vaativaan s\u00e4hk\u00f6avusteiseen maastoajoon. Fox Float Performance -iskunvaimennin ja Fox 36 Float etuhaarukka tarjoavat yhteens\u00e4 150 mm joustoa. Shimano EP600 Gen2 moottori ja 630Wh sis\u00e4inen akku yhdess\u00e4 takaavat luonnollisen avustuksen ja pitk\u00e4n toimintamatkan. Vaihteistona toimii Shimano Deore ja SLX nykyaikaisella 12-vaihteisella mekanismilla, kasettina 10-51 hammasta. Jarrutuksesta huolehtivat Shimano MT420 hydrauliset levyjarrut, jotka soveltuvat monenlaiseen maastoajoon. Py\u00f6r\u00e4ss\u00e4 on Race Face AR 30c vanteet ja Maxxis Minion DHR II renkaat, jotka tukevat mukavaa ja pitoa tarjoavaa ajoa. OC Mountain Control dropper-tolppa lis\u00e4\u00e4 ajomukavuutta teknisiss\u00e4 olosuhteissa.<\/p>","protected":false},"excerpt":{"rendered":"<p>Orbea RISE LT H20 on 150 mm joustolla ja tehokkaalla Shimano EP600 moottorilla varustettu s\u00e4hk\u00f6l\u00e4skipy\u00f6r\u00e4, jossa on laadukkaat Race Face vanteet ja laaja 12-vaihteinen Shimano vaihteisto. [&#8230;]<\/p>\n<p><a class=\"btn btn-secondary understrap-read-more-link\" href=\"https:\/\/vmsport.fi\/sv\/verkkokauppa\/polkupyorat\/sahkopyorat\/sahkomaastopyorat\/taysjousitetut-sahkomaastopyorat\/orbea-rise-lt-h20-diamond-black-splash-olive-green-matt\/\">L\u00e4s mer \u2026<span class=\"screen-reader-text\"> from Orbea RISE LT H20 &#8211; Diamond Black-Splash Olive Green (Matt)<\/span><\/a><\/p>\n","protected":false},"featured_media":58585,"comment_status":"open","ping_status":"closed","template":"","meta":{"_acf_changed":false,"_improvement_type_select":"improve_an_existing","_thumb_yes_seoaic":false,"_frame_yes_seoaic":false,"seoaic_generate_description":"","seoaic_improve_instructions_prompt":"","seoaic_rollback_content_improvement":"","seoaic_idea_thumbnail_generator":"","thumbnail_generated":false,"thumbnail_generate_prompt":"","seoaic_article_description":"","_supplier_stock_quantity":0},"product_brand":[1579],"product_model":[1570],"product_cat":[9406],"product_tag":[],"industry-terminology":[],"class_list":{"0":"post-58586","1":"product","2":"type-product","3":"status-publish","4":"has-post-thumbnail","6":"product_brand-orbea","7":"product_model-rise","8":"product_cat-taysjousitetut-sahkomaastopyorat","10":"first","11":"instock","12":"sale","13":"taxable","14":"shipping-taxable","15":"purchasable","16":"product-type-variable"},"acf":{"bike_features":null,"overview":{"copy_overview":null,"key_features":null,"statement":"","youtube_url":""}},"yoast_head":"<!-- This site is optimized with the Yoast SEO plugin v27.5 - https:\/\/yoast.com\/product\/yoast-seo-wordpress\/ -->\n<title>Orbea RISE LT H20 - Diamond Black-Splash Olive Green (Matt) - VM Sport<\/title>\n<meta name=\"robots\" content=\"index, follow, max-snippet:-1, max-image-preview:large, max-video-preview:-1\" \/>\n<link rel=\"canonical\" href=\"https:\/\/vmsport.fi\/sv\/webbutik\/cyklar\/sahkopyorat\/sagverksskorsten\/sagverksborrmaskiner-med-vagfjadrar\/orbea-rise-lt-h20-diamond-black-splash-olivgron-matt\/\" \/>\n<meta property=\"og:locale\" content=\"sv_SE\" \/>\n<meta property=\"og:type\" content=\"article\" \/>\n<meta property=\"og:title\" content=\"Orbea RISE LT H20 - Diamond Black-Splash Olive Green (Matt) - VM Sport\" \/>\n<meta property=\"og:description\" content=\"Orbea RISE LT H20 on 150 mm joustolla ja tehokkaalla Shimano EP600 moottorilla varustettu s\u00e4hk\u00f6l\u00e4skipy\u00f6r\u00e4, jossa on laadukkaat Race Face vanteet ja laaja 12-vaihteinen Shimano vaihteisto. [...]L\u00e4s mer \u2026 from Orbea RISE LT H20 &#8211; Diamond Black-Splash Olive Green (Matt)\" \/>\n<meta property=\"og:url\" content=\"https:\/\/vmsport.fi\/sv\/webbutik\/cyklar\/sahkopyorat\/sagverksskorsten\/sagverksborrmaskiner-med-vagfjadrar\/orbea-rise-lt-h20-diamond-black-splash-olivgron-matt\/\" \/>\n<meta property=\"og:site_name\" content=\"VM Sport\" \/>\n<meta property=\"article:publisher\" content=\"https:\/\/www.facebook.com\/Vmsport.fi\/\" \/>\n<meta property=\"article:modified_time\" content=\"2026-05-05T00:00:32+00:00\" \/>\n<meta property=\"og:image\" content=\"https:\/\/vmsport.fi\/wp-content\/uploads\/2025\/04\/ORBEA-Rise-LTH20.jpg\" \/>\n\t<meta property=\"og:image:width\" content=\"1000\" \/>\n\t<meta property=\"og:image:height\" content=\"605\" \/>\n\t<meta property=\"og:image:type\" content=\"image\/jpeg\" \/>\n<meta name=\"twitter:card\" content=\"summary_large_image\" \/>\n<script type=\"application\/ld+json\" class=\"yoast-schema-graph\">{\"@context\":\"https:\\\/\\\/schema.org\",\"@graph\":[{\"@type\":[\"WebPage\",\"ItemPage\"],\"@id\":\"https:\\\/\\\/vmsport.fi\\\/verkkokauppa\\\/polkupyorat\\\/sahkopyorat\\\/sahkomaastopyorat\\\/taysjousitetut-sahkomaastopyorat\\\/orbea-rise-lt-h20-diamond-black-splash-olive-green-matt\\\/\",\"url\":\"https:\\\/\\\/vmsport.fi\\\/verkkokauppa\\\/polkupyorat\\\/sahkopyorat\\\/sahkomaastopyorat\\\/taysjousitetut-sahkomaastopyorat\\\/orbea-rise-lt-h20-diamond-black-splash-olive-green-matt\\\/\",\"name\":\"Orbea RISE LT H20 - Diamond Black-Splash Olive Green (Matt) - VM Sport\",\"isPartOf\":{\"@id\":\"https:\\\/\\\/vmsport.fi\\\/#website\"},\"primaryImageOfPage\":{\"@id\":\"https:\\\/\\\/vmsport.fi\\\/verkkokauppa\\\/polkupyorat\\\/sahkopyorat\\\/sahkomaastopyorat\\\/taysjousitetut-sahkomaastopyorat\\\/orbea-rise-lt-h20-diamond-black-splash-olive-green-matt\\\/#primaryimage\"},\"image\":{\"@id\":\"https:\\\/\\\/vmsport.fi\\\/verkkokauppa\\\/polkupyorat\\\/sahkopyorat\\\/sahkomaastopyorat\\\/taysjousitetut-sahkomaastopyorat\\\/orbea-rise-lt-h20-diamond-black-splash-olive-green-matt\\\/#primaryimage\"},\"thumbnailUrl\":\"https:\\\/\\\/vmsport.fi\\\/wp-content\\\/uploads\\\/2025\\\/04\\\/ORBEA-Rise-LTH20.jpg\",\"datePublished\":\"2025-04-21T19:42:51+00:00\",\"dateModified\":\"2026-05-05T00:00:32+00:00\",\"breadcrumb\":{\"@id\":\"https:\\\/\\\/vmsport.fi\\\/verkkokauppa\\\/polkupyorat\\\/sahkopyorat\\\/sahkomaastopyorat\\\/taysjousitetut-sahkomaastopyorat\\\/orbea-rise-lt-h20-diamond-black-splash-olive-green-matt\\\/#breadcrumb\"},\"inLanguage\":\"sv-SE\",\"potentialAction\":[{\"@type\":\"ReadAction\",\"target\":[\"https:\\\/\\\/vmsport.fi\\\/verkkokauppa\\\/polkupyorat\\\/sahkopyorat\\\/sahkomaastopyorat\\\/taysjousitetut-sahkomaastopyorat\\\/orbea-rise-lt-h20-diamond-black-splash-olive-green-matt\\\/\"]}]},{\"@type\":\"ImageObject\",\"inLanguage\":\"sv-SE\",\"@id\":\"https:\\\/\\\/vmsport.fi\\\/verkkokauppa\\\/polkupyorat\\\/sahkopyorat\\\/sahkomaastopyorat\\\/taysjousitetut-sahkomaastopyorat\\\/orbea-rise-lt-h20-diamond-black-splash-olive-green-matt\\\/#primaryimage\",\"url\":\"https:\\\/\\\/vmsport.fi\\\/wp-content\\\/uploads\\\/2025\\\/04\\\/ORBEA-Rise-LTH20.jpg\",\"contentUrl\":\"https:\\\/\\\/vmsport.fi\\\/wp-content\\\/uploads\\\/2025\\\/04\\\/ORBEA-Rise-LTH20.jpg\",\"width\":1000,\"height\":605,\"caption\":\"ORBEA-Rise-LTH20\"},{\"@type\":\"BreadcrumbList\",\"@id\":\"https:\\\/\\\/vmsport.fi\\\/verkkokauppa\\\/polkupyorat\\\/sahkopyorat\\\/sahkomaastopyorat\\\/taysjousitetut-sahkomaastopyorat\\\/orbea-rise-lt-h20-diamond-black-splash-olive-green-matt\\\/#breadcrumb\",\"itemListElement\":[{\"@type\":\"ListItem\",\"position\":1,\"name\":\"Etusivu\",\"item\":\"https:\\\/\\\/vmsport.fi\\\/\"},{\"@type\":\"ListItem\",\"position\":2,\"name\":\"Online Store\",\"item\":\"https:\\\/\\\/vmsport.fi\\\/en\\\/online-store\\\/\"},{\"@type\":\"ListItem\",\"position\":3,\"name\":\"Orbea polkupy\u00f6r\u00e4t\",\"item\":\"https:\\\/\\\/vmsport.fi\\\/sv\\\/merkki\\\/orbea\\\/\"},{\"@type\":\"ListItem\",\"position\":4,\"name\":\"Orbea RISE LT H20 &#8211; Diamond Black-Splash Olive Green (Matt)\"}]},{\"@type\":\"WebSite\",\"@id\":\"https:\\\/\\\/vmsport.fi\\\/#website\",\"url\":\"https:\\\/\\\/vmsport.fi\\\/\",\"name\":\"Vmsport\",\"description\":\"Kaikki py\u00f6r\u00e4ilyyn yhdest\u00e4 paikasta\",\"publisher\":{\"@id\":\"https:\\\/\\\/vmsport.fi\\\/#organization\"},\"potentialAction\":[{\"@type\":\"SearchAction\",\"target\":{\"@type\":\"EntryPoint\",\"urlTemplate\":\"https:\\\/\\\/vmsport.fi\\\/?s={search_term_string}\"},\"query-input\":{\"@type\":\"PropertyValueSpecification\",\"valueRequired\":true,\"valueName\":\"search_term_string\"}}],\"inLanguage\":\"sv-SE\"},{\"@type\":\"Organization\",\"@id\":\"https:\\\/\\\/vmsport.fi\\\/#organization\",\"name\":\"Vmsport\",\"url\":\"https:\\\/\\\/vmsport.fi\\\/\",\"logo\":{\"@type\":\"ImageObject\",\"inLanguage\":\"sv-SE\",\"@id\":\"https:\\\/\\\/vmsport.fi\\\/#\\\/schema\\\/logo\\\/image\\\/\",\"url\":\"https:\\\/\\\/vmsport.fi\\\/wp-content\\\/uploads\\\/2024\\\/12\\\/vm_sport_RGB_horisontal-e1734526017575.png\",\"contentUrl\":\"https:\\\/\\\/vmsport.fi\\\/wp-content\\\/uploads\\\/2024\\\/12\\\/vm_sport_RGB_horisontal-e1734526017575.png\",\"width\":668,\"height\":85,\"caption\":\"Vmsport\"},\"image\":{\"@id\":\"https:\\\/\\\/vmsport.fi\\\/#\\\/schema\\\/logo\\\/image\\\/\"},\"sameAs\":[\"https:\\\/\\\/www.facebook.com\\\/Vmsport.fi\\\/\",\"https:\\\/\\\/www.instagram.com\\\/vmsport\\\/\"]}]}<\/script>\n<!-- \/ Yoast SEO plugin. -->","yoast_head_json":{"title":"Orbea RISE LT H20 - Diamond Black-Splash Olive Green (Matt) - VM Sport","robots":{"index":"index","follow":"follow","max-snippet":"max-snippet:-1","max-image-preview":"max-image-preview:large","max-video-preview":"max-video-preview:-1"},"canonical":"https:\/\/vmsport.fi\/sv\/webbutik\/cyklar\/sahkopyorat\/sagverksskorsten\/sagverksborrmaskiner-med-vagfjadrar\/orbea-rise-lt-h20-diamond-black-splash-olivgron-matt\/","og_locale":"sv_SE","og_type":"article","og_title":"Orbea RISE LT H20 - Diamond Black-Splash Olive Green (Matt) - VM Sport","og_description":"Orbea RISE LT H20 on 150 mm joustolla ja tehokkaalla Shimano EP600 moottorilla varustettu s\u00e4hk\u00f6l\u00e4skipy\u00f6r\u00e4, jossa on laadukkaat Race Face vanteet ja laaja 12-vaihteinen Shimano vaihteisto. [...]L\u00e4s mer \u2026 from Orbea RISE LT H20 &#8211; Diamond Black-Splash Olive Green (Matt)","og_url":"https:\/\/vmsport.fi\/sv\/webbutik\/cyklar\/sahkopyorat\/sagverksskorsten\/sagverksborrmaskiner-med-vagfjadrar\/orbea-rise-lt-h20-diamond-black-splash-olivgron-matt\/","og_site_name":"VM Sport","article_publisher":"https:\/\/www.facebook.com\/Vmsport.fi\/","article_modified_time":"2026-05-05T00:00:32+00:00","og_image":[{"width":1000,"height":605,"url":"https:\/\/vmsport.fi\/wp-content\/uploads\/2025\/04\/ORBEA-Rise-LTH20.jpg","type":"image\/jpeg"}],"twitter_card":"summary_large_image","schema":{"@context":"https:\/\/schema.org","@graph":[{"@type":["WebPage","ItemPage"],"@id":"https:\/\/vmsport.fi\/verkkokauppa\/polkupyorat\/sahkopyorat\/sahkomaastopyorat\/taysjousitetut-sahkomaastopyorat\/orbea-rise-lt-h20-diamond-black-splash-olive-green-matt\/","url":"https:\/\/vmsport.fi\/verkkokauppa\/polkupyorat\/sahkopyorat\/sahkomaastopyorat\/taysjousitetut-sahkomaastopyorat\/orbea-rise-lt-h20-diamond-black-splash-olive-green-matt\/","name":"Orbea RISE LT H20 - Diamond Black-Splash Olive Green (Matt) - VM Sport","isPartOf":{"@id":"https:\/\/vmsport.fi\/#website"},"primaryImageOfPage":{"@id":"https:\/\/vmsport.fi\/verkkokauppa\/polkupyorat\/sahkopyorat\/sahkomaastopyorat\/taysjousitetut-sahkomaastopyorat\/orbea-rise-lt-h20-diamond-black-splash-olive-green-matt\/#primaryimage"},"image":{"@id":"https:\/\/vmsport.fi\/verkkokauppa\/polkupyorat\/sahkopyorat\/sahkomaastopyorat\/taysjousitetut-sahkomaastopyorat\/orbea-rise-lt-h20-diamond-black-splash-olive-green-matt\/#primaryimage"},"thumbnailUrl":"https:\/\/vmsport.fi\/wp-content\/uploads\/2025\/04\/ORBEA-Rise-LTH20.jpg","datePublished":"2025-04-21T19:42:51+00:00","dateModified":"2026-05-05T00:00:32+00:00","breadcrumb":{"@id":"https:\/\/vmsport.fi\/verkkokauppa\/polkupyorat\/sahkopyorat\/sahkomaastopyorat\/taysjousitetut-sahkomaastopyorat\/orbea-rise-lt-h20-diamond-black-splash-olive-green-matt\/#breadcrumb"},"inLanguage":"sv-SE","potentialAction":[{"@type":"ReadAction","target":["https:\/\/vmsport.fi\/verkkokauppa\/polkupyorat\/sahkopyorat\/sahkomaastopyorat\/taysjousitetut-sahkomaastopyorat\/orbea-rise-lt-h20-diamond-black-splash-olive-green-matt\/"]}]},{"@type":"ImageObject","inLanguage":"sv-SE","@id":"https:\/\/vmsport.fi\/verkkokauppa\/polkupyorat\/sahkopyorat\/sahkomaastopyorat\/taysjousitetut-sahkomaastopyorat\/orbea-rise-lt-h20-diamond-black-splash-olive-green-matt\/#primaryimage","url":"https:\/\/vmsport.fi\/wp-content\/uploads\/2025\/04\/ORBEA-Rise-LTH20.jpg","contentUrl":"https:\/\/vmsport.fi\/wp-content\/uploads\/2025\/04\/ORBEA-Rise-LTH20.jpg","width":1000,"height":605,"caption":"ORBEA-Rise-LTH20"},{"@type":"BreadcrumbList","@id":"https:\/\/vmsport.fi\/verkkokauppa\/polkupyorat\/sahkopyorat\/sahkomaastopyorat\/taysjousitetut-sahkomaastopyorat\/orbea-rise-lt-h20-diamond-black-splash-olive-green-matt\/#breadcrumb","itemListElement":[{"@type":"ListItem","position":1,"name":"Etusivu","item":"https:\/\/vmsport.fi\/"},{"@type":"ListItem","position":2,"name":"Online Store","item":"https:\/\/vmsport.fi\/en\/online-store\/"},{"@type":"ListItem","position":3,"name":"Orbea polkupy\u00f6r\u00e4t","item":"https:\/\/vmsport.fi\/sv\/merkki\/orbea\/"},{"@type":"ListItem","position":4,"name":"Orbea RISE LT H20 &#8211; Diamond Black-Splash Olive Green (Matt)"}]},{"@type":"WebSite","@id":"https:\/\/vmsport.fi\/#website","url":"https:\/\/vmsport.fi\/","name":"Vmsport","description":"Allt p\u00e5 ett st\u00e4lle f\u00f6r cykling","publisher":{"@id":"https:\/\/vmsport.fi\/#organization"},"potentialAction":[{"@type":"SearchAction","target":{"@type":"EntryPoint","urlTemplate":"https:\/\/vmsport.fi\/?s={search_term_string}"},"query-input":{"@type":"PropertyValueSpecification","valueRequired":true,"valueName":"search_term_string"}}],"inLanguage":"sv-SE"},{"@type":"Organization","@id":"https:\/\/vmsport.fi\/#organization","name":"Vmsport","url":"https:\/\/vmsport.fi\/","logo":{"@type":"ImageObject","inLanguage":"sv-SE","@id":"https:\/\/vmsport.fi\/#\/schema\/logo\/image\/","url":"https:\/\/vmsport.fi\/wp-content\/uploads\/2024\/12\/vm_sport_RGB_horisontal-e1734526017575.png","contentUrl":"https:\/\/vmsport.fi\/wp-content\/uploads\/2024\/12\/vm_sport_RGB_horisontal-e1734526017575.png","width":668,"height":85,"caption":"Vmsport"},"image":{"@id":"https:\/\/vmsport.fi\/#\/schema\/logo\/image\/"},"sameAs":["https:\/\/www.facebook.com\/Vmsport.fi\/","https:\/\/www.instagram.com\/vmsport\/"]}]}},"global_unique_id":"","_links":{"self":[{"href":"https:\/\/vmsport.fi\/sv\/wp-json\/wp\/v2\/product\/58586","targetHints":{"allow":["GET"]}}],"collection":[{"href":"https:\/\/vmsport.fi\/sv\/wp-json\/wp\/v2\/product"}],"about":[{"href":"https:\/\/vmsport.fi\/sv\/wp-json\/wp\/v2\/types\/product"}],"replies":[{"embeddable":true,"href":"https:\/\/vmsport.fi\/sv\/wp-json\/wp\/v2\/comments?post=58586"}],"wp:featuredmedia":[{"embeddable":true,"href":"https:\/\/vmsport.fi\/sv\/wp-json\/wp\/v2\/media\/58585"}],"wp:attachment":[{"href":"https:\/\/vmsport.fi\/sv\/wp-json\/wp\/v2\/media?parent=58586"}],"wp:term":[{"taxonomy":"product_brand","embeddable":true,"href":"https:\/\/vmsport.fi\/sv\/wp-json\/wp\/v2\/product_brand?post=58586"},{"taxonomy":"product_model","embeddable":true,"href":"https:\/\/vmsport.fi\/sv\/wp-json\/wp\/v2\/product_model?post=58586"},{"taxonomy":"product_cat","embeddable":true,"href":"https:\/\/vmsport.fi\/sv\/wp-json\/wp\/v2\/product_cat?post=58586"},{"taxonomy":"product_tag","embeddable":true,"href":"https:\/\/vmsport.fi\/sv\/wp-json\/wp\/v2\/product_tag?post=58586"},{"taxonomy":"industry_terminology","embeddable":true,"href":"https:\/\/vmsport.fi\/sv\/wp-json\/wp\/v2\/industry-terminology?post=58586"}],"curies":[{"name":"wp","href":"https:\/\/api.w.org\/{rel}","templated":true}]}}