{"id":58561,"date":"2025-04-19T13:42:51","date_gmt":"2025-04-19T10:42:51","guid":{"rendered":"https:\/\/vmsport.fi\/verkkokauppa\/Ei-luokiteltu\/bicycle-shoes-sh-rc302-black-wide-45-0\/"},"modified":"2026-03-14T02:00:19","modified_gmt":"2026-03-14T00:00:19","slug":"cykelskor-sh-rc302-svart-bred-45-0","status":"publish","type":"product","link":"https:\/\/vmsport.fi\/sv\/verkkokauppa\/ajovarusteet\/kengat\/maantiekengat\/bicycle-shoes-sh-rc302-black-wide-45-0\/","title":{"rendered":"Cykelskor SH-RC302 Svart Wide 45,0"},"content":{"rendered":"<p>Shimano SH-RC302 Wide landsv\u00e4gscykelskor \u00e4r s\u00e4rskilt utformade f\u00f6r cyklister med bred kroppsbyggnad och erbjuder en rymlig passform och minskar kompressionen \u00e4ven under l\u00e5nga turer. Skons design m\u00f6jligg\u00f6r effektiv kraft\u00f6verf\u00f6ring, vilket f\u00f6rb\u00e4ttrar cyklingens prestanda. Storleken och funktionerna \u00e4r utformade f\u00f6r att st\u00f6dja kraven p\u00e5 landsv\u00e4gscykling, vilket g\u00f6r skon till r\u00e4tt val f\u00f6r entusiaster med bred kropp och aktiva cyklister.<\/p>","protected":false},"excerpt":{"rendered":"<p>Leve\u00e4 lesti ja maantiepy\u00f6r\u00e4ilyyn soveltuva rakenne tarjoavat mukavuutta ja tehokkuutta leve\u00e4lestisille ajajille. [&#8230;]<\/p>\n<p><a class=\"btn btn-secondary understrap-read-more-link\" href=\"https:\/\/vmsport.fi\/sv\/verkkokauppa\/ajovarusteet\/kengat\/maantiekengat\/bicycle-shoes-sh-rc302-black-wide-45-0\/\">L\u00e4s mer \u2026<span class=\"screen-reader-text\"> from Bicycle Shoes SH-RC302 Black Wide 45.0<\/span><\/a><\/p>\n","protected":false},"featured_media":58557,"comment_status":"open","ping_status":"closed","template":"","meta":{"_acf_changed":false,"_improvement_type_select":"improve_an_existing","_thumb_yes_seoaic":false,"_frame_yes_seoaic":false,"seoaic_generate_description":"","seoaic_improve_instructions_prompt":"","seoaic_rollback_content_improvement":"","seoaic_idea_thumbnail_generator":"","thumbnail_generated":false,"thumbnail_generate_prompt":"","seoaic_article_description":"","_supplier_stock_quantity":0},"product_brand":[],"product_model":[],"product_cat":[9500],"product_tag":[],"industry-terminology":[],"class_list":{"0":"post-58561","1":"product","2":"type-product","3":"status-publish","4":"has-post-thumbnail","6":"product_cat-maantiekengat","8":"first","9":"instock","10":"taxable","11":"shipping-taxable","12":"purchasable","13":"product-type-simple"},"acf":{"bike_features":null,"overview":{"copy_overview":null,"key_features":null,"statement":"","youtube_url":""}},"yoast_head":"<!-- This site is optimized with the Yoast SEO plugin v27.3 - https:\/\/yoast.com\/product\/yoast-seo-wordpress\/ -->\n<title>Bicycle Shoes SH-RC302 Black Wide 45.0 - VM Sport<\/title>\n<meta name=\"robots\" content=\"index, follow, max-snippet:-1, max-image-preview:large, max-video-preview:-1\" \/>\n<link rel=\"canonical\" href=\"https:\/\/vmsport.fi\/sv\/webbutik\/korutrustning\/skor\/landningsskor\/cykelskor-sh-rc302-svart-bred-45-0\/\" \/>\n<meta property=\"og:locale\" content=\"sv_SE\" \/>\n<meta property=\"og:type\" content=\"article\" \/>\n<meta property=\"og:title\" content=\"Bicycle Shoes SH-RC302 Black Wide 45.0 - VM Sport\" \/>\n<meta property=\"og:description\" content=\"Leve\u00e4 lesti ja maantiepy\u00f6r\u00e4ilyyn soveltuva rakenne tarjoavat mukavuutta ja tehokkuutta leve\u00e4lestisille ajajille. [...]L\u00e4s mer \u2026 from Bicycle Shoes SH-RC302 Black Wide 45.0\" \/>\n<meta property=\"og:url\" content=\"https:\/\/vmsport.fi\/sv\/webbutik\/korutrustning\/skor\/landningsskor\/cykelskor-sh-rc302-svart-bred-45-0\/\" \/>\n<meta property=\"og:site_name\" content=\"VM Sport\" \/>\n<meta property=\"article:publisher\" content=\"https:\/\/www.facebook.com\/Vmsport.fi\/\" \/>\n<meta property=\"article:modified_time\" content=\"2026-03-14T00:00:19+00:00\" \/>\n<meta property=\"og:image\" content=\"https:\/\/vmsport.fi\/wp-content\/uploads\/2025\/04\/jTbXSuZEo3Ukg0TdxMa8LegKKqS98jPnUunNBdxs9zyW8fqpti.jpg\" \/>\n\t<meta property=\"og:image:width\" content=\"1000\" \/>\n\t<meta property=\"og:image:height\" content=\"1000\" \/>\n\t<meta property=\"og:image:type\" content=\"image\/jpeg\" \/>\n<meta name=\"twitter:card\" content=\"summary_large_image\" \/>\n<script type=\"application\/ld+json\" class=\"yoast-schema-graph\">{\"@context\":\"https:\\\/\\\/schema.org\",\"@graph\":[{\"@type\":[\"WebPage\",\"ItemPage\"],\"@id\":\"https:\\\/\\\/vmsport.fi\\\/verkkokauppa\\\/ajovarusteet\\\/kengat\\\/maantiekengat\\\/bicycle-shoes-sh-rc302-black-wide-45-0\\\/\",\"url\":\"https:\\\/\\\/vmsport.fi\\\/verkkokauppa\\\/ajovarusteet\\\/kengat\\\/maantiekengat\\\/bicycle-shoes-sh-rc302-black-wide-45-0\\\/\",\"name\":\"Bicycle Shoes SH-RC302 Black Wide 45.0 - VM Sport\",\"isPartOf\":{\"@id\":\"https:\\\/\\\/vmsport.fi\\\/#website\"},\"primaryImageOfPage\":{\"@id\":\"https:\\\/\\\/vmsport.fi\\\/verkkokauppa\\\/ajovarusteet\\\/kengat\\\/maantiekengat\\\/bicycle-shoes-sh-rc302-black-wide-45-0\\\/#primaryimage\"},\"image\":{\"@id\":\"https:\\\/\\\/vmsport.fi\\\/verkkokauppa\\\/ajovarusteet\\\/kengat\\\/maantiekengat\\\/bicycle-shoes-sh-rc302-black-wide-45-0\\\/#primaryimage\"},\"thumbnailUrl\":\"https:\\\/\\\/vmsport.fi\\\/wp-content\\\/uploads\\\/2025\\\/04\\\/jTbXSuZEo3Ukg0TdxMa8LegKKqS98jPnUunNBdxs9zyW8fqpti.jpg\",\"datePublished\":\"2025-04-19T10:42:51+00:00\",\"dateModified\":\"2026-03-14T00:00:19+00:00\",\"breadcrumb\":{\"@id\":\"https:\\\/\\\/vmsport.fi\\\/verkkokauppa\\\/ajovarusteet\\\/kengat\\\/maantiekengat\\\/bicycle-shoes-sh-rc302-black-wide-45-0\\\/#breadcrumb\"},\"inLanguage\":\"sv-SE\",\"potentialAction\":[{\"@type\":\"ReadAction\",\"target\":[\"https:\\\/\\\/vmsport.fi\\\/verkkokauppa\\\/ajovarusteet\\\/kengat\\\/maantiekengat\\\/bicycle-shoes-sh-rc302-black-wide-45-0\\\/\"]}]},{\"@type\":\"ImageObject\",\"inLanguage\":\"sv-SE\",\"@id\":\"https:\\\/\\\/vmsport.fi\\\/verkkokauppa\\\/ajovarusteet\\\/kengat\\\/maantiekengat\\\/bicycle-shoes-sh-rc302-black-wide-45-0\\\/#primaryimage\",\"url\":\"https:\\\/\\\/vmsport.fi\\\/wp-content\\\/uploads\\\/2025\\\/04\\\/jTbXSuZEo3Ukg0TdxMa8LegKKqS98jPnUunNBdxs9zyW8fqpti.jpg\",\"contentUrl\":\"https:\\\/\\\/vmsport.fi\\\/wp-content\\\/uploads\\\/2025\\\/04\\\/jTbXSuZEo3Ukg0TdxMa8LegKKqS98jPnUunNBdxs9zyW8fqpti.jpg\",\"width\":1000,\"height\":1000,\"caption\":\"jTbXSuZEo3Ukg0TdxMa8LegKKqS98jPnUunNBdxs9zyW8fqpti\"},{\"@type\":\"BreadcrumbList\",\"@id\":\"https:\\\/\\\/vmsport.fi\\\/verkkokauppa\\\/ajovarusteet\\\/kengat\\\/maantiekengat\\\/bicycle-shoes-sh-rc302-black-wide-45-0\\\/#breadcrumb\",\"itemListElement\":[{\"@type\":\"ListItem\",\"position\":1,\"name\":\"Etusivu\",\"item\":\"https:\\\/\\\/vmsport.fi\\\/\"},{\"@type\":\"ListItem\",\"position\":2,\"name\":\"Online Store\",\"item\":\"https:\\\/\\\/vmsport.fi\\\/en\\\/online-store\\\/\"},{\"@type\":\"ListItem\",\"position\":3,\"name\":\"Bicycle Shoes SH-RC302 Black Wide 45.0\"}]},{\"@type\":\"WebSite\",\"@id\":\"https:\\\/\\\/vmsport.fi\\\/#website\",\"url\":\"https:\\\/\\\/vmsport.fi\\\/\",\"name\":\"Vmsport\",\"description\":\"Kaikki py\u00f6r\u00e4ilyyn yhdest\u00e4 paikasta\",\"publisher\":{\"@id\":\"https:\\\/\\\/vmsport.fi\\\/#organization\"},\"potentialAction\":[{\"@type\":\"SearchAction\",\"target\":{\"@type\":\"EntryPoint\",\"urlTemplate\":\"https:\\\/\\\/vmsport.fi\\\/?s={search_term_string}\"},\"query-input\":{\"@type\":\"PropertyValueSpecification\",\"valueRequired\":true,\"valueName\":\"search_term_string\"}}],\"inLanguage\":\"sv-SE\"},{\"@type\":\"Organization\",\"@id\":\"https:\\\/\\\/vmsport.fi\\\/#organization\",\"name\":\"Vmsport\",\"url\":\"https:\\\/\\\/vmsport.fi\\\/\",\"logo\":{\"@type\":\"ImageObject\",\"inLanguage\":\"sv-SE\",\"@id\":\"https:\\\/\\\/vmsport.fi\\\/#\\\/schema\\\/logo\\\/image\\\/\",\"url\":\"https:\\\/\\\/vmsport.fi\\\/wp-content\\\/uploads\\\/2024\\\/12\\\/vm_sport_RGB_horisontal-e1734526017575.png\",\"contentUrl\":\"https:\\\/\\\/vmsport.fi\\\/wp-content\\\/uploads\\\/2024\\\/12\\\/vm_sport_RGB_horisontal-e1734526017575.png\",\"width\":668,\"height\":85,\"caption\":\"Vmsport\"},\"image\":{\"@id\":\"https:\\\/\\\/vmsport.fi\\\/#\\\/schema\\\/logo\\\/image\\\/\"},\"sameAs\":[\"https:\\\/\\\/www.facebook.com\\\/Vmsport.fi\\\/\",\"https:\\\/\\\/www.instagram.com\\\/vmsport\\\/\"]}]}<\/script>\n<!-- \/ Yoast SEO plugin. -->","yoast_head_json":{"title":"Cykelskor SH-RC302 Svart Wide 45,0 - VM Sport","robots":{"index":"index","follow":"follow","max-snippet":"max-snippet:-1","max-image-preview":"max-image-preview:large","max-video-preview":"max-video-preview:-1"},"canonical":"https:\/\/vmsport.fi\/sv\/webbutik\/korutrustning\/skor\/landningsskor\/cykelskor-sh-rc302-svart-bred-45-0\/","og_locale":"sv_SE","og_type":"article","og_title":"Bicycle Shoes SH-RC302 Black Wide 45.0 - VM Sport","og_description":"Leve\u00e4 lesti ja maantiepy\u00f6r\u00e4ilyyn soveltuva rakenne tarjoavat mukavuutta ja tehokkuutta leve\u00e4lestisille ajajille. [...]L\u00e4s mer \u2026 from Bicycle Shoes SH-RC302 Black Wide 45.0","og_url":"https:\/\/vmsport.fi\/sv\/webbutik\/korutrustning\/skor\/landningsskor\/cykelskor-sh-rc302-svart-bred-45-0\/","og_site_name":"VM Sport","article_publisher":"https:\/\/www.facebook.com\/Vmsport.fi\/","article_modified_time":"2026-03-14T00:00:19+00:00","og_image":[{"width":1000,"height":1000,"url":"https:\/\/vmsport.fi\/wp-content\/uploads\/2025\/04\/jTbXSuZEo3Ukg0TdxMa8LegKKqS98jPnUunNBdxs9zyW8fqpti.jpg","type":"image\/jpeg"}],"twitter_card":"summary_large_image","schema":{"@context":"https:\/\/schema.org","@graph":[{"@type":["WebPage","ItemPage"],"@id":"https:\/\/vmsport.fi\/verkkokauppa\/ajovarusteet\/kengat\/maantiekengat\/bicycle-shoes-sh-rc302-black-wide-45-0\/","url":"https:\/\/vmsport.fi\/verkkokauppa\/ajovarusteet\/kengat\/maantiekengat\/bicycle-shoes-sh-rc302-black-wide-45-0\/","name":"Cykelskor SH-RC302 Svart Wide 45,0 - VM Sport","isPartOf":{"@id":"https:\/\/vmsport.fi\/#website"},"primaryImageOfPage":{"@id":"https:\/\/vmsport.fi\/verkkokauppa\/ajovarusteet\/kengat\/maantiekengat\/bicycle-shoes-sh-rc302-black-wide-45-0\/#primaryimage"},"image":{"@id":"https:\/\/vmsport.fi\/verkkokauppa\/ajovarusteet\/kengat\/maantiekengat\/bicycle-shoes-sh-rc302-black-wide-45-0\/#primaryimage"},"thumbnailUrl":"https:\/\/vmsport.fi\/wp-content\/uploads\/2025\/04\/jTbXSuZEo3Ukg0TdxMa8LegKKqS98jPnUunNBdxs9zyW8fqpti.jpg","datePublished":"2025-04-19T10:42:51+00:00","dateModified":"2026-03-14T00:00:19+00:00","breadcrumb":{"@id":"https:\/\/vmsport.fi\/verkkokauppa\/ajovarusteet\/kengat\/maantiekengat\/bicycle-shoes-sh-rc302-black-wide-45-0\/#breadcrumb"},"inLanguage":"sv-SE","potentialAction":[{"@type":"ReadAction","target":["https:\/\/vmsport.fi\/verkkokauppa\/ajovarusteet\/kengat\/maantiekengat\/bicycle-shoes-sh-rc302-black-wide-45-0\/"]}]},{"@type":"ImageObject","inLanguage":"sv-SE","@id":"https:\/\/vmsport.fi\/verkkokauppa\/ajovarusteet\/kengat\/maantiekengat\/bicycle-shoes-sh-rc302-black-wide-45-0\/#primaryimage","url":"https:\/\/vmsport.fi\/wp-content\/uploads\/2025\/04\/jTbXSuZEo3Ukg0TdxMa8LegKKqS98jPnUunNBdxs9zyW8fqpti.jpg","contentUrl":"https:\/\/vmsport.fi\/wp-content\/uploads\/2025\/04\/jTbXSuZEo3Ukg0TdxMa8LegKKqS98jPnUunNBdxs9zyW8fqpti.jpg","width":1000,"height":1000,"caption":"jTbXSuZEo3Ukg0TdxMa8LegKKqS98jPnUunNBdxs9zyW8fqpti"},{"@type":"BreadcrumbList","@id":"https:\/\/vmsport.fi\/verkkokauppa\/ajovarusteet\/kengat\/maantiekengat\/bicycle-shoes-sh-rc302-black-wide-45-0\/#breadcrumb","itemListElement":[{"@type":"ListItem","position":1,"name":"Etusivu","item":"https:\/\/vmsport.fi\/"},{"@type":"ListItem","position":2,"name":"Online Store","item":"https:\/\/vmsport.fi\/en\/online-store\/"},{"@type":"ListItem","position":3,"name":"Bicycle Shoes SH-RC302 Black Wide 45.0"}]},{"@type":"WebSite","@id":"https:\/\/vmsport.fi\/#website","url":"https:\/\/vmsport.fi\/","name":"Vmsport","description":"Allt p\u00e5 ett st\u00e4lle f\u00f6r cykling","publisher":{"@id":"https:\/\/vmsport.fi\/#organization"},"potentialAction":[{"@type":"SearchAction","target":{"@type":"EntryPoint","urlTemplate":"https:\/\/vmsport.fi\/?s={search_term_string}"},"query-input":{"@type":"PropertyValueSpecification","valueRequired":true,"valueName":"search_term_string"}}],"inLanguage":"sv-SE"},{"@type":"Organization","@id":"https:\/\/vmsport.fi\/#organization","name":"Vmsport","url":"https:\/\/vmsport.fi\/","logo":{"@type":"ImageObject","inLanguage":"sv-SE","@id":"https:\/\/vmsport.fi\/#\/schema\/logo\/image\/","url":"https:\/\/vmsport.fi\/wp-content\/uploads\/2024\/12\/vm_sport_RGB_horisontal-e1734526017575.png","contentUrl":"https:\/\/vmsport.fi\/wp-content\/uploads\/2024\/12\/vm_sport_RGB_horisontal-e1734526017575.png","width":668,"height":85,"caption":"Vmsport"},"image":{"@id":"https:\/\/vmsport.fi\/#\/schema\/logo\/image\/"},"sameAs":["https:\/\/www.facebook.com\/Vmsport.fi\/","https:\/\/www.instagram.com\/vmsport\/"]}]}},"global_unique_id":"","_links":{"self":[{"href":"https:\/\/vmsport.fi\/sv\/wp-json\/wp\/v2\/product\/58561","targetHints":{"allow":["GET"]}}],"collection":[{"href":"https:\/\/vmsport.fi\/sv\/wp-json\/wp\/v2\/product"}],"about":[{"href":"https:\/\/vmsport.fi\/sv\/wp-json\/wp\/v2\/types\/product"}],"replies":[{"embeddable":true,"href":"https:\/\/vmsport.fi\/sv\/wp-json\/wp\/v2\/comments?post=58561"}],"wp:featuredmedia":[{"embeddable":true,"href":"https:\/\/vmsport.fi\/sv\/wp-json\/wp\/v2\/media\/58557"}],"wp:attachment":[{"href":"https:\/\/vmsport.fi\/sv\/wp-json\/wp\/v2\/media?parent=58561"}],"wp:term":[{"taxonomy":"product_brand","embeddable":true,"href":"https:\/\/vmsport.fi\/sv\/wp-json\/wp\/v2\/product_brand?post=58561"},{"taxonomy":"product_model","embeddable":true,"href":"https:\/\/vmsport.fi\/sv\/wp-json\/wp\/v2\/product_model?post=58561"},{"taxonomy":"product_cat","embeddable":true,"href":"https:\/\/vmsport.fi\/sv\/wp-json\/wp\/v2\/product_cat?post=58561"},{"taxonomy":"product_tag","embeddable":true,"href":"https:\/\/vmsport.fi\/sv\/wp-json\/wp\/v2\/product_tag?post=58561"},{"taxonomy":"industry_terminology","embeddable":true,"href":"https:\/\/vmsport.fi\/sv\/wp-json\/wp\/v2\/industry-terminology?post=58561"}],"curies":[{"name":"wp","href":"https:\/\/api.w.org\/{rel}","templated":true}]}}