{"id":58478,"date":"2025-04-17T16:27:46","date_gmt":"2025-04-17T13:27:46","guid":{"rendered":"https:\/\/vmsport.fi\/verkkokauppa\/Ei-luokiteltu\/moustache-j-on-500wh-chain-driven-drivetrain-with-integrated-gear-hub-black-mat\/"},"modified":"2026-04-02T13:56:47","modified_gmt":"2026-04-02T10:56:47","slug":"moustache-j-on-500wh-kedjedriven-drivlina-med-integrerat-vaxelnav-svart-matt","status":"publish","type":"product","link":"https:\/\/vmsport.fi\/sv\/verkkokauppa\/polkupyorat\/sahkopyorat\/sahkokaupunkipyorat\/moustache-j-on-500wh-chain-driven-drivetrain-with-integrated-gear-hub-black-mat\/","title":{"rendered":"Moustache J. on - 500Wh - Kedjedriven drivlina med integrerat v\u00e4xelnav - Svart matta"},"content":{"rendered":"<p>Moustache J. \u00e4r en h\u00f6gkvalitativ fullfj\u00e4drad elcykel d\u00e4r anv\u00e4ndaren kan v\u00e4lja mellan en traditionell, underh\u00e5llsfri remdrift eller helautomatisk v\u00e4xell\u00e5da. Ergonomisk k\u00f6rgeometri, en kraftfull och tyst Bosch Performance Line-motor (75 Nm) och ett brett utbud av standardutrustning g\u00f6r k\u00f6rningen bekv\u00e4m och bekymmersfri. Integrationen av Bosch Smart System ger avancerad teknik som f\u00e4rgdisplay och fj\u00e4rrkontroll. En droppsadel och justerbar f\u00f6rarhytt \u00f6kar anv\u00e4ndbarheten, men karossens h\u00f6ga vikt och premiumposition kan begr\u00e4nsa anv\u00e4ndningsomr\u00e5dena.<\/p>","protected":false},"excerpt":{"rendered":"<p>Kokonaan jousitettu ja valittavilla vaihteistoilla varustettu s\u00e4hk\u00f6py\u00f6r\u00e4 vaivattomaan, mukavaan ja huoltovapaaseen kaupungin ajoon. [&#8230;]<\/p>\n<p><a class=\"btn btn-secondary understrap-read-more-link\" href=\"https:\/\/vmsport.fi\/sv\/verkkokauppa\/polkupyorat\/sahkopyorat\/sahkokaupunkipyorat\/moustache-j-on-500wh-chain-driven-drivetrain-with-integrated-gear-hub-black-mat\/\">L\u00e4s mer \u2026<span class=\"screen-reader-text\"> from Moustache J. on &#8211; 500Wh &#8211; Chain-driven drivetrain with integrated gear hub &#8211; Black mat<\/span><\/a><\/p>\n","protected":false},"featured_media":58477,"comment_status":"open","ping_status":"closed","template":"","meta":{"_acf_changed":false,"_improvement_type_select":"improve_an_existing","_thumb_yes_seoaic":false,"_frame_yes_seoaic":false,"seoaic_generate_description":"","seoaic_improve_instructions_prompt":"","seoaic_rollback_content_improvement":"","seoaic_idea_thumbnail_generator":"","thumbnail_generated":false,"thumbnail_generate_prompt":"","seoaic_article_description":"","_supplier_stock_quantity":0},"product_brand":[],"product_model":[],"product_cat":[9396],"product_tag":[],"industry-terminology":[],"class_list":{"0":"post-58478","1":"product","2":"type-product","3":"status-publish","4":"has-post-thumbnail","6":"product_cat-sahkokaupunkipyorat","8":"first","9":"instock","10":"sale","11":"taxable","12":"shipping-taxable","13":"purchasable","14":"product-type-variable"},"acf":{"bike_features":null,"overview":{"copy_overview":null,"key_features":null,"statement":"","youtube_url":""}},"yoast_head":"<!-- This site is optimized with the Yoast SEO plugin v27.3 - https:\/\/yoast.com\/product\/yoast-seo-wordpress\/ -->\n<title>Moustache J. on - 500Wh - Chain-driven drivetrain with integrated gear hub - Black mat - VM Sport<\/title>\n<meta name=\"robots\" content=\"index, follow, max-snippet:-1, max-image-preview:large, max-video-preview:-1\" \/>\n<link rel=\"canonical\" href=\"https:\/\/vmsport.fi\/sv\/webbutik\/cyklar\/sahkopyorat\/sagtand-pyorat\/moustache-j-on-500wh-kedjedriven-drivlina-med-integrerat-vaxelnav-svart-matt\/\" \/>\n<meta property=\"og:locale\" content=\"sv_SE\" \/>\n<meta property=\"og:type\" content=\"article\" \/>\n<meta property=\"og:title\" content=\"Moustache J. on - 500Wh - Chain-driven drivetrain with integrated gear hub - Black mat - VM Sport\" \/>\n<meta property=\"og:description\" content=\"Kokonaan jousitettu ja valittavilla vaihteistoilla varustettu s\u00e4hk\u00f6py\u00f6r\u00e4 vaivattomaan, mukavaan ja huoltovapaaseen kaupungin ajoon. [...]L\u00e4s mer \u2026 from Moustache J. on &#8211; 500Wh &#8211; Chain-driven drivetrain with integrated gear hub &#8211; Black mat\" \/>\n<meta property=\"og:url\" content=\"https:\/\/vmsport.fi\/sv\/webbutik\/cyklar\/sahkopyorat\/sagtand-pyorat\/moustache-j-on-500wh-kedjedriven-drivlina-med-integrerat-vaxelnav-svart-matt\/\" \/>\n<meta property=\"og:site_name\" content=\"VM Sport\" \/>\n<meta property=\"article:publisher\" content=\"https:\/\/www.facebook.com\/Vmsport.fi\/\" \/>\n<meta property=\"article:modified_time\" content=\"2026-04-02T10:56:47+00:00\" \/>\n<meta property=\"og:image\" content=\"https:\/\/vmsport.fi\/wp-content\/uploads\/2025\/04\/9NBdG8u6nHoubS4x8fNgqDm1xiMgyBFKpmLEXJTewXGLVcE5cH.jpg\" \/>\n\t<meta property=\"og:image:width\" content=\"1000\" \/>\n\t<meta property=\"og:image:height\" content=\"750\" \/>\n\t<meta property=\"og:image:type\" content=\"image\/jpeg\" \/>\n<meta name=\"twitter:card\" content=\"summary_large_image\" \/>\n<script type=\"application\/ld+json\" class=\"yoast-schema-graph\">{\"@context\":\"https:\\\/\\\/schema.org\",\"@graph\":[{\"@type\":[\"WebPage\",\"ItemPage\"],\"@id\":\"https:\\\/\\\/vmsport.fi\\\/verkkokauppa\\\/polkupyorat\\\/sahkopyorat\\\/sahkokaupunkipyorat\\\/moustache-j-on-500wh-chain-driven-drivetrain-with-integrated-gear-hub-black-mat\\\/\",\"url\":\"https:\\\/\\\/vmsport.fi\\\/verkkokauppa\\\/polkupyorat\\\/sahkopyorat\\\/sahkokaupunkipyorat\\\/moustache-j-on-500wh-chain-driven-drivetrain-with-integrated-gear-hub-black-mat\\\/\",\"name\":\"Moustache J. on - 500Wh - Chain-driven drivetrain with integrated gear hub - Black mat - VM Sport\",\"isPartOf\":{\"@id\":\"https:\\\/\\\/vmsport.fi\\\/#website\"},\"primaryImageOfPage\":{\"@id\":\"https:\\\/\\\/vmsport.fi\\\/verkkokauppa\\\/polkupyorat\\\/sahkopyorat\\\/sahkokaupunkipyorat\\\/moustache-j-on-500wh-chain-driven-drivetrain-with-integrated-gear-hub-black-mat\\\/#primaryimage\"},\"image\":{\"@id\":\"https:\\\/\\\/vmsport.fi\\\/verkkokauppa\\\/polkupyorat\\\/sahkopyorat\\\/sahkokaupunkipyorat\\\/moustache-j-on-500wh-chain-driven-drivetrain-with-integrated-gear-hub-black-mat\\\/#primaryimage\"},\"thumbnailUrl\":\"https:\\\/\\\/vmsport.fi\\\/wp-content\\\/uploads\\\/2025\\\/04\\\/9NBdG8u6nHoubS4x8fNgqDm1xiMgyBFKpmLEXJTewXGLVcE5cH.jpg\",\"datePublished\":\"2025-04-17T13:27:46+00:00\",\"dateModified\":\"2026-04-02T10:56:47+00:00\",\"breadcrumb\":{\"@id\":\"https:\\\/\\\/vmsport.fi\\\/verkkokauppa\\\/polkupyorat\\\/sahkopyorat\\\/sahkokaupunkipyorat\\\/moustache-j-on-500wh-chain-driven-drivetrain-with-integrated-gear-hub-black-mat\\\/#breadcrumb\"},\"inLanguage\":\"sv-SE\",\"potentialAction\":[{\"@type\":\"ReadAction\",\"target\":[\"https:\\\/\\\/vmsport.fi\\\/verkkokauppa\\\/polkupyorat\\\/sahkopyorat\\\/sahkokaupunkipyorat\\\/moustache-j-on-500wh-chain-driven-drivetrain-with-integrated-gear-hub-black-mat\\\/\"]}]},{\"@type\":\"ImageObject\",\"inLanguage\":\"sv-SE\",\"@id\":\"https:\\\/\\\/vmsport.fi\\\/verkkokauppa\\\/polkupyorat\\\/sahkopyorat\\\/sahkokaupunkipyorat\\\/moustache-j-on-500wh-chain-driven-drivetrain-with-integrated-gear-hub-black-mat\\\/#primaryimage\",\"url\":\"https:\\\/\\\/vmsport.fi\\\/wp-content\\\/uploads\\\/2025\\\/04\\\/9NBdG8u6nHoubS4x8fNgqDm1xiMgyBFKpmLEXJTewXGLVcE5cH.jpg\",\"contentUrl\":\"https:\\\/\\\/vmsport.fi\\\/wp-content\\\/uploads\\\/2025\\\/04\\\/9NBdG8u6nHoubS4x8fNgqDm1xiMgyBFKpmLEXJTewXGLVcE5cH.jpg\",\"width\":1000,\"height\":750,\"caption\":\"9NBdG8u6nHoubS4x8fNgqDm1xiMgyBFKpmLEXJTewXGLVcE5cH\"},{\"@type\":\"BreadcrumbList\",\"@id\":\"https:\\\/\\\/vmsport.fi\\\/verkkokauppa\\\/polkupyorat\\\/sahkopyorat\\\/sahkokaupunkipyorat\\\/moustache-j-on-500wh-chain-driven-drivetrain-with-integrated-gear-hub-black-mat\\\/#breadcrumb\",\"itemListElement\":[{\"@type\":\"ListItem\",\"position\":1,\"name\":\"Etusivu\",\"item\":\"https:\\\/\\\/vmsport.fi\\\/\"},{\"@type\":\"ListItem\",\"position\":2,\"name\":\"Online Store\",\"item\":\"https:\\\/\\\/vmsport.fi\\\/en\\\/online-store\\\/\"},{\"@type\":\"ListItem\",\"position\":3,\"name\":\"Moustache J. on &#8211; 500Wh &#8211; Chain-driven drivetrain with integrated gear hub &#8211; Black mat\"}]},{\"@type\":\"WebSite\",\"@id\":\"https:\\\/\\\/vmsport.fi\\\/#website\",\"url\":\"https:\\\/\\\/vmsport.fi\\\/\",\"name\":\"Vmsport\",\"description\":\"Kaikki py\u00f6r\u00e4ilyyn yhdest\u00e4 paikasta\",\"publisher\":{\"@id\":\"https:\\\/\\\/vmsport.fi\\\/#organization\"},\"potentialAction\":[{\"@type\":\"SearchAction\",\"target\":{\"@type\":\"EntryPoint\",\"urlTemplate\":\"https:\\\/\\\/vmsport.fi\\\/?s={search_term_string}\"},\"query-input\":{\"@type\":\"PropertyValueSpecification\",\"valueRequired\":true,\"valueName\":\"search_term_string\"}}],\"inLanguage\":\"sv-SE\"},{\"@type\":\"Organization\",\"@id\":\"https:\\\/\\\/vmsport.fi\\\/#organization\",\"name\":\"Vmsport\",\"url\":\"https:\\\/\\\/vmsport.fi\\\/\",\"logo\":{\"@type\":\"ImageObject\",\"inLanguage\":\"sv-SE\",\"@id\":\"https:\\\/\\\/vmsport.fi\\\/#\\\/schema\\\/logo\\\/image\\\/\",\"url\":\"https:\\\/\\\/vmsport.fi\\\/wp-content\\\/uploads\\\/2024\\\/12\\\/vm_sport_RGB_horisontal-e1734526017575.png\",\"contentUrl\":\"https:\\\/\\\/vmsport.fi\\\/wp-content\\\/uploads\\\/2024\\\/12\\\/vm_sport_RGB_horisontal-e1734526017575.png\",\"width\":668,\"height\":85,\"caption\":\"Vmsport\"},\"image\":{\"@id\":\"https:\\\/\\\/vmsport.fi\\\/#\\\/schema\\\/logo\\\/image\\\/\"},\"sameAs\":[\"https:\\\/\\\/www.facebook.com\\\/Vmsport.fi\\\/\",\"https:\\\/\\\/www.instagram.com\\\/vmsport\\\/\"]}]}<\/script>\n<!-- \/ Yoast SEO plugin. -->","yoast_head_json":{"title":"Moustache J. on - 500Wh - Kedjedriven drivlina med integrerat v\u00e4xelnav - Svart matta - VM Sport","robots":{"index":"index","follow":"follow","max-snippet":"max-snippet:-1","max-image-preview":"max-image-preview:large","max-video-preview":"max-video-preview:-1"},"canonical":"https:\/\/vmsport.fi\/sv\/webbutik\/cyklar\/sahkopyorat\/sagtand-pyorat\/moustache-j-on-500wh-kedjedriven-drivlina-med-integrerat-vaxelnav-svart-matt\/","og_locale":"sv_SE","og_type":"article","og_title":"Moustache J. on - 500Wh - Chain-driven drivetrain with integrated gear hub - Black mat - VM Sport","og_description":"Kokonaan jousitettu ja valittavilla vaihteistoilla varustettu s\u00e4hk\u00f6py\u00f6r\u00e4 vaivattomaan, mukavaan ja huoltovapaaseen kaupungin ajoon. [...]L\u00e4s mer \u2026 from Moustache J. on &#8211; 500Wh &#8211; Chain-driven drivetrain with integrated gear hub &#8211; Black mat","og_url":"https:\/\/vmsport.fi\/sv\/webbutik\/cyklar\/sahkopyorat\/sagtand-pyorat\/moustache-j-on-500wh-kedjedriven-drivlina-med-integrerat-vaxelnav-svart-matt\/","og_site_name":"VM Sport","article_publisher":"https:\/\/www.facebook.com\/Vmsport.fi\/","article_modified_time":"2026-04-02T10:56:47+00:00","og_image":[{"width":1000,"height":750,"url":"https:\/\/vmsport.fi\/wp-content\/uploads\/2025\/04\/9NBdG8u6nHoubS4x8fNgqDm1xiMgyBFKpmLEXJTewXGLVcE5cH.jpg","type":"image\/jpeg"}],"twitter_card":"summary_large_image","schema":{"@context":"https:\/\/schema.org","@graph":[{"@type":["WebPage","ItemPage"],"@id":"https:\/\/vmsport.fi\/verkkokauppa\/polkupyorat\/sahkopyorat\/sahkokaupunkipyorat\/moustache-j-on-500wh-chain-driven-drivetrain-with-integrated-gear-hub-black-mat\/","url":"https:\/\/vmsport.fi\/verkkokauppa\/polkupyorat\/sahkopyorat\/sahkokaupunkipyorat\/moustache-j-on-500wh-chain-driven-drivetrain-with-integrated-gear-hub-black-mat\/","name":"Moustache J. on - 500Wh - Kedjedriven drivlina med integrerat v\u00e4xelnav - Svart matta - VM Sport","isPartOf":{"@id":"https:\/\/vmsport.fi\/#website"},"primaryImageOfPage":{"@id":"https:\/\/vmsport.fi\/verkkokauppa\/polkupyorat\/sahkopyorat\/sahkokaupunkipyorat\/moustache-j-on-500wh-chain-driven-drivetrain-with-integrated-gear-hub-black-mat\/#primaryimage"},"image":{"@id":"https:\/\/vmsport.fi\/verkkokauppa\/polkupyorat\/sahkopyorat\/sahkokaupunkipyorat\/moustache-j-on-500wh-chain-driven-drivetrain-with-integrated-gear-hub-black-mat\/#primaryimage"},"thumbnailUrl":"https:\/\/vmsport.fi\/wp-content\/uploads\/2025\/04\/9NBdG8u6nHoubS4x8fNgqDm1xiMgyBFKpmLEXJTewXGLVcE5cH.jpg","datePublished":"2025-04-17T13:27:46+00:00","dateModified":"2026-04-02T10:56:47+00:00","breadcrumb":{"@id":"https:\/\/vmsport.fi\/verkkokauppa\/polkupyorat\/sahkopyorat\/sahkokaupunkipyorat\/moustache-j-on-500wh-chain-driven-drivetrain-with-integrated-gear-hub-black-mat\/#breadcrumb"},"inLanguage":"sv-SE","potentialAction":[{"@type":"ReadAction","target":["https:\/\/vmsport.fi\/verkkokauppa\/polkupyorat\/sahkopyorat\/sahkokaupunkipyorat\/moustache-j-on-500wh-chain-driven-drivetrain-with-integrated-gear-hub-black-mat\/"]}]},{"@type":"ImageObject","inLanguage":"sv-SE","@id":"https:\/\/vmsport.fi\/verkkokauppa\/polkupyorat\/sahkopyorat\/sahkokaupunkipyorat\/moustache-j-on-500wh-chain-driven-drivetrain-with-integrated-gear-hub-black-mat\/#primaryimage","url":"https:\/\/vmsport.fi\/wp-content\/uploads\/2025\/04\/9NBdG8u6nHoubS4x8fNgqDm1xiMgyBFKpmLEXJTewXGLVcE5cH.jpg","contentUrl":"https:\/\/vmsport.fi\/wp-content\/uploads\/2025\/04\/9NBdG8u6nHoubS4x8fNgqDm1xiMgyBFKpmLEXJTewXGLVcE5cH.jpg","width":1000,"height":750,"caption":"9NBdG8u6nHoubS4x8fNgqDm1xiMgyBFKpmLEXJTewXGLVcE5cH"},{"@type":"BreadcrumbList","@id":"https:\/\/vmsport.fi\/verkkokauppa\/polkupyorat\/sahkopyorat\/sahkokaupunkipyorat\/moustache-j-on-500wh-chain-driven-drivetrain-with-integrated-gear-hub-black-mat\/#breadcrumb","itemListElement":[{"@type":"ListItem","position":1,"name":"Etusivu","item":"https:\/\/vmsport.fi\/"},{"@type":"ListItem","position":2,"name":"Online Store","item":"https:\/\/vmsport.fi\/en\/online-store\/"},{"@type":"ListItem","position":3,"name":"Moustache J. on &#8211; 500Wh &#8211; Chain-driven drivetrain with integrated gear hub &#8211; Black mat"}]},{"@type":"WebSite","@id":"https:\/\/vmsport.fi\/#website","url":"https:\/\/vmsport.fi\/","name":"Vmsport","description":"Allt p\u00e5 ett st\u00e4lle f\u00f6r cykling","publisher":{"@id":"https:\/\/vmsport.fi\/#organization"},"potentialAction":[{"@type":"SearchAction","target":{"@type":"EntryPoint","urlTemplate":"https:\/\/vmsport.fi\/?s={search_term_string}"},"query-input":{"@type":"PropertyValueSpecification","valueRequired":true,"valueName":"search_term_string"}}],"inLanguage":"sv-SE"},{"@type":"Organization","@id":"https:\/\/vmsport.fi\/#organization","name":"Vmsport","url":"https:\/\/vmsport.fi\/","logo":{"@type":"ImageObject","inLanguage":"sv-SE","@id":"https:\/\/vmsport.fi\/#\/schema\/logo\/image\/","url":"https:\/\/vmsport.fi\/wp-content\/uploads\/2024\/12\/vm_sport_RGB_horisontal-e1734526017575.png","contentUrl":"https:\/\/vmsport.fi\/wp-content\/uploads\/2024\/12\/vm_sport_RGB_horisontal-e1734526017575.png","width":668,"height":85,"caption":"Vmsport"},"image":{"@id":"https:\/\/vmsport.fi\/#\/schema\/logo\/image\/"},"sameAs":["https:\/\/www.facebook.com\/Vmsport.fi\/","https:\/\/www.instagram.com\/vmsport\/"]}]}},"global_unique_id":"","_links":{"self":[{"href":"https:\/\/vmsport.fi\/sv\/wp-json\/wp\/v2\/product\/58478","targetHints":{"allow":["GET"]}}],"collection":[{"href":"https:\/\/vmsport.fi\/sv\/wp-json\/wp\/v2\/product"}],"about":[{"href":"https:\/\/vmsport.fi\/sv\/wp-json\/wp\/v2\/types\/product"}],"replies":[{"embeddable":true,"href":"https:\/\/vmsport.fi\/sv\/wp-json\/wp\/v2\/comments?post=58478"}],"wp:featuredmedia":[{"embeddable":true,"href":"https:\/\/vmsport.fi\/sv\/wp-json\/wp\/v2\/media\/58477"}],"wp:attachment":[{"href":"https:\/\/vmsport.fi\/sv\/wp-json\/wp\/v2\/media?parent=58478"}],"wp:term":[{"taxonomy":"product_brand","embeddable":true,"href":"https:\/\/vmsport.fi\/sv\/wp-json\/wp\/v2\/product_brand?post=58478"},{"taxonomy":"product_model","embeddable":true,"href":"https:\/\/vmsport.fi\/sv\/wp-json\/wp\/v2\/product_model?post=58478"},{"taxonomy":"product_cat","embeddable":true,"href":"https:\/\/vmsport.fi\/sv\/wp-json\/wp\/v2\/product_cat?post=58478"},{"taxonomy":"product_tag","embeddable":true,"href":"https:\/\/vmsport.fi\/sv\/wp-json\/wp\/v2\/product_tag?post=58478"},{"taxonomy":"industry_terminology","embeddable":true,"href":"https:\/\/vmsport.fi\/sv\/wp-json\/wp\/v2\/industry-terminology?post=58478"}],"curies":[{"name":"wp","href":"https:\/\/api.w.org\/{rel}","templated":true}]}}