{"id":58474,"date":"2025-04-17T16:27:44","date_gmt":"2025-04-17T13:27:44","guid":{"rendered":"https:\/\/vmsport.fi\/verkkokauppa\/Ei-luokiteltu\/moustache-samedi-27-xroad-2-500wh-open-chalk-glossy\/"},"modified":"2026-04-02T13:56:50","modified_gmt":"2026-04-02T10:56:50","slug":"mustasch-samedi-27-xroad-2-500wh-oppen-krita-glansig","status":"publish","type":"product","link":"https:\/\/vmsport.fi\/sv\/verkkokauppa\/polkupyorat\/sahkopyorat\/sahkokaupunkipyorat\/moustache-samedi-27-xroad-2-500wh-open-chalk-glossy\/","title":{"rendered":"Moustache Samedi 27 Xroad 2 - 500Wh - \u00d6ppen - Krita glansig"},"content":{"rendered":"<p>Moustache XROAD 2 2025 erbjuder elektrisk assistans och tv\u00e5 olika batteristorlekar, vilket m\u00f6jligg\u00f6r flexibel anv\u00e4ndning b\u00e5de f\u00f6r vardags- och fritidsaktiviteter. Dess design och funktioner st\u00f6der m\u00e5ngsidig cykling i olika milj\u00f6er, t.ex. stadspendling och l\u00e4ngre cykelturer. Den elektriska assistansen \u00e4r s\u00e4rskilt anv\u00e4ndbar vid tunga stigningar och l\u00e4ngre resor.<\/p>","protected":false},"excerpt":{"rendered":"<p>S\u00e4hk\u00f6avustus, valittavat akkukoot ja monipuolisuus tekev\u00e4t mallista sopivan sek\u00e4 arkeen ett\u00e4 vapaa-aikaan. [&#8230;]<\/p>\n<p><a class=\"btn btn-secondary understrap-read-more-link\" href=\"https:\/\/vmsport.fi\/sv\/verkkokauppa\/polkupyorat\/sahkopyorat\/sahkokaupunkipyorat\/moustache-samedi-27-xroad-2-500wh-open-chalk-glossy\/\">L\u00e4s mer \u2026<span class=\"screen-reader-text\"> from Moustache Samedi 27 Xroad 2 &#8211; 500Wh &#8211; Open &#8211; Chalk glossy<\/span><\/a><\/p>\n","protected":false},"featured_media":58473,"comment_status":"open","ping_status":"closed","template":"","meta":{"_acf_changed":false,"_improvement_type_select":"improve_an_existing","_thumb_yes_seoaic":false,"_frame_yes_seoaic":false,"seoaic_generate_description":"","seoaic_improve_instructions_prompt":"","seoaic_rollback_content_improvement":"","seoaic_idea_thumbnail_generator":"","thumbnail_generated":false,"thumbnail_generate_prompt":"","seoaic_article_description":"","_supplier_stock_quantity":0},"product_brand":[],"product_model":[],"product_cat":[9396],"product_tag":[],"industry-terminology":[],"class_list":{"0":"post-58474","1":"product","2":"type-product","3":"status-publish","4":"has-post-thumbnail","6":"product_cat-sahkokaupunkipyorat","8":"first","9":"instock","10":"sale","11":"taxable","12":"shipping-taxable","13":"purchasable","14":"product-type-variable"},"acf":{"bike_features":null,"overview":{"copy_overview":null,"key_features":null,"statement":"","youtube_url":""}},"yoast_head":"<!-- This site is optimized with the Yoast SEO plugin v27.3 - https:\/\/yoast.com\/product\/yoast-seo-wordpress\/ -->\n<title>Moustache Samedi 27 Xroad 2 - 500Wh - Open - Chalk glossy - VM Sport<\/title>\n<meta name=\"robots\" content=\"index, follow, max-snippet:-1, max-image-preview:large, max-video-preview:-1\" \/>\n<link rel=\"canonical\" href=\"https:\/\/vmsport.fi\/sv\/webbutik\/cyklar\/sahkopyorat\/sagtand-pyorat\/mustasch-samedi-27-xroad-2-500wh-oppen-krita-glansig\/\" \/>\n<meta property=\"og:locale\" content=\"sv_SE\" \/>\n<meta property=\"og:type\" content=\"article\" \/>\n<meta property=\"og:title\" content=\"Moustache Samedi 27 Xroad 2 - 500Wh - Open - Chalk glossy - VM Sport\" \/>\n<meta property=\"og:description\" content=\"S\u00e4hk\u00f6avustus, valittavat akkukoot ja monipuolisuus tekev\u00e4t mallista sopivan sek\u00e4 arkeen ett\u00e4 vapaa-aikaan. [...]L\u00e4s mer \u2026 from Moustache Samedi 27 Xroad 2 &#8211; 500Wh &#8211; Open &#8211; Chalk glossy\" \/>\n<meta property=\"og:url\" content=\"https:\/\/vmsport.fi\/sv\/webbutik\/cyklar\/sahkopyorat\/sagtand-pyorat\/mustasch-samedi-27-xroad-2-500wh-oppen-krita-glansig\/\" \/>\n<meta property=\"og:site_name\" content=\"VM Sport\" \/>\n<meta property=\"article:publisher\" content=\"https:\/\/www.facebook.com\/Vmsport.fi\/\" \/>\n<meta property=\"article:modified_time\" content=\"2026-04-02T10:56:50+00:00\" \/>\n<meta property=\"og:image\" content=\"https:\/\/vmsport.fi\/wp-content\/uploads\/2025\/04\/pUhMwKKwfHrGp56UX0XPxwmv1AtvQQlXMBOMJ8WDOkmnExHrKO.jpg\" \/>\n\t<meta property=\"og:image:width\" content=\"1000\" \/>\n\t<meta property=\"og:image:height\" content=\"750\" \/>\n\t<meta property=\"og:image:type\" content=\"image\/jpeg\" \/>\n<meta name=\"twitter:card\" content=\"summary_large_image\" \/>\n<script type=\"application\/ld+json\" class=\"yoast-schema-graph\">{\"@context\":\"https:\\\/\\\/schema.org\",\"@graph\":[{\"@type\":[\"WebPage\",\"ItemPage\"],\"@id\":\"https:\\\/\\\/vmsport.fi\\\/verkkokauppa\\\/polkupyorat\\\/sahkopyorat\\\/sahkokaupunkipyorat\\\/moustache-samedi-27-xroad-2-500wh-open-chalk-glossy\\\/\",\"url\":\"https:\\\/\\\/vmsport.fi\\\/verkkokauppa\\\/polkupyorat\\\/sahkopyorat\\\/sahkokaupunkipyorat\\\/moustache-samedi-27-xroad-2-500wh-open-chalk-glossy\\\/\",\"name\":\"Moustache Samedi 27 Xroad 2 - 500Wh - Open - Chalk glossy - VM Sport\",\"isPartOf\":{\"@id\":\"https:\\\/\\\/vmsport.fi\\\/#website\"},\"primaryImageOfPage\":{\"@id\":\"https:\\\/\\\/vmsport.fi\\\/verkkokauppa\\\/polkupyorat\\\/sahkopyorat\\\/sahkokaupunkipyorat\\\/moustache-samedi-27-xroad-2-500wh-open-chalk-glossy\\\/#primaryimage\"},\"image\":{\"@id\":\"https:\\\/\\\/vmsport.fi\\\/verkkokauppa\\\/polkupyorat\\\/sahkopyorat\\\/sahkokaupunkipyorat\\\/moustache-samedi-27-xroad-2-500wh-open-chalk-glossy\\\/#primaryimage\"},\"thumbnailUrl\":\"https:\\\/\\\/vmsport.fi\\\/wp-content\\\/uploads\\\/2025\\\/04\\\/pUhMwKKwfHrGp56UX0XPxwmv1AtvQQlXMBOMJ8WDOkmnExHrKO.jpg\",\"datePublished\":\"2025-04-17T13:27:44+00:00\",\"dateModified\":\"2026-04-02T10:56:50+00:00\",\"breadcrumb\":{\"@id\":\"https:\\\/\\\/vmsport.fi\\\/verkkokauppa\\\/polkupyorat\\\/sahkopyorat\\\/sahkokaupunkipyorat\\\/moustache-samedi-27-xroad-2-500wh-open-chalk-glossy\\\/#breadcrumb\"},\"inLanguage\":\"sv-SE\",\"potentialAction\":[{\"@type\":\"ReadAction\",\"target\":[\"https:\\\/\\\/vmsport.fi\\\/verkkokauppa\\\/polkupyorat\\\/sahkopyorat\\\/sahkokaupunkipyorat\\\/moustache-samedi-27-xroad-2-500wh-open-chalk-glossy\\\/\"]}]},{\"@type\":\"ImageObject\",\"inLanguage\":\"sv-SE\",\"@id\":\"https:\\\/\\\/vmsport.fi\\\/verkkokauppa\\\/polkupyorat\\\/sahkopyorat\\\/sahkokaupunkipyorat\\\/moustache-samedi-27-xroad-2-500wh-open-chalk-glossy\\\/#primaryimage\",\"url\":\"https:\\\/\\\/vmsport.fi\\\/wp-content\\\/uploads\\\/2025\\\/04\\\/pUhMwKKwfHrGp56UX0XPxwmv1AtvQQlXMBOMJ8WDOkmnExHrKO.jpg\",\"contentUrl\":\"https:\\\/\\\/vmsport.fi\\\/wp-content\\\/uploads\\\/2025\\\/04\\\/pUhMwKKwfHrGp56UX0XPxwmv1AtvQQlXMBOMJ8WDOkmnExHrKO.jpg\",\"width\":1000,\"height\":750,\"caption\":\"pUhMwKKwfHrGp56UX0XPxwmv1AtvQQlXMBOMJ8WDOkmnExHrKO\"},{\"@type\":\"BreadcrumbList\",\"@id\":\"https:\\\/\\\/vmsport.fi\\\/verkkokauppa\\\/polkupyorat\\\/sahkopyorat\\\/sahkokaupunkipyorat\\\/moustache-samedi-27-xroad-2-500wh-open-chalk-glossy\\\/#breadcrumb\",\"itemListElement\":[{\"@type\":\"ListItem\",\"position\":1,\"name\":\"Etusivu\",\"item\":\"https:\\\/\\\/vmsport.fi\\\/\"},{\"@type\":\"ListItem\",\"position\":2,\"name\":\"Online Store\",\"item\":\"https:\\\/\\\/vmsport.fi\\\/en\\\/online-store\\\/\"},{\"@type\":\"ListItem\",\"position\":3,\"name\":\"Moustache Samedi 27 Xroad 2 &#8211; 500Wh &#8211; Open &#8211; Chalk glossy\"}]},{\"@type\":\"WebSite\",\"@id\":\"https:\\\/\\\/vmsport.fi\\\/#website\",\"url\":\"https:\\\/\\\/vmsport.fi\\\/\",\"name\":\"Vmsport\",\"description\":\"Kaikki py\u00f6r\u00e4ilyyn yhdest\u00e4 paikasta\",\"publisher\":{\"@id\":\"https:\\\/\\\/vmsport.fi\\\/#organization\"},\"potentialAction\":[{\"@type\":\"SearchAction\",\"target\":{\"@type\":\"EntryPoint\",\"urlTemplate\":\"https:\\\/\\\/vmsport.fi\\\/?s={search_term_string}\"},\"query-input\":{\"@type\":\"PropertyValueSpecification\",\"valueRequired\":true,\"valueName\":\"search_term_string\"}}],\"inLanguage\":\"sv-SE\"},{\"@type\":\"Organization\",\"@id\":\"https:\\\/\\\/vmsport.fi\\\/#organization\",\"name\":\"Vmsport\",\"url\":\"https:\\\/\\\/vmsport.fi\\\/\",\"logo\":{\"@type\":\"ImageObject\",\"inLanguage\":\"sv-SE\",\"@id\":\"https:\\\/\\\/vmsport.fi\\\/#\\\/schema\\\/logo\\\/image\\\/\",\"url\":\"https:\\\/\\\/vmsport.fi\\\/wp-content\\\/uploads\\\/2024\\\/12\\\/vm_sport_RGB_horisontal-e1734526017575.png\",\"contentUrl\":\"https:\\\/\\\/vmsport.fi\\\/wp-content\\\/uploads\\\/2024\\\/12\\\/vm_sport_RGB_horisontal-e1734526017575.png\",\"width\":668,\"height\":85,\"caption\":\"Vmsport\"},\"image\":{\"@id\":\"https:\\\/\\\/vmsport.fi\\\/#\\\/schema\\\/logo\\\/image\\\/\"},\"sameAs\":[\"https:\\\/\\\/www.facebook.com\\\/Vmsport.fi\\\/\",\"https:\\\/\\\/www.instagram.com\\\/vmsport\\\/\"]}]}<\/script>\n<!-- \/ Yoast SEO plugin. -->","yoast_head_json":{"title":"Moustache Samedi 27 Xroad 2 - 500Wh - \u00d6ppen - Krita glansig - VM Sport","robots":{"index":"index","follow":"follow","max-snippet":"max-snippet:-1","max-image-preview":"max-image-preview:large","max-video-preview":"max-video-preview:-1"},"canonical":"https:\/\/vmsport.fi\/sv\/webbutik\/cyklar\/sahkopyorat\/sagtand-pyorat\/mustasch-samedi-27-xroad-2-500wh-oppen-krita-glansig\/","og_locale":"sv_SE","og_type":"article","og_title":"Moustache Samedi 27 Xroad 2 - 500Wh - Open - Chalk glossy - VM Sport","og_description":"S\u00e4hk\u00f6avustus, valittavat akkukoot ja monipuolisuus tekev\u00e4t mallista sopivan sek\u00e4 arkeen ett\u00e4 vapaa-aikaan. [...]L\u00e4s mer \u2026 from Moustache Samedi 27 Xroad 2 &#8211; 500Wh &#8211; Open &#8211; Chalk glossy","og_url":"https:\/\/vmsport.fi\/sv\/webbutik\/cyklar\/sahkopyorat\/sagtand-pyorat\/mustasch-samedi-27-xroad-2-500wh-oppen-krita-glansig\/","og_site_name":"VM Sport","article_publisher":"https:\/\/www.facebook.com\/Vmsport.fi\/","article_modified_time":"2026-04-02T10:56:50+00:00","og_image":[{"width":1000,"height":750,"url":"https:\/\/vmsport.fi\/wp-content\/uploads\/2025\/04\/pUhMwKKwfHrGp56UX0XPxwmv1AtvQQlXMBOMJ8WDOkmnExHrKO.jpg","type":"image\/jpeg"}],"twitter_card":"summary_large_image","schema":{"@context":"https:\/\/schema.org","@graph":[{"@type":["WebPage","ItemPage"],"@id":"https:\/\/vmsport.fi\/verkkokauppa\/polkupyorat\/sahkopyorat\/sahkokaupunkipyorat\/moustache-samedi-27-xroad-2-500wh-open-chalk-glossy\/","url":"https:\/\/vmsport.fi\/verkkokauppa\/polkupyorat\/sahkopyorat\/sahkokaupunkipyorat\/moustache-samedi-27-xroad-2-500wh-open-chalk-glossy\/","name":"Moustache Samedi 27 Xroad 2 - 500Wh - \u00d6ppen - Krita glansig - VM Sport","isPartOf":{"@id":"https:\/\/vmsport.fi\/#website"},"primaryImageOfPage":{"@id":"https:\/\/vmsport.fi\/verkkokauppa\/polkupyorat\/sahkopyorat\/sahkokaupunkipyorat\/moustache-samedi-27-xroad-2-500wh-open-chalk-glossy\/#primaryimage"},"image":{"@id":"https:\/\/vmsport.fi\/verkkokauppa\/polkupyorat\/sahkopyorat\/sahkokaupunkipyorat\/moustache-samedi-27-xroad-2-500wh-open-chalk-glossy\/#primaryimage"},"thumbnailUrl":"https:\/\/vmsport.fi\/wp-content\/uploads\/2025\/04\/pUhMwKKwfHrGp56UX0XPxwmv1AtvQQlXMBOMJ8WDOkmnExHrKO.jpg","datePublished":"2025-04-17T13:27:44+00:00","dateModified":"2026-04-02T10:56:50+00:00","breadcrumb":{"@id":"https:\/\/vmsport.fi\/verkkokauppa\/polkupyorat\/sahkopyorat\/sahkokaupunkipyorat\/moustache-samedi-27-xroad-2-500wh-open-chalk-glossy\/#breadcrumb"},"inLanguage":"sv-SE","potentialAction":[{"@type":"ReadAction","target":["https:\/\/vmsport.fi\/verkkokauppa\/polkupyorat\/sahkopyorat\/sahkokaupunkipyorat\/moustache-samedi-27-xroad-2-500wh-open-chalk-glossy\/"]}]},{"@type":"ImageObject","inLanguage":"sv-SE","@id":"https:\/\/vmsport.fi\/verkkokauppa\/polkupyorat\/sahkopyorat\/sahkokaupunkipyorat\/moustache-samedi-27-xroad-2-500wh-open-chalk-glossy\/#primaryimage","url":"https:\/\/vmsport.fi\/wp-content\/uploads\/2025\/04\/pUhMwKKwfHrGp56UX0XPxwmv1AtvQQlXMBOMJ8WDOkmnExHrKO.jpg","contentUrl":"https:\/\/vmsport.fi\/wp-content\/uploads\/2025\/04\/pUhMwKKwfHrGp56UX0XPxwmv1AtvQQlXMBOMJ8WDOkmnExHrKO.jpg","width":1000,"height":750,"caption":"pUhMwKKwfHrGp56UX0XPxwmv1AtvQQlXMBOMJ8WDOkmnExHrKO"},{"@type":"BreadcrumbList","@id":"https:\/\/vmsport.fi\/verkkokauppa\/polkupyorat\/sahkopyorat\/sahkokaupunkipyorat\/moustache-samedi-27-xroad-2-500wh-open-chalk-glossy\/#breadcrumb","itemListElement":[{"@type":"ListItem","position":1,"name":"Etusivu","item":"https:\/\/vmsport.fi\/"},{"@type":"ListItem","position":2,"name":"Online Store","item":"https:\/\/vmsport.fi\/en\/online-store\/"},{"@type":"ListItem","position":3,"name":"Moustache Samedi 27 Xroad 2 &#8211; 500Wh &#8211; Open &#8211; Chalk glossy"}]},{"@type":"WebSite","@id":"https:\/\/vmsport.fi\/#website","url":"https:\/\/vmsport.fi\/","name":"Vmsport","description":"Allt p\u00e5 ett st\u00e4lle f\u00f6r cykling","publisher":{"@id":"https:\/\/vmsport.fi\/#organization"},"potentialAction":[{"@type":"SearchAction","target":{"@type":"EntryPoint","urlTemplate":"https:\/\/vmsport.fi\/?s={search_term_string}"},"query-input":{"@type":"PropertyValueSpecification","valueRequired":true,"valueName":"search_term_string"}}],"inLanguage":"sv-SE"},{"@type":"Organization","@id":"https:\/\/vmsport.fi\/#organization","name":"Vmsport","url":"https:\/\/vmsport.fi\/","logo":{"@type":"ImageObject","inLanguage":"sv-SE","@id":"https:\/\/vmsport.fi\/#\/schema\/logo\/image\/","url":"https:\/\/vmsport.fi\/wp-content\/uploads\/2024\/12\/vm_sport_RGB_horisontal-e1734526017575.png","contentUrl":"https:\/\/vmsport.fi\/wp-content\/uploads\/2024\/12\/vm_sport_RGB_horisontal-e1734526017575.png","width":668,"height":85,"caption":"Vmsport"},"image":{"@id":"https:\/\/vmsport.fi\/#\/schema\/logo\/image\/"},"sameAs":["https:\/\/www.facebook.com\/Vmsport.fi\/","https:\/\/www.instagram.com\/vmsport\/"]}]}},"global_unique_id":"","_links":{"self":[{"href":"https:\/\/vmsport.fi\/sv\/wp-json\/wp\/v2\/product\/58474","targetHints":{"allow":["GET"]}}],"collection":[{"href":"https:\/\/vmsport.fi\/sv\/wp-json\/wp\/v2\/product"}],"about":[{"href":"https:\/\/vmsport.fi\/sv\/wp-json\/wp\/v2\/types\/product"}],"replies":[{"embeddable":true,"href":"https:\/\/vmsport.fi\/sv\/wp-json\/wp\/v2\/comments?post=58474"}],"wp:featuredmedia":[{"embeddable":true,"href":"https:\/\/vmsport.fi\/sv\/wp-json\/wp\/v2\/media\/58473"}],"wp:attachment":[{"href":"https:\/\/vmsport.fi\/sv\/wp-json\/wp\/v2\/media?parent=58474"}],"wp:term":[{"taxonomy":"product_brand","embeddable":true,"href":"https:\/\/vmsport.fi\/sv\/wp-json\/wp\/v2\/product_brand?post=58474"},{"taxonomy":"product_model","embeddable":true,"href":"https:\/\/vmsport.fi\/sv\/wp-json\/wp\/v2\/product_model?post=58474"},{"taxonomy":"product_cat","embeddable":true,"href":"https:\/\/vmsport.fi\/sv\/wp-json\/wp\/v2\/product_cat?post=58474"},{"taxonomy":"product_tag","embeddable":true,"href":"https:\/\/vmsport.fi\/sv\/wp-json\/wp\/v2\/product_tag?post=58474"},{"taxonomy":"industry_terminology","embeddable":true,"href":"https:\/\/vmsport.fi\/sv\/wp-json\/wp\/v2\/industry-terminology?post=58474"}],"curies":[{"name":"wp","href":"https:\/\/api.w.org\/{rel}","templated":true}]}}