{"id":57493,"date":"2025-03-06T00:33:08","date_gmt":"2025-03-05T22:33:08","guid":{"rendered":"https:\/\/vmsport.fi\/verkkokauppa\/Ei-luokiteltu\/sm-sh11-klossisarja-itsesaatyva-m5-x-8-pari\/"},"modified":"2026-03-21T11:22:58","modified_gmt":"2026-03-21T09:22:58","slug":"sm-sh11-lassats-sjalvtatande-m5-x-8-par","status":"publish","type":"product","link":"https:\/\/vmsport.fi\/sv\/verkkokauppa\/varaosat\/polkimet\/klossit-ja-varaosat\/sm-sh11-klossisarja-itsesaatyva-m5-x-8-pari\/","title":{"rendered":"SM-SH11 Kl\u00e4mmsats - sj\u00e4lvjusterande (M5 x 8) par"},"content":{"rendered":"<p>N\u00e4r du \u00e4r ute efter en p\u00e5litlig cykelupplevelse erbjuder SM-SH11-flott\u00f6rserien en smart l\u00f6sning. Den levereras i en kombination av svart och gult f\u00f6r att s\u00e4kerst\u00e4lla ett stabilt steg. M5 x 8-f\u00e4stet \u00e4r exakt utformat f\u00f6r m\u00e5ngsidig anv\u00e4ndning. Det h\u00e4r paret har skapats speciellt f\u00f6r cyklister som v\u00e4rdes\u00e4tter h\u00e5llbarhet, och den medf\u00f6ljande monteringssatsen g\u00f6r monteringen till en barnlek. Utformade f\u00f6r att ge komfort och effektivitet i alla cykelsituationer.<\/p>","protected":false},"excerpt":{"rendered":"<p>Kun etsit luotettavaa py\u00f6r\u00e4ilykokemusta, SM-SH11 klossisarja tarjoaa \u00e4lykk\u00e4\u00e4n ratkaisun. Mukana on mustan ja keltaisen v\u00e4rin yhdistelm\u00e4, joka varmistaa askelten vakauden. M5 x 8 kiinnitys on tarkasti suunniteltu monipuoliseen k\u00e4ytt\u00f6\u00f6n. T\u00e4m\u00e4 pari on luotu erityisesti py\u00f6r\u00e4ilij\u00f6ille, jotka arvostavat kest\u00e4vyytt\u00e4, ja mukana tuleva asennussarja tekee kiinnityksest\u00e4 helppoa. Suunniteltu tuomaan mukavuutta ja tehokkuutta kaikissa ajotilanteissa. [&#8230;]<\/p>\n<p><a class=\"btn btn-secondary understrap-read-more-link\" href=\"https:\/\/vmsport.fi\/sv\/verkkokauppa\/varaosat\/polkimet\/klossit-ja-varaosat\/sm-sh11-klossisarja-itsesaatyva-m5-x-8-pari\/\">L\u00e4s mer \u2026<span class=\"screen-reader-text\"> from SM-SH11 Klossisarja &#8211; itses\u00e4\u00e4tyv\u00e4 (M5 x 8) pari<\/span><\/a><\/p>\n","protected":false},"featured_media":57492,"comment_status":"open","ping_status":"closed","template":"","meta":{"_acf_changed":false,"_improvement_type_select":"improve_an_existing","_thumb_yes_seoaic":false,"_frame_yes_seoaic":false,"seoaic_generate_description":"","seoaic_improve_instructions_prompt":"","seoaic_rollback_content_improvement":"","seoaic_idea_thumbnail_generator":"","thumbnail_generated":false,"thumbnail_generate_prompt":"","seoaic_article_description":"","_supplier_stock_quantity":0},"product_brand":[],"product_model":[],"product_cat":[9322],"product_tag":[],"industry-terminology":[],"class_list":{"0":"post-57493","1":"product","2":"type-product","3":"status-publish","4":"has-post-thumbnail","6":"product_cat-klossit-ja-varaosat","8":"first","9":"instock","10":"taxable","11":"shipping-taxable","12":"purchasable","13":"product-type-simple"},"acf":{"bike_features":null,"overview":{"copy_overview":null,"key_features":null,"statement":"","youtube_url":""}},"yoast_head":"<!-- This site is optimized with the Yoast SEO plugin v27.3 - https:\/\/yoast.com\/product\/yoast-seo-wordpress\/ -->\n<title>SM-SH11 Klossisarja - itses\u00e4\u00e4tyv\u00e4 (M5 x 8) pari - VM Sport<\/title>\n<meta name=\"robots\" content=\"index, follow, max-snippet:-1, max-image-preview:large, max-video-preview:-1\" \/>\n<link rel=\"canonical\" href=\"https:\/\/vmsport.fi\/sv\/webbutik\/reservdelar\/pedaler\/klossit-och-reservdelar\/sm-sh11-lassats-sjalvtatande-m5-x-8-par\/\" \/>\n<meta property=\"og:locale\" content=\"sv_SE\" \/>\n<meta property=\"og:type\" content=\"article\" \/>\n<meta property=\"og:title\" content=\"SM-SH11 Klossisarja - itses\u00e4\u00e4tyv\u00e4 (M5 x 8) pari - VM Sport\" \/>\n<meta property=\"og:description\" content=\"Kun etsit luotettavaa py\u00f6r\u00e4ilykokemusta, SM-SH11 klossisarja tarjoaa \u00e4lykk\u00e4\u00e4n ratkaisun. Mukana on mustan ja keltaisen v\u00e4rin yhdistelm\u00e4, joka varmistaa askelten vakauden. M5 x 8 kiinnitys on tarkasti suunniteltu monipuoliseen k\u00e4ytt\u00f6\u00f6n. T\u00e4m\u00e4 pari on luotu erityisesti py\u00f6r\u00e4ilij\u00f6ille, jotka arvostavat kest\u00e4vyytt\u00e4, ja mukana tuleva asennussarja tekee kiinnityksest\u00e4 helppoa. Suunniteltu tuomaan mukavuutta ja tehokkuutta kaikissa ajotilanteissa. [...]L\u00e4s mer \u2026 from SM-SH11 Klossisarja &#8211; itses\u00e4\u00e4tyv\u00e4 (M5 x 8) pari\" \/>\n<meta property=\"og:url\" content=\"https:\/\/vmsport.fi\/sv\/webbutik\/reservdelar\/pedaler\/klossit-och-reservdelar\/sm-sh11-lassats-sjalvtatande-m5-x-8-par\/\" \/>\n<meta property=\"og:site_name\" content=\"VM Sport\" \/>\n<meta property=\"article:publisher\" content=\"https:\/\/www.facebook.com\/Vmsport.fi\/\" \/>\n<meta property=\"article:modified_time\" content=\"2026-03-21T09:22:58+00:00\" \/>\n<meta property=\"og:image\" content=\"https:\/\/vmsport.fi\/wp-content\/uploads\/2025\/03\/ISMSH11-SM-SH11-primary-1-jpg-thumb-572-572-1.png\" \/>\n\t<meta property=\"og:image:width\" content=\"572\" \/>\n\t<meta property=\"og:image:height\" content=\"572\" \/>\n\t<meta property=\"og:image:type\" content=\"image\/png\" \/>\n<meta name=\"twitter:card\" content=\"summary_large_image\" \/>\n<script type=\"application\/ld+json\" class=\"yoast-schema-graph\">{\"@context\":\"https:\\\/\\\/schema.org\",\"@graph\":[{\"@type\":[\"WebPage\",\"ItemPage\"],\"@id\":\"https:\\\/\\\/vmsport.fi\\\/verkkokauppa\\\/varaosat\\\/polkimet\\\/klossit-ja-varaosat\\\/sm-sh11-klossisarja-itsesaatyva-m5-x-8-pari\\\/\",\"url\":\"https:\\\/\\\/vmsport.fi\\\/verkkokauppa\\\/varaosat\\\/polkimet\\\/klossit-ja-varaosat\\\/sm-sh11-klossisarja-itsesaatyva-m5-x-8-pari\\\/\",\"name\":\"SM-SH11 Klossisarja - itses\u00e4\u00e4tyv\u00e4 (M5 x 8) pari - VM Sport\",\"isPartOf\":{\"@id\":\"https:\\\/\\\/vmsport.fi\\\/#website\"},\"primaryImageOfPage\":{\"@id\":\"https:\\\/\\\/vmsport.fi\\\/verkkokauppa\\\/varaosat\\\/polkimet\\\/klossit-ja-varaosat\\\/sm-sh11-klossisarja-itsesaatyva-m5-x-8-pari\\\/#primaryimage\"},\"image\":{\"@id\":\"https:\\\/\\\/vmsport.fi\\\/verkkokauppa\\\/varaosat\\\/polkimet\\\/klossit-ja-varaosat\\\/sm-sh11-klossisarja-itsesaatyva-m5-x-8-pari\\\/#primaryimage\"},\"thumbnailUrl\":\"https:\\\/\\\/vmsport.fi\\\/wp-content\\\/uploads\\\/2025\\\/03\\\/ISMSH11-SM-SH11-primary-1-jpg-thumb-572-572-1.png\",\"datePublished\":\"2025-03-05T22:33:08+00:00\",\"dateModified\":\"2026-03-21T09:22:58+00:00\",\"breadcrumb\":{\"@id\":\"https:\\\/\\\/vmsport.fi\\\/verkkokauppa\\\/varaosat\\\/polkimet\\\/klossit-ja-varaosat\\\/sm-sh11-klossisarja-itsesaatyva-m5-x-8-pari\\\/#breadcrumb\"},\"inLanguage\":\"sv-SE\",\"potentialAction\":[{\"@type\":\"ReadAction\",\"target\":[\"https:\\\/\\\/vmsport.fi\\\/verkkokauppa\\\/varaosat\\\/polkimet\\\/klossit-ja-varaosat\\\/sm-sh11-klossisarja-itsesaatyva-m5-x-8-pari\\\/\"]}]},{\"@type\":\"ImageObject\",\"inLanguage\":\"sv-SE\",\"@id\":\"https:\\\/\\\/vmsport.fi\\\/verkkokauppa\\\/varaosat\\\/polkimet\\\/klossit-ja-varaosat\\\/sm-sh11-klossisarja-itsesaatyva-m5-x-8-pari\\\/#primaryimage\",\"url\":\"https:\\\/\\\/vmsport.fi\\\/wp-content\\\/uploads\\\/2025\\\/03\\\/ISMSH11-SM-SH11-primary-1-jpg-thumb-572-572-1.png\",\"contentUrl\":\"https:\\\/\\\/vmsport.fi\\\/wp-content\\\/uploads\\\/2025\\\/03\\\/ISMSH11-SM-SH11-primary-1-jpg-thumb-572-572-1.png\",\"width\":572,\"height\":572,\"caption\":\"ISMSH11-SM-SH11-primary-1-jpg-thumb-572-572\"},{\"@type\":\"BreadcrumbList\",\"@id\":\"https:\\\/\\\/vmsport.fi\\\/verkkokauppa\\\/varaosat\\\/polkimet\\\/klossit-ja-varaosat\\\/sm-sh11-klossisarja-itsesaatyva-m5-x-8-pari\\\/#breadcrumb\",\"itemListElement\":[{\"@type\":\"ListItem\",\"position\":1,\"name\":\"Etusivu\",\"item\":\"https:\\\/\\\/vmsport.fi\\\/\"},{\"@type\":\"ListItem\",\"position\":2,\"name\":\"Online Store\",\"item\":\"https:\\\/\\\/vmsport.fi\\\/en\\\/online-store\\\/\"},{\"@type\":\"ListItem\",\"position\":3,\"name\":\"SM-SH11 Klossisarja &#8211; itses\u00e4\u00e4tyv\u00e4 (M5 x 8) pari\"}]},{\"@type\":\"WebSite\",\"@id\":\"https:\\\/\\\/vmsport.fi\\\/#website\",\"url\":\"https:\\\/\\\/vmsport.fi\\\/\",\"name\":\"Vmsport\",\"description\":\"Kaikki py\u00f6r\u00e4ilyyn yhdest\u00e4 paikasta\",\"publisher\":{\"@id\":\"https:\\\/\\\/vmsport.fi\\\/#organization\"},\"potentialAction\":[{\"@type\":\"SearchAction\",\"target\":{\"@type\":\"EntryPoint\",\"urlTemplate\":\"https:\\\/\\\/vmsport.fi\\\/?s={search_term_string}\"},\"query-input\":{\"@type\":\"PropertyValueSpecification\",\"valueRequired\":true,\"valueName\":\"search_term_string\"}}],\"inLanguage\":\"sv-SE\"},{\"@type\":\"Organization\",\"@id\":\"https:\\\/\\\/vmsport.fi\\\/#organization\",\"name\":\"Vmsport\",\"url\":\"https:\\\/\\\/vmsport.fi\\\/\",\"logo\":{\"@type\":\"ImageObject\",\"inLanguage\":\"sv-SE\",\"@id\":\"https:\\\/\\\/vmsport.fi\\\/#\\\/schema\\\/logo\\\/image\\\/\",\"url\":\"https:\\\/\\\/vmsport.fi\\\/wp-content\\\/uploads\\\/2024\\\/12\\\/vm_sport_RGB_horisontal-e1734526017575.png\",\"contentUrl\":\"https:\\\/\\\/vmsport.fi\\\/wp-content\\\/uploads\\\/2024\\\/12\\\/vm_sport_RGB_horisontal-e1734526017575.png\",\"width\":668,\"height\":85,\"caption\":\"Vmsport\"},\"image\":{\"@id\":\"https:\\\/\\\/vmsport.fi\\\/#\\\/schema\\\/logo\\\/image\\\/\"},\"sameAs\":[\"https:\\\/\\\/www.facebook.com\\\/Vmsport.fi\\\/\",\"https:\\\/\\\/www.instagram.com\\\/vmsport\\\/\"]}]}<\/script>\n<!-- \/ Yoast SEO plugin. -->","yoast_head_json":{"title":"SM-SH11 Kl\u00e4mmsats - sj\u00e4lvjusterande (M5 x 8) par - VM Sport","robots":{"index":"index","follow":"follow","max-snippet":"max-snippet:-1","max-image-preview":"max-image-preview:large","max-video-preview":"max-video-preview:-1"},"canonical":"https:\/\/vmsport.fi\/sv\/webbutik\/reservdelar\/pedaler\/klossit-och-reservdelar\/sm-sh11-lassats-sjalvtatande-m5-x-8-par\/","og_locale":"sv_SE","og_type":"article","og_title":"SM-SH11 Klossisarja - itses\u00e4\u00e4tyv\u00e4 (M5 x 8) pari - VM Sport","og_description":"Kun etsit luotettavaa py\u00f6r\u00e4ilykokemusta, SM-SH11 klossisarja tarjoaa \u00e4lykk\u00e4\u00e4n ratkaisun. Mukana on mustan ja keltaisen v\u00e4rin yhdistelm\u00e4, joka varmistaa askelten vakauden. M5 x 8 kiinnitys on tarkasti suunniteltu monipuoliseen k\u00e4ytt\u00f6\u00f6n. T\u00e4m\u00e4 pari on luotu erityisesti py\u00f6r\u00e4ilij\u00f6ille, jotka arvostavat kest\u00e4vyytt\u00e4, ja mukana tuleva asennussarja tekee kiinnityksest\u00e4 helppoa. Suunniteltu tuomaan mukavuutta ja tehokkuutta kaikissa ajotilanteissa. [...]L\u00e4s mer \u2026 from SM-SH11 Klossisarja &#8211; itses\u00e4\u00e4tyv\u00e4 (M5 x 8) pari","og_url":"https:\/\/vmsport.fi\/sv\/webbutik\/reservdelar\/pedaler\/klossit-och-reservdelar\/sm-sh11-lassats-sjalvtatande-m5-x-8-par\/","og_site_name":"VM Sport","article_publisher":"https:\/\/www.facebook.com\/Vmsport.fi\/","article_modified_time":"2026-03-21T09:22:58+00:00","og_image":[{"width":572,"height":572,"url":"https:\/\/vmsport.fi\/wp-content\/uploads\/2025\/03\/ISMSH11-SM-SH11-primary-1-jpg-thumb-572-572-1.png","type":"image\/png"}],"twitter_card":"summary_large_image","schema":{"@context":"https:\/\/schema.org","@graph":[{"@type":["WebPage","ItemPage"],"@id":"https:\/\/vmsport.fi\/verkkokauppa\/varaosat\/polkimet\/klossit-ja-varaosat\/sm-sh11-klossisarja-itsesaatyva-m5-x-8-pari\/","url":"https:\/\/vmsport.fi\/verkkokauppa\/varaosat\/polkimet\/klossit-ja-varaosat\/sm-sh11-klossisarja-itsesaatyva-m5-x-8-pari\/","name":"SM-SH11 Kl\u00e4mmsats - sj\u00e4lvjusterande (M5 x 8) par - VM Sport","isPartOf":{"@id":"https:\/\/vmsport.fi\/#website"},"primaryImageOfPage":{"@id":"https:\/\/vmsport.fi\/verkkokauppa\/varaosat\/polkimet\/klossit-ja-varaosat\/sm-sh11-klossisarja-itsesaatyva-m5-x-8-pari\/#primaryimage"},"image":{"@id":"https:\/\/vmsport.fi\/verkkokauppa\/varaosat\/polkimet\/klossit-ja-varaosat\/sm-sh11-klossisarja-itsesaatyva-m5-x-8-pari\/#primaryimage"},"thumbnailUrl":"https:\/\/vmsport.fi\/wp-content\/uploads\/2025\/03\/ISMSH11-SM-SH11-primary-1-jpg-thumb-572-572-1.png","datePublished":"2025-03-05T22:33:08+00:00","dateModified":"2026-03-21T09:22:58+00:00","breadcrumb":{"@id":"https:\/\/vmsport.fi\/verkkokauppa\/varaosat\/polkimet\/klossit-ja-varaosat\/sm-sh11-klossisarja-itsesaatyva-m5-x-8-pari\/#breadcrumb"},"inLanguage":"sv-SE","potentialAction":[{"@type":"ReadAction","target":["https:\/\/vmsport.fi\/verkkokauppa\/varaosat\/polkimet\/klossit-ja-varaosat\/sm-sh11-klossisarja-itsesaatyva-m5-x-8-pari\/"]}]},{"@type":"ImageObject","inLanguage":"sv-SE","@id":"https:\/\/vmsport.fi\/verkkokauppa\/varaosat\/polkimet\/klossit-ja-varaosat\/sm-sh11-klossisarja-itsesaatyva-m5-x-8-pari\/#primaryimage","url":"https:\/\/vmsport.fi\/wp-content\/uploads\/2025\/03\/ISMSH11-SM-SH11-primary-1-jpg-thumb-572-572-1.png","contentUrl":"https:\/\/vmsport.fi\/wp-content\/uploads\/2025\/03\/ISMSH11-SM-SH11-primary-1-jpg-thumb-572-572-1.png","width":572,"height":572,"caption":"ISMSH11-SM-SH11-primary-1-jpg-thumb-572-572"},{"@type":"BreadcrumbList","@id":"https:\/\/vmsport.fi\/verkkokauppa\/varaosat\/polkimet\/klossit-ja-varaosat\/sm-sh11-klossisarja-itsesaatyva-m5-x-8-pari\/#breadcrumb","itemListElement":[{"@type":"ListItem","position":1,"name":"Etusivu","item":"https:\/\/vmsport.fi\/"},{"@type":"ListItem","position":2,"name":"Online Store","item":"https:\/\/vmsport.fi\/en\/online-store\/"},{"@type":"ListItem","position":3,"name":"SM-SH11 Klossisarja &#8211; itses\u00e4\u00e4tyv\u00e4 (M5 x 8) pari"}]},{"@type":"WebSite","@id":"https:\/\/vmsport.fi\/#website","url":"https:\/\/vmsport.fi\/","name":"Vmsport","description":"Allt p\u00e5 ett st\u00e4lle f\u00f6r cykling","publisher":{"@id":"https:\/\/vmsport.fi\/#organization"},"potentialAction":[{"@type":"SearchAction","target":{"@type":"EntryPoint","urlTemplate":"https:\/\/vmsport.fi\/?s={search_term_string}"},"query-input":{"@type":"PropertyValueSpecification","valueRequired":true,"valueName":"search_term_string"}}],"inLanguage":"sv-SE"},{"@type":"Organization","@id":"https:\/\/vmsport.fi\/#organization","name":"Vmsport","url":"https:\/\/vmsport.fi\/","logo":{"@type":"ImageObject","inLanguage":"sv-SE","@id":"https:\/\/vmsport.fi\/#\/schema\/logo\/image\/","url":"https:\/\/vmsport.fi\/wp-content\/uploads\/2024\/12\/vm_sport_RGB_horisontal-e1734526017575.png","contentUrl":"https:\/\/vmsport.fi\/wp-content\/uploads\/2024\/12\/vm_sport_RGB_horisontal-e1734526017575.png","width":668,"height":85,"caption":"Vmsport"},"image":{"@id":"https:\/\/vmsport.fi\/#\/schema\/logo\/image\/"},"sameAs":["https:\/\/www.facebook.com\/Vmsport.fi\/","https:\/\/www.instagram.com\/vmsport\/"]}]}},"global_unique_id":"","_links":{"self":[{"href":"https:\/\/vmsport.fi\/sv\/wp-json\/wp\/v2\/product\/57493","targetHints":{"allow":["GET"]}}],"collection":[{"href":"https:\/\/vmsport.fi\/sv\/wp-json\/wp\/v2\/product"}],"about":[{"href":"https:\/\/vmsport.fi\/sv\/wp-json\/wp\/v2\/types\/product"}],"replies":[{"embeddable":true,"href":"https:\/\/vmsport.fi\/sv\/wp-json\/wp\/v2\/comments?post=57493"}],"wp:featuredmedia":[{"embeddable":true,"href":"https:\/\/vmsport.fi\/sv\/wp-json\/wp\/v2\/media\/57492"}],"wp:attachment":[{"href":"https:\/\/vmsport.fi\/sv\/wp-json\/wp\/v2\/media?parent=57493"}],"wp:term":[{"taxonomy":"product_brand","embeddable":true,"href":"https:\/\/vmsport.fi\/sv\/wp-json\/wp\/v2\/product_brand?post=57493"},{"taxonomy":"product_model","embeddable":true,"href":"https:\/\/vmsport.fi\/sv\/wp-json\/wp\/v2\/product_model?post=57493"},{"taxonomy":"product_cat","embeddable":true,"href":"https:\/\/vmsport.fi\/sv\/wp-json\/wp\/v2\/product_cat?post=57493"},{"taxonomy":"product_tag","embeddable":true,"href":"https:\/\/vmsport.fi\/sv\/wp-json\/wp\/v2\/product_tag?post=57493"},{"taxonomy":"industry_terminology","embeddable":true,"href":"https:\/\/vmsport.fi\/sv\/wp-json\/wp\/v2\/industry-terminology?post=57493"}],"curies":[{"name":"wp","href":"https:\/\/api.w.org\/{rel}","templated":true}]}}