{"id":57491,"date":"2025-03-06T00:33:07","date_gmt":"2025-03-05T22:33:07","guid":{"rendered":"https:\/\/vmsport.fi\/verkkokauppa\/Ei-luokiteltu\/bontrager-bits-internal-frame-storage-bag\/"},"modified":"2026-01-16T13:22:34","modified_gmt":"2026-01-16T11:22:34","slug":"bontrager-bits-invandig-ramforvaringsvaska","status":"publish","type":"product","link":"https:\/\/vmsport.fi\/sv\/verkkokauppa\/tarvikkeet\/laukut\/runkolaukut\/bontrager-bits-internal-frame-storage-bag\/","title":{"rendered":"Bontrager BITS inv\u00e4ndig ramf\u00f6rvaringsv\u00e4ska"},"content":{"rendered":"<p>Bontrager BITS Internal Frame Storage Bag \u00e4r det perfekta tillbeh\u00f6ret f\u00f6r landsv\u00e4gscyklister som uppskattar diskret och effektiv f\u00f6rvaring. Denna slitstarka och flexibla f\u00f6rvaringsv\u00e4ska \u00e4r tillverkad av h\u00f6gkvalitativ 90 % polyester och 10 % spandex, och \u00e4r s\u00e4rskilt utformad f\u00f6r att vara kompatibel med Trek-cyklarnas BITS-f\u00f6rvaringsv\u00e4skor. Oavsett om det g\u00e4ller ett reservd\u00e4ck, d\u00e4ckj\u00e4rn, CO2-system eller patroner kan allt du beh\u00f6ver enkelt transporteras eftersom f\u00f6rvaringsv\u00e4skan kan installeras och anv\u00e4ndas utan verktyg. Det l\u00e4ttanv\u00e4nda f\u00e4stsystemet ger snabb \u00e5tkomst till dina f\u00f6rn\u00f6denheter, s\u00e5 att din cykelupplevelse blir smidig och enkel under hela resan.<\/p>","protected":false},"excerpt":{"rendered":"<p>Bontrager BITS Internal Frame Storage Bag on t\u00e4ydellinen lis\u00e4varuste maantiepy\u00f6r\u00e4ilij\u00f6ille, jotka arvostavat huomaamatonta ja tehokasta s\u00e4ilytystapaa. T\u00e4m\u00e4 kest\u00e4v\u00e4 ja joustava s\u00e4ilytyspussi on valmistettu korkealaatuisesta 90 % polyesterist\u00e4 ja 10 % spandexista, ja se on erityisesti suunniteltu yhteensopivaksi Trek-py\u00f6rien BITS-s\u00e4ilytystilojen kanssa. Oli kyseess\u00e4 sitten varasis\u00e4rengas, rengasraudat, CO2-j\u00e4rjestelm\u00e4 tai patruunat, kaikki tarpeellinen kulkee mukana vaivattomasti, sill\u00e4 s\u00e4ilytyspussin [&#8230;]<\/p>\n<p><a class=\"btn btn-secondary understrap-read-more-link\" href=\"https:\/\/vmsport.fi\/sv\/verkkokauppa\/tarvikkeet\/laukut\/runkolaukut\/bontrager-bits-internal-frame-storage-bag\/\">L\u00e4s mer \u2026<span class=\"screen-reader-text\"> from Bontrager BITS Internal Frame Storage Bag<\/span><\/a><\/p>\n","protected":false},"featured_media":57490,"comment_status":"open","ping_status":"closed","template":"","meta":{"_acf_changed":false,"_improvement_type_select":"improve_an_existing","_thumb_yes_seoaic":false,"_frame_yes_seoaic":false,"seoaic_generate_description":"","seoaic_improve_instructions_prompt":"","seoaic_rollback_content_improvement":"","seoaic_idea_thumbnail_generator":"","thumbnail_generated":false,"thumbnail_generate_prompt":"","seoaic_article_description":"","_supplier_stock_quantity":0},"product_brand":[],"product_model":[],"product_cat":[9600],"product_tag":[],"industry-terminology":[],"class_list":{"0":"post-57491","1":"product","2":"type-product","3":"status-publish","4":"has-post-thumbnail","6":"product_cat-runkolaukut","8":"first","9":"instock","10":"taxable","11":"shipping-taxable","12":"purchasable","13":"product-type-simple"},"acf":{"bike_features":null,"overview":{"copy_overview":null,"key_features":null,"statement":"","youtube_url":""}},"yoast_head":"<!-- This site is optimized with the Yoast SEO plugin v27.3 - https:\/\/yoast.com\/product\/yoast-seo-wordpress\/ -->\n<title>Bontrager BITS Internal Frame Storage Bag - VM Sport<\/title>\n<meta name=\"robots\" content=\"index, follow, max-snippet:-1, max-image-preview:large, max-video-preview:-1\" \/>\n<link rel=\"canonical\" href=\"https:\/\/vmsport.fi\/sv\/webbutik\/tillbehor\/vaskor\/bagagevaskor\/bontrager-bits-invandig-ramforvaringsvaska\/\" \/>\n<meta property=\"og:locale\" content=\"sv_SE\" \/>\n<meta property=\"og:type\" content=\"article\" \/>\n<meta property=\"og:title\" content=\"Bontrager BITS Internal Frame Storage Bag - VM Sport\" \/>\n<meta property=\"og:description\" content=\"Bontrager BITS Internal Frame Storage Bag on t\u00e4ydellinen lis\u00e4varuste maantiepy\u00f6r\u00e4ilij\u00f6ille, jotka arvostavat huomaamatonta ja tehokasta s\u00e4ilytystapaa. T\u00e4m\u00e4 kest\u00e4v\u00e4 ja joustava s\u00e4ilytyspussi on valmistettu korkealaatuisesta 90 % polyesterist\u00e4 ja 10 % spandexista, ja se on erityisesti suunniteltu yhteensopivaksi Trek-py\u00f6rien BITS-s\u00e4ilytystilojen kanssa. Oli kyseess\u00e4 sitten varasis\u00e4rengas, rengasraudat, CO2-j\u00e4rjestelm\u00e4 tai patruunat, kaikki tarpeellinen kulkee mukana vaivattomasti, sill\u00e4 s\u00e4ilytyspussin [...]L\u00e4s mer \u2026 from Bontrager BITS Internal Frame Storage Bag\" \/>\n<meta property=\"og:url\" content=\"https:\/\/vmsport.fi\/sv\/webbutik\/tillbehor\/vaskor\/bagagevaskor\/bontrager-bits-invandig-ramforvaringsvaska\/\" \/>\n<meta property=\"og:site_name\" content=\"VM Sport\" \/>\n<meta property=\"article:publisher\" content=\"https:\/\/www.facebook.com\/Vmsport.fi\/\" \/>\n<meta property=\"article:modified_time\" content=\"2026-01-16T11:22:34+00:00\" \/>\n<meta property=\"og:image\" content=\"https:\/\/vmsport.fi\/wp-content\/uploads\/2025\/03\/AMHoHKIxMdOeP6IQbQC0b6DkP1Srhd2VgwIs52LS57Ti06xmbU-1.jpg\" \/>\n\t<meta property=\"og:image:width\" content=\"400\" \/>\n\t<meta property=\"og:image:height\" content=\"300\" \/>\n\t<meta property=\"og:image:type\" content=\"image\/jpeg\" \/>\n<meta name=\"twitter:card\" content=\"summary_large_image\" \/>\n<script type=\"application\/ld+json\" class=\"yoast-schema-graph\">{\"@context\":\"https:\\\/\\\/schema.org\",\"@graph\":[{\"@type\":[\"WebPage\",\"ItemPage\"],\"@id\":\"https:\\\/\\\/vmsport.fi\\\/verkkokauppa\\\/tarvikkeet\\\/laukut\\\/runkolaukut\\\/bontrager-bits-internal-frame-storage-bag\\\/\",\"url\":\"https:\\\/\\\/vmsport.fi\\\/verkkokauppa\\\/tarvikkeet\\\/laukut\\\/runkolaukut\\\/bontrager-bits-internal-frame-storage-bag\\\/\",\"name\":\"Bontrager BITS Internal Frame Storage Bag - VM Sport\",\"isPartOf\":{\"@id\":\"https:\\\/\\\/vmsport.fi\\\/#website\"},\"primaryImageOfPage\":{\"@id\":\"https:\\\/\\\/vmsport.fi\\\/verkkokauppa\\\/tarvikkeet\\\/laukut\\\/runkolaukut\\\/bontrager-bits-internal-frame-storage-bag\\\/#primaryimage\"},\"image\":{\"@id\":\"https:\\\/\\\/vmsport.fi\\\/verkkokauppa\\\/tarvikkeet\\\/laukut\\\/runkolaukut\\\/bontrager-bits-internal-frame-storage-bag\\\/#primaryimage\"},\"thumbnailUrl\":\"https:\\\/\\\/vmsport.fi\\\/wp-content\\\/uploads\\\/2025\\\/03\\\/AMHoHKIxMdOeP6IQbQC0b6DkP1Srhd2VgwIs52LS57Ti06xmbU-1.jpg\",\"datePublished\":\"2025-03-05T22:33:07+00:00\",\"dateModified\":\"2026-01-16T11:22:34+00:00\",\"breadcrumb\":{\"@id\":\"https:\\\/\\\/vmsport.fi\\\/verkkokauppa\\\/tarvikkeet\\\/laukut\\\/runkolaukut\\\/bontrager-bits-internal-frame-storage-bag\\\/#breadcrumb\"},\"inLanguage\":\"sv-SE\",\"potentialAction\":[{\"@type\":\"ReadAction\",\"target\":[\"https:\\\/\\\/vmsport.fi\\\/verkkokauppa\\\/tarvikkeet\\\/laukut\\\/runkolaukut\\\/bontrager-bits-internal-frame-storage-bag\\\/\"]}]},{\"@type\":\"ImageObject\",\"inLanguage\":\"sv-SE\",\"@id\":\"https:\\\/\\\/vmsport.fi\\\/verkkokauppa\\\/tarvikkeet\\\/laukut\\\/runkolaukut\\\/bontrager-bits-internal-frame-storage-bag\\\/#primaryimage\",\"url\":\"https:\\\/\\\/vmsport.fi\\\/wp-content\\\/uploads\\\/2025\\\/03\\\/AMHoHKIxMdOeP6IQbQC0b6DkP1Srhd2VgwIs52LS57Ti06xmbU-1.jpg\",\"contentUrl\":\"https:\\\/\\\/vmsport.fi\\\/wp-content\\\/uploads\\\/2025\\\/03\\\/AMHoHKIxMdOeP6IQbQC0b6DkP1Srhd2VgwIs52LS57Ti06xmbU-1.jpg\",\"width\":400,\"height\":300,\"caption\":\"AMHoHKIxMdOeP6IQbQC0b6DkP1Srhd2VgwIs52LS57Ti06xmbU\"},{\"@type\":\"BreadcrumbList\",\"@id\":\"https:\\\/\\\/vmsport.fi\\\/verkkokauppa\\\/tarvikkeet\\\/laukut\\\/runkolaukut\\\/bontrager-bits-internal-frame-storage-bag\\\/#breadcrumb\",\"itemListElement\":[{\"@type\":\"ListItem\",\"position\":1,\"name\":\"Etusivu\",\"item\":\"https:\\\/\\\/vmsport.fi\\\/\"},{\"@type\":\"ListItem\",\"position\":2,\"name\":\"Online Store\",\"item\":\"https:\\\/\\\/vmsport.fi\\\/en\\\/online-store\\\/\"},{\"@type\":\"ListItem\",\"position\":3,\"name\":\"Bontrager BITS Internal Frame Storage Bag\"}]},{\"@type\":\"WebSite\",\"@id\":\"https:\\\/\\\/vmsport.fi\\\/#website\",\"url\":\"https:\\\/\\\/vmsport.fi\\\/\",\"name\":\"Vmsport\",\"description\":\"Kaikki py\u00f6r\u00e4ilyyn yhdest\u00e4 paikasta\",\"publisher\":{\"@id\":\"https:\\\/\\\/vmsport.fi\\\/#organization\"},\"potentialAction\":[{\"@type\":\"SearchAction\",\"target\":{\"@type\":\"EntryPoint\",\"urlTemplate\":\"https:\\\/\\\/vmsport.fi\\\/?s={search_term_string}\"},\"query-input\":{\"@type\":\"PropertyValueSpecification\",\"valueRequired\":true,\"valueName\":\"search_term_string\"}}],\"inLanguage\":\"sv-SE\"},{\"@type\":\"Organization\",\"@id\":\"https:\\\/\\\/vmsport.fi\\\/#organization\",\"name\":\"Vmsport\",\"url\":\"https:\\\/\\\/vmsport.fi\\\/\",\"logo\":{\"@type\":\"ImageObject\",\"inLanguage\":\"sv-SE\",\"@id\":\"https:\\\/\\\/vmsport.fi\\\/#\\\/schema\\\/logo\\\/image\\\/\",\"url\":\"https:\\\/\\\/vmsport.fi\\\/wp-content\\\/uploads\\\/2024\\\/12\\\/vm_sport_RGB_horisontal-e1734526017575.png\",\"contentUrl\":\"https:\\\/\\\/vmsport.fi\\\/wp-content\\\/uploads\\\/2024\\\/12\\\/vm_sport_RGB_horisontal-e1734526017575.png\",\"width\":668,\"height\":85,\"caption\":\"Vmsport\"},\"image\":{\"@id\":\"https:\\\/\\\/vmsport.fi\\\/#\\\/schema\\\/logo\\\/image\\\/\"},\"sameAs\":[\"https:\\\/\\\/www.facebook.com\\\/Vmsport.fi\\\/\",\"https:\\\/\\\/www.instagram.com\\\/vmsport\\\/\"]}]}<\/script>\n<!-- \/ Yoast SEO plugin. -->","yoast_head_json":{"title":"Bontrager BITS intern ramf\u00f6rvaringsv\u00e4ska - VM Sport","robots":{"index":"index","follow":"follow","max-snippet":"max-snippet:-1","max-image-preview":"max-image-preview:large","max-video-preview":"max-video-preview:-1"},"canonical":"https:\/\/vmsport.fi\/sv\/webbutik\/tillbehor\/vaskor\/bagagevaskor\/bontrager-bits-invandig-ramforvaringsvaska\/","og_locale":"sv_SE","og_type":"article","og_title":"Bontrager BITS Internal Frame Storage Bag - VM Sport","og_description":"Bontrager BITS Internal Frame Storage Bag on t\u00e4ydellinen lis\u00e4varuste maantiepy\u00f6r\u00e4ilij\u00f6ille, jotka arvostavat huomaamatonta ja tehokasta s\u00e4ilytystapaa. T\u00e4m\u00e4 kest\u00e4v\u00e4 ja joustava s\u00e4ilytyspussi on valmistettu korkealaatuisesta 90 % polyesterist\u00e4 ja 10 % spandexista, ja se on erityisesti suunniteltu yhteensopivaksi Trek-py\u00f6rien BITS-s\u00e4ilytystilojen kanssa. Oli kyseess\u00e4 sitten varasis\u00e4rengas, rengasraudat, CO2-j\u00e4rjestelm\u00e4 tai patruunat, kaikki tarpeellinen kulkee mukana vaivattomasti, sill\u00e4 s\u00e4ilytyspussin [...]L\u00e4s mer \u2026 from Bontrager BITS Internal Frame Storage Bag","og_url":"https:\/\/vmsport.fi\/sv\/webbutik\/tillbehor\/vaskor\/bagagevaskor\/bontrager-bits-invandig-ramforvaringsvaska\/","og_site_name":"VM Sport","article_publisher":"https:\/\/www.facebook.com\/Vmsport.fi\/","article_modified_time":"2026-01-16T11:22:34+00:00","og_image":[{"width":400,"height":300,"url":"https:\/\/vmsport.fi\/wp-content\/uploads\/2025\/03\/AMHoHKIxMdOeP6IQbQC0b6DkP1Srhd2VgwIs52LS57Ti06xmbU-1.jpg","type":"image\/jpeg"}],"twitter_card":"summary_large_image","schema":{"@context":"https:\/\/schema.org","@graph":[{"@type":["WebPage","ItemPage"],"@id":"https:\/\/vmsport.fi\/verkkokauppa\/tarvikkeet\/laukut\/runkolaukut\/bontrager-bits-internal-frame-storage-bag\/","url":"https:\/\/vmsport.fi\/verkkokauppa\/tarvikkeet\/laukut\/runkolaukut\/bontrager-bits-internal-frame-storage-bag\/","name":"Bontrager BITS intern ramf\u00f6rvaringsv\u00e4ska - VM Sport","isPartOf":{"@id":"https:\/\/vmsport.fi\/#website"},"primaryImageOfPage":{"@id":"https:\/\/vmsport.fi\/verkkokauppa\/tarvikkeet\/laukut\/runkolaukut\/bontrager-bits-internal-frame-storage-bag\/#primaryimage"},"image":{"@id":"https:\/\/vmsport.fi\/verkkokauppa\/tarvikkeet\/laukut\/runkolaukut\/bontrager-bits-internal-frame-storage-bag\/#primaryimage"},"thumbnailUrl":"https:\/\/vmsport.fi\/wp-content\/uploads\/2025\/03\/AMHoHKIxMdOeP6IQbQC0b6DkP1Srhd2VgwIs52LS57Ti06xmbU-1.jpg","datePublished":"2025-03-05T22:33:07+00:00","dateModified":"2026-01-16T11:22:34+00:00","breadcrumb":{"@id":"https:\/\/vmsport.fi\/verkkokauppa\/tarvikkeet\/laukut\/runkolaukut\/bontrager-bits-internal-frame-storage-bag\/#breadcrumb"},"inLanguage":"sv-SE","potentialAction":[{"@type":"ReadAction","target":["https:\/\/vmsport.fi\/verkkokauppa\/tarvikkeet\/laukut\/runkolaukut\/bontrager-bits-internal-frame-storage-bag\/"]}]},{"@type":"ImageObject","inLanguage":"sv-SE","@id":"https:\/\/vmsport.fi\/verkkokauppa\/tarvikkeet\/laukut\/runkolaukut\/bontrager-bits-internal-frame-storage-bag\/#primaryimage","url":"https:\/\/vmsport.fi\/wp-content\/uploads\/2025\/03\/AMHoHKIxMdOeP6IQbQC0b6DkP1Srhd2VgwIs52LS57Ti06xmbU-1.jpg","contentUrl":"https:\/\/vmsport.fi\/wp-content\/uploads\/2025\/03\/AMHoHKIxMdOeP6IQbQC0b6DkP1Srhd2VgwIs52LS57Ti06xmbU-1.jpg","width":400,"height":300,"caption":"AMHoHKIxMdOeP6IQbQC0b6DkP1Srhd2VgwIs52LS57Ti06xmbU"},{"@type":"BreadcrumbList","@id":"https:\/\/vmsport.fi\/verkkokauppa\/tarvikkeet\/laukut\/runkolaukut\/bontrager-bits-internal-frame-storage-bag\/#breadcrumb","itemListElement":[{"@type":"ListItem","position":1,"name":"Etusivu","item":"https:\/\/vmsport.fi\/"},{"@type":"ListItem","position":2,"name":"Online Store","item":"https:\/\/vmsport.fi\/en\/online-store\/"},{"@type":"ListItem","position":3,"name":"Bontrager BITS Internal Frame Storage Bag"}]},{"@type":"WebSite","@id":"https:\/\/vmsport.fi\/#website","url":"https:\/\/vmsport.fi\/","name":"Vmsport","description":"Allt p\u00e5 ett st\u00e4lle f\u00f6r cykling","publisher":{"@id":"https:\/\/vmsport.fi\/#organization"},"potentialAction":[{"@type":"SearchAction","target":{"@type":"EntryPoint","urlTemplate":"https:\/\/vmsport.fi\/?s={search_term_string}"},"query-input":{"@type":"PropertyValueSpecification","valueRequired":true,"valueName":"search_term_string"}}],"inLanguage":"sv-SE"},{"@type":"Organization","@id":"https:\/\/vmsport.fi\/#organization","name":"Vmsport","url":"https:\/\/vmsport.fi\/","logo":{"@type":"ImageObject","inLanguage":"sv-SE","@id":"https:\/\/vmsport.fi\/#\/schema\/logo\/image\/","url":"https:\/\/vmsport.fi\/wp-content\/uploads\/2024\/12\/vm_sport_RGB_horisontal-e1734526017575.png","contentUrl":"https:\/\/vmsport.fi\/wp-content\/uploads\/2024\/12\/vm_sport_RGB_horisontal-e1734526017575.png","width":668,"height":85,"caption":"Vmsport"},"image":{"@id":"https:\/\/vmsport.fi\/#\/schema\/logo\/image\/"},"sameAs":["https:\/\/www.facebook.com\/Vmsport.fi\/","https:\/\/www.instagram.com\/vmsport\/"]}]}},"global_unique_id":"","_links":{"self":[{"href":"https:\/\/vmsport.fi\/sv\/wp-json\/wp\/v2\/product\/57491","targetHints":{"allow":["GET"]}}],"collection":[{"href":"https:\/\/vmsport.fi\/sv\/wp-json\/wp\/v2\/product"}],"about":[{"href":"https:\/\/vmsport.fi\/sv\/wp-json\/wp\/v2\/types\/product"}],"replies":[{"embeddable":true,"href":"https:\/\/vmsport.fi\/sv\/wp-json\/wp\/v2\/comments?post=57491"}],"wp:featuredmedia":[{"embeddable":true,"href":"https:\/\/vmsport.fi\/sv\/wp-json\/wp\/v2\/media\/57490"}],"wp:attachment":[{"href":"https:\/\/vmsport.fi\/sv\/wp-json\/wp\/v2\/media?parent=57491"}],"wp:term":[{"taxonomy":"product_brand","embeddable":true,"href":"https:\/\/vmsport.fi\/sv\/wp-json\/wp\/v2\/product_brand?post=57491"},{"taxonomy":"product_model","embeddable":true,"href":"https:\/\/vmsport.fi\/sv\/wp-json\/wp\/v2\/product_model?post=57491"},{"taxonomy":"product_cat","embeddable":true,"href":"https:\/\/vmsport.fi\/sv\/wp-json\/wp\/v2\/product_cat?post=57491"},{"taxonomy":"product_tag","embeddable":true,"href":"https:\/\/vmsport.fi\/sv\/wp-json\/wp\/v2\/product_tag?post=57491"},{"taxonomy":"industry_terminology","embeddable":true,"href":"https:\/\/vmsport.fi\/sv\/wp-json\/wp\/v2\/industry-terminology?post=57491"}],"curies":[{"name":"wp","href":"https:\/\/api.w.org\/{rel}","templated":true}]}}