{"id":57489,"date":"2025-03-06T00:33:07","date_gmt":"2025-03-05T22:33:07","guid":{"rendered":"https:\/\/vmsport.fi\/verkkokauppa\/Ei-luokiteltu\/pfc-etukiekko-275-19-584-xc-disc-alex-xd-elite\/"},"modified":"2026-01-16T13:22:05","modified_gmt":"2026-01-16T11:22:05","slug":"pfc-hockey-275-19-584-xc-disc-alex-xd-elite","status":"publish","type":"product","link":"https:\/\/vmsport.fi\/sv\/verkkokauppa\/varaosat\/kiekot-ja-navat\/etukiekot\/pfc-etukiekko-275-19-584-xc-disc-alex-xd-elite\/","title":{"rendered":"PFC Fr\u00e4mre skiva 27,5\u2033 23-584 XC Disc, Alex XD-Elite"},"content":{"rendered":"<p>PFC-framhjulet \u00e4r utformat f\u00f6r 27,5-tums mountainbikes och \u00e4r d\u00e4rf\u00f6r ett utm\u00e4rkt val f\u00f6r utmanande stigar. Alex XD-Elite-d\u00e4cket, som \u00e4r utrustat med skivbromsar, ger utm\u00e4rkt kontroll och stabilitet under alla f\u00f6rh\u00e5llanden. Det h\u00e4r hjulet \u00e4r b\u00e5de l\u00e4tt och slitstarkt och l\u00e4mpar sig v\u00e4l f\u00f6r ett brett spektrum av terr\u00e4ngtill\u00e4mpningar. Skivans konstruktion \u00e4r optimerad f\u00f6r att st\u00f6dja effektiv bromsning och ge en smidig k\u00f6rupplevelse.<\/p>","protected":false},"excerpt":{"rendered":"<p>PFC:n etukiekko on suunniteltu 27,5 tuuman maastopy\u00f6rille, mik\u00e4 tekee siit\u00e4 erinomaisen valinnan haastaville reiteille. Alex XD-Elite -rengas, joka on varustettu levyjarruilla, takaa erinomaisen hallinnan ja vakauden kaikissa olosuhteissa. T\u00e4m\u00e4 kiekko, joka on sek\u00e4 kevyt ett\u00e4 kest\u00e4v\u00e4, soveltuu hyvin monipuoliseen maastok\u00e4ytt\u00f6\u00f6n. Kiekon rakenne on optimoitu tukemaan tehokasta jarrutusta ja tarjoamaan sujuvaa ajokokemusta. [&#8230;]<\/p>\n<p><a class=\"btn btn-secondary understrap-read-more-link\" href=\"https:\/\/vmsport.fi\/sv\/verkkokauppa\/varaosat\/kiekot-ja-navat\/etukiekot\/pfc-etukiekko-275-19-584-xc-disc-alex-xd-elite\/\">L\u00e4s mer \u2026<span class=\"screen-reader-text\"> from PFC Etukiekko 27,5&#8243; 23-584 XC Disc, Alex XD-Elite<\/span><\/a><\/p>\n","protected":false},"featured_media":57488,"comment_status":"open","ping_status":"closed","template":"","meta":{"_acf_changed":false,"_improvement_type_select":"improve_an_existing","_thumb_yes_seoaic":false,"_frame_yes_seoaic":false,"seoaic_generate_description":"","seoaic_improve_instructions_prompt":"","seoaic_rollback_content_improvement":"","seoaic_idea_thumbnail_generator":"","thumbnail_generated":false,"thumbnail_generate_prompt":"","seoaic_article_description":"","_supplier_stock_quantity":0},"product_brand":[],"product_model":[],"product_cat":[9484],"product_tag":[],"industry-terminology":[],"class_list":{"0":"post-57489","1":"product","2":"type-product","3":"status-publish","4":"has-post-thumbnail","6":"product_cat-etukiekot","8":"first","9":"instock","10":"taxable","11":"shipping-taxable","12":"purchasable","13":"product-type-simple"},"acf":{"bike_features":null,"overview":{"copy_overview":null,"key_features":null,"statement":"","youtube_url":""}},"yoast_head":"<!-- This site is optimized with the Yoast SEO plugin v27.3 - https:\/\/yoast.com\/product\/yoast-seo-wordpress\/ -->\n<title>PFC Etukiekko 27,5&quot; 23-584 XC Disc, Alex XD-Elite - VM Sport<\/title>\n<meta name=\"robots\" content=\"index, follow, max-snippet:-1, max-image-preview:large, max-video-preview:-1\" \/>\n<link rel=\"canonical\" href=\"https:\/\/vmsport.fi\/sv\/webbutik\/reservdelar\/skivor-och-nav\/fram-falg\/pfc-hockey-275-19-584-xc-disc-alex-xd-elite\/\" \/>\n<meta property=\"og:locale\" content=\"sv_SE\" \/>\n<meta property=\"og:type\" content=\"article\" \/>\n<meta property=\"og:title\" content=\"PFC Etukiekko 27,5&quot; 23-584 XC Disc, Alex XD-Elite - VM Sport\" \/>\n<meta property=\"og:description\" content=\"PFC:n etukiekko on suunniteltu 27,5 tuuman maastopy\u00f6rille, mik\u00e4 tekee siit\u00e4 erinomaisen valinnan haastaville reiteille. Alex XD-Elite -rengas, joka on varustettu levyjarruilla, takaa erinomaisen hallinnan ja vakauden kaikissa olosuhteissa. T\u00e4m\u00e4 kiekko, joka on sek\u00e4 kevyt ett\u00e4 kest\u00e4v\u00e4, soveltuu hyvin monipuoliseen maastok\u00e4ytt\u00f6\u00f6n. Kiekon rakenne on optimoitu tukemaan tehokasta jarrutusta ja tarjoamaan sujuvaa ajokokemusta. [...]L\u00e4s mer \u2026 from PFC Etukiekko 27,5&#8243; 23-584 XC Disc, Alex XD-Elite\" \/>\n<meta property=\"og:url\" content=\"https:\/\/vmsport.fi\/sv\/webbutik\/reservdelar\/skivor-och-nav\/fram-falg\/pfc-hockey-275-19-584-xc-disc-alex-xd-elite\/\" \/>\n<meta property=\"og:site_name\" content=\"VM Sport\" \/>\n<meta property=\"article:publisher\" content=\"https:\/\/www.facebook.com\/Vmsport.fi\/\" \/>\n<meta property=\"article:modified_time\" content=\"2026-01-16T11:22:05+00:00\" \/>\n<meta property=\"og:image\" content=\"https:\/\/vmsport.fi\/wp-content\/uploads\/2025\/03\/69077-1.jpg\" \/>\n\t<meta property=\"og:image:width\" content=\"1000\" \/>\n\t<meta property=\"og:image:height\" content=\"1000\" \/>\n\t<meta property=\"og:image:type\" content=\"image\/jpeg\" \/>\n<meta name=\"twitter:card\" content=\"summary_large_image\" \/>\n<script type=\"application\/ld+json\" class=\"yoast-schema-graph\">{\"@context\":\"https:\\\/\\\/schema.org\",\"@graph\":[{\"@type\":[\"WebPage\",\"ItemPage\"],\"@id\":\"https:\\\/\\\/vmsport.fi\\\/verkkokauppa\\\/varaosat\\\/kiekot-ja-navat\\\/etukiekot\\\/pfc-etukiekko-275-19-584-xc-disc-alex-xd-elite\\\/\",\"url\":\"https:\\\/\\\/vmsport.fi\\\/verkkokauppa\\\/varaosat\\\/kiekot-ja-navat\\\/etukiekot\\\/pfc-etukiekko-275-19-584-xc-disc-alex-xd-elite\\\/\",\"name\":\"PFC Etukiekko 27,5\\\" 23-584 XC Disc, Alex XD-Elite - VM Sport\",\"isPartOf\":{\"@id\":\"https:\\\/\\\/vmsport.fi\\\/#website\"},\"primaryImageOfPage\":{\"@id\":\"https:\\\/\\\/vmsport.fi\\\/verkkokauppa\\\/varaosat\\\/kiekot-ja-navat\\\/etukiekot\\\/pfc-etukiekko-275-19-584-xc-disc-alex-xd-elite\\\/#primaryimage\"},\"image\":{\"@id\":\"https:\\\/\\\/vmsport.fi\\\/verkkokauppa\\\/varaosat\\\/kiekot-ja-navat\\\/etukiekot\\\/pfc-etukiekko-275-19-584-xc-disc-alex-xd-elite\\\/#primaryimage\"},\"thumbnailUrl\":\"https:\\\/\\\/vmsport.fi\\\/wp-content\\\/uploads\\\/2025\\\/03\\\/69077-1.jpg\",\"datePublished\":\"2025-03-05T22:33:07+00:00\",\"dateModified\":\"2026-01-16T11:22:05+00:00\",\"breadcrumb\":{\"@id\":\"https:\\\/\\\/vmsport.fi\\\/verkkokauppa\\\/varaosat\\\/kiekot-ja-navat\\\/etukiekot\\\/pfc-etukiekko-275-19-584-xc-disc-alex-xd-elite\\\/#breadcrumb\"},\"inLanguage\":\"sv-SE\",\"potentialAction\":[{\"@type\":\"ReadAction\",\"target\":[\"https:\\\/\\\/vmsport.fi\\\/verkkokauppa\\\/varaosat\\\/kiekot-ja-navat\\\/etukiekot\\\/pfc-etukiekko-275-19-584-xc-disc-alex-xd-elite\\\/\"]}]},{\"@type\":\"ImageObject\",\"inLanguage\":\"sv-SE\",\"@id\":\"https:\\\/\\\/vmsport.fi\\\/verkkokauppa\\\/varaosat\\\/kiekot-ja-navat\\\/etukiekot\\\/pfc-etukiekko-275-19-584-xc-disc-alex-xd-elite\\\/#primaryimage\",\"url\":\"https:\\\/\\\/vmsport.fi\\\/wp-content\\\/uploads\\\/2025\\\/03\\\/69077-1.jpg\",\"contentUrl\":\"https:\\\/\\\/vmsport.fi\\\/wp-content\\\/uploads\\\/2025\\\/03\\\/69077-1.jpg\",\"width\":1000,\"height\":1000,\"caption\":\"69077\"},{\"@type\":\"BreadcrumbList\",\"@id\":\"https:\\\/\\\/vmsport.fi\\\/verkkokauppa\\\/varaosat\\\/kiekot-ja-navat\\\/etukiekot\\\/pfc-etukiekko-275-19-584-xc-disc-alex-xd-elite\\\/#breadcrumb\",\"itemListElement\":[{\"@type\":\"ListItem\",\"position\":1,\"name\":\"Etusivu\",\"item\":\"https:\\\/\\\/vmsport.fi\\\/\"},{\"@type\":\"ListItem\",\"position\":2,\"name\":\"Online Store\",\"item\":\"https:\\\/\\\/vmsport.fi\\\/en\\\/online-store\\\/\"},{\"@type\":\"ListItem\",\"position\":3,\"name\":\"PFC Etukiekko 27,5&#8243; 23-584 XC Disc, Alex XD-Elite\"}]},{\"@type\":\"WebSite\",\"@id\":\"https:\\\/\\\/vmsport.fi\\\/#website\",\"url\":\"https:\\\/\\\/vmsport.fi\\\/\",\"name\":\"Vmsport\",\"description\":\"Kaikki py\u00f6r\u00e4ilyyn yhdest\u00e4 paikasta\",\"publisher\":{\"@id\":\"https:\\\/\\\/vmsport.fi\\\/#organization\"},\"potentialAction\":[{\"@type\":\"SearchAction\",\"target\":{\"@type\":\"EntryPoint\",\"urlTemplate\":\"https:\\\/\\\/vmsport.fi\\\/?s={search_term_string}\"},\"query-input\":{\"@type\":\"PropertyValueSpecification\",\"valueRequired\":true,\"valueName\":\"search_term_string\"}}],\"inLanguage\":\"sv-SE\"},{\"@type\":\"Organization\",\"@id\":\"https:\\\/\\\/vmsport.fi\\\/#organization\",\"name\":\"Vmsport\",\"url\":\"https:\\\/\\\/vmsport.fi\\\/\",\"logo\":{\"@type\":\"ImageObject\",\"inLanguage\":\"sv-SE\",\"@id\":\"https:\\\/\\\/vmsport.fi\\\/#\\\/schema\\\/logo\\\/image\\\/\",\"url\":\"https:\\\/\\\/vmsport.fi\\\/wp-content\\\/uploads\\\/2024\\\/12\\\/vm_sport_RGB_horisontal-e1734526017575.png\",\"contentUrl\":\"https:\\\/\\\/vmsport.fi\\\/wp-content\\\/uploads\\\/2024\\\/12\\\/vm_sport_RGB_horisontal-e1734526017575.png\",\"width\":668,\"height\":85,\"caption\":\"Vmsport\"},\"image\":{\"@id\":\"https:\\\/\\\/vmsport.fi\\\/#\\\/schema\\\/logo\\\/image\\\/\"},\"sameAs\":[\"https:\\\/\\\/www.facebook.com\\\/Vmsport.fi\\\/\",\"https:\\\/\\\/www.instagram.com\\\/vmsport\\\/\"]}]}<\/script>\n<!-- \/ Yoast SEO plugin. -->","yoast_head_json":{"title":"PFC Framhockey 27,5\" 23-584 XC Disc, Alex XD-Elite - VM Sport","robots":{"index":"index","follow":"follow","max-snippet":"max-snippet:-1","max-image-preview":"max-image-preview:large","max-video-preview":"max-video-preview:-1"},"canonical":"https:\/\/vmsport.fi\/sv\/webbutik\/reservdelar\/skivor-och-nav\/fram-falg\/pfc-hockey-275-19-584-xc-disc-alex-xd-elite\/","og_locale":"sv_SE","og_type":"article","og_title":"PFC Etukiekko 27,5\" 23-584 XC Disc, Alex XD-Elite - VM Sport","og_description":"PFC:n etukiekko on suunniteltu 27,5 tuuman maastopy\u00f6rille, mik\u00e4 tekee siit\u00e4 erinomaisen valinnan haastaville reiteille. Alex XD-Elite -rengas, joka on varustettu levyjarruilla, takaa erinomaisen hallinnan ja vakauden kaikissa olosuhteissa. T\u00e4m\u00e4 kiekko, joka on sek\u00e4 kevyt ett\u00e4 kest\u00e4v\u00e4, soveltuu hyvin monipuoliseen maastok\u00e4ytt\u00f6\u00f6n. Kiekon rakenne on optimoitu tukemaan tehokasta jarrutusta ja tarjoamaan sujuvaa ajokokemusta. [...]L\u00e4s mer \u2026 from PFC Etukiekko 27,5&#8243; 23-584 XC Disc, Alex XD-Elite","og_url":"https:\/\/vmsport.fi\/sv\/webbutik\/reservdelar\/skivor-och-nav\/fram-falg\/pfc-hockey-275-19-584-xc-disc-alex-xd-elite\/","og_site_name":"VM Sport","article_publisher":"https:\/\/www.facebook.com\/Vmsport.fi\/","article_modified_time":"2026-01-16T11:22:05+00:00","og_image":[{"width":1000,"height":1000,"url":"https:\/\/vmsport.fi\/wp-content\/uploads\/2025\/03\/69077-1.jpg","type":"image\/jpeg"}],"twitter_card":"summary_large_image","schema":{"@context":"https:\/\/schema.org","@graph":[{"@type":["WebPage","ItemPage"],"@id":"https:\/\/vmsport.fi\/verkkokauppa\/varaosat\/kiekot-ja-navat\/etukiekot\/pfc-etukiekko-275-19-584-xc-disc-alex-xd-elite\/","url":"https:\/\/vmsport.fi\/verkkokauppa\/varaosat\/kiekot-ja-navat\/etukiekot\/pfc-etukiekko-275-19-584-xc-disc-alex-xd-elite\/","name":"PFC Framhockey 27,5\" 23-584 XC Disc, Alex XD-Elite - VM Sport","isPartOf":{"@id":"https:\/\/vmsport.fi\/#website"},"primaryImageOfPage":{"@id":"https:\/\/vmsport.fi\/verkkokauppa\/varaosat\/kiekot-ja-navat\/etukiekot\/pfc-etukiekko-275-19-584-xc-disc-alex-xd-elite\/#primaryimage"},"image":{"@id":"https:\/\/vmsport.fi\/verkkokauppa\/varaosat\/kiekot-ja-navat\/etukiekot\/pfc-etukiekko-275-19-584-xc-disc-alex-xd-elite\/#primaryimage"},"thumbnailUrl":"https:\/\/vmsport.fi\/wp-content\/uploads\/2025\/03\/69077-1.jpg","datePublished":"2025-03-05T22:33:07+00:00","dateModified":"2026-01-16T11:22:05+00:00","breadcrumb":{"@id":"https:\/\/vmsport.fi\/verkkokauppa\/varaosat\/kiekot-ja-navat\/etukiekot\/pfc-etukiekko-275-19-584-xc-disc-alex-xd-elite\/#breadcrumb"},"inLanguage":"sv-SE","potentialAction":[{"@type":"ReadAction","target":["https:\/\/vmsport.fi\/verkkokauppa\/varaosat\/kiekot-ja-navat\/etukiekot\/pfc-etukiekko-275-19-584-xc-disc-alex-xd-elite\/"]}]},{"@type":"ImageObject","inLanguage":"sv-SE","@id":"https:\/\/vmsport.fi\/verkkokauppa\/varaosat\/kiekot-ja-navat\/etukiekot\/pfc-etukiekko-275-19-584-xc-disc-alex-xd-elite\/#primaryimage","url":"https:\/\/vmsport.fi\/wp-content\/uploads\/2025\/03\/69077-1.jpg","contentUrl":"https:\/\/vmsport.fi\/wp-content\/uploads\/2025\/03\/69077-1.jpg","width":1000,"height":1000,"caption":"69077"},{"@type":"BreadcrumbList","@id":"https:\/\/vmsport.fi\/verkkokauppa\/varaosat\/kiekot-ja-navat\/etukiekot\/pfc-etukiekko-275-19-584-xc-disc-alex-xd-elite\/#breadcrumb","itemListElement":[{"@type":"ListItem","position":1,"name":"Etusivu","item":"https:\/\/vmsport.fi\/"},{"@type":"ListItem","position":2,"name":"Online Store","item":"https:\/\/vmsport.fi\/en\/online-store\/"},{"@type":"ListItem","position":3,"name":"PFC Etukiekko 27,5&#8243; 23-584 XC Disc, Alex XD-Elite"}]},{"@type":"WebSite","@id":"https:\/\/vmsport.fi\/#website","url":"https:\/\/vmsport.fi\/","name":"Vmsport","description":"Allt p\u00e5 ett st\u00e4lle f\u00f6r cykling","publisher":{"@id":"https:\/\/vmsport.fi\/#organization"},"potentialAction":[{"@type":"SearchAction","target":{"@type":"EntryPoint","urlTemplate":"https:\/\/vmsport.fi\/?s={search_term_string}"},"query-input":{"@type":"PropertyValueSpecification","valueRequired":true,"valueName":"search_term_string"}}],"inLanguage":"sv-SE"},{"@type":"Organization","@id":"https:\/\/vmsport.fi\/#organization","name":"Vmsport","url":"https:\/\/vmsport.fi\/","logo":{"@type":"ImageObject","inLanguage":"sv-SE","@id":"https:\/\/vmsport.fi\/#\/schema\/logo\/image\/","url":"https:\/\/vmsport.fi\/wp-content\/uploads\/2024\/12\/vm_sport_RGB_horisontal-e1734526017575.png","contentUrl":"https:\/\/vmsport.fi\/wp-content\/uploads\/2024\/12\/vm_sport_RGB_horisontal-e1734526017575.png","width":668,"height":85,"caption":"Vmsport"},"image":{"@id":"https:\/\/vmsport.fi\/#\/schema\/logo\/image\/"},"sameAs":["https:\/\/www.facebook.com\/Vmsport.fi\/","https:\/\/www.instagram.com\/vmsport\/"]}]}},"global_unique_id":"","_links":{"self":[{"href":"https:\/\/vmsport.fi\/sv\/wp-json\/wp\/v2\/product\/57489","targetHints":{"allow":["GET"]}}],"collection":[{"href":"https:\/\/vmsport.fi\/sv\/wp-json\/wp\/v2\/product"}],"about":[{"href":"https:\/\/vmsport.fi\/sv\/wp-json\/wp\/v2\/types\/product"}],"replies":[{"embeddable":true,"href":"https:\/\/vmsport.fi\/sv\/wp-json\/wp\/v2\/comments?post=57489"}],"wp:featuredmedia":[{"embeddable":true,"href":"https:\/\/vmsport.fi\/sv\/wp-json\/wp\/v2\/media\/57488"}],"wp:attachment":[{"href":"https:\/\/vmsport.fi\/sv\/wp-json\/wp\/v2\/media?parent=57489"}],"wp:term":[{"taxonomy":"product_brand","embeddable":true,"href":"https:\/\/vmsport.fi\/sv\/wp-json\/wp\/v2\/product_brand?post=57489"},{"taxonomy":"product_model","embeddable":true,"href":"https:\/\/vmsport.fi\/sv\/wp-json\/wp\/v2\/product_model?post=57489"},{"taxonomy":"product_cat","embeddable":true,"href":"https:\/\/vmsport.fi\/sv\/wp-json\/wp\/v2\/product_cat?post=57489"},{"taxonomy":"product_tag","embeddable":true,"href":"https:\/\/vmsport.fi\/sv\/wp-json\/wp\/v2\/product_tag?post=57489"},{"taxonomy":"industry_terminology","embeddable":true,"href":"https:\/\/vmsport.fi\/sv\/wp-json\/wp\/v2\/industry-terminology?post=57489"}],"curies":[{"name":"wp","href":"https:\/\/api.w.org\/{rel}","templated":true}]}}