{"id":57487,"date":"2025-03-06T00:33:05","date_gmt":"2025-03-05T22:33:05","guid":{"rendered":"https:\/\/vmsport.fi\/verkkokauppa\/Ei-luokiteltu\/rockshox-deluxe-super-delux-2017-50h-service-kit\/"},"modified":"2026-04-22T15:02:37","modified_gmt":"2026-04-22T12:02:37","slug":"rockshox-deluxe-super-delux-2017-50h-service-kit","status":"publish","type":"product","link":"https:\/\/vmsport.fi\/sv\/verkkokauppa\/varaosat\/haarukat-ja-rungonosat\/joustohaarukan-varaosat\/rockshox-deluxe-super-delux-2017-50h-service-kit\/","title":{"rendered":"ROCKSHOX Deluxe\/Super Delux (2017) 50h servicepaket"},"content":{"rendered":"<p>RockShox Deluxe\/Super Deluxe (2017) 50-timmars servicekit \u00e4r s\u00e4rskilt utformat f\u00f6r modellerna 2017-2022 och 2023 och fram\u00e5t f\u00f6r att h\u00e5lla din fj\u00e4dring ig\u00e5ng p\u00e5 b\u00e4sta s\u00e4tt. Satsen inneh\u00e5ller alla n\u00f6dv\u00e4ndiga delar, t.ex. luftt\u00e4tningar, kolvt\u00e4tningar och glidringar, som \u00e4r n\u00f6dv\u00e4ndiga f\u00f6r regelbundet underh\u00e5ll av fj\u00e4dringen. Underh\u00e5ll var 50:e timme med dessa delar hj\u00e4lper till att bibeh\u00e5lla prestanda och f\u00f6rl\u00e4nga produktens livsl\u00e4ngd. Satsen \u00e4r tillverkad av h\u00f6gkvalitativa material och \u00e4r utformad f\u00f6r att h\u00e5lla l\u00e4nge och f\u00f6rkroppsligar en \u00e4kta RockShox originaldesign. Vid montering rekommenderas anv\u00e4ndning av RSP Slick Kick-fett och RSP Air Fluid f\u00f6r att s\u00e4kerst\u00e4lla smidig fj\u00e4dring och l\u00e5ng livsl\u00e4ngd.<\/p>","protected":false},"excerpt":{"rendered":"<p>RockShox Deluxe\/Super Deluxe (2017) 50 tunnin huoltosarja on suunniteltu erityisesti vuosien 2017\u20132022 ja 2023 eteenp\u00e4in oleville malleille, jotta jousitus toimii aina parhaalla mahdollisella tavalla. Sarja sis\u00e4lt\u00e4\u00e4 kaikki tarvittavat osat, kuten ilmanp\u00e4\u00e4tytiivisteet, m\u00e4nn\u00e4n tiivisteen ja liukurenkaat, jotka ovat olennaisia jousituksen s\u00e4\u00e4nn\u00f6llisess\u00e4 huollossa. N\u00e4iden osien avulla teht\u00e4v\u00e4 50 tunnin v\u00e4lein suoritettava huolto auttaa s\u00e4ilytt\u00e4m\u00e4\u00e4n suorituskyvyn ja pident\u00e4m\u00e4\u00e4n [&#8230;]<\/p>\n<p><a class=\"btn btn-secondary understrap-read-more-link\" href=\"https:\/\/vmsport.fi\/sv\/verkkokauppa\/varaosat\/haarukat-ja-rungonosat\/joustohaarukan-varaosat\/rockshox-deluxe-super-delux-2017-50h-service-kit\/\">L\u00e4s mer \u2026<span class=\"screen-reader-text\"> from ROCKSHOX Deluxe\/Super Delux (2017) 50h service kit<\/span><\/a><\/p>\n","protected":false},"featured_media":57486,"comment_status":"open","ping_status":"closed","template":"","meta":{"_acf_changed":false,"_improvement_type_select":"improve_an_existing","_thumb_yes_seoaic":false,"_frame_yes_seoaic":false,"seoaic_generate_description":"","seoaic_improve_instructions_prompt":"","seoaic_rollback_content_improvement":"","seoaic_idea_thumbnail_generator":"","thumbnail_generated":false,"thumbnail_generate_prompt":"","seoaic_article_description":"","_supplier_stock_quantity":0},"product_brand":[1589],"product_model":[],"product_cat":[9526],"product_tag":[],"industry-terminology":[],"class_list":{"0":"post-57487","1":"product","2":"type-product","3":"status-publish","4":"has-post-thumbnail","6":"product_brand-rockshox","7":"product_cat-joustohaarukan-varaosat","9":"first","10":"outofstock","11":"taxable","12":"shipping-taxable","13":"product-type-simple"},"acf":{"bike_features":null,"overview":{"copy_overview":null,"key_features":null,"statement":"","youtube_url":""}},"yoast_head":"<!-- This site is optimized with the Yoast SEO plugin v27.4 - https:\/\/yoast.com\/product\/yoast-seo-wordpress\/ -->\n<title>ROCKSHOX Deluxe\/Super Delux (2017) 50h service kit - VM Sport<\/title>\n<meta name=\"robots\" content=\"index, follow, max-snippet:-1, max-image-preview:large, max-video-preview:-1\" \/>\n<link rel=\"canonical\" href=\"https:\/\/vmsport.fi\/sv\/webbutik\/reservdelar\/gafflar-och-kroppsdelar\/flexohaarukan-reservdelar\/rockshox-deluxe-super-delux-2017-50h-service-kit\/\" \/>\n<meta property=\"og:locale\" content=\"sv_SE\" \/>\n<meta property=\"og:type\" content=\"article\" \/>\n<meta property=\"og:title\" content=\"ROCKSHOX Deluxe\/Super Delux (2017) 50h service kit - VM Sport\" \/>\n<meta property=\"og:description\" content=\"RockShox Deluxe\/Super Deluxe (2017) 50 tunnin huoltosarja on suunniteltu erityisesti vuosien 2017\u20132022 ja 2023 eteenp\u00e4in oleville malleille, jotta jousitus toimii aina parhaalla mahdollisella tavalla. Sarja sis\u00e4lt\u00e4\u00e4 kaikki tarvittavat osat, kuten ilmanp\u00e4\u00e4tytiivisteet, m\u00e4nn\u00e4n tiivisteen ja liukurenkaat, jotka ovat olennaisia jousituksen s\u00e4\u00e4nn\u00f6llisess\u00e4 huollossa. N\u00e4iden osien avulla teht\u00e4v\u00e4 50 tunnin v\u00e4lein suoritettava huolto auttaa s\u00e4ilytt\u00e4m\u00e4\u00e4n suorituskyvyn ja pident\u00e4m\u00e4\u00e4n [...]L\u00e4s mer \u2026 from ROCKSHOX Deluxe\/Super Delux (2017) 50h service kit\" \/>\n<meta property=\"og:url\" content=\"https:\/\/vmsport.fi\/sv\/webbutik\/reservdelar\/gafflar-och-kroppsdelar\/flexohaarukan-reservdelar\/rockshox-deluxe-super-delux-2017-50h-service-kit\/\" \/>\n<meta property=\"og:site_name\" content=\"VM Sport\" \/>\n<meta property=\"article:publisher\" content=\"https:\/\/www.facebook.com\/Vmsport.fi\/\" \/>\n<meta property=\"article:modified_time\" content=\"2026-04-22T12:02:37+00:00\" \/>\n<meta property=\"og:image\" content=\"https:\/\/vmsport.fi\/wp-content\/uploads\/2025\/03\/00-4315-032-615-large-1.jpg\" \/>\n\t<meta property=\"og:image:width\" content=\"1000\" \/>\n\t<meta property=\"og:image:height\" content=\"750\" \/>\n\t<meta property=\"og:image:type\" content=\"image\/jpeg\" \/>\n<meta name=\"twitter:card\" content=\"summary_large_image\" \/>\n<meta name=\"twitter:label1\" content=\"Ber\u00e4knad l\u00e4stid\" \/>\n\t<meta name=\"twitter:data1\" content=\"1 minut\" \/>\n<script type=\"application\/ld+json\" class=\"yoast-schema-graph\">{\"@context\":\"https:\\\/\\\/schema.org\",\"@graph\":[{\"@type\":[\"WebPage\",\"ItemPage\"],\"@id\":\"https:\\\/\\\/vmsport.fi\\\/verkkokauppa\\\/varaosat\\\/haarukat-ja-rungonosat\\\/joustohaarukan-varaosat\\\/rockshox-deluxe-super-delux-2017-50h-service-kit\\\/\",\"url\":\"https:\\\/\\\/vmsport.fi\\\/verkkokauppa\\\/varaosat\\\/haarukat-ja-rungonosat\\\/joustohaarukan-varaosat\\\/rockshox-deluxe-super-delux-2017-50h-service-kit\\\/\",\"name\":\"ROCKSHOX Deluxe\\\/Super Delux (2017) 50h service kit - VM Sport\",\"isPartOf\":{\"@id\":\"https:\\\/\\\/vmsport.fi\\\/#website\"},\"primaryImageOfPage\":{\"@id\":\"https:\\\/\\\/vmsport.fi\\\/verkkokauppa\\\/varaosat\\\/haarukat-ja-rungonosat\\\/joustohaarukan-varaosat\\\/rockshox-deluxe-super-delux-2017-50h-service-kit\\\/#primaryimage\"},\"image\":{\"@id\":\"https:\\\/\\\/vmsport.fi\\\/verkkokauppa\\\/varaosat\\\/haarukat-ja-rungonosat\\\/joustohaarukan-varaosat\\\/rockshox-deluxe-super-delux-2017-50h-service-kit\\\/#primaryimage\"},\"thumbnailUrl\":\"https:\\\/\\\/vmsport.fi\\\/wp-content\\\/uploads\\\/2025\\\/03\\\/00-4315-032-615-large-1.jpg\",\"datePublished\":\"2025-03-05T22:33:05+00:00\",\"dateModified\":\"2026-04-22T12:02:37+00:00\",\"breadcrumb\":{\"@id\":\"https:\\\/\\\/vmsport.fi\\\/verkkokauppa\\\/varaosat\\\/haarukat-ja-rungonosat\\\/joustohaarukan-varaosat\\\/rockshox-deluxe-super-delux-2017-50h-service-kit\\\/#breadcrumb\"},\"inLanguage\":\"sv-SE\",\"potentialAction\":[{\"@type\":\"ReadAction\",\"target\":[\"https:\\\/\\\/vmsport.fi\\\/verkkokauppa\\\/varaosat\\\/haarukat-ja-rungonosat\\\/joustohaarukan-varaosat\\\/rockshox-deluxe-super-delux-2017-50h-service-kit\\\/\"]}]},{\"@type\":\"ImageObject\",\"inLanguage\":\"sv-SE\",\"@id\":\"https:\\\/\\\/vmsport.fi\\\/verkkokauppa\\\/varaosat\\\/haarukat-ja-rungonosat\\\/joustohaarukan-varaosat\\\/rockshox-deluxe-super-delux-2017-50h-service-kit\\\/#primaryimage\",\"url\":\"https:\\\/\\\/vmsport.fi\\\/wp-content\\\/uploads\\\/2025\\\/03\\\/00-4315-032-615-large-1.jpg\",\"contentUrl\":\"https:\\\/\\\/vmsport.fi\\\/wp-content\\\/uploads\\\/2025\\\/03\\\/00-4315-032-615-large-1.jpg\",\"width\":1000,\"height\":750,\"caption\":\"00-4315-032-615-large\"},{\"@type\":\"BreadcrumbList\",\"@id\":\"https:\\\/\\\/vmsport.fi\\\/verkkokauppa\\\/varaosat\\\/haarukat-ja-rungonosat\\\/joustohaarukan-varaosat\\\/rockshox-deluxe-super-delux-2017-50h-service-kit\\\/#breadcrumb\",\"itemListElement\":[{\"@type\":\"ListItem\",\"position\":1,\"name\":\"Etusivu\",\"item\":\"https:\\\/\\\/vmsport.fi\\\/\"},{\"@type\":\"ListItem\",\"position\":2,\"name\":\"Online Store\",\"item\":\"https:\\\/\\\/vmsport.fi\\\/en\\\/online-store\\\/\"},{\"@type\":\"ListItem\",\"position\":3,\"name\":\"ROCKSHOX Deluxe\\\/Super Delux (2017) 50h service kit\"}]},{\"@type\":\"WebSite\",\"@id\":\"https:\\\/\\\/vmsport.fi\\\/#website\",\"url\":\"https:\\\/\\\/vmsport.fi\\\/\",\"name\":\"Vmsport\",\"description\":\"Kaikki py\u00f6r\u00e4ilyyn yhdest\u00e4 paikasta\",\"publisher\":{\"@id\":\"https:\\\/\\\/vmsport.fi\\\/#organization\"},\"potentialAction\":[{\"@type\":\"SearchAction\",\"target\":{\"@type\":\"EntryPoint\",\"urlTemplate\":\"https:\\\/\\\/vmsport.fi\\\/?s={search_term_string}\"},\"query-input\":{\"@type\":\"PropertyValueSpecification\",\"valueRequired\":true,\"valueName\":\"search_term_string\"}}],\"inLanguage\":\"sv-SE\"},{\"@type\":\"Organization\",\"@id\":\"https:\\\/\\\/vmsport.fi\\\/#organization\",\"name\":\"Vmsport\",\"url\":\"https:\\\/\\\/vmsport.fi\\\/\",\"logo\":{\"@type\":\"ImageObject\",\"inLanguage\":\"sv-SE\",\"@id\":\"https:\\\/\\\/vmsport.fi\\\/#\\\/schema\\\/logo\\\/image\\\/\",\"url\":\"https:\\\/\\\/vmsport.fi\\\/wp-content\\\/uploads\\\/2024\\\/12\\\/vm_sport_RGB_horisontal-e1734526017575.png\",\"contentUrl\":\"https:\\\/\\\/vmsport.fi\\\/wp-content\\\/uploads\\\/2024\\\/12\\\/vm_sport_RGB_horisontal-e1734526017575.png\",\"width\":668,\"height\":85,\"caption\":\"Vmsport\"},\"image\":{\"@id\":\"https:\\\/\\\/vmsport.fi\\\/#\\\/schema\\\/logo\\\/image\\\/\"},\"sameAs\":[\"https:\\\/\\\/www.facebook.com\\\/Vmsport.fi\\\/\",\"https:\\\/\\\/www.instagram.com\\\/vmsport\\\/\"]}]}<\/script>\n<!-- \/ Yoast SEO plugin. -->","yoast_head_json":{"title":"ROCKSHOX Deluxe\/Super Delux (2017) 50h service kit - VM Sport","robots":{"index":"index","follow":"follow","max-snippet":"max-snippet:-1","max-image-preview":"max-image-preview:large","max-video-preview":"max-video-preview:-1"},"canonical":"https:\/\/vmsport.fi\/sv\/webbutik\/reservdelar\/gafflar-och-kroppsdelar\/flexohaarukan-reservdelar\/rockshox-deluxe-super-delux-2017-50h-service-kit\/","og_locale":"sv_SE","og_type":"article","og_title":"ROCKSHOX Deluxe\/Super Delux (2017) 50h service kit - VM Sport","og_description":"RockShox Deluxe\/Super Deluxe (2017) 50 tunnin huoltosarja on suunniteltu erityisesti vuosien 2017\u20132022 ja 2023 eteenp\u00e4in oleville malleille, jotta jousitus toimii aina parhaalla mahdollisella tavalla. Sarja sis\u00e4lt\u00e4\u00e4 kaikki tarvittavat osat, kuten ilmanp\u00e4\u00e4tytiivisteet, m\u00e4nn\u00e4n tiivisteen ja liukurenkaat, jotka ovat olennaisia jousituksen s\u00e4\u00e4nn\u00f6llisess\u00e4 huollossa. N\u00e4iden osien avulla teht\u00e4v\u00e4 50 tunnin v\u00e4lein suoritettava huolto auttaa s\u00e4ilytt\u00e4m\u00e4\u00e4n suorituskyvyn ja pident\u00e4m\u00e4\u00e4n [...]L\u00e4s mer \u2026 from ROCKSHOX Deluxe\/Super Delux (2017) 50h service kit","og_url":"https:\/\/vmsport.fi\/sv\/webbutik\/reservdelar\/gafflar-och-kroppsdelar\/flexohaarukan-reservdelar\/rockshox-deluxe-super-delux-2017-50h-service-kit\/","og_site_name":"VM Sport","article_publisher":"https:\/\/www.facebook.com\/Vmsport.fi\/","article_modified_time":"2026-04-22T12:02:37+00:00","og_image":[{"width":1000,"height":750,"url":"https:\/\/vmsport.fi\/wp-content\/uploads\/2025\/03\/00-4315-032-615-large-1.jpg","type":"image\/jpeg"}],"twitter_card":"summary_large_image","twitter_misc":{"Ber\u00e4knad l\u00e4stid":"1 minut"},"schema":{"@context":"https:\/\/schema.org","@graph":[{"@type":["WebPage","ItemPage"],"@id":"https:\/\/vmsport.fi\/verkkokauppa\/varaosat\/haarukat-ja-rungonosat\/joustohaarukan-varaosat\/rockshox-deluxe-super-delux-2017-50h-service-kit\/","url":"https:\/\/vmsport.fi\/verkkokauppa\/varaosat\/haarukat-ja-rungonosat\/joustohaarukan-varaosat\/rockshox-deluxe-super-delux-2017-50h-service-kit\/","name":"ROCKSHOX Deluxe\/Super Delux (2017) 50h service kit - VM Sport","isPartOf":{"@id":"https:\/\/vmsport.fi\/#website"},"primaryImageOfPage":{"@id":"https:\/\/vmsport.fi\/verkkokauppa\/varaosat\/haarukat-ja-rungonosat\/joustohaarukan-varaosat\/rockshox-deluxe-super-delux-2017-50h-service-kit\/#primaryimage"},"image":{"@id":"https:\/\/vmsport.fi\/verkkokauppa\/varaosat\/haarukat-ja-rungonosat\/joustohaarukan-varaosat\/rockshox-deluxe-super-delux-2017-50h-service-kit\/#primaryimage"},"thumbnailUrl":"https:\/\/vmsport.fi\/wp-content\/uploads\/2025\/03\/00-4315-032-615-large-1.jpg","datePublished":"2025-03-05T22:33:05+00:00","dateModified":"2026-04-22T12:02:37+00:00","breadcrumb":{"@id":"https:\/\/vmsport.fi\/verkkokauppa\/varaosat\/haarukat-ja-rungonosat\/joustohaarukan-varaosat\/rockshox-deluxe-super-delux-2017-50h-service-kit\/#breadcrumb"},"inLanguage":"sv-SE","potentialAction":[{"@type":"ReadAction","target":["https:\/\/vmsport.fi\/verkkokauppa\/varaosat\/haarukat-ja-rungonosat\/joustohaarukan-varaosat\/rockshox-deluxe-super-delux-2017-50h-service-kit\/"]}]},{"@type":"ImageObject","inLanguage":"sv-SE","@id":"https:\/\/vmsport.fi\/verkkokauppa\/varaosat\/haarukat-ja-rungonosat\/joustohaarukan-varaosat\/rockshox-deluxe-super-delux-2017-50h-service-kit\/#primaryimage","url":"https:\/\/vmsport.fi\/wp-content\/uploads\/2025\/03\/00-4315-032-615-large-1.jpg","contentUrl":"https:\/\/vmsport.fi\/wp-content\/uploads\/2025\/03\/00-4315-032-615-large-1.jpg","width":1000,"height":750,"caption":"00-4315-032-615-large"},{"@type":"BreadcrumbList","@id":"https:\/\/vmsport.fi\/verkkokauppa\/varaosat\/haarukat-ja-rungonosat\/joustohaarukan-varaosat\/rockshox-deluxe-super-delux-2017-50h-service-kit\/#breadcrumb","itemListElement":[{"@type":"ListItem","position":1,"name":"Etusivu","item":"https:\/\/vmsport.fi\/"},{"@type":"ListItem","position":2,"name":"Online Store","item":"https:\/\/vmsport.fi\/en\/online-store\/"},{"@type":"ListItem","position":3,"name":"ROCKSHOX Deluxe\/Super Delux (2017) 50h service kit"}]},{"@type":"WebSite","@id":"https:\/\/vmsport.fi\/#website","url":"https:\/\/vmsport.fi\/","name":"Vmsport","description":"Allt p\u00e5 ett st\u00e4lle f\u00f6r cykling","publisher":{"@id":"https:\/\/vmsport.fi\/#organization"},"potentialAction":[{"@type":"SearchAction","target":{"@type":"EntryPoint","urlTemplate":"https:\/\/vmsport.fi\/?s={search_term_string}"},"query-input":{"@type":"PropertyValueSpecification","valueRequired":true,"valueName":"search_term_string"}}],"inLanguage":"sv-SE"},{"@type":"Organization","@id":"https:\/\/vmsport.fi\/#organization","name":"Vmsport","url":"https:\/\/vmsport.fi\/","logo":{"@type":"ImageObject","inLanguage":"sv-SE","@id":"https:\/\/vmsport.fi\/#\/schema\/logo\/image\/","url":"https:\/\/vmsport.fi\/wp-content\/uploads\/2024\/12\/vm_sport_RGB_horisontal-e1734526017575.png","contentUrl":"https:\/\/vmsport.fi\/wp-content\/uploads\/2024\/12\/vm_sport_RGB_horisontal-e1734526017575.png","width":668,"height":85,"caption":"Vmsport"},"image":{"@id":"https:\/\/vmsport.fi\/#\/schema\/logo\/image\/"},"sameAs":["https:\/\/www.facebook.com\/Vmsport.fi\/","https:\/\/www.instagram.com\/vmsport\/"]}]}},"global_unique_id":"","_links":{"self":[{"href":"https:\/\/vmsport.fi\/sv\/wp-json\/wp\/v2\/product\/57487","targetHints":{"allow":["GET"]}}],"collection":[{"href":"https:\/\/vmsport.fi\/sv\/wp-json\/wp\/v2\/product"}],"about":[{"href":"https:\/\/vmsport.fi\/sv\/wp-json\/wp\/v2\/types\/product"}],"replies":[{"embeddable":true,"href":"https:\/\/vmsport.fi\/sv\/wp-json\/wp\/v2\/comments?post=57487"}],"wp:featuredmedia":[{"embeddable":true,"href":"https:\/\/vmsport.fi\/sv\/wp-json\/wp\/v2\/media\/57486"}],"wp:attachment":[{"href":"https:\/\/vmsport.fi\/sv\/wp-json\/wp\/v2\/media?parent=57487"}],"wp:term":[{"taxonomy":"product_brand","embeddable":true,"href":"https:\/\/vmsport.fi\/sv\/wp-json\/wp\/v2\/product_brand?post=57487"},{"taxonomy":"product_model","embeddable":true,"href":"https:\/\/vmsport.fi\/sv\/wp-json\/wp\/v2\/product_model?post=57487"},{"taxonomy":"product_cat","embeddable":true,"href":"https:\/\/vmsport.fi\/sv\/wp-json\/wp\/v2\/product_cat?post=57487"},{"taxonomy":"product_tag","embeddable":true,"href":"https:\/\/vmsport.fi\/sv\/wp-json\/wp\/v2\/product_tag?post=57487"},{"taxonomy":"industry_terminology","embeddable":true,"href":"https:\/\/vmsport.fi\/sv\/wp-json\/wp\/v2\/industry-terminology?post=57487"}],"curies":[{"name":"wp","href":"https:\/\/api.w.org\/{rel}","templated":true}]}}