{"id":57466,"date":"2025-03-06T00:32:39","date_gmt":"2025-03-05T22:32:39","guid":{"rendered":"https:\/\/vmsport.fi\/verkkokauppa\/Ei-luokiteltu\/swissstop-disc-brake-pad-disc-sram-g2-ultimate-g2-rsc-guide-ultimate-guide-rsc-guide-rs-guide-r-guide-t-organic-pad-steel-plate-pack-of-2-pads\/"},"modified":"2026-01-16T13:23:03","modified_gmt":"2026-01-16T11:23:03","slug":"swissstop-disc-brake-pad-disc-sram-g2-ultimate-g2-rsc-guide-ultimate-guide-rsc-guide-rs-guide-r-guide-t-organic-pad-steel-plate-pack-of-2-pads","status":"publish","type":"product","link":"https:\/\/vmsport.fi\/sv\/verkkokauppa\/varaosat\/jarrut\/jarrupalat\/swissstop-disc-brake-pad-disc-sram-g2-ultimate-g2-rsc-guide-ultimate-guide-rsc-guide-rs-guide-r-guide-t-organic-pad-steel-plate-pack-of-2-pads\/","title":{"rendered":"SWISSSTOP Disc brake pad Disc SRAM G2 Ultimate, G2 RSC, Guide Ultimate, Guide RSC, Guide RS, Guide R, Guide T Organic pad Steel plate Pack of 2 pads"},"content":{"rendered":"<p>SWISSSTOP-jarrupalat on suunniteltu erityisesti SRAM G2- ja Guide-sarjan py\u00f6riin, kuten G2 Ultimate ja Guide RSC -malleihin. N\u00e4ille orgaanisille paloille on ominaista ter\u00e4svahvike, joka varmistaa kest\u00e4v\u00e4n rakenteen. Ne tarjoavat hiljaisemman jarrutuskokemuksen ja nopean sis\u00e4\u00e4najon, mik\u00e4 tekee niist\u00e4 erinomaiset monenlaisiin ajotilanteisiin. Sintratut palat taas ovat saatavilla, kun tarvitaan lis\u00e4\u00e4 jarrutustehoa haastavammissa olosuhteissa, kuten m\u00e4r\u00e4ss\u00e4 ja mudassa ajettaessa. Pakkaus sis\u00e4lt\u00e4\u00e4 kaksi jarrupalaa, jotka tarjoavat erinomaisen jarrutustehon ja helppok\u00e4ytt\u00f6isyyden arkipy\u00f6r\u00e4ilyyn.<\/p>","protected":false},"excerpt":{"rendered":"<p>SWISSSTOP-jarrupalat on suunniteltu erityisesti SRAM G2- ja Guide-sarjan py\u00f6riin, kuten G2 Ultimate ja Guide RSC -malleihin. N\u00e4ille orgaanisille paloille on ominaista ter\u00e4svahvike, joka varmistaa kest\u00e4v\u00e4n rakenteen. Ne tarjoavat hiljaisemman jarrutuskokemuksen ja nopean sis\u00e4\u00e4najon, mik\u00e4 tekee niist\u00e4 erinomaiset monenlaisiin ajotilanteisiin. Sintratut palat taas ovat saatavilla, kun tarvitaan lis\u00e4\u00e4 jarrutustehoa haastavammissa olosuhteissa, kuten m\u00e4r\u00e4ss\u00e4 ja mudassa ajettaessa. [&#8230;]<\/p>\n<p><a class=\"btn btn-secondary understrap-read-more-link\" href=\"https:\/\/vmsport.fi\/sv\/verkkokauppa\/varaosat\/jarrut\/jarrupalat\/swissstop-disc-brake-pad-disc-sram-g2-ultimate-g2-rsc-guide-ultimate-guide-rsc-guide-rs-guide-r-guide-t-organic-pad-steel-plate-pack-of-2-pads\/\">L\u00e4s mer \u2026<span class=\"screen-reader-text\"> from SWISSSTOP Disc brake pad Disc SRAM G2 Ultimate, G2 RSC, Guide Ultimate, Guide RSC, Guide RS, Guide R, Guide T Organic pad Steel plate Pack of 2 pads<\/span><\/a><\/p>\n","protected":false},"featured_media":57465,"comment_status":"open","ping_status":"closed","template":"","meta":{"_acf_changed":false,"_improvement_type_select":"improve_an_existing","_thumb_yes_seoaic":false,"_frame_yes_seoaic":false,"seoaic_generate_description":"","seoaic_improve_instructions_prompt":"","seoaic_rollback_content_improvement":"","seoaic_idea_thumbnail_generator":"","thumbnail_generated":false,"thumbnail_generate_prompt":"","seoaic_article_description":"","_supplier_stock_quantity":0},"product_brand":[1588],"product_model":[],"product_cat":[9288],"product_tag":[],"industry-terminology":[],"class_list":{"0":"post-57466","1":"product","2":"type-product","3":"status-publish","4":"has-post-thumbnail","6":"product_brand-sram","7":"product_cat-jarrupalat","9":"first","10":"outofstock","11":"taxable","12":"shipping-taxable","13":"product-type-simple"},"acf":{"bike_features":null,"overview":{"copy_overview":null,"key_features":null,"statement":"","youtube_url":""}},"yoast_head":"<!-- This site is optimized with the Yoast SEO plugin v27.3 - https:\/\/yoast.com\/product\/yoast-seo-wordpress\/ -->\n<title>SWISSSTOP Disc brake pad Disc SRAM G2 Ultimate, G2 RSC, Guide Ultimate, Guide RSC, Guide RS, Guide R, Guide T Organic pad Steel plate Pack of 2 pads - VM Sport<\/title>\n<meta name=\"robots\" content=\"index, follow, max-snippet:-1, max-image-preview:large, max-video-preview:-1\" \/>\n<link rel=\"canonical\" href=\"https:\/\/vmsport.fi\/sv\/webbutik\/reservdelar\/bromsar\/bromsbelagg\/swissstop-disc-brake-pad-disc-sram-g2-ultimate-g2-rsc-guide-ultimate-guide-rsc-guide-rs-guide-r-guide-t-organic-pad-steel-plate-pack-of-2-pads\/\" \/>\n<meta property=\"og:locale\" content=\"sv_SE\" \/>\n<meta property=\"og:type\" content=\"article\" \/>\n<meta property=\"og:title\" content=\"SWISSSTOP Disc brake pad Disc SRAM G2 Ultimate, G2 RSC, Guide Ultimate, Guide RSC, Guide RS, Guide R, Guide T Organic pad Steel plate Pack of 2 pads - VM Sport\" \/>\n<meta property=\"og:description\" content=\"SWISSSTOP-jarrupalat on suunniteltu erityisesti SRAM G2- ja Guide-sarjan py\u00f6riin, kuten G2 Ultimate ja Guide RSC -malleihin. N\u00e4ille orgaanisille paloille on ominaista ter\u00e4svahvike, joka varmistaa kest\u00e4v\u00e4n rakenteen. Ne tarjoavat hiljaisemman jarrutuskokemuksen ja nopean sis\u00e4\u00e4najon, mik\u00e4 tekee niist\u00e4 erinomaiset monenlaisiin ajotilanteisiin. Sintratut palat taas ovat saatavilla, kun tarvitaan lis\u00e4\u00e4 jarrutustehoa haastavammissa olosuhteissa, kuten m\u00e4r\u00e4ss\u00e4 ja mudassa ajettaessa. [...]L\u00e4s mer \u2026 from SWISSSTOP Disc brake pad Disc SRAM G2 Ultimate, G2 RSC, Guide Ultimate, Guide RSC, Guide RS, Guide R, Guide T Organic pad Steel plate Pack of 2 pads\" \/>\n<meta property=\"og:url\" content=\"https:\/\/vmsport.fi\/sv\/webbutik\/reservdelar\/bromsar\/bromsbelagg\/swissstop-disc-brake-pad-disc-sram-g2-ultimate-g2-rsc-guide-ultimate-guide-rsc-guide-rs-guide-r-guide-t-organic-pad-steel-plate-pack-of-2-pads\/\" \/>\n<meta property=\"og:site_name\" content=\"VM Sport\" \/>\n<meta property=\"article:publisher\" content=\"https:\/\/www.facebook.com\/Vmsport.fi\/\" \/>\n<meta property=\"article:modified_time\" content=\"2026-01-16T11:23:03+00:00\" \/>\n<meta property=\"og:image\" content=\"https:\/\/vmsport.fi\/wp-content\/uploads\/2025\/03\/z6GvsfIRi3dt4qaQR3d08U1A3fHn0hXtD3fyyniyWrSAPtCkT2-1.jpg\" \/>\n\t<meta property=\"og:image:width\" content=\"800\" \/>\n\t<meta property=\"og:image:height\" content=\"800\" \/>\n\t<meta property=\"og:image:type\" content=\"image\/jpeg\" \/>\n<meta name=\"twitter:card\" content=\"summary_large_image\" \/>\n<script type=\"application\/ld+json\" class=\"yoast-schema-graph\">{\"@context\":\"https:\\\/\\\/schema.org\",\"@graph\":[{\"@type\":[\"WebPage\",\"ItemPage\"],\"@id\":\"https:\\\/\\\/vmsport.fi\\\/verkkokauppa\\\/varaosat\\\/jarrut\\\/jarrupalat\\\/swissstop-disc-brake-pad-disc-sram-g2-ultimate-g2-rsc-guide-ultimate-guide-rsc-guide-rs-guide-r-guide-t-organic-pad-steel-plate-pack-of-2-pads\\\/\",\"url\":\"https:\\\/\\\/vmsport.fi\\\/verkkokauppa\\\/varaosat\\\/jarrut\\\/jarrupalat\\\/swissstop-disc-brake-pad-disc-sram-g2-ultimate-g2-rsc-guide-ultimate-guide-rsc-guide-rs-guide-r-guide-t-organic-pad-steel-plate-pack-of-2-pads\\\/\",\"name\":\"SWISSSTOP Disc brake pad Disc SRAM G2 Ultimate, G2 RSC, Guide Ultimate, Guide RSC, Guide RS, Guide R, Guide T Organic pad Steel plate Pack of 2 pads - VM Sport\",\"isPartOf\":{\"@id\":\"https:\\\/\\\/vmsport.fi\\\/#website\"},\"primaryImageOfPage\":{\"@id\":\"https:\\\/\\\/vmsport.fi\\\/verkkokauppa\\\/varaosat\\\/jarrut\\\/jarrupalat\\\/swissstop-disc-brake-pad-disc-sram-g2-ultimate-g2-rsc-guide-ultimate-guide-rsc-guide-rs-guide-r-guide-t-organic-pad-steel-plate-pack-of-2-pads\\\/#primaryimage\"},\"image\":{\"@id\":\"https:\\\/\\\/vmsport.fi\\\/verkkokauppa\\\/varaosat\\\/jarrut\\\/jarrupalat\\\/swissstop-disc-brake-pad-disc-sram-g2-ultimate-g2-rsc-guide-ultimate-guide-rsc-guide-rs-guide-r-guide-t-organic-pad-steel-plate-pack-of-2-pads\\\/#primaryimage\"},\"thumbnailUrl\":\"https:\\\/\\\/vmsport.fi\\\/wp-content\\\/uploads\\\/2025\\\/03\\\/z6GvsfIRi3dt4qaQR3d08U1A3fHn0hXtD3fyyniyWrSAPtCkT2-1.jpg\",\"datePublished\":\"2025-03-05T22:32:39+00:00\",\"dateModified\":\"2026-01-16T11:23:03+00:00\",\"breadcrumb\":{\"@id\":\"https:\\\/\\\/vmsport.fi\\\/verkkokauppa\\\/varaosat\\\/jarrut\\\/jarrupalat\\\/swissstop-disc-brake-pad-disc-sram-g2-ultimate-g2-rsc-guide-ultimate-guide-rsc-guide-rs-guide-r-guide-t-organic-pad-steel-plate-pack-of-2-pads\\\/#breadcrumb\"},\"inLanguage\":\"sv-SE\",\"potentialAction\":[{\"@type\":\"ReadAction\",\"target\":[\"https:\\\/\\\/vmsport.fi\\\/verkkokauppa\\\/varaosat\\\/jarrut\\\/jarrupalat\\\/swissstop-disc-brake-pad-disc-sram-g2-ultimate-g2-rsc-guide-ultimate-guide-rsc-guide-rs-guide-r-guide-t-organic-pad-steel-plate-pack-of-2-pads\\\/\"]}]},{\"@type\":\"ImageObject\",\"inLanguage\":\"sv-SE\",\"@id\":\"https:\\\/\\\/vmsport.fi\\\/verkkokauppa\\\/varaosat\\\/jarrut\\\/jarrupalat\\\/swissstop-disc-brake-pad-disc-sram-g2-ultimate-g2-rsc-guide-ultimate-guide-rsc-guide-rs-guide-r-guide-t-organic-pad-steel-plate-pack-of-2-pads\\\/#primaryimage\",\"url\":\"https:\\\/\\\/vmsport.fi\\\/wp-content\\\/uploads\\\/2025\\\/03\\\/z6GvsfIRi3dt4qaQR3d08U1A3fHn0hXtD3fyyniyWrSAPtCkT2-1.jpg\",\"contentUrl\":\"https:\\\/\\\/vmsport.fi\\\/wp-content\\\/uploads\\\/2025\\\/03\\\/z6GvsfIRi3dt4qaQR3d08U1A3fHn0hXtD3fyyniyWrSAPtCkT2-1.jpg\",\"width\":800,\"height\":800,\"caption\":\"z6GvsfIRi3dt4qaQR3d08U1A3fHn0hXtD3fyyniyWrSAPtCkT2\"},{\"@type\":\"BreadcrumbList\",\"@id\":\"https:\\\/\\\/vmsport.fi\\\/verkkokauppa\\\/varaosat\\\/jarrut\\\/jarrupalat\\\/swissstop-disc-brake-pad-disc-sram-g2-ultimate-g2-rsc-guide-ultimate-guide-rsc-guide-rs-guide-r-guide-t-organic-pad-steel-plate-pack-of-2-pads\\\/#breadcrumb\",\"itemListElement\":[{\"@type\":\"ListItem\",\"position\":1,\"name\":\"Etusivu\",\"item\":\"https:\\\/\\\/vmsport.fi\\\/\"},{\"@type\":\"ListItem\",\"position\":2,\"name\":\"Online Store\",\"item\":\"https:\\\/\\\/vmsport.fi\\\/en\\\/online-store\\\/\"},{\"@type\":\"ListItem\",\"position\":3,\"name\":\"SWISSSTOP Disc brake pad Disc SRAM G2 Ultimate, G2 RSC, Guide Ultimate, Guide RSC, Guide RS, Guide R, Guide T Organic pad Steel plate Pack of 2 pads\"}]},{\"@type\":\"WebSite\",\"@id\":\"https:\\\/\\\/vmsport.fi\\\/#website\",\"url\":\"https:\\\/\\\/vmsport.fi\\\/\",\"name\":\"Vmsport\",\"description\":\"Kaikki py\u00f6r\u00e4ilyyn yhdest\u00e4 paikasta\",\"publisher\":{\"@id\":\"https:\\\/\\\/vmsport.fi\\\/#organization\"},\"potentialAction\":[{\"@type\":\"SearchAction\",\"target\":{\"@type\":\"EntryPoint\",\"urlTemplate\":\"https:\\\/\\\/vmsport.fi\\\/?s={search_term_string}\"},\"query-input\":{\"@type\":\"PropertyValueSpecification\",\"valueRequired\":true,\"valueName\":\"search_term_string\"}}],\"inLanguage\":\"sv-SE\"},{\"@type\":\"Organization\",\"@id\":\"https:\\\/\\\/vmsport.fi\\\/#organization\",\"name\":\"Vmsport\",\"url\":\"https:\\\/\\\/vmsport.fi\\\/\",\"logo\":{\"@type\":\"ImageObject\",\"inLanguage\":\"sv-SE\",\"@id\":\"https:\\\/\\\/vmsport.fi\\\/#\\\/schema\\\/logo\\\/image\\\/\",\"url\":\"https:\\\/\\\/vmsport.fi\\\/wp-content\\\/uploads\\\/2024\\\/12\\\/vm_sport_RGB_horisontal-e1734526017575.png\",\"contentUrl\":\"https:\\\/\\\/vmsport.fi\\\/wp-content\\\/uploads\\\/2024\\\/12\\\/vm_sport_RGB_horisontal-e1734526017575.png\",\"width\":668,\"height\":85,\"caption\":\"Vmsport\"},\"image\":{\"@id\":\"https:\\\/\\\/vmsport.fi\\\/#\\\/schema\\\/logo\\\/image\\\/\"},\"sameAs\":[\"https:\\\/\\\/www.facebook.com\\\/Vmsport.fi\\\/\",\"https:\\\/\\\/www.instagram.com\\\/vmsport\\\/\"]}]}<\/script>\n<!-- \/ Yoast SEO plugin. -->","yoast_head_json":{"title":"SWISSSTOP Disc brake pad Disc SRAM G2 Ultimate, G2 RSC, Guide Ultimate, Guide RSC, Guide RS, Guide R, Guide T Organic pad Steel plate Pack of 2 pads - VM Sport","robots":{"index":"index","follow":"follow","max-snippet":"max-snippet:-1","max-image-preview":"max-image-preview:large","max-video-preview":"max-video-preview:-1"},"canonical":"https:\/\/vmsport.fi\/sv\/webbutik\/reservdelar\/bromsar\/bromsbelagg\/swissstop-disc-brake-pad-disc-sram-g2-ultimate-g2-rsc-guide-ultimate-guide-rsc-guide-rs-guide-r-guide-t-organic-pad-steel-plate-pack-of-2-pads\/","og_locale":"sv_SE","og_type":"article","og_title":"SWISSSTOP Disc brake pad Disc SRAM G2 Ultimate, G2 RSC, Guide Ultimate, Guide RSC, Guide RS, Guide R, Guide T Organic pad Steel plate Pack of 2 pads - VM Sport","og_description":"SWISSSTOP-jarrupalat on suunniteltu erityisesti SRAM G2- ja Guide-sarjan py\u00f6riin, kuten G2 Ultimate ja Guide RSC -malleihin. N\u00e4ille orgaanisille paloille on ominaista ter\u00e4svahvike, joka varmistaa kest\u00e4v\u00e4n rakenteen. Ne tarjoavat hiljaisemman jarrutuskokemuksen ja nopean sis\u00e4\u00e4najon, mik\u00e4 tekee niist\u00e4 erinomaiset monenlaisiin ajotilanteisiin. Sintratut palat taas ovat saatavilla, kun tarvitaan lis\u00e4\u00e4 jarrutustehoa haastavammissa olosuhteissa, kuten m\u00e4r\u00e4ss\u00e4 ja mudassa ajettaessa. [...]L\u00e4s mer \u2026 from SWISSSTOP Disc brake pad Disc SRAM G2 Ultimate, G2 RSC, Guide Ultimate, Guide RSC, Guide RS, Guide R, Guide T Organic pad Steel plate Pack of 2 pads","og_url":"https:\/\/vmsport.fi\/sv\/webbutik\/reservdelar\/bromsar\/bromsbelagg\/swissstop-disc-brake-pad-disc-sram-g2-ultimate-g2-rsc-guide-ultimate-guide-rsc-guide-rs-guide-r-guide-t-organic-pad-steel-plate-pack-of-2-pads\/","og_site_name":"VM Sport","article_publisher":"https:\/\/www.facebook.com\/Vmsport.fi\/","article_modified_time":"2026-01-16T11:23:03+00:00","og_image":[{"width":800,"height":800,"url":"https:\/\/vmsport.fi\/wp-content\/uploads\/2025\/03\/z6GvsfIRi3dt4qaQR3d08U1A3fHn0hXtD3fyyniyWrSAPtCkT2-1.jpg","type":"image\/jpeg"}],"twitter_card":"summary_large_image","schema":{"@context":"https:\/\/schema.org","@graph":[{"@type":["WebPage","ItemPage"],"@id":"https:\/\/vmsport.fi\/verkkokauppa\/varaosat\/jarrut\/jarrupalat\/swissstop-disc-brake-pad-disc-sram-g2-ultimate-g2-rsc-guide-ultimate-guide-rsc-guide-rs-guide-r-guide-t-organic-pad-steel-plate-pack-of-2-pads\/","url":"https:\/\/vmsport.fi\/verkkokauppa\/varaosat\/jarrut\/jarrupalat\/swissstop-disc-brake-pad-disc-sram-g2-ultimate-g2-rsc-guide-ultimate-guide-rsc-guide-rs-guide-r-guide-t-organic-pad-steel-plate-pack-of-2-pads\/","name":"SWISSSTOP Disc brake pad Disc SRAM G2 Ultimate, G2 RSC, Guide Ultimate, Guide RSC, Guide RS, Guide R, Guide T Organic pad Steel plate Pack of 2 pads - VM Sport","isPartOf":{"@id":"https:\/\/vmsport.fi\/#website"},"primaryImageOfPage":{"@id":"https:\/\/vmsport.fi\/verkkokauppa\/varaosat\/jarrut\/jarrupalat\/swissstop-disc-brake-pad-disc-sram-g2-ultimate-g2-rsc-guide-ultimate-guide-rsc-guide-rs-guide-r-guide-t-organic-pad-steel-plate-pack-of-2-pads\/#primaryimage"},"image":{"@id":"https:\/\/vmsport.fi\/verkkokauppa\/varaosat\/jarrut\/jarrupalat\/swissstop-disc-brake-pad-disc-sram-g2-ultimate-g2-rsc-guide-ultimate-guide-rsc-guide-rs-guide-r-guide-t-organic-pad-steel-plate-pack-of-2-pads\/#primaryimage"},"thumbnailUrl":"https:\/\/vmsport.fi\/wp-content\/uploads\/2025\/03\/z6GvsfIRi3dt4qaQR3d08U1A3fHn0hXtD3fyyniyWrSAPtCkT2-1.jpg","datePublished":"2025-03-05T22:32:39+00:00","dateModified":"2026-01-16T11:23:03+00:00","breadcrumb":{"@id":"https:\/\/vmsport.fi\/verkkokauppa\/varaosat\/jarrut\/jarrupalat\/swissstop-disc-brake-pad-disc-sram-g2-ultimate-g2-rsc-guide-ultimate-guide-rsc-guide-rs-guide-r-guide-t-organic-pad-steel-plate-pack-of-2-pads\/#breadcrumb"},"inLanguage":"sv-SE","potentialAction":[{"@type":"ReadAction","target":["https:\/\/vmsport.fi\/verkkokauppa\/varaosat\/jarrut\/jarrupalat\/swissstop-disc-brake-pad-disc-sram-g2-ultimate-g2-rsc-guide-ultimate-guide-rsc-guide-rs-guide-r-guide-t-organic-pad-steel-plate-pack-of-2-pads\/"]}]},{"@type":"ImageObject","inLanguage":"sv-SE","@id":"https:\/\/vmsport.fi\/verkkokauppa\/varaosat\/jarrut\/jarrupalat\/swissstop-disc-brake-pad-disc-sram-g2-ultimate-g2-rsc-guide-ultimate-guide-rsc-guide-rs-guide-r-guide-t-organic-pad-steel-plate-pack-of-2-pads\/#primaryimage","url":"https:\/\/vmsport.fi\/wp-content\/uploads\/2025\/03\/z6GvsfIRi3dt4qaQR3d08U1A3fHn0hXtD3fyyniyWrSAPtCkT2-1.jpg","contentUrl":"https:\/\/vmsport.fi\/wp-content\/uploads\/2025\/03\/z6GvsfIRi3dt4qaQR3d08U1A3fHn0hXtD3fyyniyWrSAPtCkT2-1.jpg","width":800,"height":800,"caption":"z6GvsfIRi3dt4qaQR3d08U1A3fHn0hXtD3fyyniyWrSAPtCkT2"},{"@type":"BreadcrumbList","@id":"https:\/\/vmsport.fi\/verkkokauppa\/varaosat\/jarrut\/jarrupalat\/swissstop-disc-brake-pad-disc-sram-g2-ultimate-g2-rsc-guide-ultimate-guide-rsc-guide-rs-guide-r-guide-t-organic-pad-steel-plate-pack-of-2-pads\/#breadcrumb","itemListElement":[{"@type":"ListItem","position":1,"name":"Etusivu","item":"https:\/\/vmsport.fi\/"},{"@type":"ListItem","position":2,"name":"Online Store","item":"https:\/\/vmsport.fi\/en\/online-store\/"},{"@type":"ListItem","position":3,"name":"SWISSSTOP Disc brake pad Disc SRAM G2 Ultimate, G2 RSC, Guide Ultimate, Guide RSC, Guide RS, Guide R, Guide T Organic pad Steel plate Pack of 2 pads"}]},{"@type":"WebSite","@id":"https:\/\/vmsport.fi\/#website","url":"https:\/\/vmsport.fi\/","name":"Vmsport","description":"Allt p\u00e5 ett st\u00e4lle f\u00f6r cykling","publisher":{"@id":"https:\/\/vmsport.fi\/#organization"},"potentialAction":[{"@type":"SearchAction","target":{"@type":"EntryPoint","urlTemplate":"https:\/\/vmsport.fi\/?s={search_term_string}"},"query-input":{"@type":"PropertyValueSpecification","valueRequired":true,"valueName":"search_term_string"}}],"inLanguage":"sv-SE"},{"@type":"Organization","@id":"https:\/\/vmsport.fi\/#organization","name":"Vmsport","url":"https:\/\/vmsport.fi\/","logo":{"@type":"ImageObject","inLanguage":"sv-SE","@id":"https:\/\/vmsport.fi\/#\/schema\/logo\/image\/","url":"https:\/\/vmsport.fi\/wp-content\/uploads\/2024\/12\/vm_sport_RGB_horisontal-e1734526017575.png","contentUrl":"https:\/\/vmsport.fi\/wp-content\/uploads\/2024\/12\/vm_sport_RGB_horisontal-e1734526017575.png","width":668,"height":85,"caption":"Vmsport"},"image":{"@id":"https:\/\/vmsport.fi\/#\/schema\/logo\/image\/"},"sameAs":["https:\/\/www.facebook.com\/Vmsport.fi\/","https:\/\/www.instagram.com\/vmsport\/"]}]}},"global_unique_id":"","_links":{"self":[{"href":"https:\/\/vmsport.fi\/sv\/wp-json\/wp\/v2\/product\/57466","targetHints":{"allow":["GET"]}}],"collection":[{"href":"https:\/\/vmsport.fi\/sv\/wp-json\/wp\/v2\/product"}],"about":[{"href":"https:\/\/vmsport.fi\/sv\/wp-json\/wp\/v2\/types\/product"}],"replies":[{"embeddable":true,"href":"https:\/\/vmsport.fi\/sv\/wp-json\/wp\/v2\/comments?post=57466"}],"wp:featuredmedia":[{"embeddable":true,"href":"https:\/\/vmsport.fi\/sv\/wp-json\/wp\/v2\/media\/57465"}],"wp:attachment":[{"href":"https:\/\/vmsport.fi\/sv\/wp-json\/wp\/v2\/media?parent=57466"}],"wp:term":[{"taxonomy":"product_brand","embeddable":true,"href":"https:\/\/vmsport.fi\/sv\/wp-json\/wp\/v2\/product_brand?post=57466"},{"taxonomy":"product_model","embeddable":true,"href":"https:\/\/vmsport.fi\/sv\/wp-json\/wp\/v2\/product_model?post=57466"},{"taxonomy":"product_cat","embeddable":true,"href":"https:\/\/vmsport.fi\/sv\/wp-json\/wp\/v2\/product_cat?post=57466"},{"taxonomy":"product_tag","embeddable":true,"href":"https:\/\/vmsport.fi\/sv\/wp-json\/wp\/v2\/product_tag?post=57466"},{"taxonomy":"industry_terminology","embeddable":true,"href":"https:\/\/vmsport.fi\/sv\/wp-json\/wp\/v2\/industry-terminology?post=57466"}],"curies":[{"name":"wp","href":"https:\/\/api.w.org\/{rel}","templated":true}]}}