{"id":57464,"date":"2025-03-06T00:32:38","date_gmt":"2025-03-05T22:32:38","guid":{"rendered":"https:\/\/vmsport.fi\/verkkokauppa\/Ei-luokiteltu\/poljin-flat-mtb-pd-gr500-musta\/"},"modified":"2026-04-22T15:09:49","modified_gmt":"2026-04-22T12:09:49","slug":"poljin-flat-mtb-pd-gr500-svart","status":"publish","type":"product","link":"https:\/\/vmsport.fi\/sv\/verkkokauppa\/varaosat\/polkimet\/flat-bmx-ja-dh-polkimet\/poljin-flat-mtb-pd-gr500-musta\/","title":{"rendered":"Pedal Flat MTB PD-GR500 Svart"},"content":{"rendered":"<p>Pedalen Flat MTB PD-GR500 Black \u00e4r en Shimano-produkt av h\u00f6g kvalitet som \u00e4r s\u00e4rskilt utformad f\u00f6r mountainbike. Den h\u00e4r l\u00e4tta och h\u00e5llbara pedalen ger ett fast grepp f\u00f6r en s\u00e4ker cykelupplevelse \u00e4ven i kr\u00e4vande terr\u00e4ng. Den snygga svarta f\u00e4rgen g\u00f6r den till ett sl\u00e5ende komplement till alla cyklar. Pedalen \u00e4r m\u00e5ngsidig och l\u00e4mplig f\u00f6r b\u00e5de kr\u00e4vande stigar och vardaglig cykling, och ger alltid tillf\u00f6rlitlig prestanda.<\/p>","protected":false},"excerpt":{"rendered":"<p>Poljin Flat MTB PD-GR500 Musta on korkealaatuinen Shimano-tuote, joka on suunniteltu erityisesti maastopy\u00f6r\u00e4ilyyn. T\u00e4m\u00e4 kevyt ja kest\u00e4v\u00e4 poljin tarjoaa tukevan pidon, joka mahdollistaa turvallisen ajokokemuksen my\u00f6s vaativissa maastoissa. Sen tyylik\u00e4s musta v\u00e4ri tekee siit\u00e4 n\u00e4ytt\u00e4v\u00e4n lis\u00e4n mihin tahansa py\u00f6r\u00e4\u00e4n. Poljin on monipuolinen ja sopii sek\u00e4 vaativille reiteille ett\u00e4 rentoon ajoon, tarjoten aina luotettavaa suorituskyky\u00e4. [&#8230;]<\/p>\n<p><a class=\"btn btn-secondary understrap-read-more-link\" href=\"https:\/\/vmsport.fi\/sv\/verkkokauppa\/varaosat\/polkimet\/flat-bmx-ja-dh-polkimet\/poljin-flat-mtb-pd-gr500-musta\/\">L\u00e4s mer \u2026<span class=\"screen-reader-text\"> from Poljin Flat MTB PD-GR500 Musta<\/span><\/a><\/p>\n","protected":false},"featured_media":57463,"comment_status":"open","ping_status":"closed","template":"","meta":{"_acf_changed":false,"_improvement_type_select":"improve_an_existing","_thumb_yes_seoaic":false,"_frame_yes_seoaic":false,"seoaic_generate_description":"","seoaic_improve_instructions_prompt":"","seoaic_rollback_content_improvement":"","seoaic_idea_thumbnail_generator":"","thumbnail_generated":false,"thumbnail_generate_prompt":"","seoaic_article_description":"","_supplier_stock_quantity":0},"product_brand":[],"product_model":[],"product_cat":[9308],"product_tag":[],"industry-terminology":[],"class_list":{"0":"post-57464","1":"product","2":"type-product","3":"status-publish","4":"has-post-thumbnail","6":"product_cat-flat-bmx-ja-dh-polkimet","8":"first","9":"outofstock","10":"taxable","11":"shipping-taxable","12":"product-type-simple"},"acf":{"bike_features":null,"overview":{"copy_overview":null,"key_features":null,"statement":"","youtube_url":""}},"yoast_head":"<!-- This site is optimized with the Yoast SEO plugin v27.4 - https:\/\/yoast.com\/product\/yoast-seo-wordpress\/ -->\n<title>Poljin Flat MTB PD-GR500 Musta - VM Sport<\/title>\n<meta name=\"robots\" content=\"index, follow, max-snippet:-1, max-image-preview:large, max-video-preview:-1\" \/>\n<link rel=\"canonical\" href=\"https:\/\/vmsport.fi\/sv\/webbutik\/reservdelar\/pedaler\/platta-bmx-och-dh-pedaler\/poljin-flat-mtb-pd-gr500-svart\/\" \/>\n<meta property=\"og:locale\" content=\"sv_SE\" \/>\n<meta property=\"og:type\" content=\"article\" \/>\n<meta property=\"og:title\" content=\"Poljin Flat MTB PD-GR500 Musta - VM Sport\" \/>\n<meta property=\"og:description\" content=\"Poljin Flat MTB PD-GR500 Musta on korkealaatuinen Shimano-tuote, joka on suunniteltu erityisesti maastopy\u00f6r\u00e4ilyyn. T\u00e4m\u00e4 kevyt ja kest\u00e4v\u00e4 poljin tarjoaa tukevan pidon, joka mahdollistaa turvallisen ajokokemuksen my\u00f6s vaativissa maastoissa. Sen tyylik\u00e4s musta v\u00e4ri tekee siit\u00e4 n\u00e4ytt\u00e4v\u00e4n lis\u00e4n mihin tahansa py\u00f6r\u00e4\u00e4n. Poljin on monipuolinen ja sopii sek\u00e4 vaativille reiteille ett\u00e4 rentoon ajoon, tarjoten aina luotettavaa suorituskyky\u00e4. [...]L\u00e4s mer \u2026 from Poljin Flat MTB PD-GR500 Musta\" \/>\n<meta property=\"og:url\" content=\"https:\/\/vmsport.fi\/sv\/webbutik\/reservdelar\/pedaler\/platta-bmx-och-dh-pedaler\/poljin-flat-mtb-pd-gr500-svart\/\" \/>\n<meta property=\"og:site_name\" content=\"VM Sport\" \/>\n<meta property=\"article:publisher\" content=\"https:\/\/www.facebook.com\/Vmsport.fi\/\" \/>\n<meta property=\"article:modified_time\" content=\"2026-04-22T12:09:49+00:00\" \/>\n<meta property=\"og:image\" content=\"https:\/\/vmsport.fi\/wp-content\/uploads\/2025\/03\/bcWAyS7kKZ1Phk34tXJpyOS18q1jUHGbqaS4iFvkwozfHUdQZs-1.jpg\" \/>\n\t<meta property=\"og:image:width\" content=\"600\" \/>\n\t<meta property=\"og:image:height\" content=\"600\" \/>\n\t<meta property=\"og:image:type\" content=\"image\/jpeg\" \/>\n<meta name=\"twitter:card\" content=\"summary_large_image\" \/>\n<script type=\"application\/ld+json\" class=\"yoast-schema-graph\">{\"@context\":\"https:\\\/\\\/schema.org\",\"@graph\":[{\"@type\":[\"WebPage\",\"ItemPage\"],\"@id\":\"https:\\\/\\\/vmsport.fi\\\/verkkokauppa\\\/varaosat\\\/polkimet\\\/flat-bmx-ja-dh-polkimet\\\/poljin-flat-mtb-pd-gr500-musta\\\/\",\"url\":\"https:\\\/\\\/vmsport.fi\\\/verkkokauppa\\\/varaosat\\\/polkimet\\\/flat-bmx-ja-dh-polkimet\\\/poljin-flat-mtb-pd-gr500-musta\\\/\",\"name\":\"Poljin Flat MTB PD-GR500 Musta - VM Sport\",\"isPartOf\":{\"@id\":\"https:\\\/\\\/vmsport.fi\\\/#website\"},\"primaryImageOfPage\":{\"@id\":\"https:\\\/\\\/vmsport.fi\\\/verkkokauppa\\\/varaosat\\\/polkimet\\\/flat-bmx-ja-dh-polkimet\\\/poljin-flat-mtb-pd-gr500-musta\\\/#primaryimage\"},\"image\":{\"@id\":\"https:\\\/\\\/vmsport.fi\\\/verkkokauppa\\\/varaosat\\\/polkimet\\\/flat-bmx-ja-dh-polkimet\\\/poljin-flat-mtb-pd-gr500-musta\\\/#primaryimage\"},\"thumbnailUrl\":\"https:\\\/\\\/vmsport.fi\\\/wp-content\\\/uploads\\\/2025\\\/03\\\/bcWAyS7kKZ1Phk34tXJpyOS18q1jUHGbqaS4iFvkwozfHUdQZs-1.jpg\",\"datePublished\":\"2025-03-05T22:32:38+00:00\",\"dateModified\":\"2026-04-22T12:09:49+00:00\",\"breadcrumb\":{\"@id\":\"https:\\\/\\\/vmsport.fi\\\/verkkokauppa\\\/varaosat\\\/polkimet\\\/flat-bmx-ja-dh-polkimet\\\/poljin-flat-mtb-pd-gr500-musta\\\/#breadcrumb\"},\"inLanguage\":\"sv-SE\",\"potentialAction\":[{\"@type\":\"ReadAction\",\"target\":[\"https:\\\/\\\/vmsport.fi\\\/verkkokauppa\\\/varaosat\\\/polkimet\\\/flat-bmx-ja-dh-polkimet\\\/poljin-flat-mtb-pd-gr500-musta\\\/\"]}]},{\"@type\":\"ImageObject\",\"inLanguage\":\"sv-SE\",\"@id\":\"https:\\\/\\\/vmsport.fi\\\/verkkokauppa\\\/varaosat\\\/polkimet\\\/flat-bmx-ja-dh-polkimet\\\/poljin-flat-mtb-pd-gr500-musta\\\/#primaryimage\",\"url\":\"https:\\\/\\\/vmsport.fi\\\/wp-content\\\/uploads\\\/2025\\\/03\\\/bcWAyS7kKZ1Phk34tXJpyOS18q1jUHGbqaS4iFvkwozfHUdQZs-1.jpg\",\"contentUrl\":\"https:\\\/\\\/vmsport.fi\\\/wp-content\\\/uploads\\\/2025\\\/03\\\/bcWAyS7kKZ1Phk34tXJpyOS18q1jUHGbqaS4iFvkwozfHUdQZs-1.jpg\",\"width\":600,\"height\":600,\"caption\":\"bcWAyS7kKZ1Phk34tXJpyOS18q1jUHGbqaS4iFvkwozfHUdQZs\"},{\"@type\":\"BreadcrumbList\",\"@id\":\"https:\\\/\\\/vmsport.fi\\\/verkkokauppa\\\/varaosat\\\/polkimet\\\/flat-bmx-ja-dh-polkimet\\\/poljin-flat-mtb-pd-gr500-musta\\\/#breadcrumb\",\"itemListElement\":[{\"@type\":\"ListItem\",\"position\":1,\"name\":\"Etusivu\",\"item\":\"https:\\\/\\\/vmsport.fi\\\/\"},{\"@type\":\"ListItem\",\"position\":2,\"name\":\"Online Store\",\"item\":\"https:\\\/\\\/vmsport.fi\\\/en\\\/online-store\\\/\"},{\"@type\":\"ListItem\",\"position\":3,\"name\":\"Poljin Flat MTB PD-GR500 Musta\"}]},{\"@type\":\"WebSite\",\"@id\":\"https:\\\/\\\/vmsport.fi\\\/#website\",\"url\":\"https:\\\/\\\/vmsport.fi\\\/\",\"name\":\"Vmsport\",\"description\":\"Kaikki py\u00f6r\u00e4ilyyn yhdest\u00e4 paikasta\",\"publisher\":{\"@id\":\"https:\\\/\\\/vmsport.fi\\\/#organization\"},\"potentialAction\":[{\"@type\":\"SearchAction\",\"target\":{\"@type\":\"EntryPoint\",\"urlTemplate\":\"https:\\\/\\\/vmsport.fi\\\/?s={search_term_string}\"},\"query-input\":{\"@type\":\"PropertyValueSpecification\",\"valueRequired\":true,\"valueName\":\"search_term_string\"}}],\"inLanguage\":\"sv-SE\"},{\"@type\":\"Organization\",\"@id\":\"https:\\\/\\\/vmsport.fi\\\/#organization\",\"name\":\"Vmsport\",\"url\":\"https:\\\/\\\/vmsport.fi\\\/\",\"logo\":{\"@type\":\"ImageObject\",\"inLanguage\":\"sv-SE\",\"@id\":\"https:\\\/\\\/vmsport.fi\\\/#\\\/schema\\\/logo\\\/image\\\/\",\"url\":\"https:\\\/\\\/vmsport.fi\\\/wp-content\\\/uploads\\\/2024\\\/12\\\/vm_sport_RGB_horisontal-e1734526017575.png\",\"contentUrl\":\"https:\\\/\\\/vmsport.fi\\\/wp-content\\\/uploads\\\/2024\\\/12\\\/vm_sport_RGB_horisontal-e1734526017575.png\",\"width\":668,\"height\":85,\"caption\":\"Vmsport\"},\"image\":{\"@id\":\"https:\\\/\\\/vmsport.fi\\\/#\\\/schema\\\/logo\\\/image\\\/\"},\"sameAs\":[\"https:\\\/\\\/www.facebook.com\\\/Vmsport.fi\\\/\",\"https:\\\/\\\/www.instagram.com\\\/vmsport\\\/\"]}]}<\/script>\n<!-- \/ Yoast SEO plugin. -->","yoast_head_json":{"title":"Pedal Flat MTB PD-GR500 Svart - VM Sport","robots":{"index":"index","follow":"follow","max-snippet":"max-snippet:-1","max-image-preview":"max-image-preview:large","max-video-preview":"max-video-preview:-1"},"canonical":"https:\/\/vmsport.fi\/sv\/webbutik\/reservdelar\/pedaler\/platta-bmx-och-dh-pedaler\/poljin-flat-mtb-pd-gr500-svart\/","og_locale":"sv_SE","og_type":"article","og_title":"Poljin Flat MTB PD-GR500 Musta - VM Sport","og_description":"Poljin Flat MTB PD-GR500 Musta on korkealaatuinen Shimano-tuote, joka on suunniteltu erityisesti maastopy\u00f6r\u00e4ilyyn. T\u00e4m\u00e4 kevyt ja kest\u00e4v\u00e4 poljin tarjoaa tukevan pidon, joka mahdollistaa turvallisen ajokokemuksen my\u00f6s vaativissa maastoissa. Sen tyylik\u00e4s musta v\u00e4ri tekee siit\u00e4 n\u00e4ytt\u00e4v\u00e4n lis\u00e4n mihin tahansa py\u00f6r\u00e4\u00e4n. Poljin on monipuolinen ja sopii sek\u00e4 vaativille reiteille ett\u00e4 rentoon ajoon, tarjoten aina luotettavaa suorituskyky\u00e4. [...]L\u00e4s mer \u2026 from Poljin Flat MTB PD-GR500 Musta","og_url":"https:\/\/vmsport.fi\/sv\/webbutik\/reservdelar\/pedaler\/platta-bmx-och-dh-pedaler\/poljin-flat-mtb-pd-gr500-svart\/","og_site_name":"VM Sport","article_publisher":"https:\/\/www.facebook.com\/Vmsport.fi\/","article_modified_time":"2026-04-22T12:09:49+00:00","og_image":[{"width":600,"height":600,"url":"https:\/\/vmsport.fi\/wp-content\/uploads\/2025\/03\/bcWAyS7kKZ1Phk34tXJpyOS18q1jUHGbqaS4iFvkwozfHUdQZs-1.jpg","type":"image\/jpeg"}],"twitter_card":"summary_large_image","schema":{"@context":"https:\/\/schema.org","@graph":[{"@type":["WebPage","ItemPage"],"@id":"https:\/\/vmsport.fi\/verkkokauppa\/varaosat\/polkimet\/flat-bmx-ja-dh-polkimet\/poljin-flat-mtb-pd-gr500-musta\/","url":"https:\/\/vmsport.fi\/verkkokauppa\/varaosat\/polkimet\/flat-bmx-ja-dh-polkimet\/poljin-flat-mtb-pd-gr500-musta\/","name":"Pedal Flat MTB PD-GR500 Svart - VM Sport","isPartOf":{"@id":"https:\/\/vmsport.fi\/#website"},"primaryImageOfPage":{"@id":"https:\/\/vmsport.fi\/verkkokauppa\/varaosat\/polkimet\/flat-bmx-ja-dh-polkimet\/poljin-flat-mtb-pd-gr500-musta\/#primaryimage"},"image":{"@id":"https:\/\/vmsport.fi\/verkkokauppa\/varaosat\/polkimet\/flat-bmx-ja-dh-polkimet\/poljin-flat-mtb-pd-gr500-musta\/#primaryimage"},"thumbnailUrl":"https:\/\/vmsport.fi\/wp-content\/uploads\/2025\/03\/bcWAyS7kKZ1Phk34tXJpyOS18q1jUHGbqaS4iFvkwozfHUdQZs-1.jpg","datePublished":"2025-03-05T22:32:38+00:00","dateModified":"2026-04-22T12:09:49+00:00","breadcrumb":{"@id":"https:\/\/vmsport.fi\/verkkokauppa\/varaosat\/polkimet\/flat-bmx-ja-dh-polkimet\/poljin-flat-mtb-pd-gr500-musta\/#breadcrumb"},"inLanguage":"sv-SE","potentialAction":[{"@type":"ReadAction","target":["https:\/\/vmsport.fi\/verkkokauppa\/varaosat\/polkimet\/flat-bmx-ja-dh-polkimet\/poljin-flat-mtb-pd-gr500-musta\/"]}]},{"@type":"ImageObject","inLanguage":"sv-SE","@id":"https:\/\/vmsport.fi\/verkkokauppa\/varaosat\/polkimet\/flat-bmx-ja-dh-polkimet\/poljin-flat-mtb-pd-gr500-musta\/#primaryimage","url":"https:\/\/vmsport.fi\/wp-content\/uploads\/2025\/03\/bcWAyS7kKZ1Phk34tXJpyOS18q1jUHGbqaS4iFvkwozfHUdQZs-1.jpg","contentUrl":"https:\/\/vmsport.fi\/wp-content\/uploads\/2025\/03\/bcWAyS7kKZ1Phk34tXJpyOS18q1jUHGbqaS4iFvkwozfHUdQZs-1.jpg","width":600,"height":600,"caption":"bcWAyS7kKZ1Phk34tXJpyOS18q1jUHGbqaS4iFvkwozfHUdQZs"},{"@type":"BreadcrumbList","@id":"https:\/\/vmsport.fi\/verkkokauppa\/varaosat\/polkimet\/flat-bmx-ja-dh-polkimet\/poljin-flat-mtb-pd-gr500-musta\/#breadcrumb","itemListElement":[{"@type":"ListItem","position":1,"name":"Etusivu","item":"https:\/\/vmsport.fi\/"},{"@type":"ListItem","position":2,"name":"Online Store","item":"https:\/\/vmsport.fi\/en\/online-store\/"},{"@type":"ListItem","position":3,"name":"Poljin Flat MTB PD-GR500 Musta"}]},{"@type":"WebSite","@id":"https:\/\/vmsport.fi\/#website","url":"https:\/\/vmsport.fi\/","name":"Vmsport","description":"Allt p\u00e5 ett st\u00e4lle f\u00f6r cykling","publisher":{"@id":"https:\/\/vmsport.fi\/#organization"},"potentialAction":[{"@type":"SearchAction","target":{"@type":"EntryPoint","urlTemplate":"https:\/\/vmsport.fi\/?s={search_term_string}"},"query-input":{"@type":"PropertyValueSpecification","valueRequired":true,"valueName":"search_term_string"}}],"inLanguage":"sv-SE"},{"@type":"Organization","@id":"https:\/\/vmsport.fi\/#organization","name":"Vmsport","url":"https:\/\/vmsport.fi\/","logo":{"@type":"ImageObject","inLanguage":"sv-SE","@id":"https:\/\/vmsport.fi\/#\/schema\/logo\/image\/","url":"https:\/\/vmsport.fi\/wp-content\/uploads\/2024\/12\/vm_sport_RGB_horisontal-e1734526017575.png","contentUrl":"https:\/\/vmsport.fi\/wp-content\/uploads\/2024\/12\/vm_sport_RGB_horisontal-e1734526017575.png","width":668,"height":85,"caption":"Vmsport"},"image":{"@id":"https:\/\/vmsport.fi\/#\/schema\/logo\/image\/"},"sameAs":["https:\/\/www.facebook.com\/Vmsport.fi\/","https:\/\/www.instagram.com\/vmsport\/"]}]}},"global_unique_id":"","_links":{"self":[{"href":"https:\/\/vmsport.fi\/sv\/wp-json\/wp\/v2\/product\/57464","targetHints":{"allow":["GET"]}}],"collection":[{"href":"https:\/\/vmsport.fi\/sv\/wp-json\/wp\/v2\/product"}],"about":[{"href":"https:\/\/vmsport.fi\/sv\/wp-json\/wp\/v2\/types\/product"}],"replies":[{"embeddable":true,"href":"https:\/\/vmsport.fi\/sv\/wp-json\/wp\/v2\/comments?post=57464"}],"wp:featuredmedia":[{"embeddable":true,"href":"https:\/\/vmsport.fi\/sv\/wp-json\/wp\/v2\/media\/57463"}],"wp:attachment":[{"href":"https:\/\/vmsport.fi\/sv\/wp-json\/wp\/v2\/media?parent=57464"}],"wp:term":[{"taxonomy":"product_brand","embeddable":true,"href":"https:\/\/vmsport.fi\/sv\/wp-json\/wp\/v2\/product_brand?post=57464"},{"taxonomy":"product_model","embeddable":true,"href":"https:\/\/vmsport.fi\/sv\/wp-json\/wp\/v2\/product_model?post=57464"},{"taxonomy":"product_cat","embeddable":true,"href":"https:\/\/vmsport.fi\/sv\/wp-json\/wp\/v2\/product_cat?post=57464"},{"taxonomy":"product_tag","embeddable":true,"href":"https:\/\/vmsport.fi\/sv\/wp-json\/wp\/v2\/product_tag?post=57464"},{"taxonomy":"industry_terminology","embeddable":true,"href":"https:\/\/vmsport.fi\/sv\/wp-json\/wp\/v2\/industry-terminology?post=57464"}],"curies":[{"name":"wp","href":"https:\/\/api.w.org\/{rel}","templated":true}]}}