{"id":57462,"date":"2025-03-06T00:32:37","date_gmt":"2025-03-05T22:32:37","guid":{"rendered":"https:\/\/vmsport.fi\/verkkokauppa\/Ei-luokiteltu\/scott-speedster-gravel-40-eq-bike\/"},"modified":"2026-04-02T13:56:00","modified_gmt":"2026-04-02T10:56:00","slug":"scott-speedster-gravel-40-eq-cykel","status":"publish","type":"product","link":"https:\/\/vmsport.fi\/sv\/verkkokauppa\/polkupyorat\/maantie-ja-gravel\/gravel-pyorat\/scott-speedster-gravel-40-eq-bike\/","title":{"rendered":"SCOTT SPEEDSTER GRAVEL 40 EQ CYKEL"},"content":{"rendered":"<p>SCOTT Speedster Gravel 40 EQ erbjuder m\u00e5ngsidighet och komfort f\u00f6r \u00e4ventyrslystna cyklister som vill utforska de mindre trafikerade v\u00e4garna. Cykeln har en h\u00f6gkvalitativ 6061 aluminiumram utformad f\u00f6r bekv\u00e4ma, l\u00e5nga turer, med alla kablar g\u00f6mda inuti f\u00f6r ett rent utseende. Shimano Tiagra-drivlinan med 20 v\u00e4xlar ger smidiga v\u00e4xlingar \u00e4ven under kr\u00e4vande terr\u00e4ngf\u00f6rh\u00e5llanden.<\/p>\n<p> Mekaniska skivbromsar och 160 mm-skivor ger tillf\u00f6rlitlig bromskraft, vilket g\u00f6r cykeln till ett utm\u00e4rkt val f\u00f6r terr\u00e4ngk\u00f6rning och m\u00e5ngsidig anv\u00e4ndning. Syncros Race 24 Disc-hjul och Schwalbe G-One Bite Performance-d\u00e4ck (700x40C) ger b\u00e5de h\u00e5llbarhet och bra grepp p\u00e5 alla typer av underlag.<\/p>\n<p> Ergonomiska detaljer som Syncros Creston 2.0 X-styret och Syncros Tofino-sadeln tar k\u00f6rkomforten till en ny niv\u00e5. Cykeln v\u00e4ger endast ca 11,2 kg och har en maximal lastkapacitet p\u00e5 120 kg, vilket g\u00f6r den till det perfekta valet f\u00f6r dig som v\u00e4rdes\u00e4tter h\u00e5llbarhet och prestanda.<\/p>\n<p> SCOTT Speedster Gravel 40 EQ i gr\u00e5tt kommer att charma dig med sitt snygga utseende och sina praktiska funktioner, som kombinerar effektivitet och k\u00f6rkomfort f\u00f6r alla cykelentusiaster.<\/p>","protected":false},"excerpt":{"rendered":"<p>SCOTT Speedster Gravel 40 EQ -py\u00f6r\u00e4 tarjoaa monipuolisuutta ja mukavuutta seikkailunhaluisille ajajille, jotka haluavat tutkia v\u00e4hemm\u00e4n kuljettuja reittej\u00e4. Py\u00f6r\u00e4ss\u00e4 on laadukas 6061-alumiinirunko, joka on suunniteltu mukaviin ja pitkiin ajomatkoihin, ja sen sis\u00e4lle on piilotettu kaikki vaijerit, mik\u00e4 takaa siistin ulkon\u00e4\u00f6n. Shimano Tiagra -voimansiirto, jossa on 20 vaihdetta, mahdollistaa sujuvat vaihdot jopa vaativissa maasto-olosuhteissa. Mekaaniset levyjarrut [&#8230;]<\/p>\n<p><a class=\"btn btn-secondary understrap-read-more-link\" href=\"https:\/\/vmsport.fi\/sv\/verkkokauppa\/polkupyorat\/maantie-ja-gravel\/gravel-pyorat\/scott-speedster-gravel-40-eq-bike\/\">L\u00e4s mer \u2026<span class=\"screen-reader-text\"> from SCOTT SPEEDSTER GRAVEL 40 EQ BIKE<\/span><\/a><\/p>\n","protected":false},"featured_media":57461,"comment_status":"open","ping_status":"closed","template":"","meta":{"_acf_changed":false,"_improvement_type_select":"improve_an_existing","_thumb_yes_seoaic":false,"_frame_yes_seoaic":false,"seoaic_generate_description":"","seoaic_improve_instructions_prompt":"","seoaic_rollback_content_improvement":"","seoaic_idea_thumbnail_generator":"","thumbnail_generated":false,"thumbnail_generate_prompt":"","seoaic_article_description":"","_supplier_stock_quantity":0},"product_brand":[38],"product_model":[],"product_cat":[9422],"product_tag":[],"industry-terminology":[],"class_list":{"0":"post-57462","1":"product","2":"type-product","3":"status-publish","4":"has-post-thumbnail","6":"product_brand-scott","7":"product_cat-gravel-pyorat","9":"first","10":"instock","11":"sale","12":"taxable","13":"shipping-taxable","14":"purchasable","15":"product-type-variable"},"acf":{"bike_features":null,"overview":{"copy_overview":null,"key_features":null,"statement":"","youtube_url":""}},"yoast_head":"<!-- This site is optimized with the Yoast SEO plugin v27.3 - https:\/\/yoast.com\/product\/yoast-seo-wordpress\/ -->\n<title>SCOTT SPEEDSTER GRAVEL 40 EQ BIKE - VM Sport<\/title>\n<meta name=\"robots\" content=\"index, follow, max-snippet:-1, max-image-preview:large, max-video-preview:-1\" \/>\n<link rel=\"canonical\" href=\"https:\/\/vmsport.fi\/sv\/webbutik\/cyklar\/vag-och-grus\/grus-pyorat\/scott-speedster-gravel-40-eq-cykel\/\" \/>\n<meta property=\"og:locale\" content=\"sv_SE\" \/>\n<meta property=\"og:type\" content=\"article\" \/>\n<meta property=\"og:title\" content=\"SCOTT SPEEDSTER GRAVEL 40 EQ BIKE - VM Sport\" \/>\n<meta property=\"og:description\" content=\"SCOTT Speedster Gravel 40 EQ -py\u00f6r\u00e4 tarjoaa monipuolisuutta ja mukavuutta seikkailunhaluisille ajajille, jotka haluavat tutkia v\u00e4hemm\u00e4n kuljettuja reittej\u00e4. Py\u00f6r\u00e4ss\u00e4 on laadukas 6061-alumiinirunko, joka on suunniteltu mukaviin ja pitkiin ajomatkoihin, ja sen sis\u00e4lle on piilotettu kaikki vaijerit, mik\u00e4 takaa siistin ulkon\u00e4\u00f6n. Shimano Tiagra -voimansiirto, jossa on 20 vaihdetta, mahdollistaa sujuvat vaihdot jopa vaativissa maasto-olosuhteissa. Mekaaniset levyjarrut [...]L\u00e4s mer \u2026 from SCOTT SPEEDSTER GRAVEL 40 EQ BIKE\" \/>\n<meta property=\"og:url\" content=\"https:\/\/vmsport.fi\/sv\/webbutik\/cyklar\/vag-och-grus\/grus-pyorat\/scott-speedster-gravel-40-eq-cykel\/\" \/>\n<meta property=\"og:site_name\" content=\"VM Sport\" \/>\n<meta property=\"article:publisher\" content=\"https:\/\/www.facebook.com\/Vmsport.fi\/\" \/>\n<meta property=\"article:modified_time\" content=\"2026-04-02T10:56:00+00:00\" \/>\n<meta property=\"og:image\" content=\"https:\/\/vmsport.fi\/wp-content\/uploads\/2025\/03\/290524-1.png\" \/>\n\t<meta property=\"og:image:width\" content=\"1000\" \/>\n\t<meta property=\"og:image:height\" content=\"1000\" \/>\n\t<meta property=\"og:image:type\" content=\"image\/png\" \/>\n<meta name=\"twitter:card\" content=\"summary_large_image\" \/>\n<meta name=\"twitter:label1\" content=\"Ber\u00e4knad l\u00e4stid\" \/>\n\t<meta name=\"twitter:data1\" content=\"1 minut\" \/>\n<script type=\"application\/ld+json\" class=\"yoast-schema-graph\">{\"@context\":\"https:\\\/\\\/schema.org\",\"@graph\":[{\"@type\":[\"WebPage\",\"ItemPage\"],\"@id\":\"https:\\\/\\\/vmsport.fi\\\/verkkokauppa\\\/polkupyorat\\\/maantie-ja-gravel\\\/gravel-pyorat\\\/scott-speedster-gravel-40-eq-bike\\\/\",\"url\":\"https:\\\/\\\/vmsport.fi\\\/verkkokauppa\\\/polkupyorat\\\/maantie-ja-gravel\\\/gravel-pyorat\\\/scott-speedster-gravel-40-eq-bike\\\/\",\"name\":\"SCOTT SPEEDSTER GRAVEL 40 EQ BIKE - VM Sport\",\"isPartOf\":{\"@id\":\"https:\\\/\\\/vmsport.fi\\\/#website\"},\"primaryImageOfPage\":{\"@id\":\"https:\\\/\\\/vmsport.fi\\\/verkkokauppa\\\/polkupyorat\\\/maantie-ja-gravel\\\/gravel-pyorat\\\/scott-speedster-gravel-40-eq-bike\\\/#primaryimage\"},\"image\":{\"@id\":\"https:\\\/\\\/vmsport.fi\\\/verkkokauppa\\\/polkupyorat\\\/maantie-ja-gravel\\\/gravel-pyorat\\\/scott-speedster-gravel-40-eq-bike\\\/#primaryimage\"},\"thumbnailUrl\":\"https:\\\/\\\/vmsport.fi\\\/wp-content\\\/uploads\\\/2025\\\/03\\\/290524-1.png\",\"datePublished\":\"2025-03-05T22:32:37+00:00\",\"dateModified\":\"2026-04-02T10:56:00+00:00\",\"breadcrumb\":{\"@id\":\"https:\\\/\\\/vmsport.fi\\\/verkkokauppa\\\/polkupyorat\\\/maantie-ja-gravel\\\/gravel-pyorat\\\/scott-speedster-gravel-40-eq-bike\\\/#breadcrumb\"},\"inLanguage\":\"sv-SE\",\"potentialAction\":[{\"@type\":\"ReadAction\",\"target\":[\"https:\\\/\\\/vmsport.fi\\\/verkkokauppa\\\/polkupyorat\\\/maantie-ja-gravel\\\/gravel-pyorat\\\/scott-speedster-gravel-40-eq-bike\\\/\"]}]},{\"@type\":\"ImageObject\",\"inLanguage\":\"sv-SE\",\"@id\":\"https:\\\/\\\/vmsport.fi\\\/verkkokauppa\\\/polkupyorat\\\/maantie-ja-gravel\\\/gravel-pyorat\\\/scott-speedster-gravel-40-eq-bike\\\/#primaryimage\",\"url\":\"https:\\\/\\\/vmsport.fi\\\/wp-content\\\/uploads\\\/2025\\\/03\\\/290524-1.png\",\"contentUrl\":\"https:\\\/\\\/vmsport.fi\\\/wp-content\\\/uploads\\\/2025\\\/03\\\/290524-1.png\",\"width\":1000,\"height\":1000,\"caption\":\"290524\"},{\"@type\":\"BreadcrumbList\",\"@id\":\"https:\\\/\\\/vmsport.fi\\\/verkkokauppa\\\/polkupyorat\\\/maantie-ja-gravel\\\/gravel-pyorat\\\/scott-speedster-gravel-40-eq-bike\\\/#breadcrumb\",\"itemListElement\":[{\"@type\":\"ListItem\",\"position\":1,\"name\":\"Etusivu\",\"item\":\"https:\\\/\\\/vmsport.fi\\\/\"},{\"@type\":\"ListItem\",\"position\":2,\"name\":\"Online Store\",\"item\":\"https:\\\/\\\/vmsport.fi\\\/en\\\/online-store\\\/\"},{\"@type\":\"ListItem\",\"position\":3,\"name\":\"Scott\",\"item\":\"https:\\\/\\\/vmsport.fi\\\/merkki\\\/scott\\\/\"},{\"@type\":\"ListItem\",\"position\":4,\"name\":\"SCOTT SPEEDSTER GRAVEL 40 EQ BIKE\"}]},{\"@type\":\"WebSite\",\"@id\":\"https:\\\/\\\/vmsport.fi\\\/#website\",\"url\":\"https:\\\/\\\/vmsport.fi\\\/\",\"name\":\"Vmsport\",\"description\":\"Kaikki py\u00f6r\u00e4ilyyn yhdest\u00e4 paikasta\",\"publisher\":{\"@id\":\"https:\\\/\\\/vmsport.fi\\\/#organization\"},\"potentialAction\":[{\"@type\":\"SearchAction\",\"target\":{\"@type\":\"EntryPoint\",\"urlTemplate\":\"https:\\\/\\\/vmsport.fi\\\/?s={search_term_string}\"},\"query-input\":{\"@type\":\"PropertyValueSpecification\",\"valueRequired\":true,\"valueName\":\"search_term_string\"}}],\"inLanguage\":\"sv-SE\"},{\"@type\":\"Organization\",\"@id\":\"https:\\\/\\\/vmsport.fi\\\/#organization\",\"name\":\"Vmsport\",\"url\":\"https:\\\/\\\/vmsport.fi\\\/\",\"logo\":{\"@type\":\"ImageObject\",\"inLanguage\":\"sv-SE\",\"@id\":\"https:\\\/\\\/vmsport.fi\\\/#\\\/schema\\\/logo\\\/image\\\/\",\"url\":\"https:\\\/\\\/vmsport.fi\\\/wp-content\\\/uploads\\\/2024\\\/12\\\/vm_sport_RGB_horisontal-e1734526017575.png\",\"contentUrl\":\"https:\\\/\\\/vmsport.fi\\\/wp-content\\\/uploads\\\/2024\\\/12\\\/vm_sport_RGB_horisontal-e1734526017575.png\",\"width\":668,\"height\":85,\"caption\":\"Vmsport\"},\"image\":{\"@id\":\"https:\\\/\\\/vmsport.fi\\\/#\\\/schema\\\/logo\\\/image\\\/\"},\"sameAs\":[\"https:\\\/\\\/www.facebook.com\\\/Vmsport.fi\\\/\",\"https:\\\/\\\/www.instagram.com\\\/vmsport\\\/\"]}]}<\/script>\n<!-- \/ Yoast SEO plugin. -->","yoast_head_json":{"title":"SCOTT SPEEDSTER GRAVEL 40 EQ Cykel - VM Sport","robots":{"index":"index","follow":"follow","max-snippet":"max-snippet:-1","max-image-preview":"max-image-preview:large","max-video-preview":"max-video-preview:-1"},"canonical":"https:\/\/vmsport.fi\/sv\/webbutik\/cyklar\/vag-och-grus\/grus-pyorat\/scott-speedster-gravel-40-eq-cykel\/","og_locale":"sv_SE","og_type":"article","og_title":"SCOTT SPEEDSTER GRAVEL 40 EQ BIKE - VM Sport","og_description":"SCOTT Speedster Gravel 40 EQ -py\u00f6r\u00e4 tarjoaa monipuolisuutta ja mukavuutta seikkailunhaluisille ajajille, jotka haluavat tutkia v\u00e4hemm\u00e4n kuljettuja reittej\u00e4. Py\u00f6r\u00e4ss\u00e4 on laadukas 6061-alumiinirunko, joka on suunniteltu mukaviin ja pitkiin ajomatkoihin, ja sen sis\u00e4lle on piilotettu kaikki vaijerit, mik\u00e4 takaa siistin ulkon\u00e4\u00f6n. Shimano Tiagra -voimansiirto, jossa on 20 vaihdetta, mahdollistaa sujuvat vaihdot jopa vaativissa maasto-olosuhteissa. Mekaaniset levyjarrut [...]L\u00e4s mer \u2026 from SCOTT SPEEDSTER GRAVEL 40 EQ BIKE","og_url":"https:\/\/vmsport.fi\/sv\/webbutik\/cyklar\/vag-och-grus\/grus-pyorat\/scott-speedster-gravel-40-eq-cykel\/","og_site_name":"VM Sport","article_publisher":"https:\/\/www.facebook.com\/Vmsport.fi\/","article_modified_time":"2026-04-02T10:56:00+00:00","og_image":[{"width":1000,"height":1000,"url":"https:\/\/vmsport.fi\/wp-content\/uploads\/2025\/03\/290524-1.png","type":"image\/png"}],"twitter_card":"summary_large_image","twitter_misc":{"Ber\u00e4knad l\u00e4stid":"1 minut"},"schema":{"@context":"https:\/\/schema.org","@graph":[{"@type":["WebPage","ItemPage"],"@id":"https:\/\/vmsport.fi\/verkkokauppa\/polkupyorat\/maantie-ja-gravel\/gravel-pyorat\/scott-speedster-gravel-40-eq-bike\/","url":"https:\/\/vmsport.fi\/verkkokauppa\/polkupyorat\/maantie-ja-gravel\/gravel-pyorat\/scott-speedster-gravel-40-eq-bike\/","name":"SCOTT SPEEDSTER GRAVEL 40 EQ Cykel - VM Sport","isPartOf":{"@id":"https:\/\/vmsport.fi\/#website"},"primaryImageOfPage":{"@id":"https:\/\/vmsport.fi\/verkkokauppa\/polkupyorat\/maantie-ja-gravel\/gravel-pyorat\/scott-speedster-gravel-40-eq-bike\/#primaryimage"},"image":{"@id":"https:\/\/vmsport.fi\/verkkokauppa\/polkupyorat\/maantie-ja-gravel\/gravel-pyorat\/scott-speedster-gravel-40-eq-bike\/#primaryimage"},"thumbnailUrl":"https:\/\/vmsport.fi\/wp-content\/uploads\/2025\/03\/290524-1.png","datePublished":"2025-03-05T22:32:37+00:00","dateModified":"2026-04-02T10:56:00+00:00","breadcrumb":{"@id":"https:\/\/vmsport.fi\/verkkokauppa\/polkupyorat\/maantie-ja-gravel\/gravel-pyorat\/scott-speedster-gravel-40-eq-bike\/#breadcrumb"},"inLanguage":"sv-SE","potentialAction":[{"@type":"ReadAction","target":["https:\/\/vmsport.fi\/verkkokauppa\/polkupyorat\/maantie-ja-gravel\/gravel-pyorat\/scott-speedster-gravel-40-eq-bike\/"]}]},{"@type":"ImageObject","inLanguage":"sv-SE","@id":"https:\/\/vmsport.fi\/verkkokauppa\/polkupyorat\/maantie-ja-gravel\/gravel-pyorat\/scott-speedster-gravel-40-eq-bike\/#primaryimage","url":"https:\/\/vmsport.fi\/wp-content\/uploads\/2025\/03\/290524-1.png","contentUrl":"https:\/\/vmsport.fi\/wp-content\/uploads\/2025\/03\/290524-1.png","width":1000,"height":1000,"caption":"290524"},{"@type":"BreadcrumbList","@id":"https:\/\/vmsport.fi\/verkkokauppa\/polkupyorat\/maantie-ja-gravel\/gravel-pyorat\/scott-speedster-gravel-40-eq-bike\/#breadcrumb","itemListElement":[{"@type":"ListItem","position":1,"name":"Etusivu","item":"https:\/\/vmsport.fi\/"},{"@type":"ListItem","position":2,"name":"Online Store","item":"https:\/\/vmsport.fi\/en\/online-store\/"},{"@type":"ListItem","position":3,"name":"Scott","item":"https:\/\/vmsport.fi\/merkki\/scott\/"},{"@type":"ListItem","position":4,"name":"SCOTT SPEEDSTER GRAVEL 40 EQ BIKE"}]},{"@type":"WebSite","@id":"https:\/\/vmsport.fi\/#website","url":"https:\/\/vmsport.fi\/","name":"Vmsport","description":"Allt p\u00e5 ett st\u00e4lle f\u00f6r cykling","publisher":{"@id":"https:\/\/vmsport.fi\/#organization"},"potentialAction":[{"@type":"SearchAction","target":{"@type":"EntryPoint","urlTemplate":"https:\/\/vmsport.fi\/?s={search_term_string}"},"query-input":{"@type":"PropertyValueSpecification","valueRequired":true,"valueName":"search_term_string"}}],"inLanguage":"sv-SE"},{"@type":"Organization","@id":"https:\/\/vmsport.fi\/#organization","name":"Vmsport","url":"https:\/\/vmsport.fi\/","logo":{"@type":"ImageObject","inLanguage":"sv-SE","@id":"https:\/\/vmsport.fi\/#\/schema\/logo\/image\/","url":"https:\/\/vmsport.fi\/wp-content\/uploads\/2024\/12\/vm_sport_RGB_horisontal-e1734526017575.png","contentUrl":"https:\/\/vmsport.fi\/wp-content\/uploads\/2024\/12\/vm_sport_RGB_horisontal-e1734526017575.png","width":668,"height":85,"caption":"Vmsport"},"image":{"@id":"https:\/\/vmsport.fi\/#\/schema\/logo\/image\/"},"sameAs":["https:\/\/www.facebook.com\/Vmsport.fi\/","https:\/\/www.instagram.com\/vmsport\/"]}]}},"global_unique_id":"","_links":{"self":[{"href":"https:\/\/vmsport.fi\/sv\/wp-json\/wp\/v2\/product\/57462","targetHints":{"allow":["GET"]}}],"collection":[{"href":"https:\/\/vmsport.fi\/sv\/wp-json\/wp\/v2\/product"}],"about":[{"href":"https:\/\/vmsport.fi\/sv\/wp-json\/wp\/v2\/types\/product"}],"replies":[{"embeddable":true,"href":"https:\/\/vmsport.fi\/sv\/wp-json\/wp\/v2\/comments?post=57462"}],"wp:featuredmedia":[{"embeddable":true,"href":"https:\/\/vmsport.fi\/sv\/wp-json\/wp\/v2\/media\/57461"}],"wp:attachment":[{"href":"https:\/\/vmsport.fi\/sv\/wp-json\/wp\/v2\/media?parent=57462"}],"wp:term":[{"taxonomy":"product_brand","embeddable":true,"href":"https:\/\/vmsport.fi\/sv\/wp-json\/wp\/v2\/product_brand?post=57462"},{"taxonomy":"product_model","embeddable":true,"href":"https:\/\/vmsport.fi\/sv\/wp-json\/wp\/v2\/product_model?post=57462"},{"taxonomy":"product_cat","embeddable":true,"href":"https:\/\/vmsport.fi\/sv\/wp-json\/wp\/v2\/product_cat?post=57462"},{"taxonomy":"product_tag","embeddable":true,"href":"https:\/\/vmsport.fi\/sv\/wp-json\/wp\/v2\/product_tag?post=57462"},{"taxonomy":"industry_terminology","embeddable":true,"href":"https:\/\/vmsport.fi\/sv\/wp-json\/wp\/v2\/industry-terminology?post=57462"}],"curies":[{"name":"wp","href":"https:\/\/api.w.org\/{rel}","templated":true}]}}